{"id":963,"date":"2016-12-27T09:26:19","date_gmt":"2016-12-27T09:26:19","guid":{"rendered":"http:\/\/rovinjhr.lin53.host25.com\/?page_id=963"},"modified":"2021-09-30T12:59:04","modified_gmt":"2021-09-30T10:59:04","slug":"inspekcijski-nadzor-nad-izgradnjom","status":"publish","type":"page","link":"https:\/\/www.rovinj-rovigno.hr\/it\/hrvatski-prostorno-uredenje-gradnja-i-okolis\/hrvatski-izdavanje-akata-za-gradnju\/hrvatski-inspekcijski-nadzor-nad-izgradnjom\/","title":{"rendered":"Ispezione di controllo dei lavori di costruzione"},"content":{"rendered":"<p>L&#8217;ispezione di controllo dei lavori di costruzioni \u00e8 regolamentata dalla Legge sull&#8217;ispettorato edile (GU numero 153\/13).<\/p>\n<p>Le attivit\u00e0 di ispezione dei lavori di costruzione vengono svolti dall&#8217;ispettorato edile, ma eccezionalmente quando si tratta di edifici e interventi pi\u00f9 semplici come ad es. la demolizione di un rudere, la rimozione di danneggiamenti di facciate e tetti di edifici esistenti i quali non sono costruzioni portanti, demolizione di costruzioni, la coordinazione dell&#8217;attuazione e la rimozione dell&#8217;intervento nello spazio che non \u00e8 costruzione, il completamento dell&#8217;aspetto esteriore dell&#8217;edificio e l&#8217;esposizione del certificato energetico, la nuova Legge sull&#8217;edilizia (GU num. 153\/13) ha trasferito le competenze alla guardia comunale.<\/p>\n<p>Qualora la procedura di ispezione dovesse riscontrare delle violazioni di legge e\/o di regolamenti, verr\u00e0 avviato un procedimento amministrativo e ordinata l&#8217;applicazione delle misure necessarie.<\/p>\n<p>Le attivit\u00e0 di ispezione vengono svolte, in base alla Legge sull&#8217;ispettorato edile, dall&#8217;ispettore edile del ministero competente per le attivit\u00e0 edilizie e l&#8217;assetto territoriale. Per il territorio della Citt\u00e0 di Rovinj-Rovigno, ovvero per la Regione Istriana, la competenza \u00e8 del:<\/p>\n<p><strong>MINISTARSTVO GRADITELJSTVA I PROSTORNOG URE\u0110ENJA &#8211; MINISTERO DELL&#8217;EDILIZIA E DELL&#8217;ASSETTO TERRITORIALE<br \/>\nUprava za inspekcijske poslove &#8211; Direzione per l&#8217;ispezione<br \/>\nPodru\u010dna jedinica u Pazinu\u00a0 -Sede di Pisino &#8211; Odjel Istarske \u017eupanije &#8211; Sezione della Regione Istriana<\/strong><br \/>\nINDIRIZZO: 52 000 PAZIN-PISINO, Prolaz \u2013 Passaggio di Fran Matej\u010di\u0107 8<br \/>\nTel: 052\/ 616-927<br \/>\nFax: 052\/ 616-925<br \/>\nE-mail: <a href=\"mailto:gradjevinska.inspekcija@mgipu.hr\">gradjevinska.inspekcija@mgipu.hr<\/a><\/p>","protected":false},"excerpt":{"rendered":"<p>L&#8217;ispezione di controllo dei lavori di costruzioni \u00e8 regolamentata dalla Legge sull&#8217;ispettorato edile (GU numero 153\/13). Le attivit\u00e0 di ispezione dei lavori di costruzione vengono svolti dall&#8217;ispettorato edile, ma eccezionalmente quando si tratta di edifici e interventi pi\u00f9 semplici come ad es. la demolizione di un rudere, la rimozione di danneggiamenti di facciate e tetti [&hellip;]<\/p>\n","protected":false},"author":2,"featured_media":0,"parent":521,"menu_order":44,"comment_status":"closed","ping_status":"closed","template":"","meta":[],"yoast_head":"<!-- This site is optimized with the Yoast SEO plugin v21.8.1 - https:\/\/yoast.com\/wordpress\/plugins\/seo\/ -->\n<title>Ispezione di controllo dei lavori di costruzione - Citta di Rovinj-Rovigno<\/title>\n<meta name=\"robots\" content=\"index, follow, max-snippet:-1, max-image-preview:large, max-video-preview:-1\" \/>\n<link rel=\"canonical\" href=\"https:\/\/www.rovinj-rovigno.hr\/prostorno-uredenje-gradnja-i-okolis\/izdavanje-akata-za-gradnju\/inspekcijski-nadzor-nad-izgradnjom\/\" \/>\n<meta property=\"og:locale\" content=\"it_IT\" \/>\n<meta property=\"og:type\" content=\"article\" \/>\n<meta property=\"og:title\" content=\"Ispezione di controllo dei lavori di costruzione - Citta di Rovinj-Rovigno\" \/>\n<meta property=\"og:description\" content=\"L&#8217;ispezione di controllo dei lavori di costruzioni \u00e8 regolamentata dalla Legge sull&#8217;ispettorato edile (GU numero 153\/13). Le attivit\u00e0 di ispezione dei lavori di costruzione vengono svolti dall&#8217;ispettorato edile, ma eccezionalmente quando si tratta di edifici e interventi pi\u00f9 semplici come ad es. la demolizione di un rudere, la rimozione di danneggiamenti di facciate e tetti [&hellip;]\" \/>\n<meta property=\"og:url\" content=\"https:\/\/www.rovinj-rovigno.hr\/prostorno-uredenje-gradnja-i-okolis\/izdavanje-akata-za-gradnju\/inspekcijski-nadzor-nad-izgradnjom\/\" \/>\n<meta property=\"og:site_name\" content=\"Citta di Rovinj-Rovigno\" \/>\n<meta property=\"article:modified_time\" content=\"2021-09-30T10:59:04+00:00\" \/>\n<meta name=\"twitter:card\" content=\"summary_large_image\" \/>\n<meta name=\"twitter:label1\" content=\"Tempo di lettura stimato\" \/>\n\t<meta name=\"twitter:data1\" content=\"2 minuti\" \/>\n<script type=\"application\/ld+json\" class=\"yoast-schema-graph\">{\"@context\":\"https:\/\/schema.org\",\"@graph\":[{\"@type\":\"WebPage\",\"@id\":\"https:\/\/www.rovinj-rovigno.hr\/prostorno-uredenje-gradnja-i-okolis\/izdavanje-akata-za-gradnju\/inspekcijski-nadzor-nad-izgradnjom\/\",\"url\":\"https:\/\/www.rovinj-rovigno.hr\/prostorno-uredenje-gradnja-i-okolis\/izdavanje-akata-za-gradnju\/inspekcijski-nadzor-nad-izgradnjom\/\",\"name\":\"Ispezione di controllo dei lavori di costruzione - Citta di Rovinj-Rovigno\",\"isPartOf\":{\"@id\":\"https:\/\/www.rovinj-rovigno.hr\/#website\"},\"datePublished\":\"2016-12-27T09:26:19+00:00\",\"dateModified\":\"2021-09-30T10:59:04+00:00\",\"breadcrumb\":{\"@id\":\"https:\/\/www.rovinj-rovigno.hr\/prostorno-uredenje-gradnja-i-okolis\/izdavanje-akata-za-gradnju\/inspekcijski-nadzor-nad-izgradnjom\/#breadcrumb\"},\"inLanguage\":\"it-IT\",\"potentialAction\":[{\"@type\":\"ReadAction\",\"target\":[\"https:\/\/www.rovinj-rovigno.hr\/prostorno-uredenje-gradnja-i-okolis\/izdavanje-akata-za-gradnju\/inspekcijski-nadzor-nad-izgradnjom\/\"]}]},{\"@type\":\"BreadcrumbList\",\"@id\":\"https:\/\/www.rovinj-rovigno.hr\/prostorno-uredenje-gradnja-i-okolis\/izdavanje-akata-za-gradnju\/inspekcijski-nadzor-nad-izgradnjom\/#breadcrumb\",\"itemListElement\":[{\"@type\":\"ListItem\",\"position\":1,\"name\":\"Po\u010detna stranica\",\"item\":\"https:\/\/www.rovinj-rovigno.hr\/\"},{\"@type\":\"ListItem\",\"position\":2,\"name\":\"Prostorno ure\u0111enje, gradnja i okoli\u0161\",\"item\":\"https:\/\/www.rovinj-rovigno.hr\/prostorno-uredenje-gradnja-i-okolis\/\"},{\"@type\":\"ListItem\",\"position\":3,\"name\":\"Izdavanje akata za gradnju\",\"item\":\"https:\/\/www.rovinj-rovigno.hr\/prostorno-uredenje-gradnja-i-okolis\/izdavanje-akata-za-gradnju\/\"},{\"@type\":\"ListItem\",\"position\":4,\"name\":\"Inspekcijski nadzor nad izgradnjom\"}]},{\"@type\":\"WebSite\",\"@id\":\"https:\/\/www.rovinj-rovigno.hr\/#website\",\"url\":\"https:\/\/www.rovinj-rovigno.hr\/\",\"name\":\"Citta di Rovinj-Rovigno\",\"description\":\"Sito ufficiale della Citta di Rovinj-Rovigno\",\"potentialAction\":[{\"@type\":\"SearchAction\",\"target\":{\"@type\":\"EntryPoint\",\"urlTemplate\":\"https:\/\/www.rovinj-rovigno.hr\/?s={search_term_string}\"},\"query-input\":\"required name=search_term_string\"}],\"inLanguage\":\"it-IT\"}]}<\/script>\n<!-- \/ Yoast SEO plugin. -->","yoast_head_json":{"title":"Ispezione di controllo dei lavori di costruzione - Citta di Rovinj-Rovigno","robots":{"index":"index","follow":"follow","max-snippet":"max-snippet:-1","max-image-preview":"max-image-preview:large","max-video-preview":"max-video-preview:-1"},"canonical":"https:\/\/www.rovinj-rovigno.hr\/prostorno-uredenje-gradnja-i-okolis\/izdavanje-akata-za-gradnju\/inspekcijski-nadzor-nad-izgradnjom\/","og_locale":"it_IT","og_type":"article","og_title":"Ispezione di controllo dei lavori di costruzione - Citta di Rovinj-Rovigno","og_description":"L&#8217;ispezione di controllo dei lavori di costruzioni \u00e8 regolamentata dalla Legge sull&#8217;ispettorato edile (GU numero 153\/13). Le attivit\u00e0 di ispezione dei lavori di costruzione vengono svolti dall&#8217;ispettorato edile, ma eccezionalmente quando si tratta di edifici e interventi pi\u00f9 semplici come ad es. la demolizione di un rudere, la rimozione di danneggiamenti di facciate e tetti [&hellip;]","og_url":"https:\/\/www.rovinj-rovigno.hr\/prostorno-uredenje-gradnja-i-okolis\/izdavanje-akata-za-gradnju\/inspekcijski-nadzor-nad-izgradnjom\/","og_site_name":"Citta di Rovinj-Rovigno","article_modified_time":"2021-09-30T10:59:04+00:00","twitter_card":"summary_large_image","twitter_misc":{"Tempo di lettura stimato":"2 minuti"},"schema":{"@context":"https:\/\/schema.org","@graph":[{"@type":"WebPage","@id":"https:\/\/www.rovinj-rovigno.hr\/prostorno-uredenje-gradnja-i-okolis\/izdavanje-akata-za-gradnju\/inspekcijski-nadzor-nad-izgradnjom\/","url":"https:\/\/www.rovinj-rovigno.hr\/prostorno-uredenje-gradnja-i-okolis\/izdavanje-akata-za-gradnju\/inspekcijski-nadzor-nad-izgradnjom\/","name":"Ispezione di controllo dei lavori di costruzione - Citta di Rovinj-Rovigno","isPartOf":{"@id":"https:\/\/www.rovinj-rovigno.hr\/#website"},"datePublished":"2016-12-27T09:26:19+00:00","dateModified":"2021-09-30T10:59:04+00:00","breadcrumb":{"@id":"https:\/\/www.rovinj-rovigno.hr\/prostorno-uredenje-gradnja-i-okolis\/izdavanje-akata-za-gradnju\/inspekcijski-nadzor-nad-izgradnjom\/#breadcrumb"},"inLanguage":"it-IT","potentialAction":[{"@type":"ReadAction","target":["https:\/\/www.rovinj-rovigno.hr\/prostorno-uredenje-gradnja-i-okolis\/izdavanje-akata-za-gradnju\/inspekcijski-nadzor-nad-izgradnjom\/"]}]},{"@type":"BreadcrumbList","@id":"https:\/\/www.rovinj-rovigno.hr\/prostorno-uredenje-gradnja-i-okolis\/izdavanje-akata-za-gradnju\/inspekcijski-nadzor-nad-izgradnjom\/#breadcrumb","itemListElement":[{"@type":"ListItem","position":1,"name":"Po\u010detna stranica","item":"https:\/\/www.rovinj-rovigno.hr\/"},{"@type":"ListItem","position":2,"name":"Prostorno ure\u0111enje, gradnja i okoli\u0161","item":"https:\/\/www.rovinj-rovigno.hr\/prostorno-uredenje-gradnja-i-okolis\/"},{"@type":"ListItem","position":3,"name":"Izdavanje akata za gradnju","item":"https:\/\/www.rovinj-rovigno.hr\/prostorno-uredenje-gradnja-i-okolis\/izdavanje-akata-za-gradnju\/"},{"@type":"ListItem","position":4,"name":"Inspekcijski nadzor nad izgradnjom"}]},{"@type":"WebSite","@id":"https:\/\/www.rovinj-rovigno.hr\/#website","url":"https:\/\/www.rovinj-rovigno.hr\/","name":"Citta di Rovinj-Rovigno","description":"Sito ufficiale della Citta di Rovinj-Rovigno","potentialAction":[{"@type":"SearchAction","target":{"@type":"EntryPoint","urlTemplate":"https:\/\/www.rovinj-rovigno.hr\/?s={search_term_string}"},"query-input":"required name=search_term_string"}],"inLanguage":"it-IT"}]}},"_links":{"self":[{"href":"https:\/\/www.rovinj-rovigno.hr\/it\/wp-json\/wp\/v2\/pages\/963"}],"collection":[{"href":"https:\/\/www.rovinj-rovigno.hr\/it\/wp-json\/wp\/v2\/pages"}],"about":[{"href":"https:\/\/www.rovinj-rovigno.hr\/it\/wp-json\/wp\/v2\/types\/page"}],"author":[{"embeddable":true,"href":"https:\/\/www.rovinj-rovigno.hr\/it\/wp-json\/wp\/v2\/users\/2"}],"replies":[{"embeddable":true,"href":"https:\/\/www.rovinj-rovigno.hr\/it\/wp-json\/wp\/v2\/comments?post=963"}],"version-history":[{"count":0,"href":"https:\/\/www.rovinj-rovigno.hr\/it\/wp-json\/wp\/v2\/pages\/963\/revisions"}],"up":[{"embeddable":true,"href":"https:\/\/www.rovinj-rovigno.hr\/it\/wp-json\/wp\/v2\/pages\/521"}],"wp:attachment":[{"href":"https:\/\/www.rovinj-rovigno.hr\/it\/wp-json\/wp\/v2\/media?parent=963"}],"curies":[{"name":"wp","href":"https:\/\/api.w.org\/{rel}","templated":true}]}}