{"id":951,"date":"2016-12-27T09:21:36","date_gmt":"2016-12-27T09:21:36","guid":{"rendered":"http:\/\/rovinjhr.lin53.host25.com\/?page_id=951"},"modified":"2017-02-08T09:31:47","modified_gmt":"2017-02-08T09:31:47","slug":"prilagodba-gradevine-osobe-s-invadilitetom","status":"publish","type":"page","link":"https:\/\/www.rovinj-rovigno.hr\/it\/hrvatski-prostorno-uredenje-gradnja-i-okolis\/hrvatski-izdavanje-akata-za-gradnju\/hrvatski-prilagodba-gradevine-za-osobe-s-invadilitetom\/","title":{"rendered":"Adattamento delle strutture per le persone disabili"},"content":{"rendered":"<p>Per consentire un accesso e un passaggio indisturbato a persone disabili, per le scale, i corridoi e gli altri vani di accesso all&#8217;edificio e all&#8217;interno dello stesso, nonch\u00e9 nelle aree pubbliche, se gli interventi di adattamento non vanno ad intaccare la funzionalit\u00e0 e la finalit\u00e0 dell&#8217;edificio, ovvero se ci\u00f2 non influisce sul rispetto delle condizioni rilevanti per l&#8217;edificio, non \u00e8 necessario ottenere la licenza edilizia e nemmeno il progetto principale.<\/p>\n<p>Nella progettazione e nella costruzione ed esecuzione dei lavori, l&#8217;investitore, l&#8217;architetto e l&#8217;esecutore hanno il dovere di rispettare tutti i regolamenti di specie che si riferiscono alla costruzione in oggetto, e le stesse costruzioni non devono essere progettate, costruite o realizzate se ci\u00f2 viene vietato dal piano territoriale.<\/p>","protected":false},"excerpt":{"rendered":"<p>Per consentire un accesso e un passaggio indisturbato a persone disabili, per le scale, i corridoi e gli altri vani di accesso all&#8217;edificio e all&#8217;interno dello stesso, nonch\u00e9 nelle aree pubbliche, se gli interventi di adattamento non vanno ad intaccare la funzionalit\u00e0 e la finalit\u00e0 dell&#8217;edificio, ovvero se ci\u00f2 non influisce sul rispetto delle condizioni [&hellip;]<\/p>\n","protected":false},"author":2,"featured_media":0,"parent":521,"menu_order":38,"comment_status":"closed","ping_status":"closed","template":"","meta":[],"yoast_head":"<!-- This site is optimized with the Yoast SEO plugin v21.8.1 - https:\/\/yoast.com\/wordpress\/plugins\/seo\/ -->\n<title>Adattamento delle strutture per le persone disabili - Citta di Rovinj-Rovigno<\/title>\n<meta name=\"robots\" content=\"index, follow, max-snippet:-1, max-image-preview:large, max-video-preview:-1\" \/>\n<link rel=\"canonical\" href=\"https:\/\/www.rovinj-rovigno.hr\/prostorno-uredenje-gradnja-i-okolis\/izdavanje-akata-za-gradnju\/prilagodba-gradevine-za-osobe-s-invadilitetom\/\" \/>\n<meta property=\"og:locale\" content=\"it_IT\" \/>\n<meta property=\"og:type\" content=\"article\" \/>\n<meta property=\"og:title\" content=\"Adattamento delle strutture per le persone disabili - Citta di Rovinj-Rovigno\" \/>\n<meta property=\"og:description\" content=\"Per consentire un accesso e un passaggio indisturbato a persone disabili, per le scale, i corridoi e gli altri vani di accesso all&#8217;edificio e all&#8217;interno dello stesso, nonch\u00e9 nelle aree pubbliche, se gli interventi di adattamento non vanno ad intaccare la funzionalit\u00e0 e la finalit\u00e0 dell&#8217;edificio, ovvero se ci\u00f2 non influisce sul rispetto delle condizioni [&hellip;]\" \/>\n<meta property=\"og:url\" content=\"https:\/\/www.rovinj-rovigno.hr\/prostorno-uredenje-gradnja-i-okolis\/izdavanje-akata-za-gradnju\/prilagodba-gradevine-za-osobe-s-invadilitetom\/\" \/>\n<meta property=\"og:site_name\" content=\"Citta di Rovinj-Rovigno\" \/>\n<meta property=\"article:modified_time\" content=\"2017-02-08T09:31:47+00:00\" \/>\n<meta name=\"twitter:card\" content=\"summary_large_image\" \/>\n<meta name=\"twitter:label1\" content=\"Tempo di lettura stimato\" \/>\n\t<meta name=\"twitter:data1\" content=\"1 minuto\" \/>\n<script type=\"application\/ld+json\" class=\"yoast-schema-graph\">{\"@context\":\"https:\/\/schema.org\",\"@graph\":[{\"@type\":\"WebPage\",\"@id\":\"https:\/\/www.rovinj-rovigno.hr\/prostorno-uredenje-gradnja-i-okolis\/izdavanje-akata-za-gradnju\/prilagodba-gradevine-za-osobe-s-invadilitetom\/\",\"url\":\"https:\/\/www.rovinj-rovigno.hr\/prostorno-uredenje-gradnja-i-okolis\/izdavanje-akata-za-gradnju\/prilagodba-gradevine-za-osobe-s-invadilitetom\/\",\"name\":\"Adattamento delle strutture per le persone disabili - Citta di Rovinj-Rovigno\",\"isPartOf\":{\"@id\":\"https:\/\/www.rovinj-rovigno.hr\/#website\"},\"datePublished\":\"2016-12-27T09:21:36+00:00\",\"dateModified\":\"2017-02-08T09:31:47+00:00\",\"breadcrumb\":{\"@id\":\"https:\/\/www.rovinj-rovigno.hr\/prostorno-uredenje-gradnja-i-okolis\/izdavanje-akata-za-gradnju\/prilagodba-gradevine-za-osobe-s-invadilitetom\/#breadcrumb\"},\"inLanguage\":\"it-IT\",\"potentialAction\":[{\"@type\":\"ReadAction\",\"target\":[\"https:\/\/www.rovinj-rovigno.hr\/prostorno-uredenje-gradnja-i-okolis\/izdavanje-akata-za-gradnju\/prilagodba-gradevine-za-osobe-s-invadilitetom\/\"]}]},{\"@type\":\"BreadcrumbList\",\"@id\":\"https:\/\/www.rovinj-rovigno.hr\/prostorno-uredenje-gradnja-i-okolis\/izdavanje-akata-za-gradnju\/prilagodba-gradevine-za-osobe-s-invadilitetom\/#breadcrumb\",\"itemListElement\":[{\"@type\":\"ListItem\",\"position\":1,\"name\":\"Po\u010detna stranica\",\"item\":\"https:\/\/www.rovinj-rovigno.hr\/\"},{\"@type\":\"ListItem\",\"position\":2,\"name\":\"Prostorno ure\u0111enje, gradnja i okoli\u0161\",\"item\":\"https:\/\/www.rovinj-rovigno.hr\/prostorno-uredenje-gradnja-i-okolis\/\"},{\"@type\":\"ListItem\",\"position\":3,\"name\":\"Izdavanje akata za gradnju\",\"item\":\"https:\/\/www.rovinj-rovigno.hr\/prostorno-uredenje-gradnja-i-okolis\/izdavanje-akata-za-gradnju\/\"},{\"@type\":\"ListItem\",\"position\":4,\"name\":\"Prilagodba gra\u0111evine za osobe s invadilitetom\"}]},{\"@type\":\"WebSite\",\"@id\":\"https:\/\/www.rovinj-rovigno.hr\/#website\",\"url\":\"https:\/\/www.rovinj-rovigno.hr\/\",\"name\":\"Citta di Rovinj-Rovigno\",\"description\":\"Sito ufficiale della Citta di Rovinj-Rovigno\",\"potentialAction\":[{\"@type\":\"SearchAction\",\"target\":{\"@type\":\"EntryPoint\",\"urlTemplate\":\"https:\/\/www.rovinj-rovigno.hr\/?s={search_term_string}\"},\"query-input\":\"required name=search_term_string\"}],\"inLanguage\":\"it-IT\"}]}<\/script>\n<!-- \/ Yoast SEO plugin. -->","yoast_head_json":{"title":"Adattamento delle strutture per le persone disabili - Citta di Rovinj-Rovigno","robots":{"index":"index","follow":"follow","max-snippet":"max-snippet:-1","max-image-preview":"max-image-preview:large","max-video-preview":"max-video-preview:-1"},"canonical":"https:\/\/www.rovinj-rovigno.hr\/prostorno-uredenje-gradnja-i-okolis\/izdavanje-akata-za-gradnju\/prilagodba-gradevine-za-osobe-s-invadilitetom\/","og_locale":"it_IT","og_type":"article","og_title":"Adattamento delle strutture per le persone disabili - Citta di Rovinj-Rovigno","og_description":"Per consentire un accesso e un passaggio indisturbato a persone disabili, per le scale, i corridoi e gli altri vani di accesso all&#8217;edificio e all&#8217;interno dello stesso, nonch\u00e9 nelle aree pubbliche, se gli interventi di adattamento non vanno ad intaccare la funzionalit\u00e0 e la finalit\u00e0 dell&#8217;edificio, ovvero se ci\u00f2 non influisce sul rispetto delle condizioni [&hellip;]","og_url":"https:\/\/www.rovinj-rovigno.hr\/prostorno-uredenje-gradnja-i-okolis\/izdavanje-akata-za-gradnju\/prilagodba-gradevine-za-osobe-s-invadilitetom\/","og_site_name":"Citta di Rovinj-Rovigno","article_modified_time":"2017-02-08T09:31:47+00:00","twitter_card":"summary_large_image","twitter_misc":{"Tempo di lettura stimato":"1 minuto"},"schema":{"@context":"https:\/\/schema.org","@graph":[{"@type":"WebPage","@id":"https:\/\/www.rovinj-rovigno.hr\/prostorno-uredenje-gradnja-i-okolis\/izdavanje-akata-za-gradnju\/prilagodba-gradevine-za-osobe-s-invadilitetom\/","url":"https:\/\/www.rovinj-rovigno.hr\/prostorno-uredenje-gradnja-i-okolis\/izdavanje-akata-za-gradnju\/prilagodba-gradevine-za-osobe-s-invadilitetom\/","name":"Adattamento delle strutture per le persone disabili - Citta di Rovinj-Rovigno","isPartOf":{"@id":"https:\/\/www.rovinj-rovigno.hr\/#website"},"datePublished":"2016-12-27T09:21:36+00:00","dateModified":"2017-02-08T09:31:47+00:00","breadcrumb":{"@id":"https:\/\/www.rovinj-rovigno.hr\/prostorno-uredenje-gradnja-i-okolis\/izdavanje-akata-za-gradnju\/prilagodba-gradevine-za-osobe-s-invadilitetom\/#breadcrumb"},"inLanguage":"it-IT","potentialAction":[{"@type":"ReadAction","target":["https:\/\/www.rovinj-rovigno.hr\/prostorno-uredenje-gradnja-i-okolis\/izdavanje-akata-za-gradnju\/prilagodba-gradevine-za-osobe-s-invadilitetom\/"]}]},{"@type":"BreadcrumbList","@id":"https:\/\/www.rovinj-rovigno.hr\/prostorno-uredenje-gradnja-i-okolis\/izdavanje-akata-za-gradnju\/prilagodba-gradevine-za-osobe-s-invadilitetom\/#breadcrumb","itemListElement":[{"@type":"ListItem","position":1,"name":"Po\u010detna stranica","item":"https:\/\/www.rovinj-rovigno.hr\/"},{"@type":"ListItem","position":2,"name":"Prostorno ure\u0111enje, gradnja i okoli\u0161","item":"https:\/\/www.rovinj-rovigno.hr\/prostorno-uredenje-gradnja-i-okolis\/"},{"@type":"ListItem","position":3,"name":"Izdavanje akata za gradnju","item":"https:\/\/www.rovinj-rovigno.hr\/prostorno-uredenje-gradnja-i-okolis\/izdavanje-akata-za-gradnju\/"},{"@type":"ListItem","position":4,"name":"Prilagodba gra\u0111evine za osobe s invadilitetom"}]},{"@type":"WebSite","@id":"https:\/\/www.rovinj-rovigno.hr\/#website","url":"https:\/\/www.rovinj-rovigno.hr\/","name":"Citta di Rovinj-Rovigno","description":"Sito ufficiale della Citta di Rovinj-Rovigno","potentialAction":[{"@type":"SearchAction","target":{"@type":"EntryPoint","urlTemplate":"https:\/\/www.rovinj-rovigno.hr\/?s={search_term_string}"},"query-input":"required name=search_term_string"}],"inLanguage":"it-IT"}]}},"_links":{"self":[{"href":"https:\/\/www.rovinj-rovigno.hr\/it\/wp-json\/wp\/v2\/pages\/951"}],"collection":[{"href":"https:\/\/www.rovinj-rovigno.hr\/it\/wp-json\/wp\/v2\/pages"}],"about":[{"href":"https:\/\/www.rovinj-rovigno.hr\/it\/wp-json\/wp\/v2\/types\/page"}],"author":[{"embeddable":true,"href":"https:\/\/www.rovinj-rovigno.hr\/it\/wp-json\/wp\/v2\/users\/2"}],"replies":[{"embeddable":true,"href":"https:\/\/www.rovinj-rovigno.hr\/it\/wp-json\/wp\/v2\/comments?post=951"}],"version-history":[{"count":0,"href":"https:\/\/www.rovinj-rovigno.hr\/it\/wp-json\/wp\/v2\/pages\/951\/revisions"}],"up":[{"embeddable":true,"href":"https:\/\/www.rovinj-rovigno.hr\/it\/wp-json\/wp\/v2\/pages\/521"}],"wp:attachment":[{"href":"https:\/\/www.rovinj-rovigno.hr\/it\/wp-json\/wp\/v2\/media?parent=951"}],"curies":[{"name":"wp","href":"https:\/\/api.w.org\/{rel}","templated":true}]}}