{"id":945,"date":"2016-12-27T09:19:59","date_gmt":"2016-12-27T09:19:59","guid":{"rendered":"http:\/\/rovinjhr.lin53.host25.com\/?page_id=945"},"modified":"2017-09-17T22:56:43","modified_gmt":"2017-09-17T20:56:43","slug":"prijava-pocetka-gradenja-iskolcenje-oznacavanje-gradilista","status":"publish","type":"page","link":"https:\/\/www.rovinj-rovigno.hr\/it\/hrvatski-prostorno-uredenje-gradnja-i-okolis\/hrvatski-izdavanje-akata-za-gradnju\/hrvatski-prijava-pocetka-gradenja-iskolcenje-i-oznacavanje-gradilista\/","title":{"rendered":"Notifica dell&#8217;inizio dei lavori, picchettamento e marcatura del cantiere"},"content":{"rendered":"<p>Prima dell&#8217;inizio dei lavori, l&#8217;investitore ha il dovere di:<\/p>\n<ul>\n<li>in base al progetto geodetico quale parte integrante del progetto principale, <strong>formare la particella edificabile nel catasto fondiario<\/strong> e provvedere al <strong>picchettamento della costruzione<\/strong>. Il progetto geodetico deve essere redatto da un ingegnere geodeta autorizzato e deve presentare la posizione di una o pi\u00f9 costruzioni sulla particella edificabile nonch\u00e9 la forma e la grandezza della particella edificabile,<\/li>\n<li>risolvere le questioni giuridico-patrimoniali nel caso in cui non le avesse risolte prima dell&#8217;ottenimento della licenza edilizia,<\/li>\n<li>risolvere la questione dell&#8217;allacciamento all&#8217;infrastruttura comunale ai sensi delle disposizioni specifiche delle aziende comunali,<\/li>\n<li>effettuare il pagamento dei contributi comunale ed idrico,<\/li>\n<li>al massimo otto giorni prima dell&#8217;inizio dei lavori, ovvero della continuazione dei lavori, deve notificare l&#8217;inizio degli stessi in forma scritta all&#8217;organo amministrativo che ha rilasciato la licenza edilizia.<\/li>\n<\/ul>\n<p><em>Notifica dell&#8217;inizio dei lavori di costruzione<\/em><\/p>\n<p>L&#8217;investitore ha il dovere di notificare l&#8217;inizio dei lavori di costruzione al massimo otto giorni prima dell&#8217;inizio dei lavori, ovvero della loro continuazione, in forma scritta all&#8217;organo amministrativo competente.<\/p>\n<p>L&#8217;investitore deve segnare nella notifica la classe, il numero di protocollo e la data del rilascio della licenza edilizia, l&#8217;esecutore dei lavori e l&#8217;ingegnere responsabile; deve allegare alla notifica anche la prova della formazione della particella edilizia nel catasto, quando si tratta di una costruzione per la quale viene determinata la particella edilizia.<\/p>\n<p>Entro cinque giorni dal ricevimento della notifica di inizio dei lavori di costruzione l&#8217;organo competente informer\u00e0 di ci\u00f2 il Ministero degli affari interni, l&#8217;ispettorato edile, l&#8217;ispettorato del lavoro, l&#8217;organo amministrativo dell&#8217;unit\u00e0 di autogoverno locale competente per la definizione del contributo comunale nonch\u00e9 l&#8217;organo competente per la definizione del contributo idrico, mentre informer\u00e0 l&#8217;ispettorato edile anche sulla completezza della notifica.<\/p>\n<p>La mancata notifica dell&#8217;inizio dei lavori di costruzione o la mancata consegna della documentazione prescritta assieme alla notifica ha come conseguenza la sospensione dei lavori intimata dall&#8217;ispettore edile ai sensi della Legge sull&#8217;ispettorato edile (Gazzetta ufficiale numero 153\/13). \u00c8 possibile notificare l&#8217;inizio dei lavori solo nel periodo di validit\u00e0 della licenza edilizia.<\/p>\n<p>Il cantiere deve essere delimitato e marcato con una tabella contenente il nome, ovv. la denominazione dell&#8217;azienda dell&#8217;investitore, il nome dell&#8217;architetto, dell&#8217;esecutore dei lavori, il nome e il tipo dell&#8217;edificio che verr\u00e0 costruito, il nome dell&#8217;organo che ha rilasciato l&#8217;atto in base al quale si procede alla costruzione, la classe e il numero di protocollo, la data di rilascio e di validit\u00e0 dell&#8217;atto.<\/p>\n<p>Se l&#8217;edificio sul quale verranno svolti i lavori risulta iscritto nel Registro dei beni culturali della Repubblica di Croazia, sulla tabella deve essere scritto anche che si tratta di un bene culturale.<\/p>","protected":false},"excerpt":{"rendered":"<p>Prima dell&#8217;inizio dei lavori, l&#8217;investitore ha il dovere di: in base al progetto geodetico quale parte integrante del progetto principale, formare la particella edificabile nel catasto fondiario e provvedere al picchettamento della costruzione. Il progetto geodetico deve essere redatto da un ingegnere geodeta autorizzato e deve presentare la posizione di una o pi\u00f9 costruzioni sulla [&hellip;]<\/p>\n","protected":false},"author":2,"featured_media":0,"parent":521,"menu_order":35,"comment_status":"closed","ping_status":"closed","template":"","meta":[],"yoast_head":"<!-- This site is optimized with the Yoast SEO plugin v21.8.1 - https:\/\/yoast.com\/wordpress\/plugins\/seo\/ -->\n<title>Notifica dell&#039;inizio dei lavori, picchettamento e marcatura del cantiere - Citta di Rovinj-Rovigno<\/title>\n<meta name=\"robots\" content=\"index, follow, max-snippet:-1, max-image-preview:large, max-video-preview:-1\" \/>\n<link rel=\"canonical\" href=\"https:\/\/www.rovinj-rovigno.hr\/it\/hrvatski-prostorno-uredenje-gradnja-i-okolis\/hrvatski-izdavanje-akata-za-gradnju\/hrvatski-prijava-pocetka-gradenja-iskolcenje-i-oznacavanje-gradilista\/\" \/>\n<meta property=\"og:locale\" content=\"it_IT\" \/>\n<meta property=\"og:type\" content=\"article\" \/>\n<meta property=\"og:title\" content=\"Notifica dell&#039;inizio dei lavori, picchettamento e marcatura del cantiere - Citta di Rovinj-Rovigno\" \/>\n<meta property=\"og:description\" content=\"Prima dell&#8217;inizio dei lavori, l&#8217;investitore ha il dovere di: in base al progetto geodetico quale parte integrante del progetto principale, formare la particella edificabile nel catasto fondiario e provvedere al picchettamento della costruzione. Il progetto geodetico deve essere redatto da un ingegnere geodeta autorizzato e deve presentare la posizione di una o pi\u00f9 costruzioni sulla [&hellip;]\" \/>\n<meta property=\"og:url\" content=\"https:\/\/www.rovinj-rovigno.hr\/it\/hrvatski-prostorno-uredenje-gradnja-i-okolis\/hrvatski-izdavanje-akata-za-gradnju\/hrvatski-prijava-pocetka-gradenja-iskolcenje-i-oznacavanje-gradilista\/\" \/>\n<meta property=\"og:site_name\" content=\"Citta di Rovinj-Rovigno\" \/>\n<meta property=\"article:modified_time\" content=\"2017-09-17T20:56:43+00:00\" \/>\n<meta name=\"twitter:card\" content=\"summary_large_image\" \/>\n<meta name=\"twitter:label1\" content=\"Tempo di lettura stimato\" \/>\n\t<meta name=\"twitter:data1\" content=\"4 minuti\" \/>\n<script type=\"application\/ld+json\" class=\"yoast-schema-graph\">{\"@context\":\"https:\/\/schema.org\",\"@graph\":[{\"@type\":\"WebPage\",\"@id\":\"https:\/\/www.rovinj-rovigno.hr\/it\/hrvatski-prostorno-uredenje-gradnja-i-okolis\/hrvatski-izdavanje-akata-za-gradnju\/hrvatski-prijava-pocetka-gradenja-iskolcenje-i-oznacavanje-gradilista\/\",\"url\":\"https:\/\/www.rovinj-rovigno.hr\/it\/hrvatski-prostorno-uredenje-gradnja-i-okolis\/hrvatski-izdavanje-akata-za-gradnju\/hrvatski-prijava-pocetka-gradenja-iskolcenje-i-oznacavanje-gradilista\/\",\"name\":\"Notifica dell'inizio dei lavori, picchettamento e marcatura del cantiere - Citta di Rovinj-Rovigno\",\"isPartOf\":{\"@id\":\"https:\/\/www.rovinj-rovigno.hr\/#website\"},\"datePublished\":\"2016-12-27T09:19:59+00:00\",\"dateModified\":\"2017-09-17T20:56:43+00:00\",\"breadcrumb\":{\"@id\":\"https:\/\/www.rovinj-rovigno.hr\/it\/hrvatski-prostorno-uredenje-gradnja-i-okolis\/hrvatski-izdavanje-akata-za-gradnju\/hrvatski-prijava-pocetka-gradenja-iskolcenje-i-oznacavanje-gradilista\/#breadcrumb\"},\"inLanguage\":\"it-IT\",\"potentialAction\":[{\"@type\":\"ReadAction\",\"target\":[\"https:\/\/www.rovinj-rovigno.hr\/it\/hrvatski-prostorno-uredenje-gradnja-i-okolis\/hrvatski-izdavanje-akata-za-gradnju\/hrvatski-prijava-pocetka-gradenja-iskolcenje-i-oznacavanje-gradilista\/\"]}]},{\"@type\":\"BreadcrumbList\",\"@id\":\"https:\/\/www.rovinj-rovigno.hr\/it\/hrvatski-prostorno-uredenje-gradnja-i-okolis\/hrvatski-izdavanje-akata-za-gradnju\/hrvatski-prijava-pocetka-gradenja-iskolcenje-i-oznacavanje-gradilista\/#breadcrumb\",\"itemListElement\":[{\"@type\":\"ListItem\",\"position\":1,\"name\":\"Po\u010detna stranica\",\"item\":\"https:\/\/www.rovinj-rovigno.hr\/\"},{\"@type\":\"ListItem\",\"position\":2,\"name\":\"Prostorno ure\u0111enje, gradnja i okoli\u0161\",\"item\":\"https:\/\/www.rovinj-rovigno.hr\/prostorno-uredenje-gradnja-i-okolis\/\"},{\"@type\":\"ListItem\",\"position\":3,\"name\":\"Izdavanje akata za gradnju\",\"item\":\"https:\/\/www.rovinj-rovigno.hr\/prostorno-uredenje-gradnja-i-okolis\/izdavanje-akata-za-gradnju\/\"},{\"@type\":\"ListItem\",\"position\":4,\"name\":\"Notifica dell&#8217;inizio dei lavori, picchettamento e marcatura del cantiere\"}]},{\"@type\":\"WebSite\",\"@id\":\"https:\/\/www.rovinj-rovigno.hr\/#website\",\"url\":\"https:\/\/www.rovinj-rovigno.hr\/\",\"name\":\"Citta di Rovinj-Rovigno\",\"description\":\"Sito ufficiale della Citta di Rovinj-Rovigno\",\"potentialAction\":[{\"@type\":\"SearchAction\",\"target\":{\"@type\":\"EntryPoint\",\"urlTemplate\":\"https:\/\/www.rovinj-rovigno.hr\/?s={search_term_string}\"},\"query-input\":\"required name=search_term_string\"}],\"inLanguage\":\"it-IT\"}]}<\/script>\n<!-- \/ Yoast SEO plugin. -->","yoast_head_json":{"title":"Notifica dell'inizio dei lavori, picchettamento e marcatura del cantiere - Citta di Rovinj-Rovigno","robots":{"index":"index","follow":"follow","max-snippet":"max-snippet:-1","max-image-preview":"max-image-preview:large","max-video-preview":"max-video-preview:-1"},"canonical":"https:\/\/www.rovinj-rovigno.hr\/it\/hrvatski-prostorno-uredenje-gradnja-i-okolis\/hrvatski-izdavanje-akata-za-gradnju\/hrvatski-prijava-pocetka-gradenja-iskolcenje-i-oznacavanje-gradilista\/","og_locale":"it_IT","og_type":"article","og_title":"Notifica dell'inizio dei lavori, picchettamento e marcatura del cantiere - Citta di Rovinj-Rovigno","og_description":"Prima dell&#8217;inizio dei lavori, l&#8217;investitore ha il dovere di: in base al progetto geodetico quale parte integrante del progetto principale, formare la particella edificabile nel catasto fondiario e provvedere al picchettamento della costruzione. Il progetto geodetico deve essere redatto da un ingegnere geodeta autorizzato e deve presentare la posizione di una o pi\u00f9 costruzioni sulla [&hellip;]","og_url":"https:\/\/www.rovinj-rovigno.hr\/it\/hrvatski-prostorno-uredenje-gradnja-i-okolis\/hrvatski-izdavanje-akata-za-gradnju\/hrvatski-prijava-pocetka-gradenja-iskolcenje-i-oznacavanje-gradilista\/","og_site_name":"Citta di Rovinj-Rovigno","article_modified_time":"2017-09-17T20:56:43+00:00","twitter_card":"summary_large_image","twitter_misc":{"Tempo di lettura stimato":"4 minuti"},"schema":{"@context":"https:\/\/schema.org","@graph":[{"@type":"WebPage","@id":"https:\/\/www.rovinj-rovigno.hr\/it\/hrvatski-prostorno-uredenje-gradnja-i-okolis\/hrvatski-izdavanje-akata-za-gradnju\/hrvatski-prijava-pocetka-gradenja-iskolcenje-i-oznacavanje-gradilista\/","url":"https:\/\/www.rovinj-rovigno.hr\/it\/hrvatski-prostorno-uredenje-gradnja-i-okolis\/hrvatski-izdavanje-akata-za-gradnju\/hrvatski-prijava-pocetka-gradenja-iskolcenje-i-oznacavanje-gradilista\/","name":"Notifica dell'inizio dei lavori, picchettamento e marcatura del cantiere - Citta di Rovinj-Rovigno","isPartOf":{"@id":"https:\/\/www.rovinj-rovigno.hr\/#website"},"datePublished":"2016-12-27T09:19:59+00:00","dateModified":"2017-09-17T20:56:43+00:00","breadcrumb":{"@id":"https:\/\/www.rovinj-rovigno.hr\/it\/hrvatski-prostorno-uredenje-gradnja-i-okolis\/hrvatski-izdavanje-akata-za-gradnju\/hrvatski-prijava-pocetka-gradenja-iskolcenje-i-oznacavanje-gradilista\/#breadcrumb"},"inLanguage":"it-IT","potentialAction":[{"@type":"ReadAction","target":["https:\/\/www.rovinj-rovigno.hr\/it\/hrvatski-prostorno-uredenje-gradnja-i-okolis\/hrvatski-izdavanje-akata-za-gradnju\/hrvatski-prijava-pocetka-gradenja-iskolcenje-i-oznacavanje-gradilista\/"]}]},{"@type":"BreadcrumbList","@id":"https:\/\/www.rovinj-rovigno.hr\/it\/hrvatski-prostorno-uredenje-gradnja-i-okolis\/hrvatski-izdavanje-akata-za-gradnju\/hrvatski-prijava-pocetka-gradenja-iskolcenje-i-oznacavanje-gradilista\/#breadcrumb","itemListElement":[{"@type":"ListItem","position":1,"name":"Po\u010detna stranica","item":"https:\/\/www.rovinj-rovigno.hr\/"},{"@type":"ListItem","position":2,"name":"Prostorno ure\u0111enje, gradnja i okoli\u0161","item":"https:\/\/www.rovinj-rovigno.hr\/prostorno-uredenje-gradnja-i-okolis\/"},{"@type":"ListItem","position":3,"name":"Izdavanje akata za gradnju","item":"https:\/\/www.rovinj-rovigno.hr\/prostorno-uredenje-gradnja-i-okolis\/izdavanje-akata-za-gradnju\/"},{"@type":"ListItem","position":4,"name":"Notifica dell&#8217;inizio dei lavori, picchettamento e marcatura del cantiere"}]},{"@type":"WebSite","@id":"https:\/\/www.rovinj-rovigno.hr\/#website","url":"https:\/\/www.rovinj-rovigno.hr\/","name":"Citta di Rovinj-Rovigno","description":"Sito ufficiale della Citta di Rovinj-Rovigno","potentialAction":[{"@type":"SearchAction","target":{"@type":"EntryPoint","urlTemplate":"https:\/\/www.rovinj-rovigno.hr\/?s={search_term_string}"},"query-input":"required name=search_term_string"}],"inLanguage":"it-IT"}]}},"_links":{"self":[{"href":"https:\/\/www.rovinj-rovigno.hr\/it\/wp-json\/wp\/v2\/pages\/945"}],"collection":[{"href":"https:\/\/www.rovinj-rovigno.hr\/it\/wp-json\/wp\/v2\/pages"}],"about":[{"href":"https:\/\/www.rovinj-rovigno.hr\/it\/wp-json\/wp\/v2\/types\/page"}],"author":[{"embeddable":true,"href":"https:\/\/www.rovinj-rovigno.hr\/it\/wp-json\/wp\/v2\/users\/2"}],"replies":[{"embeddable":true,"href":"https:\/\/www.rovinj-rovigno.hr\/it\/wp-json\/wp\/v2\/comments?post=945"}],"version-history":[{"count":0,"href":"https:\/\/www.rovinj-rovigno.hr\/it\/wp-json\/wp\/v2\/pages\/945\/revisions"}],"up":[{"embeddable":true,"href":"https:\/\/www.rovinj-rovigno.hr\/it\/wp-json\/wp\/v2\/pages\/521"}],"wp:attachment":[{"href":"https:\/\/www.rovinj-rovigno.hr\/it\/wp-json\/wp\/v2\/media?parent=945"}],"curies":[{"name":"wp","href":"https:\/\/api.w.org\/{rel}","templated":true}]}}