{"id":941,"date":"2016-12-27T09:18:27","date_gmt":"2016-12-27T09:18:27","guid":{"rendered":"http:\/\/rovinjhr.lin53.host25.com\/?page_id=941"},"modified":"2017-02-08T09:28:01","modified_gmt":"2017-02-08T09:28:01","slug":"potvrdivanje-parcelacijskog-elaborat","status":"publish","type":"page","link":"https:\/\/www.rovinj-rovigno.hr\/it\/hrvatski-prostorno-uredenje-gradnja-i-okolis\/hrvatski-izdavanje-akata-za-gradnju\/hrvatski-potvrdivanje-parcelacijskog-elaborat\/","title":{"rendered":"Conferma dell&#8217;elaborato di lottizzazione"},"content":{"rendered":"<p><em>La lottizzazione di un terreno edificabile <\/em>pu\u00f2 essere realizzata solo in conformit\u00e0 a: <em>\u00a0<\/em><\/p>\n<ol>\n<li>il permesso di ubicazione<\/li>\n<li>il decreto di determinazione della particella edificabile<\/li>\n<li>la licenza edilizia, ovvero ad altro atto in base al quale \u00e8 stato costruito l&#8217;edificio<\/li>\n<li>al piano urbanistico di assetto o al piano territoriale della zona di caratteristiche speciali il quale nella sua parte grafica prescrive la forma e la grandezza della particella edificabile, ovvero le zone di finalit\u00e0 specifiche in scala 1:1000 o 1:2000<\/li>\n<li>al piano territoriale di assetto della citt\u00e0 o del comune, e al piano urbanistico generale allo scopo di determinare i terreni i quali il proprietario ha il dovere di trasmettere in propriet\u00e0 all&#8217;unit\u00e0 di autogoverno locale ai sensi dell&#8217;art. 171 par. della Legge sull&#8217;assetto territoriale, ovvero<\/li>\n<li>al confine dell&#8217;area edificabile definita dal piano territoriale in vigore o in vigore in precedenza allo scopo di determinare la propriet\u00e0 del terreno in conformit\u00e0 alle leggi specifiche sul terreno agricolo e sulle foreste.<\/li>\n<\/ol>\n<p>La lottizzazione di terreni al di fuori dei confini dell&#8217;area edificabile al fine di aumentare le particelle edificabili nell&#8217;ambito del terreno edificabile non \u00e8 consentita.<\/p>\n<p>La lottizzazione di terreni edificabili non edificati pu\u00f2 essere effettuata, oltre che in conformit\u00e0 agli atti di seguito menzionati, anche in conformit\u00e0 a:<\/p>\n<ol>\n<li>ogni piano territoriale se il terreno si trova in un&#8217;area in cui con la Legge sull&#8217;assetto territoriale non viene prescritto l&#8217;obbligo di approvazione del piano urbanistico di assetto<\/li>\n<li>delibere di restituzione di terreni approvate in base alla Legge sul rimborso per i beni sottratti ai tempi del governo comunista jugoslavo<\/li>\n<li>sentenze giudiziali di determinazione del diritto di propriet\u00e0 sul terreno.<\/li>\n<\/ol>\n<p>La lottizzazione di terreni edificabili edificati pu\u00f2 essere eseguita anche al fine di unificare intere particelle catastali sulle quali \u00e8 stato costruito l&#8217;edificio esistente.<\/p>","protected":false},"excerpt":{"rendered":"<p>La lottizzazione di un terreno edificabile pu\u00f2 essere realizzata solo in conformit\u00e0 a: \u00a0 il permesso di ubicazione il decreto di determinazione della particella edificabile la licenza edilizia, ovvero ad altro atto in base al quale \u00e8 stato costruito l&#8217;edificio al piano urbanistico di assetto o al piano territoriale della zona di caratteristiche speciali il [&hellip;]<\/p>\n","protected":false},"author":2,"featured_media":0,"parent":521,"menu_order":33,"comment_status":"closed","ping_status":"closed","template":"","meta":[],"yoast_head":"<!-- This site is optimized with the Yoast SEO plugin v21.8.1 - https:\/\/yoast.com\/wordpress\/plugins\/seo\/ -->\n<title>Conferma dell&#039;elaborato di lottizzazione - Citta di Rovinj-Rovigno<\/title>\n<meta name=\"robots\" content=\"index, follow, max-snippet:-1, max-image-preview:large, max-video-preview:-1\" \/>\n<link rel=\"canonical\" href=\"https:\/\/www.rovinj-rovigno.hr\/prostorno-uredenje-gradnja-i-okolis\/izdavanje-akata-za-gradnju\/potvrdivanje-parcelacijskog-elaborat\/\" \/>\n<meta property=\"og:locale\" content=\"it_IT\" \/>\n<meta property=\"og:type\" content=\"article\" \/>\n<meta property=\"og:title\" content=\"Conferma dell&#039;elaborato di lottizzazione - Citta di Rovinj-Rovigno\" \/>\n<meta property=\"og:description\" content=\"La lottizzazione di un terreno edificabile pu\u00f2 essere realizzata solo in conformit\u00e0 a: \u00a0 il permesso di ubicazione il decreto di determinazione della particella edificabile la licenza edilizia, ovvero ad altro atto in base al quale \u00e8 stato costruito l&#8217;edificio al piano urbanistico di assetto o al piano territoriale della zona di caratteristiche speciali il [&hellip;]\" \/>\n<meta property=\"og:url\" content=\"https:\/\/www.rovinj-rovigno.hr\/prostorno-uredenje-gradnja-i-okolis\/izdavanje-akata-za-gradnju\/potvrdivanje-parcelacijskog-elaborat\/\" \/>\n<meta property=\"og:site_name\" content=\"Citta di Rovinj-Rovigno\" \/>\n<meta property=\"article:modified_time\" content=\"2017-02-08T09:28:01+00:00\" \/>\n<meta name=\"twitter:card\" content=\"summary_large_image\" \/>\n<meta name=\"twitter:label1\" content=\"Tempo di lettura stimato\" \/>\n\t<meta name=\"twitter:data1\" content=\"3 minuti\" \/>\n<script type=\"application\/ld+json\" class=\"yoast-schema-graph\">{\"@context\":\"https:\/\/schema.org\",\"@graph\":[{\"@type\":\"WebPage\",\"@id\":\"https:\/\/www.rovinj-rovigno.hr\/prostorno-uredenje-gradnja-i-okolis\/izdavanje-akata-za-gradnju\/potvrdivanje-parcelacijskog-elaborat\/\",\"url\":\"https:\/\/www.rovinj-rovigno.hr\/prostorno-uredenje-gradnja-i-okolis\/izdavanje-akata-za-gradnju\/potvrdivanje-parcelacijskog-elaborat\/\",\"name\":\"Conferma dell'elaborato di lottizzazione - Citta di Rovinj-Rovigno\",\"isPartOf\":{\"@id\":\"https:\/\/www.rovinj-rovigno.hr\/#website\"},\"datePublished\":\"2016-12-27T09:18:27+00:00\",\"dateModified\":\"2017-02-08T09:28:01+00:00\",\"breadcrumb\":{\"@id\":\"https:\/\/www.rovinj-rovigno.hr\/prostorno-uredenje-gradnja-i-okolis\/izdavanje-akata-za-gradnju\/potvrdivanje-parcelacijskog-elaborat\/#breadcrumb\"},\"inLanguage\":\"it-IT\",\"potentialAction\":[{\"@type\":\"ReadAction\",\"target\":[\"https:\/\/www.rovinj-rovigno.hr\/prostorno-uredenje-gradnja-i-okolis\/izdavanje-akata-za-gradnju\/potvrdivanje-parcelacijskog-elaborat\/\"]}]},{\"@type\":\"BreadcrumbList\",\"@id\":\"https:\/\/www.rovinj-rovigno.hr\/prostorno-uredenje-gradnja-i-okolis\/izdavanje-akata-za-gradnju\/potvrdivanje-parcelacijskog-elaborat\/#breadcrumb\",\"itemListElement\":[{\"@type\":\"ListItem\",\"position\":1,\"name\":\"Po\u010detna stranica\",\"item\":\"https:\/\/www.rovinj-rovigno.hr\/\"},{\"@type\":\"ListItem\",\"position\":2,\"name\":\"Prostorno ure\u0111enje, gradnja i okoli\u0161\",\"item\":\"https:\/\/www.rovinj-rovigno.hr\/prostorno-uredenje-gradnja-i-okolis\/\"},{\"@type\":\"ListItem\",\"position\":3,\"name\":\"Izdavanje akata za gradnju\",\"item\":\"https:\/\/www.rovinj-rovigno.hr\/prostorno-uredenje-gradnja-i-okolis\/izdavanje-akata-za-gradnju\/\"},{\"@type\":\"ListItem\",\"position\":4,\"name\":\"Potvr\u0111ivanje parcelacijskog elaborata\"}]},{\"@type\":\"WebSite\",\"@id\":\"https:\/\/www.rovinj-rovigno.hr\/#website\",\"url\":\"https:\/\/www.rovinj-rovigno.hr\/\",\"name\":\"Citta di Rovinj-Rovigno\",\"description\":\"Sito ufficiale della Citta di Rovinj-Rovigno\",\"potentialAction\":[{\"@type\":\"SearchAction\",\"target\":{\"@type\":\"EntryPoint\",\"urlTemplate\":\"https:\/\/www.rovinj-rovigno.hr\/?s={search_term_string}\"},\"query-input\":\"required name=search_term_string\"}],\"inLanguage\":\"it-IT\"}]}<\/script>\n<!-- \/ Yoast SEO plugin. -->","yoast_head_json":{"title":"Conferma dell'elaborato di lottizzazione - Citta di Rovinj-Rovigno","robots":{"index":"index","follow":"follow","max-snippet":"max-snippet:-1","max-image-preview":"max-image-preview:large","max-video-preview":"max-video-preview:-1"},"canonical":"https:\/\/www.rovinj-rovigno.hr\/prostorno-uredenje-gradnja-i-okolis\/izdavanje-akata-za-gradnju\/potvrdivanje-parcelacijskog-elaborat\/","og_locale":"it_IT","og_type":"article","og_title":"Conferma dell'elaborato di lottizzazione - Citta di Rovinj-Rovigno","og_description":"La lottizzazione di un terreno edificabile pu\u00f2 essere realizzata solo in conformit\u00e0 a: \u00a0 il permesso di ubicazione il decreto di determinazione della particella edificabile la licenza edilizia, ovvero ad altro atto in base al quale \u00e8 stato costruito l&#8217;edificio al piano urbanistico di assetto o al piano territoriale della zona di caratteristiche speciali il [&hellip;]","og_url":"https:\/\/www.rovinj-rovigno.hr\/prostorno-uredenje-gradnja-i-okolis\/izdavanje-akata-za-gradnju\/potvrdivanje-parcelacijskog-elaborat\/","og_site_name":"Citta di Rovinj-Rovigno","article_modified_time":"2017-02-08T09:28:01+00:00","twitter_card":"summary_large_image","twitter_misc":{"Tempo di lettura stimato":"3 minuti"},"schema":{"@context":"https:\/\/schema.org","@graph":[{"@type":"WebPage","@id":"https:\/\/www.rovinj-rovigno.hr\/prostorno-uredenje-gradnja-i-okolis\/izdavanje-akata-za-gradnju\/potvrdivanje-parcelacijskog-elaborat\/","url":"https:\/\/www.rovinj-rovigno.hr\/prostorno-uredenje-gradnja-i-okolis\/izdavanje-akata-za-gradnju\/potvrdivanje-parcelacijskog-elaborat\/","name":"Conferma dell'elaborato di lottizzazione - Citta di Rovinj-Rovigno","isPartOf":{"@id":"https:\/\/www.rovinj-rovigno.hr\/#website"},"datePublished":"2016-12-27T09:18:27+00:00","dateModified":"2017-02-08T09:28:01+00:00","breadcrumb":{"@id":"https:\/\/www.rovinj-rovigno.hr\/prostorno-uredenje-gradnja-i-okolis\/izdavanje-akata-za-gradnju\/potvrdivanje-parcelacijskog-elaborat\/#breadcrumb"},"inLanguage":"it-IT","potentialAction":[{"@type":"ReadAction","target":["https:\/\/www.rovinj-rovigno.hr\/prostorno-uredenje-gradnja-i-okolis\/izdavanje-akata-za-gradnju\/potvrdivanje-parcelacijskog-elaborat\/"]}]},{"@type":"BreadcrumbList","@id":"https:\/\/www.rovinj-rovigno.hr\/prostorno-uredenje-gradnja-i-okolis\/izdavanje-akata-za-gradnju\/potvrdivanje-parcelacijskog-elaborat\/#breadcrumb","itemListElement":[{"@type":"ListItem","position":1,"name":"Po\u010detna stranica","item":"https:\/\/www.rovinj-rovigno.hr\/"},{"@type":"ListItem","position":2,"name":"Prostorno ure\u0111enje, gradnja i okoli\u0161","item":"https:\/\/www.rovinj-rovigno.hr\/prostorno-uredenje-gradnja-i-okolis\/"},{"@type":"ListItem","position":3,"name":"Izdavanje akata za gradnju","item":"https:\/\/www.rovinj-rovigno.hr\/prostorno-uredenje-gradnja-i-okolis\/izdavanje-akata-za-gradnju\/"},{"@type":"ListItem","position":4,"name":"Potvr\u0111ivanje parcelacijskog elaborata"}]},{"@type":"WebSite","@id":"https:\/\/www.rovinj-rovigno.hr\/#website","url":"https:\/\/www.rovinj-rovigno.hr\/","name":"Citta di Rovinj-Rovigno","description":"Sito ufficiale della Citta di Rovinj-Rovigno","potentialAction":[{"@type":"SearchAction","target":{"@type":"EntryPoint","urlTemplate":"https:\/\/www.rovinj-rovigno.hr\/?s={search_term_string}"},"query-input":"required name=search_term_string"}],"inLanguage":"it-IT"}]}},"_links":{"self":[{"href":"https:\/\/www.rovinj-rovigno.hr\/it\/wp-json\/wp\/v2\/pages\/941"}],"collection":[{"href":"https:\/\/www.rovinj-rovigno.hr\/it\/wp-json\/wp\/v2\/pages"}],"about":[{"href":"https:\/\/www.rovinj-rovigno.hr\/it\/wp-json\/wp\/v2\/types\/page"}],"author":[{"embeddable":true,"href":"https:\/\/www.rovinj-rovigno.hr\/it\/wp-json\/wp\/v2\/users\/2"}],"replies":[{"embeddable":true,"href":"https:\/\/www.rovinj-rovigno.hr\/it\/wp-json\/wp\/v2\/comments?post=941"}],"version-history":[{"count":0,"href":"https:\/\/www.rovinj-rovigno.hr\/it\/wp-json\/wp\/v2\/pages\/941\/revisions"}],"up":[{"embeddable":true,"href":"https:\/\/www.rovinj-rovigno.hr\/it\/wp-json\/wp\/v2\/pages\/521"}],"wp:attachment":[{"href":"https:\/\/www.rovinj-rovigno.hr\/it\/wp-json\/wp\/v2\/media?parent=941"}],"curies":[{"name":"wp","href":"https:\/\/api.w.org\/{rel}","templated":true}]}}