{"id":939,"date":"2016-12-27T09:17:54","date_gmt":"2016-12-27T09:17:54","guid":{"rendered":"http:\/\/rovinjhr.lin53.host25.com\/?page_id=939"},"modified":"2017-09-17T22:55:30","modified_gmt":"2017-09-17T20:55:30","slug":"rjesenje-utvrdivanju-gradevne-cestice","status":"publish","type":"page","link":"https:\/\/www.rovinj-rovigno.hr\/it\/hrvatski-prostorno-uredenje-gradnja-i-okolis\/hrvatski-izdavanje-akata-za-gradnju\/hrvatski-rjesenje-o-utvrdivanju-gradevne-cestice\/","title":{"rendered":"Decreto di determinazione della particella edificabile"},"content":{"rendered":"<p>La determinazione della forma e della grandezza della particella edificabile dell&#8217;edificio esistente \u00e8 possibile quando l&#8217;edificio esistente non ha la particella edificabile definita, ovvero il terreno necessario per il solo operato, quando l&#8217;obbligo di determinazione di tale terreno, ovvero della particella viene prescritto da legge specifica o quando i proprietario dell&#8217;edificio vuole modificare la forma e la grandezza della particella edificabile sulla quale si trova l&#8217;edificio esistente in conformit\u00e0 al piano territoriale.<\/p>","protected":false},"excerpt":{"rendered":"<p>La determinazione della forma e della grandezza della particella edificabile dell&#8217;edificio esistente \u00e8 possibile quando l&#8217;edificio esistente non ha la particella edificabile definita, ovvero il terreno necessario per il solo operato, quando l&#8217;obbligo di determinazione di tale terreno, ovvero della particella viene prescritto da legge specifica o quando i proprietario dell&#8217;edificio vuole modificare la forma [&hellip;]<\/p>\n","protected":false},"author":2,"featured_media":0,"parent":521,"menu_order":32,"comment_status":"closed","ping_status":"closed","template":"","meta":[],"yoast_head":"<!-- This site is optimized with the Yoast SEO plugin v21.8.1 - https:\/\/yoast.com\/wordpress\/plugins\/seo\/ -->\n<title>Decreto di determinazione della particella edificabile - Citta di Rovinj-Rovigno<\/title>\n<meta name=\"robots\" content=\"index, follow, max-snippet:-1, max-image-preview:large, max-video-preview:-1\" \/>\n<link rel=\"canonical\" href=\"https:\/\/www.rovinj-rovigno.hr\/prostorno-uredenje-gradnja-i-okolis\/izdavanje-akata-za-gradnju\/rjesenje-o-utvrdivanju-gradevne-cestice\/\" \/>\n<meta property=\"og:locale\" content=\"it_IT\" \/>\n<meta property=\"og:type\" content=\"article\" \/>\n<meta property=\"og:title\" content=\"Decreto di determinazione della particella edificabile - Citta di Rovinj-Rovigno\" \/>\n<meta property=\"og:description\" content=\"La determinazione della forma e della grandezza della particella edificabile dell&#8217;edificio esistente \u00e8 possibile quando l&#8217;edificio esistente non ha la particella edificabile definita, ovvero il terreno necessario per il solo operato, quando l&#8217;obbligo di determinazione di tale terreno, ovvero della particella viene prescritto da legge specifica o quando i proprietario dell&#8217;edificio vuole modificare la forma [&hellip;]\" \/>\n<meta property=\"og:url\" content=\"https:\/\/www.rovinj-rovigno.hr\/prostorno-uredenje-gradnja-i-okolis\/izdavanje-akata-za-gradnju\/rjesenje-o-utvrdivanju-gradevne-cestice\/\" \/>\n<meta property=\"og:site_name\" content=\"Citta di Rovinj-Rovigno\" \/>\n<meta property=\"article:modified_time\" content=\"2017-09-17T20:55:30+00:00\" \/>\n<meta name=\"twitter:card\" content=\"summary_large_image\" \/>\n<meta name=\"twitter:label1\" content=\"Tempo di lettura stimato\" \/>\n\t<meta name=\"twitter:data1\" content=\"1 minuto\" \/>\n<script type=\"application\/ld+json\" class=\"yoast-schema-graph\">{\"@context\":\"https:\/\/schema.org\",\"@graph\":[{\"@type\":\"WebPage\",\"@id\":\"https:\/\/www.rovinj-rovigno.hr\/prostorno-uredenje-gradnja-i-okolis\/izdavanje-akata-za-gradnju\/rjesenje-o-utvrdivanju-gradevne-cestice\/\",\"url\":\"https:\/\/www.rovinj-rovigno.hr\/prostorno-uredenje-gradnja-i-okolis\/izdavanje-akata-za-gradnju\/rjesenje-o-utvrdivanju-gradevne-cestice\/\",\"name\":\"Decreto di determinazione della particella edificabile - Citta di Rovinj-Rovigno\",\"isPartOf\":{\"@id\":\"https:\/\/www.rovinj-rovigno.hr\/#website\"},\"datePublished\":\"2016-12-27T09:17:54+00:00\",\"dateModified\":\"2017-09-17T20:55:30+00:00\",\"breadcrumb\":{\"@id\":\"https:\/\/www.rovinj-rovigno.hr\/prostorno-uredenje-gradnja-i-okolis\/izdavanje-akata-za-gradnju\/rjesenje-o-utvrdivanju-gradevne-cestice\/#breadcrumb\"},\"inLanguage\":\"it-IT\",\"potentialAction\":[{\"@type\":\"ReadAction\",\"target\":[\"https:\/\/www.rovinj-rovigno.hr\/prostorno-uredenje-gradnja-i-okolis\/izdavanje-akata-za-gradnju\/rjesenje-o-utvrdivanju-gradevne-cestice\/\"]}]},{\"@type\":\"BreadcrumbList\",\"@id\":\"https:\/\/www.rovinj-rovigno.hr\/prostorno-uredenje-gradnja-i-okolis\/izdavanje-akata-za-gradnju\/rjesenje-o-utvrdivanju-gradevne-cestice\/#breadcrumb\",\"itemListElement\":[{\"@type\":\"ListItem\",\"position\":1,\"name\":\"Po\u010detna stranica\",\"item\":\"https:\/\/www.rovinj-rovigno.hr\/\"},{\"@type\":\"ListItem\",\"position\":2,\"name\":\"Prostorno ure\u0111enje, gradnja i okoli\u0161\",\"item\":\"https:\/\/www.rovinj-rovigno.hr\/prostorno-uredenje-gradnja-i-okolis\/\"},{\"@type\":\"ListItem\",\"position\":3,\"name\":\"Izdavanje akata za gradnju\",\"item\":\"https:\/\/www.rovinj-rovigno.hr\/prostorno-uredenje-gradnja-i-okolis\/izdavanje-akata-za-gradnju\/\"},{\"@type\":\"ListItem\",\"position\":4,\"name\":\"Rje\u0161enje o utvr\u0111ivanju gra\u0111evne \u010destice\"}]},{\"@type\":\"WebSite\",\"@id\":\"https:\/\/www.rovinj-rovigno.hr\/#website\",\"url\":\"https:\/\/www.rovinj-rovigno.hr\/\",\"name\":\"Citta di Rovinj-Rovigno\",\"description\":\"Sito ufficiale della Citta di Rovinj-Rovigno\",\"potentialAction\":[{\"@type\":\"SearchAction\",\"target\":{\"@type\":\"EntryPoint\",\"urlTemplate\":\"https:\/\/www.rovinj-rovigno.hr\/?s={search_term_string}\"},\"query-input\":\"required name=search_term_string\"}],\"inLanguage\":\"it-IT\"}]}<\/script>\n<!-- \/ Yoast SEO plugin. -->","yoast_head_json":{"title":"Decreto di determinazione della particella edificabile - Citta di Rovinj-Rovigno","robots":{"index":"index","follow":"follow","max-snippet":"max-snippet:-1","max-image-preview":"max-image-preview:large","max-video-preview":"max-video-preview:-1"},"canonical":"https:\/\/www.rovinj-rovigno.hr\/prostorno-uredenje-gradnja-i-okolis\/izdavanje-akata-za-gradnju\/rjesenje-o-utvrdivanju-gradevne-cestice\/","og_locale":"it_IT","og_type":"article","og_title":"Decreto di determinazione della particella edificabile - Citta di Rovinj-Rovigno","og_description":"La determinazione della forma e della grandezza della particella edificabile dell&#8217;edificio esistente \u00e8 possibile quando l&#8217;edificio esistente non ha la particella edificabile definita, ovvero il terreno necessario per il solo operato, quando l&#8217;obbligo di determinazione di tale terreno, ovvero della particella viene prescritto da legge specifica o quando i proprietario dell&#8217;edificio vuole modificare la forma [&hellip;]","og_url":"https:\/\/www.rovinj-rovigno.hr\/prostorno-uredenje-gradnja-i-okolis\/izdavanje-akata-za-gradnju\/rjesenje-o-utvrdivanju-gradevne-cestice\/","og_site_name":"Citta di Rovinj-Rovigno","article_modified_time":"2017-09-17T20:55:30+00:00","twitter_card":"summary_large_image","twitter_misc":{"Tempo di lettura stimato":"1 minuto"},"schema":{"@context":"https:\/\/schema.org","@graph":[{"@type":"WebPage","@id":"https:\/\/www.rovinj-rovigno.hr\/prostorno-uredenje-gradnja-i-okolis\/izdavanje-akata-za-gradnju\/rjesenje-o-utvrdivanju-gradevne-cestice\/","url":"https:\/\/www.rovinj-rovigno.hr\/prostorno-uredenje-gradnja-i-okolis\/izdavanje-akata-za-gradnju\/rjesenje-o-utvrdivanju-gradevne-cestice\/","name":"Decreto di determinazione della particella edificabile - Citta di Rovinj-Rovigno","isPartOf":{"@id":"https:\/\/www.rovinj-rovigno.hr\/#website"},"datePublished":"2016-12-27T09:17:54+00:00","dateModified":"2017-09-17T20:55:30+00:00","breadcrumb":{"@id":"https:\/\/www.rovinj-rovigno.hr\/prostorno-uredenje-gradnja-i-okolis\/izdavanje-akata-za-gradnju\/rjesenje-o-utvrdivanju-gradevne-cestice\/#breadcrumb"},"inLanguage":"it-IT","potentialAction":[{"@type":"ReadAction","target":["https:\/\/www.rovinj-rovigno.hr\/prostorno-uredenje-gradnja-i-okolis\/izdavanje-akata-za-gradnju\/rjesenje-o-utvrdivanju-gradevne-cestice\/"]}]},{"@type":"BreadcrumbList","@id":"https:\/\/www.rovinj-rovigno.hr\/prostorno-uredenje-gradnja-i-okolis\/izdavanje-akata-za-gradnju\/rjesenje-o-utvrdivanju-gradevne-cestice\/#breadcrumb","itemListElement":[{"@type":"ListItem","position":1,"name":"Po\u010detna stranica","item":"https:\/\/www.rovinj-rovigno.hr\/"},{"@type":"ListItem","position":2,"name":"Prostorno ure\u0111enje, gradnja i okoli\u0161","item":"https:\/\/www.rovinj-rovigno.hr\/prostorno-uredenje-gradnja-i-okolis\/"},{"@type":"ListItem","position":3,"name":"Izdavanje akata za gradnju","item":"https:\/\/www.rovinj-rovigno.hr\/prostorno-uredenje-gradnja-i-okolis\/izdavanje-akata-za-gradnju\/"},{"@type":"ListItem","position":4,"name":"Rje\u0161enje o utvr\u0111ivanju gra\u0111evne \u010destice"}]},{"@type":"WebSite","@id":"https:\/\/www.rovinj-rovigno.hr\/#website","url":"https:\/\/www.rovinj-rovigno.hr\/","name":"Citta di Rovinj-Rovigno","description":"Sito ufficiale della Citta di Rovinj-Rovigno","potentialAction":[{"@type":"SearchAction","target":{"@type":"EntryPoint","urlTemplate":"https:\/\/www.rovinj-rovigno.hr\/?s={search_term_string}"},"query-input":"required name=search_term_string"}],"inLanguage":"it-IT"}]}},"_links":{"self":[{"href":"https:\/\/www.rovinj-rovigno.hr\/it\/wp-json\/wp\/v2\/pages\/939"}],"collection":[{"href":"https:\/\/www.rovinj-rovigno.hr\/it\/wp-json\/wp\/v2\/pages"}],"about":[{"href":"https:\/\/www.rovinj-rovigno.hr\/it\/wp-json\/wp\/v2\/types\/page"}],"author":[{"embeddable":true,"href":"https:\/\/www.rovinj-rovigno.hr\/it\/wp-json\/wp\/v2\/users\/2"}],"replies":[{"embeddable":true,"href":"https:\/\/www.rovinj-rovigno.hr\/it\/wp-json\/wp\/v2\/comments?post=939"}],"version-history":[{"count":0,"href":"https:\/\/www.rovinj-rovigno.hr\/it\/wp-json\/wp\/v2\/pages\/939\/revisions"}],"up":[{"embeddable":true,"href":"https:\/\/www.rovinj-rovigno.hr\/it\/wp-json\/wp\/v2\/pages\/521"}],"wp:attachment":[{"href":"https:\/\/www.rovinj-rovigno.hr\/it\/wp-json\/wp\/v2\/media?parent=939"}],"curies":[{"name":"wp","href":"https:\/\/api.w.org\/{rel}","templated":true}]}}