{"id":931,"date":"2016-12-27T09:13:02","date_gmt":"2016-12-27T09:13:02","guid":{"rendered":"http:\/\/rovinjhr.lin53.host25.com\/?page_id=931"},"modified":"2017-09-17T19:27:25","modified_gmt":"2017-09-17T17:27:25","slug":"lokacijska-dozvola","status":"publish","type":"page","link":"https:\/\/www.rovinj-rovigno.hr\/it\/hrvatski-prostorno-uredenje-gradnja-i-okolis\/hrvatski-izdavanje-akata-za-gradnju\/hrvatski-lokacijska-dozvola\/","title":{"rendered":"Permesso di ubicazione"},"content":{"rendered":"<p>Nel caso in cui si tratti di un edificio\/ una costruzione per la quale \u00e8 necessario ottenere il permesso di ubicazione, \u00e8 necessario procedere alla preparazione del progetto di massima.<\/p>\n<p><em>Il permesso di ubicazione viene rilasciato per: <\/em><\/p>\n<ol>\n<li>i campi di estrazione, la costruzione di strutture e impianti di estrazione in funzione di attivit\u00e0 minerarie, lo stoccaggio di idrocarburi e lo smaltimento permanente di gas in strutture geologiche, per la determinazione di nuove localit\u00e0 e costruzioni militari<\/li>\n<li>gli interventi nello spazio i quali, ai sensi delle condizioni specifiche che regolano l&#8217;edilizia, non vengono considerati costruzione.<\/li>\n<li>la costruzione in fasi dell&#8217;edificio<\/li>\n<li>la costruzione su terreno, ovvero su edifici per i quali l&#8217;investitore non ha chiarito i rapporti giuridico-patrimoniali o per i quali \u00e8 necessario eseguire la procedura di esproprio.<\/li>\n<\/ol>\n<p><em>La procedura di rilascio del permesso di ubicazione viene avviata su richiesta della parte\u00a0 interessata allegando alla richiesta: <\/em><\/p>\n<ul>\n<li>tre copie del progetto di massina<\/li>\n<li>la dichiarazione dell&#8217;architetto che il progetto di massima \u00e8 stato realizzato in conformit\u00e0 al piano territoriale<\/li>\n<li>le condizioni specifiche e\/o la prova di aver presentato la richiesta per l&#8217;accertamento delle condizioni specifiche nel caso in cui le stesse non siano state accertate entro il termine previsto dalla Legge, nonch\u00e9 a seconda della complessit\u00e0 dell&#8217;intervento nello spazio<\/li>\n<li>il decreto sull&#8217;accettabilit\u00e0 dell&#8217;intervento per l&#8217;ambiente nel caso in cui si tratti di un intervento nello spazio per il quale viene effettuata, ai sensi di disposizioni specifiche, la procedura di stima dell&#8217;impatto dell&#8217;intervento sull&#8217;ambiente e\/o la valutazione dell&#8217;accettabilit\u00e0 dell&#8217;intervento per la rete ecologica<\/li>\n<li>il decreto di nostrificazione del progetto di massima, nel caso in cui il progetto sia stato fatto ai sensi di normative estere.<\/li>\n<\/ul>\n<p>Il <strong>Progetto geodetico<\/strong> realizzato da un ingegnere geodetico autorizzato in conformit\u00e0 a regolamento specifico, \u00e8 parte integrante del progetto di massima per la licenza di ubicazione con la quale viene definita la formazione di particelle edili o il posizionamento di uno o pi\u00f9 edifici sulla particella edile.<\/p>\n<p>Il contenuto e gli elementi obbligatori contenuti in un progetto di massima vengono prescritti dal Regolamento sul contenuto obbligatorio del progetto di massima (Gazzetta ufficiale numero 55\/14, 41\/15 e 64\/15).<\/p>\n<p>Dopo il ricevimento della richiesta, il settore amministrativo verifica i fatti rilevanti per il rilascio del permesso di ubicazione accertando la conformit\u00e0 del progetto di massima con le condizioni di attuabilit\u00e0 dell&#8217;intervento nello spazio prescritte dal piano territoriale e dalle condizioni specifiche definite dagli enti pubblici. Prima del rilascio del permesso di ubicazione il settore amministrativo ha il dovere di permettere alle parti interessare la visione dell&#8217;atto al fine di esprimersi in merito. Le parti in causa sono la parte richiedente, il proprietario del bene immobile per il quale viene rilasciato il permesso di ubicazione e il titolare di altri diritti reali sul bene immobile in oggetto e su altri beni immobili immediatamente confinanti con il bene \u0161er il quale viene rilasciato il permesso di ubicazione. Quando tutte le condizioni di legge vengono soddisfatte, viene rilasciato il permesso di ubicazione.<\/p>\n<p><strong><em>Modifica e\/o integrazione del permesso di ubicazione<\/em><\/strong><\/p>\n<p>Il permesso di ubicazione esecutivo ovvero finale pu\u00f2 essere modificato, integrato, annullato e\/o sospeso su richiesta dell&#8217;investitore.<\/p>\n<p>Il decreto di modifica e\/o integrazione del permesso di ubicazione viene emesso in conformit\u00e0 al piano territoriale ai sensi del quale il permesso di ubicazione \u00e8 stato rilasciato, o in conformit\u00e0 al piano territoriale in vigore nel momento del rilascio, quando ci\u00f2 viene richiesto dall&#8217;investitore o dal richiedente. Nella procedura di approvazione del decreto di modifica e\/o integrazione del permesso di ubicazione vengono ricercate solo quelle condizioni specifiche sulle quali le modifiche e\/o integrazioni influiscono direttamente.<\/p>\n<p><em>Validit\u00e0 del permesso di ubicazione <\/em><\/p>\n<p>La validit\u00e0 del permesso di ubicazione cessa se entro due anni dal giorno della validit\u00e0 legale del permesso:<\/p>\n<ol>\n<li>non viene fatta la richiesta per l&#8217;ottenimento della concessione<\/li>\n<li>non viene fatta la richiesta per l&#8217;approvazione del decreto di espropriazione<\/li>\n<li>non viene fata la richiesta per l&#8217;approvazione del decreto sulla servit\u00f9 o sul diritto di costruire sul terreno di propriet\u00e0 della Repubblica di Croazia<\/li>\n<li>non viene fatta la richiesta per il rilascio della licenza edilizia, ovvero<\/li>\n<li>non si procede alla realizzazione degli interventi nello spazio per i quali non viene rilasciata la licenza edilizia.<\/li>\n<\/ol>\n<p>La validit\u00e0 del permesso di ubicazione pu\u00f2 essere estesa una volta per altri due anni su richiesta della parte richiedente o dell&#8217;investitore se non sono state modificate le condizioni definite in conformit\u00e0 alle disposizioni della Legge sull&#8217;assetto territoriale e le altre condizioni in conformit\u00e0 alle quali \u00e8 stato rilasciato il permesso di ubicazione.<\/p>","protected":false},"excerpt":{"rendered":"<p>Nel caso in cui si tratti di un edificio\/ una costruzione per la quale \u00e8 necessario ottenere il permesso di ubicazione, \u00e8 necessario procedere alla preparazione del progetto di massima. Il permesso di ubicazione viene rilasciato per: i campi di estrazione, la costruzione di strutture e impianti di estrazione in funzione di attivit\u00e0 minerarie, lo [&hellip;]<\/p>\n","protected":false},"author":2,"featured_media":0,"parent":521,"menu_order":28,"comment_status":"closed","ping_status":"closed","template":"","meta":[],"yoast_head":"<!-- This site is optimized with the Yoast SEO plugin v21.8.1 - https:\/\/yoast.com\/wordpress\/plugins\/seo\/ -->\n<title>Permesso di ubicazione - Citta di Rovinj-Rovigno<\/title>\n<meta name=\"robots\" content=\"index, follow, max-snippet:-1, max-image-preview:large, max-video-preview:-1\" \/>\n<link rel=\"canonical\" href=\"https:\/\/www.rovinj-rovigno.hr\/prostorno-uredenje-gradnja-i-okolis\/izdavanje-akata-za-gradnju\/lokacijska-dozvola\/\" \/>\n<meta property=\"og:locale\" content=\"it_IT\" \/>\n<meta property=\"og:type\" content=\"article\" \/>\n<meta property=\"og:title\" content=\"Permesso di ubicazione - Citta di Rovinj-Rovigno\" \/>\n<meta property=\"og:description\" content=\"Nel caso in cui si tratti di un edificio\/ una costruzione per la quale \u00e8 necessario ottenere il permesso di ubicazione, \u00e8 necessario procedere alla preparazione del progetto di massima. Il permesso di ubicazione viene rilasciato per: i campi di estrazione, la costruzione di strutture e impianti di estrazione in funzione di attivit\u00e0 minerarie, lo [&hellip;]\" \/>\n<meta property=\"og:url\" content=\"https:\/\/www.rovinj-rovigno.hr\/prostorno-uredenje-gradnja-i-okolis\/izdavanje-akata-za-gradnju\/lokacijska-dozvola\/\" \/>\n<meta property=\"og:site_name\" content=\"Citta di Rovinj-Rovigno\" \/>\n<meta property=\"article:modified_time\" content=\"2017-09-17T17:27:25+00:00\" \/>\n<meta name=\"twitter:card\" content=\"summary_large_image\" \/>\n<meta name=\"twitter:label1\" content=\"Tempo di lettura stimato\" \/>\n\t<meta name=\"twitter:data1\" content=\"7 minuti\" \/>\n<script type=\"application\/ld+json\" class=\"yoast-schema-graph\">{\"@context\":\"https:\/\/schema.org\",\"@graph\":[{\"@type\":\"WebPage\",\"@id\":\"https:\/\/www.rovinj-rovigno.hr\/prostorno-uredenje-gradnja-i-okolis\/izdavanje-akata-za-gradnju\/lokacijska-dozvola\/\",\"url\":\"https:\/\/www.rovinj-rovigno.hr\/prostorno-uredenje-gradnja-i-okolis\/izdavanje-akata-za-gradnju\/lokacijska-dozvola\/\",\"name\":\"Permesso di ubicazione - Citta di Rovinj-Rovigno\",\"isPartOf\":{\"@id\":\"https:\/\/www.rovinj-rovigno.hr\/#website\"},\"datePublished\":\"2016-12-27T09:13:02+00:00\",\"dateModified\":\"2017-09-17T17:27:25+00:00\",\"breadcrumb\":{\"@id\":\"https:\/\/www.rovinj-rovigno.hr\/prostorno-uredenje-gradnja-i-okolis\/izdavanje-akata-za-gradnju\/lokacijska-dozvola\/#breadcrumb\"},\"inLanguage\":\"it-IT\",\"potentialAction\":[{\"@type\":\"ReadAction\",\"target\":[\"https:\/\/www.rovinj-rovigno.hr\/prostorno-uredenje-gradnja-i-okolis\/izdavanje-akata-za-gradnju\/lokacijska-dozvola\/\"]}]},{\"@type\":\"BreadcrumbList\",\"@id\":\"https:\/\/www.rovinj-rovigno.hr\/prostorno-uredenje-gradnja-i-okolis\/izdavanje-akata-za-gradnju\/lokacijska-dozvola\/#breadcrumb\",\"itemListElement\":[{\"@type\":\"ListItem\",\"position\":1,\"name\":\"Po\u010detna stranica\",\"item\":\"https:\/\/www.rovinj-rovigno.hr\/\"},{\"@type\":\"ListItem\",\"position\":2,\"name\":\"Prostorno ure\u0111enje, gradnja i okoli\u0161\",\"item\":\"https:\/\/www.rovinj-rovigno.hr\/prostorno-uredenje-gradnja-i-okolis\/\"},{\"@type\":\"ListItem\",\"position\":3,\"name\":\"Izdavanje akata za gradnju\",\"item\":\"https:\/\/www.rovinj-rovigno.hr\/prostorno-uredenje-gradnja-i-okolis\/izdavanje-akata-za-gradnju\/\"},{\"@type\":\"ListItem\",\"position\":4,\"name\":\"Lokacijska dozvola\"}]},{\"@type\":\"WebSite\",\"@id\":\"https:\/\/www.rovinj-rovigno.hr\/#website\",\"url\":\"https:\/\/www.rovinj-rovigno.hr\/\",\"name\":\"Citta di Rovinj-Rovigno\",\"description\":\"Sito ufficiale della Citta di Rovinj-Rovigno\",\"potentialAction\":[{\"@type\":\"SearchAction\",\"target\":{\"@type\":\"EntryPoint\",\"urlTemplate\":\"https:\/\/www.rovinj-rovigno.hr\/?s={search_term_string}\"},\"query-input\":\"required name=search_term_string\"}],\"inLanguage\":\"it-IT\"}]}<\/script>\n<!-- \/ Yoast SEO plugin. -->","yoast_head_json":{"title":"Permesso di ubicazione - Citta di Rovinj-Rovigno","robots":{"index":"index","follow":"follow","max-snippet":"max-snippet:-1","max-image-preview":"max-image-preview:large","max-video-preview":"max-video-preview:-1"},"canonical":"https:\/\/www.rovinj-rovigno.hr\/prostorno-uredenje-gradnja-i-okolis\/izdavanje-akata-za-gradnju\/lokacijska-dozvola\/","og_locale":"it_IT","og_type":"article","og_title":"Permesso di ubicazione - Citta di Rovinj-Rovigno","og_description":"Nel caso in cui si tratti di un edificio\/ una costruzione per la quale \u00e8 necessario ottenere il permesso di ubicazione, \u00e8 necessario procedere alla preparazione del progetto di massima. Il permesso di ubicazione viene rilasciato per: i campi di estrazione, la costruzione di strutture e impianti di estrazione in funzione di attivit\u00e0 minerarie, lo [&hellip;]","og_url":"https:\/\/www.rovinj-rovigno.hr\/prostorno-uredenje-gradnja-i-okolis\/izdavanje-akata-za-gradnju\/lokacijska-dozvola\/","og_site_name":"Citta di Rovinj-Rovigno","article_modified_time":"2017-09-17T17:27:25+00:00","twitter_card":"summary_large_image","twitter_misc":{"Tempo di lettura stimato":"7 minuti"},"schema":{"@context":"https:\/\/schema.org","@graph":[{"@type":"WebPage","@id":"https:\/\/www.rovinj-rovigno.hr\/prostorno-uredenje-gradnja-i-okolis\/izdavanje-akata-za-gradnju\/lokacijska-dozvola\/","url":"https:\/\/www.rovinj-rovigno.hr\/prostorno-uredenje-gradnja-i-okolis\/izdavanje-akata-za-gradnju\/lokacijska-dozvola\/","name":"Permesso di ubicazione - Citta di Rovinj-Rovigno","isPartOf":{"@id":"https:\/\/www.rovinj-rovigno.hr\/#website"},"datePublished":"2016-12-27T09:13:02+00:00","dateModified":"2017-09-17T17:27:25+00:00","breadcrumb":{"@id":"https:\/\/www.rovinj-rovigno.hr\/prostorno-uredenje-gradnja-i-okolis\/izdavanje-akata-za-gradnju\/lokacijska-dozvola\/#breadcrumb"},"inLanguage":"it-IT","potentialAction":[{"@type":"ReadAction","target":["https:\/\/www.rovinj-rovigno.hr\/prostorno-uredenje-gradnja-i-okolis\/izdavanje-akata-za-gradnju\/lokacijska-dozvola\/"]}]},{"@type":"BreadcrumbList","@id":"https:\/\/www.rovinj-rovigno.hr\/prostorno-uredenje-gradnja-i-okolis\/izdavanje-akata-za-gradnju\/lokacijska-dozvola\/#breadcrumb","itemListElement":[{"@type":"ListItem","position":1,"name":"Po\u010detna stranica","item":"https:\/\/www.rovinj-rovigno.hr\/"},{"@type":"ListItem","position":2,"name":"Prostorno ure\u0111enje, gradnja i okoli\u0161","item":"https:\/\/www.rovinj-rovigno.hr\/prostorno-uredenje-gradnja-i-okolis\/"},{"@type":"ListItem","position":3,"name":"Izdavanje akata za gradnju","item":"https:\/\/www.rovinj-rovigno.hr\/prostorno-uredenje-gradnja-i-okolis\/izdavanje-akata-za-gradnju\/"},{"@type":"ListItem","position":4,"name":"Lokacijska dozvola"}]},{"@type":"WebSite","@id":"https:\/\/www.rovinj-rovigno.hr\/#website","url":"https:\/\/www.rovinj-rovigno.hr\/","name":"Citta di Rovinj-Rovigno","description":"Sito ufficiale della Citta di Rovinj-Rovigno","potentialAction":[{"@type":"SearchAction","target":{"@type":"EntryPoint","urlTemplate":"https:\/\/www.rovinj-rovigno.hr\/?s={search_term_string}"},"query-input":"required name=search_term_string"}],"inLanguage":"it-IT"}]}},"_links":{"self":[{"href":"https:\/\/www.rovinj-rovigno.hr\/it\/wp-json\/wp\/v2\/pages\/931"}],"collection":[{"href":"https:\/\/www.rovinj-rovigno.hr\/it\/wp-json\/wp\/v2\/pages"}],"about":[{"href":"https:\/\/www.rovinj-rovigno.hr\/it\/wp-json\/wp\/v2\/types\/page"}],"author":[{"embeddable":true,"href":"https:\/\/www.rovinj-rovigno.hr\/it\/wp-json\/wp\/v2\/users\/2"}],"replies":[{"embeddable":true,"href":"https:\/\/www.rovinj-rovigno.hr\/it\/wp-json\/wp\/v2\/comments?post=931"}],"version-history":[{"count":0,"href":"https:\/\/www.rovinj-rovigno.hr\/it\/wp-json\/wp\/v2\/pages\/931\/revisions"}],"up":[{"embeddable":true,"href":"https:\/\/www.rovinj-rovigno.hr\/it\/wp-json\/wp\/v2\/pages\/521"}],"wp:attachment":[{"href":"https:\/\/www.rovinj-rovigno.hr\/it\/wp-json\/wp\/v2\/media?parent=931"}],"curies":[{"name":"wp","href":"https:\/\/api.w.org\/{rel}","templated":true}]}}