{"id":929,"date":"2016-12-27T09:10:40","date_gmt":"2016-12-27T09:10:40","guid":{"rendered":"http:\/\/rovinjhr.lin53.host25.com\/?page_id=929"},"modified":"2017-02-08T09:17:18","modified_gmt":"2017-02-08T09:17:18","slug":"izrada-glavnog-projekta","status":"publish","type":"page","link":"https:\/\/www.rovinj-rovigno.hr\/it\/hrvatski-prostorno-uredenje-gradnja-i-okolis\/hrvatski-izdavanje-akata-za-gradnju\/hrvatski-izrada-glavnog-projekta\/","title":{"rendered":"Preparazione del progetto principale"},"content":{"rendered":"<p>Prima di iniziare la preparazione del progetto principale, l&#8217;Investitore pu\u00f2 chiedere al competente organo amministrativo per la pianificazione territoriale, la tutela dell&#8217;ambiente e il rilascio degli atti informazioni sugli organi pubblici dai quali \u00e8 necessario ottenere le condizioni speciali in conformit\u00e0 alle quali deve essere preparato il progetto principale per un edificio specifico in una localit\u00e0 specifica nonch\u00e9 le modalit\u00e0 di applicazione della Legge sulla costruzione e\/o delle disposizioni specifiche del piano territoriale. Alla richiesta di rilascio delle informazioni sulle condizioni speciali in conformit\u00e0 alle quali deve essere preparato il progetto principale vanno allegate la fotocopia del piano catastale nonch\u00e9 la descrizione e la rappresentazione dell&#8217;intervento pianificato. L&#8217;informazione sulle condizioni speciali viene rilasciata entro otto giorni dalla presentazione della richiesta.<\/p>\n<p>Elenco degli organi pubblici i quali definiscono le condizioni speciali in conformit\u00e0 alle quali deve essere preparato il progetto principale:<\/p>\n<ul>\n<li>Ministero della cultura, Ufficio per la tutela dei beni culturali, Dipartimento per la conservazione di Pola, Via della citt\u00e0 di Graz 2, Pola<\/li>\n<li>Ministero dell&#8217;agricoltura, Ulica Grada Vukovara \u2013 via della citt\u00e0 di Vukovar 78 , 10000 Zagabria<\/li>\n<li>Dipartimento gestione acque per i bacini del nord Adriatico con sede a Fiume, Via \u0110uro \u0160porer 3, 51 000 Fiume<\/li>\n<li>Ministero del mare, dei trasporti e delle infrastrutture, Capitaneria di porto di Pola, Riva 18, 52100 Pola,<\/li>\n<li>Regione Istriana, Settore amministrativo per lo sviluppo sostenibile, Dipartimento per gli affari marittimi, i trasporti e l&#8217;infrastruttura, Via Flanatica 27, 52100 Pola<\/li>\n<li>Regione istriana, Settore amministrativo per lo sviluppo sostenibile, Dipartimento per la tutela ambientale e della natura, Via Flanatica 27, 52100 Pola<\/li>\n<li>Ministero della sanit\u00e0, Sezione per l&#8217;ispezione sanitaria, settore dell&#8217;ispezione sanitaria regionale e dell&#8217;assistenza legale, Ufficio dell&#8217;ispezione sanitaria regionale \u2013 Ufficio per l&#8217;Istria e il litorale, Succursale di Rovigno, P. Bobicchio 1, Rovigno,<\/li>\n<li>Ministero degli affari interni, Ufficio di polizia dell&#8217;Istria, Settore degli affari amministrativi, di ispezione e della protezione civile di Pola, Piazza della Repubblica 1, 52100 Pola,<\/li>\n<li>Autorit\u00e0 portuale di Rovigno, Riva Aldo Rismondo 18, 52210 Rovigno<\/li>\n<li><em>HEP- Operator distribucijskog sustava s.r.l<\/em>., D.P. Elektroistra Pula, Sede operativa di Rovigno, Circonvalazione F. Lorenzetto bb, 52210 Rovigno,<\/li>\n<li><em>Istarski vodovod s.r.l.,<\/em> Sveti Ivan 8, Pinguente 52420, Sede operativa di Rovigno, S. Radi\u0107a br.7, 52210 Rovigno,<\/li>\n<li><em>Hrvatska agencija za po\u0161tu i elektroni\u010dke komunikacije<\/em>, R.F. Mihanovi\u0107a 9, 10000 Zagabria,<\/li>\n<li>Hrvatske \u0161ume s.r.l., Amministrazione delle foreste succursale di Pinguente, Naselje Gori\u010dica 2, 52420 Pinguente<\/li>\n<li>Hrvatski operator prijenosnog sustava, Kupska 4, 10000 Zagabria,<\/li>\n<li>Natura Histrica, Riva 8, 52100 Pola,<\/li>\n<li>Hrvatske ceste, Von\u010dinina 3, Zagabria, Ufficio di Pola, Partizanski put 140, Pola<\/li>\n<li>Amministrazione regionale per le strade della Regione Istriana M.B. Ra\u0161ana 2\/4, Pisino,<\/li>\n<li><em>Plinara s.r.l.,<\/em> Industrijska 17, Pola<\/li>\n<li>PLINACRO s.r.l., Savska cesta br.88A, Zagabria<\/li>\n<li><em>Depurazione acque Rovinj-Rovigno s.r.l.,<\/em> Piazza sul laco 3A, 52210 Rovigno,<\/li>\n<li>Settore amministrativo per la costruzione e la manutenzione degli impianti, Piazza Matteotti 2, 52210 Rovigno,<\/li>\n<li>H\u017d-Hrvatske \u017eeljeznice \u2013 Ferrovie croate, Sviluppo e investimenti, Dipartimento per la revisione della documentazione tecnica, Mihanovi\u0107eva br.12, Zagabria<\/li>\n<li>Ministero del mare, dei trasporti e delle infrastrutture, Autorit\u00e0 dell&#8217;aviazione civile, della comunicazione elettronica e della posta, Settore del traffico aereo, Prisavlje br.14, Zagabria.<\/li>\n<\/ul>\n<p>In conformit\u00e0 a tali condizioni specifiche, \u00e8 necessario preparare il progetto principale e consegnarlo agli enti pubblici per il rilascio della conferma del progetto principale. Si tratta del documento che attesta la conformit\u00e0 del progetto principale alle condizioni specifiche.<\/p>","protected":false},"excerpt":{"rendered":"<p>Prima di iniziare la preparazione del progetto principale, l&#8217;Investitore pu\u00f2 chiedere al competente organo amministrativo per la pianificazione territoriale, la tutela dell&#8217;ambiente e il rilascio degli atti informazioni sugli organi pubblici dai quali \u00e8 necessario ottenere le condizioni speciali in conformit\u00e0 alle quali deve essere preparato il progetto principale per un edificio specifico in una [&hellip;]<\/p>\n","protected":false},"author":2,"featured_media":0,"parent":521,"menu_order":26,"comment_status":"closed","ping_status":"closed","template":"","meta":[],"yoast_head":"<!-- This site is optimized with the Yoast SEO plugin v21.8.1 - https:\/\/yoast.com\/wordpress\/plugins\/seo\/ -->\n<title>Preparazione del progetto principale - Citta di Rovinj-Rovigno<\/title>\n<meta name=\"robots\" content=\"index, follow, max-snippet:-1, max-image-preview:large, max-video-preview:-1\" \/>\n<link rel=\"canonical\" href=\"https:\/\/www.rovinj-rovigno.hr\/prostorno-uredenje-gradnja-i-okolis\/izdavanje-akata-za-gradnju\/izrada-glavnog-projekta\/\" \/>\n<meta property=\"og:locale\" content=\"it_IT\" \/>\n<meta property=\"og:type\" content=\"article\" \/>\n<meta property=\"og:title\" content=\"Preparazione del progetto principale - Citta di Rovinj-Rovigno\" \/>\n<meta property=\"og:description\" content=\"Prima di iniziare la preparazione del progetto principale, l&#8217;Investitore pu\u00f2 chiedere al competente organo amministrativo per la pianificazione territoriale, la tutela dell&#8217;ambiente e il rilascio degli atti informazioni sugli organi pubblici dai quali \u00e8 necessario ottenere le condizioni speciali in conformit\u00e0 alle quali deve essere preparato il progetto principale per un edificio specifico in una [&hellip;]\" \/>\n<meta property=\"og:url\" content=\"https:\/\/www.rovinj-rovigno.hr\/prostorno-uredenje-gradnja-i-okolis\/izdavanje-akata-za-gradnju\/izrada-glavnog-projekta\/\" \/>\n<meta property=\"og:site_name\" content=\"Citta di Rovinj-Rovigno\" \/>\n<meta property=\"article:modified_time\" content=\"2017-02-08T09:17:18+00:00\" \/>\n<meta name=\"twitter:card\" content=\"summary_large_image\" \/>\n<meta name=\"twitter:label1\" content=\"Tempo di lettura stimato\" \/>\n\t<meta name=\"twitter:data1\" content=\"5 minuti\" \/>\n<script type=\"application\/ld+json\" class=\"yoast-schema-graph\">{\"@context\":\"https:\/\/schema.org\",\"@graph\":[{\"@type\":\"WebPage\",\"@id\":\"https:\/\/www.rovinj-rovigno.hr\/prostorno-uredenje-gradnja-i-okolis\/izdavanje-akata-za-gradnju\/izrada-glavnog-projekta\/\",\"url\":\"https:\/\/www.rovinj-rovigno.hr\/prostorno-uredenje-gradnja-i-okolis\/izdavanje-akata-za-gradnju\/izrada-glavnog-projekta\/\",\"name\":\"Preparazione del progetto principale - Citta di Rovinj-Rovigno\",\"isPartOf\":{\"@id\":\"https:\/\/www.rovinj-rovigno.hr\/#website\"},\"datePublished\":\"2016-12-27T09:10:40+00:00\",\"dateModified\":\"2017-02-08T09:17:18+00:00\",\"breadcrumb\":{\"@id\":\"https:\/\/www.rovinj-rovigno.hr\/prostorno-uredenje-gradnja-i-okolis\/izdavanje-akata-za-gradnju\/izrada-glavnog-projekta\/#breadcrumb\"},\"inLanguage\":\"it-IT\",\"potentialAction\":[{\"@type\":\"ReadAction\",\"target\":[\"https:\/\/www.rovinj-rovigno.hr\/prostorno-uredenje-gradnja-i-okolis\/izdavanje-akata-za-gradnju\/izrada-glavnog-projekta\/\"]}]},{\"@type\":\"BreadcrumbList\",\"@id\":\"https:\/\/www.rovinj-rovigno.hr\/prostorno-uredenje-gradnja-i-okolis\/izdavanje-akata-za-gradnju\/izrada-glavnog-projekta\/#breadcrumb\",\"itemListElement\":[{\"@type\":\"ListItem\",\"position\":1,\"name\":\"Po\u010detna stranica\",\"item\":\"https:\/\/www.rovinj-rovigno.hr\/\"},{\"@type\":\"ListItem\",\"position\":2,\"name\":\"Prostorno ure\u0111enje, gradnja i okoli\u0161\",\"item\":\"https:\/\/www.rovinj-rovigno.hr\/prostorno-uredenje-gradnja-i-okolis\/\"},{\"@type\":\"ListItem\",\"position\":3,\"name\":\"Izdavanje akata za gradnju\",\"item\":\"https:\/\/www.rovinj-rovigno.hr\/prostorno-uredenje-gradnja-i-okolis\/izdavanje-akata-za-gradnju\/\"},{\"@type\":\"ListItem\",\"position\":4,\"name\":\"Izrada glavnog projekta\"}]},{\"@type\":\"WebSite\",\"@id\":\"https:\/\/www.rovinj-rovigno.hr\/#website\",\"url\":\"https:\/\/www.rovinj-rovigno.hr\/\",\"name\":\"Citta di Rovinj-Rovigno\",\"description\":\"Sito ufficiale della Citta di Rovinj-Rovigno\",\"potentialAction\":[{\"@type\":\"SearchAction\",\"target\":{\"@type\":\"EntryPoint\",\"urlTemplate\":\"https:\/\/www.rovinj-rovigno.hr\/?s={search_term_string}\"},\"query-input\":\"required name=search_term_string\"}],\"inLanguage\":\"it-IT\"}]}<\/script>\n<!-- \/ Yoast SEO plugin. -->","yoast_head_json":{"title":"Preparazione del progetto principale - Citta di Rovinj-Rovigno","robots":{"index":"index","follow":"follow","max-snippet":"max-snippet:-1","max-image-preview":"max-image-preview:large","max-video-preview":"max-video-preview:-1"},"canonical":"https:\/\/www.rovinj-rovigno.hr\/prostorno-uredenje-gradnja-i-okolis\/izdavanje-akata-za-gradnju\/izrada-glavnog-projekta\/","og_locale":"it_IT","og_type":"article","og_title":"Preparazione del progetto principale - Citta di Rovinj-Rovigno","og_description":"Prima di iniziare la preparazione del progetto principale, l&#8217;Investitore pu\u00f2 chiedere al competente organo amministrativo per la pianificazione territoriale, la tutela dell&#8217;ambiente e il rilascio degli atti informazioni sugli organi pubblici dai quali \u00e8 necessario ottenere le condizioni speciali in conformit\u00e0 alle quali deve essere preparato il progetto principale per un edificio specifico in una [&hellip;]","og_url":"https:\/\/www.rovinj-rovigno.hr\/prostorno-uredenje-gradnja-i-okolis\/izdavanje-akata-za-gradnju\/izrada-glavnog-projekta\/","og_site_name":"Citta di Rovinj-Rovigno","article_modified_time":"2017-02-08T09:17:18+00:00","twitter_card":"summary_large_image","twitter_misc":{"Tempo di lettura stimato":"5 minuti"},"schema":{"@context":"https:\/\/schema.org","@graph":[{"@type":"WebPage","@id":"https:\/\/www.rovinj-rovigno.hr\/prostorno-uredenje-gradnja-i-okolis\/izdavanje-akata-za-gradnju\/izrada-glavnog-projekta\/","url":"https:\/\/www.rovinj-rovigno.hr\/prostorno-uredenje-gradnja-i-okolis\/izdavanje-akata-za-gradnju\/izrada-glavnog-projekta\/","name":"Preparazione del progetto principale - Citta di Rovinj-Rovigno","isPartOf":{"@id":"https:\/\/www.rovinj-rovigno.hr\/#website"},"datePublished":"2016-12-27T09:10:40+00:00","dateModified":"2017-02-08T09:17:18+00:00","breadcrumb":{"@id":"https:\/\/www.rovinj-rovigno.hr\/prostorno-uredenje-gradnja-i-okolis\/izdavanje-akata-za-gradnju\/izrada-glavnog-projekta\/#breadcrumb"},"inLanguage":"it-IT","potentialAction":[{"@type":"ReadAction","target":["https:\/\/www.rovinj-rovigno.hr\/prostorno-uredenje-gradnja-i-okolis\/izdavanje-akata-za-gradnju\/izrada-glavnog-projekta\/"]}]},{"@type":"BreadcrumbList","@id":"https:\/\/www.rovinj-rovigno.hr\/prostorno-uredenje-gradnja-i-okolis\/izdavanje-akata-za-gradnju\/izrada-glavnog-projekta\/#breadcrumb","itemListElement":[{"@type":"ListItem","position":1,"name":"Po\u010detna stranica","item":"https:\/\/www.rovinj-rovigno.hr\/"},{"@type":"ListItem","position":2,"name":"Prostorno ure\u0111enje, gradnja i okoli\u0161","item":"https:\/\/www.rovinj-rovigno.hr\/prostorno-uredenje-gradnja-i-okolis\/"},{"@type":"ListItem","position":3,"name":"Izdavanje akata za gradnju","item":"https:\/\/www.rovinj-rovigno.hr\/prostorno-uredenje-gradnja-i-okolis\/izdavanje-akata-za-gradnju\/"},{"@type":"ListItem","position":4,"name":"Izrada glavnog projekta"}]},{"@type":"WebSite","@id":"https:\/\/www.rovinj-rovigno.hr\/#website","url":"https:\/\/www.rovinj-rovigno.hr\/","name":"Citta di Rovinj-Rovigno","description":"Sito ufficiale della Citta di Rovinj-Rovigno","potentialAction":[{"@type":"SearchAction","target":{"@type":"EntryPoint","urlTemplate":"https:\/\/www.rovinj-rovigno.hr\/?s={search_term_string}"},"query-input":"required name=search_term_string"}],"inLanguage":"it-IT"}]}},"_links":{"self":[{"href":"https:\/\/www.rovinj-rovigno.hr\/it\/wp-json\/wp\/v2\/pages\/929"}],"collection":[{"href":"https:\/\/www.rovinj-rovigno.hr\/it\/wp-json\/wp\/v2\/pages"}],"about":[{"href":"https:\/\/www.rovinj-rovigno.hr\/it\/wp-json\/wp\/v2\/types\/page"}],"author":[{"embeddable":true,"href":"https:\/\/www.rovinj-rovigno.hr\/it\/wp-json\/wp\/v2\/users\/2"}],"replies":[{"embeddable":true,"href":"https:\/\/www.rovinj-rovigno.hr\/it\/wp-json\/wp\/v2\/comments?post=929"}],"version-history":[{"count":0,"href":"https:\/\/www.rovinj-rovigno.hr\/it\/wp-json\/wp\/v2\/pages\/929\/revisions"}],"up":[{"embeddable":true,"href":"https:\/\/www.rovinj-rovigno.hr\/it\/wp-json\/wp\/v2\/pages\/521"}],"wp:attachment":[{"href":"https:\/\/www.rovinj-rovigno.hr\/it\/wp-json\/wp\/v2\/media?parent=929"}],"curies":[{"name":"wp","href":"https:\/\/api.w.org\/{rel}","templated":true}]}}