{"id":871,"date":"2016-12-12T18:03:41","date_gmt":"2016-12-12T18:03:41","guid":{"rendered":"http:\/\/rovinjhr.lin53.host25.com\/?page_id=871"},"modified":"2017-01-07T19:13:43","modified_gmt":"2017-01-07T19:13:43","slug":"e-zdravstvo","status":"publish","type":"page","link":"https:\/\/www.rovinj-rovigno.hr\/it\/sanita-politica-sociale-e-sicurezza\/hrvatski-zdravlje\/hrvatski-e-zdravstvo\/","title":{"rendered":"E-sanit\u00e0"},"content":{"rendered":"<p>L&#8217;HZZO ha promosso un nuovo servizio web e-sanit\u00e0 per i suoi fruitori d&#8217;affari.<br \/>\nIndirizzo internet : www.hzzo.hr<\/p>\n<ul>\n<li><a href=\"http:\/\/www.cezih.hr\/EhicRequest\/home.html\" target=\"_blank\">Richiesta per la carta di sanit\u00e0 EU<\/a><\/li>\n<\/ul>\n<p><\/p>","protected":false},"excerpt":{"rendered":"<p>L&#8217;HZZO ha promosso un nuovo servizio web e-sanit\u00e0 per i suoi fruitori d&#8217;affari. Indirizzo internet : www.hzzo.hr Richiesta per la carta di sanit\u00e0 EU<\/p>\n","protected":false},"author":2,"featured_media":0,"parent":861,"menu_order":28,"comment_status":"closed","ping_status":"closed","template":"","meta":[],"yoast_head":"<!-- This site is optimized with the Yoast SEO plugin v21.8.1 - https:\/\/yoast.com\/wordpress\/plugins\/seo\/ -->\n<title>E-sanit\u00e0 - Citta di Rovinj-Rovigno<\/title>\n<meta name=\"robots\" content=\"index, follow, max-snippet:-1, max-image-preview:large, max-video-preview:-1\" \/>\n<link rel=\"canonical\" href=\"https:\/\/www.rovinj-rovigno.hr\/zdravlje-socijalna-politika-i-sigurnost\/zdravlje\/e-zdravstvo\/\" \/>\n<meta property=\"og:locale\" content=\"it_IT\" \/>\n<meta property=\"og:type\" content=\"article\" \/>\n<meta property=\"og:title\" content=\"E-sanit\u00e0 - Citta di Rovinj-Rovigno\" \/>\n<meta property=\"og:description\" content=\"L&#8217;HZZO ha promosso un nuovo servizio web e-sanit\u00e0 per i suoi fruitori d&#8217;affari. Indirizzo internet : www.hzzo.hr Richiesta per la carta di sanit\u00e0 EU\" \/>\n<meta property=\"og:url\" content=\"https:\/\/www.rovinj-rovigno.hr\/zdravlje-socijalna-politika-i-sigurnost\/zdravlje\/e-zdravstvo\/\" \/>\n<meta property=\"og:site_name\" content=\"Citta di Rovinj-Rovigno\" \/>\n<meta property=\"article:modified_time\" content=\"2017-01-07T19:13:43+00:00\" \/>\n<meta name=\"twitter:card\" content=\"summary_large_image\" \/>\n<script type=\"application\/ld+json\" class=\"yoast-schema-graph\">{\"@context\":\"https:\/\/schema.org\",\"@graph\":[{\"@type\":\"WebPage\",\"@id\":\"https:\/\/www.rovinj-rovigno.hr\/zdravlje-socijalna-politika-i-sigurnost\/zdravlje\/e-zdravstvo\/\",\"url\":\"https:\/\/www.rovinj-rovigno.hr\/zdravlje-socijalna-politika-i-sigurnost\/zdravlje\/e-zdravstvo\/\",\"name\":\"E-sanit\u00e0 - Citta di Rovinj-Rovigno\",\"isPartOf\":{\"@id\":\"https:\/\/www.rovinj-rovigno.hr\/#website\"},\"datePublished\":\"2016-12-12T18:03:41+00:00\",\"dateModified\":\"2017-01-07T19:13:43+00:00\",\"breadcrumb\":{\"@id\":\"https:\/\/www.rovinj-rovigno.hr\/zdravlje-socijalna-politika-i-sigurnost\/zdravlje\/e-zdravstvo\/#breadcrumb\"},\"inLanguage\":\"it-IT\",\"potentialAction\":[{\"@type\":\"ReadAction\",\"target\":[\"https:\/\/www.rovinj-rovigno.hr\/zdravlje-socijalna-politika-i-sigurnost\/zdravlje\/e-zdravstvo\/\"]}]},{\"@type\":\"BreadcrumbList\",\"@id\":\"https:\/\/www.rovinj-rovigno.hr\/zdravlje-socijalna-politika-i-sigurnost\/zdravlje\/e-zdravstvo\/#breadcrumb\",\"itemListElement\":[{\"@type\":\"ListItem\",\"position\":1,\"name\":\"Po\u010detna stranica\",\"item\":\"https:\/\/www.rovinj-rovigno.hr\/\"},{\"@type\":\"ListItem\",\"position\":2,\"name\":\"Zdravlje, socijalna politika i sigurnost\",\"item\":\"https:\/\/www.rovinj-rovigno.hr\/zdravlje-socijalna-politika-i-sigurnost\/\"},{\"@type\":\"ListItem\",\"position\":3,\"name\":\"Zdravlje\",\"item\":\"https:\/\/www.rovinj-rovigno.hr\/zdravlje-socijalna-politika-i-sigurnost\/zdravlje\/\"},{\"@type\":\"ListItem\",\"position\":4,\"name\":\"e-zdravstvo\"}]},{\"@type\":\"WebSite\",\"@id\":\"https:\/\/www.rovinj-rovigno.hr\/#website\",\"url\":\"https:\/\/www.rovinj-rovigno.hr\/\",\"name\":\"Citta di Rovinj-Rovigno\",\"description\":\"Sito ufficiale della Citta di Rovinj-Rovigno\",\"potentialAction\":[{\"@type\":\"SearchAction\",\"target\":{\"@type\":\"EntryPoint\",\"urlTemplate\":\"https:\/\/www.rovinj-rovigno.hr\/?s={search_term_string}\"},\"query-input\":\"required name=search_term_string\"}],\"inLanguage\":\"it-IT\"}]}<\/script>\n<!-- \/ Yoast SEO plugin. -->","yoast_head_json":{"title":"E-sanit\u00e0 - Citta di Rovinj-Rovigno","robots":{"index":"index","follow":"follow","max-snippet":"max-snippet:-1","max-image-preview":"max-image-preview:large","max-video-preview":"max-video-preview:-1"},"canonical":"https:\/\/www.rovinj-rovigno.hr\/zdravlje-socijalna-politika-i-sigurnost\/zdravlje\/e-zdravstvo\/","og_locale":"it_IT","og_type":"article","og_title":"E-sanit\u00e0 - Citta di Rovinj-Rovigno","og_description":"L&#8217;HZZO ha promosso un nuovo servizio web e-sanit\u00e0 per i suoi fruitori d&#8217;affari. Indirizzo internet : www.hzzo.hr Richiesta per la carta di sanit\u00e0 EU","og_url":"https:\/\/www.rovinj-rovigno.hr\/zdravlje-socijalna-politika-i-sigurnost\/zdravlje\/e-zdravstvo\/","og_site_name":"Citta di Rovinj-Rovigno","article_modified_time":"2017-01-07T19:13:43+00:00","twitter_card":"summary_large_image","schema":{"@context":"https:\/\/schema.org","@graph":[{"@type":"WebPage","@id":"https:\/\/www.rovinj-rovigno.hr\/zdravlje-socijalna-politika-i-sigurnost\/zdravlje\/e-zdravstvo\/","url":"https:\/\/www.rovinj-rovigno.hr\/zdravlje-socijalna-politika-i-sigurnost\/zdravlje\/e-zdravstvo\/","name":"E-sanit\u00e0 - Citta di Rovinj-Rovigno","isPartOf":{"@id":"https:\/\/www.rovinj-rovigno.hr\/#website"},"datePublished":"2016-12-12T18:03:41+00:00","dateModified":"2017-01-07T19:13:43+00:00","breadcrumb":{"@id":"https:\/\/www.rovinj-rovigno.hr\/zdravlje-socijalna-politika-i-sigurnost\/zdravlje\/e-zdravstvo\/#breadcrumb"},"inLanguage":"it-IT","potentialAction":[{"@type":"ReadAction","target":["https:\/\/www.rovinj-rovigno.hr\/zdravlje-socijalna-politika-i-sigurnost\/zdravlje\/e-zdravstvo\/"]}]},{"@type":"BreadcrumbList","@id":"https:\/\/www.rovinj-rovigno.hr\/zdravlje-socijalna-politika-i-sigurnost\/zdravlje\/e-zdravstvo\/#breadcrumb","itemListElement":[{"@type":"ListItem","position":1,"name":"Po\u010detna stranica","item":"https:\/\/www.rovinj-rovigno.hr\/"},{"@type":"ListItem","position":2,"name":"Zdravlje, socijalna politika i sigurnost","item":"https:\/\/www.rovinj-rovigno.hr\/zdravlje-socijalna-politika-i-sigurnost\/"},{"@type":"ListItem","position":3,"name":"Zdravlje","item":"https:\/\/www.rovinj-rovigno.hr\/zdravlje-socijalna-politika-i-sigurnost\/zdravlje\/"},{"@type":"ListItem","position":4,"name":"e-zdravstvo"}]},{"@type":"WebSite","@id":"https:\/\/www.rovinj-rovigno.hr\/#website","url":"https:\/\/www.rovinj-rovigno.hr\/","name":"Citta di Rovinj-Rovigno","description":"Sito ufficiale della Citta di Rovinj-Rovigno","potentialAction":[{"@type":"SearchAction","target":{"@type":"EntryPoint","urlTemplate":"https:\/\/www.rovinj-rovigno.hr\/?s={search_term_string}"},"query-input":"required name=search_term_string"}],"inLanguage":"it-IT"}]}},"_links":{"self":[{"href":"https:\/\/www.rovinj-rovigno.hr\/it\/wp-json\/wp\/v2\/pages\/871"}],"collection":[{"href":"https:\/\/www.rovinj-rovigno.hr\/it\/wp-json\/wp\/v2\/pages"}],"about":[{"href":"https:\/\/www.rovinj-rovigno.hr\/it\/wp-json\/wp\/v2\/types\/page"}],"author":[{"embeddable":true,"href":"https:\/\/www.rovinj-rovigno.hr\/it\/wp-json\/wp\/v2\/users\/2"}],"replies":[{"embeddable":true,"href":"https:\/\/www.rovinj-rovigno.hr\/it\/wp-json\/wp\/v2\/comments?post=871"}],"version-history":[{"count":0,"href":"https:\/\/www.rovinj-rovigno.hr\/it\/wp-json\/wp\/v2\/pages\/871\/revisions"}],"up":[{"embeddable":true,"href":"https:\/\/www.rovinj-rovigno.hr\/it\/wp-json\/wp\/v2\/pages\/861"}],"wp:attachment":[{"href":"https:\/\/www.rovinj-rovigno.hr\/it\/wp-json\/wp\/v2\/media?parent=871"}],"curies":[{"name":"wp","href":"https:\/\/api.w.org\/{rel}","templated":true}]}}