{"id":863,"date":"2016-12-12T17:59:03","date_gmt":"2016-12-12T17:59:03","guid":{"rendered":"http:\/\/rovinjhr.lin53.host25.com\/?page_id=863"},"modified":"2017-05-16T07:57:31","modified_gmt":"2017-05-16T07:57:31","slug":"gradski-programi","status":"publish","type":"page","link":"https:\/\/www.rovinj-rovigno.hr\/it\/sanita-politica-sociale-e-sicurezza\/hrvatski-zdravlje\/hrvatski-gradski-programi\/","title":{"rendered":"Programmi cittadini"},"content":{"rendered":"<p><\/p>\n<ol>\n<li><strong>Mammografia<br \/>\n<\/strong>La Citt\u00e0 di Rovinj-Rovigno finanzia le visite mammografiche per le donne con residenza nel territorio della citt\u00e0 di Rovinj-Rovigno dal 40esimo anno d&#8217;et\u00e0. Tutte le donne che appartengono a questa fascia d\u2019et\u00e0 e non sono comprese nel programma nazionale sono invitate a venire nell\u2019ambulatorio radiologico della Casa di salute rovignese e iscriversi per la visita.<\/li>\n<li><strong>Cofinanziamento del pronto soccorso medico<br \/>\n<\/strong>La Citt\u00e0 di Rovinj-Rovigno cofinanzia il pronto soccorso medico oltre le normative determinate dall\u2019HZZO in merito ai gruppi di pronto soccorso medico. Per questa finalit\u00e0 dal bilancio viene assicurato l\u2019importo di 275.977,00 kune.<\/li>\n<li><strong>Finanziamento del gruppo aggiuntivo del pronto soccorso medico<br \/>\n<\/strong>La Citt\u00e0 di Rovinj-Rovigno finanzia il lavoro del pronto soccorso medico oltre le normative determinate dall\u2019HZZO ossia viene contratta l\u2019occupazione del gruppo aggiuntivo T2 per il territorio di Rovigno composta dall\u2019infermiera \/dal tecnico e dall\u2019autista nel periodo dal 15 giugno al 15 settembre, per cui viene assicurato l\u2019importo di 120.000,00 kune.<\/li>\n<li><strong>Misure sanitarie<br \/>\n<\/strong>La Citt\u00e0 di Rovinj-Rovigno attua insieme all\u2019Istituto per la sanit\u00e0 pubblica della Regione Istriana il programma di alimentazione sana e il controllo igienico-sanitario nei giardini d\u2019infanzia e nelle scuole. Il Programma delle misure pubblico-sanitarie comprende il miglioramento dell\u2019alimentazione e il controllo delle condizioni igienico-sanitarie, l\u2019ispezione epidemiologica, il prelievo e l\u2019analisi dei campioni per controllare la pulizia in cucina, il prelievo e l\u2019analisi dei pasti, la stesura delle proposte di men\u00f9 nonch\u00e9 le raccomandazioni e i consigli culinari.<\/li>\n<\/ol>\n<p><\/p>","protected":false},"excerpt":{"rendered":"<p>Mammografia La Citt\u00e0 di Rovinj-Rovigno finanzia le visite mammografiche per le donne con residenza nel territorio della citt\u00e0 di Rovinj-Rovigno dal 40esimo anno d&#8217;et\u00e0. Tutte le donne che appartengono a questa fascia d\u2019et\u00e0 e non sono comprese nel programma nazionale sono invitate a venire nell\u2019ambulatorio radiologico della Casa di salute rovignese e iscriversi per la [&hellip;]<\/p>\n","protected":false},"author":2,"featured_media":0,"parent":861,"menu_order":21,"comment_status":"closed","ping_status":"closed","template":"","meta":[],"yoast_head":"<!-- This site is optimized with the Yoast SEO plugin v21.8.1 - https:\/\/yoast.com\/wordpress\/plugins\/seo\/ -->\n<title>Programmi cittadini - Citta di Rovinj-Rovigno<\/title>\n<meta name=\"robots\" content=\"index, follow, max-snippet:-1, max-image-preview:large, max-video-preview:-1\" \/>\n<link rel=\"canonical\" href=\"https:\/\/www.rovinj-rovigno.hr\/it\/sanita-politica-sociale-e-sicurezza\/hrvatski-zdravlje\/hrvatski-gradski-programi\/\" \/>\n<meta property=\"og:locale\" content=\"it_IT\" \/>\n<meta property=\"og:type\" content=\"article\" \/>\n<meta property=\"og:title\" content=\"Programmi cittadini - Citta di Rovinj-Rovigno\" \/>\n<meta property=\"og:description\" content=\"Mammografia La Citt\u00e0 di Rovinj-Rovigno finanzia le visite mammografiche per le donne con residenza nel territorio della citt\u00e0 di Rovinj-Rovigno dal 40esimo anno d&#8217;et\u00e0. Tutte le donne che appartengono a questa fascia d\u2019et\u00e0 e non sono comprese nel programma nazionale sono invitate a venire nell\u2019ambulatorio radiologico della Casa di salute rovignese e iscriversi per la [&hellip;]\" \/>\n<meta property=\"og:url\" content=\"https:\/\/www.rovinj-rovigno.hr\/it\/sanita-politica-sociale-e-sicurezza\/hrvatski-zdravlje\/hrvatski-gradski-programi\/\" \/>\n<meta property=\"og:site_name\" content=\"Citta di Rovinj-Rovigno\" \/>\n<meta property=\"article:modified_time\" content=\"2017-05-16T07:57:31+00:00\" \/>\n<meta name=\"twitter:card\" content=\"summary_large_image\" \/>\n<meta name=\"twitter:label1\" content=\"Tempo di lettura stimato\" \/>\n\t<meta name=\"twitter:data1\" content=\"2 minuti\" \/>\n<script type=\"application\/ld+json\" class=\"yoast-schema-graph\">{\"@context\":\"https:\/\/schema.org\",\"@graph\":[{\"@type\":\"WebPage\",\"@id\":\"https:\/\/www.rovinj-rovigno.hr\/it\/sanita-politica-sociale-e-sicurezza\/hrvatski-zdravlje\/hrvatski-gradski-programi\/\",\"url\":\"https:\/\/www.rovinj-rovigno.hr\/it\/sanita-politica-sociale-e-sicurezza\/hrvatski-zdravlje\/hrvatski-gradski-programi\/\",\"name\":\"Programmi cittadini - Citta di Rovinj-Rovigno\",\"isPartOf\":{\"@id\":\"https:\/\/www.rovinj-rovigno.hr\/#website\"},\"datePublished\":\"2016-12-12T17:59:03+00:00\",\"dateModified\":\"2017-05-16T07:57:31+00:00\",\"breadcrumb\":{\"@id\":\"https:\/\/www.rovinj-rovigno.hr\/it\/sanita-politica-sociale-e-sicurezza\/hrvatski-zdravlje\/hrvatski-gradski-programi\/#breadcrumb\"},\"inLanguage\":\"it-IT\",\"potentialAction\":[{\"@type\":\"ReadAction\",\"target\":[\"https:\/\/www.rovinj-rovigno.hr\/it\/sanita-politica-sociale-e-sicurezza\/hrvatski-zdravlje\/hrvatski-gradski-programi\/\"]}]},{\"@type\":\"BreadcrumbList\",\"@id\":\"https:\/\/www.rovinj-rovigno.hr\/it\/sanita-politica-sociale-e-sicurezza\/hrvatski-zdravlje\/hrvatski-gradski-programi\/#breadcrumb\",\"itemListElement\":[{\"@type\":\"ListItem\",\"position\":1,\"name\":\"Po\u010detna stranica\",\"item\":\"https:\/\/www.rovinj-rovigno.hr\/\"},{\"@type\":\"ListItem\",\"position\":2,\"name\":\"Zdravlje, socijalna politika i sigurnost\",\"item\":\"https:\/\/www.rovinj-rovigno.hr\/zdravlje-socijalna-politika-i-sigurnost\/\"},{\"@type\":\"ListItem\",\"position\":3,\"name\":\"Zdravlje\",\"item\":\"https:\/\/www.rovinj-rovigno.hr\/zdravlje-socijalna-politika-i-sigurnost\/zdravlje\/\"},{\"@type\":\"ListItem\",\"position\":4,\"name\":\"Programmi cittadini\"}]},{\"@type\":\"WebSite\",\"@id\":\"https:\/\/www.rovinj-rovigno.hr\/#website\",\"url\":\"https:\/\/www.rovinj-rovigno.hr\/\",\"name\":\"Citta di Rovinj-Rovigno\",\"description\":\"Sito ufficiale della Citta di Rovinj-Rovigno\",\"potentialAction\":[{\"@type\":\"SearchAction\",\"target\":{\"@type\":\"EntryPoint\",\"urlTemplate\":\"https:\/\/www.rovinj-rovigno.hr\/?s={search_term_string}\"},\"query-input\":\"required name=search_term_string\"}],\"inLanguage\":\"it-IT\"}]}<\/script>\n<!-- \/ Yoast SEO plugin. -->","yoast_head_json":{"title":"Programmi cittadini - Citta di Rovinj-Rovigno","robots":{"index":"index","follow":"follow","max-snippet":"max-snippet:-1","max-image-preview":"max-image-preview:large","max-video-preview":"max-video-preview:-1"},"canonical":"https:\/\/www.rovinj-rovigno.hr\/it\/sanita-politica-sociale-e-sicurezza\/hrvatski-zdravlje\/hrvatski-gradski-programi\/","og_locale":"it_IT","og_type":"article","og_title":"Programmi cittadini - Citta di Rovinj-Rovigno","og_description":"Mammografia La Citt\u00e0 di Rovinj-Rovigno finanzia le visite mammografiche per le donne con residenza nel territorio della citt\u00e0 di Rovinj-Rovigno dal 40esimo anno d&#8217;et\u00e0. Tutte le donne che appartengono a questa fascia d\u2019et\u00e0 e non sono comprese nel programma nazionale sono invitate a venire nell\u2019ambulatorio radiologico della Casa di salute rovignese e iscriversi per la [&hellip;]","og_url":"https:\/\/www.rovinj-rovigno.hr\/it\/sanita-politica-sociale-e-sicurezza\/hrvatski-zdravlje\/hrvatski-gradski-programi\/","og_site_name":"Citta di Rovinj-Rovigno","article_modified_time":"2017-05-16T07:57:31+00:00","twitter_card":"summary_large_image","twitter_misc":{"Tempo di lettura stimato":"2 minuti"},"schema":{"@context":"https:\/\/schema.org","@graph":[{"@type":"WebPage","@id":"https:\/\/www.rovinj-rovigno.hr\/it\/sanita-politica-sociale-e-sicurezza\/hrvatski-zdravlje\/hrvatski-gradski-programi\/","url":"https:\/\/www.rovinj-rovigno.hr\/it\/sanita-politica-sociale-e-sicurezza\/hrvatski-zdravlje\/hrvatski-gradski-programi\/","name":"Programmi cittadini - Citta di Rovinj-Rovigno","isPartOf":{"@id":"https:\/\/www.rovinj-rovigno.hr\/#website"},"datePublished":"2016-12-12T17:59:03+00:00","dateModified":"2017-05-16T07:57:31+00:00","breadcrumb":{"@id":"https:\/\/www.rovinj-rovigno.hr\/it\/sanita-politica-sociale-e-sicurezza\/hrvatski-zdravlje\/hrvatski-gradski-programi\/#breadcrumb"},"inLanguage":"it-IT","potentialAction":[{"@type":"ReadAction","target":["https:\/\/www.rovinj-rovigno.hr\/it\/sanita-politica-sociale-e-sicurezza\/hrvatski-zdravlje\/hrvatski-gradski-programi\/"]}]},{"@type":"BreadcrumbList","@id":"https:\/\/www.rovinj-rovigno.hr\/it\/sanita-politica-sociale-e-sicurezza\/hrvatski-zdravlje\/hrvatski-gradski-programi\/#breadcrumb","itemListElement":[{"@type":"ListItem","position":1,"name":"Po\u010detna stranica","item":"https:\/\/www.rovinj-rovigno.hr\/"},{"@type":"ListItem","position":2,"name":"Zdravlje, socijalna politika i sigurnost","item":"https:\/\/www.rovinj-rovigno.hr\/zdravlje-socijalna-politika-i-sigurnost\/"},{"@type":"ListItem","position":3,"name":"Zdravlje","item":"https:\/\/www.rovinj-rovigno.hr\/zdravlje-socijalna-politika-i-sigurnost\/zdravlje\/"},{"@type":"ListItem","position":4,"name":"Programmi cittadini"}]},{"@type":"WebSite","@id":"https:\/\/www.rovinj-rovigno.hr\/#website","url":"https:\/\/www.rovinj-rovigno.hr\/","name":"Citta di Rovinj-Rovigno","description":"Sito ufficiale della Citta di Rovinj-Rovigno","potentialAction":[{"@type":"SearchAction","target":{"@type":"EntryPoint","urlTemplate":"https:\/\/www.rovinj-rovigno.hr\/?s={search_term_string}"},"query-input":"required name=search_term_string"}],"inLanguage":"it-IT"}]}},"_links":{"self":[{"href":"https:\/\/www.rovinj-rovigno.hr\/it\/wp-json\/wp\/v2\/pages\/863"}],"collection":[{"href":"https:\/\/www.rovinj-rovigno.hr\/it\/wp-json\/wp\/v2\/pages"}],"about":[{"href":"https:\/\/www.rovinj-rovigno.hr\/it\/wp-json\/wp\/v2\/types\/page"}],"author":[{"embeddable":true,"href":"https:\/\/www.rovinj-rovigno.hr\/it\/wp-json\/wp\/v2\/users\/2"}],"replies":[{"embeddable":true,"href":"https:\/\/www.rovinj-rovigno.hr\/it\/wp-json\/wp\/v2\/comments?post=863"}],"version-history":[{"count":0,"href":"https:\/\/www.rovinj-rovigno.hr\/it\/wp-json\/wp\/v2\/pages\/863\/revisions"}],"up":[{"embeddable":true,"href":"https:\/\/www.rovinj-rovigno.hr\/it\/wp-json\/wp\/v2\/pages\/861"}],"wp:attachment":[{"href":"https:\/\/www.rovinj-rovigno.hr\/it\/wp-json\/wp\/v2\/media?parent=863"}],"curies":[{"name":"wp","href":"https:\/\/api.w.org\/{rel}","templated":true}]}}