{"id":861,"date":"2016-12-12T17:58:11","date_gmt":"2016-12-12T17:58:11","guid":{"rendered":"http:\/\/rovinjhr.lin53.host25.com\/?page_id=861"},"modified":"2020-11-25T17:19:27","modified_gmt":"2020-11-25T15:19:27","slug":"zdravlje","status":"publish","type":"page","link":"https:\/\/www.rovinj-rovigno.hr\/it\/sanita-politica-sociale-e-sicurezza\/hrvatski-zdravlje\/","title":{"rendered":"Salute"},"content":{"rendered":"<p><strong>P 1033 -Programma: FABBISOGNI PUBBLICI NELLA SANIT\u00c0 = <\/strong><strong>1.411.500,00 kn<br \/>\n<\/strong>Fondamento di legge: Legge sulla tutela sanitaria, Legge sull\u2019autogoverno locale e territoriale (regionale), Legge sul cibo, Legge sull\u2019igiene del cibo e sui criteri microbiologici per il cibo, Legge sulle associazioni, Regolamento sui criteri, le misure e i procedimenti di finanziamento e contrattazione dei programmi e dei progetti di interesse per il bene comune che vengono attuati dalle associazioni. Obiettivo generale: tutela della salute delle donne, maggior qualit\u00e0 di tutela della salute, migliorare lo standard del pronto soccorso medico, realizzazione delle attivit\u00e0 delle associazioni, miglioramento della qualit\u00e0 della vita delle persone malate, miglioramento della qualit\u00e0 dei servizi sanitari e delle condizioni di lavoro delle istituzioni sanitarie. Obiettivo specifico: prevenzione e diagnosi precoce del cancro al seno, accessibilit\u00e0 dei servizi del pronto soccorso medico durante l\u2019anno, elevamento dello standard delle istituzioni sanitarie. Indicatore di efficienza: realizzazione delle visite mammografiche pianificate, indicatori dell\u2019Istituto per la salute pubblica sulle analisi realizzate, prestazione di tempestivo pronto soccorso medico, acquisto di attrezzature e rinnovo delle strutture.<\/p>\n<p><strong>A 103301: Visite preventive \u2013mammografie = 55.000,00 kn<br \/>\n<\/strong>Da questi mezzi si finanzieranno le visite mammografiche per le donne del territorio della Citt\u00e0 di Rovigno, con cui si continua il programma di tutela sanitaria delle donne avviato nel 2005. Le visite vengono effettuate nell\u2019Ambulatorio di radiologia della Casa della salute, mentre nel programma sono comprese le donne dai 40 anni in su.<\/p>\n<p><strong>A 103302: Piano delle misure sanitarie = 60.000,00 kn<br \/>\n<\/strong>Il piano delle misure sanitarie (controllo delle condizioni sanitarie, tecniche ed igieniche relative alla preparazione degli alimenti, alla pulizia nelle cucine, rilevamento e analisi dei campioni) viene attuato nelle istituzioni prescolari e scolastiche.<\/p>\n<p><strong>A 103303: Cofinanziamento dell\u2019Equipe del pronto soccorso medico = 338.000,00 kn<br \/>\n<\/strong>Il cofinanziamento di una parte dei costi per il pronto soccorso medico, ossia per assicurare uno standard elevato in questa attivit\u00e0 nell&#8217;importo di 338.000,00 kn \u00e8 stato disposto sull\u2019obbligo di 275.977,00 kn conformemente all\u2019accordo stipulato con la Regione Istriana, mentre l\u2019importo restante viene assicurato dall\u2019Istituto per la medicina d\u2019urgenza al fine di cofinanziare un\u2019equipe aggiuntiva T2 (autista, infermiera\/tecnico) durante la stagione estiva. Nel finanziamento dell\u2019equipe T2 partecipano i Comuni di Valle, Gimino e Canfanaro.<\/p>\n<p><strong>A 103304: Aiuti per le persone diversamente abili = 5.000,00 kn<br \/>\n<\/strong>I mezzi sono destinati ai sussidi per le persone diversamente abili.<\/p>\n<p><strong>A 103305: Programmi delle associazioni che si occupano di prevenzione e miglioramento della tutela della salute = 20.000,00 kn<br \/>\n<\/strong>Da questi mezzi, in base a concorso pubblico, verranno assegnati sussidi alle associazioni che si occupano di attivit\u00e0 di prevenzione attiva e di miglioramento della tutela della salute.<\/p>\n<p><strong>A 103306: Commissione per la valutazione delle richieste = 500,00 kn<br \/>\n<\/strong>Per le esigenze di attuazione del concorso \u00e8 necessario assicurare i mezzi per l\u2019attivit\u00e0 della Commissione.<\/p>\n<p><strong>K 103301: Ospedale generale di Pola = 268.000,00 kn<br \/>\n<\/strong>In conformit\u00e0 all&#8217;Accordo e al Contratto di cofinanziamento di parte dell&#8217;impegno finanziario per la costruzione e l&#8217;attrezzatura del nuovo Ospedale generale di Pola. In base al nuovo calcolo, con il quale l\u2019obbligo della Citt\u00e0 di Rovigno \u00e8 passato a 6.104.034,01 kn, e nel 2020 \u00e8 necessario assicurare 268.000,00 kn.<\/p>\n<p><strong>K 103302: Acquisto di attrezzature per esigenze sanitarie = 309.000,00 kn<br \/>\n<\/strong>Visto che l\u2019acquisto di un nuovo veicolo, per la qual cosa i mezzi sono stati assicurati nel Bilancio per il 2019, non verr\u00e0 realizzato quest\u2019anno a causa di un ricorso al procedimento di gara d\u2019appalto, i mezzi si pianificano nel 2020 onde portare a termine l\u2019obbligo assunto di acquisto di un nuovo veicolo per le esigenze dell\u2019Istituto di medicina d\u2019urgenza della Regione Istriana \u2013Sezione di Rovigno.<\/p>\n<p><strong>A 103307: Programma di diagnosi precoce del tumore alla prostata = 15.000,00 kn<br \/>\n<\/strong>Nella Repubblica di Croazia ogni giorno vengono scoperti 4 nuovi casi (cca 1700). Ogni giorno 2 uomini muoiono di tumore alla prostata (cca 750).Oggi il tumore alla prostata pu\u00f2 venir curato con successo se scoperto in tempo. Nel programma di diagnosi precoce del tumore alla prostata verrebbero inclusi quegli uomini che non sono mai stai dall\u2019urologo, quelli che hanno pi\u00f9 di 50 anni d\u2019et\u00e0 e quelli che hanno una positiva anamnesi familiare e hanno pi\u00f9 di 40 anni d\u2019et\u00e0, il che \u00e8 conforme alle raccomandazioni dell\u2019Associazione europea urologi. Il programma verrebbe attuato in collaborazione con l\u2019Ospedale generale di Pola. Con i mezzi assicurati verrebbero coperte le spese per le cure e per l\u2019infermiera.<\/p>\n<p><strong>A 103308: Consultorio per la salute sessuale e riproduttiva dei giovani = 12.000,00 kn<br \/>\n<\/strong>Il consultorio per la salute sessuale dei giovani verrebbe attuata come uno dei servizi dell\u2019Istituto per la salute pubblica della Regione Istriana, e precisamente nei consultori dislocati in tutte le citt\u00e0 nel territorio istriano, e su modello del Consultorio per l\u2019alimentazione che opera con successo in tutta la Regione. Il consultorio per la salute sessuale dei giovani operer\u00e0 tramite la collaborazione di esperti, medici specialisti in medicina scolastica in collaborazione con psicologi, epidemiologi e altri esperti. Il consultorio offrir\u00e0 consulenza e sostegno agli utenti interessati, consulenza per le coppie in merito alla contraccezione e alle malattie sessualmente trasmissibili, attivit\u00e0 educative e promozionali nella comunit\u00e0 non che\u2019 educazione per gruppi mirati. L\u2019adesione al consultorio sar\u00e0 libero per gli alunni delle scuole medie superiori, ma anche per altre persone di quest\u2019et\u00e0 che non sono comprese nel sistema scolastico regolare. I servizi saranno gratuiti. Con un lavoro individuale con gli utenti interessati e con le coppie il consultorio attuer\u00e0 attivit\u00e0 e corsi con gli alunni delle classi superiori delle scuole elementari, gli operatori scolastici nelle scuole istriane, i genitori, le associazioni della societ\u00e0 civile e al restante pubblico interessato. Inoltre verr\u00e0 avviata una collaborazione con ginecologi nella tutela sanitaria primaria e altri medici di base, le unit\u00e0 d\u2019autogoverno locale e altri esperti e relatori.<\/p>\n<p><strong>K 103303: Ospedale di ortopedia e riabilitazione \u201cPrim.dr. M.Horvat\u201d = 69.000,00 kn<br \/>\n<\/strong>La Citt\u00e0 di Rovigno assieme alla Regione Istriana e all\u2019Ospedale specialistico di ortopedia e riabilitazione \u201cMartin Horvat\u201d parteciper\u00e0 al finanziamento degli investimenti nel rinnovo e nella ristrutturazione delle strutture dell\u2019ospedale al fine di elevare gli standard e la qualit\u00e0 dei servizi sanitari, offrendo ai pazienti una tutela sanitaria migliore. La stima degli investimenti necessari ammonta a circa 20 milioni di kune e considerate le fasi di realizzazione l\u2019istituzione ha attuato le procedure di scelta dei creditori migliori. Il termine di pagamento del credito \u00e8 di 15 anni. La Citt\u00e0 di Rovigno finanzierebbe 1\/3 dell\u2019obbligo. In merito verranno emanate apposite delibere.<\/p>\n<p><strong>K 103304: Ospedale di ortopedia e riabilitazione \u201cPrim.dr. M.Horvat\u201d \u2013riparazione del tetto = 250.000,00 kn<br \/>\n<\/strong>La Citt\u00e0 di Rovigno, la Regione Istriana e l\u2019Ospedale specialistico di ortopedia e riabilitazione \u201cMartin Horvat\u201d di Rovigno hanno stipulato l\u2019Accordo di cofinanziamento della riparazione del tetto e dei vani interni della sala per la fisioterapia dell\u2019ospedale. L\u2019importo complessivo dei mezzi necessari per il sanamento ammonta a 500.000,00 kn e viene finanziato proporzionalmente, ossia la Regione 50% e la Citt\u00e0 di Rovigno 50%.<\/p>\n<p><strong>T 103301: Ospedale generale Pola \u2013attrezzattura = 10.000,00 kn<br \/>\n<\/strong>I mezzi sono stati assicurati per l\u2019acquisto dei mobili d\u2019ufficio per attrezzare l\u2019ambulatorio urologico in base alla richiesta dell\u2019Ospedale generale Pola.<\/p>","protected":false},"excerpt":{"rendered":"<p>P 1033 -Programma: FABBISOGNI PUBBLICI NELLA SANIT\u00c0 = 1.411.500,00 kn Fondamento di legge: Legge sulla tutela sanitaria, Legge sull\u2019autogoverno locale e territoriale (regionale), Legge sul cibo, Legge sull\u2019igiene del cibo e sui criteri microbiologici per il cibo, Legge sulle associazioni, Regolamento sui criteri, le misure e i procedimenti di finanziamento e contrattazione dei programmi e [&hellip;]<\/p>\n","protected":false},"author":2,"featured_media":0,"parent":27,"menu_order":29,"comment_status":"closed","ping_status":"closed","template":"","meta":[],"yoast_head":"<!-- This site is optimized with the Yoast SEO plugin v21.8.1 - https:\/\/yoast.com\/wordpress\/plugins\/seo\/ -->\n<title>Salute - Citta di Rovinj-Rovigno<\/title>\n<meta name=\"robots\" content=\"index, follow, max-snippet:-1, max-image-preview:large, max-video-preview:-1\" \/>\n<link rel=\"canonical\" href=\"https:\/\/www.rovinj-rovigno.hr\/zdravlje-socijalna-politika-i-sigurnost\/zdravlje\/\" \/>\n<meta property=\"og:locale\" content=\"it_IT\" \/>\n<meta property=\"og:type\" content=\"article\" \/>\n<meta property=\"og:title\" content=\"Salute - Citta di Rovinj-Rovigno\" \/>\n<meta property=\"og:description\" content=\"P 1033 -Programma: FABBISOGNI PUBBLICI NELLA SANIT\u00c0 = 1.411.500,00 kn Fondamento di legge: Legge sulla tutela sanitaria, Legge sull\u2019autogoverno locale e territoriale (regionale), Legge sul cibo, Legge sull\u2019igiene del cibo e sui criteri microbiologici per il cibo, Legge sulle associazioni, Regolamento sui criteri, le misure e i procedimenti di finanziamento e contrattazione dei programmi e [&hellip;]\" \/>\n<meta property=\"og:url\" content=\"https:\/\/www.rovinj-rovigno.hr\/zdravlje-socijalna-politika-i-sigurnost\/zdravlje\/\" \/>\n<meta property=\"og:site_name\" content=\"Citta di Rovinj-Rovigno\" \/>\n<meta property=\"article:modified_time\" content=\"2020-11-25T15:19:27+00:00\" \/>\n<meta name=\"twitter:card\" content=\"summary_large_image\" \/>\n<meta name=\"twitter:label1\" content=\"Tempo di lettura stimato\" \/>\n\t<meta name=\"twitter:data1\" content=\"11 minuti\" \/>\n<script type=\"application\/ld+json\" class=\"yoast-schema-graph\">{\"@context\":\"https:\/\/schema.org\",\"@graph\":[{\"@type\":\"WebPage\",\"@id\":\"https:\/\/www.rovinj-rovigno.hr\/zdravlje-socijalna-politika-i-sigurnost\/zdravlje\/\",\"url\":\"https:\/\/www.rovinj-rovigno.hr\/zdravlje-socijalna-politika-i-sigurnost\/zdravlje\/\",\"name\":\"Salute - Citta di Rovinj-Rovigno\",\"isPartOf\":{\"@id\":\"https:\/\/www.rovinj-rovigno.hr\/#website\"},\"datePublished\":\"2016-12-12T17:58:11+00:00\",\"dateModified\":\"2020-11-25T15:19:27+00:00\",\"breadcrumb\":{\"@id\":\"https:\/\/www.rovinj-rovigno.hr\/zdravlje-socijalna-politika-i-sigurnost\/zdravlje\/#breadcrumb\"},\"inLanguage\":\"it-IT\",\"potentialAction\":[{\"@type\":\"ReadAction\",\"target\":[\"https:\/\/www.rovinj-rovigno.hr\/zdravlje-socijalna-politika-i-sigurnost\/zdravlje\/\"]}]},{\"@type\":\"BreadcrumbList\",\"@id\":\"https:\/\/www.rovinj-rovigno.hr\/zdravlje-socijalna-politika-i-sigurnost\/zdravlje\/#breadcrumb\",\"itemListElement\":[{\"@type\":\"ListItem\",\"position\":1,\"name\":\"Po\u010detna stranica\",\"item\":\"https:\/\/www.rovinj-rovigno.hr\/\"},{\"@type\":\"ListItem\",\"position\":2,\"name\":\"Zdravlje, socijalna politika i sigurnost\",\"item\":\"https:\/\/www.rovinj-rovigno.hr\/zdravlje-socijalna-politika-i-sigurnost\/\"},{\"@type\":\"ListItem\",\"position\":3,\"name\":\"Zdravlje\"}]},{\"@type\":\"WebSite\",\"@id\":\"https:\/\/www.rovinj-rovigno.hr\/#website\",\"url\":\"https:\/\/www.rovinj-rovigno.hr\/\",\"name\":\"Citta di Rovinj-Rovigno\",\"description\":\"Sito ufficiale della Citta di Rovinj-Rovigno\",\"potentialAction\":[{\"@type\":\"SearchAction\",\"target\":{\"@type\":\"EntryPoint\",\"urlTemplate\":\"https:\/\/www.rovinj-rovigno.hr\/?s={search_term_string}\"},\"query-input\":\"required name=search_term_string\"}],\"inLanguage\":\"it-IT\"}]}<\/script>\n<!-- \/ Yoast SEO plugin. -->","yoast_head_json":{"title":"Salute - Citta di Rovinj-Rovigno","robots":{"index":"index","follow":"follow","max-snippet":"max-snippet:-1","max-image-preview":"max-image-preview:large","max-video-preview":"max-video-preview:-1"},"canonical":"https:\/\/www.rovinj-rovigno.hr\/zdravlje-socijalna-politika-i-sigurnost\/zdravlje\/","og_locale":"it_IT","og_type":"article","og_title":"Salute - Citta di Rovinj-Rovigno","og_description":"P 1033 -Programma: FABBISOGNI PUBBLICI NELLA SANIT\u00c0 = 1.411.500,00 kn Fondamento di legge: Legge sulla tutela sanitaria, Legge sull\u2019autogoverno locale e territoriale (regionale), Legge sul cibo, Legge sull\u2019igiene del cibo e sui criteri microbiologici per il cibo, Legge sulle associazioni, Regolamento sui criteri, le misure e i procedimenti di finanziamento e contrattazione dei programmi e [&hellip;]","og_url":"https:\/\/www.rovinj-rovigno.hr\/zdravlje-socijalna-politika-i-sigurnost\/zdravlje\/","og_site_name":"Citta di Rovinj-Rovigno","article_modified_time":"2020-11-25T15:19:27+00:00","twitter_card":"summary_large_image","twitter_misc":{"Tempo di lettura stimato":"11 minuti"},"schema":{"@context":"https:\/\/schema.org","@graph":[{"@type":"WebPage","@id":"https:\/\/www.rovinj-rovigno.hr\/zdravlje-socijalna-politika-i-sigurnost\/zdravlje\/","url":"https:\/\/www.rovinj-rovigno.hr\/zdravlje-socijalna-politika-i-sigurnost\/zdravlje\/","name":"Salute - Citta di Rovinj-Rovigno","isPartOf":{"@id":"https:\/\/www.rovinj-rovigno.hr\/#website"},"datePublished":"2016-12-12T17:58:11+00:00","dateModified":"2020-11-25T15:19:27+00:00","breadcrumb":{"@id":"https:\/\/www.rovinj-rovigno.hr\/zdravlje-socijalna-politika-i-sigurnost\/zdravlje\/#breadcrumb"},"inLanguage":"it-IT","potentialAction":[{"@type":"ReadAction","target":["https:\/\/www.rovinj-rovigno.hr\/zdravlje-socijalna-politika-i-sigurnost\/zdravlje\/"]}]},{"@type":"BreadcrumbList","@id":"https:\/\/www.rovinj-rovigno.hr\/zdravlje-socijalna-politika-i-sigurnost\/zdravlje\/#breadcrumb","itemListElement":[{"@type":"ListItem","position":1,"name":"Po\u010detna stranica","item":"https:\/\/www.rovinj-rovigno.hr\/"},{"@type":"ListItem","position":2,"name":"Zdravlje, socijalna politika i sigurnost","item":"https:\/\/www.rovinj-rovigno.hr\/zdravlje-socijalna-politika-i-sigurnost\/"},{"@type":"ListItem","position":3,"name":"Zdravlje"}]},{"@type":"WebSite","@id":"https:\/\/www.rovinj-rovigno.hr\/#website","url":"https:\/\/www.rovinj-rovigno.hr\/","name":"Citta di Rovinj-Rovigno","description":"Sito ufficiale della Citta di Rovinj-Rovigno","potentialAction":[{"@type":"SearchAction","target":{"@type":"EntryPoint","urlTemplate":"https:\/\/www.rovinj-rovigno.hr\/?s={search_term_string}"},"query-input":"required name=search_term_string"}],"inLanguage":"it-IT"}]}},"_links":{"self":[{"href":"https:\/\/www.rovinj-rovigno.hr\/it\/wp-json\/wp\/v2\/pages\/861"}],"collection":[{"href":"https:\/\/www.rovinj-rovigno.hr\/it\/wp-json\/wp\/v2\/pages"}],"about":[{"href":"https:\/\/www.rovinj-rovigno.hr\/it\/wp-json\/wp\/v2\/types\/page"}],"author":[{"embeddable":true,"href":"https:\/\/www.rovinj-rovigno.hr\/it\/wp-json\/wp\/v2\/users\/2"}],"replies":[{"embeddable":true,"href":"https:\/\/www.rovinj-rovigno.hr\/it\/wp-json\/wp\/v2\/comments?post=861"}],"version-history":[{"count":0,"href":"https:\/\/www.rovinj-rovigno.hr\/it\/wp-json\/wp\/v2\/pages\/861\/revisions"}],"up":[{"embeddable":true,"href":"https:\/\/www.rovinj-rovigno.hr\/it\/wp-json\/wp\/v2\/pages\/27"}],"wp:attachment":[{"href":"https:\/\/www.rovinj-rovigno.hr\/it\/wp-json\/wp\/v2\/media?parent=861"}],"curies":[{"name":"wp","href":"https:\/\/api.w.org\/{rel}","templated":true}]}}