{"id":851,"date":"2016-12-12T17:53:32","date_gmt":"2016-12-12T17:53:32","guid":{"rendered":"http:\/\/rovinjhr.lin53.host25.com\/?page_id=851"},"modified":"2020-11-23T18:41:41","modified_gmt":"2020-11-23T16:41:41","slug":"pravo-koristenje-organiziranog-prijevoza-radi-odlaska-dnevni-centar-rehabilitaciju-veruda-pula-skolu-odgoj-obrazovanje-pula","status":"publish","type":"page","link":"https:\/\/www.rovinj-rovigno.hr\/it\/sanita-politica-sociale-e-sicurezza\/hrvatski-podrska-obitelji\/hrvatski-pravo-na-koristenje-organiziranog-prijevoza-radi-odlaska-u-dnevni-centar-za-rehabilitaciju-veruda-pula-i-skolu-za-odgoj-i-obrazovanje-pula\/","title":{"rendered":"Diritto all&#8217;utilizzo del trasporto organizzato per frequentare il Centro diurno per la riabilitazione Veruda \u2013 Pola e Scuola per l\u2019educazione e l\u2019istruzione di Pola"},"content":{"rendered":"<p>Hanno diritto ad usufruire del trasporto organizzato per frequentare il Centro diurno per la riabilitazione Veruda &#8211; Pola e la Scuola per l\u2019educazione e l\u2019istruzione di Pola, i bambini che usufruiscono dei servizi di soggiorno in tali istituzioni.<br \/>\nQualora non fossero in grado di utilizzare il trasporto organizzato, e qualora le spese del trasporto non fossero assicurate in altro modo, hanno diritto al versamento di un aiuto dell\u2019importo di 80,00 kune per ogni giorno di soggiorno in tali istituzioni.<\/p>\n<p>Il fruitore dell\u2019aiuto ha l\u2019obbligo di allegare alla richiesta la conferma di frequenza dell\u2019istituto.<br \/>\nI mezzi vengono versati in base ai dati di frequentazione forniti dall\u2019istituzione.<\/p>\n<p>Moduli:<\/p>\n<ul>\n<li><a href=\"https:\/\/rovinj.eobrasci.hr\/forms\/19-zahtjev-za-podmirenje-prijevoznih-troskova-ucenika-djece-sa-posebnim-potrebama-za-dnevni-centar-za-rehabilitaciju-veruda-pula-i-skolu-za-odgoj-i-obrazovanje-u-puli-person\/\">Zahtjev za podmirenje prijevoznih tro\u0161kova u\u010denika &#8211; djece sa posebnim potrebama, za dnevni centar za rehabilitaciju Veruda-pula i \u0161kolu za odgoj i obrazovanje u Puli<\/a><\/li>\n<\/ul>\n<p><\/p>","protected":false},"excerpt":{"rendered":"<p>Hanno diritto ad usufruire del trasporto organizzato per frequentare il Centro diurno per la riabilitazione Veruda &#8211; Pola e la Scuola per l\u2019educazione e l\u2019istruzione di Pola, i bambini che usufruiscono dei servizi di soggiorno in tali istituzioni. Qualora non fossero in grado di utilizzare il trasporto organizzato, e qualora le spese del trasporto non [&hellip;]<\/p>\n","protected":false},"author":2,"featured_media":0,"parent":843,"menu_order":28,"comment_status":"closed","ping_status":"closed","template":"","meta":[],"yoast_head":"<!-- This site is optimized with the Yoast SEO plugin v21.8.1 - https:\/\/yoast.com\/wordpress\/plugins\/seo\/ -->\n<title>Diritto all&#039;utilizzo del trasporto organizzato per frequentare il Centro diurno per la riabilitazione Veruda \u2013 Pola e Scuola per l\u2019educazione e l\u2019istruzione di Pola - Citta di Rovinj-Rovigno<\/title>\n<meta name=\"robots\" content=\"index, follow, max-snippet:-1, max-image-preview:large, max-video-preview:-1\" \/>\n<link rel=\"canonical\" href=\"https:\/\/www.rovinj-rovigno.hr\/zdravlje-socijalna-politika-i-sigurnost\/podrska-obitelji\/pravo-na-koristenje-organiziranog-prijevoza-radi-odlaska-u-dnevni-centar-za-rehabilitaciju-veruda-pula-i-skolu-za-odgoj-i-obrazovanje-pula\/\" \/>\n<meta property=\"og:locale\" content=\"it_IT\" \/>\n<meta property=\"og:type\" content=\"article\" \/>\n<meta property=\"og:title\" content=\"Diritto all&#039;utilizzo del trasporto organizzato per frequentare il Centro diurno per la riabilitazione Veruda \u2013 Pola e Scuola per l\u2019educazione e l\u2019istruzione di Pola - Citta di Rovinj-Rovigno\" \/>\n<meta property=\"og:description\" content=\"Hanno diritto ad usufruire del trasporto organizzato per frequentare il Centro diurno per la riabilitazione Veruda &#8211; Pola e la Scuola per l\u2019educazione e l\u2019istruzione di Pola, i bambini che usufruiscono dei servizi di soggiorno in tali istituzioni. Qualora non fossero in grado di utilizzare il trasporto organizzato, e qualora le spese del trasporto non [&hellip;]\" \/>\n<meta property=\"og:url\" content=\"https:\/\/www.rovinj-rovigno.hr\/zdravlje-socijalna-politika-i-sigurnost\/podrska-obitelji\/pravo-na-koristenje-organiziranog-prijevoza-radi-odlaska-u-dnevni-centar-za-rehabilitaciju-veruda-pula-i-skolu-za-odgoj-i-obrazovanje-pula\/\" \/>\n<meta property=\"og:site_name\" content=\"Citta di Rovinj-Rovigno\" \/>\n<meta property=\"article:modified_time\" content=\"2020-11-23T16:41:41+00:00\" \/>\n<meta name=\"twitter:card\" content=\"summary_large_image\" \/>\n<meta name=\"twitter:label1\" content=\"Tempo di lettura stimato\" \/>\n\t<meta name=\"twitter:data1\" content=\"1 minuto\" \/>\n<script type=\"application\/ld+json\" class=\"yoast-schema-graph\">{\"@context\":\"https:\/\/schema.org\",\"@graph\":[{\"@type\":\"WebPage\",\"@id\":\"https:\/\/www.rovinj-rovigno.hr\/zdravlje-socijalna-politika-i-sigurnost\/podrska-obitelji\/pravo-na-koristenje-organiziranog-prijevoza-radi-odlaska-u-dnevni-centar-za-rehabilitaciju-veruda-pula-i-skolu-za-odgoj-i-obrazovanje-pula\/\",\"url\":\"https:\/\/www.rovinj-rovigno.hr\/zdravlje-socijalna-politika-i-sigurnost\/podrska-obitelji\/pravo-na-koristenje-organiziranog-prijevoza-radi-odlaska-u-dnevni-centar-za-rehabilitaciju-veruda-pula-i-skolu-za-odgoj-i-obrazovanje-pula\/\",\"name\":\"Diritto all'utilizzo del trasporto organizzato per frequentare il Centro diurno per la riabilitazione Veruda \u2013 Pola e Scuola per l\u2019educazione e l\u2019istruzione di Pola - Citta di Rovinj-Rovigno\",\"isPartOf\":{\"@id\":\"https:\/\/www.rovinj-rovigno.hr\/#website\"},\"datePublished\":\"2016-12-12T17:53:32+00:00\",\"dateModified\":\"2020-11-23T16:41:41+00:00\",\"breadcrumb\":{\"@id\":\"https:\/\/www.rovinj-rovigno.hr\/zdravlje-socijalna-politika-i-sigurnost\/podrska-obitelji\/pravo-na-koristenje-organiziranog-prijevoza-radi-odlaska-u-dnevni-centar-za-rehabilitaciju-veruda-pula-i-skolu-za-odgoj-i-obrazovanje-pula\/#breadcrumb\"},\"inLanguage\":\"it-IT\",\"potentialAction\":[{\"@type\":\"ReadAction\",\"target\":[\"https:\/\/www.rovinj-rovigno.hr\/zdravlje-socijalna-politika-i-sigurnost\/podrska-obitelji\/pravo-na-koristenje-organiziranog-prijevoza-radi-odlaska-u-dnevni-centar-za-rehabilitaciju-veruda-pula-i-skolu-za-odgoj-i-obrazovanje-pula\/\"]}]},{\"@type\":\"BreadcrumbList\",\"@id\":\"https:\/\/www.rovinj-rovigno.hr\/zdravlje-socijalna-politika-i-sigurnost\/podrska-obitelji\/pravo-na-koristenje-organiziranog-prijevoza-radi-odlaska-u-dnevni-centar-za-rehabilitaciju-veruda-pula-i-skolu-za-odgoj-i-obrazovanje-pula\/#breadcrumb\",\"itemListElement\":[{\"@type\":\"ListItem\",\"position\":1,\"name\":\"Po\u010detna stranica\",\"item\":\"https:\/\/www.rovinj-rovigno.hr\/\"},{\"@type\":\"ListItem\",\"position\":2,\"name\":\"Zdravlje, socijalna politika i sigurnost\",\"item\":\"https:\/\/www.rovinj-rovigno.hr\/zdravlje-socijalna-politika-i-sigurnost\/\"},{\"@type\":\"ListItem\",\"position\":3,\"name\":\"Sostegni alle famiglie\",\"item\":\"https:\/\/www.rovinj-rovigno.hr\/it\/sanita-politica-sociale-e-sicurezza\/hrvatski-podrska-obitelji\/\"},{\"@type\":\"ListItem\",\"position\":4,\"name\":\"Pravo na kori\u0161tenje organiziranog prijevoza radi odlaska u Dnevni centar za rehabilitaciju Veruda-Pula i \u0160kolu za odgoj i obrazovanje Pula\"}]},{\"@type\":\"WebSite\",\"@id\":\"https:\/\/www.rovinj-rovigno.hr\/#website\",\"url\":\"https:\/\/www.rovinj-rovigno.hr\/\",\"name\":\"Citta di Rovinj-Rovigno\",\"description\":\"Sito ufficiale della Citta di Rovinj-Rovigno\",\"potentialAction\":[{\"@type\":\"SearchAction\",\"target\":{\"@type\":\"EntryPoint\",\"urlTemplate\":\"https:\/\/www.rovinj-rovigno.hr\/?s={search_term_string}\"},\"query-input\":\"required name=search_term_string\"}],\"inLanguage\":\"it-IT\"}]}<\/script>\n<!-- \/ Yoast SEO plugin. -->","yoast_head_json":{"title":"Diritto all'utilizzo del trasporto organizzato per frequentare il Centro diurno per la riabilitazione Veruda \u2013 Pola e Scuola per l\u2019educazione e l\u2019istruzione di Pola - Citta di Rovinj-Rovigno","robots":{"index":"index","follow":"follow","max-snippet":"max-snippet:-1","max-image-preview":"max-image-preview:large","max-video-preview":"max-video-preview:-1"},"canonical":"https:\/\/www.rovinj-rovigno.hr\/zdravlje-socijalna-politika-i-sigurnost\/podrska-obitelji\/pravo-na-koristenje-organiziranog-prijevoza-radi-odlaska-u-dnevni-centar-za-rehabilitaciju-veruda-pula-i-skolu-za-odgoj-i-obrazovanje-pula\/","og_locale":"it_IT","og_type":"article","og_title":"Diritto all'utilizzo del trasporto organizzato per frequentare il Centro diurno per la riabilitazione Veruda \u2013 Pola e Scuola per l\u2019educazione e l\u2019istruzione di Pola - Citta di Rovinj-Rovigno","og_description":"Hanno diritto ad usufruire del trasporto organizzato per frequentare il Centro diurno per la riabilitazione Veruda &#8211; Pola e la Scuola per l\u2019educazione e l\u2019istruzione di Pola, i bambini che usufruiscono dei servizi di soggiorno in tali istituzioni. Qualora non fossero in grado di utilizzare il trasporto organizzato, e qualora le spese del trasporto non [&hellip;]","og_url":"https:\/\/www.rovinj-rovigno.hr\/zdravlje-socijalna-politika-i-sigurnost\/podrska-obitelji\/pravo-na-koristenje-organiziranog-prijevoza-radi-odlaska-u-dnevni-centar-za-rehabilitaciju-veruda-pula-i-skolu-za-odgoj-i-obrazovanje-pula\/","og_site_name":"Citta di Rovinj-Rovigno","article_modified_time":"2020-11-23T16:41:41+00:00","twitter_card":"summary_large_image","twitter_misc":{"Tempo di lettura stimato":"1 minuto"},"schema":{"@context":"https:\/\/schema.org","@graph":[{"@type":"WebPage","@id":"https:\/\/www.rovinj-rovigno.hr\/zdravlje-socijalna-politika-i-sigurnost\/podrska-obitelji\/pravo-na-koristenje-organiziranog-prijevoza-radi-odlaska-u-dnevni-centar-za-rehabilitaciju-veruda-pula-i-skolu-za-odgoj-i-obrazovanje-pula\/","url":"https:\/\/www.rovinj-rovigno.hr\/zdravlje-socijalna-politika-i-sigurnost\/podrska-obitelji\/pravo-na-koristenje-organiziranog-prijevoza-radi-odlaska-u-dnevni-centar-za-rehabilitaciju-veruda-pula-i-skolu-za-odgoj-i-obrazovanje-pula\/","name":"Diritto all'utilizzo del trasporto organizzato per frequentare il Centro diurno per la riabilitazione Veruda \u2013 Pola e Scuola per l\u2019educazione e l\u2019istruzione di Pola - Citta di Rovinj-Rovigno","isPartOf":{"@id":"https:\/\/www.rovinj-rovigno.hr\/#website"},"datePublished":"2016-12-12T17:53:32+00:00","dateModified":"2020-11-23T16:41:41+00:00","breadcrumb":{"@id":"https:\/\/www.rovinj-rovigno.hr\/zdravlje-socijalna-politika-i-sigurnost\/podrska-obitelji\/pravo-na-koristenje-organiziranog-prijevoza-radi-odlaska-u-dnevni-centar-za-rehabilitaciju-veruda-pula-i-skolu-za-odgoj-i-obrazovanje-pula\/#breadcrumb"},"inLanguage":"it-IT","potentialAction":[{"@type":"ReadAction","target":["https:\/\/www.rovinj-rovigno.hr\/zdravlje-socijalna-politika-i-sigurnost\/podrska-obitelji\/pravo-na-koristenje-organiziranog-prijevoza-radi-odlaska-u-dnevni-centar-za-rehabilitaciju-veruda-pula-i-skolu-za-odgoj-i-obrazovanje-pula\/"]}]},{"@type":"BreadcrumbList","@id":"https:\/\/www.rovinj-rovigno.hr\/zdravlje-socijalna-politika-i-sigurnost\/podrska-obitelji\/pravo-na-koristenje-organiziranog-prijevoza-radi-odlaska-u-dnevni-centar-za-rehabilitaciju-veruda-pula-i-skolu-za-odgoj-i-obrazovanje-pula\/#breadcrumb","itemListElement":[{"@type":"ListItem","position":1,"name":"Po\u010detna stranica","item":"https:\/\/www.rovinj-rovigno.hr\/"},{"@type":"ListItem","position":2,"name":"Zdravlje, socijalna politika i sigurnost","item":"https:\/\/www.rovinj-rovigno.hr\/zdravlje-socijalna-politika-i-sigurnost\/"},{"@type":"ListItem","position":3,"name":"Sostegni alle famiglie","item":"https:\/\/www.rovinj-rovigno.hr\/it\/sanita-politica-sociale-e-sicurezza\/hrvatski-podrska-obitelji\/"},{"@type":"ListItem","position":4,"name":"Pravo na kori\u0161tenje organiziranog prijevoza radi odlaska u Dnevni centar za rehabilitaciju Veruda-Pula i \u0160kolu za odgoj i obrazovanje Pula"}]},{"@type":"WebSite","@id":"https:\/\/www.rovinj-rovigno.hr\/#website","url":"https:\/\/www.rovinj-rovigno.hr\/","name":"Citta di Rovinj-Rovigno","description":"Sito ufficiale della Citta di Rovinj-Rovigno","potentialAction":[{"@type":"SearchAction","target":{"@type":"EntryPoint","urlTemplate":"https:\/\/www.rovinj-rovigno.hr\/?s={search_term_string}"},"query-input":"required name=search_term_string"}],"inLanguage":"it-IT"}]}},"_links":{"self":[{"href":"https:\/\/www.rovinj-rovigno.hr\/it\/wp-json\/wp\/v2\/pages\/851"}],"collection":[{"href":"https:\/\/www.rovinj-rovigno.hr\/it\/wp-json\/wp\/v2\/pages"}],"about":[{"href":"https:\/\/www.rovinj-rovigno.hr\/it\/wp-json\/wp\/v2\/types\/page"}],"author":[{"embeddable":true,"href":"https:\/\/www.rovinj-rovigno.hr\/it\/wp-json\/wp\/v2\/users\/2"}],"replies":[{"embeddable":true,"href":"https:\/\/www.rovinj-rovigno.hr\/it\/wp-json\/wp\/v2\/comments?post=851"}],"version-history":[{"count":0,"href":"https:\/\/www.rovinj-rovigno.hr\/it\/wp-json\/wp\/v2\/pages\/851\/revisions"}],"up":[{"embeddable":true,"href":"https:\/\/www.rovinj-rovigno.hr\/it\/wp-json\/wp\/v2\/pages\/843"}],"wp:attachment":[{"href":"https:\/\/www.rovinj-rovigno.hr\/it\/wp-json\/wp\/v2\/media?parent=851"}],"curies":[{"name":"wp","href":"https:\/\/api.w.org\/{rel}","templated":true}]}}