{"id":819,"date":"2016-12-12T17:38:32","date_gmt":"2016-12-12T17:38:32","guid":{"rendered":"http:\/\/rovinjhr.lin53.host25.com\/?page_id=819"},"modified":"2020-12-03T23:57:01","modified_gmt":"2020-12-03T21:57:01","slug":"javne-potrebe","status":"publish","type":"page","link":"https:\/\/www.rovinj-rovigno.hr\/it\/cultura-scienza-e-sport\/hrvatski-sport-i-rekreacija\/hrvatski-javne-potrebe-2\/","title":{"rendered":"Fabbisogni pubblici nello sport"},"content":{"rendered":"<p><strong>Programma 1029: FABBISOGNI PUBBLICI NELLO SPORT = 10.000,00 kn<br \/>\n<\/strong>Fondamento di legge: Legge sullo sport, Legge sulle associazioni, Regolamento sui criteri, le misure e i procedimenti di finanziamento e contrattazione dei programmi e dei progetti di interesse per il bene generale che vengono attuati dalle associazioni. Obiettivo generale: attuazione delle attivit\u00e0 sportive, promozione dell\u2019attivit\u00e0 sportiva.<br \/>\nObiettivo specifico: promozione dello sport e della citt\u00e0 di Rovigno.<br \/>\nIndicatore di efficienza: realizzazione delle manifestazioni alle quali vengono assegnati dei contributi.<\/p>\n<p><strong>A 102901: Manifestazioni sportive = 10.000,00 kn<br \/>\n<\/strong>Il concorso per il finanziamento delle spese relative alle manifestazioni sportive \u00e8 stato annullato a causa del previsto calo delle entrate di bilancio. Pertanto i mezzi sono stati pianificati a livello delle spese realizzate fino al mese di marzo e riguardano le spese del programma \u201cSportivo dell\u2019anno\u201d organizzato dall\u2019Unione sportiva.<\/p>\n<p><strong>A 102902: Commissione per la valutazione delle richieste = 0,00 kn<br \/>\n<\/strong>Non \u00e8 stata effettuata alcune valutazione a causa dell\u2019annullamento del concorso, pertanto non \u00e8 necessario accantonare mezzi finanziari.<\/p>\n<p><strong>Programma 1030: ATTIVIT\u00c0 DELL\u2019UNIONE SPORTIVA = 2.548.000,00 kn<br \/>\n<\/strong>Fondamento di legge: Legge sullo sport, Legge sulle associazioni, Regolamento sui criteri, le misure e i procedimenti di finanziamento e contrattazione dei programmi e dei progetti di interesse per il bene comune che vengono attuati dalle associazioni. Obiettivo generale: spronare e promuovere la pratica dello sport fin dalla pi\u00f9 tenera et\u00e0, creare le condizioni per l\u2019adempimento delle necessit\u00e0 nelle attivit\u00e0 sportive per tutte le et\u00e0.<br \/>\nObiettivo specifico: indirizzare sistematicamente lo sviluppo dello sport, includendo il maggior numero di bambini, giovani e cittadini nelle attivit\u00e0 sportive nelle nuove condizioni.<br \/>\nIndicatore di efficienza: realizzazione dei programmi relativi alle competizioni e agli allenamenti, seguire costantemente le attivit\u00e0 a causa dell\u2019attuazione delle misure adottate dal comando della protezione civile.<\/p>\n<p><strong>A 103001: Servizio specializzato e Comitato esecutivo dell\u2019Unione sportiva = 290.000,00 kn<br \/>\n<\/strong>Dai mezzi per il lavoro del servizio specializzato vengono finanziate tutte le uscite materiali legate al funzionamento dell\u2019Unione sportiva, e il suo segretario. Sono stati garantiti anche i mezzi per le attivit\u00e0 degli organismi dell\u2019Unione che costituiscono una unit\u00e0 operativa insieme con il servizio specializzato.<\/p>\n<p><strong>A 103002: Associazioni sportive = 1.580.000,00 kn<br \/>\n<\/strong>Dai mezzi pianificati verranno finanziate tutte le associazioni sportive, i membri dell\u2019Unione sportiva, con sede sul territorio della citt\u00e0 di Rovinj-Rovigno. I mezzi sono stati pianificati in conformit\u00e0 con le attivit\u00e0 dei club sportivi poich\u00e9 a causa dell\u2019epidemia da COVID-19 e in seguito alla delibera del Comando, i club da marzo a fine giugno non hanno potuto realizzare gran parte delle proprie attivit\u00e0. I programmi delle associazioni sportive verranno seguiti e finanziati nell\u2019ambito e in base alla struttura delle spese composta dai seguenti elementi: -personale specializzato,-spese delle competizioni (quote di iscrizione, spese viaggio dei giudici di gara, registrazione dei concorrenti, ecc.),-spese di vitto e trasporto alle competizioni,-spese di alloggio,-spese per i servizi contabili-altre spese materiali necessarie per il funzionamento dell\u2019associazione. Questi mezzi vengono ripartiti nell\u2019ambito della Comunit\u00e0 sportiva in base ai criteri che sono stati accettati dagli organismi della medesima.<\/p>\n<p><strong>A 103003: Progetti ricreativo-sportivi= 5.000,00 kn<br \/>\n<\/strong>Con questi mezzi vengono finanziati i membri della Societ\u00e0 per la ricreazione sportiva. Oltre ai mezzi garantiti viene seguita la necessit\u00e0 di sviluppare la ricreazione sportiva assicurando impianti, organizzando manifestazioni, ecc.<\/p>\n<p><strong>A 103005: Popolana = 0,00 kn<br \/>\n<\/strong>La manifestazione non ha avuto luogo visto che nel periodo in cui doveva svolgersi erano in vigore le misure a causa dell\u2019epidemia.<\/p>\n<p><strong>A 103006: Progetti congiunti = 673.000,00 kn<br \/>\n<\/strong>Con i mezzi pianificati nell\u2019importo di 673.000,00 kune vengono finanziate le visite mediche per gli sportivi, l&#8217;assicurazione degli sportivi, il perfezionamento professionale dei quadri, il finanziamento di sportivi di spicco e promettenti, il programma per i bambini con esigenze particolari, le manifestazioni sportive organizzate dai club e dalla Comunit\u00e0 sportiva, e per l\u2019utilizzo degli impianti sportivi (palestre). L\u2019aumento riguarda la continuazione delle attivit\u00e0 in seguito all\u2019allentamento delle misure epidemiche ossia l\u2019aumento di quasi 53.000,00 kn si riferisce ai mezzi che verranno assicurati dall\u2019affitto dei vani d\u2019affari nell\u2019ambito degli impianti sportivi, il tutto in base alla Delibera sulle modalit\u00e0 di ripartizione\/utilizzo dei mezzi realizzati dal canone d&#8217;affitto delle singole parti degli impianti sportivi che non vengono utilizzate per le attivit\u00e0 sportive dei club. I mezzi di finanziamento di questi programmi verranno versati in rate mensili, in base ad apposite richieste. La Comunit\u00e0 sportiva ha l\u2019obbligo di informare almeno una volta all\u2019anno di come vengono spesi i mezzi e in merito al lavoro svolto.<\/p>\n<p><strong>Programma 1031: COFINANZIAMENTO DELLA SOCIET\u00c0 COMMERCIALE \u201cVALBRUNA SPORT\u201d =5.049.950,00 kn<br \/>\n<\/strong>Fondamento di legge: Legge sullo sport.<br \/>\nObiettivo generale: creare le condizioni per l\u2019adempimento delle necessit\u00e0 nelle attivit\u00e0 sportive per tutte le et\u00e0.<br \/>\nObiettivo specifico: investimento, miglioramento e manutenzione costante delle infrastrutture sportive.<br \/>\nIndicatore di efficienza: accessibilit\u00e0 all\u2019utilizzo degli impianti sportivi alle associazioni e ad altri utenti.<\/p>\n<p><strong>A 103101: Gestione ordinaria della SC Valbruna sport = 1.028.000,00 kn<br \/>\n<\/strong>Questa societ\u00e0 \u00e8 stata fondata per amministrare, mantenere e costruire gli impianti sportivi nel territorio della nostra citt\u00e0. L\u2019azienda Valbruna sport s.r.l. gestisce la grande palestra di Valbruna, quella della Casa del Pioniere e Mulini, nonch\u00e9 la piscina Delfino, i campi di calcio a Rovigno e a Villa di Rovigno. Tutti questi impianti sportivi vengono utilizzati dalle associazioni sportive cittadine e gli alunni delle scuole elementari e medie superiori. I mezzi nell\u2019importo di 1.028.000,00 sono stati diminuiti per la riduzione del lavoro in seguito alle restrizioni legate alle misure epidemiologiche e vengono assicurati per coprire parte delle uscite della Societ\u00e0 per la gestione poich\u00e9 dai mezzi assicurati le spese non si possono coprire del tutto. Inoltre gli impianti vengono utilizzati con frequenza dalle scuole e dalle nostre associazioni. I mezzi per questa finalit\u00e0 verranno versati alla Valbruna sport s.r.l. in rate mensili identiche in base ad apposite richieste.<\/p>\n<p><strong>A 103102: Manutenzione corrente della palestra scolastica \u201cGinnasio\u201d= 278.000,00 kn<br \/>\n<\/strong>Per le spese di funzionamento e manutenzione della palestra sportiva \u00e8 stato pianificato l\u2019importo di 278.000,00 kune. Queste uscite comprendono le spese di gestione (acqua, luce), varie revisioni delle attrezzature e delle installazioni, ecc. I mezzi vengono diminuiti per la riduzione delle spese poich\u00e9 dalla met\u00e0 di marzo la palestra non viene utilizzata per le attivit\u00e0 sportive e scolastiche a causa delle misure intraprese dal comando della protezione civile<\/p>\n<p><strong>A 103103: Manutenzione corrente della piscina \u201cDelfino\u201d = 625.000,00 kn<br \/>\n<\/strong>Con l\u2019importo di 625.200,00 kune verr\u00e0 assicurata la manutenzione corrente e d\u2019investimento della piscina \u201cDelfino\u201d (spese di corrente elettrica, acqua, acquisto di mezzi per la pulizia della piscina, controllo della qualit\u00e0 dell\u2019acqua e altre spese).<\/p>\n<p><strong>A 103104: Affitto della piscina coperta = 238.000,00 kn<br \/>\n<\/strong>Tramite l\u2019affitto della piscina coperta viene resa possibile l\u2019attivit\u00e0 dei nuotatori e dei pallanotisti delle nostre associazioni sportive. I mezzi sono stati diminuiti a causa della sospensione provvisoria delle attivit\u00e0 delle associazioni sportive, in conformit\u00e0 alle delibere del comando della protezione civile.<\/p>\n<p><strong>K 103102: Bocciodromo Stanga = 462.200,00 kn<br \/>\n<\/strong>Con l&#8217;obiettivo di promuovere l&#8217;infrastruttura sportiva e su domanda del Club bocciofilo, viene pianificato l&#8217;allestimento di una tettoia sopra il bocciodromo di Stanga. I mezzi sono stati aumentati nell\u2019importo di 267.200,00 kn per l\u2019allacciamento dell\u2019impianto all\u2019infrastruttura, la recinzione nonch\u00e9 demolizione dell\u2019esistente impianto e acquisto della nuova casetta per gli spazi del club.<\/p>\n<p><strong>K 103103: Complesso di piscine sportivo-curative = 929.000,00 kn<br \/>\n<\/strong>I mezzi pianificati riguardano le spese di modifica e integrazione dei progetti esecutivi e del preventivo spese, di consulenza tecnica in merito al progetto e per la gestione della gara d\u2019appalto relativa alla costruzione e alla sovrintendenza dei lavori contrattati fino ad ora, mentre le altre nuove spese verranno finanziate dal credito.<\/p>\n<p><strong>T 103101: Manutenzione d&#8217;investimento degli impianti sportivi e dell&#8217;attrezzatura = 708.700,00 kn<br \/>\n<\/strong>Per le necessit\u00e0 di manutenzione d&#8217;investimento degli impianti e dell&#8217;attrezzatura gestiti da questa societ\u00e0, \u00e8 stato stanziato l&#8217;importo di 708.700,00 kn. Con questo importo \u00e8 stata pianificata la manutenzione del manto erboso sui campi da calcio di Rovigno e Villa di Rovigno. Inoltre \u00e8 pianificata la manutenzione dell\u2019illuminazione e i lavori edili e artigianali per la manutenzione di tutti gli impianti sportivi. L\u2019aumento riguarda le spese di energia elettrica per i nuovi punti di misurazione poich\u00e9 i contratti sono passati dalla Citt\u00e0 alla societ\u00e0 Valbruna sport s.r.l.<\/p>\n<p><strong>A 103105: Noleggio di una pista di pattinaggio mobile = 97.500,00 kn<br \/>\n<\/strong>I mezzi pianificati riguardano le spese realizzate per il noleggio di una pista di pattinaggio durante il mese di dicembre 2019. La diminuzione del piano riguarda la parte delle spese di noleggio della pista di pattinaggio per quest\u2019anno, considerato che a causa del calo delle entrate di bilancio \u00e8 dubbia l\u2019organizzazione del programma delle festivit\u00e0 natalizie e di Capodanno<\/p>\n<p><strong>K 103106: Campo di tiro Monte della Torre = 485.250,00 kn<br \/>\n<\/strong>Si pianifica la sistemazione e la ricostruzione del campo di tiro Monte della Torre. In questo modo miglioreranno le condizioni delle attivit\u00e0 del nostro club di tiro a segno e si creer\u00e0 un nuovo segmento nello sviluppo del turismo sportivo. Per la documentazione di progettazione sono state spese 175.284,00 kn.<br \/>\nSi pianifica la prima fase dei lavori nell\u2019importo di 860.000,00 kn (375.000,00 kn sono state assicurate precedentemente).<\/p>\n<p><strong>K 103107: Sistemazione della palestra \u201cKickboxing\u201d = 198.100,00 kn<br \/>\n<\/strong>I mezzi sono pianificati per il sanamento d\u2019urgenza del tetto e degli oggetti in latta della palestra di kickboxing.<\/p>","protected":false},"excerpt":{"rendered":"<p>Programma 1029: FABBISOGNI PUBBLICI NELLO SPORT = 10.000,00 kn Fondamento di legge: Legge sullo sport, Legge sulle associazioni, Regolamento sui criteri, le misure e i procedimenti di finanziamento e contrattazione dei programmi e dei progetti di interesse per il bene generale che vengono attuati dalle associazioni. Obiettivo generale: attuazione delle attivit\u00e0 sportive, promozione dell\u2019attivit\u00e0 sportiva. [&hellip;]<\/p>\n","protected":false},"author":2,"featured_media":0,"parent":815,"menu_order":0,"comment_status":"closed","ping_status":"closed","template":"","meta":[],"yoast_head":"<!-- This site is optimized with the Yoast SEO plugin v21.8.1 - https:\/\/yoast.com\/wordpress\/plugins\/seo\/ -->\n<title>Fabbisogni pubblici nello sport - Citta di Rovinj-Rovigno<\/title>\n<meta name=\"robots\" content=\"index, follow, max-snippet:-1, max-image-preview:large, max-video-preview:-1\" \/>\n<link rel=\"canonical\" href=\"https:\/\/www.rovinj-rovigno.hr\/kultura-znanost-i-sport\/sport-i-rekreacija\/javne-potrebe-2\/\" \/>\n<meta property=\"og:locale\" content=\"it_IT\" \/>\n<meta property=\"og:type\" content=\"article\" \/>\n<meta property=\"og:title\" content=\"Fabbisogni pubblici nello sport - Citta di Rovinj-Rovigno\" \/>\n<meta property=\"og:description\" content=\"Programma 1029: FABBISOGNI PUBBLICI NELLO SPORT = 10.000,00 kn Fondamento di legge: Legge sullo sport, Legge sulle associazioni, Regolamento sui criteri, le misure e i procedimenti di finanziamento e contrattazione dei programmi e dei progetti di interesse per il bene generale che vengono attuati dalle associazioni. Obiettivo generale: attuazione delle attivit\u00e0 sportive, promozione dell\u2019attivit\u00e0 sportiva. [&hellip;]\" \/>\n<meta property=\"og:url\" content=\"https:\/\/www.rovinj-rovigno.hr\/kultura-znanost-i-sport\/sport-i-rekreacija\/javne-potrebe-2\/\" \/>\n<meta property=\"og:site_name\" content=\"Citta di Rovinj-Rovigno\" \/>\n<meta property=\"article:modified_time\" content=\"2020-12-03T21:57:01+00:00\" \/>\n<meta name=\"twitter:card\" content=\"summary_large_image\" \/>\n<meta name=\"twitter:label1\" content=\"Tempo di lettura stimato\" \/>\n\t<meta name=\"twitter:data1\" content=\"14 minuti\" \/>\n<script type=\"application\/ld+json\" class=\"yoast-schema-graph\">{\"@context\":\"https:\/\/schema.org\",\"@graph\":[{\"@type\":\"WebPage\",\"@id\":\"https:\/\/www.rovinj-rovigno.hr\/kultura-znanost-i-sport\/sport-i-rekreacija\/javne-potrebe-2\/\",\"url\":\"https:\/\/www.rovinj-rovigno.hr\/kultura-znanost-i-sport\/sport-i-rekreacija\/javne-potrebe-2\/\",\"name\":\"Fabbisogni pubblici nello sport - Citta di Rovinj-Rovigno\",\"isPartOf\":{\"@id\":\"https:\/\/www.rovinj-rovigno.hr\/#website\"},\"datePublished\":\"2016-12-12T17:38:32+00:00\",\"dateModified\":\"2020-12-03T21:57:01+00:00\",\"breadcrumb\":{\"@id\":\"https:\/\/www.rovinj-rovigno.hr\/kultura-znanost-i-sport\/sport-i-rekreacija\/javne-potrebe-2\/#breadcrumb\"},\"inLanguage\":\"it-IT\",\"potentialAction\":[{\"@type\":\"ReadAction\",\"target\":[\"https:\/\/www.rovinj-rovigno.hr\/kultura-znanost-i-sport\/sport-i-rekreacija\/javne-potrebe-2\/\"]}]},{\"@type\":\"BreadcrumbList\",\"@id\":\"https:\/\/www.rovinj-rovigno.hr\/kultura-znanost-i-sport\/sport-i-rekreacija\/javne-potrebe-2\/#breadcrumb\",\"itemListElement\":[{\"@type\":\"ListItem\",\"position\":1,\"name\":\"Po\u010detna stranica\",\"item\":\"https:\/\/www.rovinj-rovigno.hr\/\"},{\"@type\":\"ListItem\",\"position\":2,\"name\":\"Cultura, scienza e sport\",\"item\":\"https:\/\/www.rovinj-rovigno.hr\/it\/cultura-scienza-e-sport\/\"},{\"@type\":\"ListItem\",\"position\":3,\"name\":\"Sport e ricreazione\",\"item\":\"https:\/\/www.rovinj-rovigno.hr\/it\/cultura-scienza-e-sport\/hrvatski-sport-i-rekreacija\/\"},{\"@type\":\"ListItem\",\"position\":4,\"name\":\"Op\u0107e javne potrebe u sportu\"}]},{\"@type\":\"WebSite\",\"@id\":\"https:\/\/www.rovinj-rovigno.hr\/#website\",\"url\":\"https:\/\/www.rovinj-rovigno.hr\/\",\"name\":\"Citta di Rovinj-Rovigno\",\"description\":\"Sito ufficiale della Citta di Rovinj-Rovigno\",\"potentialAction\":[{\"@type\":\"SearchAction\",\"target\":{\"@type\":\"EntryPoint\",\"urlTemplate\":\"https:\/\/www.rovinj-rovigno.hr\/?s={search_term_string}\"},\"query-input\":\"required name=search_term_string\"}],\"inLanguage\":\"it-IT\"}]}<\/script>\n<!-- \/ Yoast SEO plugin. -->","yoast_head_json":{"title":"Fabbisogni pubblici nello sport - Citta di Rovinj-Rovigno","robots":{"index":"index","follow":"follow","max-snippet":"max-snippet:-1","max-image-preview":"max-image-preview:large","max-video-preview":"max-video-preview:-1"},"canonical":"https:\/\/www.rovinj-rovigno.hr\/kultura-znanost-i-sport\/sport-i-rekreacija\/javne-potrebe-2\/","og_locale":"it_IT","og_type":"article","og_title":"Fabbisogni pubblici nello sport - Citta di Rovinj-Rovigno","og_description":"Programma 1029: FABBISOGNI PUBBLICI NELLO SPORT = 10.000,00 kn Fondamento di legge: Legge sullo sport, Legge sulle associazioni, Regolamento sui criteri, le misure e i procedimenti di finanziamento e contrattazione dei programmi e dei progetti di interesse per il bene generale che vengono attuati dalle associazioni. Obiettivo generale: attuazione delle attivit\u00e0 sportive, promozione dell\u2019attivit\u00e0 sportiva. [&hellip;]","og_url":"https:\/\/www.rovinj-rovigno.hr\/kultura-znanost-i-sport\/sport-i-rekreacija\/javne-potrebe-2\/","og_site_name":"Citta di Rovinj-Rovigno","article_modified_time":"2020-12-03T21:57:01+00:00","twitter_card":"summary_large_image","twitter_misc":{"Tempo di lettura stimato":"14 minuti"},"schema":{"@context":"https:\/\/schema.org","@graph":[{"@type":"WebPage","@id":"https:\/\/www.rovinj-rovigno.hr\/kultura-znanost-i-sport\/sport-i-rekreacija\/javne-potrebe-2\/","url":"https:\/\/www.rovinj-rovigno.hr\/kultura-znanost-i-sport\/sport-i-rekreacija\/javne-potrebe-2\/","name":"Fabbisogni pubblici nello sport - Citta di Rovinj-Rovigno","isPartOf":{"@id":"https:\/\/www.rovinj-rovigno.hr\/#website"},"datePublished":"2016-12-12T17:38:32+00:00","dateModified":"2020-12-03T21:57:01+00:00","breadcrumb":{"@id":"https:\/\/www.rovinj-rovigno.hr\/kultura-znanost-i-sport\/sport-i-rekreacija\/javne-potrebe-2\/#breadcrumb"},"inLanguage":"it-IT","potentialAction":[{"@type":"ReadAction","target":["https:\/\/www.rovinj-rovigno.hr\/kultura-znanost-i-sport\/sport-i-rekreacija\/javne-potrebe-2\/"]}]},{"@type":"BreadcrumbList","@id":"https:\/\/www.rovinj-rovigno.hr\/kultura-znanost-i-sport\/sport-i-rekreacija\/javne-potrebe-2\/#breadcrumb","itemListElement":[{"@type":"ListItem","position":1,"name":"Po\u010detna stranica","item":"https:\/\/www.rovinj-rovigno.hr\/"},{"@type":"ListItem","position":2,"name":"Cultura, scienza e sport","item":"https:\/\/www.rovinj-rovigno.hr\/it\/cultura-scienza-e-sport\/"},{"@type":"ListItem","position":3,"name":"Sport e ricreazione","item":"https:\/\/www.rovinj-rovigno.hr\/it\/cultura-scienza-e-sport\/hrvatski-sport-i-rekreacija\/"},{"@type":"ListItem","position":4,"name":"Op\u0107e javne potrebe u sportu"}]},{"@type":"WebSite","@id":"https:\/\/www.rovinj-rovigno.hr\/#website","url":"https:\/\/www.rovinj-rovigno.hr\/","name":"Citta di Rovinj-Rovigno","description":"Sito ufficiale della Citta di Rovinj-Rovigno","potentialAction":[{"@type":"SearchAction","target":{"@type":"EntryPoint","urlTemplate":"https:\/\/www.rovinj-rovigno.hr\/?s={search_term_string}"},"query-input":"required name=search_term_string"}],"inLanguage":"it-IT"}]}},"_links":{"self":[{"href":"https:\/\/www.rovinj-rovigno.hr\/it\/wp-json\/wp\/v2\/pages\/819"}],"collection":[{"href":"https:\/\/www.rovinj-rovigno.hr\/it\/wp-json\/wp\/v2\/pages"}],"about":[{"href":"https:\/\/www.rovinj-rovigno.hr\/it\/wp-json\/wp\/v2\/types\/page"}],"author":[{"embeddable":true,"href":"https:\/\/www.rovinj-rovigno.hr\/it\/wp-json\/wp\/v2\/users\/2"}],"replies":[{"embeddable":true,"href":"https:\/\/www.rovinj-rovigno.hr\/it\/wp-json\/wp\/v2\/comments?post=819"}],"version-history":[{"count":0,"href":"https:\/\/www.rovinj-rovigno.hr\/it\/wp-json\/wp\/v2\/pages\/819\/revisions"}],"up":[{"embeddable":true,"href":"https:\/\/www.rovinj-rovigno.hr\/it\/wp-json\/wp\/v2\/pages\/815"}],"wp:attachment":[{"href":"https:\/\/www.rovinj-rovigno.hr\/it\/wp-json\/wp\/v2\/media?parent=819"}],"curies":[{"name":"wp","href":"https:\/\/api.w.org\/{rel}","templated":true}]}}