{"id":796,"date":"2016-12-09T10:16:11","date_gmt":"2016-12-09T10:16:11","guid":{"rendered":"http:\/\/rovinjhr.lin53.host25.com\/?page_id=796"},"modified":"2017-05-16T07:51:33","modified_gmt":"2017-05-16T07:51:33","slug":"hupg","status":"publish","type":"page","link":"https:\/\/www.rovinj-rovigno.hr\/it\/cultura-scienza-e-sport\/hrvatski-zastita-kulturne-i-prirodne-bastine\/hrvatski-hupg\/","title":{"rendered":"EAHTR"},"content":{"rendered":"<p>L&#8217;Associazione croata delle citt\u00e0 storiche \u00e8 stata fondata nel 2011 in base al modello dell\u2019Associazione europea delle citt\u00e0 e delle regioni storiche (EAHTR).<\/p>\n<p>L\u2019EAHTR \u00e8 la rete delle associazioni nazionali delle citt\u00e0 storiche fondata nel 1999 a Strasburgo durante la conferenza organizzata dal Congresso delle autorit\u00e0 locali e regionali del Consiglio d\u2019Europa, con lo scopo di promuovere gli interessi delle citt\u00e0 con una ricca eredit\u00e0 storico-culturale. Nel frattempo l\u2019associazione ha cambiato nome in \u201cHeritage Europe\u201d (<a href=\"http:\/\/www.historic-towns.org\">www.historic-towns.org<\/a>).<\/p>\n<p>I membri dell\u2019Associazione croata delle citt\u00e0 storiche sono: Ragusa, Ilok, Karolvac, Castelli, Curzola, Lussinpiccolo, Nona, Clissa, Cittanova (Dalmazia), Pago, Pola, Rovigno, Sisak, Salona, Spalato, Sebenico, Tra\u00f9, Vara\u017edin, Vukovar e Zara.<br \/>\nL&#8217;esigenza di organizzare le citt\u00e0 croate in un\u2019associazione scaturisce dalle loro problematiche comuni ossia di equilibrare lo sviluppo con la conservazione del patrimonio culturale e storico.<\/p>\n<p>Le citt\u00e0 storiche hanno i propri bisogni specifici ossia: la conservazione del patrimonio culturale e naturale, la tradizione culturale, il problema di soddisfare i bisogni degli abitanti delle citt\u00e0 storiche e il rapporto dei cittadini con il patrimonio culturale, il riconoscimento dell\u2019importanza e del valore dell\u2019eredit\u00e0 culturale croata nonch\u00e9 le modalit\u00e0 di gestione e utilizzo della medesima.<br \/>\nReputiamo che proprio l&#8217;Associazione croata delle citt\u00e0 storiche sia una piattaforma adeguata per l\u2019approccio unico e la promozione degli interessi e dei bisogni specifici delle citt\u00e0 storiche croate e dei suoi cittadini in Croazia e all\u2019estero.<\/p>\n<p>L\u2019obiettivo a lungo termine \u00e8 la risoluzione comune dei problemi in modo sistematico, attraverso lo scambio di pareri ed esperienze tra gli esperti che si occupano di eredit\u00e0 culturale, i rappresentanti delle unit\u00e0 dell\u2019autogoverno locale, gli scienziati e gli operatori turistici.<\/p>\n<p>L\u2019Associazione organizza conferenze, laboratori e manifestazioni culturali, partecipa a progetti europei, collabora con le universit\u00e0, i gruppi di lavoro e partecipa alla preparazione delle pubblicazioni comuni.<\/p>\n<p>I membri dell\u2019Associazione possono essere le citt\u00e0 o parti delle citt\u00e0 che hanno un nucleo storico riconoscibile con una significativa eredit\u00e0 architettonica, con qualit\u00e0 e caratteristiche che si mantengono sistematicamente.<\/p>\n<p>La sede dell\u2019Associazione si trova a Ragusa. Il presidente dell\u2019Associazione dal mese di aprile 2011 fino a maggio 2016 \u00e8 stato il sindaco della Citt\u00e0 di Ragusa il dott. Andro Vlahu\u0161i\u0107, quando \u00e8 stato scelto un nuovo presidente dell\u2019Associazione, il sindaco del comune di Clissa il sig. Jakov Vetma.<\/p>\n<p><strong>Tutela del patrimonio \u2013 disposizioni di legge:<\/strong><\/p>\n<p><em><strong>\u00a0<\/strong>Leggi:<\/em><\/p>\n<ul>\n<li>Legge sulla tutela e la salvaguardia dei beni culturali (GU 69\/99, GU 151\/03, GU 157\/03, Correzione, GU 87\/09, GU 88\/10, GU 61\/11, GU 25\/12, GU 136\/12, GU 157\/13, GU 152\/14)<\/li>\n<\/ul>\n<p><em>Regolamenti:<\/em><\/p>\n<ul>\n<li>Regolamento sulle condizioni per le persone fisiche e giuridiche per il rilascio dei permessi per espletare i lavori di tutela e salvaguardia dei beni culturali (GU 74\/03, GU 44\/10)<\/li>\n<li>Regolamento sul registro delle concessioni sui beni culturali (GU 77\/15)<\/li>\n<li>Regolamento sulla documentazione per il rilascio del previo benestare per i lavori sui beni culturali (GU 134\/15)<\/li>\n<\/ul>\n<p><\/p>","protected":false},"excerpt":{"rendered":"<p>L&#8217;Associazione croata delle citt\u00e0 storiche \u00e8 stata fondata nel 2011 in base al modello dell\u2019Associazione europea delle citt\u00e0 e delle regioni storiche (EAHTR). L\u2019EAHTR \u00e8 la rete delle associazioni nazionali delle citt\u00e0 storiche fondata nel 1999 a Strasburgo durante la conferenza organizzata dal Congresso delle autorit\u00e0 locali e regionali del Consiglio d\u2019Europa, con lo scopo [&hellip;]<\/p>\n","protected":false},"author":2,"featured_media":0,"parent":785,"menu_order":28,"comment_status":"closed","ping_status":"closed","template":"","meta":[],"yoast_head":"<!-- This site is optimized with the Yoast SEO plugin v21.8.1 - https:\/\/yoast.com\/wordpress\/plugins\/seo\/ -->\n<title>EAHTR - Citta di Rovinj-Rovigno<\/title>\n<meta name=\"robots\" content=\"index, follow, max-snippet:-1, max-image-preview:large, max-video-preview:-1\" \/>\n<link rel=\"canonical\" href=\"https:\/\/www.rovinj-rovigno.hr\/it\/cultura-scienza-e-sport\/hrvatski-zastita-kulturne-i-prirodne-bastine\/hrvatski-hupg\/\" \/>\n<meta property=\"og:locale\" content=\"it_IT\" \/>\n<meta property=\"og:type\" content=\"article\" \/>\n<meta property=\"og:title\" content=\"EAHTR - Citta di Rovinj-Rovigno\" \/>\n<meta property=\"og:description\" content=\"L&#8217;Associazione croata delle citt\u00e0 storiche \u00e8 stata fondata nel 2011 in base al modello dell\u2019Associazione europea delle citt\u00e0 e delle regioni storiche (EAHTR). L\u2019EAHTR \u00e8 la rete delle associazioni nazionali delle citt\u00e0 storiche fondata nel 1999 a Strasburgo durante la conferenza organizzata dal Congresso delle autorit\u00e0 locali e regionali del Consiglio d\u2019Europa, con lo scopo [&hellip;]\" \/>\n<meta property=\"og:url\" content=\"https:\/\/www.rovinj-rovigno.hr\/it\/cultura-scienza-e-sport\/hrvatski-zastita-kulturne-i-prirodne-bastine\/hrvatski-hupg\/\" \/>\n<meta property=\"og:site_name\" content=\"Citta di Rovinj-Rovigno\" \/>\n<meta property=\"article:modified_time\" content=\"2017-05-16T07:51:33+00:00\" \/>\n<meta name=\"twitter:card\" content=\"summary_large_image\" \/>\n<meta name=\"twitter:label1\" content=\"Tempo di lettura stimato\" \/>\n\t<meta name=\"twitter:data1\" content=\"4 minuti\" \/>\n<script type=\"application\/ld+json\" class=\"yoast-schema-graph\">{\"@context\":\"https:\/\/schema.org\",\"@graph\":[{\"@type\":\"WebPage\",\"@id\":\"https:\/\/www.rovinj-rovigno.hr\/it\/cultura-scienza-e-sport\/hrvatski-zastita-kulturne-i-prirodne-bastine\/hrvatski-hupg\/\",\"url\":\"https:\/\/www.rovinj-rovigno.hr\/it\/cultura-scienza-e-sport\/hrvatski-zastita-kulturne-i-prirodne-bastine\/hrvatski-hupg\/\",\"name\":\"EAHTR - Citta di Rovinj-Rovigno\",\"isPartOf\":{\"@id\":\"https:\/\/www.rovinj-rovigno.hr\/#website\"},\"datePublished\":\"2016-12-09T10:16:11+00:00\",\"dateModified\":\"2017-05-16T07:51:33+00:00\",\"breadcrumb\":{\"@id\":\"https:\/\/www.rovinj-rovigno.hr\/it\/cultura-scienza-e-sport\/hrvatski-zastita-kulturne-i-prirodne-bastine\/hrvatski-hupg\/#breadcrumb\"},\"inLanguage\":\"it-IT\",\"potentialAction\":[{\"@type\":\"ReadAction\",\"target\":[\"https:\/\/www.rovinj-rovigno.hr\/it\/cultura-scienza-e-sport\/hrvatski-zastita-kulturne-i-prirodne-bastine\/hrvatski-hupg\/\"]}]},{\"@type\":\"BreadcrumbList\",\"@id\":\"https:\/\/www.rovinj-rovigno.hr\/it\/cultura-scienza-e-sport\/hrvatski-zastita-kulturne-i-prirodne-bastine\/hrvatski-hupg\/#breadcrumb\",\"itemListElement\":[{\"@type\":\"ListItem\",\"position\":1,\"name\":\"Po\u010detna stranica\",\"item\":\"https:\/\/www.rovinj-rovigno.hr\/\"},{\"@type\":\"ListItem\",\"position\":2,\"name\":\"Cultura, scienza e sport\",\"item\":\"https:\/\/www.rovinj-rovigno.hr\/it\/cultura-scienza-e-sport\/\"},{\"@type\":\"ListItem\",\"position\":3,\"name\":\"Tutela del patrimonio culturale e naturale\",\"item\":\"https:\/\/www.rovinj-rovigno.hr\/it\/cultura-scienza-e-sport\/hrvatski-zastita-kulturne-i-prirodne-bastine\/\"},{\"@type\":\"ListItem\",\"position\":4,\"name\":\"EAHTR\"}]},{\"@type\":\"WebSite\",\"@id\":\"https:\/\/www.rovinj-rovigno.hr\/#website\",\"url\":\"https:\/\/www.rovinj-rovigno.hr\/\",\"name\":\"Citta di Rovinj-Rovigno\",\"description\":\"Sito ufficiale della Citta di Rovinj-Rovigno\",\"potentialAction\":[{\"@type\":\"SearchAction\",\"target\":{\"@type\":\"EntryPoint\",\"urlTemplate\":\"https:\/\/www.rovinj-rovigno.hr\/?s={search_term_string}\"},\"query-input\":\"required name=search_term_string\"}],\"inLanguage\":\"it-IT\"}]}<\/script>\n<!-- \/ Yoast SEO plugin. -->","yoast_head_json":{"title":"EAHTR - Citta di Rovinj-Rovigno","robots":{"index":"index","follow":"follow","max-snippet":"max-snippet:-1","max-image-preview":"max-image-preview:large","max-video-preview":"max-video-preview:-1"},"canonical":"https:\/\/www.rovinj-rovigno.hr\/it\/cultura-scienza-e-sport\/hrvatski-zastita-kulturne-i-prirodne-bastine\/hrvatski-hupg\/","og_locale":"it_IT","og_type":"article","og_title":"EAHTR - Citta di Rovinj-Rovigno","og_description":"L&#8217;Associazione croata delle citt\u00e0 storiche \u00e8 stata fondata nel 2011 in base al modello dell\u2019Associazione europea delle citt\u00e0 e delle regioni storiche (EAHTR). L\u2019EAHTR \u00e8 la rete delle associazioni nazionali delle citt\u00e0 storiche fondata nel 1999 a Strasburgo durante la conferenza organizzata dal Congresso delle autorit\u00e0 locali e regionali del Consiglio d\u2019Europa, con lo scopo [&hellip;]","og_url":"https:\/\/www.rovinj-rovigno.hr\/it\/cultura-scienza-e-sport\/hrvatski-zastita-kulturne-i-prirodne-bastine\/hrvatski-hupg\/","og_site_name":"Citta di Rovinj-Rovigno","article_modified_time":"2017-05-16T07:51:33+00:00","twitter_card":"summary_large_image","twitter_misc":{"Tempo di lettura stimato":"4 minuti"},"schema":{"@context":"https:\/\/schema.org","@graph":[{"@type":"WebPage","@id":"https:\/\/www.rovinj-rovigno.hr\/it\/cultura-scienza-e-sport\/hrvatski-zastita-kulturne-i-prirodne-bastine\/hrvatski-hupg\/","url":"https:\/\/www.rovinj-rovigno.hr\/it\/cultura-scienza-e-sport\/hrvatski-zastita-kulturne-i-prirodne-bastine\/hrvatski-hupg\/","name":"EAHTR - Citta di Rovinj-Rovigno","isPartOf":{"@id":"https:\/\/www.rovinj-rovigno.hr\/#website"},"datePublished":"2016-12-09T10:16:11+00:00","dateModified":"2017-05-16T07:51:33+00:00","breadcrumb":{"@id":"https:\/\/www.rovinj-rovigno.hr\/it\/cultura-scienza-e-sport\/hrvatski-zastita-kulturne-i-prirodne-bastine\/hrvatski-hupg\/#breadcrumb"},"inLanguage":"it-IT","potentialAction":[{"@type":"ReadAction","target":["https:\/\/www.rovinj-rovigno.hr\/it\/cultura-scienza-e-sport\/hrvatski-zastita-kulturne-i-prirodne-bastine\/hrvatski-hupg\/"]}]},{"@type":"BreadcrumbList","@id":"https:\/\/www.rovinj-rovigno.hr\/it\/cultura-scienza-e-sport\/hrvatski-zastita-kulturne-i-prirodne-bastine\/hrvatski-hupg\/#breadcrumb","itemListElement":[{"@type":"ListItem","position":1,"name":"Po\u010detna stranica","item":"https:\/\/www.rovinj-rovigno.hr\/"},{"@type":"ListItem","position":2,"name":"Cultura, scienza e sport","item":"https:\/\/www.rovinj-rovigno.hr\/it\/cultura-scienza-e-sport\/"},{"@type":"ListItem","position":3,"name":"Tutela del patrimonio culturale e naturale","item":"https:\/\/www.rovinj-rovigno.hr\/it\/cultura-scienza-e-sport\/hrvatski-zastita-kulturne-i-prirodne-bastine\/"},{"@type":"ListItem","position":4,"name":"EAHTR"}]},{"@type":"WebSite","@id":"https:\/\/www.rovinj-rovigno.hr\/#website","url":"https:\/\/www.rovinj-rovigno.hr\/","name":"Citta di Rovinj-Rovigno","description":"Sito ufficiale della Citta di Rovinj-Rovigno","potentialAction":[{"@type":"SearchAction","target":{"@type":"EntryPoint","urlTemplate":"https:\/\/www.rovinj-rovigno.hr\/?s={search_term_string}"},"query-input":"required name=search_term_string"}],"inLanguage":"it-IT"}]}},"_links":{"self":[{"href":"https:\/\/www.rovinj-rovigno.hr\/it\/wp-json\/wp\/v2\/pages\/796"}],"collection":[{"href":"https:\/\/www.rovinj-rovigno.hr\/it\/wp-json\/wp\/v2\/pages"}],"about":[{"href":"https:\/\/www.rovinj-rovigno.hr\/it\/wp-json\/wp\/v2\/types\/page"}],"author":[{"embeddable":true,"href":"https:\/\/www.rovinj-rovigno.hr\/it\/wp-json\/wp\/v2\/users\/2"}],"replies":[{"embeddable":true,"href":"https:\/\/www.rovinj-rovigno.hr\/it\/wp-json\/wp\/v2\/comments?post=796"}],"version-history":[{"count":0,"href":"https:\/\/www.rovinj-rovigno.hr\/it\/wp-json\/wp\/v2\/pages\/796\/revisions"}],"up":[{"embeddable":true,"href":"https:\/\/www.rovinj-rovigno.hr\/it\/wp-json\/wp\/v2\/pages\/785"}],"wp:attachment":[{"href":"https:\/\/www.rovinj-rovigno.hr\/it\/wp-json\/wp\/v2\/media?parent=796"}],"curies":[{"name":"wp","href":"https:\/\/api.w.org\/{rel}","templated":true}]}}