{"id":771,"date":"2016-12-09T10:06:53","date_gmt":"2016-12-09T10:06:53","guid":{"rendered":"http:\/\/rovinjhr.lin53.host25.com\/?page_id=771"},"modified":"2017-06-15T18:25:10","modified_gmt":"2017-06-15T16:25:10","slug":"projekti","status":"publish","type":"page","link":"https:\/\/www.rovinj-rovigno.hr\/it\/educazione-e-istruzione\/hrvatski-djecje-gradsko-vijece-2\/hrvatski-projekti\/","title":{"rendered":"Progetti"},"content":{"rendered":"<p>22.11.2016<br \/>\n<strong>ALLA CITT<\/strong><strong>\u00c0 DI ROVINJ-ROVIGNO \u00c8 STATO ASSEGNATO IL DIPLOMA PER L\u2019ATTUAZIONE ESEMPLARE DELL\u2019AZIONE \u201cTAGGATI E CANCELLA IL TAG\u201d<\/strong><\/p>\n<p>Il 22 novembre 2016 si \u00e8 tenuta a Zagabria la Consultazione annuale \u201cCitt\u00e0 e comuni \u2013 amici dei bambini\u201d che si svolge tradizionalmente a novembre in occasione della Giornata della Convenzione ONU sui diritti dei bambini.<br \/>\nIn tale occasione il Comitato di coordinamento centrale dell\u2019azione \u201cCitt\u00e0 e comuni \u2013 amici dei bambini\u201d composto dai rappresentanti dell\u2019Unione delle societ\u00e0 Nostra Infanzia della Croazia, della Societ\u00e0 croata per la pediatria preventiva e sociale, dell\u2019Ufficio dell\u2019UNICEF, delle Associazioni delle citt\u00e0, delle Associazioni dei comuni, della Comunit\u00e0 croata delle regioni e dai coordinatori da citt\u00e0 e comuni, ha assegnato alla Citt\u00e0 di Rovinj-Rovigno il Diploma per l\u2019attuazione esemplare dell\u2019azione denominata <strong>TAGGATI E<\/strong> <strong>CANCELLA IL TAG.<\/strong><\/p>\n<p><strong>INFORMAZIONI SULL\u2019AZIONE<\/strong>: Ogni citt\u00e0 e comune che partecipa all\u2019azione \u201cCitt\u00e0 e comuni \u2013 amici dei bambini\u201d, deve nell\u2019ambito dell\u2019attivit\u00e0 annuale pianificata scegliere, ideare e attuare una <u>nuova<\/u> attivit\u00e0, che viene valutata come la pi\u00f9 necessaria e utile per i bambini. Dopo aver attuato l\u2019azione, la Citt\u00e0 o il Comune recapita la sua descrizione e i risultati al Comitato di coordinamento centrale che nomina una Commissione specializzata per valutare le azioni pervenute. In base al lavoro della Commissione, il Comitato di coordinamento centrale assegna un riconoscimento pubblico e sociale sotto forma di Diploma oppure Elogio per le azioni locali pi\u00f9 originali per l\u2019anno in oggetto. Il conseguimento del Diploma\/ dell\u2019Elogio porta un valore aggiunto in occasione della valutazione finale per l\u2019assegnazione della prestigiosa tabella di citt\u00e0\/comune amica\/o dei bambini oppure per conservare lo status di \u201camico dei bambini\u201d.<\/p>\n<p>L\u2019azione aveva l\u2019obiettivo di aprire il dialogo con i giovani sul fenomeno dei graffiti nell\u2019ampio contesto sociale e richiamare l\u2019attenzione sul contesto negativo dei \u201ctag\u201d urbani pensando alla distruzione delle aree pubbliche nella citt\u00e0.<br \/>\nIl progetto \u201cTaggati e cancella il tag\u201d \u2013 sostieni l\u2019azione dei muri puliti \u00e8 stato promosso su iniziativa del Servizio comunale della Citt\u00e0 di Rovigno, mentre \u00e8 stato attuato dalla Citt\u00e0 di Rovigno in collaborazione con le scuole elementari e medie superiori. Il progetto \u00e8 stato attuato nel periodo dal 20 febbraio al 26 aprile 2016 quando si \u00e8 svolta l\u2019ultima azione di rimozione dei tag.<\/p>\n<p>Il progetto \u00e8 stato attuato in 3 fasi:<\/p>\n<ol>\n<li>con i laboratori educativi per gli alunni delle scuole elementari e medie superiori \u2013 con i quali il progetto \u00e8 iniziato. I laboratori sono stati tenuti dalla dott.ssa An\u010di Leburi\u0107, professore ordinario della Sezione per la sociologia presso la Facolt\u00e0 di filosofia di Spalato.<\/li>\n<li>tramite la pagina facebook dell\u2019azione \u2013 i visitatori della pagina hanno taggato le fotografie dei muri puliti allo scopo di raccogliere al massimo 50 tag per ogni fotografia. Tutti quelli che hanno sostenuto l\u2019azione taggandosi, hanno partecipato a diffondere i muri puliti sui social. Inoltre, taggando le fotografie hanno contribuito a pulire i muri in citt\u00e0, specialmente nelle scuole e nei loro dintorni, poich\u00e9 ogni tag virtuale ha portato anche una dimensione reale.<\/li>\n<li>le azione di rimozione dei graffiti \u2013 le azioni di pulizia dei graffiti sono state attuate in 6 ubicazioni, di cui 5 in cortili scolastici. Gli alunni insieme agli insegnati e ai dipendenti del Servizio comunale hanno pulito i muri delle scuole rovignesi e in questo modo hanno abbellito lo spazio nel quale soggiornano.<\/li>\n<\/ol>\n<p><em><strong>PARTICOLARIT\u00c0 E ORIGINALIT\u00c0 DELL\u2019AZIONE<\/strong>:<\/em><br \/>\nIl tag \u2013 il collegamento nel mondo reale e virtuale. Da una parte l\u2019espressione viene spesso usata da chi disegna i graffiti come firma, mentre dall\u2019altra parte su Facebook si utilizza per \u201csegnare\u201d. L\u2019obiettivo \u00e8 di usare i social e collegare il mondo virtuale e reale per rilevare il problema dei graffiti \/ dei tag nel senso della distruzione delle aree pubbliche.<\/p>","protected":false},"excerpt":{"rendered":"<p>22.11.2016 ALLA CITT\u00c0 DI ROVINJ-ROVIGNO \u00c8 STATO ASSEGNATO IL DIPLOMA PER L\u2019ATTUAZIONE ESEMPLARE DELL\u2019AZIONE \u201cTAGGATI E CANCELLA IL TAG\u201d Il 22 novembre 2016 si \u00e8 tenuta a Zagabria la Consultazione annuale \u201cCitt\u00e0 e comuni \u2013 amici dei bambini\u201d che si svolge tradizionalmente a novembre in occasione della Giornata della Convenzione ONU sui diritti dei bambini. [&hellip;]<\/p>\n","protected":false},"author":2,"featured_media":0,"parent":761,"menu_order":25,"comment_status":"closed","ping_status":"closed","template":"page-list.php","meta":[],"yoast_head":"<!-- This site is optimized with the Yoast SEO plugin v21.8.1 - https:\/\/yoast.com\/wordpress\/plugins\/seo\/ -->\n<title>Progetti - Citta di Rovinj-Rovigno<\/title>\n<meta name=\"robots\" content=\"index, follow, max-snippet:-1, max-image-preview:large, max-video-preview:-1\" \/>\n<link rel=\"canonical\" href=\"https:\/\/www.rovinj-rovigno.hr\/it\/educazione-e-istruzione\/hrvatski-djecje-gradsko-vijece-2\/hrvatski-projekti\/\" \/>\n<meta property=\"og:locale\" content=\"it_IT\" \/>\n<meta property=\"og:type\" content=\"article\" \/>\n<meta property=\"og:title\" content=\"Progetti - Citta di Rovinj-Rovigno\" \/>\n<meta property=\"og:description\" content=\"22.11.2016 ALLA CITT\u00c0 DI ROVINJ-ROVIGNO \u00c8 STATO ASSEGNATO IL DIPLOMA PER L\u2019ATTUAZIONE ESEMPLARE DELL\u2019AZIONE \u201cTAGGATI E CANCELLA IL TAG\u201d Il 22 novembre 2016 si \u00e8 tenuta a Zagabria la Consultazione annuale \u201cCitt\u00e0 e comuni \u2013 amici dei bambini\u201d che si svolge tradizionalmente a novembre in occasione della Giornata della Convenzione ONU sui diritti dei bambini. [&hellip;]\" \/>\n<meta property=\"og:url\" content=\"https:\/\/www.rovinj-rovigno.hr\/it\/educazione-e-istruzione\/hrvatski-djecje-gradsko-vijece-2\/hrvatski-projekti\/\" \/>\n<meta property=\"og:site_name\" content=\"Citta di Rovinj-Rovigno\" \/>\n<meta property=\"article:modified_time\" content=\"2017-06-15T16:25:10+00:00\" \/>\n<meta name=\"twitter:card\" content=\"summary_large_image\" \/>\n<meta name=\"twitter:label1\" content=\"Tempo di lettura stimato\" \/>\n\t<meta name=\"twitter:data1\" content=\"6 minuti\" \/>\n<script type=\"application\/ld+json\" class=\"yoast-schema-graph\">{\"@context\":\"https:\/\/schema.org\",\"@graph\":[{\"@type\":\"WebPage\",\"@id\":\"https:\/\/www.rovinj-rovigno.hr\/it\/educazione-e-istruzione\/hrvatski-djecje-gradsko-vijece-2\/hrvatski-projekti\/\",\"url\":\"https:\/\/www.rovinj-rovigno.hr\/it\/educazione-e-istruzione\/hrvatski-djecje-gradsko-vijece-2\/hrvatski-projekti\/\",\"name\":\"Progetti - Citta di Rovinj-Rovigno\",\"isPartOf\":{\"@id\":\"https:\/\/www.rovinj-rovigno.hr\/#website\"},\"datePublished\":\"2016-12-09T10:06:53+00:00\",\"dateModified\":\"2017-06-15T16:25:10+00:00\",\"breadcrumb\":{\"@id\":\"https:\/\/www.rovinj-rovigno.hr\/it\/educazione-e-istruzione\/hrvatski-djecje-gradsko-vijece-2\/hrvatski-projekti\/#breadcrumb\"},\"inLanguage\":\"it-IT\",\"potentialAction\":[{\"@type\":\"ReadAction\",\"target\":[\"https:\/\/www.rovinj-rovigno.hr\/it\/educazione-e-istruzione\/hrvatski-djecje-gradsko-vijece-2\/hrvatski-projekti\/\"]}]},{\"@type\":\"BreadcrumbList\",\"@id\":\"https:\/\/www.rovinj-rovigno.hr\/it\/educazione-e-istruzione\/hrvatski-djecje-gradsko-vijece-2\/hrvatski-projekti\/#breadcrumb\",\"itemListElement\":[{\"@type\":\"ListItem\",\"position\":1,\"name\":\"Po\u010detna stranica\",\"item\":\"https:\/\/www.rovinj-rovigno.hr\/\"},{\"@type\":\"ListItem\",\"position\":2,\"name\":\"Odgoj i obrazovanje\",\"item\":\"https:\/\/www.rovinj-rovigno.hr\/odgoj-i-obrazovanje\/\"},{\"@type\":\"ListItem\",\"position\":3,\"name\":\"Consiglio cittadino dei bambini\",\"item\":\"https:\/\/www.rovinj-rovigno.hr\/it\/educazione-e-istruzione\/hrvatski-djecje-gradsko-vijece-2\/\"},{\"@type\":\"ListItem\",\"position\":4,\"name\":\"Progetti\"}]},{\"@type\":\"WebSite\",\"@id\":\"https:\/\/www.rovinj-rovigno.hr\/#website\",\"url\":\"https:\/\/www.rovinj-rovigno.hr\/\",\"name\":\"Citta di Rovinj-Rovigno\",\"description\":\"Sito ufficiale della Citta di Rovinj-Rovigno\",\"potentialAction\":[{\"@type\":\"SearchAction\",\"target\":{\"@type\":\"EntryPoint\",\"urlTemplate\":\"https:\/\/www.rovinj-rovigno.hr\/?s={search_term_string}\"},\"query-input\":\"required name=search_term_string\"}],\"inLanguage\":\"it-IT\"}]}<\/script>\n<!-- \/ Yoast SEO plugin. -->","yoast_head_json":{"title":"Progetti - Citta di Rovinj-Rovigno","robots":{"index":"index","follow":"follow","max-snippet":"max-snippet:-1","max-image-preview":"max-image-preview:large","max-video-preview":"max-video-preview:-1"},"canonical":"https:\/\/www.rovinj-rovigno.hr\/it\/educazione-e-istruzione\/hrvatski-djecje-gradsko-vijece-2\/hrvatski-projekti\/","og_locale":"it_IT","og_type":"article","og_title":"Progetti - Citta di Rovinj-Rovigno","og_description":"22.11.2016 ALLA CITT\u00c0 DI ROVINJ-ROVIGNO \u00c8 STATO ASSEGNATO IL DIPLOMA PER L\u2019ATTUAZIONE ESEMPLARE DELL\u2019AZIONE \u201cTAGGATI E CANCELLA IL TAG\u201d Il 22 novembre 2016 si \u00e8 tenuta a Zagabria la Consultazione annuale \u201cCitt\u00e0 e comuni \u2013 amici dei bambini\u201d che si svolge tradizionalmente a novembre in occasione della Giornata della Convenzione ONU sui diritti dei bambini. [&hellip;]","og_url":"https:\/\/www.rovinj-rovigno.hr\/it\/educazione-e-istruzione\/hrvatski-djecje-gradsko-vijece-2\/hrvatski-projekti\/","og_site_name":"Citta di Rovinj-Rovigno","article_modified_time":"2017-06-15T16:25:10+00:00","twitter_card":"summary_large_image","twitter_misc":{"Tempo di lettura stimato":"6 minuti"},"schema":{"@context":"https:\/\/schema.org","@graph":[{"@type":"WebPage","@id":"https:\/\/www.rovinj-rovigno.hr\/it\/educazione-e-istruzione\/hrvatski-djecje-gradsko-vijece-2\/hrvatski-projekti\/","url":"https:\/\/www.rovinj-rovigno.hr\/it\/educazione-e-istruzione\/hrvatski-djecje-gradsko-vijece-2\/hrvatski-projekti\/","name":"Progetti - Citta di Rovinj-Rovigno","isPartOf":{"@id":"https:\/\/www.rovinj-rovigno.hr\/#website"},"datePublished":"2016-12-09T10:06:53+00:00","dateModified":"2017-06-15T16:25:10+00:00","breadcrumb":{"@id":"https:\/\/www.rovinj-rovigno.hr\/it\/educazione-e-istruzione\/hrvatski-djecje-gradsko-vijece-2\/hrvatski-projekti\/#breadcrumb"},"inLanguage":"it-IT","potentialAction":[{"@type":"ReadAction","target":["https:\/\/www.rovinj-rovigno.hr\/it\/educazione-e-istruzione\/hrvatski-djecje-gradsko-vijece-2\/hrvatski-projekti\/"]}]},{"@type":"BreadcrumbList","@id":"https:\/\/www.rovinj-rovigno.hr\/it\/educazione-e-istruzione\/hrvatski-djecje-gradsko-vijece-2\/hrvatski-projekti\/#breadcrumb","itemListElement":[{"@type":"ListItem","position":1,"name":"Po\u010detna stranica","item":"https:\/\/www.rovinj-rovigno.hr\/"},{"@type":"ListItem","position":2,"name":"Odgoj i obrazovanje","item":"https:\/\/www.rovinj-rovigno.hr\/odgoj-i-obrazovanje\/"},{"@type":"ListItem","position":3,"name":"Consiglio cittadino dei bambini","item":"https:\/\/www.rovinj-rovigno.hr\/it\/educazione-e-istruzione\/hrvatski-djecje-gradsko-vijece-2\/"},{"@type":"ListItem","position":4,"name":"Progetti"}]},{"@type":"WebSite","@id":"https:\/\/www.rovinj-rovigno.hr\/#website","url":"https:\/\/www.rovinj-rovigno.hr\/","name":"Citta di Rovinj-Rovigno","description":"Sito ufficiale della Citta di Rovinj-Rovigno","potentialAction":[{"@type":"SearchAction","target":{"@type":"EntryPoint","urlTemplate":"https:\/\/www.rovinj-rovigno.hr\/?s={search_term_string}"},"query-input":"required name=search_term_string"}],"inLanguage":"it-IT"}]}},"_links":{"self":[{"href":"https:\/\/www.rovinj-rovigno.hr\/it\/wp-json\/wp\/v2\/pages\/771"}],"collection":[{"href":"https:\/\/www.rovinj-rovigno.hr\/it\/wp-json\/wp\/v2\/pages"}],"about":[{"href":"https:\/\/www.rovinj-rovigno.hr\/it\/wp-json\/wp\/v2\/types\/page"}],"author":[{"embeddable":true,"href":"https:\/\/www.rovinj-rovigno.hr\/it\/wp-json\/wp\/v2\/users\/2"}],"replies":[{"embeddable":true,"href":"https:\/\/www.rovinj-rovigno.hr\/it\/wp-json\/wp\/v2\/comments?post=771"}],"version-history":[{"count":0,"href":"https:\/\/www.rovinj-rovigno.hr\/it\/wp-json\/wp\/v2\/pages\/771\/revisions"}],"up":[{"embeddable":true,"href":"https:\/\/www.rovinj-rovigno.hr\/it\/wp-json\/wp\/v2\/pages\/761"}],"wp:attachment":[{"href":"https:\/\/www.rovinj-rovigno.hr\/it\/wp-json\/wp\/v2\/media?parent=771"}],"curies":[{"name":"wp","href":"https:\/\/api.w.org\/{rel}","templated":true}]}}