{"id":761,"date":"2016-12-06T10:20:34","date_gmt":"2016-12-06T10:20:34","guid":{"rendered":"http:\/\/rovinjhr.lin53.host25.com\/?page_id=761"},"modified":"2017-06-04T06:19:04","modified_gmt":"2017-06-04T06:19:04","slug":"djecje-gradsko-vijece","status":"publish","type":"page","link":"https:\/\/www.rovinj-rovigno.hr\/it\/educazione-e-istruzione\/hrvatski-djecje-gradsko-vijece-2\/","title":{"rendered":"Consiglio cittadino dei bambini"},"content":{"rendered":"<p>Ai sensi dell\u2019articolo 67 dello Statuto della Citt\u00e0 di Rovinj-Rovigno (\u201cBollettino ufficiale della Citt\u00e0 di Rovinj-Rovigno\u201d, n.4\/09), il sindaco della Citt\u00e0 di Rovinj-Rovigno emana la<\/p>\n<p><strong>DELIBERA SULLA COSTITUZIONE DEL CONSIGLIO CITTADINO DEI BAMBINI DELLA CITT\u00c0 DI ROVINJ-ROVIGNO<\/strong><\/p>\n<p><strong>Articolo 1<\/strong><\/p>\n<p>Il Consiglio cittadino dei bambini \u00e8 una forma di attivit\u00e0 volontaria e organizzata dei bambini nel loro tempo libero.<br \/>\nLa sede del Consiglio cittadino dei bambini \u00e8 a Rovigno, Piazza Matteotti 2, ed esso non ha caratteristica di persona giuridica.<\/p>\n<p><strong>Articolo 2<\/strong><\/p>\n<p>Il Consiglio cittadino dei bambini ha 19 consiglieri, e la base elettorale \u00e8 costituita dalle scuole elementari presenti nel territorio della Citt\u00e0 di Rovinj-Rovigno. La composizione del Consiglio cittadino dei bambini viene stabilita nel seguente modo:<\/p>\n<ul>\n<li>Scuola elementare \u201cJuraj Dobrila\u201d \u2013 9 consiglieri,<\/li>\n<li>Scuola elementare \u201cVladimir Nazor\u201d \u2013 6 consiglieri,<\/li>\n<li>Scuola elementare italiana \u201cBernardo Benussi\u201d \u2013 4 consiglieri.<\/li>\n<\/ul>\n<p>Le scuole stabiliscono autonomamente le modalit\u00e0 di elezione dei membri del Consiglio cittadino dei bambini dalla propria istituzione.<\/p>\n<p><strong>Articolo 3<\/strong><\/p>\n<p>La seduta costitutiva del Consiglio cittadino dei bambini viene convocata dal Sindaco della Citt\u00e0 di Rovinj-Rovigno.<\/p>\n<p><strong>Articolo 4<\/strong><\/p>\n<p>I consiglieri del Consiglio cittadino dei bambini vengono eletti con mandato di due anni scolastici oppure per un periodo pi\u00f9 breve qualora un membro presentasse le proprie dimissioni, cambiasse residenza oppure con delibera del Consiglio cittadino dei bambini venisse appurata l\u2019inattivit\u00e0 oppure commettesse una violazione che il Consiglio cittadino dei bambini valutasse inammissibile.<br \/>\nI consiglieri hanno il diritto e il dovere di partecipare ai lavori della seduta, presentare proposte e domande, direttamente oppure per iscritto al presidente del Consiglio cittadino dei bambini.<br \/>\nLe sedute di regola si tengono almeno una volta a trimestre, mentre le altre attivit\u00e0 almeno due volte al mese.<\/p>\n<p><strong>Articolo 5<\/strong><\/p>\n<p>Fanno parte della sfera delle attivit\u00e0 del Consiglio cittadino dei bambini i seguenti compiti:<\/p>\n<ul>\n<li>partecipazione attiva dei bambini alla vita pubblica nel territorio della Citt\u00e0 di Rovinj-Rovigno,<\/li>\n<li>individuazione delle condizioni e delle necessit\u00e0 dei bambini nell\u2019ambiente in cui vivono,<\/li>\n<li>esposizione pubblica di pareri e proposte,<\/li>\n<li>impegno nell\u2019emanare delibere, programmi e altre misure negli organismi della Citt\u00e0 per migliorare la posizione dei bambini nella societ\u00e0,<\/li>\n<li>seguire e conoscere l\u2019attivit\u00e0 degli organismi dell\u2019autogoverno locale,<\/li>\n<li>realizzazione di contatti con altri consigli dei bambini e scambio di esperienze<\/li>\n<li>seguire i risultati di simili attivit\u00e0 dei bambini.<\/li>\n<li>comunicare agli altri bambini quanto hanno imparato, i procedimenti e i risultati realizzati,<\/li>\n<li>concordare e realizzare la propria presenza nei mass media,<\/li>\n<li>svolgere altri compiti di interesse per i bambini nel territorio della citt\u00e0.<\/li>\n<\/ul>\n<p><strong>Articolo 6<\/strong><\/p>\n<p>I membri del Consiglio cittadino dei bambini eleggono il proprio presidente e vicepresidente. La denominazione non ufficiale \u00e8 Sindaco dei bambini, ossia vicesindaco dei bambini.<br \/>\nLa proposta dei candidati a presidente del Consiglio cittadino dei bambini dev\u2019essere appoggiata, per alzata di mano, da almeno 3 consiglieri. Dopo la candidatura viene attuata la votazione palese per alzata di mano. A presidente viene eletto quel candidato che ottiene la maggioranza assoluta dei voti dei consiglieri presenti. A vicepresidente viene eletto il candidato che ottiene il maggior numero di voti dopo il presidente.<br \/>\nIl presidente del Consiglio cittadino dei bambini convoca e organizza le sedute del Consiglio cittadino dei bambini (in collaborazione con il\/la responsabile del Consiglio cittadino dei bambini \u2013 persona\/e adulta\/e), propone l\u2019ordine del giorno, rende noti i risultati della votazione, firma gli atti che vengono emanati dal Consiglio cittadino dei bambini.<\/p>\n<p><strong>Articolo 7<\/strong><\/p>\n<p>I consiglieri prima discutono dell\u2019oggetto all\u2019ordine del giorno, e quindi emanano le delibere, le conclusioni e altri atti con votazione palese per alzata di mano.<br \/>\nDurante la seduta viene redatto un verbale, e all\u2019inizio della medesima i consiglieri possono presentare osservazioni al verbale della seduta precedente. Il verbale viene firmato dal presidente e da due verificatori.<\/p>\n<p><strong>Articolo 8<\/strong><\/p>\n<p>Le condizioni per l\u2019attivit\u00e0 del Consiglio cittadino dei bambini vengono assicurate dalla Citt\u00e0 di Rovinj-Rovigno (mezzi finanziari, spazio e aiuto professionale). Gli affari amministrativi\u00a0 e professionali vengono espletati dal Settore amministrativo per gli affari sociali in collaborazione con i\/le responsabili del Consiglio cittadino dei bambini e i membri del Comitato di coordinamento dell\u2019azione \u201cCitt\u00e0 di Rovinj-Rovigno \u2013 amica dei bambini\u201d.<\/p>\n<p><strong>Articolo 9<\/strong><\/p>\n<p>Il Consiglio cittadino dei bambini emana il proprio Programma annuale, il Piano esecutivo e il Piano finanziario, nonch\u00e9 presenta la relazione annuale sul lavoro svolto.<\/p>\n<p><strong>Articolo 10<\/strong><\/p>\n<p>Il sindaco della Citt\u00e0 di Rovinj-Rovigno nominer\u00e0, con decreto speciale, due responsabili del Consiglio cittadino dei bambini.<br \/>\nI compiti dei\/delle responsabili del Consiglio cittadino dei bambini sono i seguenti:<\/p>\n<p>1) convocare le sedute del Consiglio cittadino dei bambini,<br \/>\n2) spronare i consiglieri e aiutarli nella stesura del piano di lavoro,<br \/>\n3) seguire le sedute, i laboratori e le attivit\u00e0 del Consiglio cittadino dei bambini,<br \/>\n4) spronare l\u2019attivit\u00e0 ordinaria e attiva del Consiglio cittadino dei bambini,<br \/>\n5) offrire informazioni su quanto \u00e8 stato realizzato,<br \/>\n6) indicare ai bambini le possibilit\u00e0 di risolvere i problemi,<br \/>\n7) insegnare ai bambini come parlare in pubblico e come presentare messaggi e richieste.<\/p>\n<p><strong>Articolo 11<\/strong><\/p>\n<p>La presente delibera entra in vigore il giorno dell\u2019emanazione e verr\u00e0 pubblicata sul \u201cBollettino ufficiale della Citt\u00e0 di Rovinj-Rovigno\u201d.<\/p>\n<p>Classe: 602-02\/12-01\/17\u00a0\u00a0\u00a0\u00a0\u00a0\u00a0\u00a0\u00a0\u00a0\u00a0\u00a0\u00a0\u00a0\u00a0\u00a0\u00a0\u00a0\u00a0\u00a0\u00a0\u00a0\u00a0\u00a0\u00a0\u00a0\u00a0\u00a0\u00a0\u00a0\u00a0\u00a0\u00a0\u00a0\u00a0\u00a0\u00a0\u00a0\u00a0\u00a0\u00a0\u00a0\u00a0\u00a0\u00a0\u00a0\u00a0\u00a0\u00a0\u00a0\u00a0\u00a0\u00a0\u00a0\u00a0\u00a0\u00a0\u00a0\u00a0\u00a0\u00a0\u00a0\u00a0\u00a0\u00a0\u00a0 Il Sindaco<br \/>\nNumprot: 2171-01-09-01-12-1\u00a0\u00a0\u00a0\u00a0\u00a0\u00a0\u00a0\u00a0\u00a0\u00a0\u00a0\u00a0\u00a0\u00a0\u00a0\u00a0\u00a0\u00a0\u00a0\u00a0\u00a0\u00a0\u00a0\u00a0\u00a0\u00a0\u00a0\u00a0\u00a0\u00a0\u00a0\u00a0\u00a0\u00a0\u00a0\u00a0\u00a0\u00a0\u00a0\u00a0\u00a0\u00a0\u00a0\u00a0\u00a0\u00a0\u00a0\u00a0\u00a0\u00a0\u00a0\u00a0\u00a0\u00a0\u00a0\u00a0 Giovanni Sponza<br \/>\nRovigno, 2 maggio 2012<\/p>","protected":false},"excerpt":{"rendered":"<p>Ai sensi dell\u2019articolo 67 dello Statuto della Citt\u00e0 di Rovinj-Rovigno (\u201cBollettino ufficiale della Citt\u00e0 di Rovinj-Rovigno\u201d, n.4\/09), il sindaco della Citt\u00e0 di Rovinj-Rovigno emana la DELIBERA SULLA COSTITUZIONE DEL CONSIGLIO CITTADINO DEI BAMBINI DELLA CITT\u00c0 DI ROVINJ-ROVIGNO Articolo 1 Il Consiglio cittadino dei bambini \u00e8 una forma di attivit\u00e0 volontaria e organizzata dei bambini nel [&hellip;]<\/p>\n","protected":false},"author":2,"featured_media":0,"parent":23,"menu_order":46,"comment_status":"closed","ping_status":"closed","template":"","meta":[],"yoast_head":"<!-- This site is optimized with the Yoast SEO plugin v21.8.1 - https:\/\/yoast.com\/wordpress\/plugins\/seo\/ -->\n<title>Consiglio cittadino dei bambini - Citta di Rovinj-Rovigno<\/title>\n<meta name=\"robots\" content=\"index, follow, max-snippet:-1, max-image-preview:large, max-video-preview:-1\" \/>\n<link rel=\"canonical\" href=\"https:\/\/www.rovinj-rovigno.hr\/it\/educazione-e-istruzione\/hrvatski-djecje-gradsko-vijece-2\/\" \/>\n<meta property=\"og:locale\" content=\"it_IT\" \/>\n<meta property=\"og:type\" content=\"article\" \/>\n<meta property=\"og:title\" content=\"Consiglio cittadino dei bambini - Citta di Rovinj-Rovigno\" \/>\n<meta property=\"og:description\" content=\"Ai sensi dell\u2019articolo 67 dello Statuto della Citt\u00e0 di Rovinj-Rovigno (\u201cBollettino ufficiale della Citt\u00e0 di Rovinj-Rovigno\u201d, n.4\/09), il sindaco della Citt\u00e0 di Rovinj-Rovigno emana la DELIBERA SULLA COSTITUZIONE DEL CONSIGLIO CITTADINO DEI BAMBINI DELLA CITT\u00c0 DI ROVINJ-ROVIGNO Articolo 1 Il Consiglio cittadino dei bambini \u00e8 una forma di attivit\u00e0 volontaria e organizzata dei bambini nel [&hellip;]\" \/>\n<meta property=\"og:url\" content=\"https:\/\/www.rovinj-rovigno.hr\/it\/educazione-e-istruzione\/hrvatski-djecje-gradsko-vijece-2\/\" \/>\n<meta property=\"og:site_name\" content=\"Citta di Rovinj-Rovigno\" \/>\n<meta property=\"article:modified_time\" content=\"2017-06-04T06:19:04+00:00\" \/>\n<meta name=\"twitter:card\" content=\"summary_large_image\" \/>\n<meta name=\"twitter:label1\" content=\"Tempo di lettura stimato\" \/>\n\t<meta name=\"twitter:data1\" content=\"8 minuti\" \/>\n<script type=\"application\/ld+json\" class=\"yoast-schema-graph\">{\"@context\":\"https:\/\/schema.org\",\"@graph\":[{\"@type\":\"WebPage\",\"@id\":\"https:\/\/www.rovinj-rovigno.hr\/it\/educazione-e-istruzione\/hrvatski-djecje-gradsko-vijece-2\/\",\"url\":\"https:\/\/www.rovinj-rovigno.hr\/it\/educazione-e-istruzione\/hrvatski-djecje-gradsko-vijece-2\/\",\"name\":\"Consiglio cittadino dei bambini - Citta di Rovinj-Rovigno\",\"isPartOf\":{\"@id\":\"https:\/\/www.rovinj-rovigno.hr\/#website\"},\"datePublished\":\"2016-12-06T10:20:34+00:00\",\"dateModified\":\"2017-06-04T06:19:04+00:00\",\"breadcrumb\":{\"@id\":\"https:\/\/www.rovinj-rovigno.hr\/it\/educazione-e-istruzione\/hrvatski-djecje-gradsko-vijece-2\/#breadcrumb\"},\"inLanguage\":\"it-IT\",\"potentialAction\":[{\"@type\":\"ReadAction\",\"target\":[\"https:\/\/www.rovinj-rovigno.hr\/it\/educazione-e-istruzione\/hrvatski-djecje-gradsko-vijece-2\/\"]}]},{\"@type\":\"BreadcrumbList\",\"@id\":\"https:\/\/www.rovinj-rovigno.hr\/it\/educazione-e-istruzione\/hrvatski-djecje-gradsko-vijece-2\/#breadcrumb\",\"itemListElement\":[{\"@type\":\"ListItem\",\"position\":1,\"name\":\"Po\u010detna stranica\",\"item\":\"https:\/\/www.rovinj-rovigno.hr\/\"},{\"@type\":\"ListItem\",\"position\":2,\"name\":\"Odgoj i obrazovanje\",\"item\":\"https:\/\/www.rovinj-rovigno.hr\/odgoj-i-obrazovanje\/\"},{\"@type\":\"ListItem\",\"position\":3,\"name\":\"Consiglio cittadino dei bambini\"}]},{\"@type\":\"WebSite\",\"@id\":\"https:\/\/www.rovinj-rovigno.hr\/#website\",\"url\":\"https:\/\/www.rovinj-rovigno.hr\/\",\"name\":\"Citta di Rovinj-Rovigno\",\"description\":\"Sito ufficiale della Citta di Rovinj-Rovigno\",\"potentialAction\":[{\"@type\":\"SearchAction\",\"target\":{\"@type\":\"EntryPoint\",\"urlTemplate\":\"https:\/\/www.rovinj-rovigno.hr\/?s={search_term_string}\"},\"query-input\":\"required name=search_term_string\"}],\"inLanguage\":\"it-IT\"}]}<\/script>\n<!-- \/ Yoast SEO plugin. -->","yoast_head_json":{"title":"Consiglio cittadino dei bambini - Citta di Rovinj-Rovigno","robots":{"index":"index","follow":"follow","max-snippet":"max-snippet:-1","max-image-preview":"max-image-preview:large","max-video-preview":"max-video-preview:-1"},"canonical":"https:\/\/www.rovinj-rovigno.hr\/it\/educazione-e-istruzione\/hrvatski-djecje-gradsko-vijece-2\/","og_locale":"it_IT","og_type":"article","og_title":"Consiglio cittadino dei bambini - Citta di Rovinj-Rovigno","og_description":"Ai sensi dell\u2019articolo 67 dello Statuto della Citt\u00e0 di Rovinj-Rovigno (\u201cBollettino ufficiale della Citt\u00e0 di Rovinj-Rovigno\u201d, n.4\/09), il sindaco della Citt\u00e0 di Rovinj-Rovigno emana la DELIBERA SULLA COSTITUZIONE DEL CONSIGLIO CITTADINO DEI BAMBINI DELLA CITT\u00c0 DI ROVINJ-ROVIGNO Articolo 1 Il Consiglio cittadino dei bambini \u00e8 una forma di attivit\u00e0 volontaria e organizzata dei bambini nel [&hellip;]","og_url":"https:\/\/www.rovinj-rovigno.hr\/it\/educazione-e-istruzione\/hrvatski-djecje-gradsko-vijece-2\/","og_site_name":"Citta di Rovinj-Rovigno","article_modified_time":"2017-06-04T06:19:04+00:00","twitter_card":"summary_large_image","twitter_misc":{"Tempo di lettura stimato":"8 minuti"},"schema":{"@context":"https:\/\/schema.org","@graph":[{"@type":"WebPage","@id":"https:\/\/www.rovinj-rovigno.hr\/it\/educazione-e-istruzione\/hrvatski-djecje-gradsko-vijece-2\/","url":"https:\/\/www.rovinj-rovigno.hr\/it\/educazione-e-istruzione\/hrvatski-djecje-gradsko-vijece-2\/","name":"Consiglio cittadino dei bambini - Citta di Rovinj-Rovigno","isPartOf":{"@id":"https:\/\/www.rovinj-rovigno.hr\/#website"},"datePublished":"2016-12-06T10:20:34+00:00","dateModified":"2017-06-04T06:19:04+00:00","breadcrumb":{"@id":"https:\/\/www.rovinj-rovigno.hr\/it\/educazione-e-istruzione\/hrvatski-djecje-gradsko-vijece-2\/#breadcrumb"},"inLanguage":"it-IT","potentialAction":[{"@type":"ReadAction","target":["https:\/\/www.rovinj-rovigno.hr\/it\/educazione-e-istruzione\/hrvatski-djecje-gradsko-vijece-2\/"]}]},{"@type":"BreadcrumbList","@id":"https:\/\/www.rovinj-rovigno.hr\/it\/educazione-e-istruzione\/hrvatski-djecje-gradsko-vijece-2\/#breadcrumb","itemListElement":[{"@type":"ListItem","position":1,"name":"Po\u010detna stranica","item":"https:\/\/www.rovinj-rovigno.hr\/"},{"@type":"ListItem","position":2,"name":"Odgoj i obrazovanje","item":"https:\/\/www.rovinj-rovigno.hr\/odgoj-i-obrazovanje\/"},{"@type":"ListItem","position":3,"name":"Consiglio cittadino dei bambini"}]},{"@type":"WebSite","@id":"https:\/\/www.rovinj-rovigno.hr\/#website","url":"https:\/\/www.rovinj-rovigno.hr\/","name":"Citta di Rovinj-Rovigno","description":"Sito ufficiale della Citta di Rovinj-Rovigno","potentialAction":[{"@type":"SearchAction","target":{"@type":"EntryPoint","urlTemplate":"https:\/\/www.rovinj-rovigno.hr\/?s={search_term_string}"},"query-input":"required name=search_term_string"}],"inLanguage":"it-IT"}]}},"_links":{"self":[{"href":"https:\/\/www.rovinj-rovigno.hr\/it\/wp-json\/wp\/v2\/pages\/761"}],"collection":[{"href":"https:\/\/www.rovinj-rovigno.hr\/it\/wp-json\/wp\/v2\/pages"}],"about":[{"href":"https:\/\/www.rovinj-rovigno.hr\/it\/wp-json\/wp\/v2\/types\/page"}],"author":[{"embeddable":true,"href":"https:\/\/www.rovinj-rovigno.hr\/it\/wp-json\/wp\/v2\/users\/2"}],"replies":[{"embeddable":true,"href":"https:\/\/www.rovinj-rovigno.hr\/it\/wp-json\/wp\/v2\/comments?post=761"}],"version-history":[{"count":0,"href":"https:\/\/www.rovinj-rovigno.hr\/it\/wp-json\/wp\/v2\/pages\/761\/revisions"}],"up":[{"embeddable":true,"href":"https:\/\/www.rovinj-rovigno.hr\/it\/wp-json\/wp\/v2\/pages\/23"}],"wp:attachment":[{"href":"https:\/\/www.rovinj-rovigno.hr\/it\/wp-json\/wp\/v2\/media?parent=761"}],"curies":[{"name":"wp","href":"https:\/\/api.w.org\/{rel}","templated":true}]}}