{"id":755,"date":"2016-12-06T10:18:30","date_gmt":"2016-12-06T10:18:30","guid":{"rendered":"http:\/\/rovinjhr.lin53.host25.com\/?page_id=755"},"modified":"2017-05-26T09:20:00","modified_gmt":"2017-05-26T09:20:00","slug":"grad-prijatelj-djece","status":"publish","type":"page","link":"https:\/\/www.rovinj-rovigno.hr\/it\/educazione-e-istruzione\/hrvatski-grad-prijatelj-djece\/","title":{"rendered":"Citt\u00e0 amica dei bambini"},"content":{"rendered":"<p><strong>Relazione della commissione per la valutazione \u2013 Rovigno citt\u00e0 amica dei bambini<\/strong><\/p>\n<p>L\u2019aumento dei mezzi complessivi assicurati per i bambini nel bilancio cittadino cresce di anno in anno e nel 2013 ammonta a 15,09%, mentre l\u2019importo dei mezzi assicurati per singolo bambino \u00e8 aumentato del 5,25% e ammonta a 7.164,35 il che \u00e8 stato influenzato dalle misure e dalle strategie della comunit\u00e0 locale.<\/p>\n<p>La Citt\u00e0 finanzia il logopedista, lo psicologo, l\u2019insegnante di educazione fisica, il Programma di prevenzione delle dipendenze, gli aiuti una tantum per i neonati nell\u2019importo di 1 500 kn per bambino, e 500 kn per i lattanti fino al compimento del primo anno d\u2019et\u00e0.<\/p>\n<p><img decoding=\"async\" loading=\"lazy\" src=\"http:\/\/www.rovinj.hr\/rovinj\/images\/grad-prijatelj-djece\/Dodjela-priznanja-3.jpg\" alt=\"\" width=\"640\" height=\"427\" \/><\/p>\n<p>Sono fruitori delle borse di studio della Citt\u00e0 15 alunni e 156 studenti, e dal bilancio cittadini viene cofinanziato il lavoro di 100 associazioni e 38 club sportivi.<\/p>\n<p>Il Consiglio cittadino dei bambini \u00e8 molto attivo. I bambini sottolineano che la citt\u00e0 offre loro tanti laboratori, attivit\u00e0 sportive e aiuto gratuito nello studio. La natura nella citt\u00e0 \u00e8 bella, l\u2019aria \u00e8 pulita, ci sono numerosi parchi e si pu\u00f2 andare in bici. La citt\u00e0 \u00e8 sicura. Si investe nei bambini e nei programmi per i bambini. Nella citt\u00e0 c\u2019\u00e8 il cinema e il teatro.<\/p>\n<p>Nel programma di tutela prenatale \u00e8 incluso il 99% delle donne in cinta, vengono attuati i programmi di educazione sanitaria per le gestanti. L\u2019Istituto per la tutela della salute con i mezzi della Citt\u00e0 attua le analisi della qualit\u00e0 del cibo nei giardini d\u2019infanzia e nelle scuole elementari, si tratta di un eccellente misura pubblico-sanitaria. Si tiene il registro dei bambini con disturbi nevrotici che vengono seguiti dal pediatra e dai servizi specialistici.<\/p>\n<p><img decoding=\"async\" loading=\"lazy\" src=\"http:\/\/www.rovinj.hr\/rovinj\/images\/grad-prijatelj-djece\/priznanje.jpg\" alt=\"Grad prijatelj djece\" width=\"594\" height=\"840\" \/><\/p>\n<p>Nella citt\u00e0 operano due giardini d\u2019infanzia: il Giardino e nido d\u2019infanzia Neven e il Giardino d\u2019infanzia italiano Naridola, nei quali vengono accolti tutti i bambini in et\u00e0 prescolare.<\/p>\n<p>Nel Giardino e nido d\u2019infanzia Neven si tengono i corsi per i genitori in base al programma dell\u2019UNICEF \u201cI primi tre anni sono i pi\u00f9 importanti, cresciamo insieme\u201d. Le educatrici hanno svolto l\u2019educazione dal prof. Lay, pioniere nel lavoro con i bambini dotati in Croazia, e sono abilitate per riconoscere e lavorare con i bambini dotati. Si preoccupano dell\u2019alimentazione sana dei bambini e delle esercitazioni giornaliere della durata di 45 minuti. La Citt\u00e0 cofinanzia il collaboratore specializzato ossia il cinesiologo.<\/p>\n<p>Nella Scuola elementare Vladimir Nazor \u00e8 allestito il gabinetto del logopedista con il materiale didattico, hanno il gruppo specializzato composto da psicologo, defettologo e logopedista finanziato dalla Citt\u00e0 che lavora con le 3 scuole elementari. Il giornale scolastico \u201cGaleb\u201d esce gi\u00e0 da 40 anni viene del tutto preparato dal gruppo giornalistico della scuola. Nella SE Vladimir Nazor si organizza il festival musicale per bambini \u201cNazorov mikrofon\u201d. Presso la scuola opera la scuola elementare di musica che \u00e8 stata sistemata di recente.<\/p>\n<p><img decoding=\"async\" loading=\"lazy\" src=\"http:\/\/www.rovinj.hr\/rovinj\/images\/grad-prijatelj-djece\/Dodjela-priznanja-5.jpg\" alt=\"\" width=\"640\" height=\"427\" \/><\/p>\n<p>La Scuola elementare italiana Bernardo Benussi \u00e8 inclusa in numerosi progetti che rigurdano i diritti dei bambini, la sicurezza su Internet. Hanno il gruppo musicale della scuola formato dagli alunni. La scuola collabora con il giardino d\u2019infanzia italiano e la scuola media superiore italiana.<\/p>\n<p>La SE Juraj Dobrila organizza le lezioni nelle scuole periferiche di Villa di Rovigno e Valle, la Scuola d\u2019avviamento professionale Eugen Kumi\u010di\u0107 ha una ricca tradizione nell\u2019insegnare agli alunni diversi mestieri e una buona collaborazione con gli imprenditori.<\/p>\n<p>La buona collaborazione tra la Citt\u00e0 e le scuole si vede sull\u2019esempio del cofinanziamento del ballo studentesco e le gite dell\u2019ottava classe per gli alunni con difficolt\u00e0 finanziarie.<\/p>\n<p><img decoding=\"async\" loading=\"lazy\" src=\"http:\/\/www.rovinj.hr\/rovinj\/images\/grad-prijatelj-djece\/Dodjela-priznanja-4.jpg\" alt=\"\" width=\"640\" height=\"427\" \/><\/p>\n<p>Bisogna elogiare il progetto dell\u2019Universit\u00e0 popolare aperta Rovigno \u201cPOU\u010dilica\u201d \u2013 aiuto gratuito nello studio per gli alunni dalla quinta all\u2019ottava classe. Nel programma partecipano i volontari e i coetanei aiutanti. Oltre all\u2019aiuto nello studio, i ragazzi vanno in gita insieme e si incontrano per passare del tempo insieme.<\/p>\n<p>E particolarmente buona la collaborazione tra la Citt\u00e0 di Rovigno e il Centro per la previdenza sociale, su raccomandazione del Centro la Citt\u00e0 assegna gli aiuti una tantum per coprire le spese di abitazione. La Citt\u00e0 sostiene il Consultorio psicologico cittadino per il matrimonio, la famiglia e i giovani. Nel Consultorio operano due assistenti sociali e uno psicologo.<\/p>\n<p>Nella citt\u00e0 vengono svolti sistematicamente i programmi \u00a0di prevenzione generale per tutti i bambini e genitori (Programma per combattere l\u2019abuso di droghe e il comportamento deviante minorile \u2013 programma a lungo termine della Citt\u00e0).<\/p>\n<p>La Citt\u00e0 assicura le condizioni per il lavoro e i mezzi necessari ai programmi per incentivare la socializzazione dei bambini che compremdono anche i genitori. Per il Centro diurno per la riabilitazione Veruda-Pola, la citt\u00e0 assicura l\u2019importo di 240.000,00 kn, inoltre vengono assicurati i mezzi per le medicine che non vengono coperte dall\u2019HZZO e gli aiuti per i disabili.<\/p>\n<p>Rileviamo il lavoro dell\u2019Associazione \u201cBabin pas\u201distituita per promuovere e salvaguardare il patrimonio culturale locale \u2013 sistemare le vecchie casite ma anche le culture etniche immateriali con la pubblicazione e l\u2019edizione della cultura popolare scritta e orale. Il progetto pi\u00f9 recente \u201cPU\u00d2 ESSERE DIVERSO\u201d si realizza in collaborazione \u00a0con l\u2019associazione di scienziati di Fiume \u201cZlatni rez\u201d. Si pianifica l\u2019apertura del museo interattivo per bambini.<\/p>\n<p><img decoding=\"async\" loading=\"lazy\" src=\"http:\/\/www.rovinj.hr\/rovinj\/images\/grad-prijatelj-djece\/Dodjela-priznanja-1.jpg\" alt=\"\" width=\"300\" height=\"450\" \/><\/p>\n<p>Per quanto concerne il tempo libero, la citt\u00e0 offre molte possibilit\u00e0. I bambini sono attorniati del verde, le piste ciclistiche e l\u2019aria pulita. L\u2019offerta artistico \u2013 culturale per i bambini \u00e8 ricca. I bambini partecipano a varie manifestazioni, il Consiglio cittadino dei bambini \u00e8 attivo e gli adulti ascoltano le proposte dei bambini. Rovigno \u00e8 una citt\u00e0 che pu\u00f2 offrire ai propri bambini un\u2019infanzia e una giovent\u00f9 bella, sana e interessante e perci\u00f2 la citt\u00e0 pu\u00f2 venire proposta con diritto al titolo di \u201cCitt\u00e0 &#8211; amica dei bambini\u201d.<\/p>\n<p>I membri della Commissione<br \/>\nAna Kola, psicologo<br \/>\nIvone \u0160abari\u0107 Rube\u0161a, mr. in riabilitazione educativa.<br \/>\nMr. sc. Katarina Milkovi\u0107<br \/>\nMr.sc. Ru\u017eica Vasari Talanga, spec. in pediatria<\/p>","protected":false},"excerpt":{"rendered":"<p>Relazione della commissione per la valutazione \u2013 Rovigno citt\u00e0 amica dei bambini L\u2019aumento dei mezzi complessivi assicurati per i bambini nel bilancio cittadino cresce di anno in anno e nel 2013 ammonta a 15,09%, mentre l\u2019importo dei mezzi assicurati per singolo bambino \u00e8 aumentato del 5,25% e ammonta a 7.164,35 il che \u00e8 stato influenzato [&hellip;]<\/p>\n","protected":false},"author":2,"featured_media":0,"parent":23,"menu_order":44,"comment_status":"closed","ping_status":"closed","template":"","meta":[],"yoast_head":"<!-- This site is optimized with the Yoast SEO plugin v21.8.1 - https:\/\/yoast.com\/wordpress\/plugins\/seo\/ -->\n<title>Citt\u00e0 amica dei bambini - Citta di Rovinj-Rovigno<\/title>\n<meta name=\"robots\" content=\"index, follow, max-snippet:-1, max-image-preview:large, max-video-preview:-1\" \/>\n<link rel=\"canonical\" href=\"https:\/\/www.rovinj-rovigno.hr\/it\/educazione-e-istruzione\/hrvatski-grad-prijatelj-djece\/\" \/>\n<meta property=\"og:locale\" content=\"it_IT\" \/>\n<meta property=\"og:type\" content=\"article\" \/>\n<meta property=\"og:title\" content=\"Citt\u00e0 amica dei bambini - Citta di Rovinj-Rovigno\" \/>\n<meta property=\"og:description\" content=\"Relazione della commissione per la valutazione \u2013 Rovigno citt\u00e0 amica dei bambini L\u2019aumento dei mezzi complessivi assicurati per i bambini nel bilancio cittadino cresce di anno in anno e nel 2013 ammonta a 15,09%, mentre l\u2019importo dei mezzi assicurati per singolo bambino \u00e8 aumentato del 5,25% e ammonta a 7.164,35 il che \u00e8 stato influenzato [&hellip;]\" \/>\n<meta property=\"og:url\" content=\"https:\/\/www.rovinj-rovigno.hr\/it\/educazione-e-istruzione\/hrvatski-grad-prijatelj-djece\/\" \/>\n<meta property=\"og:site_name\" content=\"Citta di Rovinj-Rovigno\" \/>\n<meta property=\"article:modified_time\" content=\"2017-05-26T09:20:00+00:00\" \/>\n<meta property=\"og:image\" content=\"http:\/\/www.rovinj.hr\/rovinj\/images\/grad-prijatelj-djece\/Dodjela-priznanja-3.jpg\" \/>\n<meta name=\"twitter:card\" content=\"summary_large_image\" \/>\n<meta name=\"twitter:label1\" content=\"Tempo di lettura stimato\" \/>\n\t<meta name=\"twitter:data1\" content=\"9 minuti\" \/>\n<script type=\"application\/ld+json\" class=\"yoast-schema-graph\">{\"@context\":\"https:\/\/schema.org\",\"@graph\":[{\"@type\":\"WebPage\",\"@id\":\"https:\/\/www.rovinj-rovigno.hr\/it\/educazione-e-istruzione\/hrvatski-grad-prijatelj-djece\/\",\"url\":\"https:\/\/www.rovinj-rovigno.hr\/it\/educazione-e-istruzione\/hrvatski-grad-prijatelj-djece\/\",\"name\":\"Citt\u00e0 amica dei bambini - Citta di Rovinj-Rovigno\",\"isPartOf\":{\"@id\":\"https:\/\/www.rovinj-rovigno.hr\/#website\"},\"datePublished\":\"2016-12-06T10:18:30+00:00\",\"dateModified\":\"2017-05-26T09:20:00+00:00\",\"breadcrumb\":{\"@id\":\"https:\/\/www.rovinj-rovigno.hr\/it\/educazione-e-istruzione\/hrvatski-grad-prijatelj-djece\/#breadcrumb\"},\"inLanguage\":\"it-IT\",\"potentialAction\":[{\"@type\":\"ReadAction\",\"target\":[\"https:\/\/www.rovinj-rovigno.hr\/it\/educazione-e-istruzione\/hrvatski-grad-prijatelj-djece\/\"]}]},{\"@type\":\"BreadcrumbList\",\"@id\":\"https:\/\/www.rovinj-rovigno.hr\/it\/educazione-e-istruzione\/hrvatski-grad-prijatelj-djece\/#breadcrumb\",\"itemListElement\":[{\"@type\":\"ListItem\",\"position\":1,\"name\":\"Po\u010detna stranica\",\"item\":\"https:\/\/www.rovinj-rovigno.hr\/\"},{\"@type\":\"ListItem\",\"position\":2,\"name\":\"Odgoj i obrazovanje\",\"item\":\"https:\/\/www.rovinj-rovigno.hr\/odgoj-i-obrazovanje\/\"},{\"@type\":\"ListItem\",\"position\":3,\"name\":\"Citt\u00e0 amica dei bambini\"}]},{\"@type\":\"WebSite\",\"@id\":\"https:\/\/www.rovinj-rovigno.hr\/#website\",\"url\":\"https:\/\/www.rovinj-rovigno.hr\/\",\"name\":\"Citta di Rovinj-Rovigno\",\"description\":\"Sito ufficiale della Citta di Rovinj-Rovigno\",\"potentialAction\":[{\"@type\":\"SearchAction\",\"target\":{\"@type\":\"EntryPoint\",\"urlTemplate\":\"https:\/\/www.rovinj-rovigno.hr\/?s={search_term_string}\"},\"query-input\":\"required name=search_term_string\"}],\"inLanguage\":\"it-IT\"}]}<\/script>\n<!-- \/ Yoast SEO plugin. -->","yoast_head_json":{"title":"Citt\u00e0 amica dei bambini - Citta di Rovinj-Rovigno","robots":{"index":"index","follow":"follow","max-snippet":"max-snippet:-1","max-image-preview":"max-image-preview:large","max-video-preview":"max-video-preview:-1"},"canonical":"https:\/\/www.rovinj-rovigno.hr\/it\/educazione-e-istruzione\/hrvatski-grad-prijatelj-djece\/","og_locale":"it_IT","og_type":"article","og_title":"Citt\u00e0 amica dei bambini - Citta di Rovinj-Rovigno","og_description":"Relazione della commissione per la valutazione \u2013 Rovigno citt\u00e0 amica dei bambini L\u2019aumento dei mezzi complessivi assicurati per i bambini nel bilancio cittadino cresce di anno in anno e nel 2013 ammonta a 15,09%, mentre l\u2019importo dei mezzi assicurati per singolo bambino \u00e8 aumentato del 5,25% e ammonta a 7.164,35 il che \u00e8 stato influenzato [&hellip;]","og_url":"https:\/\/www.rovinj-rovigno.hr\/it\/educazione-e-istruzione\/hrvatski-grad-prijatelj-djece\/","og_site_name":"Citta di Rovinj-Rovigno","article_modified_time":"2017-05-26T09:20:00+00:00","og_image":[{"url":"http:\/\/www.rovinj.hr\/rovinj\/images\/grad-prijatelj-djece\/Dodjela-priznanja-3.jpg"}],"twitter_card":"summary_large_image","twitter_misc":{"Tempo di lettura stimato":"9 minuti"},"schema":{"@context":"https:\/\/schema.org","@graph":[{"@type":"WebPage","@id":"https:\/\/www.rovinj-rovigno.hr\/it\/educazione-e-istruzione\/hrvatski-grad-prijatelj-djece\/","url":"https:\/\/www.rovinj-rovigno.hr\/it\/educazione-e-istruzione\/hrvatski-grad-prijatelj-djece\/","name":"Citt\u00e0 amica dei bambini - Citta di Rovinj-Rovigno","isPartOf":{"@id":"https:\/\/www.rovinj-rovigno.hr\/#website"},"datePublished":"2016-12-06T10:18:30+00:00","dateModified":"2017-05-26T09:20:00+00:00","breadcrumb":{"@id":"https:\/\/www.rovinj-rovigno.hr\/it\/educazione-e-istruzione\/hrvatski-grad-prijatelj-djece\/#breadcrumb"},"inLanguage":"it-IT","potentialAction":[{"@type":"ReadAction","target":["https:\/\/www.rovinj-rovigno.hr\/it\/educazione-e-istruzione\/hrvatski-grad-prijatelj-djece\/"]}]},{"@type":"BreadcrumbList","@id":"https:\/\/www.rovinj-rovigno.hr\/it\/educazione-e-istruzione\/hrvatski-grad-prijatelj-djece\/#breadcrumb","itemListElement":[{"@type":"ListItem","position":1,"name":"Po\u010detna stranica","item":"https:\/\/www.rovinj-rovigno.hr\/"},{"@type":"ListItem","position":2,"name":"Odgoj i obrazovanje","item":"https:\/\/www.rovinj-rovigno.hr\/odgoj-i-obrazovanje\/"},{"@type":"ListItem","position":3,"name":"Citt\u00e0 amica dei bambini"}]},{"@type":"WebSite","@id":"https:\/\/www.rovinj-rovigno.hr\/#website","url":"https:\/\/www.rovinj-rovigno.hr\/","name":"Citta di Rovinj-Rovigno","description":"Sito ufficiale della Citta di Rovinj-Rovigno","potentialAction":[{"@type":"SearchAction","target":{"@type":"EntryPoint","urlTemplate":"https:\/\/www.rovinj-rovigno.hr\/?s={search_term_string}"},"query-input":"required name=search_term_string"}],"inLanguage":"it-IT"}]}},"_links":{"self":[{"href":"https:\/\/www.rovinj-rovigno.hr\/it\/wp-json\/wp\/v2\/pages\/755"}],"collection":[{"href":"https:\/\/www.rovinj-rovigno.hr\/it\/wp-json\/wp\/v2\/pages"}],"about":[{"href":"https:\/\/www.rovinj-rovigno.hr\/it\/wp-json\/wp\/v2\/types\/page"}],"author":[{"embeddable":true,"href":"https:\/\/www.rovinj-rovigno.hr\/it\/wp-json\/wp\/v2\/users\/2"}],"replies":[{"embeddable":true,"href":"https:\/\/www.rovinj-rovigno.hr\/it\/wp-json\/wp\/v2\/comments?post=755"}],"version-history":[{"count":0,"href":"https:\/\/www.rovinj-rovigno.hr\/it\/wp-json\/wp\/v2\/pages\/755\/revisions"}],"up":[{"embeddable":true,"href":"https:\/\/www.rovinj-rovigno.hr\/it\/wp-json\/wp\/v2\/pages\/23"}],"wp:attachment":[{"href":"https:\/\/www.rovinj-rovigno.hr\/it\/wp-json\/wp\/v2\/media?parent=755"}],"curies":[{"name":"wp","href":"https:\/\/api.w.org\/{rel}","templated":true}]}}