{"id":693,"date":"2016-12-03T09:52:36","date_gmt":"2016-12-03T09:52:36","guid":{"rendered":"http:\/\/rovinjhr.lin53.host25.com\/?page_id=693"},"modified":"2020-01-15T21:00:38","modified_gmt":"2020-01-15T19:00:38","slug":"najam-gradskih-stanova","status":"publish","type":"page","link":"https:\/\/www.rovinj-rovigno.hr\/it\/economia\/hrvatski-raspolaganje-gradskom-imovinom\/hrvatski-najam-gradskih-stanova\/","title":{"rendered":"Affitto degli appartamenti cittadini"},"content":{"rendered":"<p>Nell\u2019evidenza del Settore amministrativo sono registrati 18 appartamenti con i quali \u00e8 stato stipulato il contratto con canone protetto, 31 appartamenti con i contratti di affitto con il canone libero nonch\u00e9 8 appartamenti con i contratti per alloggio indispensabile, il tutto in conformit\u00e0 con la Delibera sull\u2019assegnazione in affitto degli appartamenti di propriet\u00e0 della Citt\u00e0 di Rovinj-Rovigno (\u201cBollettino ufficiale della Citt\u00e0 di Rovinj-Rovigno\u201d, n. 7\/00 &#8211; testo emendato, 1\/02, 4\/02 e 7\/05).<\/p>","protected":false},"excerpt":{"rendered":"<p>Nell\u2019evidenza del Settore amministrativo sono registrati 18 appartamenti con i quali \u00e8 stato stipulato il contratto con canone protetto, 31 appartamenti con i contratti di affitto con il canone libero nonch\u00e9 8 appartamenti con i contratti per alloggio indispensabile, il tutto in conformit\u00e0 con la Delibera sull\u2019assegnazione in affitto degli appartamenti di propriet\u00e0 della Citt\u00e0 [&hellip;]<\/p>\n","protected":false},"author":2,"featured_media":0,"parent":686,"menu_order":47,"comment_status":"closed","ping_status":"closed","template":"","meta":[],"yoast_head":"<!-- This site is optimized with the Yoast SEO plugin v21.8.1 - https:\/\/yoast.com\/wordpress\/plugins\/seo\/ -->\n<title>Affitto degli appartamenti cittadini - Citta di Rovinj-Rovigno<\/title>\n<meta name=\"robots\" content=\"index, follow, max-snippet:-1, max-image-preview:large, max-video-preview:-1\" \/>\n<link rel=\"canonical\" href=\"https:\/\/www.rovinj-rovigno.hr\/gospodarstvo\/raspolaganje-gradskom-imovinom\/najam-gradskih-stanova\/\" \/>\n<meta property=\"og:locale\" content=\"it_IT\" \/>\n<meta property=\"og:type\" content=\"article\" \/>\n<meta property=\"og:title\" content=\"Affitto degli appartamenti cittadini - Citta di Rovinj-Rovigno\" \/>\n<meta property=\"og:description\" content=\"Nell\u2019evidenza del Settore amministrativo sono registrati 18 appartamenti con i quali \u00e8 stato stipulato il contratto con canone protetto, 31 appartamenti con i contratti di affitto con il canone libero nonch\u00e9 8 appartamenti con i contratti per alloggio indispensabile, il tutto in conformit\u00e0 con la Delibera sull\u2019assegnazione in affitto degli appartamenti di propriet\u00e0 della Citt\u00e0 [&hellip;]\" \/>\n<meta property=\"og:url\" content=\"https:\/\/www.rovinj-rovigno.hr\/gospodarstvo\/raspolaganje-gradskom-imovinom\/najam-gradskih-stanova\/\" \/>\n<meta property=\"og:site_name\" content=\"Citta di Rovinj-Rovigno\" \/>\n<meta property=\"article:modified_time\" content=\"2020-01-15T19:00:38+00:00\" \/>\n<meta name=\"twitter:card\" content=\"summary_large_image\" \/>\n<meta name=\"twitter:label1\" content=\"Tempo di lettura stimato\" \/>\n\t<meta name=\"twitter:data1\" content=\"1 minuto\" \/>\n<script type=\"application\/ld+json\" class=\"yoast-schema-graph\">{\"@context\":\"https:\/\/schema.org\",\"@graph\":[{\"@type\":\"WebPage\",\"@id\":\"https:\/\/www.rovinj-rovigno.hr\/gospodarstvo\/raspolaganje-gradskom-imovinom\/najam-gradskih-stanova\/\",\"url\":\"https:\/\/www.rovinj-rovigno.hr\/gospodarstvo\/raspolaganje-gradskom-imovinom\/najam-gradskih-stanova\/\",\"name\":\"Affitto degli appartamenti cittadini - Citta di Rovinj-Rovigno\",\"isPartOf\":{\"@id\":\"https:\/\/www.rovinj-rovigno.hr\/#website\"},\"datePublished\":\"2016-12-03T09:52:36+00:00\",\"dateModified\":\"2020-01-15T19:00:38+00:00\",\"breadcrumb\":{\"@id\":\"https:\/\/www.rovinj-rovigno.hr\/gospodarstvo\/raspolaganje-gradskom-imovinom\/najam-gradskih-stanova\/#breadcrumb\"},\"inLanguage\":\"it-IT\",\"potentialAction\":[{\"@type\":\"ReadAction\",\"target\":[\"https:\/\/www.rovinj-rovigno.hr\/gospodarstvo\/raspolaganje-gradskom-imovinom\/najam-gradskih-stanova\/\"]}]},{\"@type\":\"BreadcrumbList\",\"@id\":\"https:\/\/www.rovinj-rovigno.hr\/gospodarstvo\/raspolaganje-gradskom-imovinom\/najam-gradskih-stanova\/#breadcrumb\",\"itemListElement\":[{\"@type\":\"ListItem\",\"position\":1,\"name\":\"Po\u010detna stranica\",\"item\":\"https:\/\/www.rovinj-rovigno.hr\/\"},{\"@type\":\"ListItem\",\"position\":2,\"name\":\"Economia\",\"item\":\"https:\/\/www.rovinj-rovigno.hr\/it\/economia\/\"},{\"@type\":\"ListItem\",\"position\":3,\"name\":\"Raspolaganje gradskom imovinom\",\"item\":\"https:\/\/www.rovinj-rovigno.hr\/gospodarstvo\/raspolaganje-gradskom-imovinom\/\"},{\"@type\":\"ListItem\",\"position\":4,\"name\":\"Najam gradskih stanova\"}]},{\"@type\":\"WebSite\",\"@id\":\"https:\/\/www.rovinj-rovigno.hr\/#website\",\"url\":\"https:\/\/www.rovinj-rovigno.hr\/\",\"name\":\"Citta di Rovinj-Rovigno\",\"description\":\"Sito ufficiale della Citta di Rovinj-Rovigno\",\"potentialAction\":[{\"@type\":\"SearchAction\",\"target\":{\"@type\":\"EntryPoint\",\"urlTemplate\":\"https:\/\/www.rovinj-rovigno.hr\/?s={search_term_string}\"},\"query-input\":\"required name=search_term_string\"}],\"inLanguage\":\"it-IT\"}]}<\/script>\n<!-- \/ Yoast SEO plugin. -->","yoast_head_json":{"title":"Affitto degli appartamenti cittadini - Citta di Rovinj-Rovigno","robots":{"index":"index","follow":"follow","max-snippet":"max-snippet:-1","max-image-preview":"max-image-preview:large","max-video-preview":"max-video-preview:-1"},"canonical":"https:\/\/www.rovinj-rovigno.hr\/gospodarstvo\/raspolaganje-gradskom-imovinom\/najam-gradskih-stanova\/","og_locale":"it_IT","og_type":"article","og_title":"Affitto degli appartamenti cittadini - Citta di Rovinj-Rovigno","og_description":"Nell\u2019evidenza del Settore amministrativo sono registrati 18 appartamenti con i quali \u00e8 stato stipulato il contratto con canone protetto, 31 appartamenti con i contratti di affitto con il canone libero nonch\u00e9 8 appartamenti con i contratti per alloggio indispensabile, il tutto in conformit\u00e0 con la Delibera sull\u2019assegnazione in affitto degli appartamenti di propriet\u00e0 della Citt\u00e0 [&hellip;]","og_url":"https:\/\/www.rovinj-rovigno.hr\/gospodarstvo\/raspolaganje-gradskom-imovinom\/najam-gradskih-stanova\/","og_site_name":"Citta di Rovinj-Rovigno","article_modified_time":"2020-01-15T19:00:38+00:00","twitter_card":"summary_large_image","twitter_misc":{"Tempo di lettura stimato":"1 minuto"},"schema":{"@context":"https:\/\/schema.org","@graph":[{"@type":"WebPage","@id":"https:\/\/www.rovinj-rovigno.hr\/gospodarstvo\/raspolaganje-gradskom-imovinom\/najam-gradskih-stanova\/","url":"https:\/\/www.rovinj-rovigno.hr\/gospodarstvo\/raspolaganje-gradskom-imovinom\/najam-gradskih-stanova\/","name":"Affitto degli appartamenti cittadini - Citta di Rovinj-Rovigno","isPartOf":{"@id":"https:\/\/www.rovinj-rovigno.hr\/#website"},"datePublished":"2016-12-03T09:52:36+00:00","dateModified":"2020-01-15T19:00:38+00:00","breadcrumb":{"@id":"https:\/\/www.rovinj-rovigno.hr\/gospodarstvo\/raspolaganje-gradskom-imovinom\/najam-gradskih-stanova\/#breadcrumb"},"inLanguage":"it-IT","potentialAction":[{"@type":"ReadAction","target":["https:\/\/www.rovinj-rovigno.hr\/gospodarstvo\/raspolaganje-gradskom-imovinom\/najam-gradskih-stanova\/"]}]},{"@type":"BreadcrumbList","@id":"https:\/\/www.rovinj-rovigno.hr\/gospodarstvo\/raspolaganje-gradskom-imovinom\/najam-gradskih-stanova\/#breadcrumb","itemListElement":[{"@type":"ListItem","position":1,"name":"Po\u010detna stranica","item":"https:\/\/www.rovinj-rovigno.hr\/"},{"@type":"ListItem","position":2,"name":"Economia","item":"https:\/\/www.rovinj-rovigno.hr\/it\/economia\/"},{"@type":"ListItem","position":3,"name":"Raspolaganje gradskom imovinom","item":"https:\/\/www.rovinj-rovigno.hr\/gospodarstvo\/raspolaganje-gradskom-imovinom\/"},{"@type":"ListItem","position":4,"name":"Najam gradskih stanova"}]},{"@type":"WebSite","@id":"https:\/\/www.rovinj-rovigno.hr\/#website","url":"https:\/\/www.rovinj-rovigno.hr\/","name":"Citta di Rovinj-Rovigno","description":"Sito ufficiale della Citta di Rovinj-Rovigno","potentialAction":[{"@type":"SearchAction","target":{"@type":"EntryPoint","urlTemplate":"https:\/\/www.rovinj-rovigno.hr\/?s={search_term_string}"},"query-input":"required name=search_term_string"}],"inLanguage":"it-IT"}]}},"_links":{"self":[{"href":"https:\/\/www.rovinj-rovigno.hr\/it\/wp-json\/wp\/v2\/pages\/693"}],"collection":[{"href":"https:\/\/www.rovinj-rovigno.hr\/it\/wp-json\/wp\/v2\/pages"}],"about":[{"href":"https:\/\/www.rovinj-rovigno.hr\/it\/wp-json\/wp\/v2\/types\/page"}],"author":[{"embeddable":true,"href":"https:\/\/www.rovinj-rovigno.hr\/it\/wp-json\/wp\/v2\/users\/2"}],"replies":[{"embeddable":true,"href":"https:\/\/www.rovinj-rovigno.hr\/it\/wp-json\/wp\/v2\/comments?post=693"}],"version-history":[{"count":0,"href":"https:\/\/www.rovinj-rovigno.hr\/it\/wp-json\/wp\/v2\/pages\/693\/revisions"}],"up":[{"embeddable":true,"href":"https:\/\/www.rovinj-rovigno.hr\/it\/wp-json\/wp\/v2\/pages\/686"}],"wp:attachment":[{"href":"https:\/\/www.rovinj-rovigno.hr\/it\/wp-json\/wp\/v2\/media?parent=693"}],"curies":[{"name":"wp","href":"https:\/\/api.w.org\/{rel}","templated":true}]}}