{"id":651,"date":"2016-11-29T07:56:15","date_gmt":"2016-11-29T07:56:15","guid":{"rendered":"http:\/\/rovinjhr.lin53.host25.com\/?page_id=651"},"modified":"2023-01-12T10:27:01","modified_gmt":"2023-01-12T08:27:01","slug":"prikljucak-sustav-opskrbe-pitkom-vodom","status":"publish","type":"page","link":"https:\/\/www.rovinj-rovigno.hr\/it\/sistema-comunale\/hrvatski-prikljucak-na-sustav-opskrbe-pitkom-vodom\/","title":{"rendered":"Allacciamento alla rete idrica"},"content":{"rendered":"<p>Sul territorio della citt\u00e0 di Rovinj-Rovigno l\u2019investitore o il proprietario dell\u2019edificio ha l\u2019obbligo di allacciare l\u2019edificio al sistema di erogazione dell\u2019acqua potabile, quando l\u2019abitato in cui \u00e8 ubicato l\u2019immobile \u00e8 dotato di tale rete e quando sono state garantite le condizioni utili all\u2019allacciamento alla stessa rete.<\/p>\n<p>Con la Delibera sull\u2019allacciamento degli edifici e di altri immobili al sistema di\u00a0 erogazione dell\u2019acqua potabile della Citt\u00e0 di Rovinj-Rovigno (Bollettino ufficiale, 9\/11, 10\/13 i 10\/22) vengono fissate le condizioni d\u2019allacciamento, e in particolare:<\/p>\n<ol>\n<li>obbligo di allacciamento,<\/li>\n<li>procedura d\u2019allacciamento,<\/li>\n<li>tipi di allacciamento,<\/li>\n<li>condizioni d\u2019allacciamento,<\/li>\n<li>termini d\u2019allacciamento, ,<\/li>\n<li>finanziamento della costruzione della rete di distribuzione dell\u2019acqua potabile da parte di futuri fruitori,<\/li>\n<li>controllo,<\/li>\n<li>disposizioni sulle trasgressioni.<\/li>\n<\/ol>\n<p>La domanda allacciamento va inoltrata al titolare del servizio d\u2019erogazione idrica, ossia alla societ\u00e0 commerciale Acquedotto istriano s.r.l. per la produzione e distribuzione di acqua, Unit\u00e0 lavorativa do Rovigno, via Stjepan Radi\u0107 n. 7, 52210 Rovigno.<br \/>\nInformazioni sulle condizioni tecniche di allacciamento al sistema di erogazione dell&#8217;acqua potabile si possono trovare sul sito Internet dell\u2019 Acquedotto istriano s.r.l. di Pinguente\u00a0 &#8211; <a href=\"http:\/\/www.ivb.hr\">www.ivb.hr<\/a><\/p>","protected":false},"excerpt":{"rendered":"<p>Sul territorio della citt\u00e0 di Rovinj-Rovigno l\u2019investitore o il proprietario dell\u2019edificio ha l\u2019obbligo di allacciare l\u2019edificio al sistema di erogazione dell\u2019acqua potabile, quando l\u2019abitato in cui \u00e8 ubicato l\u2019immobile \u00e8 dotato di tale rete e quando sono state garantite le condizioni utili all\u2019allacciamento alla stessa rete. Con la Delibera sull\u2019allacciamento degli edifici e di altri [&hellip;]<\/p>\n","protected":false},"author":2,"featured_media":0,"parent":49,"menu_order":81,"comment_status":"closed","ping_status":"closed","template":"","meta":[],"yoast_head":"<!-- This site is optimized with the Yoast SEO plugin v21.8.1 - https:\/\/yoast.com\/wordpress\/plugins\/seo\/ -->\n<title>Allacciamento alla rete idrica - Citta di Rovinj-Rovigno<\/title>\n<meta name=\"robots\" content=\"index, follow, max-snippet:-1, max-image-preview:large, max-video-preview:-1\" \/>\n<link rel=\"canonical\" href=\"https:\/\/www.rovinj-rovigno.hr\/komunalni-sustav\/prikljucak-na-sustav-opskrbe-pitkom-vodom\/\" \/>\n<meta property=\"og:locale\" content=\"it_IT\" \/>\n<meta property=\"og:type\" content=\"article\" \/>\n<meta property=\"og:title\" content=\"Allacciamento alla rete idrica - Citta di Rovinj-Rovigno\" \/>\n<meta property=\"og:description\" content=\"Sul territorio della citt\u00e0 di Rovinj-Rovigno l\u2019investitore o il proprietario dell\u2019edificio ha l\u2019obbligo di allacciare l\u2019edificio al sistema di erogazione dell\u2019acqua potabile, quando l\u2019abitato in cui \u00e8 ubicato l\u2019immobile \u00e8 dotato di tale rete e quando sono state garantite le condizioni utili all\u2019allacciamento alla stessa rete. Con la Delibera sull\u2019allacciamento degli edifici e di altri [&hellip;]\" \/>\n<meta property=\"og:url\" content=\"https:\/\/www.rovinj-rovigno.hr\/komunalni-sustav\/prikljucak-na-sustav-opskrbe-pitkom-vodom\/\" \/>\n<meta property=\"og:site_name\" content=\"Citta di Rovinj-Rovigno\" \/>\n<meta property=\"article:modified_time\" content=\"2023-01-12T08:27:01+00:00\" \/>\n<meta name=\"twitter:card\" content=\"summary_large_image\" \/>\n<meta name=\"twitter:label1\" content=\"Tempo di lettura stimato\" \/>\n\t<meta name=\"twitter:data1\" content=\"1 minuto\" \/>\n<script type=\"application\/ld+json\" class=\"yoast-schema-graph\">{\"@context\":\"https:\/\/schema.org\",\"@graph\":[{\"@type\":\"WebPage\",\"@id\":\"https:\/\/www.rovinj-rovigno.hr\/komunalni-sustav\/prikljucak-na-sustav-opskrbe-pitkom-vodom\/\",\"url\":\"https:\/\/www.rovinj-rovigno.hr\/komunalni-sustav\/prikljucak-na-sustav-opskrbe-pitkom-vodom\/\",\"name\":\"Allacciamento alla rete idrica - Citta di Rovinj-Rovigno\",\"isPartOf\":{\"@id\":\"https:\/\/www.rovinj-rovigno.hr\/#website\"},\"datePublished\":\"2016-11-29T07:56:15+00:00\",\"dateModified\":\"2023-01-12T08:27:01+00:00\",\"breadcrumb\":{\"@id\":\"https:\/\/www.rovinj-rovigno.hr\/komunalni-sustav\/prikljucak-na-sustav-opskrbe-pitkom-vodom\/#breadcrumb\"},\"inLanguage\":\"it-IT\",\"potentialAction\":[{\"@type\":\"ReadAction\",\"target\":[\"https:\/\/www.rovinj-rovigno.hr\/komunalni-sustav\/prikljucak-na-sustav-opskrbe-pitkom-vodom\/\"]}]},{\"@type\":\"BreadcrumbList\",\"@id\":\"https:\/\/www.rovinj-rovigno.hr\/komunalni-sustav\/prikljucak-na-sustav-opskrbe-pitkom-vodom\/#breadcrumb\",\"itemListElement\":[{\"@type\":\"ListItem\",\"position\":1,\"name\":\"Po\u010detna stranica\",\"item\":\"https:\/\/www.rovinj-rovigno.hr\/\"},{\"@type\":\"ListItem\",\"position\":2,\"name\":\"Komunalni sustav\",\"item\":\"https:\/\/www.rovinj-rovigno.hr\/komunalni-sustav\/\"},{\"@type\":\"ListItem\",\"position\":3,\"name\":\"Priklju\u010dak na sustav opskrbe pitkom vodom\"}]},{\"@type\":\"WebSite\",\"@id\":\"https:\/\/www.rovinj-rovigno.hr\/#website\",\"url\":\"https:\/\/www.rovinj-rovigno.hr\/\",\"name\":\"Citta di Rovinj-Rovigno\",\"description\":\"Sito ufficiale della Citta di Rovinj-Rovigno\",\"potentialAction\":[{\"@type\":\"SearchAction\",\"target\":{\"@type\":\"EntryPoint\",\"urlTemplate\":\"https:\/\/www.rovinj-rovigno.hr\/?s={search_term_string}\"},\"query-input\":\"required name=search_term_string\"}],\"inLanguage\":\"it-IT\"}]}<\/script>\n<!-- \/ Yoast SEO plugin. -->","yoast_head_json":{"title":"Allacciamento alla rete idrica - Citta di Rovinj-Rovigno","robots":{"index":"index","follow":"follow","max-snippet":"max-snippet:-1","max-image-preview":"max-image-preview:large","max-video-preview":"max-video-preview:-1"},"canonical":"https:\/\/www.rovinj-rovigno.hr\/komunalni-sustav\/prikljucak-na-sustav-opskrbe-pitkom-vodom\/","og_locale":"it_IT","og_type":"article","og_title":"Allacciamento alla rete idrica - Citta di Rovinj-Rovigno","og_description":"Sul territorio della citt\u00e0 di Rovinj-Rovigno l\u2019investitore o il proprietario dell\u2019edificio ha l\u2019obbligo di allacciare l\u2019edificio al sistema di erogazione dell\u2019acqua potabile, quando l\u2019abitato in cui \u00e8 ubicato l\u2019immobile \u00e8 dotato di tale rete e quando sono state garantite le condizioni utili all\u2019allacciamento alla stessa rete. Con la Delibera sull\u2019allacciamento degli edifici e di altri [&hellip;]","og_url":"https:\/\/www.rovinj-rovigno.hr\/komunalni-sustav\/prikljucak-na-sustav-opskrbe-pitkom-vodom\/","og_site_name":"Citta di Rovinj-Rovigno","article_modified_time":"2023-01-12T08:27:01+00:00","twitter_card":"summary_large_image","twitter_misc":{"Tempo di lettura stimato":"1 minuto"},"schema":{"@context":"https:\/\/schema.org","@graph":[{"@type":"WebPage","@id":"https:\/\/www.rovinj-rovigno.hr\/komunalni-sustav\/prikljucak-na-sustav-opskrbe-pitkom-vodom\/","url":"https:\/\/www.rovinj-rovigno.hr\/komunalni-sustav\/prikljucak-na-sustav-opskrbe-pitkom-vodom\/","name":"Allacciamento alla rete idrica - Citta di Rovinj-Rovigno","isPartOf":{"@id":"https:\/\/www.rovinj-rovigno.hr\/#website"},"datePublished":"2016-11-29T07:56:15+00:00","dateModified":"2023-01-12T08:27:01+00:00","breadcrumb":{"@id":"https:\/\/www.rovinj-rovigno.hr\/komunalni-sustav\/prikljucak-na-sustav-opskrbe-pitkom-vodom\/#breadcrumb"},"inLanguage":"it-IT","potentialAction":[{"@type":"ReadAction","target":["https:\/\/www.rovinj-rovigno.hr\/komunalni-sustav\/prikljucak-na-sustav-opskrbe-pitkom-vodom\/"]}]},{"@type":"BreadcrumbList","@id":"https:\/\/www.rovinj-rovigno.hr\/komunalni-sustav\/prikljucak-na-sustav-opskrbe-pitkom-vodom\/#breadcrumb","itemListElement":[{"@type":"ListItem","position":1,"name":"Po\u010detna stranica","item":"https:\/\/www.rovinj-rovigno.hr\/"},{"@type":"ListItem","position":2,"name":"Komunalni sustav","item":"https:\/\/www.rovinj-rovigno.hr\/komunalni-sustav\/"},{"@type":"ListItem","position":3,"name":"Priklju\u010dak na sustav opskrbe pitkom vodom"}]},{"@type":"WebSite","@id":"https:\/\/www.rovinj-rovigno.hr\/#website","url":"https:\/\/www.rovinj-rovigno.hr\/","name":"Citta di Rovinj-Rovigno","description":"Sito ufficiale della Citta di Rovinj-Rovigno","potentialAction":[{"@type":"SearchAction","target":{"@type":"EntryPoint","urlTemplate":"https:\/\/www.rovinj-rovigno.hr\/?s={search_term_string}"},"query-input":"required name=search_term_string"}],"inLanguage":"it-IT"}]}},"_links":{"self":[{"href":"https:\/\/www.rovinj-rovigno.hr\/it\/wp-json\/wp\/v2\/pages\/651"}],"collection":[{"href":"https:\/\/www.rovinj-rovigno.hr\/it\/wp-json\/wp\/v2\/pages"}],"about":[{"href":"https:\/\/www.rovinj-rovigno.hr\/it\/wp-json\/wp\/v2\/types\/page"}],"author":[{"embeddable":true,"href":"https:\/\/www.rovinj-rovigno.hr\/it\/wp-json\/wp\/v2\/users\/2"}],"replies":[{"embeddable":true,"href":"https:\/\/www.rovinj-rovigno.hr\/it\/wp-json\/wp\/v2\/comments?post=651"}],"version-history":[{"count":0,"href":"https:\/\/www.rovinj-rovigno.hr\/it\/wp-json\/wp\/v2\/pages\/651\/revisions"}],"up":[{"embeddable":true,"href":"https:\/\/www.rovinj-rovigno.hr\/it\/wp-json\/wp\/v2\/pages\/49"}],"wp:attachment":[{"href":"https:\/\/www.rovinj-rovigno.hr\/it\/wp-json\/wp\/v2\/media?parent=651"}],"curies":[{"name":"wp","href":"https:\/\/api.w.org\/{rel}","templated":true}]}}