{"id":641,"date":"2016-11-29T07:51:43","date_gmt":"2016-11-29T07:51:43","guid":{"rendered":"http:\/\/rovinjhr.lin53.host25.com\/?page_id=641"},"modified":"2026-03-20T14:23:06","modified_gmt":"2026-03-20T12:23:06","slug":"zastita-zivotinja","status":"publish","type":"page","link":"https:\/\/www.rovinj-rovigno.hr\/it\/sistema-comunale\/hrvatski-zastita-zivotinja\/","title":{"rendered":"Tutela degli animali"},"content":{"rendered":"<p>Il trattamento degli animali viene regolato dalle seguenti leggi e prescrizioni: La Legge sulla tutela degli animali (GU\u00a0<strong>102\/17<\/strong>,\u00a0<strong>32\/19<\/strong>) regola la responsabilit\u00e0, gli obblighi e gli incarichi delle persone fisiche e giuridiche al fine di tutelare gli animali, il che include la tutela della loro vita, salute e benessere; le modalit\u00e0 di trattamento degli animali; le condizioni necessarie per la tutela degli animali nel possesso, allevamento, trasporto, nello svolgimento di esperimenti, la macellazione e la soppressione di animali, il modo di tenere gli animali negli zoo, nei circhi, negli spettacoli e gare di animali, nella vendita di animali da compagnia, e il trattamento degli animali abbandonati e smarriti. <strong>Ogni proprietario, ossia possessore di animale, deve fare attenzione a che il proprio animale non si riproduca in modo incontrollato. Per tutti i cuccioli dei propri animali \u00e8 responsabile il proprietario ossia il possessore che deve impedire tale riproduzione.<\/strong><\/p>\n<p>La legge sulla veterinaria (GU, nn. 82\/13, 148\/13, 115\/18 i 21\/19) regola la tutela della salute degli animali, l\u2019attuazione delle misure della salute pubblica veterinaria, il miglioramento della riproduzione degli animali, la tutela veterinaria dell\u2019ambiente, il servizio di controllo e il controllo ispettivo nel settore veterinario. <strong>In base alle disposizioni della Legge sulla veterinaria tutti i cani devono essere contrassegnati nel modo prescritto. Tutti i cani contrassegnati devono essere registrati nel registro dei cani, mentre i possessori devono disporre del documento attestante l\u2019iscrizione e la vaccinazione del cane contro la rabbia.<\/strong><\/p>\n<p><a href=\"https:\/\/www.rovinj-rovigno.hr\/wp-content\/uploads\/2018\/06\/zastita-zivotinja-hr-tal.pdf\">Obblighi di legge per i tutori dei cani PDF<\/a> &#8211; volantino<\/p>\n<p>Con la\u00a0<a href=\"https:\/\/www.rovinj-rovigno.hr\/wp-content\/uploads\/2019\/01\/Odluka-o-uvjetima-i-na%C4%8Dinu-postupanja-sa-%C5%BEivotinjama.pdf\"><strong>Delibera sulle condizioni e le modalit\u00e0 di possesso degli animali domestici e le modalit\u00e0 di trattamento degli animali abbandonati e smarriti nonch\u00e9 degli animali feroci\u00a0<\/strong><\/a><strong>(Boll. uff. Nr. 14\/18)<\/strong>\u00a0vengono prescritte dettagliatamente le condizioni e le modalit\u00e0 di possesso di cani, gatti e altri animali, come pure le modalit\u00e0 di trattamento dei cani non registrati, nonch\u00e9 degli animali abbandonati e smarriti, al fine di tutelare le persone e gli animali con i quali entrano in contatto. Il controllo dell\u2019attuazione della Delibera viene attuato dall\u2019ispettorato veterinario e dalle guardie comunali della Citt\u00e0 di Rovigno nell\u2019ambito delle proprie autorizzazioni.<\/p>\n<p>La Citt\u00e0 di Rovinj-Rovigno offre servizi di recupero e custodia di animali (cani) abbandonati e smarriti presso un <strong>rifugio per animali registrato<\/strong>: Ospedale Veterinario di Parenzo, Mate Vla\u0161i\u0107a 45, 52440 Parenzo.\u00a0I cani vengono tenuti fino all&#8217;adozione se il proprietario dell&#8217;animale \u00e8 sconosciuto o vengono restituiti al proprietario.<\/p>\n<p>Se desiderate <strong>adottare un cane<\/strong>, potete consultare lo stato attuale del rifugio al seguente link\u00a0 &#8211; <strong><a href=\"https:\/\/veterinarska-bolnica-porec.com\/skloniste\/\" data-saferedirecturl=\"https:\/\/www.google.com\/url?q=https:\/\/veterinarska-bolnica-porec.com\/skloniste\/&amp;source=gmail&amp;ust=1759475177838000&amp;usg=AOvVaw3iMiGk8i5e_2xWYlrlNq17\">https:\/\/veterinarska-bolnica-porec.com\/skloniste\/.<\/a><\/strong><\/p>\n<p><strong>Condizioni e modalit\u00e0 di possesso di cani e gatti &#8211; estratto dalla delibera<\/strong><\/p>\n<p><img decoding=\"async\" loading=\"lazy\" class=\"size-full wp-image-27315 alignnone\" src=\"https:\/\/www.rovinj-rovigno.hr\/wp-content\/uploads\/2021\/03\/1-1.jpg\" alt=\"\" width=\"485\" height=\"293\" srcset=\"https:\/\/www.rovinj-rovigno.hr\/wp-content\/uploads\/2021\/03\/1-1.jpg 485w, https:\/\/www.rovinj-rovigno.hr\/wp-content\/uploads\/2021\/03\/1-1-300x181.jpg 300w\" sizes=\"(max-width: 485px) 100vw, 485px\" \/><\/p>\n<p>I possessori di cani hanno l\u2019obbligo di registrarli.<\/p>\n<p>In base a ci\u00f2 ogni cane deve essere contrassegnato alle modalit\u00e0 prescritte, mentre il possessore deve avere un documento attestante la registrazione e la vaccinazione contro la rabbia. I possessori di cani hanno l\u2019obbligo di fare in modo che i <strong>cani non disturbino l\u2019ordine e la quiete pubblici dei cittadini.<\/strong> Nei condomini i cani possono essere tenuti solo nella parte dell\u2019edificio di propriet\u00e0 del possessore dell\u2019animale (appartamento privato), in maniera tale da non disturbare la quiete e l\u2019ordine interno, nonche\u2019 la sicurezza degli altri comproprietari dell\u2019edificio.<\/p>\n<p><strong>Nel cortile o nel giardino non recintati<\/strong> e in quelli comuni i cani <strong>devono essere legati oppure chiusi nei box<\/strong>. I cani e i gatti non vanno tenuti ne\u2019 lasciati negli ambienti comuni dell\u2019edificio (scale, entrate, vani per i rifiuti, terrazze, ecc.). I possessori possono tenere i cani nel cortile dell\u2019edificio se la maggior parte dei comproprietari ossia dei fruitori del cortile fosse d\u2019accordo.<\/p>\n<p>I possessori di cani hanno l\u2019obbligo di pulire subito l\u2019area e le superfici comuni dell\u2019edificio (scale, entrate, cortili, ecc.) se i loro cani li avessero sporcati<strong>. I possessori di cani hanno l\u2019obbligo di avere l\u2019occorrente per la pulizia dell\u2019area pubblica (sacchetti di nylon, ecc.).<\/strong><\/p>\n<p>Sulla strada, nei parchi e sulle altre aree pubbliche nel territorio della Citt\u00e0 di Rovigno, i cani devono <strong>essere tenuti a guinzaglio<\/strong>, obbligatoriamente con museruola, <strong>per non minacciare la sicurezza personale delle persone<\/strong> e degli stessi animali, la loro circolazione e il traffico stradale, eccetto le razze nane che si possono portare in braccio.<\/p>\n<p><a href=\"https:\/\/www.rovinj-rovigno.hr\/wp-content\/uploads\/2019\/06\/Pravilnik_rekreativno-vo%C4%91enje-pasa_5_19.pdf\">Regolamento sulle ubicazioni e le condizioni sulle aree pubbliche e verdi nelle quali i cani non devono tenersi al guinzaglio per motivi ricreativi, le spiagge dove i possessori possono portare i cani al bagno e i parchi per i cani\u00a0<\/a><strong>(Boll. uff. nr.5 \/19).<\/strong><\/p>\n<p><strong>La citt\u00e0 di Rovigno-Rovigno ha costruito il suo primo parco per cani urbano nell&#8217;insediamento Centener.<\/strong><\/p>\n<p><strong>\u00a0<img decoding=\"async\" loading=\"lazy\" class=\"size-full wp-image-27316 alignnone\" src=\"https:\/\/www.rovinj-rovigno.hr\/wp-content\/uploads\/2021\/03\/2-1.jpg\" alt=\"\" width=\"550\" height=\"412\" srcset=\"https:\/\/www.rovinj-rovigno.hr\/wp-content\/uploads\/2021\/03\/2-1.jpg 550w, https:\/\/www.rovinj-rovigno.hr\/wp-content\/uploads\/2021\/03\/2-1-300x225.jpg 300w\" sizes=\"(max-width: 550px) 100vw, 550px\" \/><\/strong><\/p>\n<p><strong>Raccolta di sottoprodotti di origine animale \u2013 rimozione di carcasse dalle aree pubbliche<\/strong><\/p>\n<p>La Citt\u00e0 di Rovinj-Rovigno ha affidato i lavori di raccolta di sottoprodotti di origine animale al Servizio comunale s.r.l. di Rovigno. I lavori vengono effettuati da una persona. Il servizio dispone di un veicolo adatto e di attrezzatura necessaria. La Citt\u00e0 assicura nel Bilancio i mezzi per l\u2019attivit\u00e0 di questo servizio, e sostiene le spese per la rimozione e la distruzione dei sottoprodotti.<\/p>\n<p><strong>Gatti a vita libera<\/strong><\/p>\n<p><img decoding=\"async\" loading=\"lazy\" class=\"size-full wp-image-27317 alignnone\" src=\"https:\/\/www.rovinj-rovigno.hr\/wp-content\/uploads\/2021\/03\/4-1.jpg\" alt=\"\" width=\"301\" height=\"225\" srcset=\"https:\/\/www.rovinj-rovigno.hr\/wp-content\/uploads\/2021\/03\/4-1.jpg 301w, https:\/\/www.rovinj-rovigno.hr\/wp-content\/uploads\/2021\/03\/4-1-300x224.jpg 300w\" sizes=\"(max-width: 301px) 100vw, 301px\" \/><\/p>\n<p>Nell&#8217;area della citt\u00e0 viene effettuata la sterilizzazione sistematica dei gatti selvatici, nel modo umano generalmente accettato &#8220;Catch-Castrate-Return&#8221;, il che significa che i gatti dopo la sterilizzazione tornano nel luogo in cui sono stati catturati, controllando cos\u00ec la loro popolazione, ogni anno vingono sterilizzati oltre 200 gatti. I costi sono a carico del bilancio della citta.<br \/>\nIl progetto &#8220;Catch-Castrate-Return&#8221; viene realizzato in collaborazione con entrambe le cliniche veterinarie operanti nell&#8217;area cittadina (Clinica veterinaria Rovinj d.o.o. e Istra vet d.o.o.) e in collaborazione con associazioni per la protezione degli animali e volontari.<\/p>\n<p><a href=\"https:\/\/www.rovinj-rovigno.hr\/it\/sistema-comunale\/hrvatski-zastita-zivotinja\/hrvatski-hranilista-za-slobodno-zivuce-macke\/\"><strong>Le mangiatoie per gatti randagi<\/strong><\/a><\/p>\n<p><strong>Ogni proprietario, ossia possessore di animale, deve fare attenzione a che il proprio animale non si riproduca in modo incontrollato. Per tutti i cuccioli dei propri animali \u00e8 responsabile il proprietario ossia il possessore che deve impedire tale riproduzione.<\/strong><\/p>\n<hr \/>\n<p><strong>Contatti<\/strong><\/p>\n<p><strong>Servizio comunale s.r.l. Rovigno (<\/strong><a href=\"https:\/\/www.komunalniservis.hr\/usluge\/cistoca\/Higijenicarska-sluzba\">servizio d\u2019igiene<\/a><strong>)<\/strong><br \/>\nPiazza sul Laco sn<br \/>\nTel: 052\/ 813-230 ili 813-068<br \/>\nMob: 099\/235 30 37<\/p>\n<p><strong>Rifugio per animali<br \/>\n<\/strong>Veterinarska bolnica Pore\u010d\u200b<br \/>\nAdresa: Mate Vla\u0161i\u0107a 45, 52440 Pore\u010d<br \/>\nTel: +385 52 432 128<br \/>\nDe\u017eurni telefon: +385 91 521 6783<br \/>\nE-mail: <a href=\"mailto:info@veterinarska-bolnica-porec.com\">info@veterinarska-bolnica-porec.com<\/a><br \/>\n<a href=\"https:\/\/veterinarska-bolnica-porec.com\/skloniste\/\" data-saferedirecturl=\"https:\/\/www.google.com\/url?q=https:\/\/veterinarska-bolnica-porec.com\/skloniste\/&amp;source=gmail&amp;ust=1724918349260000&amp;usg=AOvVaw2J6tdiLAZPTcC-W0zfjybw\">https:\/\/veterinarska-bolnica-porec.com\/skloniste\/<\/a><\/p>\n<p><strong>Guardie comunali<\/strong><br \/>\nTelefono: 052\/805-223<br \/>\nE-mail:\u00a0<a href=\"mailto:redari@rovinj-rovigno.hr\">redari@rovinj-rovigno.hr<\/a><\/p>\n<p><strong>Ambulatorio veterinario Rovigno s.r.l.<\/strong><br \/>\nLaste 9<br \/>\n52210 Rovinj<br \/>\nTel: 052\/ 813-214<br \/>\nE-mail:\u00a0<a href=\"mailto:veterinarska.ambulanta@pu.t-com.hr\">veterinarska.ambulanta@pu.t-com.hr<\/a><\/p>\n<p><strong>Istra vet d.o.o. (a<\/strong><strong>mbulatorio veterinario<\/strong><strong>)<br \/>\n<\/strong>Gripole 68<br \/>\n52210 Rovinj<br \/>\nTelefon: 00 385 (0) 52 553 907<br \/>\nE-mail: <a href=\"mailto:info@vaistravet.hr\">info@vaistravet.hr<\/a><\/p>\n<p><strong>Ispettorato veterinario<br \/>\n<\/strong>Dr\u017eavni inspektorat<br \/>\nVeterinarska inspekcija<br \/>\nPodru\u010dni ured Rijeka \/ Samostalni izvr\u0161itelj u Rovinju<\/p>\n<p><strong>Link utili<\/strong><\/p>\n<p><a href=\"https:\/\/rovinjske-njuskice.com\/\" target=\"_blank\" rel=\"noopener\">Musetti rovignesi<\/a><br \/>\n<a href=\"https:\/\/www.facebook.com\/share\/1669L4u3jC\/\">\u0160ape Rovinj<\/a><br \/>\n<a href=\"http:\/\/www.prijatelji-zivotinja.hr\/\">www.prijatelji-zivotinja.hr<\/a><br \/>\n<a href=\"http:\/\/www.ruka-sapi.hr\/\">www.ruka-sapi.hr<\/a><br \/>\n<a href=\"http:\/\/www.suza.hr\/\">www.suza.hr<\/a><br \/>\n<a href=\"http:\/\/www.noina-arka.hr\/\">www.noina-arka.hr<\/a><br \/>\n<a href=\"https:\/\/www.azilpula.com\/\" target=\"_blank\" rel=\"noopener\">www.azilpula.com<\/a><\/p>\n<p><a href=\"https:\/\/jic.mps.hr\/sklonista\/#!sklonista\"><strong>Centro informazioni per animali domestici abbandonati e smarriti<\/strong><\/a><\/p>","protected":false},"excerpt":{"rendered":"<p>Il trattamento degli animali viene regolato dalle seguenti leggi e prescrizioni: La Legge sulla tutela degli animali (GU\u00a0102\/17,\u00a032\/19) regola la responsabilit\u00e0, gli obblighi e gli incarichi delle persone fisiche e giuridiche al fine di tutelare gli animali, il che include la tutela della loro vita, salute e benessere; le modalit\u00e0 di trattamento degli animali; le [&hellip;]<\/p>\n","protected":false},"author":2,"featured_media":0,"parent":49,"menu_order":74,"comment_status":"closed","ping_status":"closed","template":"","meta":[],"yoast_head":"<!-- This site is optimized with the Yoast SEO plugin v21.8.1 - https:\/\/yoast.com\/wordpress\/plugins\/seo\/ -->\n<title>Tutela degli animali - Citta di Rovinj-Rovigno<\/title>\n<meta name=\"robots\" content=\"index, follow, max-snippet:-1, max-image-preview:large, max-video-preview:-1\" \/>\n<link rel=\"canonical\" href=\"https:\/\/www.rovinj-rovigno.hr\/komunalni-sustav\/zastita-zivotinja\/\" \/>\n<meta property=\"og:locale\" content=\"it_IT\" \/>\n<meta property=\"og:type\" content=\"article\" \/>\n<meta property=\"og:title\" content=\"Tutela degli animali - Citta di Rovinj-Rovigno\" \/>\n<meta property=\"og:description\" content=\"Il trattamento degli animali viene regolato dalle seguenti leggi e prescrizioni: La Legge sulla tutela degli animali (GU\u00a0102\/17,\u00a032\/19) regola la responsabilit\u00e0, gli obblighi e gli incarichi delle persone fisiche e giuridiche al fine di tutelare gli animali, il che include la tutela della loro vita, salute e benessere; le modalit\u00e0 di trattamento degli animali; le [&hellip;]\" \/>\n<meta property=\"og:url\" content=\"https:\/\/www.rovinj-rovigno.hr\/komunalni-sustav\/zastita-zivotinja\/\" \/>\n<meta property=\"og:site_name\" content=\"Citta di Rovinj-Rovigno\" \/>\n<meta property=\"article:modified_time\" content=\"2026-03-20T12:23:06+00:00\" \/>\n<meta property=\"og:image\" content=\"https:\/\/www.rovinj-rovigno.hr\/wp-content\/uploads\/2021\/03\/1-1.jpg\" \/>\n<meta name=\"twitter:card\" content=\"summary_large_image\" \/>\n<meta name=\"twitter:label1\" content=\"Tempo di lettura stimato\" \/>\n\t<meta name=\"twitter:data1\" content=\"6 minuti\" \/>\n<script type=\"application\/ld+json\" class=\"yoast-schema-graph\">{\"@context\":\"https:\/\/schema.org\",\"@graph\":[{\"@type\":\"WebPage\",\"@id\":\"https:\/\/www.rovinj-rovigno.hr\/komunalni-sustav\/zastita-zivotinja\/\",\"url\":\"https:\/\/www.rovinj-rovigno.hr\/komunalni-sustav\/zastita-zivotinja\/\",\"name\":\"Tutela degli animali - Citta di Rovinj-Rovigno\",\"isPartOf\":{\"@id\":\"https:\/\/www.rovinj-rovigno.hr\/#website\"},\"datePublished\":\"2016-11-29T07:51:43+00:00\",\"dateModified\":\"2026-03-20T12:23:06+00:00\",\"breadcrumb\":{\"@id\":\"https:\/\/www.rovinj-rovigno.hr\/komunalni-sustav\/zastita-zivotinja\/#breadcrumb\"},\"inLanguage\":\"it-IT\",\"potentialAction\":[{\"@type\":\"ReadAction\",\"target\":[\"https:\/\/www.rovinj-rovigno.hr\/komunalni-sustav\/zastita-zivotinja\/\"]}]},{\"@type\":\"BreadcrumbList\",\"@id\":\"https:\/\/www.rovinj-rovigno.hr\/komunalni-sustav\/zastita-zivotinja\/#breadcrumb\",\"itemListElement\":[{\"@type\":\"ListItem\",\"position\":1,\"name\":\"Po\u010detna stranica\",\"item\":\"https:\/\/www.rovinj-rovigno.hr\/\"},{\"@type\":\"ListItem\",\"position\":2,\"name\":\"Komunalni sustav\",\"item\":\"https:\/\/www.rovinj-rovigno.hr\/komunalni-sustav\/\"},{\"@type\":\"ListItem\",\"position\":3,\"name\":\"Za\u0161tita \u017eivotinja\"}]},{\"@type\":\"WebSite\",\"@id\":\"https:\/\/www.rovinj-rovigno.hr\/#website\",\"url\":\"https:\/\/www.rovinj-rovigno.hr\/\",\"name\":\"Citta di Rovinj-Rovigno\",\"description\":\"Sito ufficiale della Citta di Rovinj-Rovigno\",\"potentialAction\":[{\"@type\":\"SearchAction\",\"target\":{\"@type\":\"EntryPoint\",\"urlTemplate\":\"https:\/\/www.rovinj-rovigno.hr\/?s={search_term_string}\"},\"query-input\":\"required name=search_term_string\"}],\"inLanguage\":\"it-IT\"}]}<\/script>\n<!-- \/ Yoast SEO plugin. -->","yoast_head_json":{"title":"Tutela degli animali - Citta di Rovinj-Rovigno","robots":{"index":"index","follow":"follow","max-snippet":"max-snippet:-1","max-image-preview":"max-image-preview:large","max-video-preview":"max-video-preview:-1"},"canonical":"https:\/\/www.rovinj-rovigno.hr\/komunalni-sustav\/zastita-zivotinja\/","og_locale":"it_IT","og_type":"article","og_title":"Tutela degli animali - Citta di Rovinj-Rovigno","og_description":"Il trattamento degli animali viene regolato dalle seguenti leggi e prescrizioni: La Legge sulla tutela degli animali (GU\u00a0102\/17,\u00a032\/19) regola la responsabilit\u00e0, gli obblighi e gli incarichi delle persone fisiche e giuridiche al fine di tutelare gli animali, il che include la tutela della loro vita, salute e benessere; le modalit\u00e0 di trattamento degli animali; le [&hellip;]","og_url":"https:\/\/www.rovinj-rovigno.hr\/komunalni-sustav\/zastita-zivotinja\/","og_site_name":"Citta di Rovinj-Rovigno","article_modified_time":"2026-03-20T12:23:06+00:00","og_image":[{"url":"https:\/\/www.rovinj-rovigno.hr\/wp-content\/uploads\/2021\/03\/1-1.jpg"}],"twitter_card":"summary_large_image","twitter_misc":{"Tempo di lettura stimato":"6 minuti"},"schema":{"@context":"https:\/\/schema.org","@graph":[{"@type":"WebPage","@id":"https:\/\/www.rovinj-rovigno.hr\/komunalni-sustav\/zastita-zivotinja\/","url":"https:\/\/www.rovinj-rovigno.hr\/komunalni-sustav\/zastita-zivotinja\/","name":"Tutela degli animali - Citta di Rovinj-Rovigno","isPartOf":{"@id":"https:\/\/www.rovinj-rovigno.hr\/#website"},"datePublished":"2016-11-29T07:51:43+00:00","dateModified":"2026-03-20T12:23:06+00:00","breadcrumb":{"@id":"https:\/\/www.rovinj-rovigno.hr\/komunalni-sustav\/zastita-zivotinja\/#breadcrumb"},"inLanguage":"it-IT","potentialAction":[{"@type":"ReadAction","target":["https:\/\/www.rovinj-rovigno.hr\/komunalni-sustav\/zastita-zivotinja\/"]}]},{"@type":"BreadcrumbList","@id":"https:\/\/www.rovinj-rovigno.hr\/komunalni-sustav\/zastita-zivotinja\/#breadcrumb","itemListElement":[{"@type":"ListItem","position":1,"name":"Po\u010detna stranica","item":"https:\/\/www.rovinj-rovigno.hr\/"},{"@type":"ListItem","position":2,"name":"Komunalni sustav","item":"https:\/\/www.rovinj-rovigno.hr\/komunalni-sustav\/"},{"@type":"ListItem","position":3,"name":"Za\u0161tita \u017eivotinja"}]},{"@type":"WebSite","@id":"https:\/\/www.rovinj-rovigno.hr\/#website","url":"https:\/\/www.rovinj-rovigno.hr\/","name":"Citta di Rovinj-Rovigno","description":"Sito ufficiale della Citta di Rovinj-Rovigno","potentialAction":[{"@type":"SearchAction","target":{"@type":"EntryPoint","urlTemplate":"https:\/\/www.rovinj-rovigno.hr\/?s={search_term_string}"},"query-input":"required name=search_term_string"}],"inLanguage":"it-IT"}]}},"_links":{"self":[{"href":"https:\/\/www.rovinj-rovigno.hr\/it\/wp-json\/wp\/v2\/pages\/641"}],"collection":[{"href":"https:\/\/www.rovinj-rovigno.hr\/it\/wp-json\/wp\/v2\/pages"}],"about":[{"href":"https:\/\/www.rovinj-rovigno.hr\/it\/wp-json\/wp\/v2\/types\/page"}],"author":[{"embeddable":true,"href":"https:\/\/www.rovinj-rovigno.hr\/it\/wp-json\/wp\/v2\/users\/2"}],"replies":[{"embeddable":true,"href":"https:\/\/www.rovinj-rovigno.hr\/it\/wp-json\/wp\/v2\/comments?post=641"}],"version-history":[{"count":2,"href":"https:\/\/www.rovinj-rovigno.hr\/it\/wp-json\/wp\/v2\/pages\/641\/revisions"}],"predecessor-version":[{"id":50341,"href":"https:\/\/www.rovinj-rovigno.hr\/it\/wp-json\/wp\/v2\/pages\/641\/revisions\/50341"}],"up":[{"embeddable":true,"href":"https:\/\/www.rovinj-rovigno.hr\/it\/wp-json\/wp\/v2\/pages\/49"}],"wp:attachment":[{"href":"https:\/\/www.rovinj-rovigno.hr\/it\/wp-json\/wp\/v2\/media?parent=641"}],"curies":[{"name":"wp","href":"https:\/\/api.w.org\/{rel}","templated":true}]}}