{"id":618,"date":"2016-11-28T16:29:25","date_gmt":"2016-11-28T16:29:25","guid":{"rendered":"http:\/\/rovinjhr.lin53.host25.com\/?page_id=618"},"modified":"2022-02-28T09:38:24","modified_gmt":"2022-02-28T07:38:24","slug":"vucna-sluzba","status":"publish","type":"page","link":"https:\/\/www.rovinj-rovigno.hr\/it\/sistema-comunale\/hrvatski-gradski-promet\/hrvatski-vucna-sluzba\/","title":{"rendered":"Il servizio di rimozione stradale"},"content":{"rendered":"<p><strong>Dati sul concessionario:<\/strong><br \/>\n\u201cServizio di rimorchio G&amp;G\u201d, propriet\u00e0 di Sendi Mati\u0107<br \/>\nIndirizzo: Rovigno, Stanga 3<\/p>\n<p><strong>Contatti:<\/strong><\/p>\n<p>Telefono: 052 815-541; 052 830-477\u00a0oppure\u00a0098 1664860 oppure 098 254596<br \/>\nTelefax: 052 815- 541 oppure 052 840-096<\/p>\n<p>La Citt\u00e0 di Rovinj-Rovigno in conformit\u00e0 con la Legge sulle concessioni ha attuato il procedimento d\u2019acquisto per l\u2019assegnazione della concessione per l\u2019espletamento dell\u2019attivit\u00e0 comunale di spostamento dei veicoli in sosta vietata e parcheggiati impropriamente nel territorio della Citt\u00e0 di Rovinj-Rovigno, in base al quale ha assegnato la suddetta attivit\u00e0 comunale al \u201cServizio di rimorchio G&amp;G\u201d, propriet\u00e0 di Sendi Mati\u0107, Rovigno, Stanga 3.<\/p>\n<p>Per i lavori di spostamento dei veicoli in sosta vietata e parcheggiati impropriamente si intende:<\/p>\n<ul>\n<li>lo spostamento di imbarcazioni e di veicoli in sosta vietata e parcheggiati impropriamente,<\/li>\n<li>il bloccaggio e lo sbloccaggio di autobus, autocarri, macchinari da lavoro e rimorchi dalle aree pubbliche e stradali con un veicolo speciale (carro attrezzi),<\/li>\n<li>la deposizione, custodia e immagazzinamento dei veicoli in uno spazio recintato, sistemato e custodito nel territorio della Citt\u00e0 di Rovinj-Rovigno.<\/li>\n<\/ul>\n<p>Gli ordini di spostamento possono venir rilasciati soltanto dalle persone autorizzate ossia:<\/p>\n<ul>\n<li>i dipendenti autorizzati della polizia,<\/li>\n<li>le guardie stradali (superfici stradali, strade),<\/li>\n<li>le guardie comunali (aree pubbliche e verdi che non sono strade, boschi, parchi e sim.)<\/li>\n<\/ul>\n<p><strong>Prezzi di rimozione e bloccaggio dei veicoli<\/strong><\/p>\n<p>Il proprietario ossia il fruitore del veicolo in sosta vietata o parcheggiato impropriamente che \u00e8 stato spostato in base all\u2019ordine dell\u2019ufficiale di polizia del Ministero degli affari interni oppure della guardia stradale, ha l\u2019obbligo di pagare l\u2019importo di\u00a0<strong>400,00 kune<\/strong>\u00a0IVA inclusa per le spese di spostamento del veicolo. L\u2019ammontare delle spese di cui al comma 1 del comprende anche le spese di custodia del veicolo fino a 24 ore dall\u2019inizio dello spostamento. (per ogni successivo giorno, dopo lo scadere di 24 ore ammonta a\u00a0<strong>100,00 kune<\/strong>\u00a0per veicolo).<br \/>\nIl proprietario ossia il fruitore del veicolo per il quale \u00e8 stato ordinato lo spostamento, paga il 50% dell\u2019indennizzo per le spese di uscita del veicolo speciale ossia del carro attrezzi quando lo spostamento del veicolo \u00e8 iniziato ma non \u00e8 terminato. Lo spostamento del veicolo si reputa iniziato se \u00e8 stato rilasciato l\u2019ordine di spostamento e se il carro attrezzi con il quale si svolge lo spostamento \u00e8 arrivato sul luogo dove il veicolo che viene spostato \u00e8 in sosta vietata o parcheggiato impropriamente, e fino a quando il carro attrezzi non lascia il luogo dal quale il veicolo viene spostato.<\/p>\n<p>L\u2019ammontare delle spese di bloccaggio e sblocco di autobus, autocarri, macchinari da lavoro e rimorchi nel territorio della Citt\u00e0 di Rovinj-Rovigno, \u00e8 il seguente:<\/p>\n<ul>\n<li>per il bloccaggio e sbloccaggio di autobus, autocarri, macchinari da lavoro e rimorchi &#8211;\u00a0<strong>500,00 kn<\/strong>(IVA inclusa)<\/li>\n<li>per il tentativo di bloccaggio dei veicoli al punto 1 &#8211;<strong>250,00 kn<\/strong>\u00a0(IVA inclusa).<\/li>\n<\/ul>\n<p><\/p>","protected":false},"excerpt":{"rendered":"<p>Dati sul concessionario: \u201cServizio di rimorchio G&amp;G\u201d, propriet\u00e0 di Sendi Mati\u0107 Indirizzo: Rovigno, Stanga 3 Contatti: Telefono: 052 815-541; 052 830-477\u00a0oppure\u00a0098 1664860 oppure 098 254596 Telefax: 052 815- 541 oppure 052 840-096 La Citt\u00e0 di Rovinj-Rovigno in conformit\u00e0 con la Legge sulle concessioni ha attuato il procedimento d\u2019acquisto per l\u2019assegnazione della concessione per l\u2019espletamento dell\u2019attivit\u00e0 [&hellip;]<\/p>\n","protected":false},"author":2,"featured_media":0,"parent":605,"menu_order":51,"comment_status":"closed","ping_status":"closed","template":"","meta":[],"yoast_head":"<!-- This site is optimized with the Yoast SEO plugin v21.8.1 - https:\/\/yoast.com\/wordpress\/plugins\/seo\/ -->\n<title>Il servizio di rimozione stradale - Citta di Rovinj-Rovigno<\/title>\n<meta name=\"robots\" content=\"index, follow, max-snippet:-1, max-image-preview:large, max-video-preview:-1\" \/>\n<link rel=\"canonical\" href=\"https:\/\/www.rovinj-rovigno.hr\/komunalni-sustav\/gradski-promet\/vucna-sluzba\/\" \/>\n<meta property=\"og:locale\" content=\"it_IT\" \/>\n<meta property=\"og:type\" content=\"article\" \/>\n<meta property=\"og:title\" content=\"Il servizio di rimozione stradale - Citta di Rovinj-Rovigno\" \/>\n<meta property=\"og:description\" content=\"Dati sul concessionario: \u201cServizio di rimorchio G&amp;G\u201d, propriet\u00e0 di Sendi Mati\u0107 Indirizzo: Rovigno, Stanga 3 Contatti: Telefono: 052 815-541; 052 830-477\u00a0oppure\u00a0098 1664860 oppure 098 254596 Telefax: 052 815- 541 oppure 052 840-096 La Citt\u00e0 di Rovinj-Rovigno in conformit\u00e0 con la Legge sulle concessioni ha attuato il procedimento d\u2019acquisto per l\u2019assegnazione della concessione per l\u2019espletamento dell\u2019attivit\u00e0 [&hellip;]\" \/>\n<meta property=\"og:url\" content=\"https:\/\/www.rovinj-rovigno.hr\/komunalni-sustav\/gradski-promet\/vucna-sluzba\/\" \/>\n<meta property=\"og:site_name\" content=\"Citta di Rovinj-Rovigno\" \/>\n<meta property=\"article:modified_time\" content=\"2022-02-28T07:38:24+00:00\" \/>\n<meta name=\"twitter:card\" content=\"summary_large_image\" \/>\n<meta name=\"twitter:label1\" content=\"Tempo di lettura stimato\" \/>\n\t<meta name=\"twitter:data1\" content=\"4 minuti\" \/>\n<script type=\"application\/ld+json\" class=\"yoast-schema-graph\">{\"@context\":\"https:\/\/schema.org\",\"@graph\":[{\"@type\":\"WebPage\",\"@id\":\"https:\/\/www.rovinj-rovigno.hr\/komunalni-sustav\/gradski-promet\/vucna-sluzba\/\",\"url\":\"https:\/\/www.rovinj-rovigno.hr\/komunalni-sustav\/gradski-promet\/vucna-sluzba\/\",\"name\":\"Il servizio di rimozione stradale - Citta di Rovinj-Rovigno\",\"isPartOf\":{\"@id\":\"https:\/\/www.rovinj-rovigno.hr\/#website\"},\"datePublished\":\"2016-11-28T16:29:25+00:00\",\"dateModified\":\"2022-02-28T07:38:24+00:00\",\"breadcrumb\":{\"@id\":\"https:\/\/www.rovinj-rovigno.hr\/komunalni-sustav\/gradski-promet\/vucna-sluzba\/#breadcrumb\"},\"inLanguage\":\"it-IT\",\"potentialAction\":[{\"@type\":\"ReadAction\",\"target\":[\"https:\/\/www.rovinj-rovigno.hr\/komunalni-sustav\/gradski-promet\/vucna-sluzba\/\"]}]},{\"@type\":\"BreadcrumbList\",\"@id\":\"https:\/\/www.rovinj-rovigno.hr\/komunalni-sustav\/gradski-promet\/vucna-sluzba\/#breadcrumb\",\"itemListElement\":[{\"@type\":\"ListItem\",\"position\":1,\"name\":\"Po\u010detna stranica\",\"item\":\"https:\/\/www.rovinj-rovigno.hr\/\"},{\"@type\":\"ListItem\",\"position\":2,\"name\":\"Komunalni sustav\",\"item\":\"https:\/\/www.rovinj-rovigno.hr\/komunalni-sustav\/\"},{\"@type\":\"ListItem\",\"position\":3,\"name\":\"Gradski promet\",\"item\":\"https:\/\/www.rovinj-rovigno.hr\/komunalni-sustav\/gradski-promet\/\"},{\"@type\":\"ListItem\",\"position\":4,\"name\":\"Vu\u010dna slu\u017eba\"}]},{\"@type\":\"WebSite\",\"@id\":\"https:\/\/www.rovinj-rovigno.hr\/#website\",\"url\":\"https:\/\/www.rovinj-rovigno.hr\/\",\"name\":\"Citta di Rovinj-Rovigno\",\"description\":\"Sito ufficiale della Citta di Rovinj-Rovigno\",\"potentialAction\":[{\"@type\":\"SearchAction\",\"target\":{\"@type\":\"EntryPoint\",\"urlTemplate\":\"https:\/\/www.rovinj-rovigno.hr\/?s={search_term_string}\"},\"query-input\":\"required name=search_term_string\"}],\"inLanguage\":\"it-IT\"}]}<\/script>\n<!-- \/ Yoast SEO plugin. -->","yoast_head_json":{"title":"Il servizio di rimozione stradale - Citta di Rovinj-Rovigno","robots":{"index":"index","follow":"follow","max-snippet":"max-snippet:-1","max-image-preview":"max-image-preview:large","max-video-preview":"max-video-preview:-1"},"canonical":"https:\/\/www.rovinj-rovigno.hr\/komunalni-sustav\/gradski-promet\/vucna-sluzba\/","og_locale":"it_IT","og_type":"article","og_title":"Il servizio di rimozione stradale - Citta di Rovinj-Rovigno","og_description":"Dati sul concessionario: \u201cServizio di rimorchio G&amp;G\u201d, propriet\u00e0 di Sendi Mati\u0107 Indirizzo: Rovigno, Stanga 3 Contatti: Telefono: 052 815-541; 052 830-477\u00a0oppure\u00a0098 1664860 oppure 098 254596 Telefax: 052 815- 541 oppure 052 840-096 La Citt\u00e0 di Rovinj-Rovigno in conformit\u00e0 con la Legge sulle concessioni ha attuato il procedimento d\u2019acquisto per l\u2019assegnazione della concessione per l\u2019espletamento dell\u2019attivit\u00e0 [&hellip;]","og_url":"https:\/\/www.rovinj-rovigno.hr\/komunalni-sustav\/gradski-promet\/vucna-sluzba\/","og_site_name":"Citta di Rovinj-Rovigno","article_modified_time":"2022-02-28T07:38:24+00:00","twitter_card":"summary_large_image","twitter_misc":{"Tempo di lettura stimato":"4 minuti"},"schema":{"@context":"https:\/\/schema.org","@graph":[{"@type":"WebPage","@id":"https:\/\/www.rovinj-rovigno.hr\/komunalni-sustav\/gradski-promet\/vucna-sluzba\/","url":"https:\/\/www.rovinj-rovigno.hr\/komunalni-sustav\/gradski-promet\/vucna-sluzba\/","name":"Il servizio di rimozione stradale - Citta di Rovinj-Rovigno","isPartOf":{"@id":"https:\/\/www.rovinj-rovigno.hr\/#website"},"datePublished":"2016-11-28T16:29:25+00:00","dateModified":"2022-02-28T07:38:24+00:00","breadcrumb":{"@id":"https:\/\/www.rovinj-rovigno.hr\/komunalni-sustav\/gradski-promet\/vucna-sluzba\/#breadcrumb"},"inLanguage":"it-IT","potentialAction":[{"@type":"ReadAction","target":["https:\/\/www.rovinj-rovigno.hr\/komunalni-sustav\/gradski-promet\/vucna-sluzba\/"]}]},{"@type":"BreadcrumbList","@id":"https:\/\/www.rovinj-rovigno.hr\/komunalni-sustav\/gradski-promet\/vucna-sluzba\/#breadcrumb","itemListElement":[{"@type":"ListItem","position":1,"name":"Po\u010detna stranica","item":"https:\/\/www.rovinj-rovigno.hr\/"},{"@type":"ListItem","position":2,"name":"Komunalni sustav","item":"https:\/\/www.rovinj-rovigno.hr\/komunalni-sustav\/"},{"@type":"ListItem","position":3,"name":"Gradski promet","item":"https:\/\/www.rovinj-rovigno.hr\/komunalni-sustav\/gradski-promet\/"},{"@type":"ListItem","position":4,"name":"Vu\u010dna slu\u017eba"}]},{"@type":"WebSite","@id":"https:\/\/www.rovinj-rovigno.hr\/#website","url":"https:\/\/www.rovinj-rovigno.hr\/","name":"Citta di Rovinj-Rovigno","description":"Sito ufficiale della Citta di Rovinj-Rovigno","potentialAction":[{"@type":"SearchAction","target":{"@type":"EntryPoint","urlTemplate":"https:\/\/www.rovinj-rovigno.hr\/?s={search_term_string}"},"query-input":"required name=search_term_string"}],"inLanguage":"it-IT"}]}},"_links":{"self":[{"href":"https:\/\/www.rovinj-rovigno.hr\/it\/wp-json\/wp\/v2\/pages\/618"}],"collection":[{"href":"https:\/\/www.rovinj-rovigno.hr\/it\/wp-json\/wp\/v2\/pages"}],"about":[{"href":"https:\/\/www.rovinj-rovigno.hr\/it\/wp-json\/wp\/v2\/types\/page"}],"author":[{"embeddable":true,"href":"https:\/\/www.rovinj-rovigno.hr\/it\/wp-json\/wp\/v2\/users\/2"}],"replies":[{"embeddable":true,"href":"https:\/\/www.rovinj-rovigno.hr\/it\/wp-json\/wp\/v2\/comments?post=618"}],"version-history":[{"count":0,"href":"https:\/\/www.rovinj-rovigno.hr\/it\/wp-json\/wp\/v2\/pages\/618\/revisions"}],"up":[{"embeddable":true,"href":"https:\/\/www.rovinj-rovigno.hr\/it\/wp-json\/wp\/v2\/pages\/605"}],"wp:attachment":[{"href":"https:\/\/www.rovinj-rovigno.hr\/it\/wp-json\/wp\/v2\/media?parent=618"}],"curies":[{"name":"wp","href":"https:\/\/api.w.org\/{rel}","templated":true}]}}