{"id":610,"date":"2016-11-28T13:40:09","date_gmt":"2016-11-28T13:40:09","guid":{"rendered":"http:\/\/rovinjhr.lin53.host25.com\/?page_id=610"},"modified":"2025-07-31T10:40:17","modified_gmt":"2025-07-31T08:40:17","slug":"prometovanje-povijesnom-jezgrom","status":"publish","type":"page","link":"https:\/\/www.rovinj-rovigno.hr\/it\/sistema-comunale\/hrvatski-gradski-promet\/hrvatski-prometovanje-povijesnom-jezgrom\/","title":{"rendered":"Circolazione nel nucleo storico"},"content":{"rendered":"<p>Con lo scopo di salvaguardare il carattere autoctono dell\u2019ambiente, tutelare gli abitanti del nucleo storico, organizzare l\u2019offerta turistica qualitativa e aumentare la sicurezza di tutti i partecipanti al traffico, il Consiglio municipale della citt\u00e0 di Rovigno ha emanato la Delibera sulla regolazione del traffico nel centro citt\u00e0 di Rovinj-Rovigno (&#8220;Bollettino ufficiale della Citt\u00e0 di Rovinj-Rovigno&#8221;, n. 5\/15 e 6\/23), in base alla quale \u00e8 stato disposto il sistema di controllo di entrata dei veicoli nella zona pedonale, le condizioni e le regole di sicurezza e l\u2019organizzazione del traffico sulle strade e altre superfici pubblico-stradali nel centro citt\u00e0 di Rovinj-Rovigno, eccetto sulle strade pubbliche.<\/p>\n<p>Con l\u2019introduzione del nuovo sistema di controllo nella zona pedonale si cerca di tutelare al massimo l\u2019integrit\u00e0 abitazionale e lavorativa, con l\u2019accenno alla destinazione culturale e turistica di questa parte della citt\u00e0. Nel desiderio che l\u2019attivit\u00e0 in questa zona venga svolta senza impedimenti, l\u2019accento nell\u2019organizzazione del traffico \u00e8 stato posto sulla diminuzione dell\u2019accesso con i veicoli alla zona pedonale, ma non sul divieto totale. Ovvero, l\u2019entrata, ossia l\u2019uscita dalla zona pedonale \u00e8 stata impedita con la sistemazione delle barriere stradale (rampe), con il controllo delle entrate e delle uscite dei veicoli attraverso l\u2019utilizzo delle schede per le diverse categorie di utenti il tutto in conformit\u00e0 con la citata Delibera.<\/p>","protected":false},"excerpt":{"rendered":"<p>Con lo scopo di salvaguardare il carattere autoctono dell\u2019ambiente, tutelare gli abitanti del nucleo storico, organizzare l\u2019offerta turistica qualitativa e aumentare la sicurezza di tutti i partecipanti al traffico, il Consiglio municipale della citt\u00e0 di Rovigno ha emanato la Delibera sulla regolazione del traffico nel centro citt\u00e0 di Rovinj-Rovigno (&#8220;Bollettino ufficiale della Citt\u00e0 di Rovinj-Rovigno&#8221;, [&hellip;]<\/p>\n","protected":false},"author":2,"featured_media":0,"parent":605,"menu_order":47,"comment_status":"closed","ping_status":"closed","template":"","meta":[],"yoast_head":"<!-- This site is optimized with the Yoast SEO plugin v21.8.1 - https:\/\/yoast.com\/wordpress\/plugins\/seo\/ -->\n<title>Circolazione nel nucleo storico - Citta di Rovinj-Rovigno<\/title>\n<meta name=\"robots\" content=\"index, follow, max-snippet:-1, max-image-preview:large, max-video-preview:-1\" \/>\n<link rel=\"canonical\" href=\"https:\/\/www.rovinj-rovigno.hr\/komunalni-sustav\/gradski-promet\/prometovanje-povijesnom-jezgrom\/\" \/>\n<meta property=\"og:locale\" content=\"it_IT\" \/>\n<meta property=\"og:type\" content=\"article\" \/>\n<meta property=\"og:title\" content=\"Circolazione nel nucleo storico - Citta di Rovinj-Rovigno\" \/>\n<meta property=\"og:description\" content=\"Con lo scopo di salvaguardare il carattere autoctono dell\u2019ambiente, tutelare gli abitanti del nucleo storico, organizzare l\u2019offerta turistica qualitativa e aumentare la sicurezza di tutti i partecipanti al traffico, il Consiglio municipale della citt\u00e0 di Rovigno ha emanato la Delibera sulla regolazione del traffico nel centro citt\u00e0 di Rovinj-Rovigno (&#8220;Bollettino ufficiale della Citt\u00e0 di Rovinj-Rovigno&#8221;, [&hellip;]\" \/>\n<meta property=\"og:url\" content=\"https:\/\/www.rovinj-rovigno.hr\/komunalni-sustav\/gradski-promet\/prometovanje-povijesnom-jezgrom\/\" \/>\n<meta property=\"og:site_name\" content=\"Citta di Rovinj-Rovigno\" \/>\n<meta property=\"article:modified_time\" content=\"2025-07-31T08:40:17+00:00\" \/>\n<meta name=\"twitter:card\" content=\"summary_large_image\" \/>\n<meta name=\"twitter:label1\" content=\"Tempo di lettura stimato\" \/>\n\t<meta name=\"twitter:data1\" content=\"2 minuti\" \/>\n<script type=\"application\/ld+json\" class=\"yoast-schema-graph\">{\"@context\":\"https:\/\/schema.org\",\"@graph\":[{\"@type\":\"WebPage\",\"@id\":\"https:\/\/www.rovinj-rovigno.hr\/komunalni-sustav\/gradski-promet\/prometovanje-povijesnom-jezgrom\/\",\"url\":\"https:\/\/www.rovinj-rovigno.hr\/komunalni-sustav\/gradski-promet\/prometovanje-povijesnom-jezgrom\/\",\"name\":\"Circolazione nel nucleo storico - Citta di Rovinj-Rovigno\",\"isPartOf\":{\"@id\":\"https:\/\/www.rovinj-rovigno.hr\/#website\"},\"datePublished\":\"2016-11-28T13:40:09+00:00\",\"dateModified\":\"2025-07-31T08:40:17+00:00\",\"breadcrumb\":{\"@id\":\"https:\/\/www.rovinj-rovigno.hr\/komunalni-sustav\/gradski-promet\/prometovanje-povijesnom-jezgrom\/#breadcrumb\"},\"inLanguage\":\"it-IT\",\"potentialAction\":[{\"@type\":\"ReadAction\",\"target\":[\"https:\/\/www.rovinj-rovigno.hr\/komunalni-sustav\/gradski-promet\/prometovanje-povijesnom-jezgrom\/\"]}]},{\"@type\":\"BreadcrumbList\",\"@id\":\"https:\/\/www.rovinj-rovigno.hr\/komunalni-sustav\/gradski-promet\/prometovanje-povijesnom-jezgrom\/#breadcrumb\",\"itemListElement\":[{\"@type\":\"ListItem\",\"position\":1,\"name\":\"Po\u010detna stranica\",\"item\":\"https:\/\/www.rovinj-rovigno.hr\/\"},{\"@type\":\"ListItem\",\"position\":2,\"name\":\"Komunalni sustav\",\"item\":\"https:\/\/www.rovinj-rovigno.hr\/komunalni-sustav\/\"},{\"@type\":\"ListItem\",\"position\":3,\"name\":\"Gradski promet\",\"item\":\"https:\/\/www.rovinj-rovigno.hr\/komunalni-sustav\/gradski-promet\/\"},{\"@type\":\"ListItem\",\"position\":4,\"name\":\"Prometovanje povijesnom jezgrom\"}]},{\"@type\":\"WebSite\",\"@id\":\"https:\/\/www.rovinj-rovigno.hr\/#website\",\"url\":\"https:\/\/www.rovinj-rovigno.hr\/\",\"name\":\"Citta di Rovinj-Rovigno\",\"description\":\"Sito ufficiale della Citta di Rovinj-Rovigno\",\"potentialAction\":[{\"@type\":\"SearchAction\",\"target\":{\"@type\":\"EntryPoint\",\"urlTemplate\":\"https:\/\/www.rovinj-rovigno.hr\/?s={search_term_string}\"},\"query-input\":\"required name=search_term_string\"}],\"inLanguage\":\"it-IT\"}]}<\/script>\n<!-- \/ Yoast SEO plugin. -->","yoast_head_json":{"title":"Circolazione nel nucleo storico - Citta di Rovinj-Rovigno","robots":{"index":"index","follow":"follow","max-snippet":"max-snippet:-1","max-image-preview":"max-image-preview:large","max-video-preview":"max-video-preview:-1"},"canonical":"https:\/\/www.rovinj-rovigno.hr\/komunalni-sustav\/gradski-promet\/prometovanje-povijesnom-jezgrom\/","og_locale":"it_IT","og_type":"article","og_title":"Circolazione nel nucleo storico - Citta di Rovinj-Rovigno","og_description":"Con lo scopo di salvaguardare il carattere autoctono dell\u2019ambiente, tutelare gli abitanti del nucleo storico, organizzare l\u2019offerta turistica qualitativa e aumentare la sicurezza di tutti i partecipanti al traffico, il Consiglio municipale della citt\u00e0 di Rovigno ha emanato la Delibera sulla regolazione del traffico nel centro citt\u00e0 di Rovinj-Rovigno (&#8220;Bollettino ufficiale della Citt\u00e0 di Rovinj-Rovigno&#8221;, [&hellip;]","og_url":"https:\/\/www.rovinj-rovigno.hr\/komunalni-sustav\/gradski-promet\/prometovanje-povijesnom-jezgrom\/","og_site_name":"Citta di Rovinj-Rovigno","article_modified_time":"2025-07-31T08:40:17+00:00","twitter_card":"summary_large_image","twitter_misc":{"Tempo di lettura stimato":"2 minuti"},"schema":{"@context":"https:\/\/schema.org","@graph":[{"@type":"WebPage","@id":"https:\/\/www.rovinj-rovigno.hr\/komunalni-sustav\/gradski-promet\/prometovanje-povijesnom-jezgrom\/","url":"https:\/\/www.rovinj-rovigno.hr\/komunalni-sustav\/gradski-promet\/prometovanje-povijesnom-jezgrom\/","name":"Circolazione nel nucleo storico - Citta di Rovinj-Rovigno","isPartOf":{"@id":"https:\/\/www.rovinj-rovigno.hr\/#website"},"datePublished":"2016-11-28T13:40:09+00:00","dateModified":"2025-07-31T08:40:17+00:00","breadcrumb":{"@id":"https:\/\/www.rovinj-rovigno.hr\/komunalni-sustav\/gradski-promet\/prometovanje-povijesnom-jezgrom\/#breadcrumb"},"inLanguage":"it-IT","potentialAction":[{"@type":"ReadAction","target":["https:\/\/www.rovinj-rovigno.hr\/komunalni-sustav\/gradski-promet\/prometovanje-povijesnom-jezgrom\/"]}]},{"@type":"BreadcrumbList","@id":"https:\/\/www.rovinj-rovigno.hr\/komunalni-sustav\/gradski-promet\/prometovanje-povijesnom-jezgrom\/#breadcrumb","itemListElement":[{"@type":"ListItem","position":1,"name":"Po\u010detna stranica","item":"https:\/\/www.rovinj-rovigno.hr\/"},{"@type":"ListItem","position":2,"name":"Komunalni sustav","item":"https:\/\/www.rovinj-rovigno.hr\/komunalni-sustav\/"},{"@type":"ListItem","position":3,"name":"Gradski promet","item":"https:\/\/www.rovinj-rovigno.hr\/komunalni-sustav\/gradski-promet\/"},{"@type":"ListItem","position":4,"name":"Prometovanje povijesnom jezgrom"}]},{"@type":"WebSite","@id":"https:\/\/www.rovinj-rovigno.hr\/#website","url":"https:\/\/www.rovinj-rovigno.hr\/","name":"Citta di Rovinj-Rovigno","description":"Sito ufficiale della Citta di Rovinj-Rovigno","potentialAction":[{"@type":"SearchAction","target":{"@type":"EntryPoint","urlTemplate":"https:\/\/www.rovinj-rovigno.hr\/?s={search_term_string}"},"query-input":"required name=search_term_string"}],"inLanguage":"it-IT"}]}},"_links":{"self":[{"href":"https:\/\/www.rovinj-rovigno.hr\/it\/wp-json\/wp\/v2\/pages\/610"}],"collection":[{"href":"https:\/\/www.rovinj-rovigno.hr\/it\/wp-json\/wp\/v2\/pages"}],"about":[{"href":"https:\/\/www.rovinj-rovigno.hr\/it\/wp-json\/wp\/v2\/types\/page"}],"author":[{"embeddable":true,"href":"https:\/\/www.rovinj-rovigno.hr\/it\/wp-json\/wp\/v2\/users\/2"}],"replies":[{"embeddable":true,"href":"https:\/\/www.rovinj-rovigno.hr\/it\/wp-json\/wp\/v2\/comments?post=610"}],"version-history":[{"count":1,"href":"https:\/\/www.rovinj-rovigno.hr\/it\/wp-json\/wp\/v2\/pages\/610\/revisions"}],"predecessor-version":[{"id":47191,"href":"https:\/\/www.rovinj-rovigno.hr\/it\/wp-json\/wp\/v2\/pages\/610\/revisions\/47191"}],"up":[{"embeddable":true,"href":"https:\/\/www.rovinj-rovigno.hr\/it\/wp-json\/wp\/v2\/pages\/605"}],"wp:attachment":[{"href":"https:\/\/www.rovinj-rovigno.hr\/it\/wp-json\/wp\/v2\/media?parent=610"}],"curies":[{"name":"wp","href":"https:\/\/api.w.org\/{rel}","templated":true}]}}