{"id":603,"date":"2016-11-28T13:34:46","date_gmt":"2016-11-28T13:34:46","guid":{"rendered":"http:\/\/rovinjhr.lin53.host25.com\/?page_id=603"},"modified":"2024-12-30T13:35:10","modified_gmt":"2024-12-30T11:35:10","slug":"spomenicka-renta","status":"publish","type":"page","link":"https:\/\/www.rovinj-rovigno.hr\/it\/sistema-comunale\/hrvatski-komunalna-davanja\/hrvatski-spomenicka-renta\/","title":{"rendered":"Tassa sui monumenti"},"content":{"rendered":"<p>Legge sulla tutela e la salvaguardia dei beni culturali (\u201cGazzetta ufficiale\u201d, nn. 145\/2024)<\/p>\n<p>Le persone fisiche e giuridiche che sono contribuenti dell\u2019imposta sul reddito oppure dell\u2019imposta sul guadagno, e che svolgono attivit\u00e0 economica nel bene culturale immobile e nel territorio del nucleo storico-culturale sono contribuenti della tassa sui monumenti.<\/p>\n<p>Le persone fisiche e giuridiche le quali possiedono unit\u00e0 d\u2019affari (ogni luogo permanente di espletamento dell\u2019attivit\u00e0 economica) che svolgono attivit\u00e0 economica sul territorio del nucleo storico-culturale, sono contribuenti della tassa sui monumenti per ogni unit\u00e0 d\u2019affari.<\/p>\n<p>La base della tassa sui monumenti \u00e8 la superficie utile del vano d\u2019affari che si trova nel bene culturale immobile oppure nel territorio del nucleo storico-culturale.<\/p>\n<p>La tassa sui monumenti si paga mensilmente 0,40 \u20ac \/ 3,01 kn per metro quadro della superficie utile del vano d\u2019affari che si trova nel bene culturale immobile e nel territorio del nucleo storico-culturale.<\/p>\n<p>I contribuenti della tassa sui monumenti devono recapitare al Settore amministrativo preposto alla determinazione delle entrate della citt\u00e0 di Rovinj-Rovigno (nel testo: Settore amministrativo) i dati sulla superficie utile dei vani d\u2019affari, entro il 31 marzo dell\u2019anno per il quale viene stabilita la tassa sui monumenti.<\/p>\n<p>La tassa sui monumenti viene calcolata nell\u2019importo annuale in base al decreto di definizione della tassa sui monumenti, che viene emanato dall\u2019organismo amministrativo dell\u2019unit\u00e0 dell\u2019autogoverno locale preposto agli affari di economia comunale, ossia dal settore amministrativo della Citt\u00e0 preposto agli affari di economia comunale, entro il termine di 15 giorni dal recapito del decreto sulla determinazione della tassa sui monumenti.<\/p>\n<p>Qualora durante l\u2019anno solare qualche edifico oppure zona della citt\u00e0 di Rovigno ottenesse, ossia perdesse la caratteristica di bene culturale immobile oppure di territorio storico-culturale, il contribuente della tassa sui monumenti pagher\u00e0 la tassa sui monumenti per la parte dell\u2019anno in ha espletato l\u2019attivit\u00e0.<\/p>\n<p>Il fruitore della concessione sul bene culturale nonch\u00e9 le persone fisiche e giuridiche che espletano l\u2019attivit\u00e0 di lavorazione oppure produzione sono esentati dal pagamento della tassa sui monumenti<\/p>\n<p>Inoltre l\u2019articolo 114 b della Legge prescrive che le entrate dalla tassa sui monumenti possono essere utilizzate esclusivamente per la tutela e la salvaguardia dei beni culturali. Il 60% viene versato a favore del bilancio della citt\u00e0 di Rovinj-Rovigno, mentre il 40% a favore del bilancio statale. Hanno l\u2019obbligo di pagare la tassa sui monumenti le persone fisiche e giuridiche che sono contribuenti dell\u2019imposta sul reddito oppure dell\u2019imposta sul guadagno, e che svolgono attivit\u00e0 economica nel patrimonio culturale immobile oppure nel territorio del nucleo storico-culturale.<\/p>\n<p>Con il Decreto del Ministero della cultura, Ufficio per la tutela del patrimonio culturale Classe: UP\/I-612-08\/10-06\/0135, Numprot: 532-04-01-1\/3-11-2 del 21 marzo 2011 \u00e8 stata determinata la nuova estensione della zona del nucleo storico-culturale, e in base a questo \u00e8 stata prescritta la tassa sui monumenti per il territorio ampliato del nucleo storico-culturale della citt\u00e0.<\/p>\n<p>La carta con il quadro grafico dei confini del nucleo storico-culturale della citt\u00e0 di Rovigno \u00e8 parte integrante della <strong><u><a href=\"https:\/\/www.rovinj-rovigno.hr\/wp-content\/uploads\/2020\/01\/Odluka-o-visini-spomenicke-rente_13_19.pdf\" target=\"_blank\" rel=\"noopener\">Delibera<\/a>.<\/u><\/strong><\/p>\n<p><a href=\"http:\/\/www.rovinj-rovigno.hr\/wp-content\/uploads\/2017\/05\/Zahtjev-za-promjenu_prijavu-obveznika-spomenicke-rente_HR_IT.pdf\" target=\"_blank\" rel=\"noopener\"><u>Notifica dei dati per la determinazione della tassa sui monumenti &#8211; modulo<\/u><\/a><\/p>\n<p>APPLICAZIONE, DETERMINAZIONE E CAMBIAMENTO DEI OBBLIGHI \u2013 TASSA SUI MONUMENTI<\/p>\n<p>Contatto: Ksenija Jeromela \u017dibert<br \/>\nTel. 052\/805-212<br \/>\ne-mail:\u00a0<a href=\"mailto:komunalna.naknada@rovinj-rovigno.hr\">komunalna.naknada@rovinj-rovigno.hr<\/a><br \/>\nSettore amministrativo pre gli affari comunali e l`ediliza<br \/>\nSezione per gli affari comunali<\/p>\n<p>RISCOSSIONE DELLA TASSA SUI MONUMENTI<\/p>\n<p>Contatto: Daria Bilajac<br \/>\nTel. 052\/805-225<br \/>\ne-mail:\u00a0<a href=\"daria.bilajac@rovinj-rovigno.hr\">daria.bilajac@rovinj-rovigno.hr<\/a><br \/>\nSettore amministrativo per le finaze, il bilancio e la riscossione di introiti<br \/>\nSezione per la riscossione di introitiLegge sulla tutela e la salvaguardia dei beni culturali (\u201cGazzetta ufficiale\u201d, nn. 145\/2024)<\/p>\n<p>Le persone fisiche e giuridiche che sono contribuenti dell\u2019imposta sul reddito oppure dell\u2019imposta sul guadagno, e che svolgono attivit\u00e0 economica nel bene culturale immobile e nel territorio del nucleo storico-culturale sono contribuenti della tassa sui monumenti.<\/p>\n<p>Le persone fisiche e giuridiche le quali possiedono unit\u00e0 d\u2019affari (ogni luogo permanente di espletamento dell\u2019attivit\u00e0 economica) che svolgono attivit\u00e0 economica sul territorio del nucleo storico-culturale, sono contribuenti della tassa sui monumenti per ogni unit\u00e0 d\u2019affari.<\/p>\n<p>La base della tassa sui monumenti \u00e8 la superficie utile del vano d\u2019affari che si trova nel bene culturale immobile oppure nel territorio del nucleo storico-culturale.<\/p>\n<p>La tassa sui monumenti si paga mensilmente 0,40 \u20ac \/ 3,01 kn per metro quadro della superficie utile del vano d\u2019affari che si trova nel bene culturale immobile e nel territorio del nucleo storico-culturale.<\/p>\n<p>I contribuenti della tassa sui monumenti devono recapitare al Settore amministrativo preposto alla determinazione delle entrate della citt\u00e0 di Rovinj-Rovigno (nel testo: Settore amministrativo) i dati sulla superficie utile dei vani d\u2019affari, entro il 31 marzo dell\u2019anno per il quale viene stabilita la tassa sui monumenti.<\/p>\n<p>La tassa sui monumenti viene calcolata nell\u2019importo annuale in base al decreto di definizione della tassa sui monumenti, che viene emanato dall\u2019organismo amministrativo dell\u2019unit\u00e0 dell\u2019autogoverno locale preposto agli affari di economia comunale, ossia dal settore amministrativo della Citt\u00e0 preposto agli affari di economia comunale, entro il termine di 15 giorni dal recapito del decreto sulla determinazione della tassa sui monumenti.<\/p>\n<p>Qualora durante l\u2019anno solare qualche edifico oppure zona della citt\u00e0 di Rovigno ottenesse, ossia perdesse la caratteristica di bene culturale immobile oppure di territorio storico-culturale, il contribuente della tassa sui monumenti pagher\u00e0 la tassa sui monumenti per la parte dell\u2019anno in ha espletato l\u2019attivit\u00e0.<\/p>\n<p>Il fruitore della concessione sul bene culturale nonch\u00e9 le persone fisiche e giuridiche che espletano l\u2019attivit\u00e0 di lavorazione oppure produzione sono esentati dal pagamento della tassa sui monumenti<\/p>\n<p>Inoltre l\u2019articolo 114 b della Legge prescrive che le entrate dalla tassa sui monumenti possono essere utilizzate esclusivamente per la tutela e la salvaguardia dei beni culturali. Il 60% viene versato a favore del bilancio della citt\u00e0 di Rovinj-Rovigno, mentre il 40% a favore del bilancio statale. Hanno l\u2019obbligo di pagare la tassa sui monumenti le persone fisiche e giuridiche che sono contribuenti dell\u2019imposta sul reddito oppure dell\u2019imposta sul guadagno, e che svolgono attivit\u00e0 economica nel patrimonio culturale immobile oppure nel territorio del nucleo storico-culturale.<\/p>\n<p>Con il Decreto del Ministero della cultura, Ufficio per la tutela del patrimonio culturale Classe: UP\/I-612-08\/10-06\/0135, Numprot: 532-04-01-1\/3-11-2 del 21 marzo 2011 \u00e8 stata determinata la nuova estensione della zona del nucleo storico-culturale, e in base a questo \u00e8 stata prescritta la tassa sui monumenti per il territorio ampliato del nucleo storico-culturale della citt\u00e0.<\/p>\n<p>La carta con il quadro grafico dei confini del nucleo storico-culturale della citt\u00e0 di Rovigno \u00e8 parte integrante della <strong><u><a href=\"https:\/\/www.rovinj-rovigno.hr\/wp-content\/uploads\/2020\/01\/Odluka-o-visini-spomenicke-rente_13_19.pdf\" target=\"_blank\" rel=\"noopener\">Delibera<\/a>.<\/u><\/strong><\/p>\n<p><a href=\"http:\/\/www.rovinj-rovigno.hr\/wp-content\/uploads\/2017\/05\/Zahtjev-za-promjenu_prijavu-obveznika-spomenicke-rente_HR_IT.pdf\" target=\"_blank\" rel=\"noopener\"><u>Notifica dei dati per la determinazione della tassa sui monumenti &#8211; modulo<\/u><\/a><\/p>\n<p>APPLICAZIONE, DETERMINAZIONE E CAMBIAMENTO DEI OBBLIGHI \u2013 TASSA SUI MONUMENTI<\/p>\n<p>Contatto: Ksenija Jeromela \u017dibert<br \/>\nTel. 052\/805-212<br \/>\ne-mail:\u00a0<a href=\"mailto:komunalna.naknada@rovinj-rovigno.hr\">komunalna.naknada@rovinj-rovigno.hr<\/a><br \/>\nSettore amministrativo pre gli affari comunali e l`ediliza<br \/>\nSezione per gli affari comunali<\/p>\n<p>RISCOSSIONE DELLA TASSA SUI MONUMENTI<\/p>\n<p>Contatto: Daria Bilajac<br \/>\nTel. 052\/805-225<br \/>\ne-mail:\u00a0<a href=\"daria.bilajac@rovinj-rovigno.hr\">daria.bilajac@rovinj-rovigno.hr<\/a><br \/>\nSettore amministrativo per le finaze, il bilancio e la riscossione di introiti<br \/>\nSezione per la riscossione di introiti<\/p>","protected":false},"excerpt":{"rendered":"<p>Legge sulla tutela e la salvaguardia dei beni culturali (\u201cGazzetta ufficiale\u201d, nn. 145\/2024) Le persone fisiche e giuridiche che sono contribuenti dell\u2019imposta sul reddito oppure dell\u2019imposta sul guadagno, e che svolgono attivit\u00e0 economica nel bene culturale immobile e nel territorio del nucleo storico-culturale sono contribuenti della tassa sui monumenti. Le persone fisiche e giuridiche le [&hellip;]<\/p>\n","protected":false},"author":2,"featured_media":0,"parent":596,"menu_order":50,"comment_status":"closed","ping_status":"closed","template":"","meta":[],"yoast_head":"<!-- This site is optimized with the Yoast SEO plugin v21.8.1 - https:\/\/yoast.com\/wordpress\/plugins\/seo\/ -->\n<title>Tassa sui monumenti - Citta di Rovinj-Rovigno<\/title>\n<meta name=\"robots\" content=\"index, follow, max-snippet:-1, max-image-preview:large, max-video-preview:-1\" \/>\n<link rel=\"canonical\" href=\"https:\/\/www.rovinj-rovigno.hr\/komunalni-sustav\/komunalna-davanja\/spomenicka-renta\/\" \/>\n<meta property=\"og:locale\" content=\"it_IT\" \/>\n<meta property=\"og:type\" content=\"article\" \/>\n<meta property=\"og:title\" content=\"Tassa sui monumenti - Citta di Rovinj-Rovigno\" \/>\n<meta property=\"og:description\" content=\"Legge sulla tutela e la salvaguardia dei beni culturali (\u201cGazzetta ufficiale\u201d, nn. 145\/2024) Le persone fisiche e giuridiche che sono contribuenti dell\u2019imposta sul reddito oppure dell\u2019imposta sul guadagno, e che svolgono attivit\u00e0 economica nel bene culturale immobile e nel territorio del nucleo storico-culturale sono contribuenti della tassa sui monumenti. Le persone fisiche e giuridiche le [&hellip;]\" \/>\n<meta property=\"og:url\" content=\"https:\/\/www.rovinj-rovigno.hr\/komunalni-sustav\/komunalna-davanja\/spomenicka-renta\/\" \/>\n<meta property=\"og:site_name\" content=\"Citta di Rovinj-Rovigno\" \/>\n<meta property=\"article:modified_time\" content=\"2024-12-30T11:35:10+00:00\" \/>\n<meta name=\"twitter:card\" content=\"summary_large_image\" \/>\n<meta name=\"twitter:label1\" content=\"Tempo di lettura stimato\" \/>\n\t<meta name=\"twitter:data1\" content=\"7 minuti\" \/>\n<script type=\"application\/ld+json\" class=\"yoast-schema-graph\">{\"@context\":\"https:\/\/schema.org\",\"@graph\":[{\"@type\":\"WebPage\",\"@id\":\"https:\/\/www.rovinj-rovigno.hr\/komunalni-sustav\/komunalna-davanja\/spomenicka-renta\/\",\"url\":\"https:\/\/www.rovinj-rovigno.hr\/komunalni-sustav\/komunalna-davanja\/spomenicka-renta\/\",\"name\":\"Tassa sui monumenti - Citta di Rovinj-Rovigno\",\"isPartOf\":{\"@id\":\"https:\/\/www.rovinj-rovigno.hr\/#website\"},\"datePublished\":\"2016-11-28T13:34:46+00:00\",\"dateModified\":\"2024-12-30T11:35:10+00:00\",\"breadcrumb\":{\"@id\":\"https:\/\/www.rovinj-rovigno.hr\/komunalni-sustav\/komunalna-davanja\/spomenicka-renta\/#breadcrumb\"},\"inLanguage\":\"it-IT\",\"potentialAction\":[{\"@type\":\"ReadAction\",\"target\":[\"https:\/\/www.rovinj-rovigno.hr\/komunalni-sustav\/komunalna-davanja\/spomenicka-renta\/\"]}]},{\"@type\":\"BreadcrumbList\",\"@id\":\"https:\/\/www.rovinj-rovigno.hr\/komunalni-sustav\/komunalna-davanja\/spomenicka-renta\/#breadcrumb\",\"itemListElement\":[{\"@type\":\"ListItem\",\"position\":1,\"name\":\"Po\u010detna stranica\",\"item\":\"https:\/\/www.rovinj-rovigno.hr\/\"},{\"@type\":\"ListItem\",\"position\":2,\"name\":\"Komunalni sustav\",\"item\":\"https:\/\/www.rovinj-rovigno.hr\/komunalni-sustav\/\"},{\"@type\":\"ListItem\",\"position\":3,\"name\":\"Komunalna davanja\",\"item\":\"https:\/\/www.rovinj-rovigno.hr\/komunalni-sustav\/komunalna-davanja\/\"},{\"@type\":\"ListItem\",\"position\":4,\"name\":\"Spomeni\u010dka renta\"}]},{\"@type\":\"WebSite\",\"@id\":\"https:\/\/www.rovinj-rovigno.hr\/#website\",\"url\":\"https:\/\/www.rovinj-rovigno.hr\/\",\"name\":\"Citta di Rovinj-Rovigno\",\"description\":\"Sito ufficiale della Citta di Rovinj-Rovigno\",\"potentialAction\":[{\"@type\":\"SearchAction\",\"target\":{\"@type\":\"EntryPoint\",\"urlTemplate\":\"https:\/\/www.rovinj-rovigno.hr\/?s={search_term_string}\"},\"query-input\":\"required name=search_term_string\"}],\"inLanguage\":\"it-IT\"}]}<\/script>\n<!-- \/ Yoast SEO plugin. -->","yoast_head_json":{"title":"Tassa sui monumenti - Citta di Rovinj-Rovigno","robots":{"index":"index","follow":"follow","max-snippet":"max-snippet:-1","max-image-preview":"max-image-preview:large","max-video-preview":"max-video-preview:-1"},"canonical":"https:\/\/www.rovinj-rovigno.hr\/komunalni-sustav\/komunalna-davanja\/spomenicka-renta\/","og_locale":"it_IT","og_type":"article","og_title":"Tassa sui monumenti - Citta di Rovinj-Rovigno","og_description":"Legge sulla tutela e la salvaguardia dei beni culturali (\u201cGazzetta ufficiale\u201d, nn. 145\/2024) Le persone fisiche e giuridiche che sono contribuenti dell\u2019imposta sul reddito oppure dell\u2019imposta sul guadagno, e che svolgono attivit\u00e0 economica nel bene culturale immobile e nel territorio del nucleo storico-culturale sono contribuenti della tassa sui monumenti. Le persone fisiche e giuridiche le [&hellip;]","og_url":"https:\/\/www.rovinj-rovigno.hr\/komunalni-sustav\/komunalna-davanja\/spomenicka-renta\/","og_site_name":"Citta di Rovinj-Rovigno","article_modified_time":"2024-12-30T11:35:10+00:00","twitter_card":"summary_large_image","twitter_misc":{"Tempo di lettura stimato":"7 minuti"},"schema":{"@context":"https:\/\/schema.org","@graph":[{"@type":"WebPage","@id":"https:\/\/www.rovinj-rovigno.hr\/komunalni-sustav\/komunalna-davanja\/spomenicka-renta\/","url":"https:\/\/www.rovinj-rovigno.hr\/komunalni-sustav\/komunalna-davanja\/spomenicka-renta\/","name":"Tassa sui monumenti - Citta di Rovinj-Rovigno","isPartOf":{"@id":"https:\/\/www.rovinj-rovigno.hr\/#website"},"datePublished":"2016-11-28T13:34:46+00:00","dateModified":"2024-12-30T11:35:10+00:00","breadcrumb":{"@id":"https:\/\/www.rovinj-rovigno.hr\/komunalni-sustav\/komunalna-davanja\/spomenicka-renta\/#breadcrumb"},"inLanguage":"it-IT","potentialAction":[{"@type":"ReadAction","target":["https:\/\/www.rovinj-rovigno.hr\/komunalni-sustav\/komunalna-davanja\/spomenicka-renta\/"]}]},{"@type":"BreadcrumbList","@id":"https:\/\/www.rovinj-rovigno.hr\/komunalni-sustav\/komunalna-davanja\/spomenicka-renta\/#breadcrumb","itemListElement":[{"@type":"ListItem","position":1,"name":"Po\u010detna stranica","item":"https:\/\/www.rovinj-rovigno.hr\/"},{"@type":"ListItem","position":2,"name":"Komunalni sustav","item":"https:\/\/www.rovinj-rovigno.hr\/komunalni-sustav\/"},{"@type":"ListItem","position":3,"name":"Komunalna davanja","item":"https:\/\/www.rovinj-rovigno.hr\/komunalni-sustav\/komunalna-davanja\/"},{"@type":"ListItem","position":4,"name":"Spomeni\u010dka renta"}]},{"@type":"WebSite","@id":"https:\/\/www.rovinj-rovigno.hr\/#website","url":"https:\/\/www.rovinj-rovigno.hr\/","name":"Citta di Rovinj-Rovigno","description":"Sito ufficiale della Citta di Rovinj-Rovigno","potentialAction":[{"@type":"SearchAction","target":{"@type":"EntryPoint","urlTemplate":"https:\/\/www.rovinj-rovigno.hr\/?s={search_term_string}"},"query-input":"required name=search_term_string"}],"inLanguage":"it-IT"}]}},"_links":{"self":[{"href":"https:\/\/www.rovinj-rovigno.hr\/it\/wp-json\/wp\/v2\/pages\/603"}],"collection":[{"href":"https:\/\/www.rovinj-rovigno.hr\/it\/wp-json\/wp\/v2\/pages"}],"about":[{"href":"https:\/\/www.rovinj-rovigno.hr\/it\/wp-json\/wp\/v2\/types\/page"}],"author":[{"embeddable":true,"href":"https:\/\/www.rovinj-rovigno.hr\/it\/wp-json\/wp\/v2\/users\/2"}],"replies":[{"embeddable":true,"href":"https:\/\/www.rovinj-rovigno.hr\/it\/wp-json\/wp\/v2\/comments?post=603"}],"version-history":[{"count":0,"href":"https:\/\/www.rovinj-rovigno.hr\/it\/wp-json\/wp\/v2\/pages\/603\/revisions"}],"up":[{"embeddable":true,"href":"https:\/\/www.rovinj-rovigno.hr\/it\/wp-json\/wp\/v2\/pages\/596"}],"wp:attachment":[{"href":"https:\/\/www.rovinj-rovigno.hr\/it\/wp-json\/wp\/v2\/media?parent=603"}],"curies":[{"name":"wp","href":"https:\/\/api.w.org\/{rel}","templated":true}]}}