{"id":593,"date":"2016-11-28T13:28:05","date_gmt":"2016-11-28T13:28:05","guid":{"rendered":"http:\/\/rovinjhr.lin53.host25.com\/?page_id=593"},"modified":"2025-09-15T13:05:32","modified_gmt":"2025-09-15T11:05:32","slug":"komunalno-gospodarstvo","status":"publish","type":"page","link":"https:\/\/www.rovinj-rovigno.hr\/it\/sistema-comunale\/hrvatski-komunalno-gospodarstvo\/","title":{"rendered":"Economia comunale"},"content":{"rendered":"<p>La Legge sugli affari comunali (GU, nn. 68\/18 i 110\/18) definisce i principi, le modalit\u00e0 d\u2019espletamento e di finanziamento degli affari comunali, nonch\u00e9 tutte le altre questioni legate ai medesimi.<\/p>\n<p>Per affari comunali si sottintende l\u2019espletamento delle attivit\u00e0 comunali, e soprattutto l\u2019offerta di servizi comunali d\u2019interesse per le persone fisiche e giuridiche, nonch\u00e9 il finanziamento della costruzione e della manutenzione degli impianti e delle installazioni dell\u2019infrastruttura comunale quale sistema completo nel territorio della nostra citt\u00e0.<\/p>\n<p>Ai sensi della Delibera sulle attivit\u00e0 comunali (\u201cBollettino ufficiale\u201c della Citt\u00e0 di Rovinj-Rovigno, n. 1\/19) oltre alle attivit\u00e0 comunali stabilite dalla legge viene prescritto l\u2019espletamento delle seguenti attivit\u00e0 comunali di importanza locale nel territorio della citt\u00e0 di Rovigno:<\/p>\n<p>Nel territorio della Citt\u00e0 di Rovinj-Rovigno, si espletano le seguenti attivit\u00e0 comunali con le quali si assicura la manutenzione dell\u2019infrastruttura comunale ossia:<\/p>\n<ol>\n<li>manutenzione delle strade non classificate<\/li>\n<li>manutenzione delle aree pubbliche sulle quali non \u00e8 permessa la circolazione dei veicoli a motore<\/li>\n<li>manutenzione del sistema di smaltimento delle acque piovane<\/li>\n<li>manutenzione delle aree pubbliche verdi<\/li>\n<li>manutenzione degli impianti, dell\u2019attrezzatura e degli oggetti di destinazione pubblica<\/li>\n<li>manutenzione del cimitero<\/li>\n<li>manutenzione della pulizia delle aree pubbliche<\/li>\n<li>manutenzione dell\u2019illuminazione pubblica.<\/li>\n<\/ol>\n<p>Nel territorio della Citt\u00e0 si espletano le seguenti attivit\u00e0 comunali di servizio ossia:<\/p>\n<ol>\n<li>servizi di parcheggio sulle aree pubbliche sistemate<\/li>\n<li>servizi di mercati pubblici al minuto<\/li>\n<li>servizi di sepoltura dei defunti<\/li>\n<li>trasporto di passeggieri nel traffico pubblico<\/li>\n<li>espletamento del servizio di spazzacamino.<\/li>\n<\/ol>\n<p>Oltre alle specificate attivit\u00e0 nel territorio della Citt\u00e0 si espletano anche le seguenti attivit\u00e0 che si definiscono come attivit\u00e0 comunali di servizio ossia:<\/p>\n<ol>\n<li>servizi di trasporti di merci nella zona pedonale<\/li>\n<li>spostamento dei veicoli in sosta vietata e parcheggiati impropriamente<\/li>\n<li>servizi di segnaletica non stradale<\/li>\n<li>deposito dei rifiuti edilizi.<\/li>\n<\/ol>\n<p>Per maggiori informazioni \u00a0<a href=\"https:\/\/www.rovinj-rovigno.hr\/wp-content\/uploads\/2019\/01\/br1-%E2%80%93-kopija.pdf\" target=\"_blank\" rel=\"noopener\">Delibera sulle attivit\u00e0 comunali<\/a> (\u201cBollettino ufficiale\u201c della Citt\u00e0 di Rovinj-Rovigno, n. 1\/19)La Legge sugli affari comunali (GU, nn. 68\/18 i 110\/18) definisce i principi, le modalit\u00e0 d\u2019espletamento e di finanziamento degli affari comunali, nonch\u00e9 tutte le altre questioni legate ai medesimi.<\/p>\n<p>Per affari comunali si sottintende l\u2019espletamento delle attivit\u00e0 comunali, e soprattutto l\u2019offerta di servizi comunali d\u2019interesse per le persone fisiche e giuridiche, nonch\u00e9 il finanziamento della costruzione e della manutenzione degli impianti e delle installazioni dell\u2019infrastruttura comunale quale sistema completo nel territorio della nostra citt\u00e0.<\/p>\n<p>Ai sensi della Delibera sulle attivit\u00e0 comunali (\u201cBollettino ufficiale\u201c della Citt\u00e0 di Rovinj-Rovigno, n. 1\/19) oltre alle attivit\u00e0 comunali stabilite dalla legge viene prescritto l\u2019espletamento delle seguenti attivit\u00e0 comunali di importanza locale nel territorio della citt\u00e0 di Rovigno:<\/p>\n<p>Nel territorio della Citt\u00e0 di Rovinj-Rovigno, si espletano le seguenti attivit\u00e0 comunali con le quali si assicura la manutenzione dell\u2019infrastruttura comunale ossia:<\/p>\n<ol>\n<li>manutenzione delle strade non classificate<\/li>\n<li>manutenzione delle aree pubbliche sulle quali non \u00e8 permessa la circolazione dei veicoli a motore<\/li>\n<li>manutenzione del sistema di smaltimento delle acque piovane<\/li>\n<li>manutenzione delle aree pubbliche verdi<\/li>\n<li>manutenzione degli impianti, dell\u2019attrezzatura e degli oggetti di destinazione pubblica<\/li>\n<li>manutenzione del cimitero<\/li>\n<li>manutenzione della pulizia delle aree pubbliche<\/li>\n<li>manutenzione dell\u2019illuminazione pubblica.<\/li>\n<\/ol>\n<p>Nel territorio della Citt\u00e0 si espletano le seguenti attivit\u00e0 comunali di servizio ossia:<\/p>\n<ol>\n<li>servizi di parcheggio sulle aree pubbliche sistemate<\/li>\n<li>servizi di mercati pubblici al minuto<\/li>\n<li>servizi di sepoltura dei defunti<\/li>\n<li>trasporto di passeggieri nel traffico pubblico<\/li>\n<li>espletamento del servizio di spazzacamino.<\/li>\n<\/ol>\n<p>Oltre alle specificate attivit\u00e0 nel territorio della Citt\u00e0 si espletano anche le seguenti attivit\u00e0 che si definiscono come attivit\u00e0 comunali di servizio ossia:<\/p>\n<ol>\n<li>servizi di trasporti di merci nella zona pedonale<\/li>\n<li>spostamento dei veicoli in sosta vietata e parcheggiati impropriamente<\/li>\n<li>servizi di segnaletica non stradale<\/li>\n<li>deposito dei rifiuti edilizi.<\/li>\n<\/ol>\n<p>Per maggiori informazioni \u00a0<a href=\"https:\/\/www.rovinj-rovigno.hr\/wp-content\/uploads\/2019\/01\/br1-%E2%80%93-kopija.pdf\" target=\"_blank\" rel=\"noopener\">Delibera sulle attivit\u00e0 comunali<\/a> (\u201cBollettino ufficiale\u201c della Citt\u00e0 di Rovinj-Rovigno, n. 1\/19)<\/p>\n<ul>\n<li><a href=\"https:\/\/www.rovinj-rovigno.hr\/wp-content\/uploads\/2025\/05\/Delibera-sui-criteri-e-gli-indicatori-di-efficenza-della-gestione-del-si.pdf\">Delibera sui criteri e gli indicatori di efficenza della gestione del si&#8230;<\/a><\/li>\n<\/ul>\n<p><\/p>","protected":false},"excerpt":{"rendered":"<p>La Legge sugli affari comunali (GU, nn. 68\/18 i 110\/18) definisce i principi, le modalit\u00e0 d\u2019espletamento e di finanziamento degli affari comunali, nonch\u00e9 tutte le altre questioni legate ai medesimi. Per affari comunali si sottintende l\u2019espletamento delle attivit\u00e0 comunali, e soprattutto l\u2019offerta di servizi comunali d\u2019interesse per le persone fisiche e giuridiche, nonch\u00e9 il finanziamento [&hellip;]<\/p>\n","protected":false},"author":2,"featured_media":0,"parent":49,"menu_order":53,"comment_status":"closed","ping_status":"closed","template":"","meta":[],"yoast_head":"<!-- This site is optimized with the Yoast SEO plugin v21.8.1 - https:\/\/yoast.com\/wordpress\/plugins\/seo\/ -->\n<title>Economia comunale - Citta di Rovinj-Rovigno<\/title>\n<meta name=\"robots\" content=\"index, follow, max-snippet:-1, max-image-preview:large, max-video-preview:-1\" \/>\n<link rel=\"canonical\" href=\"https:\/\/www.rovinj-rovigno.hr\/komunalni-sustav\/komunalno-gospodarstvo\/\" \/>\n<meta property=\"og:locale\" content=\"it_IT\" \/>\n<meta property=\"og:type\" content=\"article\" \/>\n<meta property=\"og:title\" content=\"Economia comunale - Citta di Rovinj-Rovigno\" \/>\n<meta property=\"og:description\" content=\"La Legge sugli affari comunali (GU, nn. 68\/18 i 110\/18) definisce i principi, le modalit\u00e0 d\u2019espletamento e di finanziamento degli affari comunali, nonch\u00e9 tutte le altre questioni legate ai medesimi. Per affari comunali si sottintende l\u2019espletamento delle attivit\u00e0 comunali, e soprattutto l\u2019offerta di servizi comunali d\u2019interesse per le persone fisiche e giuridiche, nonch\u00e9 il finanziamento [&hellip;]\" \/>\n<meta property=\"og:url\" content=\"https:\/\/www.rovinj-rovigno.hr\/komunalni-sustav\/komunalno-gospodarstvo\/\" \/>\n<meta property=\"og:site_name\" content=\"Citta di Rovinj-Rovigno\" \/>\n<meta property=\"article:modified_time\" content=\"2025-09-15T11:05:32+00:00\" \/>\n<meta name=\"twitter:card\" content=\"summary_large_image\" \/>\n<meta name=\"twitter:label1\" content=\"Tempo di lettura stimato\" \/>\n\t<meta name=\"twitter:data1\" content=\"2 minuti\" \/>\n<script type=\"application\/ld+json\" class=\"yoast-schema-graph\">{\"@context\":\"https:\/\/schema.org\",\"@graph\":[{\"@type\":\"WebPage\",\"@id\":\"https:\/\/www.rovinj-rovigno.hr\/komunalni-sustav\/komunalno-gospodarstvo\/\",\"url\":\"https:\/\/www.rovinj-rovigno.hr\/komunalni-sustav\/komunalno-gospodarstvo\/\",\"name\":\"Economia comunale - Citta di Rovinj-Rovigno\",\"isPartOf\":{\"@id\":\"https:\/\/www.rovinj-rovigno.hr\/#website\"},\"datePublished\":\"2016-11-28T13:28:05+00:00\",\"dateModified\":\"2025-09-15T11:05:32+00:00\",\"breadcrumb\":{\"@id\":\"https:\/\/www.rovinj-rovigno.hr\/komunalni-sustav\/komunalno-gospodarstvo\/#breadcrumb\"},\"inLanguage\":\"it-IT\",\"potentialAction\":[{\"@type\":\"ReadAction\",\"target\":[\"https:\/\/www.rovinj-rovigno.hr\/komunalni-sustav\/komunalno-gospodarstvo\/\"]}]},{\"@type\":\"BreadcrumbList\",\"@id\":\"https:\/\/www.rovinj-rovigno.hr\/komunalni-sustav\/komunalno-gospodarstvo\/#breadcrumb\",\"itemListElement\":[{\"@type\":\"ListItem\",\"position\":1,\"name\":\"Po\u010detna stranica\",\"item\":\"https:\/\/www.rovinj-rovigno.hr\/\"},{\"@type\":\"ListItem\",\"position\":2,\"name\":\"Komunalni sustav\",\"item\":\"https:\/\/www.rovinj-rovigno.hr\/komunalni-sustav\/\"},{\"@type\":\"ListItem\",\"position\":3,\"name\":\"Komunalno gospodarstvo\"}]},{\"@type\":\"WebSite\",\"@id\":\"https:\/\/www.rovinj-rovigno.hr\/#website\",\"url\":\"https:\/\/www.rovinj-rovigno.hr\/\",\"name\":\"Citta di Rovinj-Rovigno\",\"description\":\"Sito ufficiale della Citta di Rovinj-Rovigno\",\"potentialAction\":[{\"@type\":\"SearchAction\",\"target\":{\"@type\":\"EntryPoint\",\"urlTemplate\":\"https:\/\/www.rovinj-rovigno.hr\/?s={search_term_string}\"},\"query-input\":\"required name=search_term_string\"}],\"inLanguage\":\"it-IT\"}]}<\/script>\n<!-- \/ Yoast SEO plugin. -->","yoast_head_json":{"title":"Economia comunale - Citta di Rovinj-Rovigno","robots":{"index":"index","follow":"follow","max-snippet":"max-snippet:-1","max-image-preview":"max-image-preview:large","max-video-preview":"max-video-preview:-1"},"canonical":"https:\/\/www.rovinj-rovigno.hr\/komunalni-sustav\/komunalno-gospodarstvo\/","og_locale":"it_IT","og_type":"article","og_title":"Economia comunale - Citta di Rovinj-Rovigno","og_description":"La Legge sugli affari comunali (GU, nn. 68\/18 i 110\/18) definisce i principi, le modalit\u00e0 d\u2019espletamento e di finanziamento degli affari comunali, nonch\u00e9 tutte le altre questioni legate ai medesimi. Per affari comunali si sottintende l\u2019espletamento delle attivit\u00e0 comunali, e soprattutto l\u2019offerta di servizi comunali d\u2019interesse per le persone fisiche e giuridiche, nonch\u00e9 il finanziamento [&hellip;]","og_url":"https:\/\/www.rovinj-rovigno.hr\/komunalni-sustav\/komunalno-gospodarstvo\/","og_site_name":"Citta di Rovinj-Rovigno","article_modified_time":"2025-09-15T11:05:32+00:00","twitter_card":"summary_large_image","twitter_misc":{"Tempo di lettura stimato":"2 minuti"},"schema":{"@context":"https:\/\/schema.org","@graph":[{"@type":"WebPage","@id":"https:\/\/www.rovinj-rovigno.hr\/komunalni-sustav\/komunalno-gospodarstvo\/","url":"https:\/\/www.rovinj-rovigno.hr\/komunalni-sustav\/komunalno-gospodarstvo\/","name":"Economia comunale - Citta di Rovinj-Rovigno","isPartOf":{"@id":"https:\/\/www.rovinj-rovigno.hr\/#website"},"datePublished":"2016-11-28T13:28:05+00:00","dateModified":"2025-09-15T11:05:32+00:00","breadcrumb":{"@id":"https:\/\/www.rovinj-rovigno.hr\/komunalni-sustav\/komunalno-gospodarstvo\/#breadcrumb"},"inLanguage":"it-IT","potentialAction":[{"@type":"ReadAction","target":["https:\/\/www.rovinj-rovigno.hr\/komunalni-sustav\/komunalno-gospodarstvo\/"]}]},{"@type":"BreadcrumbList","@id":"https:\/\/www.rovinj-rovigno.hr\/komunalni-sustav\/komunalno-gospodarstvo\/#breadcrumb","itemListElement":[{"@type":"ListItem","position":1,"name":"Po\u010detna stranica","item":"https:\/\/www.rovinj-rovigno.hr\/"},{"@type":"ListItem","position":2,"name":"Komunalni sustav","item":"https:\/\/www.rovinj-rovigno.hr\/komunalni-sustav\/"},{"@type":"ListItem","position":3,"name":"Komunalno gospodarstvo"}]},{"@type":"WebSite","@id":"https:\/\/www.rovinj-rovigno.hr\/#website","url":"https:\/\/www.rovinj-rovigno.hr\/","name":"Citta di Rovinj-Rovigno","description":"Sito ufficiale della Citta di Rovinj-Rovigno","potentialAction":[{"@type":"SearchAction","target":{"@type":"EntryPoint","urlTemplate":"https:\/\/www.rovinj-rovigno.hr\/?s={search_term_string}"},"query-input":"required name=search_term_string"}],"inLanguage":"it-IT"}]}},"_links":{"self":[{"href":"https:\/\/www.rovinj-rovigno.hr\/it\/wp-json\/wp\/v2\/pages\/593"}],"collection":[{"href":"https:\/\/www.rovinj-rovigno.hr\/it\/wp-json\/wp\/v2\/pages"}],"about":[{"href":"https:\/\/www.rovinj-rovigno.hr\/it\/wp-json\/wp\/v2\/types\/page"}],"author":[{"embeddable":true,"href":"https:\/\/www.rovinj-rovigno.hr\/it\/wp-json\/wp\/v2\/users\/2"}],"replies":[{"embeddable":true,"href":"https:\/\/www.rovinj-rovigno.hr\/it\/wp-json\/wp\/v2\/comments?post=593"}],"version-history":[{"count":1,"href":"https:\/\/www.rovinj-rovigno.hr\/it\/wp-json\/wp\/v2\/pages\/593\/revisions"}],"predecessor-version":[{"id":46217,"href":"https:\/\/www.rovinj-rovigno.hr\/it\/wp-json\/wp\/v2\/pages\/593\/revisions\/46217"}],"up":[{"embeddable":true,"href":"https:\/\/www.rovinj-rovigno.hr\/it\/wp-json\/wp\/v2\/pages\/49"}],"wp:attachment":[{"href":"https:\/\/www.rovinj-rovigno.hr\/it\/wp-json\/wp\/v2\/media?parent=593"}],"curies":[{"name":"wp","href":"https:\/\/api.w.org\/{rel}","templated":true}]}}