{"id":587,"date":"2016-11-28T13:25:57","date_gmt":"2016-11-28T13:25:57","guid":{"rendered":"http:\/\/rovinjhr.lin53.host25.com\/?page_id=587"},"modified":"2019-11-11T20:38:30","modified_gmt":"2019-11-11T18:38:30","slug":"kucni-ljubimci","status":"publish","type":"page","link":"https:\/\/www.rovinj-rovigno.hr\/it\/sistema-comunale\/hrvatski-komunalni-red\/hrvatski-kucni-ljubimci\/","title":{"rendered":"Animali domestici"},"content":{"rendered":"<p>Attuando il controllo in conformit\u00e0 con la\u00a0 <strong>Delibera sulle condizioni e le modalit\u00e0 di possesso degli animali domestici e altri animali, le modalit\u00e0 di controllo della loro riproduzione, le condizioni e le modalit\u00e0 di tenuta al guinzaglio dei cani e di altri animali, nonch\u00e9 le modalit\u00e0 di trattamento degli animali abbandonati e smarriti <\/strong><strong>( Bollettino ufficiale n. 10\/13)\u00a0<\/strong>e il\u00a0<strong>Regolamento sulle zone dove non \u00e8 necessario tenere i cani al guinzaglio e sulle spiagge per i cani (Bollettino ufficiale n. 1\/14)\u00a0<\/strong>le guardie comunali controllano chi:<\/p>\n<ul>\n<li>porta gli animali domestici negli edifici di destinazione pubblica,<\/li>\n<li>non mette su un posto ben visibile la scritta CANE PERICOLOSO,<\/li>\n<li>non pulisce il giardino o lo spazio attorno all\u2019edificio sporcato dal cane,<\/li>\n<li>organizza le lotte dei cani oppure svolge il commercio dei cani sulle aree pubbliche,<\/li>\n<li>conduce il cane senza guinzaglio nei luoghi dov\u2019\u00e8 vietato,<\/li>\n<li>conduce sulle aree pubbliche i cani non registrati e non contrassegnati,<\/li>\n<li>conduce il cane contrariamente alle condizioni prescritte dal Regolamento,<\/li>\n<li>istiga i cani sulle persone e disturba il movimento e la sicurezza delle persone sulle aree pubbliche,<\/li>\n<li>conduce i cani pericolosi sull\u2019area pubblica senza guinzaglio e museruola,<\/li>\n<li>conduce i cani da caccia sull\u2019area pubblica senza guinzaglio e museruola<\/li>\n<li>non pulisce ossia non mette in ordine l\u2019area pubblica che viene in qualsiasi modo sporcata o disordinata dal cane,<\/li>\n<li>non porta con s\u00e9 i sacchetti e l\u2019occorrente per pulire l\u2019area pubblica sporcata dall\u2019animale domestico,<\/li>\n<li>tiene il cane o l\u2019animale domestico nell\u2019automobile senza il controllo assicurato,<\/li>\n<li>conduce il cane sulla superficie pubblico-stradale (con o senza guinzaglio) quando guida la bicicletta o un altro veicolo a motore,<\/li>\n<li>tiene gli animali domestici nella parte ristretta della citt\u00e0\/dell\u2019abitato.<\/li>\n<\/ul>\n<p>La guardia comunale\u00a0<strong>non ha le competenze<\/strong>\u00a0dell&#8217;ispezione veterinaria che:<\/p>\n<ul>\n<li>controlla le condizioni e le modalit\u00e0 di trattamento degli animali domestici, qualora la guardia comunale constatasse che non pu\u00f2 accertare da sola se esistono le circostanze che indicano che il possessore dell&#8217;animale domestico non ha assicurato le condizioni di tenuta dell&#8217;animale domestico in conformit\u00e0 con i suoi bisogni, in questo caso l&#8217;ispezione veterinaria ha l&#8217;obbligo di accertare tali circostanze e intraprendere le misure adeguate, che comprendono infliggere le multe ma anche la misura protettiva ossia togliere l&#8217;animale domestico (le guardie comunale non hanno questa facolt\u00e0 ),<\/li>\n<li>stabilisce quando un cane si reputa pericoloso e attua i procedimenti prescritti nel Regolamento sui cani pericolosi e in collaborazione con la Polizia partecipa nei procedimenti in seguito a denunce di aggressioni da parte di cani, quando aggrediscono l&#8217;uomo ma anche altri animali,<\/li>\n<li>effettua il controllo di cani, gatti e furetti addomesticati, che devono essere iscritti nel Registro degli animali domestici, e le loro vaccinazioni,<\/li>\n<li>effettua il controllo sul lavoro dei rifugi per animali in merito al collocamento, le modalit\u00e0 di costruzione, dell&#8217;attrezzatura e le modalit\u00e0 di lavoro e intraprende nei loro confronti le adeguate misure amministrative e infligge le multe prescritte dalla Legge sulla tutela degli animali.<\/li>\n<\/ul>\n<p><\/p>","protected":false},"excerpt":{"rendered":"<p>Attuando il controllo in conformit\u00e0 con la\u00a0 Delibera sulle condizioni e le modalit\u00e0 di possesso degli animali domestici e altri animali, le modalit\u00e0 di controllo della loro riproduzione, le condizioni e le modalit\u00e0 di tenuta al guinzaglio dei cani e di altri animali, nonch\u00e9 le modalit\u00e0 di trattamento degli animali abbandonati e smarriti ( Bollettino [&hellip;]<\/p>\n","protected":false},"author":2,"featured_media":0,"parent":575,"menu_order":56,"comment_status":"closed","ping_status":"closed","template":"","meta":[],"yoast_head":"<!-- This site is optimized with the Yoast SEO plugin v21.8.1 - https:\/\/yoast.com\/wordpress\/plugins\/seo\/ -->\n<title>Animali domestici - Citta di Rovinj-Rovigno<\/title>\n<meta name=\"robots\" content=\"index, follow, max-snippet:-1, max-image-preview:large, max-video-preview:-1\" \/>\n<link rel=\"canonical\" href=\"https:\/\/www.rovinj-rovigno.hr\/komunalni-sustav\/komunalni-red\/kucni-ljubimci\/\" \/>\n<meta property=\"og:locale\" content=\"it_IT\" \/>\n<meta property=\"og:type\" content=\"article\" \/>\n<meta property=\"og:title\" content=\"Animali domestici - Citta di Rovinj-Rovigno\" \/>\n<meta property=\"og:description\" content=\"Attuando il controllo in conformit\u00e0 con la\u00a0 Delibera sulle condizioni e le modalit\u00e0 di possesso degli animali domestici e altri animali, le modalit\u00e0 di controllo della loro riproduzione, le condizioni e le modalit\u00e0 di tenuta al guinzaglio dei cani e di altri animali, nonch\u00e9 le modalit\u00e0 di trattamento degli animali abbandonati e smarriti ( Bollettino [&hellip;]\" \/>\n<meta property=\"og:url\" content=\"https:\/\/www.rovinj-rovigno.hr\/komunalni-sustav\/komunalni-red\/kucni-ljubimci\/\" \/>\n<meta property=\"og:site_name\" content=\"Citta di Rovinj-Rovigno\" \/>\n<meta property=\"article:modified_time\" content=\"2019-11-11T18:38:30+00:00\" \/>\n<meta name=\"twitter:card\" content=\"summary_large_image\" \/>\n<meta name=\"twitter:label1\" content=\"Tempo di lettura stimato\" \/>\n\t<meta name=\"twitter:data1\" content=\"5 minuti\" \/>\n<script type=\"application\/ld+json\" class=\"yoast-schema-graph\">{\"@context\":\"https:\/\/schema.org\",\"@graph\":[{\"@type\":\"WebPage\",\"@id\":\"https:\/\/www.rovinj-rovigno.hr\/komunalni-sustav\/komunalni-red\/kucni-ljubimci\/\",\"url\":\"https:\/\/www.rovinj-rovigno.hr\/komunalni-sustav\/komunalni-red\/kucni-ljubimci\/\",\"name\":\"Animali domestici - Citta di Rovinj-Rovigno\",\"isPartOf\":{\"@id\":\"https:\/\/www.rovinj-rovigno.hr\/#website\"},\"datePublished\":\"2016-11-28T13:25:57+00:00\",\"dateModified\":\"2019-11-11T18:38:30+00:00\",\"breadcrumb\":{\"@id\":\"https:\/\/www.rovinj-rovigno.hr\/komunalni-sustav\/komunalni-red\/kucni-ljubimci\/#breadcrumb\"},\"inLanguage\":\"it-IT\",\"potentialAction\":[{\"@type\":\"ReadAction\",\"target\":[\"https:\/\/www.rovinj-rovigno.hr\/komunalni-sustav\/komunalni-red\/kucni-ljubimci\/\"]}]},{\"@type\":\"BreadcrumbList\",\"@id\":\"https:\/\/www.rovinj-rovigno.hr\/komunalni-sustav\/komunalni-red\/kucni-ljubimci\/#breadcrumb\",\"itemListElement\":[{\"@type\":\"ListItem\",\"position\":1,\"name\":\"Po\u010detna stranica\",\"item\":\"https:\/\/www.rovinj-rovigno.hr\/\"},{\"@type\":\"ListItem\",\"position\":2,\"name\":\"Komunalni sustav\",\"item\":\"https:\/\/www.rovinj-rovigno.hr\/komunalni-sustav\/\"},{\"@type\":\"ListItem\",\"position\":3,\"name\":\"Komunalni red\",\"item\":\"https:\/\/www.rovinj-rovigno.hr\/komunalni-sustav\/komunalni-red\/\"},{\"@type\":\"ListItem\",\"position\":4,\"name\":\"Ku\u0107ni ljubimci\"}]},{\"@type\":\"WebSite\",\"@id\":\"https:\/\/www.rovinj-rovigno.hr\/#website\",\"url\":\"https:\/\/www.rovinj-rovigno.hr\/\",\"name\":\"Citta di Rovinj-Rovigno\",\"description\":\"Sito ufficiale della Citta di Rovinj-Rovigno\",\"potentialAction\":[{\"@type\":\"SearchAction\",\"target\":{\"@type\":\"EntryPoint\",\"urlTemplate\":\"https:\/\/www.rovinj-rovigno.hr\/?s={search_term_string}\"},\"query-input\":\"required name=search_term_string\"}],\"inLanguage\":\"it-IT\"}]}<\/script>\n<!-- \/ Yoast SEO plugin. -->","yoast_head_json":{"title":"Animali domestici - Citta di Rovinj-Rovigno","robots":{"index":"index","follow":"follow","max-snippet":"max-snippet:-1","max-image-preview":"max-image-preview:large","max-video-preview":"max-video-preview:-1"},"canonical":"https:\/\/www.rovinj-rovigno.hr\/komunalni-sustav\/komunalni-red\/kucni-ljubimci\/","og_locale":"it_IT","og_type":"article","og_title":"Animali domestici - Citta di Rovinj-Rovigno","og_description":"Attuando il controllo in conformit\u00e0 con la\u00a0 Delibera sulle condizioni e le modalit\u00e0 di possesso degli animali domestici e altri animali, le modalit\u00e0 di controllo della loro riproduzione, le condizioni e le modalit\u00e0 di tenuta al guinzaglio dei cani e di altri animali, nonch\u00e9 le modalit\u00e0 di trattamento degli animali abbandonati e smarriti ( Bollettino [&hellip;]","og_url":"https:\/\/www.rovinj-rovigno.hr\/komunalni-sustav\/komunalni-red\/kucni-ljubimci\/","og_site_name":"Citta di Rovinj-Rovigno","article_modified_time":"2019-11-11T18:38:30+00:00","twitter_card":"summary_large_image","twitter_misc":{"Tempo di lettura stimato":"5 minuti"},"schema":{"@context":"https:\/\/schema.org","@graph":[{"@type":"WebPage","@id":"https:\/\/www.rovinj-rovigno.hr\/komunalni-sustav\/komunalni-red\/kucni-ljubimci\/","url":"https:\/\/www.rovinj-rovigno.hr\/komunalni-sustav\/komunalni-red\/kucni-ljubimci\/","name":"Animali domestici - Citta di Rovinj-Rovigno","isPartOf":{"@id":"https:\/\/www.rovinj-rovigno.hr\/#website"},"datePublished":"2016-11-28T13:25:57+00:00","dateModified":"2019-11-11T18:38:30+00:00","breadcrumb":{"@id":"https:\/\/www.rovinj-rovigno.hr\/komunalni-sustav\/komunalni-red\/kucni-ljubimci\/#breadcrumb"},"inLanguage":"it-IT","potentialAction":[{"@type":"ReadAction","target":["https:\/\/www.rovinj-rovigno.hr\/komunalni-sustav\/komunalni-red\/kucni-ljubimci\/"]}]},{"@type":"BreadcrumbList","@id":"https:\/\/www.rovinj-rovigno.hr\/komunalni-sustav\/komunalni-red\/kucni-ljubimci\/#breadcrumb","itemListElement":[{"@type":"ListItem","position":1,"name":"Po\u010detna stranica","item":"https:\/\/www.rovinj-rovigno.hr\/"},{"@type":"ListItem","position":2,"name":"Komunalni sustav","item":"https:\/\/www.rovinj-rovigno.hr\/komunalni-sustav\/"},{"@type":"ListItem","position":3,"name":"Komunalni red","item":"https:\/\/www.rovinj-rovigno.hr\/komunalni-sustav\/komunalni-red\/"},{"@type":"ListItem","position":4,"name":"Ku\u0107ni ljubimci"}]},{"@type":"WebSite","@id":"https:\/\/www.rovinj-rovigno.hr\/#website","url":"https:\/\/www.rovinj-rovigno.hr\/","name":"Citta di Rovinj-Rovigno","description":"Sito ufficiale della Citta di Rovinj-Rovigno","potentialAction":[{"@type":"SearchAction","target":{"@type":"EntryPoint","urlTemplate":"https:\/\/www.rovinj-rovigno.hr\/?s={search_term_string}"},"query-input":"required name=search_term_string"}],"inLanguage":"it-IT"}]}},"_links":{"self":[{"href":"https:\/\/www.rovinj-rovigno.hr\/it\/wp-json\/wp\/v2\/pages\/587"}],"collection":[{"href":"https:\/\/www.rovinj-rovigno.hr\/it\/wp-json\/wp\/v2\/pages"}],"about":[{"href":"https:\/\/www.rovinj-rovigno.hr\/it\/wp-json\/wp\/v2\/types\/page"}],"author":[{"embeddable":true,"href":"https:\/\/www.rovinj-rovigno.hr\/it\/wp-json\/wp\/v2\/users\/2"}],"replies":[{"embeddable":true,"href":"https:\/\/www.rovinj-rovigno.hr\/it\/wp-json\/wp\/v2\/comments?post=587"}],"version-history":[{"count":0,"href":"https:\/\/www.rovinj-rovigno.hr\/it\/wp-json\/wp\/v2\/pages\/587\/revisions"}],"up":[{"embeddable":true,"href":"https:\/\/www.rovinj-rovigno.hr\/it\/wp-json\/wp\/v2\/pages\/575"}],"wp:attachment":[{"href":"https:\/\/www.rovinj-rovigno.hr\/it\/wp-json\/wp\/v2\/media?parent=587"}],"curies":[{"name":"wp","href":"https:\/\/api.w.org\/{rel}","templated":true}]}}