{"id":564,"date":"2016-11-28T11:08:56","date_gmt":"2016-11-28T11:08:56","guid":{"rendered":"http:\/\/rovinjhr.lin53.host25.com\/?page_id=564"},"modified":"2025-11-04T23:09:12","modified_gmt":"2025-11-04T21:09:12","slug":"kvaliteta-zraka-mora","status":"publish","type":"page","link":"https:\/\/www.rovinj-rovigno.hr\/it\/hrvatski-prostorno-uredenje-gradnja-i-okolis\/hrvatski-kvaliteta-zraka-i-mora\/","title":{"rendered":"Qualit\u00e0 dell&#8217;aria e del mare"},"content":{"rendered":"<p><strong>Qualit\u00e0 dell&#8217;aria<\/strong><\/p>\n<p>La qualit\u00e0 dell&#8217;aria si segue a livello statale e locale attraverso la rete delle stazioni per la misurazione, e questi dati si utilizzano per seguire e valutare la qualit\u00e0 dell\u2019aria per poi proporre\u00a0 le misure per impedire e\u00a0 diminuire l\u2019inquinamento dell\u2019aria. La rete statale per controllare la qualit\u00e0 dell\u2019aria comprende 20 stazioni per seguire la qualit\u00e0 dell\u2019aria. La sezione per la qualit\u00e0 dell\u2019aria svolge i lavori di raccolta dei dati sull\u2019aria, di elaborazione dei dati, segue la situazione dell\u2019ambiente e stende le relazioni sull\u2019aria. La sezione dirige e coordina il Sistema informatico unico di protezione dell\u2019aria, che \u00e8 parte integrante del Sistema informatico di tutela dell\u2019ambiente. L\u2019Agenzia per la tutela dell\u2019ambiente come membro dell\u2019Agenzia europea per la tutela dell\u2019ambiente, recapita i dati sull\u2019aria alla Rete informatica e di osservazione europea per la tutela dell\u2019ambiente. I dati dalla rete statale e locale vengono pubblicati nella relazione annuale sul controllo della qualit\u00e0 dell\u2019aria nel territorio della Repubblica di Croazia che viene redatta dall\u2019Agenzia per la tutela dell\u2019ambiente.<br \/>\nI risultati delle misurazioni della qualit\u00e0 dell\u2019aria vengono pubblicati ogni giorno sul sito internet del Ministero per la tutela dell\u2019ambiente e della natura, e si\u00a0 possono seguire su: <a href=\"http:\/\/iszz.azo.hr\/iskzl\/index.html\">http:\/\/iszz.azo.hr\/iskzl\/index.html<\/a><\/p>\n<p><strong>Qualit\u00e0 del mare<\/strong><\/p>\n<p>L&#8217;Istria e suoi abitanti sono da sempre orientati verso il mare poich\u00e9 la costa \u00e8 lunga 469,5 chilometri. Il mare che da tre parti bagna la costa istriana \u00e8 conosciuto oggi come uno dei mari pi\u00f9 belli e puliti al mondo. All\u2019inizio di maggio inizia ogni anno il controllo regolare della qualit\u00e0 del mare sulle spiagge croate. Il controllo viene effettuato ogni 15 giorni, e i risultati vengono pubblicati regolarmente. In Istria vengono controllate 203 spiagge, e le analisi attuali hanno dimostrato l\u2019alta qualit\u00e0 del mare.<br \/>\nIn base all&#8217;esperienza annuale di controllo sanitario della qualit\u00e0 del mare sulle spiagge sono stati introdotti i criteri interni per la valutazione del mare secondo i quali il mare viene valutati in quattro tipi , indicati con quattro colori: mare di alta qualit\u00e0 (colore blu), mare adatto per la balneazione (colore verde), inquinamento moderato del mare (colore giallo) e inquinamento forte del mare (colore rosso). Questi criteri sono stati introdotti con l\u2019obiettivo di separare e rilevare i territori in cui il mare \u00e8 molto pulito. Per la valutazione sono importanti l\u2019aspetto del mare, la trasparenza, i rifiuti, i grassi minerali, vengono presi in considerazioni anche i valori del pH e la temperatura. La qualit\u00e0 del mare su tutta la costa adriatica e nello spazio insulare si controlla dal 1998.<br \/>\nI risultati delle misurazioni della qualit\u00e0 del mare sulle spiagge nel territorio della Citt\u00e0 di Rovinj-Rovigno si possono seguire sulle seguenti pagine:<br \/>\n<a href=\"http:\/\/baltazar.izor.hr\/plazepub\/kakvoca_detalji10\">http:\/\/baltazar.izor.hr\/plazepub\/kakvoca_detalji10<\/a><\/p>","protected":false},"excerpt":{"rendered":"<p>Qualit\u00e0 dell&#8217;aria La qualit\u00e0 dell&#8217;aria si segue a livello statale e locale attraverso la rete delle stazioni per la misurazione, e questi dati si utilizzano per seguire e valutare la qualit\u00e0 dell\u2019aria per poi proporre\u00a0 le misure per impedire e\u00a0 diminuire l\u2019inquinamento dell\u2019aria. La rete statale per controllare la qualit\u00e0 dell\u2019aria comprende 20 stazioni per [&hellip;]<\/p>\n","protected":false},"author":2,"featured_media":0,"parent":21,"menu_order":65,"comment_status":"closed","ping_status":"closed","template":"","meta":[],"yoast_head":"<!-- This site is optimized with the Yoast SEO plugin v21.8.1 - https:\/\/yoast.com\/wordpress\/plugins\/seo\/ -->\n<title>Qualit\u00e0 dell&#039;aria e del mare - Citta di Rovinj-Rovigno<\/title>\n<meta name=\"robots\" content=\"index, follow, max-snippet:-1, max-image-preview:large, max-video-preview:-1\" \/>\n<link rel=\"canonical\" href=\"https:\/\/www.rovinj-rovigno.hr\/prostorno-uredenje-gradnja-i-okolis\/kvaliteta-zraka-i-mora\/\" \/>\n<meta property=\"og:locale\" content=\"it_IT\" \/>\n<meta property=\"og:type\" content=\"article\" \/>\n<meta property=\"og:title\" content=\"Qualit\u00e0 dell&#039;aria e del mare - Citta di Rovinj-Rovigno\" \/>\n<meta property=\"og:description\" content=\"Qualit\u00e0 dell&#8217;aria La qualit\u00e0 dell&#8217;aria si segue a livello statale e locale attraverso la rete delle stazioni per la misurazione, e questi dati si utilizzano per seguire e valutare la qualit\u00e0 dell\u2019aria per poi proporre\u00a0 le misure per impedire e\u00a0 diminuire l\u2019inquinamento dell\u2019aria. La rete statale per controllare la qualit\u00e0 dell\u2019aria comprende 20 stazioni per [&hellip;]\" \/>\n<meta property=\"og:url\" content=\"https:\/\/www.rovinj-rovigno.hr\/prostorno-uredenje-gradnja-i-okolis\/kvaliteta-zraka-i-mora\/\" \/>\n<meta property=\"og:site_name\" content=\"Citta di Rovinj-Rovigno\" \/>\n<meta property=\"article:modified_time\" content=\"2025-11-04T21:09:12+00:00\" \/>\n<meta name=\"twitter:card\" content=\"summary_large_image\" \/>\n<meta name=\"twitter:label1\" content=\"Tempo di lettura stimato\" \/>\n\t<meta name=\"twitter:data1\" content=\"3 minuti\" \/>\n<script type=\"application\/ld+json\" class=\"yoast-schema-graph\">{\"@context\":\"https:\/\/schema.org\",\"@graph\":[{\"@type\":\"WebPage\",\"@id\":\"https:\/\/www.rovinj-rovigno.hr\/prostorno-uredenje-gradnja-i-okolis\/kvaliteta-zraka-i-mora\/\",\"url\":\"https:\/\/www.rovinj-rovigno.hr\/prostorno-uredenje-gradnja-i-okolis\/kvaliteta-zraka-i-mora\/\",\"name\":\"Qualit\u00e0 dell'aria e del mare - Citta di Rovinj-Rovigno\",\"isPartOf\":{\"@id\":\"https:\/\/www.rovinj-rovigno.hr\/#website\"},\"datePublished\":\"2016-11-28T11:08:56+00:00\",\"dateModified\":\"2025-11-04T21:09:12+00:00\",\"breadcrumb\":{\"@id\":\"https:\/\/www.rovinj-rovigno.hr\/prostorno-uredenje-gradnja-i-okolis\/kvaliteta-zraka-i-mora\/#breadcrumb\"},\"inLanguage\":\"it-IT\",\"potentialAction\":[{\"@type\":\"ReadAction\",\"target\":[\"https:\/\/www.rovinj-rovigno.hr\/prostorno-uredenje-gradnja-i-okolis\/kvaliteta-zraka-i-mora\/\"]}]},{\"@type\":\"BreadcrumbList\",\"@id\":\"https:\/\/www.rovinj-rovigno.hr\/prostorno-uredenje-gradnja-i-okolis\/kvaliteta-zraka-i-mora\/#breadcrumb\",\"itemListElement\":[{\"@type\":\"ListItem\",\"position\":1,\"name\":\"Po\u010detna stranica\",\"item\":\"https:\/\/www.rovinj-rovigno.hr\/\"},{\"@type\":\"ListItem\",\"position\":2,\"name\":\"Prostorno ure\u0111enje, gradnja i okoli\u0161\",\"item\":\"https:\/\/www.rovinj-rovigno.hr\/prostorno-uredenje-gradnja-i-okolis\/\"},{\"@type\":\"ListItem\",\"position\":3,\"name\":\"Kvaliteta zraka i mora\"}]},{\"@type\":\"WebSite\",\"@id\":\"https:\/\/www.rovinj-rovigno.hr\/#website\",\"url\":\"https:\/\/www.rovinj-rovigno.hr\/\",\"name\":\"Citta di Rovinj-Rovigno\",\"description\":\"Sito ufficiale della Citta di Rovinj-Rovigno\",\"potentialAction\":[{\"@type\":\"SearchAction\",\"target\":{\"@type\":\"EntryPoint\",\"urlTemplate\":\"https:\/\/www.rovinj-rovigno.hr\/?s={search_term_string}\"},\"query-input\":\"required name=search_term_string\"}],\"inLanguage\":\"it-IT\"}]}<\/script>\n<!-- \/ Yoast SEO plugin. -->","yoast_head_json":{"title":"Qualit\u00e0 dell'aria e del mare - Citta di Rovinj-Rovigno","robots":{"index":"index","follow":"follow","max-snippet":"max-snippet:-1","max-image-preview":"max-image-preview:large","max-video-preview":"max-video-preview:-1"},"canonical":"https:\/\/www.rovinj-rovigno.hr\/prostorno-uredenje-gradnja-i-okolis\/kvaliteta-zraka-i-mora\/","og_locale":"it_IT","og_type":"article","og_title":"Qualit\u00e0 dell'aria e del mare - Citta di Rovinj-Rovigno","og_description":"Qualit\u00e0 dell&#8217;aria La qualit\u00e0 dell&#8217;aria si segue a livello statale e locale attraverso la rete delle stazioni per la misurazione, e questi dati si utilizzano per seguire e valutare la qualit\u00e0 dell\u2019aria per poi proporre\u00a0 le misure per impedire e\u00a0 diminuire l\u2019inquinamento dell\u2019aria. La rete statale per controllare la qualit\u00e0 dell\u2019aria comprende 20 stazioni per [&hellip;]","og_url":"https:\/\/www.rovinj-rovigno.hr\/prostorno-uredenje-gradnja-i-okolis\/kvaliteta-zraka-i-mora\/","og_site_name":"Citta di Rovinj-Rovigno","article_modified_time":"2025-11-04T21:09:12+00:00","twitter_card":"summary_large_image","twitter_misc":{"Tempo di lettura stimato":"3 minuti"},"schema":{"@context":"https:\/\/schema.org","@graph":[{"@type":"WebPage","@id":"https:\/\/www.rovinj-rovigno.hr\/prostorno-uredenje-gradnja-i-okolis\/kvaliteta-zraka-i-mora\/","url":"https:\/\/www.rovinj-rovigno.hr\/prostorno-uredenje-gradnja-i-okolis\/kvaliteta-zraka-i-mora\/","name":"Qualit\u00e0 dell'aria e del mare - Citta di Rovinj-Rovigno","isPartOf":{"@id":"https:\/\/www.rovinj-rovigno.hr\/#website"},"datePublished":"2016-11-28T11:08:56+00:00","dateModified":"2025-11-04T21:09:12+00:00","breadcrumb":{"@id":"https:\/\/www.rovinj-rovigno.hr\/prostorno-uredenje-gradnja-i-okolis\/kvaliteta-zraka-i-mora\/#breadcrumb"},"inLanguage":"it-IT","potentialAction":[{"@type":"ReadAction","target":["https:\/\/www.rovinj-rovigno.hr\/prostorno-uredenje-gradnja-i-okolis\/kvaliteta-zraka-i-mora\/"]}]},{"@type":"BreadcrumbList","@id":"https:\/\/www.rovinj-rovigno.hr\/prostorno-uredenje-gradnja-i-okolis\/kvaliteta-zraka-i-mora\/#breadcrumb","itemListElement":[{"@type":"ListItem","position":1,"name":"Po\u010detna stranica","item":"https:\/\/www.rovinj-rovigno.hr\/"},{"@type":"ListItem","position":2,"name":"Prostorno ure\u0111enje, gradnja i okoli\u0161","item":"https:\/\/www.rovinj-rovigno.hr\/prostorno-uredenje-gradnja-i-okolis\/"},{"@type":"ListItem","position":3,"name":"Kvaliteta zraka i mora"}]},{"@type":"WebSite","@id":"https:\/\/www.rovinj-rovigno.hr\/#website","url":"https:\/\/www.rovinj-rovigno.hr\/","name":"Citta di Rovinj-Rovigno","description":"Sito ufficiale della Citta di Rovinj-Rovigno","potentialAction":[{"@type":"SearchAction","target":{"@type":"EntryPoint","urlTemplate":"https:\/\/www.rovinj-rovigno.hr\/?s={search_term_string}"},"query-input":"required name=search_term_string"}],"inLanguage":"it-IT"}]}},"_links":{"self":[{"href":"https:\/\/www.rovinj-rovigno.hr\/it\/wp-json\/wp\/v2\/pages\/564"}],"collection":[{"href":"https:\/\/www.rovinj-rovigno.hr\/it\/wp-json\/wp\/v2\/pages"}],"about":[{"href":"https:\/\/www.rovinj-rovigno.hr\/it\/wp-json\/wp\/v2\/types\/page"}],"author":[{"embeddable":true,"href":"https:\/\/www.rovinj-rovigno.hr\/it\/wp-json\/wp\/v2\/users\/2"}],"replies":[{"embeddable":true,"href":"https:\/\/www.rovinj-rovigno.hr\/it\/wp-json\/wp\/v2\/comments?post=564"}],"version-history":[{"count":1,"href":"https:\/\/www.rovinj-rovigno.hr\/it\/wp-json\/wp\/v2\/pages\/564\/revisions"}],"predecessor-version":[{"id":48278,"href":"https:\/\/www.rovinj-rovigno.hr\/it\/wp-json\/wp\/v2\/pages\/564\/revisions\/48278"}],"up":[{"embeddable":true,"href":"https:\/\/www.rovinj-rovigno.hr\/it\/wp-json\/wp\/v2\/pages\/21"}],"wp:attachment":[{"href":"https:\/\/www.rovinj-rovigno.hr\/it\/wp-json\/wp\/v2\/media?parent=564"}],"curies":[{"name":"wp","href":"https:\/\/api.w.org\/{rel}","templated":true}]}}