{"id":557,"date":"2016-11-28T10:51:53","date_gmt":"2016-11-28T10:51:53","guid":{"rendered":"http:\/\/rovinjhr.lin53.host25.com\/?page_id=557"},"modified":"2017-06-08T21:24:58","modified_gmt":"2017-06-08T19:24:58","slug":"fond-zastite-okolisa-ee","status":"publish","type":"page","link":"https:\/\/www.rovinj-rovigno.hr\/it\/hrvatski-prostorno-uredenje-gradnja-i-okolis\/hrvatski-energetska-ucinkovitost\/hrvatski-fond-zastite-okolisa-i-ee\/","title":{"rendered":"Fondo per la tutela dell\u2019ambiente e l\u2019efficienza energetica"},"content":{"rendered":"<p>Il Fondo per la tutela dell\u2019ambiente e l\u2019efficienza energetica (FZOEU) \u00e8 il luogo principale di raccolta e investimento dei mezzi extra-bilancio nei programmi e progetti di tutela dell\u2019ambiente e della natura, di efficienza energetica e di utilizzo delle fonti di energia rinnovabili.<\/p>\n<p>Nel sistema di gestione e controllo dell\u2019utilizzo degli strumenti strutturali dell\u2019UE nella Repubblica di Croazia, il Fondo detiene il ruolo di Organo intermediario 2 per singoli specifici obiettivi nell\u2019ambito della tutela dell\u2019ambiente e della sostenibilit\u00e0 delle risorse, dei cambiamenti climatici, dell\u2019efficienza energetica e delle fonti di energia rinnovabili.<\/p>\n<p>L\u2019attivit\u00e0 del Fondo comprende lavori legati al finanziamento dei preparativi, della realizzazione e dello sviluppo dei programmi e dei progetti e di attivit\u00e0 similari riguardanti la salvaguardia, l\u2019utilizzo sostenibile, la tutela e il miglioramento dell\u2019ambiente, l\u2019efficienza energetica e l\u2019utilizzo di fonti di energia rinnovabili.<\/p>\n<p>Maggiori informazioni in merito al Fondo sono reperibili sul sito: <a href=\"http:\/\/www.fzoeu.hr\">http:\/\/www.fzoeu.hr<\/a><\/p>","protected":false},"excerpt":{"rendered":"<p>Il Fondo per la tutela dell\u2019ambiente e l\u2019efficienza energetica (FZOEU) \u00e8 il luogo principale di raccolta e investimento dei mezzi extra-bilancio nei programmi e progetti di tutela dell\u2019ambiente e della natura, di efficienza energetica e di utilizzo delle fonti di energia rinnovabili. Nel sistema di gestione e controllo dell\u2019utilizzo degli strumenti strutturali dell\u2019UE nella Repubblica [&hellip;]<\/p>\n","protected":false},"author":2,"featured_media":0,"parent":547,"menu_order":54,"comment_status":"closed","ping_status":"closed","template":"","meta":[],"yoast_head":"<!-- This site is optimized with the Yoast SEO plugin v21.8.1 - https:\/\/yoast.com\/wordpress\/plugins\/seo\/ -->\n<title>Fondo per la tutela dell\u2019ambiente e l\u2019efficienza energetica - Citta di Rovinj-Rovigno<\/title>\n<meta name=\"robots\" content=\"index, follow, max-snippet:-1, max-image-preview:large, max-video-preview:-1\" \/>\n<link rel=\"canonical\" href=\"https:\/\/www.rovinj-rovigno.hr\/prostorno-uredenje-gradnja-i-okolis\/energetska-ucinkovitost\/fond-zastite-okolisa-i-ee\/\" \/>\n<meta property=\"og:locale\" content=\"it_IT\" \/>\n<meta property=\"og:type\" content=\"article\" \/>\n<meta property=\"og:title\" content=\"Fondo per la tutela dell\u2019ambiente e l\u2019efficienza energetica - Citta di Rovinj-Rovigno\" \/>\n<meta property=\"og:description\" content=\"Il Fondo per la tutela dell\u2019ambiente e l\u2019efficienza energetica (FZOEU) \u00e8 il luogo principale di raccolta e investimento dei mezzi extra-bilancio nei programmi e progetti di tutela dell\u2019ambiente e della natura, di efficienza energetica e di utilizzo delle fonti di energia rinnovabili. Nel sistema di gestione e controllo dell\u2019utilizzo degli strumenti strutturali dell\u2019UE nella Repubblica [&hellip;]\" \/>\n<meta property=\"og:url\" content=\"https:\/\/www.rovinj-rovigno.hr\/prostorno-uredenje-gradnja-i-okolis\/energetska-ucinkovitost\/fond-zastite-okolisa-i-ee\/\" \/>\n<meta property=\"og:site_name\" content=\"Citta di Rovinj-Rovigno\" \/>\n<meta property=\"article:modified_time\" content=\"2017-06-08T19:24:58+00:00\" \/>\n<meta name=\"twitter:card\" content=\"summary_large_image\" \/>\n<meta name=\"twitter:label1\" content=\"Tempo di lettura stimato\" \/>\n\t<meta name=\"twitter:data1\" content=\"2 minuti\" \/>\n<script type=\"application\/ld+json\" class=\"yoast-schema-graph\">{\"@context\":\"https:\/\/schema.org\",\"@graph\":[{\"@type\":\"WebPage\",\"@id\":\"https:\/\/www.rovinj-rovigno.hr\/prostorno-uredenje-gradnja-i-okolis\/energetska-ucinkovitost\/fond-zastite-okolisa-i-ee\/\",\"url\":\"https:\/\/www.rovinj-rovigno.hr\/prostorno-uredenje-gradnja-i-okolis\/energetska-ucinkovitost\/fond-zastite-okolisa-i-ee\/\",\"name\":\"Fondo per la tutela dell\u2019ambiente e l\u2019efficienza energetica - Citta di Rovinj-Rovigno\",\"isPartOf\":{\"@id\":\"https:\/\/www.rovinj-rovigno.hr\/#website\"},\"datePublished\":\"2016-11-28T10:51:53+00:00\",\"dateModified\":\"2017-06-08T19:24:58+00:00\",\"breadcrumb\":{\"@id\":\"https:\/\/www.rovinj-rovigno.hr\/prostorno-uredenje-gradnja-i-okolis\/energetska-ucinkovitost\/fond-zastite-okolisa-i-ee\/#breadcrumb\"},\"inLanguage\":\"it-IT\",\"potentialAction\":[{\"@type\":\"ReadAction\",\"target\":[\"https:\/\/www.rovinj-rovigno.hr\/prostorno-uredenje-gradnja-i-okolis\/energetska-ucinkovitost\/fond-zastite-okolisa-i-ee\/\"]}]},{\"@type\":\"BreadcrumbList\",\"@id\":\"https:\/\/www.rovinj-rovigno.hr\/prostorno-uredenje-gradnja-i-okolis\/energetska-ucinkovitost\/fond-zastite-okolisa-i-ee\/#breadcrumb\",\"itemListElement\":[{\"@type\":\"ListItem\",\"position\":1,\"name\":\"Po\u010detna stranica\",\"item\":\"https:\/\/www.rovinj-rovigno.hr\/\"},{\"@type\":\"ListItem\",\"position\":2,\"name\":\"Prostorno ure\u0111enje, gradnja i okoli\u0161\",\"item\":\"https:\/\/www.rovinj-rovigno.hr\/prostorno-uredenje-gradnja-i-okolis\/\"},{\"@type\":\"ListItem\",\"position\":3,\"name\":\"Energetska u\u010dinkovitost\",\"item\":\"https:\/\/www.rovinj-rovigno.hr\/prostorno-uredenje-gradnja-i-okolis\/energetska-ucinkovitost\/\"},{\"@type\":\"ListItem\",\"position\":4,\"name\":\"Fond za za\u0161titu okoli\u0161a i energetsku u\u010dinkovitost\"}]},{\"@type\":\"WebSite\",\"@id\":\"https:\/\/www.rovinj-rovigno.hr\/#website\",\"url\":\"https:\/\/www.rovinj-rovigno.hr\/\",\"name\":\"Citta di Rovinj-Rovigno\",\"description\":\"Sito ufficiale della Citta di Rovinj-Rovigno\",\"potentialAction\":[{\"@type\":\"SearchAction\",\"target\":{\"@type\":\"EntryPoint\",\"urlTemplate\":\"https:\/\/www.rovinj-rovigno.hr\/?s={search_term_string}\"},\"query-input\":\"required name=search_term_string\"}],\"inLanguage\":\"it-IT\"}]}<\/script>\n<!-- \/ Yoast SEO plugin. -->","yoast_head_json":{"title":"Fondo per la tutela dell\u2019ambiente e l\u2019efficienza energetica - Citta di Rovinj-Rovigno","robots":{"index":"index","follow":"follow","max-snippet":"max-snippet:-1","max-image-preview":"max-image-preview:large","max-video-preview":"max-video-preview:-1"},"canonical":"https:\/\/www.rovinj-rovigno.hr\/prostorno-uredenje-gradnja-i-okolis\/energetska-ucinkovitost\/fond-zastite-okolisa-i-ee\/","og_locale":"it_IT","og_type":"article","og_title":"Fondo per la tutela dell\u2019ambiente e l\u2019efficienza energetica - Citta di Rovinj-Rovigno","og_description":"Il Fondo per la tutela dell\u2019ambiente e l\u2019efficienza energetica (FZOEU) \u00e8 il luogo principale di raccolta e investimento dei mezzi extra-bilancio nei programmi e progetti di tutela dell\u2019ambiente e della natura, di efficienza energetica e di utilizzo delle fonti di energia rinnovabili. Nel sistema di gestione e controllo dell\u2019utilizzo degli strumenti strutturali dell\u2019UE nella Repubblica [&hellip;]","og_url":"https:\/\/www.rovinj-rovigno.hr\/prostorno-uredenje-gradnja-i-okolis\/energetska-ucinkovitost\/fond-zastite-okolisa-i-ee\/","og_site_name":"Citta di Rovinj-Rovigno","article_modified_time":"2017-06-08T19:24:58+00:00","twitter_card":"summary_large_image","twitter_misc":{"Tempo di lettura stimato":"2 minuti"},"schema":{"@context":"https:\/\/schema.org","@graph":[{"@type":"WebPage","@id":"https:\/\/www.rovinj-rovigno.hr\/prostorno-uredenje-gradnja-i-okolis\/energetska-ucinkovitost\/fond-zastite-okolisa-i-ee\/","url":"https:\/\/www.rovinj-rovigno.hr\/prostorno-uredenje-gradnja-i-okolis\/energetska-ucinkovitost\/fond-zastite-okolisa-i-ee\/","name":"Fondo per la tutela dell\u2019ambiente e l\u2019efficienza energetica - Citta di Rovinj-Rovigno","isPartOf":{"@id":"https:\/\/www.rovinj-rovigno.hr\/#website"},"datePublished":"2016-11-28T10:51:53+00:00","dateModified":"2017-06-08T19:24:58+00:00","breadcrumb":{"@id":"https:\/\/www.rovinj-rovigno.hr\/prostorno-uredenje-gradnja-i-okolis\/energetska-ucinkovitost\/fond-zastite-okolisa-i-ee\/#breadcrumb"},"inLanguage":"it-IT","potentialAction":[{"@type":"ReadAction","target":["https:\/\/www.rovinj-rovigno.hr\/prostorno-uredenje-gradnja-i-okolis\/energetska-ucinkovitost\/fond-zastite-okolisa-i-ee\/"]}]},{"@type":"BreadcrumbList","@id":"https:\/\/www.rovinj-rovigno.hr\/prostorno-uredenje-gradnja-i-okolis\/energetska-ucinkovitost\/fond-zastite-okolisa-i-ee\/#breadcrumb","itemListElement":[{"@type":"ListItem","position":1,"name":"Po\u010detna stranica","item":"https:\/\/www.rovinj-rovigno.hr\/"},{"@type":"ListItem","position":2,"name":"Prostorno ure\u0111enje, gradnja i okoli\u0161","item":"https:\/\/www.rovinj-rovigno.hr\/prostorno-uredenje-gradnja-i-okolis\/"},{"@type":"ListItem","position":3,"name":"Energetska u\u010dinkovitost","item":"https:\/\/www.rovinj-rovigno.hr\/prostorno-uredenje-gradnja-i-okolis\/energetska-ucinkovitost\/"},{"@type":"ListItem","position":4,"name":"Fond za za\u0161titu okoli\u0161a i energetsku u\u010dinkovitost"}]},{"@type":"WebSite","@id":"https:\/\/www.rovinj-rovigno.hr\/#website","url":"https:\/\/www.rovinj-rovigno.hr\/","name":"Citta di Rovinj-Rovigno","description":"Sito ufficiale della Citta di Rovinj-Rovigno","potentialAction":[{"@type":"SearchAction","target":{"@type":"EntryPoint","urlTemplate":"https:\/\/www.rovinj-rovigno.hr\/?s={search_term_string}"},"query-input":"required name=search_term_string"}],"inLanguage":"it-IT"}]}},"_links":{"self":[{"href":"https:\/\/www.rovinj-rovigno.hr\/it\/wp-json\/wp\/v2\/pages\/557"}],"collection":[{"href":"https:\/\/www.rovinj-rovigno.hr\/it\/wp-json\/wp\/v2\/pages"}],"about":[{"href":"https:\/\/www.rovinj-rovigno.hr\/it\/wp-json\/wp\/v2\/types\/page"}],"author":[{"embeddable":true,"href":"https:\/\/www.rovinj-rovigno.hr\/it\/wp-json\/wp\/v2\/users\/2"}],"replies":[{"embeddable":true,"href":"https:\/\/www.rovinj-rovigno.hr\/it\/wp-json\/wp\/v2\/comments?post=557"}],"version-history":[{"count":0,"href":"https:\/\/www.rovinj-rovigno.hr\/it\/wp-json\/wp\/v2\/pages\/557\/revisions"}],"up":[{"embeddable":true,"href":"https:\/\/www.rovinj-rovigno.hr\/it\/wp-json\/wp\/v2\/pages\/547"}],"wp:attachment":[{"href":"https:\/\/www.rovinj-rovigno.hr\/it\/wp-json\/wp\/v2\/media?parent=557"}],"curies":[{"name":"wp","href":"https:\/\/api.w.org\/{rel}","templated":true}]}}