{"id":541,"date":"2016-11-28T10:42:00","date_gmt":"2016-11-28T10:42:00","guid":{"rendered":"http:\/\/rovinjhr.lin53.host25.com\/?page_id=541"},"modified":"2022-01-13T19:06:13","modified_gmt":"2022-01-13T17:06:13","slug":"uredenje-gradu-rovinju-rovigno","status":"publish","type":"page","link":"https:\/\/www.rovinj-rovigno.hr\/it\/hrvatski-prostorno-uredenje-gradnja-i-okolis\/hrvatski-gospodarenje-otpadom\/hrvatski-uredenje-u-gradu-rovinju-rovigno\/","title":{"rendered":"Organizzazione nella Citt\u00e0 di Rovinj-Rovigno"},"content":{"rendered":"<p><\/p>\n<p align=\"center\"><strong>AVVISO <\/strong><strong>SULLA RACCOLTA DEI RIFIUTI COMUNALI <\/strong><strong>PER LA CITT\u00c0 <\/strong><strong>DI ROVINJ-ROVIGNO<\/strong><\/p>\n<p>Sul territorio della Citta\u2019 di Rovigno i rifiuti vengono raccolti e trasportati a discarica in maniera organizzata, applicando i criteri e le modalita\u2019 prescritte dalla Delibera sulle modalit\u00e0 di prestazione del servizio pubblico di raccolta dei rifiuti comunali misti e biodegradabili nel territorio della Citt\u00e0 di\u00a0 Rovinj-Rovigno (Bollettino ufficiale della Citt\u00e0 di Rovinj-Rovigno, n. 2\/18 e 3\/19).<\/p>\n<p><strong>Chi ha l\u2019obbligo di usufruire del servizio?<\/strong><br \/>\nL\u2019utenza del servizio di raccolta e asporto di rifiuti sul territorio cittadino e\u2019 composta da tutte le persone giuridiche e fisiche proprietarie di stabili e vani d\u2019affari, da inquilini, affittuari e in generale da coloro che usano vani abitativi e di lavoro sul territorio della Citta\u2019. Sono tutti fruitori che hanno l\u2019obbligo di appoggiarsi al Servizio comunale per quella parte di servizio che comprende la raccolta e l\u2019asporto rifiuti, e sono obbligati pure a comunicare al prestatore del servizio in questione l\u2019inizio e la fine dell\u2019esigenza di fruire dello stesso. Il prestatore del servizio comunale effettua la raccolta e il trasporto dei rifiuti secondo un piano ben articolato per vie e giornate.<\/p>\n<p><strong>Che cosa sono i rifiuti comunali?<\/strong><br \/>\nI rifiuti comunali comprendono i rifiuti domestici, quelli che vengono raccolti durante la pulizia di superfici pubbliche e i rifiuti simili a quelli domestici prodotti da attivita\u2019 economiche, istituzionali e di servizio. L\u2019utenza ha l\u2019obbligo di raccogliere le immondizie in appositi raccoglitori tipizzati, in bidoni o sacchetti di plastica facili da maneggiare all\u2019atto della raccolta.<\/p>\n<p><strong>INDICAZIONI SULLO SMALTIMENTO DEI RIFIUTI COMUNALI MISTI<\/strong><\/p>\n<p>L\u2019utente del servizi \u00e8 tenuto a:<\/p>\n<ol start=\"1\" type=\"1\">\n<li>Utilizzare il servizio pubblico e consegnare i rifiuti comunali misti al prestatore del servizio pubblico della zona dove si trova l\u2019immobile dell\u2019utente del servizio,<\/li>\n<li>Permettere al prestatore del servizio pubblico l\u2019accesso al contenitore sul luogo di consegna quando il luogo di consegna non si trova sul suolo pubblico,<\/li>\n<li>Smaltire i rifiuti al luogo di calcolo dell\u2019utente nel modo da non mettere a rischio la salute delle persone e di non spargere i rifiuti attorno al contenitore per non cerare situazioni sgradevoli ad altre persone per la comparsa di emissioni odorigene dei rifiuti,<\/li>\n<li>Rispondere dello smaltimento dei rifiuti e dell\u2019utilizzo del contenitore al luogo di calcolo dell\u2019utente in conformit\u00e0 alla normativa vigente,<\/li>\n<li>Rispondere degli obblighi creati dall\u2019utilizzo reciproco del contenitore assieme agli altri utenti del servizio sullo stesso luogo di calcolo in conformit\u00e0 alla normativa vigente.<\/li>\n<\/ol>\n<p>Nel contenitore per rifiuti comunali si possono smaltire solo i rifiuti comunali. Tutti i rifiuti comunali smaltiti si devono trovare nel contenitore, e il coperchio del contenitore deve essere del tutto chiuso. \u00c8 vietato sovraccaricare ovvero ulteriormente compattare i rifiuti nel contenitore. I rifiuti devono essere smaltiti nel contenitore in modo di uscire completamente contenitore quando si capovolge per svuotarlo. Nei contenitori per rifiuti comunali \u00e8 vietato smaltire: rifiuti riciclabili, rifiuti elettrici ed elettronici, rifiuti ingombranti, metallici, edili, pericolosi (p.es. lampade fluorescenti, lampadine a risparmio energetico, pitture e vernici, solventi, pile e accumulatori ed altri), rifiuti liquidi e semiliquidi, braci, cenere rovente, carcasse di animali e tutte le altre speciali categorie di rifiuti, in conformit\u00e0 alle norme che regolano lo smaltimento dei rifiuti.<\/p>\n<p><strong>Cosa non va fatto con i rifiuti domestici?<\/strong><br \/>\nE\u2019 proibito deporre sacchetti di immondizia aperti o danneggiati su superfici pubbliche o in discarica. L\u2019area circostante i cassonetti e gli altri contenitori per la raccolta dei rifiuti dev\u2019essere sempre pulita e mantenuta tale dai fruitori del servizio comunale. I cassonetti invece vengono mantenuti puliti e integri dal prestatore del servizio di nettezza urbana. E\u2019 un obbligo di tutti i proprietari mantenere puliti i loro con tenitori, lavandoli almeno una volta al mese e riparando oppure sostituendo quelli rotti entro il termine di 7 giorni dalla comparsa del danno.<br \/>\nE\u2019 proibito sparpagliare o gettare qualsiasi tipo di rifiuto accanto a bidoni e sacchetti per la raccolta di rifiuti.<\/p>\n<p><strong>POSIZIONE E ORARIO DI LAVORO DELL\u2019ISOLA ECOLOGICA<\/strong><\/p>\n<p>L\u2019isola ecologica Gripoli\u00a0\u00e8 collocata a Gripoli, Strada per Villa di Rovigno 2\/c.<br \/>\nOrario di lavoro:<\/p>\n<p>luned\u00ec, marted\u00ec, gioved\u00ec, venerd\u00ec, dalle ore 07.00 alle ore 14:00,<br \/>\nmercoled\u00ec dalle ore 10.00 alle 17.00,<br \/>\nSabato alle ore 08.00 dalle ore 13.00, chiuso a festivi e domenica.<\/p>\n<p><strong>INFORMAZIONI SULLE MODALIT\u00c0 DI FUNZIONAMENTO DEL CENTRO DI RACCOLTA<\/strong><\/p>\n<ul type=\"disc\">\n<li>All\u2019ingresso del centro di raccolta, previa esibizione della carta d\u2019identit\u00e0, l\u2019utente \u00e8 tenuto a rivolgersi al personale addetto e a rispettare le indicazioni ricevute<\/li>\n<li>I rifiuti differenziati vanno conferiti in base alla tipologia negli appositi spazi, contenitori o container<\/li>\n<li>I rifiuti indifferenziati vanno separati prima del conferimento negli appositi spazi, contenitori o container sotto la supervisione e in base alle indicazioni del personale addetto<\/li>\n<li>Se l\u2019utente non rispetter\u00e0 le indicazioni fornite dal personale addetto o se il personale addetto noter\u00e0, durante la supervisione, che i rifiuti conferiti non sono stati separati, all\u2019utente sar\u00e0 addebitato il servizio di separazione dei rifiuti<\/li>\n<li>Durante la permanenza presso il centro di raccolta, \u00e8 fatto divieto all\u2019utente di entrare negli altri locali di servizio, depositi, capanni, veicoli e altro<\/li>\n<li>In seguito al conferimento dei rifiuti, l\u2019utente sar\u00e0 invitato ad uscire dal centro di raccolta<\/li>\n<\/ul>\n<p><strong>PIANO DI RACCOLTA RIFIUTI INGOMBRANTI NEL QUADRO DEL SERVIZIO PUBBLICO<\/strong><\/p>\n<p>La raccolta differenziata dei rifiuti ingombranti (solidi) viene effettuata nell\u2019isola ecologica Gripoli all\u2019indirizzo: Strada per Villa di Rovigno 2\/c e tramite interventi occasionali di raccolta rifiuti ingombranti in conformit\u00e0 al Piano di asporto rifiuti ingombranti al luogo di calcolo dell\u2019utente del servizio.<br \/>\nIl prestatore del servizio, nell\u2019ambito del servizio pubblico, raccoglie gratuitamente una volta in un anno solare i rifiuti ingombranti dall\u2019utente del servizio della categoria utenze domestiche al luogo di calcolo, della quantit\u00e0 massima di 2 m3.<br \/>\nL\u2019utente del servizio della categoria utenze domestiche portare anche\u00a0 da solo i rifiuti ingombranti all\u2019sola ecologica e consegnare gratuitamente la quantit\u00e0 di 2 m3 di rifiuti ingombranti.<br \/>\nInoltre, per la raccolta dei rifiuti ingombranti l\u2019utente pu\u00f2 liberamente rivolgersi al Consiglio di amministrazione del SERVIZIO COMUNALE s.r.l. Rovigno, Piazza sul Laco 3\/A allo sportello informazioni, da luned\u00ec a venerd\u00ec nell\u2019orario dalle ore 09.00 alle ore 11.00, al numero di telefono 052-815-757, cell.: 098-435-890 o tramite posta elettronica all\u2019indirizzo: reciklazno.dvoriste@rovinj.hr.<br \/>\nLa raccolta dei rifiuti ingombranti nella citt\u00e0 vecchia si effettua il luned\u00ec e il venerd\u00ec, e nella zona periferica della Citt\u00e0 di Rovinj-Rovigno il marted\u00ec e il venerd\u00ec.<\/p>\n<p><strong>INDICAZIONI SULLO SMALTIMENTO DEI RIFIUTI COMUNALI RICICLABILI<\/strong><\/p>\n<p>Non mischiare i rifiuti differenziati con quelli comunali o con altri tipi di rifiuti perch\u00e9 co si diminuiscono le possibilit\u00e0 di riciclaggio.<\/p>\n<p><strong><u>CARTA \u2013 Contenitore blu<\/u><\/strong><\/p>\n<p>La carta \u00e8 un prodotto formato da un sottile strato di fibre di cellulosa, perlopi\u00f9 di alberi, ma \u00e8 possibile produrla anche da paglia o canna da zucchero.<br \/>\n<strong>Nel contenitore blu si possono conferire<\/strong>:<\/p>\n<ul>\n<li>giornalai e carta da ufficio, riviste, cataloghi, libri non rilegati.<\/li>\n<\/ul>\n<p><strong>Nel contenitore blu non si possono conferire<\/strong>:<\/p>\n<ul>\n<li>carta metallizzata e plastificata, carta carbone, pannolini, fotografie, carta fotografica, tetrapak, carta sporca e unta di olio, carta e cartone bagnati e unti di grasso, resti di carta parati.<\/li>\n<\/ul>\n<p><strong>Perch\u00e9 riciclare la carta?<\/strong><br \/>\nUn foglio di carta \u00e8 possibile riciclarlo quattro a sei volte prime che si decompone del tutto. In confronto con la produzione ordinaria di carta, il riciclaggio diminuisce l\u2019inquinamento dell\u2019acqua del 35% e l\u2019inquinamento dell\u2019aria del 74%. Riciclando la carta salviamo i boschi.<\/p>\n<p><strong><u>VETRO \u2013 Contenitore verde con coperchio giallo<\/u><\/strong><strong><u>\u00a0<\/u><\/strong><\/p>\n<p>Il vetro \u00e8 un importante materiale per il packaging il cui utilizzo \u00e8 diffusissimo nell\u2019industria alimentare e delle bevande. Si consigliano i contenitori in vetro perch\u00e9 \u00e8 del tutto impermeabile e non influisce sulla freschezza del prodotto che contiene, \u00e8 naturale ed infiammabile, insolubile in acqua, ed \u00e8 inoltre resistente alla corrosione.<\/p>\n<p><strong>Come riciclare il vetro? <\/strong><\/p>\n<ul>\n<li>sciacquare il contenitore in vetro con acqua per evitare la formazione di odori sgradevoli, rimuovere i coperchi in metallo ed il tappo, non occorre togliere le etichette di carta.<\/li>\n<\/ul>\n<p><strong>Nel contenitore non si possono conferire<\/strong>:<\/p>\n<ul>\n<li>vetro delle finestre e finestrini di automobili, cristalli e vetro ottico, oggetti in porcellana e ceramica, lampadine, vetro proveniente da strutture sanitarie e laboratori, specchi, lampadari e vetro rotto.<\/li>\n<\/ul>\n<p><strong>Perche riciclare il vetro?<\/strong><br \/>\nRiciclando una bottiglia in vetro si risparmia l\u2019energia necessaria ad una lampadina (60 W) per essere accesa 4 ore, ad un computer per essere acceso 30 minuti, ad un televisore per essere acceso 20 minuti. Utilizzando una tonnellata di vetro recuperato si risparmia circa 700 kg di sabbia, 200 kg di calcite e 200 kg di soda e addirittura 30 tonnellate di petrolio.<br \/>\nLe bottiglie in vetro per bevande di pi\u00f9 di 0,2 litri con etichetta vuoto a rendere si restituiscono in negozio che rende la cauzione dell\u2019importo di 0,5 kn per bottiglia.<\/p>\n<p><strong><u>PLASTICA\/METALLO \u2013 Contenitore giallo<\/u><\/strong><strong><u>\u00a0<\/u><\/strong><\/p>\n<p>La plastica \u00e8 un materiale sintetizzando principalmente dal petrolio. Oggi si utilizza praticamente in tutti i settori economici, soprattutto come materia prima per la produzione di confezioni ed altri prodotti per l\u2019uso quotidiano.<br \/>\nI metalli si ricavano da minerali che appartengono alle fonti energetiche non rinnovabili. L\u2019acciaio e l\u2019alluminio costituiscono la maggior parte dei rifiuti metallici nelle utenze domestiche.<br \/>\n<strong>Come riciclare la plastica\/il metallo:<\/strong><br \/>\nSciacquare la plastica con l\u2019acqua, rimuovere i tappi e le etichette, compattare e ordinare.<br \/>\nSciacquare le scatole in metallo e le lattine di bevande e lasciare dentro il coperchio.<\/p>\n<p><strong>Nel contenitore giallo si possono conferire:<\/strong><\/p>\n<ul>\n<li>tetrapak per latte, succhi di frutta&#8230;<\/li>\n<li>sacchetti in polietilene, confezioni di dolcetti e spuntini, film, pellicole, millebolle, bottiglie per olio commestibile,\u00a0 prodotti per la pulizia, confezioni di cosmetici e prodotti per l\u2019igiene personale, flaconi per medicinali, bicchieri e vasi di yogurt, polistirene, piatti e posate in plastica, contenitori per alimenti, lattine, coperchi e tappi in metallo, pellicola in alluminio.<\/li>\n<\/ul>\n<p><strong>Nel contenitore giallo non si possono conferire:<\/strong><\/p>\n<ul>\n<li>contenitori in plastica e lattine con resti di vernici, lacche e olio motore, confezioni in plastica e lattine con resti di sostanze chimiche, lattine e bottiglie di liquidi infiammabili ed esplosivi, bottiglie e lattine sotto pressione, giocattoli in plastica, portafiori, plastica che contiene pile, arredamento da giardino in plastica, lettini, tavoli e sedie in plastica, scatole e rivestimenti in plastica, tubi, fili e utensili in metallo.<\/li>\n<\/ul>\n<p><strong>Perch\u00e9 riciclare la plastica\/il metallo?<\/strong><br \/>\nLe bottiglie in plastica e le lattine di bevande ve\u0107e od 0,2 litri con etichetta vuoto a rendere si \u00a0\u00a0\u00a0\u00a0\u00a0\u00a0\u00a0\u00a0\u00a0\u00a0\u00a0 restituiscono in negozio che rende la cauzione dell\u2019importo di 0,5 kn per bottiglia, ovvero per lattina.<br \/>\nRiciclando la plastica si salvaguardano e proteggono le risorse naturali (petrolio e gas naturale) e \u00a0\u00a0\u00a0\u00a0\u00a0\u00a0\u00a0\u00a0\u00a0\u00a0\u00a0 riciclando si risparmia l\u201984% dell\u2019energia necessaria per la produzione della stessa confezione da \u00a0\u00a0\u00a0\u00a0\u00a0\u00a0\u00a0\u00a0\u00a0\u00a0\u00a0 materie prime.<br \/>\nL\u2019alluminio e l\u2019acciaio non perdono le loro caratteristiche e possono essere riciclati all\u2019infinito. \u00a0\u00a0\u00a0\u00a0\u00a0\u00a0\u00a0\u00a0\u00a0\u00a0\u00a0 Riciclando una lattina si risparmia l\u2019energia necessaria al computer per essere acceso due ore, e con \u00a0\u00a0\u00a0\u00a0\u00a0\u00a0\u00a0\u00a0\u00a0\u00a0\u00a0 500 lattine riciclate si pu\u00f2 costruire una bicicletta.<strong>\u00a0<\/strong><\/p>\n<p><strong>INDICAZIONI SUL COMPOSTAGGIO<\/strong><strong>\u00a0<\/strong><\/p>\n<p>Il compostaggio \u00e8 il processo naturale di decomposizione microbica della parte organica dei rifiuti. Addirittura il 30% dei rifiuti domestici \u00e8 composto da rifiuti organici. Il tempo necessario per il primo compostaggio \u00e8 tra i 6 ed i 12 mesi, dopodich\u00e9 il terriccio ricavato si pu\u00f2 usare per la concimazione del giardino, del frutteto, delle aiuole o del vigneto.<br \/>\n<strong>Cosa compostare<\/strong>:<\/p>\n<ul>\n<li>gusci d\u2019uova, bucce di frutta e verdura, foglie di lattuga, bucce di patate, foglie, rami secchi, fiori secchi e caduti, frutta caduta, resti di verdura, segatura, corteccia, paglia.<\/li>\n<\/ul>\n<p><strong>Cosa non compostare: <\/strong><\/p>\n<ul>\n<li>avanzi di cibo cucinato e liquido, avanzi di carne, ossa e pesci, cenere, gomma, lettiera per gatti, medicinali, sigarette, carta da giornale e riviste a colori, plastica, cellofana, olio, grassi, pile, legno verniciato e laccato, resti di vernici, latticini, prodotti derivati e simili.<\/li>\n<\/ul>\n<p>Proponiamo agli utenti di riciclare \u2013 compostare i loro rifiuti organici nel modo seguente:<\/p>\n<ol start=\"1\" type=\"1\">\n<li>Scegliere un posto \u2013 il posto ideale per il compostaggio \u00e8 secco e all\u2019ombra, riparato il pi\u00f9 possibile dalle precipitazioni,<\/li>\n<li>Aggiungere ingredienti \u2013 in fondo mettere legno sminuzzato (fino a 15 cm), poi uno strato di foglie, uno strato di rifiuti biodegradabili (fino a 20 cm), e tra gli strati un po\u2019 di terra o terriccio e cos\u00ec fino in cima,<\/li>\n<li>Aggiungere acqua \u2013 aggiungere acqua quanto basta e proteggere con un sacco di juta oppure con un altro tessuto,<\/li>\n<li>Smuovere \u2013 il materiale di compostaggio va smosso di tanto in tanto per aerare e accelerare il periodo di compostaggio,<\/li>\n<li>Il compost \u00e8 maturo dai 6 ai 12 mesi, dopo che \u00e8 diventato spugnoso, bruno e con l\u2019odore di sottobosco.<\/li>\n<\/ol>\n<p><strong>RACCOLTA DEI RIFIUTI COMUNALI A RICHIESTA DELL\u2019UTENTE DEL SERVIZIO<\/strong><\/p>\n<p>A richiesta dell\u2019utente del servizio, il prestatore del servizio pubblico raccoglier\u00e0 i rifiuti comunali misti sopra la quantit\u00e0 contratta riscuotendo un indennizzo. Inoltre, riscuotendo un indennizzo, il prestatore del servizio pubblico raccoglier\u00e0 i rifiuti ingombranti della quantit\u00e0 oltre i 2 m3 in un anno solare.<br \/>\n<u>Come e chi contattare per presentare la richiesta di raccolta dei rifiuti comunali a richiesta dell\u2019utente del servizio:<\/u><br \/>\n1. Di persona al Consiglio di amministrazione del SERVIZIO COMUNALE s.r.l. Rovigno, Piazza sul Laco 3\/A allo sportello informazioni da luned\u00ec a venerd\u00ec nell\u2019orario di lavoro dalle ore 09.00 alle ore 11.00,<br \/>\n2. Chiamando al numero di telefono 052-815-757, cell.: 098-435-890<br \/>\n3. Tramite posta elettronica all\u2019indirizzo: <a href=\"mailto:komunalniservis@rovinj.hr\">komunalniservis@rovinj.hr<\/a><\/p>","protected":false},"excerpt":{"rendered":"<p>AVVISO SULLA RACCOLTA DEI RIFIUTI COMUNALI PER LA CITT\u00c0 DI ROVINJ-ROVIGNO Sul territorio della Citta\u2019 di Rovigno i rifiuti vengono raccolti e trasportati a discarica in maniera organizzata, applicando i criteri e le modalita\u2019 prescritte dalla Delibera sulle modalit\u00e0 di prestazione del servizio pubblico di raccolta dei rifiuti comunali misti e biodegradabili nel territorio della [&hellip;]<\/p>\n","protected":false},"author":2,"featured_media":0,"parent":537,"menu_order":47,"comment_status":"closed","ping_status":"closed","template":"","meta":[],"yoast_head":"<!-- This site is optimized with the Yoast SEO plugin v21.8.1 - https:\/\/yoast.com\/wordpress\/plugins\/seo\/ -->\n<title>Organizzazione nella Citt\u00e0 di Rovinj-Rovigno - Citta di Rovinj-Rovigno<\/title>\n<meta name=\"robots\" content=\"index, follow, max-snippet:-1, max-image-preview:large, max-video-preview:-1\" \/>\n<link rel=\"canonical\" href=\"https:\/\/www.rovinj-rovigno.hr\/it\/hrvatski-prostorno-uredenje-gradnja-i-okolis\/hrvatski-gospodarenje-otpadom\/hrvatski-uredenje-u-gradu-rovinju-rovigno\/\" \/>\n<meta property=\"og:locale\" content=\"it_IT\" \/>\n<meta property=\"og:type\" content=\"article\" \/>\n<meta property=\"og:title\" content=\"Organizzazione nella Citt\u00e0 di Rovinj-Rovigno - Citta di Rovinj-Rovigno\" \/>\n<meta property=\"og:description\" content=\"AVVISO SULLA RACCOLTA DEI RIFIUTI COMUNALI PER LA CITT\u00c0 DI ROVINJ-ROVIGNO Sul territorio della Citta\u2019 di Rovigno i rifiuti vengono raccolti e trasportati a discarica in maniera organizzata, applicando i criteri e le modalita\u2019 prescritte dalla Delibera sulle modalit\u00e0 di prestazione del servizio pubblico di raccolta dei rifiuti comunali misti e biodegradabili nel territorio della [&hellip;]\" \/>\n<meta property=\"og:url\" content=\"https:\/\/www.rovinj-rovigno.hr\/it\/hrvatski-prostorno-uredenje-gradnja-i-okolis\/hrvatski-gospodarenje-otpadom\/hrvatski-uredenje-u-gradu-rovinju-rovigno\/\" \/>\n<meta property=\"og:site_name\" content=\"Citta di Rovinj-Rovigno\" \/>\n<meta property=\"article:modified_time\" content=\"2022-01-13T17:06:13+00:00\" \/>\n<meta name=\"twitter:card\" content=\"summary_large_image\" \/>\n<meta name=\"twitter:label1\" content=\"Tempo di lettura stimato\" \/>\n\t<meta name=\"twitter:data1\" content=\"21 minuti\" \/>\n<script type=\"application\/ld+json\" class=\"yoast-schema-graph\">{\"@context\":\"https:\/\/schema.org\",\"@graph\":[{\"@type\":\"WebPage\",\"@id\":\"https:\/\/www.rovinj-rovigno.hr\/it\/hrvatski-prostorno-uredenje-gradnja-i-okolis\/hrvatski-gospodarenje-otpadom\/hrvatski-uredenje-u-gradu-rovinju-rovigno\/\",\"url\":\"https:\/\/www.rovinj-rovigno.hr\/it\/hrvatski-prostorno-uredenje-gradnja-i-okolis\/hrvatski-gospodarenje-otpadom\/hrvatski-uredenje-u-gradu-rovinju-rovigno\/\",\"name\":\"Organizzazione nella Citt\u00e0 di Rovinj-Rovigno - Citta di Rovinj-Rovigno\",\"isPartOf\":{\"@id\":\"https:\/\/www.rovinj-rovigno.hr\/#website\"},\"datePublished\":\"2016-11-28T10:42:00+00:00\",\"dateModified\":\"2022-01-13T17:06:13+00:00\",\"breadcrumb\":{\"@id\":\"https:\/\/www.rovinj-rovigno.hr\/it\/hrvatski-prostorno-uredenje-gradnja-i-okolis\/hrvatski-gospodarenje-otpadom\/hrvatski-uredenje-u-gradu-rovinju-rovigno\/#breadcrumb\"},\"inLanguage\":\"it-IT\",\"potentialAction\":[{\"@type\":\"ReadAction\",\"target\":[\"https:\/\/www.rovinj-rovigno.hr\/it\/hrvatski-prostorno-uredenje-gradnja-i-okolis\/hrvatski-gospodarenje-otpadom\/hrvatski-uredenje-u-gradu-rovinju-rovigno\/\"]}]},{\"@type\":\"BreadcrumbList\",\"@id\":\"https:\/\/www.rovinj-rovigno.hr\/it\/hrvatski-prostorno-uredenje-gradnja-i-okolis\/hrvatski-gospodarenje-otpadom\/hrvatski-uredenje-u-gradu-rovinju-rovigno\/#breadcrumb\",\"itemListElement\":[{\"@type\":\"ListItem\",\"position\":1,\"name\":\"Po\u010detna stranica\",\"item\":\"https:\/\/www.rovinj-rovigno.hr\/\"},{\"@type\":\"ListItem\",\"position\":2,\"name\":\"Prostorno ure\u0111enje, gradnja i okoli\u0161\",\"item\":\"https:\/\/www.rovinj-rovigno.hr\/prostorno-uredenje-gradnja-i-okolis\/\"},{\"@type\":\"ListItem\",\"position\":3,\"name\":\"Gospodarenje otpadom\",\"item\":\"https:\/\/www.rovinj-rovigno.hr\/prostorno-uredenje-gradnja-i-okolis\/gospodarenje-otpadom\/\"},{\"@type\":\"ListItem\",\"position\":4,\"name\":\"Organizzazione nella Citt\u00e0 di Rovinj-Rovigno\"}]},{\"@type\":\"WebSite\",\"@id\":\"https:\/\/www.rovinj-rovigno.hr\/#website\",\"url\":\"https:\/\/www.rovinj-rovigno.hr\/\",\"name\":\"Citta di Rovinj-Rovigno\",\"description\":\"Sito ufficiale della Citta di Rovinj-Rovigno\",\"potentialAction\":[{\"@type\":\"SearchAction\",\"target\":{\"@type\":\"EntryPoint\",\"urlTemplate\":\"https:\/\/www.rovinj-rovigno.hr\/?s={search_term_string}\"},\"query-input\":\"required name=search_term_string\"}],\"inLanguage\":\"it-IT\"}]}<\/script>\n<!-- \/ Yoast SEO plugin. -->","yoast_head_json":{"title":"Organizzazione nella Citt\u00e0 di Rovinj-Rovigno - Citta di Rovinj-Rovigno","robots":{"index":"index","follow":"follow","max-snippet":"max-snippet:-1","max-image-preview":"max-image-preview:large","max-video-preview":"max-video-preview:-1"},"canonical":"https:\/\/www.rovinj-rovigno.hr\/it\/hrvatski-prostorno-uredenje-gradnja-i-okolis\/hrvatski-gospodarenje-otpadom\/hrvatski-uredenje-u-gradu-rovinju-rovigno\/","og_locale":"it_IT","og_type":"article","og_title":"Organizzazione nella Citt\u00e0 di Rovinj-Rovigno - Citta di Rovinj-Rovigno","og_description":"AVVISO SULLA RACCOLTA DEI RIFIUTI COMUNALI PER LA CITT\u00c0 DI ROVINJ-ROVIGNO Sul territorio della Citta\u2019 di Rovigno i rifiuti vengono raccolti e trasportati a discarica in maniera organizzata, applicando i criteri e le modalita\u2019 prescritte dalla Delibera sulle modalit\u00e0 di prestazione del servizio pubblico di raccolta dei rifiuti comunali misti e biodegradabili nel territorio della [&hellip;]","og_url":"https:\/\/www.rovinj-rovigno.hr\/it\/hrvatski-prostorno-uredenje-gradnja-i-okolis\/hrvatski-gospodarenje-otpadom\/hrvatski-uredenje-u-gradu-rovinju-rovigno\/","og_site_name":"Citta di Rovinj-Rovigno","article_modified_time":"2022-01-13T17:06:13+00:00","twitter_card":"summary_large_image","twitter_misc":{"Tempo di lettura stimato":"21 minuti"},"schema":{"@context":"https:\/\/schema.org","@graph":[{"@type":"WebPage","@id":"https:\/\/www.rovinj-rovigno.hr\/it\/hrvatski-prostorno-uredenje-gradnja-i-okolis\/hrvatski-gospodarenje-otpadom\/hrvatski-uredenje-u-gradu-rovinju-rovigno\/","url":"https:\/\/www.rovinj-rovigno.hr\/it\/hrvatski-prostorno-uredenje-gradnja-i-okolis\/hrvatski-gospodarenje-otpadom\/hrvatski-uredenje-u-gradu-rovinju-rovigno\/","name":"Organizzazione nella Citt\u00e0 di Rovinj-Rovigno - Citta di Rovinj-Rovigno","isPartOf":{"@id":"https:\/\/www.rovinj-rovigno.hr\/#website"},"datePublished":"2016-11-28T10:42:00+00:00","dateModified":"2022-01-13T17:06:13+00:00","breadcrumb":{"@id":"https:\/\/www.rovinj-rovigno.hr\/it\/hrvatski-prostorno-uredenje-gradnja-i-okolis\/hrvatski-gospodarenje-otpadom\/hrvatski-uredenje-u-gradu-rovinju-rovigno\/#breadcrumb"},"inLanguage":"it-IT","potentialAction":[{"@type":"ReadAction","target":["https:\/\/www.rovinj-rovigno.hr\/it\/hrvatski-prostorno-uredenje-gradnja-i-okolis\/hrvatski-gospodarenje-otpadom\/hrvatski-uredenje-u-gradu-rovinju-rovigno\/"]}]},{"@type":"BreadcrumbList","@id":"https:\/\/www.rovinj-rovigno.hr\/it\/hrvatski-prostorno-uredenje-gradnja-i-okolis\/hrvatski-gospodarenje-otpadom\/hrvatski-uredenje-u-gradu-rovinju-rovigno\/#breadcrumb","itemListElement":[{"@type":"ListItem","position":1,"name":"Po\u010detna stranica","item":"https:\/\/www.rovinj-rovigno.hr\/"},{"@type":"ListItem","position":2,"name":"Prostorno ure\u0111enje, gradnja i okoli\u0161","item":"https:\/\/www.rovinj-rovigno.hr\/prostorno-uredenje-gradnja-i-okolis\/"},{"@type":"ListItem","position":3,"name":"Gospodarenje otpadom","item":"https:\/\/www.rovinj-rovigno.hr\/prostorno-uredenje-gradnja-i-okolis\/gospodarenje-otpadom\/"},{"@type":"ListItem","position":4,"name":"Organizzazione nella Citt\u00e0 di Rovinj-Rovigno"}]},{"@type":"WebSite","@id":"https:\/\/www.rovinj-rovigno.hr\/#website","url":"https:\/\/www.rovinj-rovigno.hr\/","name":"Citta di Rovinj-Rovigno","description":"Sito ufficiale della Citta di Rovinj-Rovigno","potentialAction":[{"@type":"SearchAction","target":{"@type":"EntryPoint","urlTemplate":"https:\/\/www.rovinj-rovigno.hr\/?s={search_term_string}"},"query-input":"required name=search_term_string"}],"inLanguage":"it-IT"}]}},"_links":{"self":[{"href":"https:\/\/www.rovinj-rovigno.hr\/it\/wp-json\/wp\/v2\/pages\/541"}],"collection":[{"href":"https:\/\/www.rovinj-rovigno.hr\/it\/wp-json\/wp\/v2\/pages"}],"about":[{"href":"https:\/\/www.rovinj-rovigno.hr\/it\/wp-json\/wp\/v2\/types\/page"}],"author":[{"embeddable":true,"href":"https:\/\/www.rovinj-rovigno.hr\/it\/wp-json\/wp\/v2\/users\/2"}],"replies":[{"embeddable":true,"href":"https:\/\/www.rovinj-rovigno.hr\/it\/wp-json\/wp\/v2\/comments?post=541"}],"version-history":[{"count":0,"href":"https:\/\/www.rovinj-rovigno.hr\/it\/wp-json\/wp\/v2\/pages\/541\/revisions"}],"up":[{"embeddable":true,"href":"https:\/\/www.rovinj-rovigno.hr\/it\/wp-json\/wp\/v2\/pages\/537"}],"wp:attachment":[{"href":"https:\/\/www.rovinj-rovigno.hr\/it\/wp-json\/wp\/v2\/media?parent=541"}],"curies":[{"name":"wp","href":"https:\/\/api.w.org\/{rel}","templated":true}]}}