{"id":523,"date":"2016-11-28T10:25:15","date_gmt":"2016-11-28T10:25:15","guid":{"rendered":"http:\/\/rovinjhr.lin53.host25.com\/?page_id=523"},"modified":"2026-01-21T11:36:39","modified_gmt":"2026-01-21T09:36:39","slug":"vodic-kroz-gradnju","status":"publish","type":"page","link":"https:\/\/www.rovinj-rovigno.hr\/it\/hrvatski-prostorno-uredenje-gradnja-i-okolis\/hrvatski-izdavanje-akata-za-gradnju\/hrvatski-vodic-kroz-gradnju\/","title":{"rendered":"Indicazioni edilizie"},"content":{"rendered":"<p>Con l&#8217;emanazione <strong>della Legge sull&#8217;assetto territoriale\u00a0<\/strong>\u00a0(Gazzetta ufficiale numero 153\/13 i 65\/17) e<strong> della Legge sull\u2019edilizia<\/strong> (Gazzetta ufficiale numero 153\/13 e 20\/17) che vengono applicate dal 1\u00b0 gennaio 2014, \u00e8 stata regolata dalla legge la semplificazione e l\u2019abbreviazione del rilascio delle licenze inoltre il numero delle licenze \u00e8 stato ridotto di regola a soltanto una, la licenza edilizia. Inoltre, con l\u2019introduzione del sistema delle e-licenze e il miglioramento del Sistema informatico dell\u2019assetto territoriale \u00e8 stato migliorato il sistema di rilascio delle licenze in tutta la Croazia.<\/p>\n<p>In base alle nuove leggi, <strong>gli atti dell\u2019assetto territoriale<\/strong> <strong>sono<\/strong>:<\/p>\n<p>l\u2019informazione sull\u2019ubicazione, l\u2019avviso sulle condizioni particolari che vanno soddisfatte prima del rilascio del permesso d\u2019ubicazione\/della licenza edilizia, il permesso d\u2019ubicazione, il permesso di modifica della destinazione e dell\u2019uso della costruzione, il decreto sulla determinazione della particella edificabile e la conferma dell\u2019elaborato di lottizzazione.<\/p>\n<p><strong>Gli atti per la costruzione sono<\/strong>: la licenza edilizia, la notifica dell\u2019inizio o della continuazione dei lavori e il permesso d\u2019uso.<\/p>\n<p>Bisogna sottolineare che i procedimenti iniziati in base alla \u201cvecchia\u201d Legge, si concluderanno in base alle disposizioni di tale Legge.<\/p>\n<p>Qualora foste proprietari di terreno o costruzione esistente, dovete prima di tutto verificare se \u00e8 permessa la costruzione ossia la ricostruzione. Il primo passo da fare \u00e8 verificare la destinazione della particella nel piano territoriale del vostro comune o citt\u00e0.<\/p>\n<p>Se desiderate ricevere delle informazioni in forma scritta sulla destinazione dello spazio e sulle condizioni per l\u2019attuazione dell\u2019intervento nello spazio su un determinato terreno, potete presentare <strong>la richiesta di rilascio dell\u2019informazione sull\u2019ubicazione. <\/strong><\/p>\n<p><strong>L\u2019informazione sull\u2019ubicazione<\/strong> viene rilasciata in forma scritta per il terreno indicato nella richiesta, e contiene l\u2019informazione sui piani territoriali di tutti i livelli all\u2019interno dei quali si trova il terreno, la destinazione dello spazio e tutte le altre condizioni per l\u2019attuazione dell\u2019intervento nello spazio stabilite ossia prescritte nei piani territoriali a tutti i livelli, i territori nei quali \u00e8 prescritto con prescrizioni particolari un regime particolare di fruizione dello spazio (beni culturali iscritti nel Registro dei beni culturali della Repubblica di Croazia), se il terreno si trova nello spazio per il quale \u00e8 prescritto l\u2019obbligo di emanare il piano d\u2019assetto urbanistico, se il terreno si trova nel territorio per quale tale obbligo \u00e8 prescritto con la presente Legge, con i piani territoriali e \/oppure nelle loro modifiche e integrazioni, la cui stesura ed emanazione sono in corso, i luoghi nei quali si pu\u00f2 effettuare la visione dei piani territoriali e quando si pu\u00f2 effettuare.<\/p>\n<p>L\u2019informazione sull\u2019ubicazione si rilascia sotto forma di atto non amministrativo entro il termine di otto giorni dalla presentazione della domanda e serve per l\u2019elaborazione della documentazione progettistica che si allega alla richiesta per il rilascio del permesso d\u2019ubicazione ossia della licenza edilizia.<a class=\"\" href=\"http:\/\/rovinjhr.lin53.host25.com\/it\/hrvatski-prostorno-uredenje-gradnja-i-okolis\/hrvatski-izdavanje-akata-za-gradnju\/\">ascio degli atti edilizi<\/a><\/p>\n<ul class=\"list-group list-group-flush childrens\">\n<li class=\"list-group-item current-nav-item\"><a class=\"\" href=\"http:\/\/rovinjhr.lin53.host25.com\/it\/hrvatski-prostorno-uredenje-gradnja-i-okolis\/hrvatski-izdavanje-akata-za-gradnju\/hrvatski-dokaz-pravnog-interesa\/\">Prova dell&#8217;interesse legale<\/a><\/li>\n<li class=\"list-group-item \"><a class=\"\" href=\"http:\/\/rovinjhr.lin53.host25.com\/it\/hrvatski-prostorno-uredenje-gradnja-i-okolis\/hrvatski-izdavanje-akata-za-gradnju\/hrvatski-izrada-glavnog-projekta\/\">Preparazione del progetto principale<\/a><\/li>\n<li class=\"list-group-item \"><a class=\"\" href=\"http:\/\/rovinjhr.lin53.host25.com\/it\/hrvatski-prostorno-uredenje-gradnja-i-okolis\/hrvatski-izdavanje-akata-za-gradnju\/hrvatski-lokacijska-dozvola\/\">Permesso di ubicazione<\/a><\/li>\n<li class=\"list-group-item \"><a class=\"\" href=\"http:\/\/rovinjhr.lin53.host25.com\/it\/hrvatski-prostorno-uredenje-gradnja-i-okolis\/hrvatski-izdavanje-akata-za-gradnju\/hrvatski-gradevinska-dozvola\/\">Licenza edilizia<\/a><\/li>\n<li class=\"list-group-item \"><a class=\"\" href=\"http:\/\/rovinjhr.lin53.host25.com\/it\/hrvatski-prostorno-uredenje-gradnja-i-okolis\/hrvatski-izdavanje-akata-za-gradnju\/hrvatski-za-jednostavne-i-druge-gradevine-i-radove\/\">Per lavori, edifici e altre costruzioni semplici<\/a><\/li>\n<li class=\"list-group-item \"><a class=\"\" href=\"http:\/\/rovinjhr.lin53.host25.com\/it\/hrvatski-prostorno-uredenje-gradnja-i-okolis\/hrvatski-izdavanje-akata-za-gradnju\/hrvatski-dozvola-za-promejnu-namjene-i-uporabu-gradevine\/\">Licenza di modifica della finalit\u00e0 e dell&#8217;utilizzo della costruzione<\/a><\/li>\n<li class=\"list-group-item \"><a class=\"\" href=\"http:\/\/rovinjhr.lin53.host25.com\/it\/hrvatski-prostorno-uredenje-gradnja-i-okolis\/hrvatski-izdavanje-akata-za-gradnju\/hrvatski-rjesenje-o-utvrdivanju-gradevne-cestice\/\">Decreto di determinazione della particella edificabile<\/a><\/li>\n<li class=\"list-group-item \"><a class=\"\" href=\"http:\/\/rovinjhr.lin53.host25.com\/it\/hrvatski-prostorno-uredenje-gradnja-i-okolis\/hrvatski-izdavanje-akata-za-gradnju\/hrvatski-potvrdivanje-parcelacijskog-elaborat\/\">Conferma dell&#8217;elaborato di lottizzazione<\/a><\/li>\n<li class=\"list-group-item \"><a class=\"\" href=\"http:\/\/rovinjhr.lin53.host25.com\/it\/hrvatski-prostorno-uredenje-gradnja-i-okolis\/hrvatski-izdavanje-akata-za-gradnju\/hrvatski-e-dozvola\/\">E-licenze<\/a><\/li>\n<li class=\"list-group-item \"><a class=\"\" href=\"http:\/\/rovinjhr.lin53.host25.com\/it\/hrvatski-prostorno-uredenje-gradnja-i-okolis\/hrvatski-izdavanje-akata-za-gradnju\/hrvatski-prijava-pocetka-gradenja-iskolcenje-i-oznacavanje-gradilista\/\">Notifica dell&#8217;inizio dei lavori, picchettamento e marcatura del cantiere<\/a><\/li>\n<li class=\"list-group-item \"><a class=\"\" href=\"http:\/\/rovinjhr.lin53.host25.com\/it\/hrvatski-prostorno-uredenje-gradnja-i-okolis\/hrvatski-izdavanje-akata-za-gradnju\/hrvatski-rok-za-dovrsenje\/\">Termine ultimo per il completamento<\/a><\/li>\n<li class=\"list-group-item \"><a class=\"\" href=\"http:\/\/rovinjhr.lin53.host25.com\/it\/hrvatski-prostorno-uredenje-gradnja-i-okolis\/hrvatski-izdavanje-akata-za-gradnju\/hrvatski-energetski-certifikat\/\">Certificato energetico<\/a><\/li>\n<li class=\"list-group-item \"><a class=\"\" href=\"http:\/\/rovinjhr.lin53.host25.com\/it\/hrvatski-prostorno-uredenje-gradnja-i-okolis\/hrvatski-izdavanje-akata-za-gradnju\/hrvatski-prilagodba-gradevine-za-osobe-s-invadilitetom\/\">Adattamento delle strutture per le persone disabili<\/a><\/li>\n<li class=\"list-group-item \"><a class=\"\" href=\"http:\/\/rovinjhr.lin53.host25.com\/it\/hrvatski-prostorno-uredenje-gradnja-i-okolis\/hrvatski-izdavanje-akata-za-gradnju\/hrvatski-uporabna-dozvola\/\">Licenza di utilizzo<\/a><\/li>\n<li class=\"list-group-item \"><a class=\"\" href=\"http:\/\/rovinjhr.lin53.host25.com\/it\/hrvatski-prostorno-uredenje-gradnja-i-okolis\/hrvatski-izdavanje-akata-za-gradnju\/hrvatski-upis-gradevine-u-katastar\/\">Iscrizione dell&#8217;edificio nel catasto<\/a><\/li>\n<li class=\"list-group-item \"><a class=\"\" href=\"http:\/\/rovinjhr.lin53.host25.com\/it\/hrvatski-prostorno-uredenje-gradnja-i-okolis\/hrvatski-izdavanje-akata-za-gradnju\/hrvatski-upis-gradevine-u-zemljisne-knjige\/\">Iscrizione dell&#8217;edificio nei libri fondiari<\/a><\/li>\n<li class=\"list-group-item \"><a class=\"\" href=\"http:\/\/rovinjhr.lin53.host25.com\/it\/hrvatski-prostorno-uredenje-gradnja-i-okolis\/hrvatski-izdavanje-akata-za-gradnju\/hrvatski-odrzavanje-gradevine\/\">Manutenzione dell&#8217;edificio<\/a><\/li>\n<li class=\"list-group-item \"><a class=\"\" href=\"http:\/\/rovinjhr.lin53.host25.com\/it\/hrvatski-prostorno-uredenje-gradnja-i-okolis\/hrvatski-izdavanje-akata-za-gradnju\/hrvatski-uklanjanje-gradevine\/\">Demolizione dell&#8217;edificio<\/a><\/li>\n<li class=\"list-group-item \"><a class=\"\" href=\"http:\/\/rovinjhr.lin53.host25.com\/it\/hrvatski-prostorno-uredenje-gradnja-i-okolis\/hrvatski-izdavanje-akata-za-gradnju\/hrvatski-inspekcijski-nadzor-nad-izgradnjom\/\">Ispezione di controllo dei lavori di costruzione<\/a><\/li>\n<li class=\"list-group-item \"><a class=\"\" href=\"http:\/\/rovinjhr.lin53.host25.com\/it\/hrvatski-prostorno-uredenje-gradnja-i-okolis\/hrvatski-izdavanje-akata-za-gradnju\/hrvatski-prijava-bespravne-gradnje\/\">Denuncia di costruzione abusiva<\/a><\/li>\n<li class=\"list-group-item \"><a class=\"\" href=\"http:\/\/rovinjhr.lin53.host25.com\/it\/hrvatski-prostorno-uredenje-gradnja-i-okolis\/hrvatski-izdavanje-akata-za-gradnju\/hrvatski-zabrana-gradnje-tijekom-turisticke-sezone\/\">Divieto di costruzione durante la stagione turistica<\/a><\/li>\n<li class=\"list-group-item \"><a class=\"\" href=\"http:\/\/rovinjhr.lin53.host25.com\/it\/hrvatski-prostorno-uredenje-gradnja-i-okolis\/hrvatski-izdavanje-akata-za-gradnju\/hrvatski-upravne-pristojbe-za-izdavanje-akata-o-gradnji\/\">Tasse amministrative per il rilascio di atti di costruzione<\/a><\/li>\n<\/ul>\n<p>MODULI DELLE RICHIESTE<\/p>\n<p><strong>RICHIESTE GENERALI<\/strong> (richieste, obiezioni, denuncie, ricorsi, proposte, risposte)<br \/>\n<strong>PERMESSO D\u2019UBICAZIONE<br \/>\nLICENZA EDILIZIA<br \/>\nPERMESSO D\u2019USO<br \/>\nALTRE DOMANDE, LICENZE E RICHIESTE (e-licenze)<br \/>\nALTRE DOMANDE, LICENZE E RICHIESTE<\/strong><\/p>\n<p>Tutte le informazioni legate alla presentazione delle richieste e ai procedimenti di rilascio degli atti per la costruzione si possono ottenere negli ambienti della Sezione per il rilascio degli atti della Citt\u00e0 di Rovinj-Rovigno (stanze 24, 25, 27 e 28)<\/p>\n<p>Le prescrizioni e i regolamenti che si applicano nei procedimenti di elaborazione della documentazione degli atti per la costruzione e il rilascio dei medesimi.<\/p>\n<ol>\n<li><a href=\"http:\/\/www.mgipu.hr\/default.aspx?id=3715\" target=\"_blank\" rel=\"noopener noreferrer\">PRESCRIZIONI DALL\u2019AMBITO DELL\u2019EDILIZIA<\/a><\/li>\n<li><a href=\"http:\/\/www.mgipu.hr\/default.aspx?id=3655\" target=\"_blank\" rel=\"noopener noreferrer\">PRESCRIZIONI DALL\u2019AMBITO DELL\u2019ASSETTO TERRITORIALE<\/a><\/li>\n<li><a href=\"http:\/\/www.mgipu.hr\/default.aspx?id=16220\" target=\"_blank\" rel=\"noopener noreferrer\">PRESCRIZIONI DALL\u2019AMBITO DELL\u2019ISPEZIONE EDILE<\/a><\/li>\n<\/ol>\n<p><\/p>","protected":false},"excerpt":{"rendered":"<p>Con l&#8217;emanazione della Legge sull&#8217;assetto territoriale\u00a0\u00a0(Gazzetta ufficiale numero 153\/13 i 65\/17) e della Legge sull\u2019edilizia (Gazzetta ufficiale numero 153\/13 e 20\/17) che vengono applicate dal 1\u00b0 gennaio 2014, \u00e8 stata regolata dalla legge la semplificazione e l\u2019abbreviazione del rilascio delle licenze inoltre il numero delle licenze \u00e8 stato ridotto di regola a soltanto una, la [&hellip;]<\/p>\n","protected":false},"author":2,"featured_media":0,"parent":521,"menu_order":0,"comment_status":"closed","ping_status":"closed","template":"","meta":[],"yoast_head":"<!-- This site is optimized with the Yoast SEO plugin v21.8.1 - https:\/\/yoast.com\/wordpress\/plugins\/seo\/ -->\n<title>Indicazioni edilizie - Citta di Rovinj-Rovigno<\/title>\n<meta name=\"robots\" content=\"index, follow, max-snippet:-1, max-image-preview:large, max-video-preview:-1\" \/>\n<link rel=\"canonical\" href=\"https:\/\/www.rovinj-rovigno.hr\/prostorno-uredenje-gradnja-i-okolis\/izdavanje-akata-za-gradnju\/vodic-kroz-gradnju\/\" \/>\n<meta property=\"og:locale\" content=\"it_IT\" \/>\n<meta property=\"og:type\" content=\"article\" \/>\n<meta property=\"og:title\" content=\"Indicazioni edilizie - Citta di Rovinj-Rovigno\" \/>\n<meta property=\"og:description\" content=\"Con l&#8217;emanazione della Legge sull&#8217;assetto territoriale\u00a0\u00a0(Gazzetta ufficiale numero 153\/13 i 65\/17) e della Legge sull\u2019edilizia (Gazzetta ufficiale numero 153\/13 e 20\/17) che vengono applicate dal 1\u00b0 gennaio 2014, \u00e8 stata regolata dalla legge la semplificazione e l\u2019abbreviazione del rilascio delle licenze inoltre il numero delle licenze \u00e8 stato ridotto di regola a soltanto una, la [&hellip;]\" \/>\n<meta property=\"og:url\" content=\"https:\/\/www.rovinj-rovigno.hr\/prostorno-uredenje-gradnja-i-okolis\/izdavanje-akata-za-gradnju\/vodic-kroz-gradnju\/\" \/>\n<meta property=\"og:site_name\" content=\"Citta di Rovinj-Rovigno\" \/>\n<meta property=\"article:modified_time\" content=\"2026-01-21T09:36:39+00:00\" \/>\n<meta name=\"twitter:card\" content=\"summary_large_image\" \/>\n<meta name=\"twitter:label1\" content=\"Tempo di lettura stimato\" \/>\n\t<meta name=\"twitter:data1\" content=\"3 minuti\" \/>\n<script type=\"application\/ld+json\" class=\"yoast-schema-graph\">{\"@context\":\"https:\/\/schema.org\",\"@graph\":[{\"@type\":\"WebPage\",\"@id\":\"https:\/\/www.rovinj-rovigno.hr\/prostorno-uredenje-gradnja-i-okolis\/izdavanje-akata-za-gradnju\/vodic-kroz-gradnju\/\",\"url\":\"https:\/\/www.rovinj-rovigno.hr\/prostorno-uredenje-gradnja-i-okolis\/izdavanje-akata-za-gradnju\/vodic-kroz-gradnju\/\",\"name\":\"Indicazioni edilizie - Citta di Rovinj-Rovigno\",\"isPartOf\":{\"@id\":\"https:\/\/www.rovinj-rovigno.hr\/#website\"},\"datePublished\":\"2016-11-28T10:25:15+00:00\",\"dateModified\":\"2026-01-21T09:36:39+00:00\",\"breadcrumb\":{\"@id\":\"https:\/\/www.rovinj-rovigno.hr\/prostorno-uredenje-gradnja-i-okolis\/izdavanje-akata-za-gradnju\/vodic-kroz-gradnju\/#breadcrumb\"},\"inLanguage\":\"it-IT\",\"potentialAction\":[{\"@type\":\"ReadAction\",\"target\":[\"https:\/\/www.rovinj-rovigno.hr\/prostorno-uredenje-gradnja-i-okolis\/izdavanje-akata-za-gradnju\/vodic-kroz-gradnju\/\"]}]},{\"@type\":\"BreadcrumbList\",\"@id\":\"https:\/\/www.rovinj-rovigno.hr\/prostorno-uredenje-gradnja-i-okolis\/izdavanje-akata-za-gradnju\/vodic-kroz-gradnju\/#breadcrumb\",\"itemListElement\":[{\"@type\":\"ListItem\",\"position\":1,\"name\":\"Po\u010detna stranica\",\"item\":\"https:\/\/www.rovinj-rovigno.hr\/\"},{\"@type\":\"ListItem\",\"position\":2,\"name\":\"Prostorno ure\u0111enje, gradnja i okoli\u0161\",\"item\":\"https:\/\/www.rovinj-rovigno.hr\/prostorno-uredenje-gradnja-i-okolis\/\"},{\"@type\":\"ListItem\",\"position\":3,\"name\":\"Izdavanje akata za gradnju\",\"item\":\"https:\/\/www.rovinj-rovigno.hr\/prostorno-uredenje-gradnja-i-okolis\/izdavanje-akata-za-gradnju\/\"},{\"@type\":\"ListItem\",\"position\":4,\"name\":\"Vodi\u010d kroz gradnju\"}]},{\"@type\":\"WebSite\",\"@id\":\"https:\/\/www.rovinj-rovigno.hr\/#website\",\"url\":\"https:\/\/www.rovinj-rovigno.hr\/\",\"name\":\"Citta di Rovinj-Rovigno\",\"description\":\"Sito ufficiale della Citta di Rovinj-Rovigno\",\"potentialAction\":[{\"@type\":\"SearchAction\",\"target\":{\"@type\":\"EntryPoint\",\"urlTemplate\":\"https:\/\/www.rovinj-rovigno.hr\/?s={search_term_string}\"},\"query-input\":\"required name=search_term_string\"}],\"inLanguage\":\"it-IT\"}]}<\/script>\n<!-- \/ Yoast SEO plugin. -->","yoast_head_json":{"title":"Indicazioni edilizie - Citta di Rovinj-Rovigno","robots":{"index":"index","follow":"follow","max-snippet":"max-snippet:-1","max-image-preview":"max-image-preview:large","max-video-preview":"max-video-preview:-1"},"canonical":"https:\/\/www.rovinj-rovigno.hr\/prostorno-uredenje-gradnja-i-okolis\/izdavanje-akata-za-gradnju\/vodic-kroz-gradnju\/","og_locale":"it_IT","og_type":"article","og_title":"Indicazioni edilizie - Citta di Rovinj-Rovigno","og_description":"Con l&#8217;emanazione della Legge sull&#8217;assetto territoriale\u00a0\u00a0(Gazzetta ufficiale numero 153\/13 i 65\/17) e della Legge sull\u2019edilizia (Gazzetta ufficiale numero 153\/13 e 20\/17) che vengono applicate dal 1\u00b0 gennaio 2014, \u00e8 stata regolata dalla legge la semplificazione e l\u2019abbreviazione del rilascio delle licenze inoltre il numero delle licenze \u00e8 stato ridotto di regola a soltanto una, la [&hellip;]","og_url":"https:\/\/www.rovinj-rovigno.hr\/prostorno-uredenje-gradnja-i-okolis\/izdavanje-akata-za-gradnju\/vodic-kroz-gradnju\/","og_site_name":"Citta di Rovinj-Rovigno","article_modified_time":"2026-01-21T09:36:39+00:00","twitter_card":"summary_large_image","twitter_misc":{"Tempo di lettura stimato":"3 minuti"},"schema":{"@context":"https:\/\/schema.org","@graph":[{"@type":"WebPage","@id":"https:\/\/www.rovinj-rovigno.hr\/prostorno-uredenje-gradnja-i-okolis\/izdavanje-akata-za-gradnju\/vodic-kroz-gradnju\/","url":"https:\/\/www.rovinj-rovigno.hr\/prostorno-uredenje-gradnja-i-okolis\/izdavanje-akata-za-gradnju\/vodic-kroz-gradnju\/","name":"Indicazioni edilizie - Citta di Rovinj-Rovigno","isPartOf":{"@id":"https:\/\/www.rovinj-rovigno.hr\/#website"},"datePublished":"2016-11-28T10:25:15+00:00","dateModified":"2026-01-21T09:36:39+00:00","breadcrumb":{"@id":"https:\/\/www.rovinj-rovigno.hr\/prostorno-uredenje-gradnja-i-okolis\/izdavanje-akata-za-gradnju\/vodic-kroz-gradnju\/#breadcrumb"},"inLanguage":"it-IT","potentialAction":[{"@type":"ReadAction","target":["https:\/\/www.rovinj-rovigno.hr\/prostorno-uredenje-gradnja-i-okolis\/izdavanje-akata-za-gradnju\/vodic-kroz-gradnju\/"]}]},{"@type":"BreadcrumbList","@id":"https:\/\/www.rovinj-rovigno.hr\/prostorno-uredenje-gradnja-i-okolis\/izdavanje-akata-za-gradnju\/vodic-kroz-gradnju\/#breadcrumb","itemListElement":[{"@type":"ListItem","position":1,"name":"Po\u010detna stranica","item":"https:\/\/www.rovinj-rovigno.hr\/"},{"@type":"ListItem","position":2,"name":"Prostorno ure\u0111enje, gradnja i okoli\u0161","item":"https:\/\/www.rovinj-rovigno.hr\/prostorno-uredenje-gradnja-i-okolis\/"},{"@type":"ListItem","position":3,"name":"Izdavanje akata za gradnju","item":"https:\/\/www.rovinj-rovigno.hr\/prostorno-uredenje-gradnja-i-okolis\/izdavanje-akata-za-gradnju\/"},{"@type":"ListItem","position":4,"name":"Vodi\u010d kroz gradnju"}]},{"@type":"WebSite","@id":"https:\/\/www.rovinj-rovigno.hr\/#website","url":"https:\/\/www.rovinj-rovigno.hr\/","name":"Citta di Rovinj-Rovigno","description":"Sito ufficiale della Citta di Rovinj-Rovigno","potentialAction":[{"@type":"SearchAction","target":{"@type":"EntryPoint","urlTemplate":"https:\/\/www.rovinj-rovigno.hr\/?s={search_term_string}"},"query-input":"required name=search_term_string"}],"inLanguage":"it-IT"}]}},"_links":{"self":[{"href":"https:\/\/www.rovinj-rovigno.hr\/it\/wp-json\/wp\/v2\/pages\/523"}],"collection":[{"href":"https:\/\/www.rovinj-rovigno.hr\/it\/wp-json\/wp\/v2\/pages"}],"about":[{"href":"https:\/\/www.rovinj-rovigno.hr\/it\/wp-json\/wp\/v2\/types\/page"}],"author":[{"embeddable":true,"href":"https:\/\/www.rovinj-rovigno.hr\/it\/wp-json\/wp\/v2\/users\/2"}],"replies":[{"embeddable":true,"href":"https:\/\/www.rovinj-rovigno.hr\/it\/wp-json\/wp\/v2\/comments?post=523"}],"version-history":[{"count":1,"href":"https:\/\/www.rovinj-rovigno.hr\/it\/wp-json\/wp\/v2\/pages\/523\/revisions"}],"predecessor-version":[{"id":49107,"href":"https:\/\/www.rovinj-rovigno.hr\/it\/wp-json\/wp\/v2\/pages\/523\/revisions\/49107"}],"up":[{"embeddable":true,"href":"https:\/\/www.rovinj-rovigno.hr\/it\/wp-json\/wp\/v2\/pages\/521"}],"wp:attachment":[{"href":"https:\/\/www.rovinj-rovigno.hr\/it\/wp-json\/wp\/v2\/media?parent=523"}],"curies":[{"name":"wp","href":"https:\/\/api.w.org\/{rel}","templated":true}]}}