{"id":47982,"date":"2025-10-17T11:42:04","date_gmt":"2025-10-17T09:42:04","guid":{"rendered":"https:\/\/www.rovinj-rovigno.hr\/?page_id=47982"},"modified":"2025-10-19T21:07:45","modified_gmt":"2025-10-19T19:07:45","slug":"urbani-pcelinjak-i-kucice-za-kukce","status":"publish","type":"page","link":"https:\/\/www.rovinj-rovigno.hr\/it\/sistema-comunale\/hrvatski-zastita-zivotinja\/hrvatski-urbani-pcelinjak-i-kucice-za-kukce\/","title":{"rendered":"APIARIO URBANO E CASETTE PER INSETTI"},"content":{"rendered":"<p><img decoding=\"async\" loading=\"lazy\" class=\"size-full wp-image-47987 alignnone\" src=\"https:\/\/www.rovinj-rovigno.hr\/wp-content\/uploads\/2025\/10\/2.jpg\" alt=\"\" width=\"605\" height=\"539\" srcset=\"https:\/\/www.rovinj-rovigno.hr\/wp-content\/uploads\/2025\/10\/2.jpg 605w, https:\/\/www.rovinj-rovigno.hr\/wp-content\/uploads\/2025\/10\/2-300x267.jpg 300w\" sizes=\"(max-width: 605px) 100vw, 605px\" \/><\/p>\n<p>La Citt\u00e0 di Rovinj-Rovigno ha celebrato la Giornata della Terra, il 22 aprile 2025, installando il primo apiario urbano sul proprio territorio. Con questa iniziativa, Rovigno si unisce alle citt\u00e0 che agiscono attivamente e concretamente per la tutela della natura, delle api e della biodiversit\u00e0.<\/p>\n<p>L\u2019apiario urbano \u00e8 stato posizionato nella zona di <a href=\"https:\/\/maps.app.goo.gl\/4h6feeudCBXXA4nQ6\">Cuvi<\/a>, con l\u2019obiettivo di promuovere l\u2019apicoltura e aumentare la consapevolezza pubblica sull\u2019importanza vitale delle api per l\u2019ecosistema. <a href=\"https:\/\/www.rovinj-rovigno.hr\/wp-content\/uploads\/2025\/10\/letak-PCELINJAK-A3_hr_it.pdf\" target=\"_blank\" rel=\"noopener\"><u>Volantino<\/u><\/a>.<\/p>\n<p>Con l\u2019inaugurazione di questo apiario urbano, partecipiamo nel modo pi\u00f9 diretto alla celebrazione della Giornata della Terra, ma anche a un movimento pi\u00f9 ampio dedicato alla protezione delle api e quindi della natura stessa.<\/p>\n<p>Questo apiario sar\u00e0 utilizzato per l\u2019educazione dei giovani, dai bambini della scuola materna e primaria fino agli studenti delle superiori, nonch\u00e9 per tutti i cittadini e visitatori.<\/p>\n<p>Consapevoli dell\u2019importanza della conservazione degli ecosistemi naturali e della biodiversit\u00e0, realizziamo costantemente progetti che aiutano a ripristinare e mantenere l\u2019equilibrio ecologico negli ambienti urbani.<\/p>\n<p>&nbsp;<\/p>\n<p><strong>CASETTE PER INSETTI<\/strong><\/p>\n<p>Uno di questi \u00e8 l\u2019installazione di casette per insetti impollinatori in quattro localit\u00e0 della citt\u00e0 (ai piedi della <a href=\"https:\/\/maps.app.goo.gl\/4rsR1BNKxgRkXKiy8\">chiesa di S. Eufemia<\/a>, <a href=\"https:\/\/maps.app.goo.gl\/xkmmV2sk84PLd7fs5\">nel Parco dei Difensori Croati<\/a>, nel <a href=\"https:\/\/maps.app.goo.gl\/XjbDsAui6ZK8ov5r8\">parco geologico della cava Fantasia<\/a> e nel <a href=\"https:\/\/maps.app.goo.gl\/1JppqXFKqBYMw47x5\">Parco Forestale Punta Corrente<\/a>), contribuendo cos\u00ec alla salvaguardia delle popolazioni di impollinatori, essenziali per la stabilit\u00e0 delle comunit\u00e0 vegetali e la produzione alimentare. <a href=\"https:\/\/www.rovinj-rovigno.hr\/wp-content\/uploads\/2025\/10\/LETAK-kukci-WEB-hr_it.pdf\" target=\"_blank\" rel=\"noopener\"><u>Volantino<\/u><\/a>.<\/p>\n<p>Le casette per insetti vengono installate soprattutto nelle aree urbane per aumentare il numero di insetti impollinatori. In esse vengono posti vari materiali con aperture di diverse dimensioni, che possono fungere da riparo e luogo di deposizione delle uova per insetti di varie dimensioni. Le case sono particolarmente attraenti per un importante gruppo di impollinatori: le api solitarie. Non vivono in alveari, ma costruiscono i nidi individualmente in habitat adatti.<\/p>\n<p>Per il corretto funzionamento dell\u2019ecosistema e l\u2019impollinazione delle piante in natura, gli impollinatori selvatici sono i pi\u00f9 importanti. La maggior parte di essi appartiene al gruppo degli insetti e nel nostro clima i pi\u00f9 importanti sono le api, i sirfidi e le farfalle. Ci sono anche formiche, vespe, scarafaggi e zanzare.<\/p>\n<p>A causa delle attivit\u00e0 umane, negli ultimi decenni il numero di insetti impollinatori \u00e8 diminuito, il che pu\u00f2 danneggiare gravemente la stabilit\u00e0 delle comunit\u00e0 vegetali terrestri, nonch\u00e9 la produzione agricola da cui dipendono le persone. Senza gli impollinatori, molte specie vegetali scomparirebbero dai nostri prati e campi, e la variet\u00e0 del cibo che mangiamo diminuirebbe.<\/p>\n<p>Anche se viviamo in citt\u00e0, possiamo attirare gli impollinatori nei nostri giardini e parchi e aiutarli a sopravvivere. Ad esempio, possiamo piantare una variet\u00e0 di fiori nei nostri parchi, giardini e balconi, ed \u00e8 importante notare che dovremmo scegliere specie che fioriscono in momenti diversi, in modo che gli impollinatori abbiano cibo per tutta la stagione. Quindi, possiamo falciare cortili e giardini quando la maggior parte delle piante non sono in fiore, o falciare meno spesso e lasciare parti del giardino non falciate, ridurre o eliminare l\u2019uso di pesticidi nei nostri giardini, frutteti e campi, sostenere la produzione biologica e allestire case per gli insetti.<\/p>","protected":false},"excerpt":{"rendered":"<p>La Citt\u00e0 di Rovinj-Rovigno ha celebrato la Giornata della Terra, il 22 aprile 2025, installando il primo apiario urbano sul proprio territorio. Con questa iniziativa, Rovigno si unisce alle citt\u00e0 che agiscono attivamente e concretamente per la tutela della natura, delle api e della biodiversit\u00e0. L\u2019apiario urbano \u00e8 stato posizionato nella zona di Cuvi, con [&hellip;]<\/p>\n","protected":false},"author":2,"featured_media":0,"parent":641,"menu_order":0,"comment_status":"closed","ping_status":"closed","template":"","meta":[],"yoast_head":"<!-- This site is optimized with the Yoast SEO plugin v21.8.1 - https:\/\/yoast.com\/wordpress\/plugins\/seo\/ -->\n<title>APIARIO URBANO E CASETTE PER INSETTI - Citta di Rovinj-Rovigno<\/title>\n<meta name=\"robots\" content=\"index, follow, max-snippet:-1, max-image-preview:large, max-video-preview:-1\" \/>\n<link rel=\"canonical\" href=\"https:\/\/www.rovinj-rovigno.hr\/komunalni-sustav\/zastita-zivotinja\/urbani-pcelinjak-i-kucice-za-kukce\/\" \/>\n<meta property=\"og:locale\" content=\"it_IT\" \/>\n<meta property=\"og:type\" content=\"article\" \/>\n<meta property=\"og:title\" content=\"APIARIO URBANO E CASETTE PER INSETTI - Citta di Rovinj-Rovigno\" \/>\n<meta property=\"og:description\" content=\"La Citt\u00e0 di Rovinj-Rovigno ha celebrato la Giornata della Terra, il 22 aprile 2025, installando il primo apiario urbano sul proprio territorio. Con questa iniziativa, Rovigno si unisce alle citt\u00e0 che agiscono attivamente e concretamente per la tutela della natura, delle api e della biodiversit\u00e0. L\u2019apiario urbano \u00e8 stato posizionato nella zona di Cuvi, con [&hellip;]\" \/>\n<meta property=\"og:url\" content=\"https:\/\/www.rovinj-rovigno.hr\/komunalni-sustav\/zastita-zivotinja\/urbani-pcelinjak-i-kucice-za-kukce\/\" \/>\n<meta property=\"og:site_name\" content=\"Citta di Rovinj-Rovigno\" \/>\n<meta property=\"article:modified_time\" content=\"2025-10-19T19:07:45+00:00\" \/>\n<meta property=\"og:image\" content=\"https:\/\/www.rovinj-rovigno.hr\/wp-content\/uploads\/2025\/10\/1.jpg\" \/>\n<meta name=\"twitter:card\" content=\"summary_large_image\" \/>\n<meta name=\"twitter:label1\" content=\"Tempo di lettura stimato\" \/>\n\t<meta name=\"twitter:data1\" content=\"3 minuti\" \/>\n<script type=\"application\/ld+json\" class=\"yoast-schema-graph\">{\"@context\":\"https:\/\/schema.org\",\"@graph\":[{\"@type\":\"WebPage\",\"@id\":\"https:\/\/www.rovinj-rovigno.hr\/komunalni-sustav\/zastita-zivotinja\/urbani-pcelinjak-i-kucice-za-kukce\/\",\"url\":\"https:\/\/www.rovinj-rovigno.hr\/komunalni-sustav\/zastita-zivotinja\/urbani-pcelinjak-i-kucice-za-kukce\/\",\"name\":\"APIARIO URBANO E CASETTE PER INSETTI - Citta di Rovinj-Rovigno\",\"isPartOf\":{\"@id\":\"https:\/\/www.rovinj-rovigno.hr\/#website\"},\"datePublished\":\"2025-10-17T09:42:04+00:00\",\"dateModified\":\"2025-10-19T19:07:45+00:00\",\"breadcrumb\":{\"@id\":\"https:\/\/www.rovinj-rovigno.hr\/komunalni-sustav\/zastita-zivotinja\/urbani-pcelinjak-i-kucice-za-kukce\/#breadcrumb\"},\"inLanguage\":\"it-IT\",\"potentialAction\":[{\"@type\":\"ReadAction\",\"target\":[\"https:\/\/www.rovinj-rovigno.hr\/komunalni-sustav\/zastita-zivotinja\/urbani-pcelinjak-i-kucice-za-kukce\/\"]}]},{\"@type\":\"BreadcrumbList\",\"@id\":\"https:\/\/www.rovinj-rovigno.hr\/komunalni-sustav\/zastita-zivotinja\/urbani-pcelinjak-i-kucice-za-kukce\/#breadcrumb\",\"itemListElement\":[{\"@type\":\"ListItem\",\"position\":1,\"name\":\"Po\u010detna stranica\",\"item\":\"https:\/\/www.rovinj-rovigno.hr\/\"},{\"@type\":\"ListItem\",\"position\":2,\"name\":\"Komunalni sustav\",\"item\":\"https:\/\/www.rovinj-rovigno.hr\/komunalni-sustav\/\"},{\"@type\":\"ListItem\",\"position\":3,\"name\":\"Za\u0161tita \u017eivotinja\",\"item\":\"https:\/\/www.rovinj-rovigno.hr\/komunalni-sustav\/zastita-zivotinja\/\"},{\"@type\":\"ListItem\",\"position\":4,\"name\":\"URBANI P\u010cELINJAK I KU\u0106ICE ZA KUKCE\"}]},{\"@type\":\"WebSite\",\"@id\":\"https:\/\/www.rovinj-rovigno.hr\/#website\",\"url\":\"https:\/\/www.rovinj-rovigno.hr\/\",\"name\":\"Citta di Rovinj-Rovigno\",\"description\":\"Sito ufficiale della Citta di Rovinj-Rovigno\",\"potentialAction\":[{\"@type\":\"SearchAction\",\"target\":{\"@type\":\"EntryPoint\",\"urlTemplate\":\"https:\/\/www.rovinj-rovigno.hr\/?s={search_term_string}\"},\"query-input\":\"required name=search_term_string\"}],\"inLanguage\":\"it-IT\"}]}<\/script>\n<!-- \/ Yoast SEO plugin. -->","yoast_head_json":{"title":"APIARIO URBANO E CASETTE PER INSETTI - Citta di Rovinj-Rovigno","robots":{"index":"index","follow":"follow","max-snippet":"max-snippet:-1","max-image-preview":"max-image-preview:large","max-video-preview":"max-video-preview:-1"},"canonical":"https:\/\/www.rovinj-rovigno.hr\/komunalni-sustav\/zastita-zivotinja\/urbani-pcelinjak-i-kucice-za-kukce\/","og_locale":"it_IT","og_type":"article","og_title":"APIARIO URBANO E CASETTE PER INSETTI - Citta di Rovinj-Rovigno","og_description":"La Citt\u00e0 di Rovinj-Rovigno ha celebrato la Giornata della Terra, il 22 aprile 2025, installando il primo apiario urbano sul proprio territorio. Con questa iniziativa, Rovigno si unisce alle citt\u00e0 che agiscono attivamente e concretamente per la tutela della natura, delle api e della biodiversit\u00e0. L\u2019apiario urbano \u00e8 stato posizionato nella zona di Cuvi, con [&hellip;]","og_url":"https:\/\/www.rovinj-rovigno.hr\/komunalni-sustav\/zastita-zivotinja\/urbani-pcelinjak-i-kucice-za-kukce\/","og_site_name":"Citta di Rovinj-Rovigno","article_modified_time":"2025-10-19T19:07:45+00:00","og_image":[{"url":"https:\/\/www.rovinj-rovigno.hr\/wp-content\/uploads\/2025\/10\/1.jpg"}],"twitter_card":"summary_large_image","twitter_misc":{"Tempo di lettura stimato":"3 minuti"},"schema":{"@context":"https:\/\/schema.org","@graph":[{"@type":"WebPage","@id":"https:\/\/www.rovinj-rovigno.hr\/komunalni-sustav\/zastita-zivotinja\/urbani-pcelinjak-i-kucice-za-kukce\/","url":"https:\/\/www.rovinj-rovigno.hr\/komunalni-sustav\/zastita-zivotinja\/urbani-pcelinjak-i-kucice-za-kukce\/","name":"APIARIO URBANO E CASETTE PER INSETTI - Citta di Rovinj-Rovigno","isPartOf":{"@id":"https:\/\/www.rovinj-rovigno.hr\/#website"},"datePublished":"2025-10-17T09:42:04+00:00","dateModified":"2025-10-19T19:07:45+00:00","breadcrumb":{"@id":"https:\/\/www.rovinj-rovigno.hr\/komunalni-sustav\/zastita-zivotinja\/urbani-pcelinjak-i-kucice-za-kukce\/#breadcrumb"},"inLanguage":"it-IT","potentialAction":[{"@type":"ReadAction","target":["https:\/\/www.rovinj-rovigno.hr\/komunalni-sustav\/zastita-zivotinja\/urbani-pcelinjak-i-kucice-za-kukce\/"]}]},{"@type":"BreadcrumbList","@id":"https:\/\/www.rovinj-rovigno.hr\/komunalni-sustav\/zastita-zivotinja\/urbani-pcelinjak-i-kucice-za-kukce\/#breadcrumb","itemListElement":[{"@type":"ListItem","position":1,"name":"Po\u010detna stranica","item":"https:\/\/www.rovinj-rovigno.hr\/"},{"@type":"ListItem","position":2,"name":"Komunalni sustav","item":"https:\/\/www.rovinj-rovigno.hr\/komunalni-sustav\/"},{"@type":"ListItem","position":3,"name":"Za\u0161tita \u017eivotinja","item":"https:\/\/www.rovinj-rovigno.hr\/komunalni-sustav\/zastita-zivotinja\/"},{"@type":"ListItem","position":4,"name":"URBANI P\u010cELINJAK I KU\u0106ICE ZA KUKCE"}]},{"@type":"WebSite","@id":"https:\/\/www.rovinj-rovigno.hr\/#website","url":"https:\/\/www.rovinj-rovigno.hr\/","name":"Citta di Rovinj-Rovigno","description":"Sito ufficiale della Citta di Rovinj-Rovigno","potentialAction":[{"@type":"SearchAction","target":{"@type":"EntryPoint","urlTemplate":"https:\/\/www.rovinj-rovigno.hr\/?s={search_term_string}"},"query-input":"required name=search_term_string"}],"inLanguage":"it-IT"}]}},"_links":{"self":[{"href":"https:\/\/www.rovinj-rovigno.hr\/it\/wp-json\/wp\/v2\/pages\/47982"}],"collection":[{"href":"https:\/\/www.rovinj-rovigno.hr\/it\/wp-json\/wp\/v2\/pages"}],"about":[{"href":"https:\/\/www.rovinj-rovigno.hr\/it\/wp-json\/wp\/v2\/types\/page"}],"author":[{"embeddable":true,"href":"https:\/\/www.rovinj-rovigno.hr\/it\/wp-json\/wp\/v2\/users\/2"}],"replies":[{"embeddable":true,"href":"https:\/\/www.rovinj-rovigno.hr\/it\/wp-json\/wp\/v2\/comments?post=47982"}],"version-history":[{"count":2,"href":"https:\/\/www.rovinj-rovigno.hr\/it\/wp-json\/wp\/v2\/pages\/47982\/revisions"}],"predecessor-version":[{"id":47995,"href":"https:\/\/www.rovinj-rovigno.hr\/it\/wp-json\/wp\/v2\/pages\/47982\/revisions\/47995"}],"up":[{"embeddable":true,"href":"https:\/\/www.rovinj-rovigno.hr\/it\/wp-json\/wp\/v2\/pages\/641"}],"wp:attachment":[{"href":"https:\/\/www.rovinj-rovigno.hr\/it\/wp-json\/wp\/v2\/media?parent=47982"}],"curies":[{"name":"wp","href":"https:\/\/api.w.org\/{rel}","templated":true}]}}