{"id":465,"date":"2016-11-28T09:08:07","date_gmt":"2016-11-28T09:08:07","guid":{"rendered":"http:\/\/rovinjhr.lin53.host25.com\/?page_id=465"},"modified":"2017-06-15T11:47:29","modified_gmt":"2017-06-15T09:47:29","slug":"gospodarska-zona-brunelka-rovinjsko-selo","status":"publish","type":"page","link":"https:\/\/www.rovinj-rovigno.hr\/it\/economia\/hrvatski-gospodarske-zone\/hrvatski-gospodarska-zona-brunelka-rovinjsko-selo\/","title":{"rendered":"Zona imprenditoriale Brunelka \u2013 Villa di Rovigno"},"content":{"rendered":"<p><strong>DATI GENERALI SULLA ZONA<\/strong><\/p>\n<p>In conformit\u00e0 alla Delibera del Consiglio municipale della Citt\u00e0 di Rovigno (\u201cBollettino ufficiale della Citt\u00e0 di Rovinj-Rovigno\u201d, n. 8\/2007) \u00e8 stata emanata la Delibera sull\u2019emanazione del Piano d\u2019assetto urbanistico dell\u2019abitato di Villa di Rovigno. Nel Piano d\u2019assetto urbanistico la zona imprenditoriale \u00e8 contrassegnata con l\u2019indicazione I2 \u2013 destinazione economica, produttiva e d\u2019affari. Per aree di destinazione produttiva e d\u2019affari si sottintendono le superfici all\u2019interno delle quali \u00e8 possibile collocare su una particella edile, insieme agli edifici ausiliari, un edificio a finalit\u00e0 produttiva oppure d\u2019affari. Con invito pubblico si presenta la prima fase di realizzazione della zona imprenditoriale della superficie totale di 9060 m\u00b2.<br \/>\nNella prima fase la zona verr\u00e0 realizzata sulla p.c. 665\/7 e sulla p.c. 665\/1 C.c. Villa di Rovigno. La zona \u00e8 collocata nelle vicinanze della strada statale D 303 dalla quale dista circa 100 m ed \u00e8 collegata alla principale strada locale. Lungo la zona imprenditoriale \u00e8 costruita l\u2019infrastruttura per il rifornimento idrico ed energetico.<br \/>\nAll\u2019interno della zona \u00e8 possibile formare pi\u00f9 particelle edili della superficie minima di 900 m\u00b2, la grandezza massima dipender\u00e0 dalla destinazione, ossia dall\u2019attivit\u00e0 d\u2019affari. La forma e la grandezza della particella edile verranno definite dal permesso di ubicazione. La zona sar\u00e0 attrezzata con gli impianti dell\u2019infrastruttura comunale: strada, illuminazione pubblica, rete idrica, DTK ed energia elettrica nonch\u00e9 lo scarico delle acque piovane dalla superficie stradale. Vista la mancanza di impianti pubblici di scarico delle acque (sanitarie, tecnologiche e piovane) di scolo, lo scarico verr\u00e0 risolto autonomamente all\u2019interno delle particelle.<\/p>\n<p>Tutte le informazioni in merito alla zona si possono ottenere al numero: 052 805 216.<\/p>\n<p><a href=\"http:\/\/rovinj.hr\/rovinj\/dokumenti\/gospodarstvo\/poticanje-poduzetnistva\/poduzetnicka-zona-rv-selo-2011\/Graficki%20prikaz%20Brunelka.pdf\">Grafi\u010dki prikaz Brunelka<\/a><br \/>\n<a href=\"http:\/\/www.rovinj-rovigno.hr\/wp-content\/uploads\/2016\/11\/Izvod-iz-prostornog-plana-poduzetnicka-zona-Rovinjsko-Selo.pdf\">Izvod iz prostornog plana poduzetni\u010dka zona Rovinjsko Selo<\/a><br \/>\n<a href=\"http:\/\/www.rovinj-rovigno.hr\/wp-content\/uploads\/2016\/11\/Prezentacija-poduzetnicka-zona-Rovinjsko-Selo-hrv.ppt.zip\">Prezentacija poduzetni\u010dka zona Rovinjsko Selo<\/a><\/p>","protected":false},"excerpt":{"rendered":"<p>DATI GENERALI SULLA ZONA In conformit\u00e0 alla Delibera del Consiglio municipale della Citt\u00e0 di Rovigno (\u201cBollettino ufficiale della Citt\u00e0 di Rovinj-Rovigno\u201d, n. 8\/2007) \u00e8 stata emanata la Delibera sull\u2019emanazione del Piano d\u2019assetto urbanistico dell\u2019abitato di Villa di Rovigno. Nel Piano d\u2019assetto urbanistico la zona imprenditoriale \u00e8 contrassegnata con l\u2019indicazione I2 \u2013 destinazione economica, produttiva e [&hellip;]<\/p>\n","protected":false},"author":2,"featured_media":0,"parent":458,"menu_order":47,"comment_status":"closed","ping_status":"closed","template":"","meta":[],"yoast_head":"<!-- This site is optimized with the Yoast SEO plugin v21.8.1 - https:\/\/yoast.com\/wordpress\/plugins\/seo\/ -->\n<title>Zona imprenditoriale Brunelka \u2013 Villa di Rovigno - Citta di Rovinj-Rovigno<\/title>\n<meta name=\"robots\" content=\"index, follow, max-snippet:-1, max-image-preview:large, max-video-preview:-1\" \/>\n<link rel=\"canonical\" href=\"https:\/\/www.rovinj-rovigno.hr\/it\/economia\/hrvatski-gospodarske-zone\/hrvatski-gospodarska-zona-brunelka-rovinjsko-selo\/\" \/>\n<meta property=\"og:locale\" content=\"it_IT\" \/>\n<meta property=\"og:type\" content=\"article\" \/>\n<meta property=\"og:title\" content=\"Zona imprenditoriale Brunelka \u2013 Villa di Rovigno - Citta di Rovinj-Rovigno\" \/>\n<meta property=\"og:description\" content=\"DATI GENERALI SULLA ZONA In conformit\u00e0 alla Delibera del Consiglio municipale della Citt\u00e0 di Rovigno (\u201cBollettino ufficiale della Citt\u00e0 di Rovinj-Rovigno\u201d, n. 8\/2007) \u00e8 stata emanata la Delibera sull\u2019emanazione del Piano d\u2019assetto urbanistico dell\u2019abitato di Villa di Rovigno. Nel Piano d\u2019assetto urbanistico la zona imprenditoriale \u00e8 contrassegnata con l\u2019indicazione I2 \u2013 destinazione economica, produttiva e [&hellip;]\" \/>\n<meta property=\"og:url\" content=\"https:\/\/www.rovinj-rovigno.hr\/it\/economia\/hrvatski-gospodarske-zone\/hrvatski-gospodarska-zona-brunelka-rovinjsko-selo\/\" \/>\n<meta property=\"og:site_name\" content=\"Citta di Rovinj-Rovigno\" \/>\n<meta property=\"article:modified_time\" content=\"2017-06-15T09:47:29+00:00\" \/>\n<meta name=\"twitter:card\" content=\"summary_large_image\" \/>\n<meta name=\"twitter:label1\" content=\"Tempo di lettura stimato\" \/>\n\t<meta name=\"twitter:data1\" content=\"3 minuti\" \/>\n<script type=\"application\/ld+json\" class=\"yoast-schema-graph\">{\"@context\":\"https:\/\/schema.org\",\"@graph\":[{\"@type\":\"WebPage\",\"@id\":\"https:\/\/www.rovinj-rovigno.hr\/it\/economia\/hrvatski-gospodarske-zone\/hrvatski-gospodarska-zona-brunelka-rovinjsko-selo\/\",\"url\":\"https:\/\/www.rovinj-rovigno.hr\/it\/economia\/hrvatski-gospodarske-zone\/hrvatski-gospodarska-zona-brunelka-rovinjsko-selo\/\",\"name\":\"Zona imprenditoriale Brunelka \u2013 Villa di Rovigno - Citta di Rovinj-Rovigno\",\"isPartOf\":{\"@id\":\"https:\/\/www.rovinj-rovigno.hr\/#website\"},\"datePublished\":\"2016-11-28T09:08:07+00:00\",\"dateModified\":\"2017-06-15T09:47:29+00:00\",\"breadcrumb\":{\"@id\":\"https:\/\/www.rovinj-rovigno.hr\/it\/economia\/hrvatski-gospodarske-zone\/hrvatski-gospodarska-zona-brunelka-rovinjsko-selo\/#breadcrumb\"},\"inLanguage\":\"it-IT\",\"potentialAction\":[{\"@type\":\"ReadAction\",\"target\":[\"https:\/\/www.rovinj-rovigno.hr\/it\/economia\/hrvatski-gospodarske-zone\/hrvatski-gospodarska-zona-brunelka-rovinjsko-selo\/\"]}]},{\"@type\":\"BreadcrumbList\",\"@id\":\"https:\/\/www.rovinj-rovigno.hr\/it\/economia\/hrvatski-gospodarske-zone\/hrvatski-gospodarska-zona-brunelka-rovinjsko-selo\/#breadcrumb\",\"itemListElement\":[{\"@type\":\"ListItem\",\"position\":1,\"name\":\"Po\u010detna stranica\",\"item\":\"https:\/\/www.rovinj-rovigno.hr\/\"},{\"@type\":\"ListItem\",\"position\":2,\"name\":\"Economia\",\"item\":\"https:\/\/www.rovinj-rovigno.hr\/it\/economia\/\"},{\"@type\":\"ListItem\",\"position\":3,\"name\":\"Zone imprenditoriali\",\"item\":\"https:\/\/www.rovinj-rovigno.hr\/it\/economia\/hrvatski-gospodarske-zone\/\"},{\"@type\":\"ListItem\",\"position\":4,\"name\":\"Zona imprenditoriale Brunelka \u2013 Villa di Rovigno\"}]},{\"@type\":\"WebSite\",\"@id\":\"https:\/\/www.rovinj-rovigno.hr\/#website\",\"url\":\"https:\/\/www.rovinj-rovigno.hr\/\",\"name\":\"Citta di Rovinj-Rovigno\",\"description\":\"Sito ufficiale della Citta di Rovinj-Rovigno\",\"potentialAction\":[{\"@type\":\"SearchAction\",\"target\":{\"@type\":\"EntryPoint\",\"urlTemplate\":\"https:\/\/www.rovinj-rovigno.hr\/?s={search_term_string}\"},\"query-input\":\"required name=search_term_string\"}],\"inLanguage\":\"it-IT\"}]}<\/script>\n<!-- \/ Yoast SEO plugin. -->","yoast_head_json":{"title":"Zona imprenditoriale Brunelka \u2013 Villa di Rovigno - Citta di Rovinj-Rovigno","robots":{"index":"index","follow":"follow","max-snippet":"max-snippet:-1","max-image-preview":"max-image-preview:large","max-video-preview":"max-video-preview:-1"},"canonical":"https:\/\/www.rovinj-rovigno.hr\/it\/economia\/hrvatski-gospodarske-zone\/hrvatski-gospodarska-zona-brunelka-rovinjsko-selo\/","og_locale":"it_IT","og_type":"article","og_title":"Zona imprenditoriale Brunelka \u2013 Villa di Rovigno - Citta di Rovinj-Rovigno","og_description":"DATI GENERALI SULLA ZONA In conformit\u00e0 alla Delibera del Consiglio municipale della Citt\u00e0 di Rovigno (\u201cBollettino ufficiale della Citt\u00e0 di Rovinj-Rovigno\u201d, n. 8\/2007) \u00e8 stata emanata la Delibera sull\u2019emanazione del Piano d\u2019assetto urbanistico dell\u2019abitato di Villa di Rovigno. Nel Piano d\u2019assetto urbanistico la zona imprenditoriale \u00e8 contrassegnata con l\u2019indicazione I2 \u2013 destinazione economica, produttiva e [&hellip;]","og_url":"https:\/\/www.rovinj-rovigno.hr\/it\/economia\/hrvatski-gospodarske-zone\/hrvatski-gospodarska-zona-brunelka-rovinjsko-selo\/","og_site_name":"Citta di Rovinj-Rovigno","article_modified_time":"2017-06-15T09:47:29+00:00","twitter_card":"summary_large_image","twitter_misc":{"Tempo di lettura stimato":"3 minuti"},"schema":{"@context":"https:\/\/schema.org","@graph":[{"@type":"WebPage","@id":"https:\/\/www.rovinj-rovigno.hr\/it\/economia\/hrvatski-gospodarske-zone\/hrvatski-gospodarska-zona-brunelka-rovinjsko-selo\/","url":"https:\/\/www.rovinj-rovigno.hr\/it\/economia\/hrvatski-gospodarske-zone\/hrvatski-gospodarska-zona-brunelka-rovinjsko-selo\/","name":"Zona imprenditoriale Brunelka \u2013 Villa di Rovigno - Citta di Rovinj-Rovigno","isPartOf":{"@id":"https:\/\/www.rovinj-rovigno.hr\/#website"},"datePublished":"2016-11-28T09:08:07+00:00","dateModified":"2017-06-15T09:47:29+00:00","breadcrumb":{"@id":"https:\/\/www.rovinj-rovigno.hr\/it\/economia\/hrvatski-gospodarske-zone\/hrvatski-gospodarska-zona-brunelka-rovinjsko-selo\/#breadcrumb"},"inLanguage":"it-IT","potentialAction":[{"@type":"ReadAction","target":["https:\/\/www.rovinj-rovigno.hr\/it\/economia\/hrvatski-gospodarske-zone\/hrvatski-gospodarska-zona-brunelka-rovinjsko-selo\/"]}]},{"@type":"BreadcrumbList","@id":"https:\/\/www.rovinj-rovigno.hr\/it\/economia\/hrvatski-gospodarske-zone\/hrvatski-gospodarska-zona-brunelka-rovinjsko-selo\/#breadcrumb","itemListElement":[{"@type":"ListItem","position":1,"name":"Po\u010detna stranica","item":"https:\/\/www.rovinj-rovigno.hr\/"},{"@type":"ListItem","position":2,"name":"Economia","item":"https:\/\/www.rovinj-rovigno.hr\/it\/economia\/"},{"@type":"ListItem","position":3,"name":"Zone imprenditoriali","item":"https:\/\/www.rovinj-rovigno.hr\/it\/economia\/hrvatski-gospodarske-zone\/"},{"@type":"ListItem","position":4,"name":"Zona imprenditoriale Brunelka \u2013 Villa di Rovigno"}]},{"@type":"WebSite","@id":"https:\/\/www.rovinj-rovigno.hr\/#website","url":"https:\/\/www.rovinj-rovigno.hr\/","name":"Citta di Rovinj-Rovigno","description":"Sito ufficiale della Citta di Rovinj-Rovigno","potentialAction":[{"@type":"SearchAction","target":{"@type":"EntryPoint","urlTemplate":"https:\/\/www.rovinj-rovigno.hr\/?s={search_term_string}"},"query-input":"required name=search_term_string"}],"inLanguage":"it-IT"}]}},"_links":{"self":[{"href":"https:\/\/www.rovinj-rovigno.hr\/it\/wp-json\/wp\/v2\/pages\/465"}],"collection":[{"href":"https:\/\/www.rovinj-rovigno.hr\/it\/wp-json\/wp\/v2\/pages"}],"about":[{"href":"https:\/\/www.rovinj-rovigno.hr\/it\/wp-json\/wp\/v2\/types\/page"}],"author":[{"embeddable":true,"href":"https:\/\/www.rovinj-rovigno.hr\/it\/wp-json\/wp\/v2\/users\/2"}],"replies":[{"embeddable":true,"href":"https:\/\/www.rovinj-rovigno.hr\/it\/wp-json\/wp\/v2\/comments?post=465"}],"version-history":[{"count":0,"href":"https:\/\/www.rovinj-rovigno.hr\/it\/wp-json\/wp\/v2\/pages\/465\/revisions"}],"up":[{"embeddable":true,"href":"https:\/\/www.rovinj-rovigno.hr\/it\/wp-json\/wp\/v2\/pages\/458"}],"wp:attachment":[{"href":"https:\/\/www.rovinj-rovigno.hr\/it\/wp-json\/wp\/v2\/media?parent=465"}],"curies":[{"name":"wp","href":"https:\/\/api.w.org\/{rel}","templated":true}]}}