{"id":4375,"date":"2017-08-02T09:02:59","date_gmt":"2017-08-02T07:02:59","guid":{"rendered":"http:\/\/www.rovinj-rovigno.hr\/?page_id=4375"},"modified":"2017-08-02T09:02:59","modified_gmt":"2017-08-02T07:02:59","slug":"detaljni-plan-uredenja-naselja-salteria","status":"publish","type":"page","link":"https:\/\/www.rovinj-rovigno.hr\/it\/hrvatski-prostorno-uredenje-gradnja-i-okolis\/hrvatski-dokumenti-prostornog-uredenja\/hrvatski-planovi-na-snazi\/piano-dassetto-dettagliato-della-zona-residenziale-salteria\/","title":{"rendered":"Piano d&#8217;assetto dettagliato della zona residenziale Salteria"},"content":{"rendered":"<table border=\"0\" width=\"100%\" cellspacing=\"2\" cellpadding=\"2\" align=\"center\">\n<tbody>\n<tr>\n<td align=\"center\"><a href=\"\/documents\/gradnja\/salteria\/DPU SALTERIA-2012-0-POSTOJECE.pdf\" target=\"blank\"><img decoding=\"async\" loading=\"lazy\" src=\"\/documents\/gradnja\/salteria\/1.jpg\" alt=\"Salteria\" width=\"200\" height=\"56\" \/><\/a><\/td>\n<td align=\"center\"><a href=\"\/documents\/gradnja\/salteria\/DPU SALTERIA-2012-1-NAMJENA.pdf\" target=\"blank\"><img decoding=\"async\" loading=\"lazy\" src=\"\/documents\/gradnja\/salteria\/2.jpg\" alt=\"Salteria\" width=\"200\" height=\"56\" \/><\/a><\/td>\n<td align=\"center\"><a href=\"\/documents\/gradnja\/salteria\/DPU SALTERIA-2012-2-1-PROMET.pdf\" target=\"blank\"><img decoding=\"async\" loading=\"lazy\" src=\"\/documents\/gradnja\/salteria\/3.jpg\" alt=\"Salteria\" width=\"200\" height=\"56\" \/><\/a><\/td>\n<\/tr>\n<tr>\n<td align=\"center\" valign=\"top\">Postoje\u0107e stanje<\/td>\n<td align=\"center\" valign=\"top\">Namjena<\/td>\n<td align=\"center\" valign=\"top\">Promet<\/td>\n<\/tr>\n<tr>\n<td align=\"center\"><a href=\"\/documents\/gradnja\/salteria\/DPU SALTERIA-2012-2-2-TELE-ENERG.pdf\" target=\"blank\"><img decoding=\"async\" loading=\"lazy\" src=\"\/documents\/gradnja\/salteria\/4.jpg\" alt=\"Salteria\" width=\"200\" height=\"56\" \/><\/a><\/td>\n<td align=\"center\"><a href=\"\/documents\/gradnja\/salteria\/DPU SALTERIA-2012-2-3-VODO-ODVOD.pdf\" target=\"blank\"><img decoding=\"async\" loading=\"lazy\" src=\"\/documents\/gradnja\/salteria\/5.jpg\" alt=\"Salteria\" width=\"200\" height=\"56\" \/><\/a><\/td>\n<td align=\"center\"><a href=\"\/documents\/gradnja\/salteria\/DPU SALTERIA-2012-3-ZASTITA.pdf\" target=\"blank\"><img decoding=\"async\" loading=\"lazy\" src=\"\/documents\/gradnja\/salteria\/6.jpg\" alt=\"Salteria\" width=\"200\" height=\"56\" \/><\/a><\/td>\n<\/tr>\n<tr>\n<td align=\"center\" valign=\"top\">Telekomunikacije i elektrika<\/td>\n<td align=\"center\" valign=\"top\">Vodoopskrba i odvodnja<\/td>\n<td align=\"center\" valign=\"top\">Za\u0161tita<\/td>\n<\/tr>\n<tr>\n<td align=\"center\"><a href=\"\/documents\/gradnja\/salteria\/DPU SALTERIA-2012-4-UVJETI.pdf\" target=\"blank\"><img decoding=\"async\" loading=\"lazy\" src=\"\/documents\/gradnja\/salteria\/6.jpg\" alt=\"Salteria\" width=\"200\" height=\"56\" \/><\/a><\/td>\n<td align=\"center\"><\/td>\n<td align=\"center\"><\/td>\n<\/tr>\n<tr>\n<td align=\"center\" valign=\"top\">Detaljni uvjeti kori\u0161tenja<\/td>\n<td align=\"center\" valign=\"top\"><\/td>\n<td align=\"center\" valign=\"top\"><\/td>\n<\/tr>\n<\/tbody>\n<\/table>\n<p>&nbsp;<\/p>\n","protected":false},"excerpt":{"rendered":"<p>Postoje\u0107e stanje Namjena Promet Telekomunikacije i elektrika Vodoopskrba i odvodnja Za\u0161tita Detaljni uvjeti kori\u0161tenja &nbsp;<\/p>\n","protected":false},"author":2,"featured_media":0,"parent":512,"menu_order":6,"comment_status":"closed","ping_status":"closed","template":"","meta":[],"yoast_head":"<!-- This site is optimized with the Yoast SEO plugin v21.8.1 - https:\/\/yoast.com\/wordpress\/plugins\/seo\/ -->\n<title>Piano d&#039;assetto dettagliato della zona residenziale Salteria - Citta di Rovinj-Rovigno<\/title>\n<meta name=\"robots\" content=\"index, follow, max-snippet:-1, max-image-preview:large, max-video-preview:-1\" \/>\n<link rel=\"canonical\" href=\"https:\/\/www.rovinj-rovigno.hr\/prostorno-uredenje-gradnja-i-okolis\/dokumenti-prostornog-uredenja\/planovi-na-snazi\/detaljni-plan-uredenja-naselja-salteria\/\" \/>\n<meta property=\"og:locale\" content=\"it_IT\" \/>\n<meta property=\"og:type\" content=\"article\" \/>\n<meta property=\"og:title\" content=\"Piano d&#039;assetto dettagliato della zona residenziale Salteria - Citta di Rovinj-Rovigno\" \/>\n<meta property=\"og:description\" content=\"Postoje\u0107e stanje Namjena Promet Telekomunikacije i elektrika Vodoopskrba i odvodnja Za\u0161tita Detaljni uvjeti kori\u0161tenja &nbsp;\" \/>\n<meta property=\"og:url\" content=\"https:\/\/www.rovinj-rovigno.hr\/prostorno-uredenje-gradnja-i-okolis\/dokumenti-prostornog-uredenja\/planovi-na-snazi\/detaljni-plan-uredenja-naselja-salteria\/\" \/>\n<meta property=\"og:site_name\" content=\"Citta di Rovinj-Rovigno\" \/>\n<meta name=\"twitter:card\" content=\"summary_large_image\" \/>\n<script type=\"application\/ld+json\" class=\"yoast-schema-graph\">{\"@context\":\"https:\/\/schema.org\",\"@graph\":[{\"@type\":\"WebPage\",\"@id\":\"https:\/\/www.rovinj-rovigno.hr\/prostorno-uredenje-gradnja-i-okolis\/dokumenti-prostornog-uredenja\/planovi-na-snazi\/detaljni-plan-uredenja-naselja-salteria\/\",\"url\":\"https:\/\/www.rovinj-rovigno.hr\/prostorno-uredenje-gradnja-i-okolis\/dokumenti-prostornog-uredenja\/planovi-na-snazi\/detaljni-plan-uredenja-naselja-salteria\/\",\"name\":\"Piano d'assetto dettagliato della zona residenziale Salteria - Citta di Rovinj-Rovigno\",\"isPartOf\":{\"@id\":\"https:\/\/www.rovinj-rovigno.hr\/#website\"},\"datePublished\":\"2017-08-02T07:02:59+00:00\",\"dateModified\":\"2017-08-02T07:02:59+00:00\",\"breadcrumb\":{\"@id\":\"https:\/\/www.rovinj-rovigno.hr\/prostorno-uredenje-gradnja-i-okolis\/dokumenti-prostornog-uredenja\/planovi-na-snazi\/detaljni-plan-uredenja-naselja-salteria\/#breadcrumb\"},\"inLanguage\":\"it-IT\",\"potentialAction\":[{\"@type\":\"ReadAction\",\"target\":[\"https:\/\/www.rovinj-rovigno.hr\/prostorno-uredenje-gradnja-i-okolis\/dokumenti-prostornog-uredenja\/planovi-na-snazi\/detaljni-plan-uredenja-naselja-salteria\/\"]}]},{\"@type\":\"BreadcrumbList\",\"@id\":\"https:\/\/www.rovinj-rovigno.hr\/prostorno-uredenje-gradnja-i-okolis\/dokumenti-prostornog-uredenja\/planovi-na-snazi\/detaljni-plan-uredenja-naselja-salteria\/#breadcrumb\",\"itemListElement\":[{\"@type\":\"ListItem\",\"position\":1,\"name\":\"Po\u010detna stranica\",\"item\":\"https:\/\/www.rovinj-rovigno.hr\/\"},{\"@type\":\"ListItem\",\"position\":2,\"name\":\"Prostorno ure\u0111enje, gradnja i okoli\u0161\",\"item\":\"https:\/\/www.rovinj-rovigno.hr\/prostorno-uredenje-gradnja-i-okolis\/\"},{\"@type\":\"ListItem\",\"position\":3,\"name\":\"Dokumenti prostornog ure\u0111enja\",\"item\":\"https:\/\/www.rovinj-rovigno.hr\/prostorno-uredenje-gradnja-i-okolis\/dokumenti-prostornog-uredenja\/\"},{\"@type\":\"ListItem\",\"position\":4,\"name\":\"Planovi na snazi\",\"item\":\"https:\/\/www.rovinj-rovigno.hr\/prostorno-uredenje-gradnja-i-okolis\/dokumenti-prostornog-uredenja\/planovi-na-snazi\/\"},{\"@type\":\"ListItem\",\"position\":5,\"name\":\"Detaljni plan ure\u0111enja naselja SALTERIA\"}]},{\"@type\":\"WebSite\",\"@id\":\"https:\/\/www.rovinj-rovigno.hr\/#website\",\"url\":\"https:\/\/www.rovinj-rovigno.hr\/\",\"name\":\"Citta di Rovinj-Rovigno\",\"description\":\"Sito ufficiale della Citta di Rovinj-Rovigno\",\"potentialAction\":[{\"@type\":\"SearchAction\",\"target\":{\"@type\":\"EntryPoint\",\"urlTemplate\":\"https:\/\/www.rovinj-rovigno.hr\/?s={search_term_string}\"},\"query-input\":\"required name=search_term_string\"}],\"inLanguage\":\"it-IT\"}]}<\/script>\n<!-- \/ Yoast SEO plugin. -->","yoast_head_json":{"title":"Piano d'assetto dettagliato della zona residenziale Salteria - Citta di Rovinj-Rovigno","robots":{"index":"index","follow":"follow","max-snippet":"max-snippet:-1","max-image-preview":"max-image-preview:large","max-video-preview":"max-video-preview:-1"},"canonical":"https:\/\/www.rovinj-rovigno.hr\/prostorno-uredenje-gradnja-i-okolis\/dokumenti-prostornog-uredenja\/planovi-na-snazi\/detaljni-plan-uredenja-naselja-salteria\/","og_locale":"it_IT","og_type":"article","og_title":"Piano d'assetto dettagliato della zona residenziale Salteria - Citta di Rovinj-Rovigno","og_description":"Postoje\u0107e stanje Namjena Promet Telekomunikacije i elektrika Vodoopskrba i odvodnja Za\u0161tita Detaljni uvjeti kori\u0161tenja &nbsp;","og_url":"https:\/\/www.rovinj-rovigno.hr\/prostorno-uredenje-gradnja-i-okolis\/dokumenti-prostornog-uredenja\/planovi-na-snazi\/detaljni-plan-uredenja-naselja-salteria\/","og_site_name":"Citta di Rovinj-Rovigno","twitter_card":"summary_large_image","schema":{"@context":"https:\/\/schema.org","@graph":[{"@type":"WebPage","@id":"https:\/\/www.rovinj-rovigno.hr\/prostorno-uredenje-gradnja-i-okolis\/dokumenti-prostornog-uredenja\/planovi-na-snazi\/detaljni-plan-uredenja-naselja-salteria\/","url":"https:\/\/www.rovinj-rovigno.hr\/prostorno-uredenje-gradnja-i-okolis\/dokumenti-prostornog-uredenja\/planovi-na-snazi\/detaljni-plan-uredenja-naselja-salteria\/","name":"Piano d'assetto dettagliato della zona residenziale Salteria - Citta di Rovinj-Rovigno","isPartOf":{"@id":"https:\/\/www.rovinj-rovigno.hr\/#website"},"datePublished":"2017-08-02T07:02:59+00:00","dateModified":"2017-08-02T07:02:59+00:00","breadcrumb":{"@id":"https:\/\/www.rovinj-rovigno.hr\/prostorno-uredenje-gradnja-i-okolis\/dokumenti-prostornog-uredenja\/planovi-na-snazi\/detaljni-plan-uredenja-naselja-salteria\/#breadcrumb"},"inLanguage":"it-IT","potentialAction":[{"@type":"ReadAction","target":["https:\/\/www.rovinj-rovigno.hr\/prostorno-uredenje-gradnja-i-okolis\/dokumenti-prostornog-uredenja\/planovi-na-snazi\/detaljni-plan-uredenja-naselja-salteria\/"]}]},{"@type":"BreadcrumbList","@id":"https:\/\/www.rovinj-rovigno.hr\/prostorno-uredenje-gradnja-i-okolis\/dokumenti-prostornog-uredenja\/planovi-na-snazi\/detaljni-plan-uredenja-naselja-salteria\/#breadcrumb","itemListElement":[{"@type":"ListItem","position":1,"name":"Po\u010detna stranica","item":"https:\/\/www.rovinj-rovigno.hr\/"},{"@type":"ListItem","position":2,"name":"Prostorno ure\u0111enje, gradnja i okoli\u0161","item":"https:\/\/www.rovinj-rovigno.hr\/prostorno-uredenje-gradnja-i-okolis\/"},{"@type":"ListItem","position":3,"name":"Dokumenti prostornog ure\u0111enja","item":"https:\/\/www.rovinj-rovigno.hr\/prostorno-uredenje-gradnja-i-okolis\/dokumenti-prostornog-uredenja\/"},{"@type":"ListItem","position":4,"name":"Planovi na snazi","item":"https:\/\/www.rovinj-rovigno.hr\/prostorno-uredenje-gradnja-i-okolis\/dokumenti-prostornog-uredenja\/planovi-na-snazi\/"},{"@type":"ListItem","position":5,"name":"Detaljni plan ure\u0111enja naselja SALTERIA"}]},{"@type":"WebSite","@id":"https:\/\/www.rovinj-rovigno.hr\/#website","url":"https:\/\/www.rovinj-rovigno.hr\/","name":"Citta di Rovinj-Rovigno","description":"Sito ufficiale della Citta di Rovinj-Rovigno","potentialAction":[{"@type":"SearchAction","target":{"@type":"EntryPoint","urlTemplate":"https:\/\/www.rovinj-rovigno.hr\/?s={search_term_string}"},"query-input":"required name=search_term_string"}],"inLanguage":"it-IT"}]}},"_links":{"self":[{"href":"https:\/\/www.rovinj-rovigno.hr\/it\/wp-json\/wp\/v2\/pages\/4375"}],"collection":[{"href":"https:\/\/www.rovinj-rovigno.hr\/it\/wp-json\/wp\/v2\/pages"}],"about":[{"href":"https:\/\/www.rovinj-rovigno.hr\/it\/wp-json\/wp\/v2\/types\/page"}],"author":[{"embeddable":true,"href":"https:\/\/www.rovinj-rovigno.hr\/it\/wp-json\/wp\/v2\/users\/2"}],"replies":[{"embeddable":true,"href":"https:\/\/www.rovinj-rovigno.hr\/it\/wp-json\/wp\/v2\/comments?post=4375"}],"version-history":[{"count":0,"href":"https:\/\/www.rovinj-rovigno.hr\/it\/wp-json\/wp\/v2\/pages\/4375\/revisions"}],"up":[{"embeddable":true,"href":"https:\/\/www.rovinj-rovigno.hr\/it\/wp-json\/wp\/v2\/pages\/512"}],"wp:attachment":[{"href":"https:\/\/www.rovinj-rovigno.hr\/it\/wp-json\/wp\/v2\/media?parent=4375"}],"curies":[{"name":"wp","href":"https:\/\/api.w.org\/{rel}","templated":true}]}}