{"id":4372,"date":"2017-08-02T08:56:13","date_gmt":"2017-08-02T06:56:13","guid":{"rendered":"http:\/\/www.rovinj-rovigno.hr\/?page_id=4372"},"modified":"2017-08-02T08:56:13","modified_gmt":"2017-08-02T06:56:13","slug":"urbanisticki-plan-uredenja-gospodarske-zone-gripole-spine","status":"publish","type":"page","link":"https:\/\/www.rovinj-rovigno.hr\/it\/hrvatski-prostorno-uredenje-gradnja-i-okolis\/hrvatski-dokumenti-prostornog-uredenja\/hrvatski-planovi-na-snazi\/piano-regolatore-dellarea-economica-gripole-spine\/","title":{"rendered":"Piano regolatore dell&#8217;area economica &#8220;Gripole-Spin\u00e8&#8221;"},"content":{"rendered":"<table border=\"0\" width=\"100%\" cellspacing=\"2\" cellpadding=\"2\" align=\"center\">\n<tbody>\n<tr>\n<td align=\"center\"><a href=\"\/documents\/gradnja\/gripole-2014\/1_Koristenje i namjena povrsina.pdf\" target=\"blank\"><img decoding=\"async\" loading=\"lazy\" src=\"\/documents\/gradnja\/gripole-2014\/1.jpg\" alt=\"Salteria\" width=\"200\" height=\"150\" \/><\/a><\/td>\n<td align=\"center\"><a href=\"\/documents\/gradnja\/gripole-2014\/2_1_Prometna i ulicna mreza.pdf\" target=\"blank\"><img decoding=\"async\" loading=\"lazy\" src=\"\/documents\/gradnja\/gripole-2014\/2.jpg\" alt=\"Salteria\" width=\"200\" height=\"153\" \/><\/a><\/td>\n<td align=\"center\"><a href=\"\/documents\/gradnja\/gripole-2014\/2_2_Javne telekomunikacije.pdf\" target=\"blank\"><img decoding=\"async\" loading=\"lazy\" src=\"\/documents\/gradnja\/gripole-2014\/3.jpg\" alt=\"Salteria\" width=\"200\" height=\"153\" \/><\/a><\/td>\n<\/tr>\n<tr>\n<td align=\"center\" valign=\"top\">Kori\u0161tenje i namjena povr\u0161ina<\/td>\n<td align=\"center\" valign=\"top\">Prometna i uli\u010dna mre\u017ea<\/td>\n<td align=\"center\" valign=\"top\">Javne telekomunkacije<\/td>\n<\/tr>\n<tr>\n<td align=\"center\"><a href=\"\/documents\/gradnja\/gripole-2014\/2_3_Plinoopskrba i elektroopskrba.pdf\" target=\"blank\"><img decoding=\"async\" loading=\"lazy\" src=\"\/documents\/gradnja\/gripole-2014\/4.jpg\" alt=\"Salteria\" width=\"200\" height=\"153\" \/><\/a><\/td>\n<td align=\"center\"><a href=\"\/documents\/gradnja\/gripole-2014\/2_4_Vodoopskrba.pdf\" target=\"blank\"><img decoding=\"async\" loading=\"lazy\" src=\"\/documents\/gradnja\/gripole-2014\/5.jpg\" alt=\"Salteria\" width=\"200\" height=\"153\" \/><\/a><\/td>\n<td align=\"center\"><a href=\"\/documents\/gradnja\/gripole-2014\/2_5_Odvodnja otpadnih voda.pdf\" target=\"blank\"><img decoding=\"async\" loading=\"lazy\" src=\"\/documents\/gradnja\/gripole-2014\/6.jpg\" alt=\"Salteria\" width=\"200\" height=\"153\" \/><\/a><\/td>\n<\/tr>\n<tr>\n<td align=\"center\" valign=\"top\">Plinoopskrba i elektroopskrba<\/td>\n<td align=\"center\" valign=\"top\">Vodoopskrba<\/td>\n<td align=\"center\" valign=\"top\">Odvodnja otpadnih voda<\/td>\n<\/tr>\n<tr>\n<td align=\"center\"><a href=\"\/documents\/gradnja\/gripole-2014\/3_Uvjeti koristenja uredenja i gradnje.pdf\" target=\"blank\"><img decoding=\"async\" loading=\"lazy\" src=\"\/documents\/gradnja\/gripole-2014\/6.jpg\" alt=\"Salteria\" width=\"200\" height=\"153\" \/><\/a><\/td>\n<td align=\"center\"><a href=\"\/documents\/gradnja\/gripole-2014\/4_Oblici koristenja nacin i uvjeti gradnje.pdf\" target=\"blank\"><img decoding=\"async\" loading=\"lazy\" src=\"\/documents\/gradnja\/gripole-2014\/6.jpg\" alt=\"Salteria\" width=\"200\" height=\"153\" \/><\/a><\/td>\n<td align=\"center\"><\/td>\n<\/tr>\n<tr>\n<td align=\"center\" valign=\"top\">Uvjeti kori\u0161tenja, uredenja i zastite povrsina<\/td>\n<td align=\"center\" valign=\"top\">Oblici kori\u0161tenja, na\u010din i uvjeti gradnje<\/td>\n<td align=\"center\" valign=\"top\"><\/td>\n<\/tr>\n<\/tbody>\n<\/table>\n<p>&nbsp;<\/p>\n","protected":false},"excerpt":{"rendered":"<p>Kori\u0161tenje i namjena povr\u0161ina Prometna i uli\u010dna mre\u017ea Javne telekomunkacije Plinoopskrba i elektroopskrba Vodoopskrba Odvodnja otpadnih voda Uvjeti kori\u0161tenja, uredenja i zastite povrsina Oblici kori\u0161tenja, na\u010din i uvjeti gradnje &nbsp;<\/p>\n","protected":false},"author":2,"featured_media":0,"parent":512,"menu_order":6,"comment_status":"closed","ping_status":"closed","template":"","meta":[],"yoast_head":"<!-- This site is optimized with the Yoast SEO plugin v21.8.1 - https:\/\/yoast.com\/wordpress\/plugins\/seo\/ -->\n<title>Piano regolatore dell&#039;area economica &quot;Gripole-Spin\u00e8&quot; - Citta di Rovinj-Rovigno<\/title>\n<meta name=\"robots\" content=\"index, follow, max-snippet:-1, max-image-preview:large, max-video-preview:-1\" \/>\n<link rel=\"canonical\" href=\"https:\/\/www.rovinj-rovigno.hr\/prostorno-uredenje-gradnja-i-okolis\/dokumenti-prostornog-uredenja\/planovi-na-snazi\/urbanisticki-plan-uredenja-gospodarske-zone-gripole-spine\/\" \/>\n<meta property=\"og:locale\" content=\"it_IT\" \/>\n<meta property=\"og:type\" content=\"article\" \/>\n<meta property=\"og:title\" content=\"Piano regolatore dell&#039;area economica &quot;Gripole-Spin\u00e8&quot; - Citta di Rovinj-Rovigno\" \/>\n<meta property=\"og:description\" content=\"Kori\u0161tenje i namjena povr\u0161ina Prometna i uli\u010dna mre\u017ea Javne telekomunkacije Plinoopskrba i elektroopskrba Vodoopskrba Odvodnja otpadnih voda Uvjeti kori\u0161tenja, uredenja i zastite povrsina Oblici kori\u0161tenja, na\u010din i uvjeti gradnje &nbsp;\" \/>\n<meta property=\"og:url\" content=\"https:\/\/www.rovinj-rovigno.hr\/prostorno-uredenje-gradnja-i-okolis\/dokumenti-prostornog-uredenja\/planovi-na-snazi\/urbanisticki-plan-uredenja-gospodarske-zone-gripole-spine\/\" \/>\n<meta property=\"og:site_name\" content=\"Citta di Rovinj-Rovigno\" \/>\n<meta name=\"twitter:card\" content=\"summary_large_image\" \/>\n<script type=\"application\/ld+json\" class=\"yoast-schema-graph\">{\"@context\":\"https:\/\/schema.org\",\"@graph\":[{\"@type\":\"WebPage\",\"@id\":\"https:\/\/www.rovinj-rovigno.hr\/prostorno-uredenje-gradnja-i-okolis\/dokumenti-prostornog-uredenja\/planovi-na-snazi\/urbanisticki-plan-uredenja-gospodarske-zone-gripole-spine\/\",\"url\":\"https:\/\/www.rovinj-rovigno.hr\/prostorno-uredenje-gradnja-i-okolis\/dokumenti-prostornog-uredenja\/planovi-na-snazi\/urbanisticki-plan-uredenja-gospodarske-zone-gripole-spine\/\",\"name\":\"Piano regolatore dell'area economica \\\"Gripole-Spin\u00e8\\\" - Citta di Rovinj-Rovigno\",\"isPartOf\":{\"@id\":\"https:\/\/www.rovinj-rovigno.hr\/#website\"},\"datePublished\":\"2017-08-02T06:56:13+00:00\",\"dateModified\":\"2017-08-02T06:56:13+00:00\",\"breadcrumb\":{\"@id\":\"https:\/\/www.rovinj-rovigno.hr\/prostorno-uredenje-gradnja-i-okolis\/dokumenti-prostornog-uredenja\/planovi-na-snazi\/urbanisticki-plan-uredenja-gospodarske-zone-gripole-spine\/#breadcrumb\"},\"inLanguage\":\"it-IT\",\"potentialAction\":[{\"@type\":\"ReadAction\",\"target\":[\"https:\/\/www.rovinj-rovigno.hr\/prostorno-uredenje-gradnja-i-okolis\/dokumenti-prostornog-uredenja\/planovi-na-snazi\/urbanisticki-plan-uredenja-gospodarske-zone-gripole-spine\/\"]}]},{\"@type\":\"BreadcrumbList\",\"@id\":\"https:\/\/www.rovinj-rovigno.hr\/prostorno-uredenje-gradnja-i-okolis\/dokumenti-prostornog-uredenja\/planovi-na-snazi\/urbanisticki-plan-uredenja-gospodarske-zone-gripole-spine\/#breadcrumb\",\"itemListElement\":[{\"@type\":\"ListItem\",\"position\":1,\"name\":\"Po\u010detna stranica\",\"item\":\"https:\/\/www.rovinj-rovigno.hr\/\"},{\"@type\":\"ListItem\",\"position\":2,\"name\":\"Prostorno ure\u0111enje, gradnja i okoli\u0161\",\"item\":\"https:\/\/www.rovinj-rovigno.hr\/prostorno-uredenje-gradnja-i-okolis\/\"},{\"@type\":\"ListItem\",\"position\":3,\"name\":\"Dokumenti prostornog ure\u0111enja\",\"item\":\"https:\/\/www.rovinj-rovigno.hr\/prostorno-uredenje-gradnja-i-okolis\/dokumenti-prostornog-uredenja\/\"},{\"@type\":\"ListItem\",\"position\":4,\"name\":\"Planovi na snazi\",\"item\":\"https:\/\/www.rovinj-rovigno.hr\/prostorno-uredenje-gradnja-i-okolis\/dokumenti-prostornog-uredenja\/planovi-na-snazi\/\"},{\"@type\":\"ListItem\",\"position\":5,\"name\":\"Urbanisti\u010dki plan ure\u0111enja gospodarske zone Gripole &#8211; Spine\"}]},{\"@type\":\"WebSite\",\"@id\":\"https:\/\/www.rovinj-rovigno.hr\/#website\",\"url\":\"https:\/\/www.rovinj-rovigno.hr\/\",\"name\":\"Citta di Rovinj-Rovigno\",\"description\":\"Sito ufficiale della Citta di Rovinj-Rovigno\",\"potentialAction\":[{\"@type\":\"SearchAction\",\"target\":{\"@type\":\"EntryPoint\",\"urlTemplate\":\"https:\/\/www.rovinj-rovigno.hr\/?s={search_term_string}\"},\"query-input\":\"required name=search_term_string\"}],\"inLanguage\":\"it-IT\"}]}<\/script>\n<!-- \/ Yoast SEO plugin. -->","yoast_head_json":{"title":"Piano regolatore dell'area economica \"Gripole-Spin\u00e8\" - Citta di Rovinj-Rovigno","robots":{"index":"index","follow":"follow","max-snippet":"max-snippet:-1","max-image-preview":"max-image-preview:large","max-video-preview":"max-video-preview:-1"},"canonical":"https:\/\/www.rovinj-rovigno.hr\/prostorno-uredenje-gradnja-i-okolis\/dokumenti-prostornog-uredenja\/planovi-na-snazi\/urbanisticki-plan-uredenja-gospodarske-zone-gripole-spine\/","og_locale":"it_IT","og_type":"article","og_title":"Piano regolatore dell'area economica \"Gripole-Spin\u00e8\" - Citta di Rovinj-Rovigno","og_description":"Kori\u0161tenje i namjena povr\u0161ina Prometna i uli\u010dna mre\u017ea Javne telekomunkacije Plinoopskrba i elektroopskrba Vodoopskrba Odvodnja otpadnih voda Uvjeti kori\u0161tenja, uredenja i zastite povrsina Oblici kori\u0161tenja, na\u010din i uvjeti gradnje &nbsp;","og_url":"https:\/\/www.rovinj-rovigno.hr\/prostorno-uredenje-gradnja-i-okolis\/dokumenti-prostornog-uredenja\/planovi-na-snazi\/urbanisticki-plan-uredenja-gospodarske-zone-gripole-spine\/","og_site_name":"Citta di Rovinj-Rovigno","twitter_card":"summary_large_image","schema":{"@context":"https:\/\/schema.org","@graph":[{"@type":"WebPage","@id":"https:\/\/www.rovinj-rovigno.hr\/prostorno-uredenje-gradnja-i-okolis\/dokumenti-prostornog-uredenja\/planovi-na-snazi\/urbanisticki-plan-uredenja-gospodarske-zone-gripole-spine\/","url":"https:\/\/www.rovinj-rovigno.hr\/prostorno-uredenje-gradnja-i-okolis\/dokumenti-prostornog-uredenja\/planovi-na-snazi\/urbanisticki-plan-uredenja-gospodarske-zone-gripole-spine\/","name":"Piano regolatore dell'area economica \"Gripole-Spin\u00e8\" - Citta di Rovinj-Rovigno","isPartOf":{"@id":"https:\/\/www.rovinj-rovigno.hr\/#website"},"datePublished":"2017-08-02T06:56:13+00:00","dateModified":"2017-08-02T06:56:13+00:00","breadcrumb":{"@id":"https:\/\/www.rovinj-rovigno.hr\/prostorno-uredenje-gradnja-i-okolis\/dokumenti-prostornog-uredenja\/planovi-na-snazi\/urbanisticki-plan-uredenja-gospodarske-zone-gripole-spine\/#breadcrumb"},"inLanguage":"it-IT","potentialAction":[{"@type":"ReadAction","target":["https:\/\/www.rovinj-rovigno.hr\/prostorno-uredenje-gradnja-i-okolis\/dokumenti-prostornog-uredenja\/planovi-na-snazi\/urbanisticki-plan-uredenja-gospodarske-zone-gripole-spine\/"]}]},{"@type":"BreadcrumbList","@id":"https:\/\/www.rovinj-rovigno.hr\/prostorno-uredenje-gradnja-i-okolis\/dokumenti-prostornog-uredenja\/planovi-na-snazi\/urbanisticki-plan-uredenja-gospodarske-zone-gripole-spine\/#breadcrumb","itemListElement":[{"@type":"ListItem","position":1,"name":"Po\u010detna stranica","item":"https:\/\/www.rovinj-rovigno.hr\/"},{"@type":"ListItem","position":2,"name":"Prostorno ure\u0111enje, gradnja i okoli\u0161","item":"https:\/\/www.rovinj-rovigno.hr\/prostorno-uredenje-gradnja-i-okolis\/"},{"@type":"ListItem","position":3,"name":"Dokumenti prostornog ure\u0111enja","item":"https:\/\/www.rovinj-rovigno.hr\/prostorno-uredenje-gradnja-i-okolis\/dokumenti-prostornog-uredenja\/"},{"@type":"ListItem","position":4,"name":"Planovi na snazi","item":"https:\/\/www.rovinj-rovigno.hr\/prostorno-uredenje-gradnja-i-okolis\/dokumenti-prostornog-uredenja\/planovi-na-snazi\/"},{"@type":"ListItem","position":5,"name":"Urbanisti\u010dki plan ure\u0111enja gospodarske zone Gripole &#8211; Spine"}]},{"@type":"WebSite","@id":"https:\/\/www.rovinj-rovigno.hr\/#website","url":"https:\/\/www.rovinj-rovigno.hr\/","name":"Citta di Rovinj-Rovigno","description":"Sito ufficiale della Citta di Rovinj-Rovigno","potentialAction":[{"@type":"SearchAction","target":{"@type":"EntryPoint","urlTemplate":"https:\/\/www.rovinj-rovigno.hr\/?s={search_term_string}"},"query-input":"required name=search_term_string"}],"inLanguage":"it-IT"}]}},"_links":{"self":[{"href":"https:\/\/www.rovinj-rovigno.hr\/it\/wp-json\/wp\/v2\/pages\/4372"}],"collection":[{"href":"https:\/\/www.rovinj-rovigno.hr\/it\/wp-json\/wp\/v2\/pages"}],"about":[{"href":"https:\/\/www.rovinj-rovigno.hr\/it\/wp-json\/wp\/v2\/types\/page"}],"author":[{"embeddable":true,"href":"https:\/\/www.rovinj-rovigno.hr\/it\/wp-json\/wp\/v2\/users\/2"}],"replies":[{"embeddable":true,"href":"https:\/\/www.rovinj-rovigno.hr\/it\/wp-json\/wp\/v2\/comments?post=4372"}],"version-history":[{"count":0,"href":"https:\/\/www.rovinj-rovigno.hr\/it\/wp-json\/wp\/v2\/pages\/4372\/revisions"}],"up":[{"embeddable":true,"href":"https:\/\/www.rovinj-rovigno.hr\/it\/wp-json\/wp\/v2\/pages\/512"}],"wp:attachment":[{"href":"https:\/\/www.rovinj-rovigno.hr\/it\/wp-json\/wp\/v2\/media?parent=4372"}],"curies":[{"name":"wp","href":"https:\/\/api.w.org\/{rel}","templated":true}]}}