{"id":4363,"date":"2017-08-01T18:25:04","date_gmt":"2017-08-01T16:25:04","guid":{"rendered":"http:\/\/www.rovinj-rovigno.hr\/?page_id=4363"},"modified":"2017-08-01T18:25:04","modified_gmt":"2017-08-01T16:25:04","slug":"pdd-hotel-rovinj","status":"publish","type":"page","link":"https:\/\/www.rovinj-rovigno.hr\/it\/hrvatski-prostorno-uredenje-gradnja-i-okolis\/hrvatski-dokumenti-prostornog-uredenja\/hrvatski-planovi-na-snazi\/pdd-hotel-rovinj\/","title":{"rendered":"PDD Hotel Rovinj"},"content":{"rendered":"<table border=\"0\" width=\"100%\" cellspacing=\"2\" cellpadding=\"2\" align=\"center\">\n<tbody>\n<tr>\n<td align=\"center\"><a href=\"\/documents\/gradnja\/hotel-rovinj\/0-postojece_stanje.pdf\" target=\"blank\"><img decoding=\"async\" loading=\"lazy\" src=\"\/documents\/gradnja\/hotel-rovinj\/1.jpg\" alt=\"Hotel Rovinj\" width=\"200\" height=\"167\" \/><\/a><\/td>\n<td align=\"center\"><a href=\"\/documents\/gradnja\/hotel-rovinj\/1-namjena1000.pdf\" target=\"blank\"><img decoding=\"async\" loading=\"lazy\" src=\"\/documents\/gradnja\/hotel-rovinj\/2.jpg\" alt=\"Hotel Rovinj\" width=\"201\" height=\"151\" \/><\/a><\/td>\n<td align=\"center\"><a href=\"\/documents\/gradnja\/hotel-rovinj\/2B-infrastrukturaPROMET.pdf\" target=\"blank\"><img decoding=\"async\" loading=\"lazy\" src=\"\/documents\/gradnja\/hotel-rovinj\/3.jpg\" alt=\"Hotel Rovinj\" width=\"200\" height=\"146\" \/><\/a><\/td>\n<\/tr>\n<tr>\n<td align=\"center\" valign=\"top\">Postoje\u0107e stanje<\/td>\n<td align=\"center\" valign=\"top\">Namjena<\/td>\n<td align=\"center\" valign=\"top\">Promet<\/td>\n<\/tr>\n<tr>\n<td align=\"center\"><a href=\"\/documents\/gradnja\/hotel-rovinj\/2B-infrastrukturaVODA.pdf\" target=\"blank\"><img decoding=\"async\" loading=\"lazy\" src=\"\/documents\/gradnja\/hotel-rovinj\/4.jpg\" alt=\"Hotel Rovinj\" width=\"200\" height=\"143\" \/><\/a><\/td>\n<td align=\"center\"><a href=\"\/documents\/gradnja\/hotel-rovinj\/2C-infrastrukturaELEKTRO.pdf\" target=\"blank\"><img decoding=\"async\" loading=\"lazy\" src=\"\/documents\/gradnja\/hotel-rovinj\/5.jpg\" alt=\"Hotel Rovinj\" width=\"200\" height=\"144\" \/><\/a><\/td>\n<td align=\"center\"><a href=\"\/documents\/gradnja\/hotel-rovinj\/3A-koristenje1000.pdf\" target=\"blank\"><img decoding=\"async\" loading=\"lazy\" src=\"\/documents\/gradnja\/hotel-rovinj\/6.jpg\" alt=\"Hotel Rovinj\" width=\"200\" height=\"152\" \/><\/a><\/td>\n<\/tr>\n<tr>\n<td align=\"center\" valign=\"top\">Vodoopskrba i odvodnja<\/td>\n<td align=\"center\" valign=\"top\">Telekomunikacije, elektrika i plinoopskrba<\/td>\n<td align=\"center\" valign=\"top\">Uvjeti kori\u0161tenja, ure\u0111enja i za\u0161tite povr\u0161ina<\/td>\n<\/tr>\n<tr>\n<td align=\"center\"><a href=\"\/documents\/gradnja\/hotel-rovinj\/3B-koristenje-gradnja1000.pdf\" target=\"blank\"><img decoding=\"async\" loading=\"lazy\" src=\"\/documents\/gradnja\/hotel-rovinj\/7.jpg\" alt=\"Hotel Rovinj\" width=\"200\" height=\"135\" \/><\/a><\/td>\n<td align=\"center\"><a href=\"\/documents\/gradnja\/hotel-rovinj\/4-uvjeti gradnje500.pdf\" target=\"blank\"><img decoding=\"async\" loading=\"lazy\" src=\"\/documents\/gradnja\/hotel-rovinj\/8.jpg\" alt=\"Hotel Rovinj\" width=\"200\" height=\"165\" \/><\/a><\/td>\n<td align=\"center\"><a href=\"\/documents\/gradnja\/hotel-rovinj\/4-uvjeti_gradnje1000.pdf\" target=\"blank\"><img decoding=\"async\" loading=\"lazy\" src=\"\/documents\/gradnja\/hotel-rovinj\/9.jpg\" alt=\"Hotel Rovinj\" width=\"200\" height=\"156\" \/><\/a><\/td>\n<\/tr>\n<tr>\n<td align=\"center\" valign=\"top\">Oblici kori\u0161tenja<\/td>\n<td align=\"center\" valign=\"top\">Uvjeti gradnje 500<\/td>\n<td align=\"center\" valign=\"top\">Uvjeti gradnje 1000<\/td>\n<\/tr>\n<\/tbody>\n<\/table>\n<p>&nbsp;<\/p>\n","protected":false},"excerpt":{"rendered":"<p>Postoje\u0107e stanje Namjena Promet Vodoopskrba i odvodnja Telekomunikacije, elektrika i plinoopskrba Uvjeti kori\u0161tenja, ure\u0111enja i za\u0161tite povr\u0161ina Oblici kori\u0161tenja Uvjeti gradnje 500 Uvjeti gradnje 1000 &nbsp;<\/p>\n","protected":false},"author":2,"featured_media":0,"parent":512,"menu_order":6,"comment_status":"closed","ping_status":"closed","template":"","meta":[],"yoast_head":"<!-- This site is optimized with the Yoast SEO plugin v21.8.1 - https:\/\/yoast.com\/wordpress\/plugins\/seo\/ -->\n<title>PDD Hotel Rovinj - Citta di Rovinj-Rovigno<\/title>\n<meta name=\"robots\" content=\"index, follow, max-snippet:-1, max-image-preview:large, max-video-preview:-1\" \/>\n<link rel=\"canonical\" href=\"https:\/\/www.rovinj-rovigno.hr\/prostorno-uredenje-gradnja-i-okolis\/dokumenti-prostornog-uredenja\/planovi-na-snazi\/detaljni-plan-uredenja-zone-hotel-rovinj-u-rovinj-rovigno\/\" \/>\n<meta property=\"og:locale\" content=\"it_IT\" \/>\n<meta property=\"og:type\" content=\"article\" \/>\n<meta property=\"og:title\" content=\"PDD Hotel Rovinj - Citta di Rovinj-Rovigno\" \/>\n<meta property=\"og:description\" content=\"Postoje\u0107e stanje Namjena Promet Vodoopskrba i odvodnja Telekomunikacije, elektrika i plinoopskrba Uvjeti kori\u0161tenja, ure\u0111enja i za\u0161tite povr\u0161ina Oblici kori\u0161tenja Uvjeti gradnje 500 Uvjeti gradnje 1000 &nbsp;\" \/>\n<meta property=\"og:url\" content=\"https:\/\/www.rovinj-rovigno.hr\/prostorno-uredenje-gradnja-i-okolis\/dokumenti-prostornog-uredenja\/planovi-na-snazi\/detaljni-plan-uredenja-zone-hotel-rovinj-u-rovinj-rovigno\/\" \/>\n<meta property=\"og:site_name\" content=\"Citta di Rovinj-Rovigno\" \/>\n<meta name=\"twitter:card\" content=\"summary_large_image\" \/>\n<script type=\"application\/ld+json\" class=\"yoast-schema-graph\">{\"@context\":\"https:\/\/schema.org\",\"@graph\":[{\"@type\":\"WebPage\",\"@id\":\"https:\/\/www.rovinj-rovigno.hr\/prostorno-uredenje-gradnja-i-okolis\/dokumenti-prostornog-uredenja\/planovi-na-snazi\/detaljni-plan-uredenja-zone-hotel-rovinj-u-rovinj-rovigno\/\",\"url\":\"https:\/\/www.rovinj-rovigno.hr\/prostorno-uredenje-gradnja-i-okolis\/dokumenti-prostornog-uredenja\/planovi-na-snazi\/detaljni-plan-uredenja-zone-hotel-rovinj-u-rovinj-rovigno\/\",\"name\":\"PDD Hotel Rovinj - Citta di Rovinj-Rovigno\",\"isPartOf\":{\"@id\":\"https:\/\/www.rovinj-rovigno.hr\/#website\"},\"datePublished\":\"2017-08-01T16:25:04+00:00\",\"dateModified\":\"2017-08-01T16:25:04+00:00\",\"breadcrumb\":{\"@id\":\"https:\/\/www.rovinj-rovigno.hr\/prostorno-uredenje-gradnja-i-okolis\/dokumenti-prostornog-uredenja\/planovi-na-snazi\/detaljni-plan-uredenja-zone-hotel-rovinj-u-rovinj-rovigno\/#breadcrumb\"},\"inLanguage\":\"it-IT\",\"potentialAction\":[{\"@type\":\"ReadAction\",\"target\":[\"https:\/\/www.rovinj-rovigno.hr\/prostorno-uredenje-gradnja-i-okolis\/dokumenti-prostornog-uredenja\/planovi-na-snazi\/detaljni-plan-uredenja-zone-hotel-rovinj-u-rovinj-rovigno\/\"]}]},{\"@type\":\"BreadcrumbList\",\"@id\":\"https:\/\/www.rovinj-rovigno.hr\/prostorno-uredenje-gradnja-i-okolis\/dokumenti-prostornog-uredenja\/planovi-na-snazi\/detaljni-plan-uredenja-zone-hotel-rovinj-u-rovinj-rovigno\/#breadcrumb\",\"itemListElement\":[{\"@type\":\"ListItem\",\"position\":1,\"name\":\"Po\u010detna stranica\",\"item\":\"https:\/\/www.rovinj-rovigno.hr\/\"},{\"@type\":\"ListItem\",\"position\":2,\"name\":\"Prostorno ure\u0111enje, gradnja i okoli\u0161\",\"item\":\"https:\/\/www.rovinj-rovigno.hr\/prostorno-uredenje-gradnja-i-okolis\/\"},{\"@type\":\"ListItem\",\"position\":3,\"name\":\"Dokumenti prostornog ure\u0111enja\",\"item\":\"https:\/\/www.rovinj-rovigno.hr\/prostorno-uredenje-gradnja-i-okolis\/dokumenti-prostornog-uredenja\/\"},{\"@type\":\"ListItem\",\"position\":4,\"name\":\"Planovi na snazi\",\"item\":\"https:\/\/www.rovinj-rovigno.hr\/prostorno-uredenje-gradnja-i-okolis\/dokumenti-prostornog-uredenja\/planovi-na-snazi\/\"},{\"@type\":\"ListItem\",\"position\":5,\"name\":\"Detaljni plan ure\u0111enja zone hotel Rovinj u Rovinj-Rovigno\"}]},{\"@type\":\"WebSite\",\"@id\":\"https:\/\/www.rovinj-rovigno.hr\/#website\",\"url\":\"https:\/\/www.rovinj-rovigno.hr\/\",\"name\":\"Citta di Rovinj-Rovigno\",\"description\":\"Sito ufficiale della Citta di Rovinj-Rovigno\",\"potentialAction\":[{\"@type\":\"SearchAction\",\"target\":{\"@type\":\"EntryPoint\",\"urlTemplate\":\"https:\/\/www.rovinj-rovigno.hr\/?s={search_term_string}\"},\"query-input\":\"required name=search_term_string\"}],\"inLanguage\":\"it-IT\"}]}<\/script>\n<!-- \/ Yoast SEO plugin. -->","yoast_head_json":{"title":"PDD Hotel Rovinj - Citta di Rovinj-Rovigno","robots":{"index":"index","follow":"follow","max-snippet":"max-snippet:-1","max-image-preview":"max-image-preview:large","max-video-preview":"max-video-preview:-1"},"canonical":"https:\/\/www.rovinj-rovigno.hr\/prostorno-uredenje-gradnja-i-okolis\/dokumenti-prostornog-uredenja\/planovi-na-snazi\/detaljni-plan-uredenja-zone-hotel-rovinj-u-rovinj-rovigno\/","og_locale":"it_IT","og_type":"article","og_title":"PDD Hotel Rovinj - Citta di Rovinj-Rovigno","og_description":"Postoje\u0107e stanje Namjena Promet Vodoopskrba i odvodnja Telekomunikacije, elektrika i plinoopskrba Uvjeti kori\u0161tenja, ure\u0111enja i za\u0161tite povr\u0161ina Oblici kori\u0161tenja Uvjeti gradnje 500 Uvjeti gradnje 1000 &nbsp;","og_url":"https:\/\/www.rovinj-rovigno.hr\/prostorno-uredenje-gradnja-i-okolis\/dokumenti-prostornog-uredenja\/planovi-na-snazi\/detaljni-plan-uredenja-zone-hotel-rovinj-u-rovinj-rovigno\/","og_site_name":"Citta di Rovinj-Rovigno","twitter_card":"summary_large_image","schema":{"@context":"https:\/\/schema.org","@graph":[{"@type":"WebPage","@id":"https:\/\/www.rovinj-rovigno.hr\/prostorno-uredenje-gradnja-i-okolis\/dokumenti-prostornog-uredenja\/planovi-na-snazi\/detaljni-plan-uredenja-zone-hotel-rovinj-u-rovinj-rovigno\/","url":"https:\/\/www.rovinj-rovigno.hr\/prostorno-uredenje-gradnja-i-okolis\/dokumenti-prostornog-uredenja\/planovi-na-snazi\/detaljni-plan-uredenja-zone-hotel-rovinj-u-rovinj-rovigno\/","name":"PDD Hotel Rovinj - Citta di Rovinj-Rovigno","isPartOf":{"@id":"https:\/\/www.rovinj-rovigno.hr\/#website"},"datePublished":"2017-08-01T16:25:04+00:00","dateModified":"2017-08-01T16:25:04+00:00","breadcrumb":{"@id":"https:\/\/www.rovinj-rovigno.hr\/prostorno-uredenje-gradnja-i-okolis\/dokumenti-prostornog-uredenja\/planovi-na-snazi\/detaljni-plan-uredenja-zone-hotel-rovinj-u-rovinj-rovigno\/#breadcrumb"},"inLanguage":"it-IT","potentialAction":[{"@type":"ReadAction","target":["https:\/\/www.rovinj-rovigno.hr\/prostorno-uredenje-gradnja-i-okolis\/dokumenti-prostornog-uredenja\/planovi-na-snazi\/detaljni-plan-uredenja-zone-hotel-rovinj-u-rovinj-rovigno\/"]}]},{"@type":"BreadcrumbList","@id":"https:\/\/www.rovinj-rovigno.hr\/prostorno-uredenje-gradnja-i-okolis\/dokumenti-prostornog-uredenja\/planovi-na-snazi\/detaljni-plan-uredenja-zone-hotel-rovinj-u-rovinj-rovigno\/#breadcrumb","itemListElement":[{"@type":"ListItem","position":1,"name":"Po\u010detna stranica","item":"https:\/\/www.rovinj-rovigno.hr\/"},{"@type":"ListItem","position":2,"name":"Prostorno ure\u0111enje, gradnja i okoli\u0161","item":"https:\/\/www.rovinj-rovigno.hr\/prostorno-uredenje-gradnja-i-okolis\/"},{"@type":"ListItem","position":3,"name":"Dokumenti prostornog ure\u0111enja","item":"https:\/\/www.rovinj-rovigno.hr\/prostorno-uredenje-gradnja-i-okolis\/dokumenti-prostornog-uredenja\/"},{"@type":"ListItem","position":4,"name":"Planovi na snazi","item":"https:\/\/www.rovinj-rovigno.hr\/prostorno-uredenje-gradnja-i-okolis\/dokumenti-prostornog-uredenja\/planovi-na-snazi\/"},{"@type":"ListItem","position":5,"name":"Detaljni plan ure\u0111enja zone hotel Rovinj u Rovinj-Rovigno"}]},{"@type":"WebSite","@id":"https:\/\/www.rovinj-rovigno.hr\/#website","url":"https:\/\/www.rovinj-rovigno.hr\/","name":"Citta di Rovinj-Rovigno","description":"Sito ufficiale della Citta di Rovinj-Rovigno","potentialAction":[{"@type":"SearchAction","target":{"@type":"EntryPoint","urlTemplate":"https:\/\/www.rovinj-rovigno.hr\/?s={search_term_string}"},"query-input":"required name=search_term_string"}],"inLanguage":"it-IT"}]}},"_links":{"self":[{"href":"https:\/\/www.rovinj-rovigno.hr\/it\/wp-json\/wp\/v2\/pages\/4363"}],"collection":[{"href":"https:\/\/www.rovinj-rovigno.hr\/it\/wp-json\/wp\/v2\/pages"}],"about":[{"href":"https:\/\/www.rovinj-rovigno.hr\/it\/wp-json\/wp\/v2\/types\/page"}],"author":[{"embeddable":true,"href":"https:\/\/www.rovinj-rovigno.hr\/it\/wp-json\/wp\/v2\/users\/2"}],"replies":[{"embeddable":true,"href":"https:\/\/www.rovinj-rovigno.hr\/it\/wp-json\/wp\/v2\/comments?post=4363"}],"version-history":[{"count":0,"href":"https:\/\/www.rovinj-rovigno.hr\/it\/wp-json\/wp\/v2\/pages\/4363\/revisions"}],"up":[{"embeddable":true,"href":"https:\/\/www.rovinj-rovigno.hr\/it\/wp-json\/wp\/v2\/pages\/512"}],"wp:attachment":[{"href":"https:\/\/www.rovinj-rovigno.hr\/it\/wp-json\/wp\/v2\/media?parent=4363"}],"curies":[{"name":"wp","href":"https:\/\/api.w.org\/{rel}","templated":true}]}}