{"id":4073,"date":"2017-07-10T08:45:45","date_gmt":"2017-07-10T06:45:45","guid":{"rendered":"http:\/\/www.rovinj-rovigno.hr\/?page_id=4073"},"modified":"2025-02-12T14:28:15","modified_gmt":"2025-02-12T12:28:15","slug":"gup-grada-rovinja","status":"publish","type":"page","link":"https:\/\/www.rovinj-rovigno.hr\/it\/hrvatski-prostorno-uredenje-gradnja-i-okolis\/hrvatski-dokumenti-prostornog-uredenja\/hrvatski-planovi-na-snazi\/hrvatski-gup-grada-rovinja\/","title":{"rendered":"PUG della Citt\u00e0 di Rovigno"},"content":{"rendered":"<p><\/p>\n<table border=\"0\" width=\"100%\" cellspacing=\"0\" cellpadding=\"0\" align=\"center\">\n<tbody>\n<tr>\n<td>\n<table border=\"0\" width=\"100%\" cellspacing=\"2\" cellpadding=\"2\" align=\"center\">\n<tbody>\n<tr>\n<td colspan=\"2\"><b>\u00a0<\/b><\/td>\n<\/tr>\n<tr>\n<td colspan=\"2\"><\/td>\n<\/tr>\n<\/tbody>\n<\/table>\n<table border=\"0\" width=\"100%\" cellspacing=\"2\" cellpadding=\"2\" align=\"center\">\n<tbody>\n<tr>\n<td align=\"center\" valign=\"bottom\" width=\"50%\"><a href=\"http:\/\/www.rovinj-rovigno.hr\/wp-content\/uploads\/2017\/07\/GUP_Rovinj_id-2013-1-Namjena.jpg\" target=\"_blank\" rel=\"noopener\"><img decoding=\"async\" loading=\"lazy\" class=\"alignnone size-full wp-image-4111\" src=\"http:\/\/www.rovinj-rovigno.hr\/wp-content\/uploads\/2017\/07\/th-GUP_Rovinj_id-2013-1-Namjena.jpg\" alt=\"\" width=\"480\" height=\"616\" srcset=\"https:\/\/www.rovinj-rovigno.hr\/wp-content\/uploads\/2017\/07\/th-GUP_Rovinj_id-2013-1-Namjena.jpg 480w, https:\/\/www.rovinj-rovigno.hr\/wp-content\/uploads\/2017\/07\/th-GUP_Rovinj_id-2013-1-Namjena-234x300.jpg 234w\" sizes=\"(max-width: 480px) 100vw, 480px\" \/><\/a><\/td>\n<td align=\"center\" valign=\"bottom\" width=\"50%\"><a href=\"http:\/\/www.rovinj-rovigno.hr\/wp-content\/uploads\/2017\/07\/th-GUP_Rovinj_id-2013-2-Gospodarstvo.jpg\" target=\"_blank\" rel=\"noopener\"><img decoding=\"async\" loading=\"lazy\" class=\"alignnone size-full wp-image-4112\" src=\"http:\/\/www.rovinj-rovigno.hr\/wp-content\/uploads\/2017\/07\/th-GUP_Rovinj_id-2013-2-Gospodarstvo.jpg\" alt=\"\" width=\"480\" height=\"426\" srcset=\"https:\/\/www.rovinj-rovigno.hr\/wp-content\/uploads\/2017\/07\/th-GUP_Rovinj_id-2013-2-Gospodarstvo.jpg 480w, https:\/\/www.rovinj-rovigno.hr\/wp-content\/uploads\/2017\/07\/th-GUP_Rovinj_id-2013-2-Gospodarstvo-300x266.jpg 300w\" sizes=\"(max-width: 480px) 100vw, 480px\" \/><\/a><\/td>\n<\/tr>\n<tr>\n<td align=\"center\" valign=\"top\" height=\"35\">Namjena<\/td>\n<td align=\"center\" valign=\"top\">Gospodarstvo<\/td>\n<\/tr>\n<tr>\n<td align=\"center\" valign=\"bottom\" width=\"50%\"><a href=\"http:\/\/www.rovinj-rovigno.hr\/wp-content\/uploads\/2017\/07\/th-GUP_Rovinj_id-2013-3-1-Promet.jpg\" target=\"_blank\" rel=\"noopener\"><img decoding=\"async\" loading=\"lazy\" class=\"alignnone size-full wp-image-4113\" src=\"http:\/\/www.rovinj-rovigno.hr\/wp-content\/uploads\/2017\/07\/th-GUP_Rovinj_id-2013-3-1-Promet.jpg\" alt=\"\" width=\"480\" height=\"616\" srcset=\"https:\/\/www.rovinj-rovigno.hr\/wp-content\/uploads\/2017\/07\/th-GUP_Rovinj_id-2013-3-1-Promet.jpg 480w, https:\/\/www.rovinj-rovigno.hr\/wp-content\/uploads\/2017\/07\/th-GUP_Rovinj_id-2013-3-1-Promet-234x300.jpg 234w\" sizes=\"(max-width: 480px) 100vw, 480px\" \/><\/a><\/td>\n<td align=\"center\" valign=\"bottom\" width=\"50%\"><a href=\"http:\/\/www.rovinj-rovigno.hr\/wp-content\/uploads\/2017\/07\/GUP_Rovinj_id-2013-3-2-Energija.jpg\" target=\"_blank\" rel=\"noopener\"><img decoding=\"async\" loading=\"lazy\" class=\"alignnone size-full wp-image-4114\" src=\"http:\/\/www.rovinj-rovigno.hr\/wp-content\/uploads\/2017\/07\/th-GUP_Rovinj_id-2013-3-2-Energija.jpg\" alt=\"\" width=\"480\" height=\"426\" srcset=\"https:\/\/www.rovinj-rovigno.hr\/wp-content\/uploads\/2017\/07\/th-GUP_Rovinj_id-2013-3-2-Energija.jpg 480w, https:\/\/www.rovinj-rovigno.hr\/wp-content\/uploads\/2017\/07\/th-GUP_Rovinj_id-2013-3-2-Energija-300x266.jpg 300w\" sizes=\"(max-width: 480px) 100vw, 480px\" \/><\/a><\/td>\n<\/tr>\n<tr>\n<td align=\"center\" valign=\"top\" height=\"35\">Promet<\/td>\n<td align=\"center\" valign=\"top\">Energija<\/td>\n<\/tr>\n<tr>\n<td align=\"center\" valign=\"bottom\" width=\"50%\"><a href=\"http:\/\/www.rovinj-rovigno.hr\/wp-content\/uploads\/2017\/07\/GUP_Rovinj_id-2013-3-3-Vodoopskrba.jpg\" target=\"_blank\" rel=\"noopener\"><img decoding=\"async\" loading=\"lazy\" class=\"alignnone size-full wp-image-4115\" src=\"http:\/\/www.rovinj-rovigno.hr\/wp-content\/uploads\/2017\/07\/th-GUP_Rovinj_id-2013-3-3-Vodoopskrba.jpg\" alt=\"\" width=\"480\" height=\"426\" srcset=\"https:\/\/www.rovinj-rovigno.hr\/wp-content\/uploads\/2017\/07\/th-GUP_Rovinj_id-2013-3-3-Vodoopskrba.jpg 480w, https:\/\/www.rovinj-rovigno.hr\/wp-content\/uploads\/2017\/07\/th-GUP_Rovinj_id-2013-3-3-Vodoopskrba-300x266.jpg 300w\" sizes=\"(max-width: 480px) 100vw, 480px\" \/><\/a><\/td>\n<td align=\"center\" valign=\"bottom\" width=\"50%\"><a href=\"http:\/\/www.rovinj-rovigno.hr\/wp-content\/uploads\/2017\/07\/GUP_Rovinj_id-2013-3-4-Odvodnja.jpg\" target=\"_blank\" rel=\"noopener\"><img decoding=\"async\" loading=\"lazy\" class=\"alignnone size-full wp-image-4116\" src=\"http:\/\/www.rovinj-rovigno.hr\/wp-content\/uploads\/2017\/07\/th-GUP_Rovinj_id-2013-3-4-Odvodnja.jpg\" alt=\"\" width=\"480\" height=\"426\" srcset=\"https:\/\/www.rovinj-rovigno.hr\/wp-content\/uploads\/2017\/07\/th-GUP_Rovinj_id-2013-3-4-Odvodnja.jpg 480w, https:\/\/www.rovinj-rovigno.hr\/wp-content\/uploads\/2017\/07\/th-GUP_Rovinj_id-2013-3-4-Odvodnja-300x266.jpg 300w\" sizes=\"(max-width: 480px) 100vw, 480px\" \/><\/a><\/td>\n<\/tr>\n<tr>\n<td align=\"center\" valign=\"top\" height=\"35\">Vodoopskrba<\/td>\n<td align=\"center\" valign=\"top\">Odvodnja<\/td>\n<\/tr>\n<tr>\n<td align=\"center\" valign=\"bottom\" width=\"50%\"><a href=\"http:\/\/www.rovinj-rovigno.hr\/wp-content\/uploads\/2017\/07\/GUP_Rovinj_id-2013-3-5-Telekomunikacije.jpg\" target=\"_blank\" rel=\"noopener\"><img decoding=\"async\" loading=\"lazy\" class=\"alignnone size-full wp-image-4117\" src=\"http:\/\/www.rovinj-rovigno.hr\/wp-content\/uploads\/2017\/07\/th-GUP_Rovinj_id-2013-3-5-Telekomunikacije.jpg\" alt=\"\" width=\"480\" height=\"426\" srcset=\"https:\/\/www.rovinj-rovigno.hr\/wp-content\/uploads\/2017\/07\/th-GUP_Rovinj_id-2013-3-5-Telekomunikacije.jpg 480w, https:\/\/www.rovinj-rovigno.hr\/wp-content\/uploads\/2017\/07\/th-GUP_Rovinj_id-2013-3-5-Telekomunikacije-300x266.jpg 300w\" sizes=\"(max-width: 480px) 100vw, 480px\" \/><\/a><\/td>\n<td align=\"center\" valign=\"bottom\" width=\"50%\"><a href=\"http:\/\/www.rovinj-rovigno.hr\/wp-content\/uploads\/2017\/07\/GUP_Rovinj_id-2013-4-1-1-Mjere_pos_zastite.jpg\" target=\"_blank\" rel=\"noopener\"><img decoding=\"async\" loading=\"lazy\" class=\"alignnone size-full wp-image-4118\" src=\"http:\/\/www.rovinj-rovigno.hr\/wp-content\/uploads\/2017\/07\/th-GUP_Rovinj_id-2013-4-1-1-Mjere_pos_zastite.jpg\" alt=\"\" width=\"480\" height=\"426\" srcset=\"https:\/\/www.rovinj-rovigno.hr\/wp-content\/uploads\/2017\/07\/th-GUP_Rovinj_id-2013-4-1-1-Mjere_pos_zastite.jpg 480w, https:\/\/www.rovinj-rovigno.hr\/wp-content\/uploads\/2017\/07\/th-GUP_Rovinj_id-2013-4-1-1-Mjere_pos_zastite-300x266.jpg 300w\" sizes=\"(max-width: 480px) 100vw, 480px\" \/><\/a><\/td>\n<\/tr>\n<tr>\n<td align=\"center\" valign=\"top\" height=\"35\">Telekomunikacije<\/td>\n<td align=\"center\" valign=\"top\">Mjere posebne za\u0161tite<\/td>\n<\/tr>\n<tr>\n<td align=\"center\" valign=\"bottom\" width=\"50%\"><a href=\"http:\/\/www.rovinj-rovigno.hr\/wp-content\/uploads\/2017\/07\/GUP_Rovinj_id-2013-4-1-Zastita.jpg\" target=\"_blank\" rel=\"noopener\"><img decoding=\"async\" loading=\"lazy\" class=\"alignnone size-full wp-image-4119\" src=\"http:\/\/www.rovinj-rovigno.hr\/wp-content\/uploads\/2017\/07\/th-GUP_Rovinj_id-2013-4-1-Zastita.jpg\" alt=\"\" width=\"480\" height=\"336\" srcset=\"https:\/\/www.rovinj-rovigno.hr\/wp-content\/uploads\/2017\/07\/th-GUP_Rovinj_id-2013-4-1-Zastita.jpg 480w, https:\/\/www.rovinj-rovigno.hr\/wp-content\/uploads\/2017\/07\/th-GUP_Rovinj_id-2013-4-1-Zastita-300x210.jpg 300w\" sizes=\"(max-width: 480px) 100vw, 480px\" \/><\/a><\/td>\n<td align=\"center\" valign=\"bottom\" width=\"50%\"><a href=\"http:\/\/www.rovinj-rovigno.hr\/wp-content\/uploads\/2017\/07\/GUP_Rovinj_id-2013-4-2-Planovi.jpg\" target=\"_blank\" rel=\"noopener\"><img decoding=\"async\" loading=\"lazy\" class=\"alignnone size-full wp-image-4120\" src=\"http:\/\/www.rovinj-rovigno.hr\/wp-content\/uploads\/2017\/07\/th-GUP_Rovinj_id-2013-4-2-Planovi.jpg\" alt=\"\" width=\"480\" height=\"426\" srcset=\"https:\/\/www.rovinj-rovigno.hr\/wp-content\/uploads\/2017\/07\/th-GUP_Rovinj_id-2013-4-2-Planovi.jpg 480w, https:\/\/www.rovinj-rovigno.hr\/wp-content\/uploads\/2017\/07\/th-GUP_Rovinj_id-2013-4-2-Planovi-300x266.jpg 300w\" sizes=\"(max-width: 480px) 100vw, 480px\" \/><\/a><\/td>\n<\/tr>\n<tr>\n<td align=\"center\" valign=\"top\" height=\"35\">Za\u0161tita<\/td>\n<td align=\"center\" valign=\"top\">Planovi<\/td>\n<\/tr>\n<tr>\n<td align=\"center\" valign=\"bottom\" width=\"50%\"><a href=\"http:\/\/www.rovinj-rovigno.hr\/wp-content\/uploads\/2017\/07\/GUP_Rovinj_id-2013-4-3-1-Razvoj.jpg\" target=\"_blank\" rel=\"noopener\"><img decoding=\"async\" loading=\"lazy\" class=\"alignnone size-full wp-image-4121\" src=\"http:\/\/www.rovinj-rovigno.hr\/wp-content\/uploads\/2017\/07\/th-GUP_Rovinj_id-2013-4-3-1-Razvoj.jpg\" alt=\"\" width=\"480\" height=\"426\" srcset=\"https:\/\/www.rovinj-rovigno.hr\/wp-content\/uploads\/2017\/07\/th-GUP_Rovinj_id-2013-4-3-1-Razvoj.jpg 480w, https:\/\/www.rovinj-rovigno.hr\/wp-content\/uploads\/2017\/07\/th-GUP_Rovinj_id-2013-4-3-1-Razvoj-300x266.jpg 300w\" sizes=\"(max-width: 480px) 100vw, 480px\" \/><\/a><\/td>\n<td align=\"center\" valign=\"bottom\" width=\"50%\"><a href=\"http:\/\/www.rovinj-rovigno.hr\/wp-content\/uploads\/2017\/07\/GUP_Rovinj_id-2013-4-3-2-Pravila.jpg\" target=\"_blank\" rel=\"noopener\"><img decoding=\"async\" loading=\"lazy\" class=\"alignnone size-full wp-image-4122\" src=\"http:\/\/www.rovinj-rovigno.hr\/wp-content\/uploads\/2017\/07\/th-GUP_Rovinj_id-2013-4-3-2-Pravila.jpg\" alt=\"\" width=\"480\" height=\"426\" srcset=\"https:\/\/www.rovinj-rovigno.hr\/wp-content\/uploads\/2017\/07\/th-GUP_Rovinj_id-2013-4-3-2-Pravila.jpg 480w, https:\/\/www.rovinj-rovigno.hr\/wp-content\/uploads\/2017\/07\/th-GUP_Rovinj_id-2013-4-3-2-Pravila-300x266.jpg 300w\" sizes=\"(max-width: 480px) 100vw, 480px\" \/><\/a><\/td>\n<\/tr>\n<tr>\n<td align=\"center\" valign=\"top\" height=\"35\">Razvoj<\/td>\n<td align=\"center\" valign=\"top\">Pravila<\/td>\n<\/tr>\n<tr>\n<td align=\"center\" valign=\"top\" height=\"35\"><a href=\"http:\/\/www.rovinj-rovigno.hr\/wp-content\/uploads\/2017\/07\/GUP_Rovinj_id-2013-4-3-3-Nacin_gradnje.jpg\" target=\"_blank\" rel=\"noopener\"><img decoding=\"async\" loading=\"lazy\" class=\"alignnone size-full wp-image-4123\" src=\"http:\/\/www.rovinj-rovigno.hr\/wp-content\/uploads\/2017\/07\/th-GUP_Rovinj_id-2013-4-3-3-Nacin_gradnje.jpg\" alt=\"\" width=\"480\" height=\"426\" srcset=\"https:\/\/www.rovinj-rovigno.hr\/wp-content\/uploads\/2017\/07\/th-GUP_Rovinj_id-2013-4-3-3-Nacin_gradnje.jpg 480w, https:\/\/www.rovinj-rovigno.hr\/wp-content\/uploads\/2017\/07\/th-GUP_Rovinj_id-2013-4-3-3-Nacin_gradnje-300x266.jpg 300w\" sizes=\"(max-width: 480px) 100vw, 480px\" \/><\/a><\/td>\n<td align=\"center\" valign=\"top\"><\/td>\n<\/tr>\n<tr>\n<td align=\"center\" valign=\"top\" height=\"35\">Na\u010din gradnje<\/td>\n<td align=\"center\" valign=\"top\"><\/td>\n<\/tr>\n<\/tbody>\n<\/table>\n<\/td>\n<\/tr>\n<\/tbody>\n<\/table>\n<p>&nbsp;<\/p>","protected":false},"excerpt":{"rendered":"<p>\u00a0 Namjena Gospodarstvo Promet Energija Vodoopskrba Odvodnja Telekomunikacije Mjere posebne za\u0161tite Za\u0161tita Planovi Razvoj Pravila Na\u010din gradnje &nbsp;<\/p>\n","protected":false},"author":2,"featured_media":0,"parent":512,"menu_order":6,"comment_status":"closed","ping_status":"closed","template":"","meta":[],"yoast_head":"<!-- This site is optimized with the Yoast SEO plugin v21.8.1 - https:\/\/yoast.com\/wordpress\/plugins\/seo\/ -->\n<title>PUG della Citt\u00e0 di Rovigno - Citta di Rovinj-Rovigno<\/title>\n<meta name=\"robots\" content=\"index, follow, max-snippet:-1, max-image-preview:large, max-video-preview:-1\" \/>\n<link rel=\"canonical\" href=\"https:\/\/www.rovinj-rovigno.hr\/prostorno-uredenje-gradnja-i-okolis\/dokumenti-prostornog-uredenja\/planovi-na-snazi\/gup-grada-rovinja\/\" \/>\n<meta property=\"og:locale\" content=\"it_IT\" \/>\n<meta property=\"og:type\" content=\"article\" \/>\n<meta property=\"og:title\" content=\"PUG della Citt\u00e0 di Rovigno - Citta di Rovinj-Rovigno\" \/>\n<meta property=\"og:description\" content=\"\u00a0 Namjena Gospodarstvo Promet Energija Vodoopskrba Odvodnja Telekomunikacije Mjere posebne za\u0161tite Za\u0161tita Planovi Razvoj Pravila Na\u010din gradnje &nbsp;\" \/>\n<meta property=\"og:url\" content=\"https:\/\/www.rovinj-rovigno.hr\/prostorno-uredenje-gradnja-i-okolis\/dokumenti-prostornog-uredenja\/planovi-na-snazi\/gup-grada-rovinja\/\" \/>\n<meta property=\"og:site_name\" content=\"Citta di Rovinj-Rovigno\" \/>\n<meta property=\"article:modified_time\" content=\"2025-02-12T12:28:15+00:00\" \/>\n<meta property=\"og:image\" content=\"http:\/\/www.rovinj-rovigno.hr\/wp-content\/uploads\/2019\/07\/Untitled-1.jpg\" \/>\n<meta name=\"twitter:card\" content=\"summary_large_image\" \/>\n<meta name=\"twitter:label1\" content=\"Tempo di lettura stimato\" \/>\n\t<meta name=\"twitter:data1\" content=\"3 minuti\" \/>\n<script type=\"application\/ld+json\" class=\"yoast-schema-graph\">{\"@context\":\"https:\/\/schema.org\",\"@graph\":[{\"@type\":\"WebPage\",\"@id\":\"https:\/\/www.rovinj-rovigno.hr\/prostorno-uredenje-gradnja-i-okolis\/dokumenti-prostornog-uredenja\/planovi-na-snazi\/gup-grada-rovinja\/\",\"url\":\"https:\/\/www.rovinj-rovigno.hr\/prostorno-uredenje-gradnja-i-okolis\/dokumenti-prostornog-uredenja\/planovi-na-snazi\/gup-grada-rovinja\/\",\"name\":\"PUG della Citt\u00e0 di Rovigno - Citta di Rovinj-Rovigno\",\"isPartOf\":{\"@id\":\"https:\/\/www.rovinj-rovigno.hr\/#website\"},\"datePublished\":\"2017-07-10T06:45:45+00:00\",\"dateModified\":\"2025-02-12T12:28:15+00:00\",\"breadcrumb\":{\"@id\":\"https:\/\/www.rovinj-rovigno.hr\/prostorno-uredenje-gradnja-i-okolis\/dokumenti-prostornog-uredenja\/planovi-na-snazi\/gup-grada-rovinja\/#breadcrumb\"},\"inLanguage\":\"it-IT\",\"potentialAction\":[{\"@type\":\"ReadAction\",\"target\":[\"https:\/\/www.rovinj-rovigno.hr\/prostorno-uredenje-gradnja-i-okolis\/dokumenti-prostornog-uredenja\/planovi-na-snazi\/gup-grada-rovinja\/\"]}]},{\"@type\":\"BreadcrumbList\",\"@id\":\"https:\/\/www.rovinj-rovigno.hr\/prostorno-uredenje-gradnja-i-okolis\/dokumenti-prostornog-uredenja\/planovi-na-snazi\/gup-grada-rovinja\/#breadcrumb\",\"itemListElement\":[{\"@type\":\"ListItem\",\"position\":1,\"name\":\"Po\u010detna stranica\",\"item\":\"https:\/\/www.rovinj-rovigno.hr\/\"},{\"@type\":\"ListItem\",\"position\":2,\"name\":\"Prostorno ure\u0111enje, gradnja i okoli\u0161\",\"item\":\"https:\/\/www.rovinj-rovigno.hr\/prostorno-uredenje-gradnja-i-okolis\/\"},{\"@type\":\"ListItem\",\"position\":3,\"name\":\"Dokumenti prostornog ure\u0111enja\",\"item\":\"https:\/\/www.rovinj-rovigno.hr\/prostorno-uredenje-gradnja-i-okolis\/dokumenti-prostornog-uredenja\/\"},{\"@type\":\"ListItem\",\"position\":4,\"name\":\"Planovi na snazi\",\"item\":\"https:\/\/www.rovinj-rovigno.hr\/prostorno-uredenje-gradnja-i-okolis\/dokumenti-prostornog-uredenja\/planovi-na-snazi\/\"},{\"@type\":\"ListItem\",\"position\":5,\"name\":\"GUP Grada Rovinja\"}]},{\"@type\":\"WebSite\",\"@id\":\"https:\/\/www.rovinj-rovigno.hr\/#website\",\"url\":\"https:\/\/www.rovinj-rovigno.hr\/\",\"name\":\"Citta di Rovinj-Rovigno\",\"description\":\"Sito ufficiale della Citta di Rovinj-Rovigno\",\"potentialAction\":[{\"@type\":\"SearchAction\",\"target\":{\"@type\":\"EntryPoint\",\"urlTemplate\":\"https:\/\/www.rovinj-rovigno.hr\/?s={search_term_string}\"},\"query-input\":\"required name=search_term_string\"}],\"inLanguage\":\"it-IT\"}]}<\/script>\n<!-- \/ Yoast SEO plugin. -->","yoast_head_json":{"title":"PUG della Citt\u00e0 di Rovigno - Citta di Rovinj-Rovigno","robots":{"index":"index","follow":"follow","max-snippet":"max-snippet:-1","max-image-preview":"max-image-preview:large","max-video-preview":"max-video-preview:-1"},"canonical":"https:\/\/www.rovinj-rovigno.hr\/prostorno-uredenje-gradnja-i-okolis\/dokumenti-prostornog-uredenja\/planovi-na-snazi\/gup-grada-rovinja\/","og_locale":"it_IT","og_type":"article","og_title":"PUG della Citt\u00e0 di Rovigno - Citta di Rovinj-Rovigno","og_description":"\u00a0 Namjena Gospodarstvo Promet Energija Vodoopskrba Odvodnja Telekomunikacije Mjere posebne za\u0161tite Za\u0161tita Planovi Razvoj Pravila Na\u010din gradnje &nbsp;","og_url":"https:\/\/www.rovinj-rovigno.hr\/prostorno-uredenje-gradnja-i-okolis\/dokumenti-prostornog-uredenja\/planovi-na-snazi\/gup-grada-rovinja\/","og_site_name":"Citta di Rovinj-Rovigno","article_modified_time":"2025-02-12T12:28:15+00:00","og_image":[{"url":"http:\/\/www.rovinj-rovigno.hr\/wp-content\/uploads\/2019\/07\/Untitled-1.jpg"}],"twitter_card":"summary_large_image","twitter_misc":{"Tempo di lettura stimato":"3 minuti"},"schema":{"@context":"https:\/\/schema.org","@graph":[{"@type":"WebPage","@id":"https:\/\/www.rovinj-rovigno.hr\/prostorno-uredenje-gradnja-i-okolis\/dokumenti-prostornog-uredenja\/planovi-na-snazi\/gup-grada-rovinja\/","url":"https:\/\/www.rovinj-rovigno.hr\/prostorno-uredenje-gradnja-i-okolis\/dokumenti-prostornog-uredenja\/planovi-na-snazi\/gup-grada-rovinja\/","name":"PUG della Citt\u00e0 di Rovigno - Citta di Rovinj-Rovigno","isPartOf":{"@id":"https:\/\/www.rovinj-rovigno.hr\/#website"},"datePublished":"2017-07-10T06:45:45+00:00","dateModified":"2025-02-12T12:28:15+00:00","breadcrumb":{"@id":"https:\/\/www.rovinj-rovigno.hr\/prostorno-uredenje-gradnja-i-okolis\/dokumenti-prostornog-uredenja\/planovi-na-snazi\/gup-grada-rovinja\/#breadcrumb"},"inLanguage":"it-IT","potentialAction":[{"@type":"ReadAction","target":["https:\/\/www.rovinj-rovigno.hr\/prostorno-uredenje-gradnja-i-okolis\/dokumenti-prostornog-uredenja\/planovi-na-snazi\/gup-grada-rovinja\/"]}]},{"@type":"BreadcrumbList","@id":"https:\/\/www.rovinj-rovigno.hr\/prostorno-uredenje-gradnja-i-okolis\/dokumenti-prostornog-uredenja\/planovi-na-snazi\/gup-grada-rovinja\/#breadcrumb","itemListElement":[{"@type":"ListItem","position":1,"name":"Po\u010detna stranica","item":"https:\/\/www.rovinj-rovigno.hr\/"},{"@type":"ListItem","position":2,"name":"Prostorno ure\u0111enje, gradnja i okoli\u0161","item":"https:\/\/www.rovinj-rovigno.hr\/prostorno-uredenje-gradnja-i-okolis\/"},{"@type":"ListItem","position":3,"name":"Dokumenti prostornog ure\u0111enja","item":"https:\/\/www.rovinj-rovigno.hr\/prostorno-uredenje-gradnja-i-okolis\/dokumenti-prostornog-uredenja\/"},{"@type":"ListItem","position":4,"name":"Planovi na snazi","item":"https:\/\/www.rovinj-rovigno.hr\/prostorno-uredenje-gradnja-i-okolis\/dokumenti-prostornog-uredenja\/planovi-na-snazi\/"},{"@type":"ListItem","position":5,"name":"GUP Grada Rovinja"}]},{"@type":"WebSite","@id":"https:\/\/www.rovinj-rovigno.hr\/#website","url":"https:\/\/www.rovinj-rovigno.hr\/","name":"Citta di Rovinj-Rovigno","description":"Sito ufficiale della Citta di Rovinj-Rovigno","potentialAction":[{"@type":"SearchAction","target":{"@type":"EntryPoint","urlTemplate":"https:\/\/www.rovinj-rovigno.hr\/?s={search_term_string}"},"query-input":"required name=search_term_string"}],"inLanguage":"it-IT"}]}},"_links":{"self":[{"href":"https:\/\/www.rovinj-rovigno.hr\/it\/wp-json\/wp\/v2\/pages\/4073"}],"collection":[{"href":"https:\/\/www.rovinj-rovigno.hr\/it\/wp-json\/wp\/v2\/pages"}],"about":[{"href":"https:\/\/www.rovinj-rovigno.hr\/it\/wp-json\/wp\/v2\/types\/page"}],"author":[{"embeddable":true,"href":"https:\/\/www.rovinj-rovigno.hr\/it\/wp-json\/wp\/v2\/users\/2"}],"replies":[{"embeddable":true,"href":"https:\/\/www.rovinj-rovigno.hr\/it\/wp-json\/wp\/v2\/comments?post=4073"}],"version-history":[{"count":0,"href":"https:\/\/www.rovinj-rovigno.hr\/it\/wp-json\/wp\/v2\/pages\/4073\/revisions"}],"up":[{"embeddable":true,"href":"https:\/\/www.rovinj-rovigno.hr\/it\/wp-json\/wp\/v2\/pages\/512"}],"wp:attachment":[{"href":"https:\/\/www.rovinj-rovigno.hr\/it\/wp-json\/wp\/v2\/media?parent=4073"}],"curies":[{"name":"wp","href":"https:\/\/api.w.org\/{rel}","templated":true}]}}