{"id":353,"date":"2016-11-25T11:32:56","date_gmt":"2016-11-25T11:32:56","guid":{"rendered":"http:\/\/rovinjhr.lin53.host25.com\/?page_id=353"},"modified":"2026-01-07T15:00:55","modified_gmt":"2026-01-07T13:00:55","slug":"program-rada-izvjestaji-radu","status":"publish","type":"page","link":"https:\/\/www.rovinj-rovigno.hr\/it\/amministrazione-cittadina-e-organizzazione\/hrvatski-gradonacelnik\/hrvatski-program-rada-i-izvjestaji-o-radu\/","title":{"rendered":"Programmi e resoconti del lavoro svolto"},"content":{"rendered":"<p><\/p>\n<ul>\n<li><a href=\"https:\/\/www.rovinj-rovigno.hr\/wp-content\/uploads\/2026\/01\/02_Relazione_in_merito_al_lavoro_svolto_dal_sindaco_e_dallamministrazione_municipale_per_il_periodo_gennaio_-_giugno_2025.pdf\">Relazione in merito al lavoro svolto dal sindaco e dall\u2019amministrazione municipale della Citt\u00e0 di Rovinj-Rovigno nel periodo gennaio \u2013 giugno 2025<\/a><\/li>\n<li><a href=\"https:\/\/www.rovinj-rovigno.hr\/wp-content\/uploads\/2026\/01\/03.1_Relazione_in_merito_al_lavoro_svolto_dal_sindaco_nel_periodo_luglio_-dicembre_2024.pdf\">Relazione in merito al lavoro svolto dal Sindaco e dall\u2019amministrazione municipale nel secondo semestre del 2024<\/a><\/li>\n<li><a href=\"https:\/\/www.rovinj-rovigno.hr\/wp-content\/uploads\/2026\/01\/02_Relazione_in_merito_al_lavoro_svolto_dal_sindaco_nel_periodo_gennaio_-_giugno_2024.pdf\">Relazione in merito al lavoro svolto dal sindaco e dall\u2019amministrazione municipale della Citt\u00e0 di Rovinj-Rovigno nel periodo gennaio \u2013 giugno 2024<\/a><\/li>\n<li><a href=\"https:\/\/www.rovinj-rovigno.hr\/wp-content\/uploads\/2026\/01\/04_Relazione_in_merito_al_lavoro_svolto_dal_sindaco_e_dallamministrazione_municipale_per_il_periodo_luglio-dicembre_2023.pdf\">Relazione in merito al lavoro svolto dal sindaco e dall\u2019amministrazione municipale della Citt\u00e0 di Rovinj-Rovigno nel periodo luglio \u2013 dicembre 2023<\/a><\/li>\n<li><a href=\"https:\/\/www.rovinj-rovigno.hr\/wp-content\/uploads\/2026\/01\/02_Relazione_sindaco_e_amministrazione_municipale_per_il_periodo_gennaio_-_giugno_2023.pdf\">Relazione in merito al lavoro svolto dal sindaco e dall\u2019amministrazione municipale della Citt\u00e0 di Rovinj-Rovigno nel periodo gennaio \u2013 giugno 2023<\/a><\/li>\n<li><a href=\"https:\/\/www.rovinj-rovigno.hr\/wp-content\/uploads\/2021\/10\/Relazione-sul-lavoro-scolto-dal-sindaco-e-dallamministrazione-municipale-nel-primo-semestre-del-2021.pdf\">Relazione sul lavoro scolto dal sindaco e dall&#8217;amministrazione municipale nel primo semestre del 2021<\/a><\/li>\n<li><a href=\"https:\/\/www.rovinj-rovigno.hr\/wp-content\/uploads\/2021\/10\/Programma-di-lavoro-del-sindaco-e-dellamministrazione-minicipale-per-il-2021.pdf\">Programma di lavoro del sindaco e dell&#8217;amministrazione minicipale per il 2021<\/a><\/li>\n<li><a href=\"https:\/\/www.rovinj-rovigno.hr\/wp-content\/uploads\/2021\/10\/Relazione-sul-lavoro-svolto-dal-sindaco-e-dallamministrazione-municipale-nel-secondo-semestre-del-2020.pdf\">Relazione sul lavoro svolto dal sindaco e dall&#8217;amministrazione municipale nel secondo semestre del 2020<\/a><\/li>\n<li><a href=\"https:\/\/www.rovinj-rovigno.hr\/wp-content\/uploads\/2021\/10\/Relazione-del-lavoro-del-sindaco-e-dellamministrazione-municipale-nel-primo-semestre-del-2020.pdf\">Relazione del lavoro del sindaco e dell&#8217;amministrazione municipale nel primo semestre del 2020<\/a><\/li>\n<li><a href=\"https:\/\/www.rovinj-rovigno.hr\/wp-content\/uploads\/2021\/10\/Programma-di-lavoro-del-sindaco-e-dellamministrazione-municipale-per-il-2020-1.pdf\">Programma di lavoro del sindaco e dell&#8217;amministrazione municipale per il 2020<\/a><\/li>\n<li><a href=\"https:\/\/www.rovinj-rovigno.hr\/wp-content\/uploads\/2021\/10\/06-Programma-Sindaco-e-amministrazione-RV-2019.docx\">Programma del sindaco e dell&#8217;amministrazione municipale per il 2019<\/a><\/li>\n<li><a href=\"https:\/\/www.rovinj-rovigno.hr\/wp-content\/uploads\/2021\/10\/Relazione-sindaco-e-amministrazione-per-il-periodo-genanio-giugno-2019.pdf\">Relazione sindaco e amministrazione per il periodo genanio -giugno 2019<\/a><\/li>\n<li><a href=\"http:\/\/www.rovinj-rovigno.hr\/wp-content\/uploads\/2018\/01\/Program-rada-Gradona\u010delnika-i-gradske-uprave-2018-it.docx\">Programma di lavoro del Sindaco e dell&#8217; Amministrazione municipale per il 2018<\/a><\/li>\n<li><a href=\"http:\/\/www.rovinj-rovigno.hr\/wp-content\/uploads\/2018\/01\/00-Izvje\u0161\u0107e-o-radu-prvo-polugodi\u0161te-2017-it.docx\">Relazione sul lavoro svolto dal Sindaco e dall&#8217;Amministrazione municipale nel periodo dal 1 gennaio fino al 30 giugno 2017<\/a><\/li>\n<li><a href=\"http:\/\/www.rovinj-rovigno.hr\/wp-content\/uploads\/2018\/01\/Program-rada-Gradona\u010delnika-i-GU-za-2017-FINAL-IT.doc\">Programma di lavoro del Sindaco e dell&#8217; Amministrazione municipale per il 2017<\/a><\/li>\n<li><a href=\"http:\/\/rovinjhr.lin53.host25.com\/wp-content\/uploads\/2016\/11\/07-Relazione-sindaco-luglio-dicembre-2016.pdf\" target=\"_blank\" rel=\"noopener noreferrer\">Relazione sul lavoro svolto dal Sindaco e dall&#8217;Amministrazione municipale nel periodo dal 1 luglio fino al 31 dicembre 2016<\/a><\/li>\n<li><a class=\"lijeva\" href=\"http:\/\/rovinjhr.lin53.host25.com\/wp-content\/uploads\/2016\/11\/05-Relazione-lavoro-svolto-dal-sindaco-e-dall-amministrazione-municipale.pdf\" target=\"_blank\" rel=\"noopener noreferrer\">Relazione sul lavoro svolto dal Sindaco e dall&#8217;Amministrazione municipale nel periodo dal 1 gennaio fino al 30 giugno 2016<\/a><\/li>\n<\/ul>\n<p><\/p>","protected":false},"excerpt":{"rendered":"<p>Relazione in merito al lavoro svolto dal sindaco e dall\u2019amministrazione municipale della Citt\u00e0 di Rovinj-Rovigno nel periodo gennaio \u2013 giugno 2025 Relazione in merito al lavoro svolto dal Sindaco e dall\u2019amministrazione municipale nel secondo semestre del 2024 Relazione in merito al lavoro svolto dal sindaco e dall\u2019amministrazione municipale della Citt\u00e0 di Rovinj-Rovigno nel periodo gennaio [&hellip;]<\/p>\n","protected":false},"author":2,"featured_media":0,"parent":231,"menu_order":42,"comment_status":"closed","ping_status":"closed","template":"","meta":[],"yoast_head":"<!-- This site is optimized with the Yoast SEO plugin v21.8.1 - https:\/\/yoast.com\/wordpress\/plugins\/seo\/ -->\n<title>Programmi e resoconti del lavoro svolto - Citta di Rovinj-Rovigno<\/title>\n<meta name=\"robots\" content=\"index, follow, max-snippet:-1, max-image-preview:large, max-video-preview:-1\" \/>\n<link rel=\"canonical\" href=\"https:\/\/www.rovinj-rovigno.hr\/gradska-uprava-i-organizacija\/gradonacelnik\/program-rada-i-izvjestaji-o-radu\/\" \/>\n<meta property=\"og:locale\" content=\"it_IT\" \/>\n<meta property=\"og:type\" content=\"article\" \/>\n<meta property=\"og:title\" content=\"Programmi e resoconti del lavoro svolto - Citta di Rovinj-Rovigno\" \/>\n<meta property=\"og:description\" content=\"Relazione in merito al lavoro svolto dal sindaco e dall\u2019amministrazione municipale della Citt\u00e0 di Rovinj-Rovigno nel periodo gennaio \u2013 giugno 2025 Relazione in merito al lavoro svolto dal Sindaco e dall\u2019amministrazione municipale nel secondo semestre del 2024 Relazione in merito al lavoro svolto dal sindaco e dall\u2019amministrazione municipale della Citt\u00e0 di Rovinj-Rovigno nel periodo gennaio [&hellip;]\" \/>\n<meta property=\"og:url\" content=\"https:\/\/www.rovinj-rovigno.hr\/gradska-uprava-i-organizacija\/gradonacelnik\/program-rada-i-izvjestaji-o-radu\/\" \/>\n<meta property=\"og:site_name\" content=\"Citta di Rovinj-Rovigno\" \/>\n<meta property=\"article:modified_time\" content=\"2026-01-07T13:00:55+00:00\" \/>\n<meta name=\"twitter:card\" content=\"summary_large_image\" \/>\n<meta name=\"twitter:label1\" content=\"Tempo di lettura stimato\" \/>\n\t<meta name=\"twitter:data1\" content=\"2 minuti\" \/>\n<script type=\"application\/ld+json\" class=\"yoast-schema-graph\">{\"@context\":\"https:\/\/schema.org\",\"@graph\":[{\"@type\":\"WebPage\",\"@id\":\"https:\/\/www.rovinj-rovigno.hr\/gradska-uprava-i-organizacija\/gradonacelnik\/program-rada-i-izvjestaji-o-radu\/\",\"url\":\"https:\/\/www.rovinj-rovigno.hr\/gradska-uprava-i-organizacija\/gradonacelnik\/program-rada-i-izvjestaji-o-radu\/\",\"name\":\"Programmi e resoconti del lavoro svolto - Citta di Rovinj-Rovigno\",\"isPartOf\":{\"@id\":\"https:\/\/www.rovinj-rovigno.hr\/#website\"},\"datePublished\":\"2016-11-25T11:32:56+00:00\",\"dateModified\":\"2026-01-07T13:00:55+00:00\",\"breadcrumb\":{\"@id\":\"https:\/\/www.rovinj-rovigno.hr\/gradska-uprava-i-organizacija\/gradonacelnik\/program-rada-i-izvjestaji-o-radu\/#breadcrumb\"},\"inLanguage\":\"it-IT\",\"potentialAction\":[{\"@type\":\"ReadAction\",\"target\":[\"https:\/\/www.rovinj-rovigno.hr\/gradska-uprava-i-organizacija\/gradonacelnik\/program-rada-i-izvjestaji-o-radu\/\"]}]},{\"@type\":\"BreadcrumbList\",\"@id\":\"https:\/\/www.rovinj-rovigno.hr\/gradska-uprava-i-organizacija\/gradonacelnik\/program-rada-i-izvjestaji-o-radu\/#breadcrumb\",\"itemListElement\":[{\"@type\":\"ListItem\",\"position\":1,\"name\":\"Po\u010detna stranica\",\"item\":\"https:\/\/www.rovinj-rovigno.hr\/\"},{\"@type\":\"ListItem\",\"position\":2,\"name\":\"Gradska uprava i organizacija\",\"item\":\"https:\/\/www.rovinj-rovigno.hr\/gradska-uprava-i-organizacija\/\"},{\"@type\":\"ListItem\",\"position\":3,\"name\":\"Gradona\u010delnik\",\"item\":\"https:\/\/www.rovinj-rovigno.hr\/gradska-uprava-i-organizacija\/gradonacelnik\/\"},{\"@type\":\"ListItem\",\"position\":4,\"name\":\"Program rada i izvje\u0161taji o radu\"}]},{\"@type\":\"WebSite\",\"@id\":\"https:\/\/www.rovinj-rovigno.hr\/#website\",\"url\":\"https:\/\/www.rovinj-rovigno.hr\/\",\"name\":\"Citta di Rovinj-Rovigno\",\"description\":\"Sito ufficiale della Citta di Rovinj-Rovigno\",\"potentialAction\":[{\"@type\":\"SearchAction\",\"target\":{\"@type\":\"EntryPoint\",\"urlTemplate\":\"https:\/\/www.rovinj-rovigno.hr\/?s={search_term_string}\"},\"query-input\":\"required name=search_term_string\"}],\"inLanguage\":\"it-IT\"}]}<\/script>\n<!-- \/ Yoast SEO plugin. -->","yoast_head_json":{"title":"Programmi e resoconti del lavoro svolto - Citta di Rovinj-Rovigno","robots":{"index":"index","follow":"follow","max-snippet":"max-snippet:-1","max-image-preview":"max-image-preview:large","max-video-preview":"max-video-preview:-1"},"canonical":"https:\/\/www.rovinj-rovigno.hr\/gradska-uprava-i-organizacija\/gradonacelnik\/program-rada-i-izvjestaji-o-radu\/","og_locale":"it_IT","og_type":"article","og_title":"Programmi e resoconti del lavoro svolto - Citta di Rovinj-Rovigno","og_description":"Relazione in merito al lavoro svolto dal sindaco e dall\u2019amministrazione municipale della Citt\u00e0 di Rovinj-Rovigno nel periodo gennaio \u2013 giugno 2025 Relazione in merito al lavoro svolto dal Sindaco e dall\u2019amministrazione municipale nel secondo semestre del 2024 Relazione in merito al lavoro svolto dal sindaco e dall\u2019amministrazione municipale della Citt\u00e0 di Rovinj-Rovigno nel periodo gennaio [&hellip;]","og_url":"https:\/\/www.rovinj-rovigno.hr\/gradska-uprava-i-organizacija\/gradonacelnik\/program-rada-i-izvjestaji-o-radu\/","og_site_name":"Citta di Rovinj-Rovigno","article_modified_time":"2026-01-07T13:00:55+00:00","twitter_card":"summary_large_image","twitter_misc":{"Tempo di lettura stimato":"2 minuti"},"schema":{"@context":"https:\/\/schema.org","@graph":[{"@type":"WebPage","@id":"https:\/\/www.rovinj-rovigno.hr\/gradska-uprava-i-organizacija\/gradonacelnik\/program-rada-i-izvjestaji-o-radu\/","url":"https:\/\/www.rovinj-rovigno.hr\/gradska-uprava-i-organizacija\/gradonacelnik\/program-rada-i-izvjestaji-o-radu\/","name":"Programmi e resoconti del lavoro svolto - Citta di Rovinj-Rovigno","isPartOf":{"@id":"https:\/\/www.rovinj-rovigno.hr\/#website"},"datePublished":"2016-11-25T11:32:56+00:00","dateModified":"2026-01-07T13:00:55+00:00","breadcrumb":{"@id":"https:\/\/www.rovinj-rovigno.hr\/gradska-uprava-i-organizacija\/gradonacelnik\/program-rada-i-izvjestaji-o-radu\/#breadcrumb"},"inLanguage":"it-IT","potentialAction":[{"@type":"ReadAction","target":["https:\/\/www.rovinj-rovigno.hr\/gradska-uprava-i-organizacija\/gradonacelnik\/program-rada-i-izvjestaji-o-radu\/"]}]},{"@type":"BreadcrumbList","@id":"https:\/\/www.rovinj-rovigno.hr\/gradska-uprava-i-organizacija\/gradonacelnik\/program-rada-i-izvjestaji-o-radu\/#breadcrumb","itemListElement":[{"@type":"ListItem","position":1,"name":"Po\u010detna stranica","item":"https:\/\/www.rovinj-rovigno.hr\/"},{"@type":"ListItem","position":2,"name":"Gradska uprava i organizacija","item":"https:\/\/www.rovinj-rovigno.hr\/gradska-uprava-i-organizacija\/"},{"@type":"ListItem","position":3,"name":"Gradona\u010delnik","item":"https:\/\/www.rovinj-rovigno.hr\/gradska-uprava-i-organizacija\/gradonacelnik\/"},{"@type":"ListItem","position":4,"name":"Program rada i izvje\u0161taji o radu"}]},{"@type":"WebSite","@id":"https:\/\/www.rovinj-rovigno.hr\/#website","url":"https:\/\/www.rovinj-rovigno.hr\/","name":"Citta di Rovinj-Rovigno","description":"Sito ufficiale della Citta di Rovinj-Rovigno","potentialAction":[{"@type":"SearchAction","target":{"@type":"EntryPoint","urlTemplate":"https:\/\/www.rovinj-rovigno.hr\/?s={search_term_string}"},"query-input":"required name=search_term_string"}],"inLanguage":"it-IT"}]}},"_links":{"self":[{"href":"https:\/\/www.rovinj-rovigno.hr\/it\/wp-json\/wp\/v2\/pages\/353"}],"collection":[{"href":"https:\/\/www.rovinj-rovigno.hr\/it\/wp-json\/wp\/v2\/pages"}],"about":[{"href":"https:\/\/www.rovinj-rovigno.hr\/it\/wp-json\/wp\/v2\/types\/page"}],"author":[{"embeddable":true,"href":"https:\/\/www.rovinj-rovigno.hr\/it\/wp-json\/wp\/v2\/users\/2"}],"replies":[{"embeddable":true,"href":"https:\/\/www.rovinj-rovigno.hr\/it\/wp-json\/wp\/v2\/comments?post=353"}],"version-history":[{"count":2,"href":"https:\/\/www.rovinj-rovigno.hr\/it\/wp-json\/wp\/v2\/pages\/353\/revisions"}],"predecessor-version":[{"id":48916,"href":"https:\/\/www.rovinj-rovigno.hr\/it\/wp-json\/wp\/v2\/pages\/353\/revisions\/48916"}],"up":[{"embeddable":true,"href":"https:\/\/www.rovinj-rovigno.hr\/it\/wp-json\/wp\/v2\/pages\/231"}],"wp:attachment":[{"href":"https:\/\/www.rovinj-rovigno.hr\/it\/wp-json\/wp\/v2\/media?parent=353"}],"curies":[{"name":"wp","href":"https:\/\/api.w.org\/{rel}","templated":true}]}}