{"id":347,"date":"2016-11-25T11:15:33","date_gmt":"2016-11-25T11:15:33","guid":{"rendered":"http:\/\/rovinjhr.lin53.host25.com\/?page_id=347"},"modified":"2017-07-07T09:29:23","modified_gmt":"2017-07-07T07:29:23","slug":"plavi-cvijet-2002","status":"publish","type":"page","link":"https:\/\/www.rovinj-rovigno.hr\/it\/rovigno\/hrvatski-nagrade-i-priznanja\/hrvatski-plavi-cvijet-2002\/","title":{"rendered":"Fiore azzurro 2002"},"content":{"rendered":"<p><\/p>\n<div class=\"fotoOkvirLeft\"><img decoding=\"async\" loading=\"lazy\" class=\"alignnone size-full wp-image-4039\" src=\"http:\/\/www.rovinj-rovigno.hr\/wp-content\/uploads\/2016\/11\/pc2002_01.gif\" alt=\"\" width=\"410\" height=\"96\" \/><\/div>\n<p>Rovigno \u00e8 la citt\u00e0 meglio sistemata dell&#8217;Adriatico in base ai risultati dell&#8217;azione turistica &#8220;Fiore azzurro 2002&#8221;, che \u00e8 stata messa in atto durante la stagione turistica di quest&#8217;anno. Il secondo posto nella categoria delle citt\u00e0 \u00e8 andato ad Abbazia, e il terzo a Makarska. L&#8217;azione \u00e8 stata organizzata dalla Comunit\u00e0 turistica croata sul territorio di sette regioni turistiche dell&#8217;Adriatico, e si tratta di un concorso particolare nell&#8217;ambito del quale sono stati scelti: la citt\u00e0, il comune e la localit\u00e0 meglio sistemate del Litorale croato per il premio &#8220;Fiore azzurro 2002&#8221;, che si svolge sotto il patrocinio mediatico del &#8220;Glas Istre&#8221; di Pola (Regione Istriana), del &#8220;Novi List&#8221; di Fiume (Regione Litoraneo-montana, Regione della Lika-Segna), della &#8220;Slobodna Dalmacija&#8221; (Regione Zaratina, Regione di Sebenico-Knin, Regione Spalatino-dalmata e Regione Narentano-ragusea) con finale del Primo programma di Radio Zagabria.<\/p>\n<p>L&#8217;azione \u00e8 iniziata con la nomina dei candidati da parte delle comunit\u00e0 turistiche (localit\u00e0, comuni e citt\u00e0), che con criteri dettagliati, elaborati con le comunit\u00e0 turistiche regionali, hanno proposto i propri candidati. Dopo di che sono state formate le commissioni giudicatrici regionali che hanno visitato le localit\u00e0, valutato tutti i candidati di rilievo e ridotto le candidature, eliminando nella prima fase quelle con meno punti. A met\u00e0 estate \u00e8 entrata in azione la commissione nominata dal Comitato coordinativo dell&#8217;azione &#8220;Amo la Croazia&#8221;, che ha valutato le candidature delle commissioni regionali e con il sistema dell&#8217;eliminazione di quelle con meno voti si \u00e8 arrivati ad una lista ristretta di candidati. La commissione per la valutazione finale era costituita da: m.sc Niko Bulic, direttore dell&#8217;Ufficio centrale della Comunit\u00e0 turistica croata (presidente della commissione), Stipe Males, vicedirettore dell&#8217;Ufficio centrale della Comunit\u00e0 turistica croata, Adriana Savi (Ufficio centrale della Comunit\u00e0 turistica croata) e i giornalisti: Ruzica Mikacic, Ivo Kirigin, Nenad Ivanovic e Tina Eterovic Cubrilo.<\/p>\n<div class=\"fotoOkvirLeft\"><img decoding=\"async\" loading=\"lazy\" class=\"alignnone size-full wp-image-4041\" src=\"http:\/\/www.rovinj-rovigno.hr\/wp-content\/uploads\/2016\/11\/pc2002_01_v.jpg\" alt=\"\" width=\"730\" height=\"423\" srcset=\"https:\/\/www.rovinj-rovigno.hr\/wp-content\/uploads\/2016\/11\/pc2002_01_v.jpg 730w, https:\/\/www.rovinj-rovigno.hr\/wp-content\/uploads\/2016\/11\/pc2002_01_v-300x174.jpg 300w\" sizes=\"(max-width: 730px) 100vw, 730px\" \/><\/div>\n<p>Sono entrate in finale le seguenti localit\u00e0: Brela, Makarska, Tucepi, Fontane, Orsera, Rovigno, Lussinpiccolo e Selce. Inoltre sono state nuovamente visitate Medolino e Fasana. Dopo le votazioni, presso l&#8217;albergo abbaziano &#8220;Ambasador&#8221; sono stati proclamati i vincitori del &#8220;Fiore azzurro&#8221; nella categoria principale e in quella individuale e si \u00e8 pure deciso di assegnare dei riconoscimenti particolari ai pi\u00f9 meritevoli per il successo avuto durante questa stagione turistica.<\/p>\n<div class=\"fotoOkvirLeft\"><img decoding=\"async\" loading=\"lazy\" class=\"alignnone size-full wp-image-4042\" src=\"http:\/\/www.rovinj-rovigno.hr\/wp-content\/uploads\/2016\/11\/pc2002_02.jpg\" alt=\"\" width=\"301\" height=\"227\" srcset=\"https:\/\/www.rovinj-rovigno.hr\/wp-content\/uploads\/2016\/11\/pc2002_02.jpg 301w, https:\/\/www.rovinj-rovigno.hr\/wp-content\/uploads\/2016\/11\/pc2002_02-300x226.jpg 300w\" sizes=\"(max-width: 301px) 100vw, 301px\" \/><\/div>\n<p>Rovigno \u00e8 risultata la citt\u00e0 del litorale croato meglio sistemata ed ha ottenuto il primo posto, ossia il &#8220;Fiore azzurro 2002&#8221; d&#8217;oro. Il secondo posto (&#8220;Fiore azzurro 2002&#8221; d&#8217;argento) \u00e8 andato ad Abbazia, i cui parchi e aree verdi hanno nuovamente entusiasmato, mentre Makarska \u00e8 risultata terza classificata e ha ottenuto il &#8220;Fiore azzurro 2002&#8221; di bronzo. Nella concorrenza dei comuni, dopo il primo giro di valutazioni, quale candidato per il primo posto c&#8217;era Orsera, che ha entusiasmato con la parte superiore della citt\u00e0, ma la riva ha deluso un po&#8217; e quindi il primo posto \u00e8 andato a Tucepi, mentre Orsera e Brela hanno ottenuto rispettivamente il secondo e terzo posto.<\/p>\n<div class=\"fotoOkvirRight\"><img decoding=\"async\" loading=\"lazy\" class=\"alignnone size-full wp-image-4044\" src=\"http:\/\/www.rovinj-rovigno.hr\/wp-content\/uploads\/2016\/11\/pc2002_04.jpg\" alt=\"\" width=\"410\" height=\"328\" srcset=\"https:\/\/www.rovinj-rovigno.hr\/wp-content\/uploads\/2016\/11\/pc2002_04.jpg 410w, https:\/\/www.rovinj-rovigno.hr\/wp-content\/uploads\/2016\/11\/pc2002_04-300x240.jpg 300w\" sizes=\"(max-width: 410px) 100vw, 410px\" \/><\/div>\n<p>IL PUNTEGGIO DELL&#8217;ASPETTO E DELLA SISTEMAZIONE DELLE CITT\u00c0, DEI COMUNI E DELLE LOCALIT\u00c0 nell&#8217;azione &#8220;Fiore azzurro 2002&#8221; \u00e8 stato effettuato in base a undici criteri:<\/p>\n<ol>\n<li>Entrata &#8211; accesso alla localit\u00e0 turistica (segnaletica stradale e informativa, insegne di benvenuto, pulizia, sistemazione delle aree verdi pubbliche e private);<\/li>\n<li>Accesso al centro della localit\u00e0 turistica (segnaletica stradale e informativa, insegne di benvenuto, pulizia, contenitori per i rifiuti, sistemazione delle aree verdi pubbliche e private, sistemazione esterna degli impianti, degli edifici, delle case, ecc.);<\/li>\n<li>Centro della localit\u00e0 turistica (zona pedonale, divieto di transito per i veicoli, sistemazione delle aree verdi pubbliche e private, panchine, contenitori per i rifiuti, sistemazione esterna degli impianti, degli edifici, delle case, ecc.);<\/li>\n<li>Gabinetti pubblici (centro della localit\u00e0, spiagge, autostazione, porto, attracco traghetti, aspetto esterno, pulizia, livello di manutenzione tecnica);<\/li>\n<li>Spiagge pubbliche (pulizia della zona, pulizia del mare, entrata in mare, sassi, ricci di mare, gabinetti pubblici (si-no), aspetto, contenitori per i rifiuti, sistemazione delle aree verdi, &#8220;ordine domestico&#8221;, docce, sdraie e ombrelloni, contenuti alberghieri, contenuti sportivi, servizio di salvataggio e di pronto soccorso, stabilimento balneare delimitato da galleggianti);<\/li>\n<li>Autostazione (attrezzamento, sistemazione, pulizia, sistemazione aree verdi, servizi sanitari);<\/li>\n<li>Aspetto del Centro turistico-informativo (insegna, orario di lavoro, informazioni, servizi);<\/li>\n<li>Segnaletica (passaggi pedonali contrassegnati chiaramente, parcheggi, polizia stradale stagionale, aspetto delle insegne con la pianta della citt\u00e0, aspetto degli spazi pubblici dove si affiggono i manifesti);<\/li>\n<li>Spazi esterni &#8211; terrazze, steccati degli esercizi pubblici (aree verdi, fiori, tende, ombrelloni, mobili, sedie e tavoli, aspetto dei camerieri, listino prezzi);<\/li>\n<li>Negozi (di souvenir: sistemazione dell&#8217;aspetto e dell&#8217;offerta di souvenir, altri negozi-bancarelle: sistemazione, offerta, ecc.);<\/li>\n<li>Sistemazione aree verdi in generale (prato, fiori di stagione, viali, isole verdi lungo le strade, parchi cittadini, distributori di benzina, edifici d&#8217;affari, balconi e orti privati).<\/li>\n<\/ol>\n<p>PREMIATI &#8220;Fiore azzurro 2002&#8221;<\/p>\n<ul>\n<li>Citt\u00e0: 1. Rovigno, 2. Abbazia, 3. Makarska<\/li>\n<li>Comuni: 1. Tucepi, 2. Orsera, 3. Brela<\/li>\n<li>Localit\u00e0: 1. Selce, 2. Jezera, 3. Fontane<br \/>\nRiconoscimenti individuali<\/li>\n<li>Il pi\u00f9 bel balcone: Miro Bralic, Bibinje<\/li>\n<li>Il pi\u00f9 bel circondario della casa: Villa &#8220;Bellavista&#8221; Moschiena &#8211; Svetlana e Djani Mohovic<\/li>\n<li>Il pi\u00f9 bel parco: Parco S.Giacomo, Abbazia<\/li>\n<li>La pi\u00f9 bella piazza: Piazza popolare, Zara<\/li>\n<li>La pi\u00f9 bella via: Via Ive Juricev Cota,<\/li>\n<li>Vodice Il porticciolo pi\u00f9 bello: Sepurine, isola Prvic<\/li>\n<li>La pi\u00f9 bella spiaggia: primo posto ex equo spiaggia &#8220;Zrce&#8221; a Novalja e spiaggia Punta rata a Brela<\/li>\n<li>Il souvenir pi\u00f9 originale: Eko centar &#8211; Apes centrum Arbe, Dusan Kastelan, Barbat<\/li>\n<li>Il pi\u00f9 bel centro informativo-turistico: primo posto ex equo TIC Pola e TIC Arbe<\/li>\n<li>La pi\u00f9 originale offerta turistica: Jeep safari, Konavle<\/li>\n<\/ul>\n<p>Bisogna dire che tutte le localit\u00e0 che sono state candidate dalle comunit\u00e0 turistiche e dalla regione hanno dimostrato un alto livello di coscienza riguardo la necessit\u00e0 di sistemare ogni dettaglio per far s\u00ec che l&#8217;ospite si senta a suo agio. Alcuni hanno avuto pi\u00f9 successo, e Rovigno ha curato maggiormente l&#8217;aspetto della citt\u00e0.<\/p>\n<div class=\"fotoOkvirLeft\"><img decoding=\"async\" loading=\"lazy\" class=\"alignnone size-full wp-image-4043\" src=\"http:\/\/www.rovinj-rovigno.hr\/wp-content\/uploads\/2016\/11\/pc2002_03.gif\" alt=\"\" width=\"350\" height=\"176\" \/><\/div>\n<p>Dalle parole del giornalista della &#8220;Slobodna Dalmacija&#8221;, a Rovigno &#8220;l&#8217;ospite ad ogni angolo della citt\u00e0 percepisce l&#8217;accoglienza e che si fa di tutto per rendere piacevole il suo soggiorno. La riva di Rovigno e il noto panorama della citt\u00e0, con un grande numero di case ristrutturate, danno la stessa impressione di quando ci si inoltra nelle sue strette calli. Ad ogni angolo ci sono un&#8217;infinit\u00e0 di piccoli negozi di souvenir, di negozi di vini, di erbe aromatiche e dei loro prodotti, atelier, antiquariati, ecc. I ristoratori hanno trasformato i propri locali in oasi di fiori, i camerieri portano le divise da marinaio, nelle vie non ci sono mozziconi di sigarette &#8230; Tutto ci\u00f2 \u00e8 stato sufficiente acciocch\u00e9 Rovigno, in base alla valutazione di tutti i partecipanti all&#8217;azione, venga premiato con il primo posto, anche se Abbazia era molto vicino. Ma la citt\u00e0 con una tradizione secolare nel turismo sul Quarnero registra ancor sempre le conseguenze della stagnazione decennale nel turismo che l&#8217;amministrazione cittadina e la Comunit\u00e0 turistica velano molto bene con fiori e parchi ben curati, i pi\u00f9 belli dell&#8217;Adriatico, ma il numero degli impianti non ristrutturati e le facciate logore rovina il quadro attrattivo della capitale del turismo croato che ha ottenuto il secondo posto, mentre Makarska il terzo.&#8221;<\/p>","protected":false},"excerpt":{"rendered":"<p>Rovigno \u00e8 la citt\u00e0 meglio sistemata dell&#8217;Adriatico in base ai risultati dell&#8217;azione turistica &#8220;Fiore azzurro 2002&#8221;, che \u00e8 stata messa in atto durante la stagione turistica di quest&#8217;anno. Il secondo posto nella categoria delle citt\u00e0 \u00e8 andato ad Abbazia, e il terzo a Makarska. L&#8217;azione \u00e8 stata organizzata dalla Comunit\u00e0 turistica croata sul territorio di [&hellip;]<\/p>\n","protected":false},"author":2,"featured_media":0,"parent":223,"menu_order":79,"comment_status":"closed","ping_status":"closed","template":"","meta":[],"yoast_head":"<!-- This site is optimized with the Yoast SEO plugin v21.8.1 - https:\/\/yoast.com\/wordpress\/plugins\/seo\/ -->\n<title>Fiore azzurro 2002 - Citta di Rovinj-Rovigno<\/title>\n<meta name=\"robots\" content=\"index, follow, max-snippet:-1, max-image-preview:large, max-video-preview:-1\" \/>\n<link rel=\"canonical\" href=\"https:\/\/www.rovinj-rovigno.hr\/o-rovinju\/nagrade-i-priznanja\/plavi-cvijet-2002\/\" \/>\n<meta property=\"og:locale\" content=\"it_IT\" \/>\n<meta property=\"og:type\" content=\"article\" \/>\n<meta property=\"og:title\" content=\"Fiore azzurro 2002 - Citta di Rovinj-Rovigno\" \/>\n<meta property=\"og:description\" content=\"Rovigno \u00e8 la citt\u00e0 meglio sistemata dell&#8217;Adriatico in base ai risultati dell&#8217;azione turistica &#8220;Fiore azzurro 2002&#8221;, che \u00e8 stata messa in atto durante la stagione turistica di quest&#8217;anno. Il secondo posto nella categoria delle citt\u00e0 \u00e8 andato ad Abbazia, e il terzo a Makarska. L&#8217;azione \u00e8 stata organizzata dalla Comunit\u00e0 turistica croata sul territorio di [&hellip;]\" \/>\n<meta property=\"og:url\" content=\"https:\/\/www.rovinj-rovigno.hr\/o-rovinju\/nagrade-i-priznanja\/plavi-cvijet-2002\/\" \/>\n<meta property=\"og:site_name\" content=\"Citta di Rovinj-Rovigno\" \/>\n<meta property=\"article:modified_time\" content=\"2017-07-07T07:29:23+00:00\" \/>\n<meta property=\"og:image\" content=\"http:\/\/www.rovinj-rovigno.hr\/wp-content\/uploads\/2016\/11\/pc2002_01.gif\" \/>\n<meta name=\"twitter:card\" content=\"summary_large_image\" \/>\n<meta name=\"twitter:label1\" content=\"Tempo di lettura stimato\" \/>\n\t<meta name=\"twitter:data1\" content=\"12 minuti\" \/>\n<script type=\"application\/ld+json\" class=\"yoast-schema-graph\">{\"@context\":\"https:\/\/schema.org\",\"@graph\":[{\"@type\":\"WebPage\",\"@id\":\"https:\/\/www.rovinj-rovigno.hr\/o-rovinju\/nagrade-i-priznanja\/plavi-cvijet-2002\/\",\"url\":\"https:\/\/www.rovinj-rovigno.hr\/o-rovinju\/nagrade-i-priznanja\/plavi-cvijet-2002\/\",\"name\":\"Fiore azzurro 2002 - Citta di Rovinj-Rovigno\",\"isPartOf\":{\"@id\":\"https:\/\/www.rovinj-rovigno.hr\/#website\"},\"datePublished\":\"2016-11-25T11:15:33+00:00\",\"dateModified\":\"2017-07-07T07:29:23+00:00\",\"breadcrumb\":{\"@id\":\"https:\/\/www.rovinj-rovigno.hr\/o-rovinju\/nagrade-i-priznanja\/plavi-cvijet-2002\/#breadcrumb\"},\"inLanguage\":\"it-IT\",\"potentialAction\":[{\"@type\":\"ReadAction\",\"target\":[\"https:\/\/www.rovinj-rovigno.hr\/o-rovinju\/nagrade-i-priznanja\/plavi-cvijet-2002\/\"]}]},{\"@type\":\"BreadcrumbList\",\"@id\":\"https:\/\/www.rovinj-rovigno.hr\/o-rovinju\/nagrade-i-priznanja\/plavi-cvijet-2002\/#breadcrumb\",\"itemListElement\":[{\"@type\":\"ListItem\",\"position\":1,\"name\":\"Po\u010detna stranica\",\"item\":\"https:\/\/www.rovinj-rovigno.hr\/\"},{\"@type\":\"ListItem\",\"position\":2,\"name\":\"O Rovinju\",\"item\":\"https:\/\/www.rovinj-rovigno.hr\/o-rovinju\/\"},{\"@type\":\"ListItem\",\"position\":3,\"name\":\"Nagrade i priznanja\",\"item\":\"https:\/\/www.rovinj-rovigno.hr\/o-rovinju\/nagrade-i-priznanja\/\"},{\"@type\":\"ListItem\",\"position\":4,\"name\":\"Plavi cvijet 2002\"}]},{\"@type\":\"WebSite\",\"@id\":\"https:\/\/www.rovinj-rovigno.hr\/#website\",\"url\":\"https:\/\/www.rovinj-rovigno.hr\/\",\"name\":\"Citta di Rovinj-Rovigno\",\"description\":\"Sito ufficiale della Citta di Rovinj-Rovigno\",\"potentialAction\":[{\"@type\":\"SearchAction\",\"target\":{\"@type\":\"EntryPoint\",\"urlTemplate\":\"https:\/\/www.rovinj-rovigno.hr\/?s={search_term_string}\"},\"query-input\":\"required name=search_term_string\"}],\"inLanguage\":\"it-IT\"}]}<\/script>\n<!-- \/ Yoast SEO plugin. -->","yoast_head_json":{"title":"Fiore azzurro 2002 - Citta di Rovinj-Rovigno","robots":{"index":"index","follow":"follow","max-snippet":"max-snippet:-1","max-image-preview":"max-image-preview:large","max-video-preview":"max-video-preview:-1"},"canonical":"https:\/\/www.rovinj-rovigno.hr\/o-rovinju\/nagrade-i-priznanja\/plavi-cvijet-2002\/","og_locale":"it_IT","og_type":"article","og_title":"Fiore azzurro 2002 - Citta di Rovinj-Rovigno","og_description":"Rovigno \u00e8 la citt\u00e0 meglio sistemata dell&#8217;Adriatico in base ai risultati dell&#8217;azione turistica &#8220;Fiore azzurro 2002&#8221;, che \u00e8 stata messa in atto durante la stagione turistica di quest&#8217;anno. Il secondo posto nella categoria delle citt\u00e0 \u00e8 andato ad Abbazia, e il terzo a Makarska. L&#8217;azione \u00e8 stata organizzata dalla Comunit\u00e0 turistica croata sul territorio di [&hellip;]","og_url":"https:\/\/www.rovinj-rovigno.hr\/o-rovinju\/nagrade-i-priznanja\/plavi-cvijet-2002\/","og_site_name":"Citta di Rovinj-Rovigno","article_modified_time":"2017-07-07T07:29:23+00:00","og_image":[{"url":"http:\/\/www.rovinj-rovigno.hr\/wp-content\/uploads\/2016\/11\/pc2002_01.gif"}],"twitter_card":"summary_large_image","twitter_misc":{"Tempo di lettura stimato":"12 minuti"},"schema":{"@context":"https:\/\/schema.org","@graph":[{"@type":"WebPage","@id":"https:\/\/www.rovinj-rovigno.hr\/o-rovinju\/nagrade-i-priznanja\/plavi-cvijet-2002\/","url":"https:\/\/www.rovinj-rovigno.hr\/o-rovinju\/nagrade-i-priznanja\/plavi-cvijet-2002\/","name":"Fiore azzurro 2002 - Citta di Rovinj-Rovigno","isPartOf":{"@id":"https:\/\/www.rovinj-rovigno.hr\/#website"},"datePublished":"2016-11-25T11:15:33+00:00","dateModified":"2017-07-07T07:29:23+00:00","breadcrumb":{"@id":"https:\/\/www.rovinj-rovigno.hr\/o-rovinju\/nagrade-i-priznanja\/plavi-cvijet-2002\/#breadcrumb"},"inLanguage":"it-IT","potentialAction":[{"@type":"ReadAction","target":["https:\/\/www.rovinj-rovigno.hr\/o-rovinju\/nagrade-i-priznanja\/plavi-cvijet-2002\/"]}]},{"@type":"BreadcrumbList","@id":"https:\/\/www.rovinj-rovigno.hr\/o-rovinju\/nagrade-i-priznanja\/plavi-cvijet-2002\/#breadcrumb","itemListElement":[{"@type":"ListItem","position":1,"name":"Po\u010detna stranica","item":"https:\/\/www.rovinj-rovigno.hr\/"},{"@type":"ListItem","position":2,"name":"O Rovinju","item":"https:\/\/www.rovinj-rovigno.hr\/o-rovinju\/"},{"@type":"ListItem","position":3,"name":"Nagrade i priznanja","item":"https:\/\/www.rovinj-rovigno.hr\/o-rovinju\/nagrade-i-priznanja\/"},{"@type":"ListItem","position":4,"name":"Plavi cvijet 2002"}]},{"@type":"WebSite","@id":"https:\/\/www.rovinj-rovigno.hr\/#website","url":"https:\/\/www.rovinj-rovigno.hr\/","name":"Citta di Rovinj-Rovigno","description":"Sito ufficiale della Citta di Rovinj-Rovigno","potentialAction":[{"@type":"SearchAction","target":{"@type":"EntryPoint","urlTemplate":"https:\/\/www.rovinj-rovigno.hr\/?s={search_term_string}"},"query-input":"required name=search_term_string"}],"inLanguage":"it-IT"}]}},"_links":{"self":[{"href":"https:\/\/www.rovinj-rovigno.hr\/it\/wp-json\/wp\/v2\/pages\/347"}],"collection":[{"href":"https:\/\/www.rovinj-rovigno.hr\/it\/wp-json\/wp\/v2\/pages"}],"about":[{"href":"https:\/\/www.rovinj-rovigno.hr\/it\/wp-json\/wp\/v2\/types\/page"}],"author":[{"embeddable":true,"href":"https:\/\/www.rovinj-rovigno.hr\/it\/wp-json\/wp\/v2\/users\/2"}],"replies":[{"embeddable":true,"href":"https:\/\/www.rovinj-rovigno.hr\/it\/wp-json\/wp\/v2\/comments?post=347"}],"version-history":[{"count":0,"href":"https:\/\/www.rovinj-rovigno.hr\/it\/wp-json\/wp\/v2\/pages\/347\/revisions"}],"up":[{"embeddable":true,"href":"https:\/\/www.rovinj-rovigno.hr\/it\/wp-json\/wp\/v2\/pages\/223"}],"wp:attachment":[{"href":"https:\/\/www.rovinj-rovigno.hr\/it\/wp-json\/wp\/v2\/media?parent=347"}],"curies":[{"name":"wp","href":"https:\/\/api.w.org\/{rel}","templated":true}]}}