{"id":339,"date":"2016-11-25T11:12:06","date_gmt":"2016-11-25T11:12:06","guid":{"rendered":"http:\/\/rovinjhr.lin53.host25.com\/?page_id=339"},"modified":"2017-07-07T09:15:04","modified_gmt":"2017-07-07T07:15:04","slug":"plavi-cvijet-2007","status":"publish","type":"page","link":"https:\/\/www.rovinj-rovigno.hr\/it\/rovigno\/hrvatski-nagrade-i-priznanja\/hrvatski-plavi-cvijet-2007\/","title":{"rendered":"Fiore azzurro 2007"},"content":{"rendered":"<p><\/p>\n<div class=\"fotoOkvirLeft\"><img decoding=\"async\" loading=\"lazy\" class=\"alignnone size-full wp-image-4024\" src=\"http:\/\/www.rovinj-rovigno.hr\/wp-content\/uploads\/2016\/11\/ps2007_cavtat1.jpg\" alt=\"\" width=\"600\" height=\"452\" srcset=\"https:\/\/www.rovinj-rovigno.hr\/wp-content\/uploads\/2016\/11\/ps2007_cavtat1.jpg 600w, https:\/\/www.rovinj-rovigno.hr\/wp-content\/uploads\/2016\/11\/ps2007_cavtat1-300x226.jpg 300w\" sizes=\"(max-width: 600px) 100vw, 600px\" \/><\/div>\n<h4 align=\"center\">I CENTRI TURISTICI ISTRIANI GRANDE SUCCESSO NELL`OPERAZIONE \u201eFIORE BLU\u201c<\/h4>\n<p><strong>Rovigno e Rabac oro, Orsera argento <\/strong><\/p>\n<p>Anche quest`anno Rovigno si e aggiudicata il primo posto nella categoria delle citta meglio allestite nell`ambito dell`operazione \u201eFiore blu\u201c organizzata dalla Comunita turistica croata. Il miglior prodotto turistico croato, invece, e il progetto rovignese della Casa della batana.<\/p>\n<p>Rovigno, anche quest`anno, e la citta meglio allestita in questa parte dell`Adriatico, secondo la decisone comunicata qualche giorno fa dalla commissione dell`operazione \u201eFiore blu\u201c organizzata dalla Comunita turistica croata in collaborazione con i media Glas Istre (Goran Prodan), Jutarnji list (Lana Mindoljevi\u0107), Novi list (Alenka Juri\u010di\u0107), Slobodn Dalmacija (Olivija Gustin), Zadarski list (Damir Mari\u010di\u0107) e Radio nazionale croata (Tina \u010cubrilo).<\/p>\n<div class=\"fotoOkvirRight\"><img decoding=\"async\" loading=\"lazy\" class=\"alignnone size-full wp-image-4026\" src=\"http:\/\/www.rovinj-rovigno.hr\/wp-content\/uploads\/2016\/11\/ps2007_logo-w.jpg\" alt=\"\" width=\"300\" height=\"170\" \/><\/div>\n<p>Nella categoria dei centri di provincia, Ba\u0161ka Voda ha ricevuto il Fiore blu d`oro, mentre Orsera si e aggiudicata quello d`argento. Infine, tra tutte le localita turistice, alla commissione formata da nove membri rappresentanti la CTC e i media, e piaciuto di piu l`allestimento della citta di Rabac, che ha ricevuto per la prima volta il Fiore blu d`oro. Ancora due Fiori blu d`oro per i cosiddetti elementi particolari arrivano nella regione istriana. La meglio allestita area di servizio in tutto l`Adriatico e Petrol Gali\u017eana, sulla strada da Pola a Vodnjan, mentre per il miglior prodotto turistico la commissione ha scelto la storia rovignese della batana.<\/p>\n<p><strong>Un costante progresso <\/strong><\/p>\n<p>\u201eIl Fiore blu\u201c e una delle operazioni organizzate dlla CTC nell`ambito del progetto \u201eAmo la Croazia\u201c. In essa vengono valutati in primo luogo l`allestimento delle citta turistiche adriatiche, dei centri di provincia e delle localita, ma anche degli elementi particolari dell`offerta turistica. L`operazione viene organizzata dall`Ufficio centrale della CTC in collaborazione con le Comunita turistiche della parte adriatica della Croazia e i media. Cosi, verso gli inizi di luglio, le commissioni delle Comunita turistica locali avevano proposto i loro candidati regionali, tra i quali, poi, la commissione dell`Ufficio centrale della Comunita turistica croata ha scelto i finalisti. In finale sono arrivate cinque citta: oltre alla vincitrice Rovigno, c`erano anche Opatija, Vodice, Split e Dubrovnik. Rovigno ha vinto il primo posto in base alla decisione quasi unanime della commissione diretta dal direttore della Comunita turistica croata Niko Buli\u0107. Al secondo posto c`era Opatija mentre al terzo Spalato, che l`anno scorso non era neanche arrivata in finale. Vodice e Dubrovnik sono rimaste un passo indietro.<\/p>\n<p><strong>Buli\u0107: Non ci sono differenze drammatiche <\/strong><\/p>\n<div class=\"fotoOkvirLeft\"><img decoding=\"async\" loading=\"lazy\" class=\"alignnone size-full wp-image-4025\" src=\"http:\/\/www.rovinj-rovigno.hr\/wp-content\/uploads\/2016\/11\/ps2007_cavtat2.jpg\" alt=\"\" width=\"600\" height=\"447\" srcset=\"https:\/\/www.rovinj-rovigno.hr\/wp-content\/uploads\/2016\/11\/ps2007_cavtat2.jpg 600w, https:\/\/www.rovinj-rovigno.hr\/wp-content\/uploads\/2016\/11\/ps2007_cavtat2-300x224.jpg 300w\" sizes=\"(max-width: 600px) 100vw, 600px\" \/><\/div>\n<p>Oltre agli auguri ai vincitori di quest`anno, devo dire che il progresso si vede in ogni parte della Croazia, dall`Istria e dal Quarnero fino a Cavtat, e non ci sono piu differenze drammatiche ma lo standard si sta equilibrando in tutti i segmenti. Oggi sono rare le localita turistiche senza almeno una Bandiera blu, la pulizia e i servizi comunali sono in progresso, la segnaletica turistica non e un`eccezione ma una regola, e credo che quest`operazione in funzione degli abitanti e dei turisti dia il suo contributo, ha affermato Niko Buli\u0107 alla fine del Fiore blu di quest`anno.<br \/>\nTutti i riconoscimenti verranno consegnati il 26 ottobre in occasione delle Giornate del turismo che si tengono tradizionalmente a Cavtat.<\/p>\n<p align=\"right\"><em>Goran PRODAN<\/em><\/p>\n<h4 align=\"center\">I Rovignesi particolarmente contenti della storia sulla batana<\/h4>\n<p>Giovanni Sponza, il sindaco di Rovigno: Il Fiore blu e un premio per gli sforzi della Direzione della Citta, dell`Azienda Comunale e dell`economia turistica, ma anche per i contributi, gli sforzi e le attenzioni di tutti gli abitanti di Rovigno che con il loro comportamento tutti i giorno esprimono la cura per la loro citta. Per quanto riguarda il progetto della Casa della batana, esso e stato ideato in modo da raccontare in un modo diverso e contemporaneo, attraverso la storia sull`imbarcazione tradizionale rovignese, la piccola ma grande storia di Rovigno, storia di una citta cosciente delle sue origini.<\/p>\n<p>Odette Sapa\u010d, direttrice della Comunita turistica di Rovigno: Parlando sinceramente, dopo il successo dell`anno scorso, non ci aspettavamo di vincere anche quest`anno. Sono necessari molti impegni e investimenti per raggiungere il primo posto, ma rimanerci e ancora piu difficile, e percio siamo felici di esserci riusciti. Siamo particolarmente fieri del riconoscimento per il progetto la Casa della batana, in vista del suo ampliamento e per la promozione del prodotto turistico che potrebbe essere interessante per gli ospiti.<\/p>\n<h4 align=\"center\">Il Fiore blu e verde 2007 di nuovo a Rovigno e Vara\u017edin ZAGREB,<br \/>\n19. rujna 2007.<\/h4>\n<p>Rovigno anche quest`anno e stata proclamata citta meglio allestita ed ha vinto il premio Fiore blu 2007 confermando ancora una volta di essere la destinazione turistica piu bella, al secondo posto si trova Opatija mentre al terzo Spalato, che di stagione in stagione registra un numero sempre maggiore di pernottamenti turistici.<\/p>\n<p>La decisione e stata presa dalla Commissione dell`Uffico centrale della Comunita turistica croata e dai rappresentanti dei media Glas Istre, Jutarnji list, Novi list, Slobodna Dalmacija, Zadarski list e Hrvatski radio, dopo aver eseguito l`ultimo sopralluogo e dopo aver consegnato i punti ai candidati dell`operazione Fiore blu 2007 in cui vengono valutati l`allestimento delle citta, delle province e delle localita marine croate.<\/p>\n<p>Il souvenir piu originale e \u0160ibenska puca, mentre l`offerta turistica piu interessante e la Batana rovignese.<\/p>","protected":false},"excerpt":{"rendered":"<p>I CENTRI TURISTICI ISTRIANI GRANDE SUCCESSO NELL`OPERAZIONE \u201eFIORE BLU\u201c Rovigno e Rabac oro, Orsera argento Anche quest`anno Rovigno si e aggiudicata il primo posto nella categoria delle citta meglio allestite nell`ambito dell`operazione \u201eFiore blu\u201c organizzata dalla Comunita turistica croata. Il miglior prodotto turistico croato, invece, e il progetto rovignese della Casa della batana. Rovigno, anche [&hellip;]<\/p>\n","protected":false},"author":2,"featured_media":0,"parent":223,"menu_order":71,"comment_status":"closed","ping_status":"closed","template":"","meta":[],"yoast_head":"<!-- This site is optimized with the Yoast SEO plugin v21.8.1 - https:\/\/yoast.com\/wordpress\/plugins\/seo\/ -->\n<title>Fiore azzurro 2007 - Citta di Rovinj-Rovigno<\/title>\n<meta name=\"robots\" content=\"index, follow, max-snippet:-1, max-image-preview:large, max-video-preview:-1\" \/>\n<link rel=\"canonical\" href=\"https:\/\/www.rovinj-rovigno.hr\/o-rovinju\/nagrade-i-priznanja\/plavi-cvijet-2007\/\" \/>\n<meta property=\"og:locale\" content=\"it_IT\" \/>\n<meta property=\"og:type\" content=\"article\" \/>\n<meta property=\"og:title\" content=\"Fiore azzurro 2007 - Citta di Rovinj-Rovigno\" \/>\n<meta property=\"og:description\" content=\"I CENTRI TURISTICI ISTRIANI GRANDE SUCCESSO NELL`OPERAZIONE \u201eFIORE BLU\u201c Rovigno e Rabac oro, Orsera argento Anche quest`anno Rovigno si e aggiudicata il primo posto nella categoria delle citta meglio allestite nell`ambito dell`operazione \u201eFiore blu\u201c organizzata dalla Comunita turistica croata. Il miglior prodotto turistico croato, invece, e il progetto rovignese della Casa della batana. Rovigno, anche [&hellip;]\" \/>\n<meta property=\"og:url\" content=\"https:\/\/www.rovinj-rovigno.hr\/o-rovinju\/nagrade-i-priznanja\/plavi-cvijet-2007\/\" \/>\n<meta property=\"og:site_name\" content=\"Citta di Rovinj-Rovigno\" \/>\n<meta property=\"article:modified_time\" content=\"2017-07-07T07:15:04+00:00\" \/>\n<meta property=\"og:image\" content=\"http:\/\/www.rovinj-rovigno.hr\/wp-content\/uploads\/2016\/11\/ps2007_cavtat1.jpg\" \/>\n<meta name=\"twitter:card\" content=\"summary_large_image\" \/>\n<meta name=\"twitter:label1\" content=\"Tempo di lettura stimato\" \/>\n\t<meta name=\"twitter:data1\" content=\"8 minuti\" \/>\n<script type=\"application\/ld+json\" class=\"yoast-schema-graph\">{\"@context\":\"https:\/\/schema.org\",\"@graph\":[{\"@type\":\"WebPage\",\"@id\":\"https:\/\/www.rovinj-rovigno.hr\/o-rovinju\/nagrade-i-priznanja\/plavi-cvijet-2007\/\",\"url\":\"https:\/\/www.rovinj-rovigno.hr\/o-rovinju\/nagrade-i-priznanja\/plavi-cvijet-2007\/\",\"name\":\"Fiore azzurro 2007 - Citta di Rovinj-Rovigno\",\"isPartOf\":{\"@id\":\"https:\/\/www.rovinj-rovigno.hr\/#website\"},\"datePublished\":\"2016-11-25T11:12:06+00:00\",\"dateModified\":\"2017-07-07T07:15:04+00:00\",\"breadcrumb\":{\"@id\":\"https:\/\/www.rovinj-rovigno.hr\/o-rovinju\/nagrade-i-priznanja\/plavi-cvijet-2007\/#breadcrumb\"},\"inLanguage\":\"it-IT\",\"potentialAction\":[{\"@type\":\"ReadAction\",\"target\":[\"https:\/\/www.rovinj-rovigno.hr\/o-rovinju\/nagrade-i-priznanja\/plavi-cvijet-2007\/\"]}]},{\"@type\":\"BreadcrumbList\",\"@id\":\"https:\/\/www.rovinj-rovigno.hr\/o-rovinju\/nagrade-i-priznanja\/plavi-cvijet-2007\/#breadcrumb\",\"itemListElement\":[{\"@type\":\"ListItem\",\"position\":1,\"name\":\"Po\u010detna stranica\",\"item\":\"https:\/\/www.rovinj-rovigno.hr\/\"},{\"@type\":\"ListItem\",\"position\":2,\"name\":\"O Rovinju\",\"item\":\"https:\/\/www.rovinj-rovigno.hr\/o-rovinju\/\"},{\"@type\":\"ListItem\",\"position\":3,\"name\":\"Nagrade i priznanja\",\"item\":\"https:\/\/www.rovinj-rovigno.hr\/o-rovinju\/nagrade-i-priznanja\/\"},{\"@type\":\"ListItem\",\"position\":4,\"name\":\"Plavi cvijet 2007\"}]},{\"@type\":\"WebSite\",\"@id\":\"https:\/\/www.rovinj-rovigno.hr\/#website\",\"url\":\"https:\/\/www.rovinj-rovigno.hr\/\",\"name\":\"Citta di Rovinj-Rovigno\",\"description\":\"Sito ufficiale della Citta di Rovinj-Rovigno\",\"potentialAction\":[{\"@type\":\"SearchAction\",\"target\":{\"@type\":\"EntryPoint\",\"urlTemplate\":\"https:\/\/www.rovinj-rovigno.hr\/?s={search_term_string}\"},\"query-input\":\"required name=search_term_string\"}],\"inLanguage\":\"it-IT\"}]}<\/script>\n<!-- \/ Yoast SEO plugin. -->","yoast_head_json":{"title":"Fiore azzurro 2007 - Citta di Rovinj-Rovigno","robots":{"index":"index","follow":"follow","max-snippet":"max-snippet:-1","max-image-preview":"max-image-preview:large","max-video-preview":"max-video-preview:-1"},"canonical":"https:\/\/www.rovinj-rovigno.hr\/o-rovinju\/nagrade-i-priznanja\/plavi-cvijet-2007\/","og_locale":"it_IT","og_type":"article","og_title":"Fiore azzurro 2007 - Citta di Rovinj-Rovigno","og_description":"I CENTRI TURISTICI ISTRIANI GRANDE SUCCESSO NELL`OPERAZIONE \u201eFIORE BLU\u201c Rovigno e Rabac oro, Orsera argento Anche quest`anno Rovigno si e aggiudicata il primo posto nella categoria delle citta meglio allestite nell`ambito dell`operazione \u201eFiore blu\u201c organizzata dalla Comunita turistica croata. Il miglior prodotto turistico croato, invece, e il progetto rovignese della Casa della batana. Rovigno, anche [&hellip;]","og_url":"https:\/\/www.rovinj-rovigno.hr\/o-rovinju\/nagrade-i-priznanja\/plavi-cvijet-2007\/","og_site_name":"Citta di Rovinj-Rovigno","article_modified_time":"2017-07-07T07:15:04+00:00","og_image":[{"url":"http:\/\/www.rovinj-rovigno.hr\/wp-content\/uploads\/2016\/11\/ps2007_cavtat1.jpg"}],"twitter_card":"summary_large_image","twitter_misc":{"Tempo di lettura stimato":"8 minuti"},"schema":{"@context":"https:\/\/schema.org","@graph":[{"@type":"WebPage","@id":"https:\/\/www.rovinj-rovigno.hr\/o-rovinju\/nagrade-i-priznanja\/plavi-cvijet-2007\/","url":"https:\/\/www.rovinj-rovigno.hr\/o-rovinju\/nagrade-i-priznanja\/plavi-cvijet-2007\/","name":"Fiore azzurro 2007 - Citta di Rovinj-Rovigno","isPartOf":{"@id":"https:\/\/www.rovinj-rovigno.hr\/#website"},"datePublished":"2016-11-25T11:12:06+00:00","dateModified":"2017-07-07T07:15:04+00:00","breadcrumb":{"@id":"https:\/\/www.rovinj-rovigno.hr\/o-rovinju\/nagrade-i-priznanja\/plavi-cvijet-2007\/#breadcrumb"},"inLanguage":"it-IT","potentialAction":[{"@type":"ReadAction","target":["https:\/\/www.rovinj-rovigno.hr\/o-rovinju\/nagrade-i-priznanja\/plavi-cvijet-2007\/"]}]},{"@type":"BreadcrumbList","@id":"https:\/\/www.rovinj-rovigno.hr\/o-rovinju\/nagrade-i-priznanja\/plavi-cvijet-2007\/#breadcrumb","itemListElement":[{"@type":"ListItem","position":1,"name":"Po\u010detna stranica","item":"https:\/\/www.rovinj-rovigno.hr\/"},{"@type":"ListItem","position":2,"name":"O Rovinju","item":"https:\/\/www.rovinj-rovigno.hr\/o-rovinju\/"},{"@type":"ListItem","position":3,"name":"Nagrade i priznanja","item":"https:\/\/www.rovinj-rovigno.hr\/o-rovinju\/nagrade-i-priznanja\/"},{"@type":"ListItem","position":4,"name":"Plavi cvijet 2007"}]},{"@type":"WebSite","@id":"https:\/\/www.rovinj-rovigno.hr\/#website","url":"https:\/\/www.rovinj-rovigno.hr\/","name":"Citta di Rovinj-Rovigno","description":"Sito ufficiale della Citta di Rovinj-Rovigno","potentialAction":[{"@type":"SearchAction","target":{"@type":"EntryPoint","urlTemplate":"https:\/\/www.rovinj-rovigno.hr\/?s={search_term_string}"},"query-input":"required name=search_term_string"}],"inLanguage":"it-IT"}]}},"_links":{"self":[{"href":"https:\/\/www.rovinj-rovigno.hr\/it\/wp-json\/wp\/v2\/pages\/339"}],"collection":[{"href":"https:\/\/www.rovinj-rovigno.hr\/it\/wp-json\/wp\/v2\/pages"}],"about":[{"href":"https:\/\/www.rovinj-rovigno.hr\/it\/wp-json\/wp\/v2\/types\/page"}],"author":[{"embeddable":true,"href":"https:\/\/www.rovinj-rovigno.hr\/it\/wp-json\/wp\/v2\/users\/2"}],"replies":[{"embeddable":true,"href":"https:\/\/www.rovinj-rovigno.hr\/it\/wp-json\/wp\/v2\/comments?post=339"}],"version-history":[{"count":0,"href":"https:\/\/www.rovinj-rovigno.hr\/it\/wp-json\/wp\/v2\/pages\/339\/revisions"}],"up":[{"embeddable":true,"href":"https:\/\/www.rovinj-rovigno.hr\/it\/wp-json\/wp\/v2\/pages\/223"}],"wp:attachment":[{"href":"https:\/\/www.rovinj-rovigno.hr\/it\/wp-json\/wp\/v2\/media?parent=339"}],"curies":[{"name":"wp","href":"https:\/\/api.w.org\/{rel}","templated":true}]}}