{"id":337,"date":"2016-11-25T11:08:44","date_gmt":"2016-11-25T11:08:44","guid":{"rendered":"http:\/\/rovinjhr.lin53.host25.com\/?page_id=337"},"modified":"2017-07-07T09:12:09","modified_gmt":"2017-07-07T07:12:09","slug":"plavi-cvijet-2008-turisticki-cvijet-2008","status":"publish","type":"page","link":"https:\/\/www.rovinj-rovigno.hr\/it\/rovigno\/hrvatski-nagrade-i-priznanja\/hrvatski-plavi-cvijet-2008-turisticki-cvijet-2008\/","title":{"rendered":"Fiore blu 2008 &#8211; Fiore del turismo 2008"},"content":{"rendered":"<p><\/p>\n<div class=\"fotoOkvirLeft\"><img decoding=\"async\" loading=\"lazy\" class=\"alignnone size-full wp-image-4010\" src=\"http:\/\/www.rovinj-rovigno.hr\/wp-content\/uploads\/2016\/11\/pc_2008_1.jpg\" alt=\"\" width=\"570\" height=\"397\" srcset=\"https:\/\/www.rovinj-rovigno.hr\/wp-content\/uploads\/2016\/11\/pc_2008_1.jpg 570w, https:\/\/www.rovinj-rovigno.hr\/wp-content\/uploads\/2016\/11\/pc_2008_1-300x209.jpg 300w\" sizes=\"(max-width: 570px) 100vw, 570px\" \/><\/div>\n<h3>Rovigno, primo campione assoluto del turismo croato<\/h3>\n<p>Venerd\u00ec 24 ottobre, sotto il tendone allestito nello spazio del palcoscenico estivo d\u2019Abbazia (Opatija), con la solenne cerimonia di premiazione degli operatori turistici, delle localit\u00e0 e delle strutture ricettive si sono concluse le \u201cGiornate del turismo croato\u201d. Al solenne raduno, svoltosi ad Abbazia, hanno partecipato numerosi operatori del turismo croato, accorsi per assistere alla cerimonia di premiazione nell\u2019ambito del concorso \u201cFiore del turismo \u2013 Qualit\u00e0 per la Croazia 2008\u201d, nato con l\u2019obiettivo di valutare e premiare la qualit\u00e0 delle destinazioni, delle societ\u00e0 e dei singoli operatori del settore turistico nazionale. La manifestazione, organizzata dall\u2019HRT (Ente Radiotelevisivo Croato), in collaborazione con la Camera di Commercio della Croazia, s\u2019\u00e8 svolta in concomitanza con altre iniziative simili denominate \u201cFiore blu\u201d, \u201cFiore verde\u201d e \u201cOperatore turistico dell\u2019anno\u201d, volute dall\u2019Ente Nazionale Croato per il Turismo. Quest\u2019anno, per la prima volta dalla loro istituzione, tutti questi riconoscimenti sono stati assegnati nel medesimo luogo e nell\u2019ambito della medesima serata.<\/p>\n<table border=\"0\" width=\"500\" cellspacing=\"0\" cellpadding=\"0\" align=\"center\">\n<tbody>\n<tr>\n<td align=\"center\"><img decoding=\"async\" loading=\"lazy\" class=\"alignnone size-full wp-image-4012\" src=\"http:\/\/www.rovinj-rovigno.hr\/wp-content\/uploads\/2016\/11\/2008-TC1.jpg\" alt=\"\" width=\"200\" height=\"234\" \/><\/td>\n<td align=\"center\"><img decoding=\"async\" loading=\"lazy\" class=\"alignnone size-full wp-image-4011\" src=\"http:\/\/www.rovinj-rovigno.hr\/wp-content\/uploads\/2016\/11\/2008-plaketaPC1.jpg\" alt=\"\" width=\"200\" height=\"292\" \/><\/td>\n<\/tr>\n<tr>\n<td colspan=\"2\" align=\"center\">\u201cFiore del turismo \u2013 Qualit\u00e0 per la Croazia 2008\u201d<br \/>\nCitt\u00e0 di Rovigno, campione turistico della Croazia per il 2008<\/td>\n<\/tr>\n<\/tbody>\n<\/table>\n<p>La citt\u00e0 di Rovigno (Rovinj in croato) ha ricevuto due fiori: il \u201cFiore blu col marchio d\u2019oro\u201d quale miglior citt\u00e0 costiera croata dal punto di vista del suo assetto ambientale, consegnatole dal direttore dell\u2019Ente Nazionale Croato per il Turismo, dott. Niko Buli\u0107, e la grande statua \u201cFiore del turismo \u2013 Qualit\u00e0 per la Croazia 2008\u201d come migliore localit\u00e0 turistica sull\u2019Adriatico croato con pi\u00f9 di 10.000 posti-letto, consegnatale dalla Vicepresidente del Consiglio dei Ministri della Repubblica di Croazia, on. \u0110ur\u0111a Adle\u0161i\u0107.<\/p>\n<table border=\"0\" width=\"500\" cellspacing=\"0\" cellpadding=\"0\" align=\"center\">\n<tbody>\n<tr>\n<td align=\"center\"><img decoding=\"async\" loading=\"lazy\" class=\"alignnone size-full wp-image-4014\" src=\"http:\/\/www.rovinj-rovigno.hr\/wp-content\/uploads\/2016\/11\/2008-TC2.jpg\" alt=\"\" width=\"150\" height=\"188\" \/><\/td>\n<td align=\"center\"><img decoding=\"async\" loading=\"lazy\" class=\"alignnone size-full wp-image-4013\" src=\"http:\/\/www.rovinj-rovigno.hr\/wp-content\/uploads\/2016\/11\/2008-plaketaPC2.jpg\" alt=\"\" width=\"200\" height=\"295\" \/><\/td>\n<\/tr>\n<tr>\n<td colspan=\"2\" align=\"center\">\u201cFiore del turismo \u2013 Qualit\u00e0 per la Croazia\u201d<br \/>\nCitt\u00e0 di Rovigno \u2013 migliore localit\u00e0 turistica sull\u2019Adriatico croato<br \/>\ncon pi\u00f9 di 10.000 posti-letto<\/td>\n<\/tr>\n<\/tbody>\n<\/table>\n<p>Rovigno \u00e8 stata premiata quale campione turistico assoluto per il 2008. Il premio (una grande scultura raffigurante il \u201cFiore del turismo\u201d) \u00e8 stato consegnato dal Presidente del Parlamento della Repubblica di Croazia, on. Luka Bebi\u0107. Tutti i premi, a nome della citt\u00e0, sono stati ritirati dal sindaco di Rovigno, il signor Giovanni Sponza.<\/p>\n<table border=\"0\" width=\"500\" cellspacing=\"0\" cellpadding=\"0\" align=\"center\">\n<tbody>\n<tr>\n<td align=\"center\"><img decoding=\"async\" loading=\"lazy\" class=\"alignnone size-full wp-image-4015\" src=\"http:\/\/www.rovinj-rovigno.hr\/wp-content\/uploads\/2016\/11\/2008-PC1.jpg\" alt=\"\" width=\"200\" height=\"239\" \/><\/td>\n<td align=\"center\"><img decoding=\"async\" loading=\"lazy\" class=\"alignnone size-full wp-image-4016\" src=\"http:\/\/www.rovinj-rovigno.hr\/wp-content\/uploads\/2016\/11\/2008-plaketaPC3.jpg\" alt=\"\" width=\"200\" height=\"304\" srcset=\"https:\/\/www.rovinj-rovigno.hr\/wp-content\/uploads\/2016\/11\/2008-plaketaPC3.jpg 200w, https:\/\/www.rovinj-rovigno.hr\/wp-content\/uploads\/2016\/11\/2008-plaketaPC3-197x300.jpg 197w\" sizes=\"(max-width: 200px) 100vw, 200px\" \/><\/td>\n<\/tr>\n<tr>\n<td colspan=\"2\" align=\"center\">Il \u201cFiore blu col marchio d\u2019oro\u201d \u00e8 andato a Rovino quale 1\u00b0classificata nella categoria \u201ccitt\u00e0\u201d.<\/td>\n<\/tr>\n<\/tbody>\n<\/table>\n<p><img decoding=\"async\" loading=\"lazy\" class=\"alignnone size-full wp-image-4020\" src=\"http:\/\/www.rovinj-rovigno.hr\/wp-content\/uploads\/2016\/11\/pc_2008_2.jpg\" alt=\"\" width=\"300\" height=\"349\" srcset=\"https:\/\/www.rovinj-rovigno.hr\/wp-content\/uploads\/2016\/11\/pc_2008_2.jpg 300w, https:\/\/www.rovinj-rovigno.hr\/wp-content\/uploads\/2016\/11\/pc_2008_2-258x300.jpg 258w\" sizes=\"(max-width: 300px) 100vw, 300px\" \/>I premi assegnati agli \u201cOperatori turistici dell\u2019anno\u201d sono stati consegnati dalla Vicepresidente del Consiglio dei Ministri della Repubblica di Croazia, on. \u0110ur\u0111a Adle\u0161i\u0107, dal Ministro per il Turismo della Repubblica di Croazia, on. Damir Bajs, e dal direttore dell\u2019Ente Nazionale Croato per il Turismo, dott. Niko Buli\u0107. Nell\u2019ambito della premiazione, Rovigno s\u2019\u00e8 distinta, nella categoria \u201cVendita e marketing nel turismo\u201d, grazie al primo premio conquistato dal signor Darko \u0106orkovi\u0107 della \u201cMaistra\u201d d.d. (S.p.A.), e, nella categoria \u201cmiglior tassista\u201d, grazie al signor Petar Fazeka\u0161, anch\u2019egli classificatosi al primo posto.<\/p>\n<p>Fiore bluL\u2019hotel \u201cIstra\u201d s\u2019\u00e8 classificato al terzo posto nella categoria \u201cFiore del turismo \u2013 i migliori alberghi a 4 stelle dell\u2019Adriatico croato\u201d. Nella categoria \u201calberghi a 3 stelle\u201d, la piazza d\u2019onore \u00e8 andata all\u2019hotel \u201cPark\u201d. L\u2019hotel \u201cIstra\u201d ha ricevuto anche un premio speciale, il \u201cFiore del turismo \u2013 Qualit\u00e0 per la Croazia\u201d, per l\u2019incentivazione e lo sviluppo dei programmi wellness.<\/p>\n<p>Il sindaco Giovanni Sponza ha avuto, quindi, il piacevole compito di salire per ben tre volte sul palco della citt\u00e0 quarnerina in rappresentanza della sua citt\u00e0. Sponza ha sottolineato che i riconoscimenti ricevuti sono dovuti all\u2019impegno comune dell\u2019Amministrazione comunale, della cittadinanza, degli enti comunali e dell\u2019industria turistica locale. Cos\u00ec facendo, Rovigno ha saputo trovare la combinazione vincente, consistente nella pianificazione congiunta in vista della stagione turistica e nella suddivisione dei compiti e delle responsabilit\u00e0.<\/p>\n<table border=\"0\" width=\"160\" cellspacing=\"0\" cellpadding=\"0\" align=\"right\">\n<tbody>\n<tr>\n<td align=\"right\"><span class=\"fotoOkvirLeft\"><img decoding=\"async\" loading=\"lazy\" class=\"alignnone size-full wp-image-4017\" src=\"http:\/\/www.rovinj-rovigno.hr\/wp-content\/uploads\/2016\/11\/2008-CORKOVIC.jpg\" alt=\"\" width=\"150\" height=\"200\" \/><\/span><\/td>\n<\/tr>\n<tr>\n<td align=\"right\"><\/td>\n<\/tr>\n<tr>\n<td align=\"right\"><span class=\"fotoOkvirLeft\"><img decoding=\"async\" loading=\"lazy\" class=\"alignnone size-full wp-image-4018\" src=\"http:\/\/www.rovinj-rovigno.hr\/wp-content\/uploads\/2016\/11\/2008-FAZEKAS.jpg\" alt=\"\" width=\"148\" height=\"200\" \/><\/span><\/td>\n<\/tr>\n<\/tbody>\n<\/table>\n<p>&#8211; Questo per noi \u00e8 un riconoscimento molto importante, non solo perch\u00e9 abbiamo vinto per il terzo anno consecutivo, e per la quanta volta in tutto, gli ambiti premi \u201cFiore blu\u201d e \u201cFiore del turismo\u201d, ma anche perch\u00e9 Rovigno \u00e8 l\u2019unica ad aver vinto i due premi nel medesimo anno, diventando cos\u00ec \u201ccampione assoluto del turismo croato\u201d. Un risultato che non avremmo potuto conseguire se non avessimo operato congiuntamente per la preparazione della stagione turistica appena trascorsa; a questo proposito, colgo l\u2019occasione per ringraziare chi ci ha sostenuto con il suo impegno. Questi riconoscimenti ci spingono a fare ancora meglio. A Rovigno sono in programma nuovi investimenti per 1,5 miliardi di kune, risorse che trasformeranno la citt\u00e0 in una destinazione turistica a 4 e 5 stelle ed eleveranno lo standard della qualit\u00e0 della vita \u2013 ha dichiarato il sindaco Giovanni Sponza.<\/p>\n<p>La direttrice dell\u2019Ente per il turismo cittadino, signora Odete Sapa\u010d, ha voluto richiamare l\u2019attenzione sul fatto che Rovigno, quest\u2019anno, ha ricevuto ben otto riconoscimenti turistici, il pi\u00f9 significativo dei quali \u00e8 stato senz\u2019altro il \u201cFiore del turismo\u201d assegnato dagli addetti ai lavori in base ad una valutazione espressa indipendentemente degli esperti dell\u2019Istituto \u201cIvo Pilar\u201d.<\/p>\n<p>&#8211; Anche se non osavamo pensare di poter vincere entrambi i premi, non possiamo dirci sorpresi. La coordinazione tra i settori pubblico e privato, nella nostra citt\u00e0, funziona davvero. L\u2019unione di tutti ha portato a meritare gli ambitissimi riconoscimenti ricevuti. L\u2019industria turistica, negli ultimi anni, ha investito tanto per elevare la qualit\u00e0 dei servizi e dell\u2019offerta turistica in generale. E gli addetti ai lavori hanno saputo riconoscere la bont\u00e0 del lavoro fatto, tanto da premiare Rovigno come \u201ccampione assoluto del turismo croato per il 2008\u201d. Rovigno \u00e8 stata apprezzata soprattutto per l\u2019opera di tutela del suo patrimonio storico-culturale e per la salvaguardia del suo patrimonio naturale e delle sue spiagge, in particolare di quella del Parco naturale di Zlatni rt (Punta corrente). Tutto ci\u00f2 contribuisce a creare un quadro d\u2019assieme della nostra offerta turistica \u2013 ha dichiarato Odete Sapa\u010d.<br \/>\n<img decoding=\"async\" class=\"foto-lijeva\" src=\"http:\/\/rovinj.hr\/rovinj\/images\/rovinj\/nagrade\/pc_2008_3.jpg\" alt=\"Fiore blu 2008\" \/>La signora Sapa\u010d ha ringraziato anche tutti coloro che hanno partecipato a definire ed ideare l\u2019offerta turistica cittadina. Ha ricordato che Rovigno, lo scorso anno, ha ricevuto il premio per il prodotto turistico piu originale, ideato intorno alla battana, la barca della tradizione piscatoria rovignese.<\/p>\n<p>Rovigno e stata anche padrone di casa di tante importanti manifestazioni culturali, come il \u201cPhotodays\u201d, il \u201cWeekend media festival\u201d e l\u2019incontro annuale dei designers croati. Senza dimenticare, poi, altri eventi diventati, negli anni, appuntamenti tradizionali nel panorama cittadino, come la \u201cSerata della tradizione piscatoria\u201d, la \u201cGrisija\u201d, le \u201cRegate internazionali\u201d, ecc. Quest\u2019anno, la cittadinanza e gli ospiti di Rovigno hanno potuto assistere a ben 275 eventi, quasi uno per ogni giorno dell\u2019anno.<\/p>\n<p>E in fase di preparazione un nuovo programma riguardante il sito archeologico di Monkodonja, ribattezzato, per la sua rilevanza, \u201cMicene croata\u201d. E in programma, inoltre, tanto la ristrutturazione della chiesa che sorge sull\u2019isola di San Giovanni (Sv. Ivan) e che ospitava una delle piu antiche comunita di benedettini dell\u2019Adriatico, quanto la valorizzazione turistica della riserva ornitologica di Palud.<\/p>\n<p>C\u2019e una caratteristica che accomuna le strutture ricettive appena rinnovate a quelle di nuova costruzione della citta di Rovigno: entrambe sono destinate a lavorare tutto l\u2019anno. Cio contribuira ad aumentare, ne siamo convinti, l\u2019importanza del turismo culturale cittadino, e Rovigno, meta tra le piu visitate dai gitanti e dai croceristi, ha veramente di che offrire.<\/p>","protected":false},"excerpt":{"rendered":"<p>Rovigno, primo campione assoluto del turismo croato Venerd\u00ec 24 ottobre, sotto il tendone allestito nello spazio del palcoscenico estivo d\u2019Abbazia (Opatija), con la solenne cerimonia di premiazione degli operatori turistici, delle localit\u00e0 e delle strutture ricettive si sono concluse le \u201cGiornate del turismo croato\u201d. Al solenne raduno, svoltosi ad Abbazia, hanno partecipato numerosi operatori del [&hellip;]<\/p>\n","protected":false},"author":2,"featured_media":0,"parent":223,"menu_order":69,"comment_status":"closed","ping_status":"closed","template":"","meta":[],"yoast_head":"<!-- This site is optimized with the Yoast SEO plugin v21.8.1 - https:\/\/yoast.com\/wordpress\/plugins\/seo\/ -->\n<title>Fiore blu 2008 - Fiore del turismo 2008 - Citta di Rovinj-Rovigno<\/title>\n<meta name=\"robots\" content=\"index, follow, max-snippet:-1, max-image-preview:large, max-video-preview:-1\" \/>\n<link rel=\"canonical\" href=\"https:\/\/www.rovinj-rovigno.hr\/o-rovinju\/nagrade-i-priznanja\/plavi-cvijet-2008-turisticki-cvijet-2008\/\" \/>\n<meta property=\"og:locale\" content=\"it_IT\" \/>\n<meta property=\"og:type\" content=\"article\" \/>\n<meta property=\"og:title\" content=\"Fiore blu 2008 - Fiore del turismo 2008 - Citta di Rovinj-Rovigno\" \/>\n<meta property=\"og:description\" content=\"Rovigno, primo campione assoluto del turismo croato Venerd\u00ec 24 ottobre, sotto il tendone allestito nello spazio del palcoscenico estivo d\u2019Abbazia (Opatija), con la solenne cerimonia di premiazione degli operatori turistici, delle localit\u00e0 e delle strutture ricettive si sono concluse le \u201cGiornate del turismo croato\u201d. Al solenne raduno, svoltosi ad Abbazia, hanno partecipato numerosi operatori del [&hellip;]\" \/>\n<meta property=\"og:url\" content=\"https:\/\/www.rovinj-rovigno.hr\/o-rovinju\/nagrade-i-priznanja\/plavi-cvijet-2008-turisticki-cvijet-2008\/\" \/>\n<meta property=\"og:site_name\" content=\"Citta di Rovinj-Rovigno\" \/>\n<meta property=\"article:modified_time\" content=\"2017-07-07T07:12:09+00:00\" \/>\n<meta property=\"og:image\" content=\"http:\/\/www.rovinj-rovigno.hr\/wp-content\/uploads\/2016\/11\/pc_2008_1.jpg\" \/>\n<meta name=\"twitter:card\" content=\"summary_large_image\" \/>\n<meta name=\"twitter:label1\" content=\"Tempo di lettura stimato\" \/>\n\t<meta name=\"twitter:data1\" content=\"10 minuti\" \/>\n<script type=\"application\/ld+json\" class=\"yoast-schema-graph\">{\"@context\":\"https:\/\/schema.org\",\"@graph\":[{\"@type\":\"WebPage\",\"@id\":\"https:\/\/www.rovinj-rovigno.hr\/o-rovinju\/nagrade-i-priznanja\/plavi-cvijet-2008-turisticki-cvijet-2008\/\",\"url\":\"https:\/\/www.rovinj-rovigno.hr\/o-rovinju\/nagrade-i-priznanja\/plavi-cvijet-2008-turisticki-cvijet-2008\/\",\"name\":\"Fiore blu 2008 - Fiore del turismo 2008 - Citta di Rovinj-Rovigno\",\"isPartOf\":{\"@id\":\"https:\/\/www.rovinj-rovigno.hr\/#website\"},\"datePublished\":\"2016-11-25T11:08:44+00:00\",\"dateModified\":\"2017-07-07T07:12:09+00:00\",\"breadcrumb\":{\"@id\":\"https:\/\/www.rovinj-rovigno.hr\/o-rovinju\/nagrade-i-priznanja\/plavi-cvijet-2008-turisticki-cvijet-2008\/#breadcrumb\"},\"inLanguage\":\"it-IT\",\"potentialAction\":[{\"@type\":\"ReadAction\",\"target\":[\"https:\/\/www.rovinj-rovigno.hr\/o-rovinju\/nagrade-i-priznanja\/plavi-cvijet-2008-turisticki-cvijet-2008\/\"]}]},{\"@type\":\"BreadcrumbList\",\"@id\":\"https:\/\/www.rovinj-rovigno.hr\/o-rovinju\/nagrade-i-priznanja\/plavi-cvijet-2008-turisticki-cvijet-2008\/#breadcrumb\",\"itemListElement\":[{\"@type\":\"ListItem\",\"position\":1,\"name\":\"Po\u010detna stranica\",\"item\":\"https:\/\/www.rovinj-rovigno.hr\/\"},{\"@type\":\"ListItem\",\"position\":2,\"name\":\"O Rovinju\",\"item\":\"https:\/\/www.rovinj-rovigno.hr\/o-rovinju\/\"},{\"@type\":\"ListItem\",\"position\":3,\"name\":\"Nagrade i priznanja\",\"item\":\"https:\/\/www.rovinj-rovigno.hr\/o-rovinju\/nagrade-i-priznanja\/\"},{\"@type\":\"ListItem\",\"position\":4,\"name\":\"Plavi cvijet 2008 &#8211; Turisti\u010dki cvijet 2008\"}]},{\"@type\":\"WebSite\",\"@id\":\"https:\/\/www.rovinj-rovigno.hr\/#website\",\"url\":\"https:\/\/www.rovinj-rovigno.hr\/\",\"name\":\"Citta di Rovinj-Rovigno\",\"description\":\"Sito ufficiale della Citta di Rovinj-Rovigno\",\"potentialAction\":[{\"@type\":\"SearchAction\",\"target\":{\"@type\":\"EntryPoint\",\"urlTemplate\":\"https:\/\/www.rovinj-rovigno.hr\/?s={search_term_string}\"},\"query-input\":\"required name=search_term_string\"}],\"inLanguage\":\"it-IT\"}]}<\/script>\n<!-- \/ Yoast SEO plugin. -->","yoast_head_json":{"title":"Fiore blu 2008 - Fiore del turismo 2008 - Citta di Rovinj-Rovigno","robots":{"index":"index","follow":"follow","max-snippet":"max-snippet:-1","max-image-preview":"max-image-preview:large","max-video-preview":"max-video-preview:-1"},"canonical":"https:\/\/www.rovinj-rovigno.hr\/o-rovinju\/nagrade-i-priznanja\/plavi-cvijet-2008-turisticki-cvijet-2008\/","og_locale":"it_IT","og_type":"article","og_title":"Fiore blu 2008 - Fiore del turismo 2008 - Citta di Rovinj-Rovigno","og_description":"Rovigno, primo campione assoluto del turismo croato Venerd\u00ec 24 ottobre, sotto il tendone allestito nello spazio del palcoscenico estivo d\u2019Abbazia (Opatija), con la solenne cerimonia di premiazione degli operatori turistici, delle localit\u00e0 e delle strutture ricettive si sono concluse le \u201cGiornate del turismo croato\u201d. Al solenne raduno, svoltosi ad Abbazia, hanno partecipato numerosi operatori del [&hellip;]","og_url":"https:\/\/www.rovinj-rovigno.hr\/o-rovinju\/nagrade-i-priznanja\/plavi-cvijet-2008-turisticki-cvijet-2008\/","og_site_name":"Citta di Rovinj-Rovigno","article_modified_time":"2017-07-07T07:12:09+00:00","og_image":[{"url":"http:\/\/www.rovinj-rovigno.hr\/wp-content\/uploads\/2016\/11\/pc_2008_1.jpg"}],"twitter_card":"summary_large_image","twitter_misc":{"Tempo di lettura stimato":"10 minuti"},"schema":{"@context":"https:\/\/schema.org","@graph":[{"@type":"WebPage","@id":"https:\/\/www.rovinj-rovigno.hr\/o-rovinju\/nagrade-i-priznanja\/plavi-cvijet-2008-turisticki-cvijet-2008\/","url":"https:\/\/www.rovinj-rovigno.hr\/o-rovinju\/nagrade-i-priznanja\/plavi-cvijet-2008-turisticki-cvijet-2008\/","name":"Fiore blu 2008 - Fiore del turismo 2008 - Citta di Rovinj-Rovigno","isPartOf":{"@id":"https:\/\/www.rovinj-rovigno.hr\/#website"},"datePublished":"2016-11-25T11:08:44+00:00","dateModified":"2017-07-07T07:12:09+00:00","breadcrumb":{"@id":"https:\/\/www.rovinj-rovigno.hr\/o-rovinju\/nagrade-i-priznanja\/plavi-cvijet-2008-turisticki-cvijet-2008\/#breadcrumb"},"inLanguage":"it-IT","potentialAction":[{"@type":"ReadAction","target":["https:\/\/www.rovinj-rovigno.hr\/o-rovinju\/nagrade-i-priznanja\/plavi-cvijet-2008-turisticki-cvijet-2008\/"]}]},{"@type":"BreadcrumbList","@id":"https:\/\/www.rovinj-rovigno.hr\/o-rovinju\/nagrade-i-priznanja\/plavi-cvijet-2008-turisticki-cvijet-2008\/#breadcrumb","itemListElement":[{"@type":"ListItem","position":1,"name":"Po\u010detna stranica","item":"https:\/\/www.rovinj-rovigno.hr\/"},{"@type":"ListItem","position":2,"name":"O Rovinju","item":"https:\/\/www.rovinj-rovigno.hr\/o-rovinju\/"},{"@type":"ListItem","position":3,"name":"Nagrade i priznanja","item":"https:\/\/www.rovinj-rovigno.hr\/o-rovinju\/nagrade-i-priznanja\/"},{"@type":"ListItem","position":4,"name":"Plavi cvijet 2008 &#8211; Turisti\u010dki cvijet 2008"}]},{"@type":"WebSite","@id":"https:\/\/www.rovinj-rovigno.hr\/#website","url":"https:\/\/www.rovinj-rovigno.hr\/","name":"Citta di Rovinj-Rovigno","description":"Sito ufficiale della Citta di Rovinj-Rovigno","potentialAction":[{"@type":"SearchAction","target":{"@type":"EntryPoint","urlTemplate":"https:\/\/www.rovinj-rovigno.hr\/?s={search_term_string}"},"query-input":"required name=search_term_string"}],"inLanguage":"it-IT"}]}},"_links":{"self":[{"href":"https:\/\/www.rovinj-rovigno.hr\/it\/wp-json\/wp\/v2\/pages\/337"}],"collection":[{"href":"https:\/\/www.rovinj-rovigno.hr\/it\/wp-json\/wp\/v2\/pages"}],"about":[{"href":"https:\/\/www.rovinj-rovigno.hr\/it\/wp-json\/wp\/v2\/types\/page"}],"author":[{"embeddable":true,"href":"https:\/\/www.rovinj-rovigno.hr\/it\/wp-json\/wp\/v2\/users\/2"}],"replies":[{"embeddable":true,"href":"https:\/\/www.rovinj-rovigno.hr\/it\/wp-json\/wp\/v2\/comments?post=337"}],"version-history":[{"count":0,"href":"https:\/\/www.rovinj-rovigno.hr\/it\/wp-json\/wp\/v2\/pages\/337\/revisions"}],"up":[{"embeddable":true,"href":"https:\/\/www.rovinj-rovigno.hr\/it\/wp-json\/wp\/v2\/pages\/223"}],"wp:attachment":[{"href":"https:\/\/www.rovinj-rovigno.hr\/it\/wp-json\/wp\/v2\/media?parent=337"}],"curies":[{"name":"wp","href":"https:\/\/api.w.org\/{rel}","templated":true}]}}