{"id":329,"date":"2016-11-25T11:03:55","date_gmt":"2016-11-25T11:03:55","guid":{"rendered":"http:\/\/rovinjhr.lin53.host25.com\/?page_id=329"},"modified":"2017-07-07T08:53:26","modified_gmt":"2017-07-07T06:53:26","slug":"rovinj-grad-najbolje-prakse-rh","status":"publish","type":"page","link":"https:\/\/www.rovinj-rovigno.hr\/it\/rovigno\/hrvatski-nagrade-i-priznanja\/hrvatski-rovinj-grad-najbolje-prakse-u-rh\/","title":{"rendered":"Rovigno &#8211; miglior citt\u00e0 Croata per la prassi applicata nell&#8217;attivit\u00e0"},"content":{"rendered":"<p><\/p>\n<div class=\"fotoOkvirLeft\"><img decoding=\"async\" loading=\"lazy\" class=\"alignnone size-full wp-image-3991\" src=\"http:\/\/www.rovinj-rovigno.hr\/wp-content\/uploads\/2016\/11\/np_logo.gif\" alt=\"\" width=\"400\" height=\"85\" \/><\/div>\n<p>La Citt\u00e0 di Rovigno ha ricevuto il premio e l&#8217;attestato di benemerenza per la miglior prassi applicata nello sviluppo economico locale e per il contributo allo sviluppo dell&#8217;autogoverno locale, con accento alla modernizzazione.<\/p>\n<p>Il sindaco di Rovigno Giovanni Sponza ha ritirato i premi che sono stati elargiti alla nostra citt\u00e0 dalla Federazione delle citt\u00e0 e dei comuni della R. di Croazia e consegnati dal segretario di stato dell&#8217;Ufficio statale centrale della RC, sig. Anton Palaric, il 18 marzo a Zagabria.<\/p>\n<div class=\"fotoOkvirLeft\"><img decoding=\"async\" loading=\"lazy\" class=\"alignnone size-full wp-image-3992\" src=\"http:\/\/www.rovinj-rovigno.hr\/wp-content\/uploads\/2016\/11\/np1.jpg\" alt=\"\" width=\"400\" height=\"260\" srcset=\"https:\/\/www.rovinj-rovigno.hr\/wp-content\/uploads\/2016\/11\/np1.jpg 400w, https:\/\/www.rovinj-rovigno.hr\/wp-content\/uploads\/2016\/11\/np1-300x195.jpg 300w\" sizes=\"(max-width: 400px) 100vw, 400px\" \/><\/div>\n<div class=\"fotoOkvirLeft\"><img decoding=\"async\" loading=\"lazy\" class=\"alignnone size-full wp-image-3993\" src=\"http:\/\/www.rovinj-rovigno.hr\/wp-content\/uploads\/2016\/11\/np2.jpg\" alt=\"\" width=\"400\" height=\"260\" srcset=\"https:\/\/www.rovinj-rovigno.hr\/wp-content\/uploads\/2016\/11\/np2.jpg 400w, https:\/\/www.rovinj-rovigno.hr\/wp-content\/uploads\/2016\/11\/np2-300x195.jpg 300w\" sizes=\"(max-width: 400px) 100vw, 400px\" \/><\/div>\n<p>Il progetto &#8220;Miglior prassi nell&#8217;autogoverno locale&#8221; viene curato dalla Federazione delle associazioni delle citt\u00e0 e dei comuni dal mese di aprile 2004. In risposta all&#8217;invito di gara bandita allo scopo di fissare e diffondere prassi innovative, efficaci e applicabili dalle unit\u00e0 d&#8217;autogoverno locale, Rovigno ha presentato alcuni progetti. L&#8217;obiettivo fondamentale del Progetto avviato dalla Federazione delle citt\u00e0 e dei comuni della RC, \u00e8 quello di riconoscere e premiare gli esempi di attivit\u00e0 proficua di unit\u00e0 d&#8217;autogoverno locale e di porli all&#8217;attenzione degli interessati affinch\u00e8 diventino un modello da seguire anche per le altre citt\u00e0 e comuni. Il Progetto in questione \u00e8 stato attuato per la prima volta nell&#8217;aprile 2004, sotto il patrocinio del Consiglio d&#8217;Europa, su iniziativa della Federazione delle citt\u00e0 e dei comuni e dell&#8217;Ufficio centrale dell&#8217;amministrazione statale.<\/p>\n<div class=\"fotoOkvirLeft\"><img decoding=\"async\" loading=\"lazy\" class=\"alignnone size-full wp-image-3996\" src=\"http:\/\/www.rovinj-rovigno.hr\/wp-content\/uploads\/2016\/11\/np5.jpg\" alt=\"\" width=\"400\" height=\"260\" srcset=\"https:\/\/www.rovinj-rovigno.hr\/wp-content\/uploads\/2016\/11\/np5.jpg 400w, https:\/\/www.rovinj-rovigno.hr\/wp-content\/uploads\/2016\/11\/np5-300x195.jpg 300w\" sizes=\"(max-width: 400px) 100vw, 400px\" \/><\/div>\n<p>Ha risposto all&#8217;iniziativa un numero non indifferente di comunit\u00e0 locali, ovvero il 75% delle 550 unit\u00e0 presenti sul territorio della RC membri della Federazione delle citt\u00e0 e dei comuni.<br \/>\nSono stati presentati 38 programmi, progetti e iniziative nei seguenti campi: soluzione del problema della disoccupazione, sviluppo economico locale, rapporti con la cittadinanza, ammodernamento gestionale dell&#8217;autogoverno locale, istruzione prescolastica e ottennale, previdenza sociale, tutela ambientale e trattamento dei rifiuti comunali.<\/p>\n<div class=\"fotoOkvirLeft\"><img decoding=\"async\" loading=\"lazy\" class=\"alignnone size-full wp-image-3994\" src=\"http:\/\/www.rovinj-rovigno.hr\/wp-content\/uploads\/2016\/11\/np3.jpg\" alt=\"\" width=\"400\" height=\"260\" srcset=\"https:\/\/www.rovinj-rovigno.hr\/wp-content\/uploads\/2016\/11\/np3.jpg 400w, https:\/\/www.rovinj-rovigno.hr\/wp-content\/uploads\/2016\/11\/np3-300x195.jpg 300w\" sizes=\"(max-width: 400px) 100vw, 400px\" \/><\/div>\n<p>Ci fa molto piacere che la Citt\u00e0 di Rovigno sia stata premiata. Il premio \u00e8 un ulteriore conferma dell&#8217;ottima prassi appplicata nell&#8217;attivit\u00e0 e del contributo dato allo sviluppo ed \u00e8 stato elargito tra tutta una serie di progetti che meritano l&#8217;attenzione di quasi tutte le citt\u00e0 e i comuni della Croazia. \u00c8 quest&#8217;ultimo aspetto che lo rende particolarmente importante, perch\u00e8 dimostra che Rovigno detiene il primo posto tra le unit\u00e0 omologhe nella sfera dell&#8217;incentivazione dello sviluppo e dell&#8217;amodernamento dell&#8217;economia locale, ovvero nei rapporti e nella comunicazione tra citt\u00e0 e cittadini.<\/p>\n<div class=\"fotoOkvirLeft\"><img decoding=\"async\" loading=\"lazy\" class=\"alignnone size-full wp-image-3995\" src=\"http:\/\/www.rovinj-rovigno.hr\/wp-content\/uploads\/2016\/11\/np4.jpg\" alt=\"\" width=\"400\" height=\"260\" srcset=\"https:\/\/www.rovinj-rovigno.hr\/wp-content\/uploads\/2016\/11\/np4.jpg 400w, https:\/\/www.rovinj-rovigno.hr\/wp-content\/uploads\/2016\/11\/np4-300x195.jpg 300w\" sizes=\"(max-width: 400px) 100vw, 400px\" \/><\/div>\n<p>Detto in poche parole, Rovigno \u00e8 stata premiata perch\u00e8 durante l&#8217;anno scorso, nell&#8217;ambito statale ha fatto di pi\u00f9 degli altri per quanto concerne gli stimoli dati allo sviluppo dell&#8217;economa e alla modernizzazione dei metodi di buona gestione della comunit\u00e0.<\/p>\n<p>Sono due i progetti premiati: &#8220;Sviluppo economico locale &#8211; ovvero l&#8217;Info-point I, manuale rivolto ai potenziali investitori e agli imprenditori sul territorio rovignese&#8221; e il progetto &#8220;Sistema di qualit\u00e0 ISO 9001:2000&#8221;.<\/p>","protected":false},"excerpt":{"rendered":"<p>La Citt\u00e0 di Rovigno ha ricevuto il premio e l&#8217;attestato di benemerenza per la miglior prassi applicata nello sviluppo economico locale e per il contributo allo sviluppo dell&#8217;autogoverno locale, con accento alla modernizzazione. Il sindaco di Rovigno Giovanni Sponza ha ritirato i premi che sono stati elargiti alla nostra citt\u00e0 dalla Federazione delle citt\u00e0 e [&hellip;]<\/p>\n","protected":false},"author":2,"featured_media":0,"parent":223,"menu_order":57,"comment_status":"closed","ping_status":"closed","template":"","meta":[],"yoast_head":"<!-- This site is optimized with the Yoast SEO plugin v21.8.1 - https:\/\/yoast.com\/wordpress\/plugins\/seo\/ -->\n<title>Rovigno - miglior citt\u00e0 Croata per la prassi applicata nell&#039;attivit\u00e0 - Citta di Rovinj-Rovigno<\/title>\n<meta name=\"robots\" content=\"index, follow, max-snippet:-1, max-image-preview:large, max-video-preview:-1\" \/>\n<link rel=\"canonical\" href=\"https:\/\/www.rovinj-rovigno.hr\/o-rovinju\/nagrade-i-priznanja\/rovinj-grad-najbolje-prakse-u-rh\/\" \/>\n<meta property=\"og:locale\" content=\"it_IT\" \/>\n<meta property=\"og:type\" content=\"article\" \/>\n<meta property=\"og:title\" content=\"Rovigno - miglior citt\u00e0 Croata per la prassi applicata nell&#039;attivit\u00e0 - Citta di Rovinj-Rovigno\" \/>\n<meta property=\"og:description\" content=\"La Citt\u00e0 di Rovigno ha ricevuto il premio e l&#8217;attestato di benemerenza per la miglior prassi applicata nello sviluppo economico locale e per il contributo allo sviluppo dell&#8217;autogoverno locale, con accento alla modernizzazione. Il sindaco di Rovigno Giovanni Sponza ha ritirato i premi che sono stati elargiti alla nostra citt\u00e0 dalla Federazione delle citt\u00e0 e [&hellip;]\" \/>\n<meta property=\"og:url\" content=\"https:\/\/www.rovinj-rovigno.hr\/o-rovinju\/nagrade-i-priznanja\/rovinj-grad-najbolje-prakse-u-rh\/\" \/>\n<meta property=\"og:site_name\" content=\"Citta di Rovinj-Rovigno\" \/>\n<meta property=\"article:modified_time\" content=\"2017-07-07T06:53:26+00:00\" \/>\n<meta property=\"og:image\" content=\"http:\/\/www.rovinj-rovigno.hr\/wp-content\/uploads\/2016\/11\/np_logo.gif\" \/>\n<meta name=\"twitter:card\" content=\"summary_large_image\" \/>\n<meta name=\"twitter:label1\" content=\"Tempo di lettura stimato\" \/>\n\t<meta name=\"twitter:data1\" content=\"4 minuti\" \/>\n<script type=\"application\/ld+json\" class=\"yoast-schema-graph\">{\"@context\":\"https:\/\/schema.org\",\"@graph\":[{\"@type\":\"WebPage\",\"@id\":\"https:\/\/www.rovinj-rovigno.hr\/o-rovinju\/nagrade-i-priznanja\/rovinj-grad-najbolje-prakse-u-rh\/\",\"url\":\"https:\/\/www.rovinj-rovigno.hr\/o-rovinju\/nagrade-i-priznanja\/rovinj-grad-najbolje-prakse-u-rh\/\",\"name\":\"Rovigno - miglior citt\u00e0 Croata per la prassi applicata nell'attivit\u00e0 - Citta di Rovinj-Rovigno\",\"isPartOf\":{\"@id\":\"https:\/\/www.rovinj-rovigno.hr\/#website\"},\"datePublished\":\"2016-11-25T11:03:55+00:00\",\"dateModified\":\"2017-07-07T06:53:26+00:00\",\"breadcrumb\":{\"@id\":\"https:\/\/www.rovinj-rovigno.hr\/o-rovinju\/nagrade-i-priznanja\/rovinj-grad-najbolje-prakse-u-rh\/#breadcrumb\"},\"inLanguage\":\"it-IT\",\"potentialAction\":[{\"@type\":\"ReadAction\",\"target\":[\"https:\/\/www.rovinj-rovigno.hr\/o-rovinju\/nagrade-i-priznanja\/rovinj-grad-najbolje-prakse-u-rh\/\"]}]},{\"@type\":\"BreadcrumbList\",\"@id\":\"https:\/\/www.rovinj-rovigno.hr\/o-rovinju\/nagrade-i-priznanja\/rovinj-grad-najbolje-prakse-u-rh\/#breadcrumb\",\"itemListElement\":[{\"@type\":\"ListItem\",\"position\":1,\"name\":\"Po\u010detna stranica\",\"item\":\"https:\/\/www.rovinj-rovigno.hr\/\"},{\"@type\":\"ListItem\",\"position\":2,\"name\":\"O Rovinju\",\"item\":\"https:\/\/www.rovinj-rovigno.hr\/o-rovinju\/\"},{\"@type\":\"ListItem\",\"position\":3,\"name\":\"Nagrade i priznanja\",\"item\":\"https:\/\/www.rovinj-rovigno.hr\/o-rovinju\/nagrade-i-priznanja\/\"},{\"@type\":\"ListItem\",\"position\":4,\"name\":\"Rovinj &#8211; grad najbolje prakse u RH\"}]},{\"@type\":\"WebSite\",\"@id\":\"https:\/\/www.rovinj-rovigno.hr\/#website\",\"url\":\"https:\/\/www.rovinj-rovigno.hr\/\",\"name\":\"Citta di Rovinj-Rovigno\",\"description\":\"Sito ufficiale della Citta di Rovinj-Rovigno\",\"potentialAction\":[{\"@type\":\"SearchAction\",\"target\":{\"@type\":\"EntryPoint\",\"urlTemplate\":\"https:\/\/www.rovinj-rovigno.hr\/?s={search_term_string}\"},\"query-input\":\"required name=search_term_string\"}],\"inLanguage\":\"it-IT\"}]}<\/script>\n<!-- \/ Yoast SEO plugin. -->","yoast_head_json":{"title":"Rovigno - miglior citt\u00e0 Croata per la prassi applicata nell'attivit\u00e0 - Citta di Rovinj-Rovigno","robots":{"index":"index","follow":"follow","max-snippet":"max-snippet:-1","max-image-preview":"max-image-preview:large","max-video-preview":"max-video-preview:-1"},"canonical":"https:\/\/www.rovinj-rovigno.hr\/o-rovinju\/nagrade-i-priznanja\/rovinj-grad-najbolje-prakse-u-rh\/","og_locale":"it_IT","og_type":"article","og_title":"Rovigno - miglior citt\u00e0 Croata per la prassi applicata nell'attivit\u00e0 - Citta di Rovinj-Rovigno","og_description":"La Citt\u00e0 di Rovigno ha ricevuto il premio e l&#8217;attestato di benemerenza per la miglior prassi applicata nello sviluppo economico locale e per il contributo allo sviluppo dell&#8217;autogoverno locale, con accento alla modernizzazione. Il sindaco di Rovigno Giovanni Sponza ha ritirato i premi che sono stati elargiti alla nostra citt\u00e0 dalla Federazione delle citt\u00e0 e [&hellip;]","og_url":"https:\/\/www.rovinj-rovigno.hr\/o-rovinju\/nagrade-i-priznanja\/rovinj-grad-najbolje-prakse-u-rh\/","og_site_name":"Citta di Rovinj-Rovigno","article_modified_time":"2017-07-07T06:53:26+00:00","og_image":[{"url":"http:\/\/www.rovinj-rovigno.hr\/wp-content\/uploads\/2016\/11\/np_logo.gif"}],"twitter_card":"summary_large_image","twitter_misc":{"Tempo di lettura stimato":"4 minuti"},"schema":{"@context":"https:\/\/schema.org","@graph":[{"@type":"WebPage","@id":"https:\/\/www.rovinj-rovigno.hr\/o-rovinju\/nagrade-i-priznanja\/rovinj-grad-najbolje-prakse-u-rh\/","url":"https:\/\/www.rovinj-rovigno.hr\/o-rovinju\/nagrade-i-priznanja\/rovinj-grad-najbolje-prakse-u-rh\/","name":"Rovigno - miglior citt\u00e0 Croata per la prassi applicata nell'attivit\u00e0 - Citta di Rovinj-Rovigno","isPartOf":{"@id":"https:\/\/www.rovinj-rovigno.hr\/#website"},"datePublished":"2016-11-25T11:03:55+00:00","dateModified":"2017-07-07T06:53:26+00:00","breadcrumb":{"@id":"https:\/\/www.rovinj-rovigno.hr\/o-rovinju\/nagrade-i-priznanja\/rovinj-grad-najbolje-prakse-u-rh\/#breadcrumb"},"inLanguage":"it-IT","potentialAction":[{"@type":"ReadAction","target":["https:\/\/www.rovinj-rovigno.hr\/o-rovinju\/nagrade-i-priznanja\/rovinj-grad-najbolje-prakse-u-rh\/"]}]},{"@type":"BreadcrumbList","@id":"https:\/\/www.rovinj-rovigno.hr\/o-rovinju\/nagrade-i-priznanja\/rovinj-grad-najbolje-prakse-u-rh\/#breadcrumb","itemListElement":[{"@type":"ListItem","position":1,"name":"Po\u010detna stranica","item":"https:\/\/www.rovinj-rovigno.hr\/"},{"@type":"ListItem","position":2,"name":"O Rovinju","item":"https:\/\/www.rovinj-rovigno.hr\/o-rovinju\/"},{"@type":"ListItem","position":3,"name":"Nagrade i priznanja","item":"https:\/\/www.rovinj-rovigno.hr\/o-rovinju\/nagrade-i-priznanja\/"},{"@type":"ListItem","position":4,"name":"Rovinj &#8211; grad najbolje prakse u RH"}]},{"@type":"WebSite","@id":"https:\/\/www.rovinj-rovigno.hr\/#website","url":"https:\/\/www.rovinj-rovigno.hr\/","name":"Citta di Rovinj-Rovigno","description":"Sito ufficiale della Citta di Rovinj-Rovigno","potentialAction":[{"@type":"SearchAction","target":{"@type":"EntryPoint","urlTemplate":"https:\/\/www.rovinj-rovigno.hr\/?s={search_term_string}"},"query-input":"required name=search_term_string"}],"inLanguage":"it-IT"}]}},"_links":{"self":[{"href":"https:\/\/www.rovinj-rovigno.hr\/it\/wp-json\/wp\/v2\/pages\/329"}],"collection":[{"href":"https:\/\/www.rovinj-rovigno.hr\/it\/wp-json\/wp\/v2\/pages"}],"about":[{"href":"https:\/\/www.rovinj-rovigno.hr\/it\/wp-json\/wp\/v2\/types\/page"}],"author":[{"embeddable":true,"href":"https:\/\/www.rovinj-rovigno.hr\/it\/wp-json\/wp\/v2\/users\/2"}],"replies":[{"embeddable":true,"href":"https:\/\/www.rovinj-rovigno.hr\/it\/wp-json\/wp\/v2\/comments?post=329"}],"version-history":[{"count":0,"href":"https:\/\/www.rovinj-rovigno.hr\/it\/wp-json\/wp\/v2\/pages\/329\/revisions"}],"up":[{"embeddable":true,"href":"https:\/\/www.rovinj-rovigno.hr\/it\/wp-json\/wp\/v2\/pages\/223"}],"wp:attachment":[{"href":"https:\/\/www.rovinj-rovigno.hr\/it\/wp-json\/wp\/v2\/media?parent=329"}],"curies":[{"name":"wp","href":"https:\/\/api.w.org\/{rel}","templated":true}]}}