{"id":325,"date":"2016-11-25T10:54:02","date_gmt":"2016-11-25T10:54:02","guid":{"rendered":"http:\/\/rovinjhr.lin53.host25.com\/?page_id=325"},"modified":"2017-01-03T10:53:40","modified_gmt":"2017-01-03T10:53:40","slug":"otoci","status":"publish","type":"page","link":"https:\/\/www.rovinj-rovigno.hr\/it\/rovigno\/hrvatski-prirodne-znamenitosti\/hrvatski-otoci\/","title":{"rendered":"Isole"},"content":{"rendered":"<p>Con una Delibera dell&#8217;Assemblea del Comune di Rovigno del 27 giugno 1968, le isole e la fascia costiera rovignesi sono state proclamate riserva di zone naturali &#8220;al fine di tutelare gli ambienti naturali, le bellezze del paesaggio, la ricca vegetazione, le spiagge, l&#8217;aspetto estetico e il valore turistico&#8221;. Erano oggetto della Delibera tutte le isole e il litorale, comprese le acque fino a 500 metri circa dalla spiaggia, dipendentemente dalla configurazione del terreno, da Punta S. Giovanni di Valalta e fino a Barbariga. La Delibera in questione fu sancita pure dall&#8217;Ente repubblicano per la tutela ambientale di Zagabria (GU RSC 22\/69). Il documento in questione \u00e8 tuttora in vigore ma con la nascita del Comune di Valle la costa \u00e8 stata ridotta e il bellissimo e famoso arcipelago di Rovigno ha perso due isole, ovvero le condivide con il Comune di Valle.<\/p>\n<p>Qui di seguito riportiamo l&#8217;elenco delle isole, isolotti e scogli, iniziando da settentrione verso sud: isola Figarola (22.572 m2), scoglio Figarola piccola, isola S. Caterina (129.789 m2), isola Bagnole, popolarmente &#8220;Sete pei&#8221; (7.240 m2), scoglio Muntravo, isola Samer oppure &#8220;Isola dell&#8217;amore&#8221; (4.560 m2), (ex Isola Rossa) &#8211; S. Andrea e Mas&#8217;cin (233.429 m2), isola Sturago (22.269 m2), isola S. Giovanni in Pelago (88.737 m2), scoglio S. Giovanni in Pelago (faro-lanterna) (7.093 m2), scoglio Piroso grande (6.236 m2) e piccolo (4.014 m2), isola Polari (15.002 m2), scoglio Rivera (8.323 m2), isola Vestre (17.138 m2), isola Due Sorelle &#8211; Piccola (21.918 m2) e Grande (49.101 m2), isola Pissuglio (3.453 m2), isola Gustigna (5.467 m2).<\/p>\n<p>L&#8217;arcipelago rovignese, come dall&#8217;elenco riportato, ha 14 isole e 6 scogli, se consideriamo le Due Sorelle come due isole e l&#8217;ex Isola Rossa viene suddivisa in S. Andrea e Mas&#8217;cin. La lunghezza totale di tutte le isole, scogli compresi, raggiunge i 20,5 km, mentre la loro superificie \u00e8 di 652.614 m2 un po&#8217; pi\u00f9 di 65 ha.<br \/>\nVa ricordato che fanno parte del Comune di Valle l&#8217;isolotto Colone (7.720 m2) e lo scoglio Porer, come pure che gi\u00e0 da una ventina d&#8217;anni non esiste pi\u00f9 lo scoglio S. Felice perch\u00e8 con la costruzione del porticciolo e del marina &#8220;Valalta&#8221; questi \u00e8 stato unito alla terraferma. La maggior parte delle isole era un tempo propriet\u00e0 privata di pescatori o ricche famiglie rovignesi ma poi, a fine secolo furono acquistate da appartenenti agli alti ranghi della societ\u00e0 austriaca.<\/p>\n<p>S. Andrea e Mas&#8217;cin divennero di propriet\u00e0 della famiglia Hutterott, in base al contratto di compravendita stipulato il 28 dicembre 1891. Il cavagliere Giovanni Giorgio fu Carlo le acquist\u00f2 da Conzoni Amalia nata Escher, che le aveva ereditate da Pietro Catraro e Ana Stengle ed Escher Enrico, commerciante di Trieste, proprietario del Cementificio e fabbrica di calce, fondata sull&#8217;isola di S. Andrea nel 1852.<\/p>\n<p>L&#8217;Isola di S. Caterina venne acquistata nel 1898 dall&#8217;arciduca Carlo Stefano d&#8217;Asburgo che il 21 aprile 1905 la vendette al conte polacco Ignaz Karol Korvin Milewsky. Con questo passaggio di propriet\u00e0 inizia una specie di &#8220;gara&#8221; per stabilire quale fosse l&#8217;isola pi\u00f9 bella e perci\u00f2 venne avviato un sistematico lavoro di rimboschimento, si trasportava terra dalle zone circostanti per ricoprire le superfici carsiche delle isole.<\/p>\n<p>Grazie a questi interventi oggi le isole sono l&#8217;orgoglio, il fiore all&#8217;occhiello di Rovigno. Anche le rimanenti isole furono rimboschite oppure sono oggi ricoperte da vegetazione spontanea, soprattutto di conifere. Gli scogli sono prevalentemente nudi ma rappresentano il luogo di ritrovo preferito dei gabbiani, che qui nidificano.<\/p>","protected":false},"excerpt":{"rendered":"<p>Con una Delibera dell&#8217;Assemblea del Comune di Rovigno del 27 giugno 1968, le isole e la fascia costiera rovignesi sono state proclamate riserva di zone naturali &#8220;al fine di tutelare gli ambienti naturali, le bellezze del paesaggio, la ricca vegetazione, le spiagge, l&#8217;aspetto estetico e il valore turistico&#8221;. Erano oggetto della Delibera tutte le isole [&hellip;]<\/p>\n","protected":false},"author":2,"featured_media":0,"parent":207,"menu_order":56,"comment_status":"closed","ping_status":"closed","template":"","meta":[],"yoast_head":"<!-- This site is optimized with the Yoast SEO plugin v21.8.1 - https:\/\/yoast.com\/wordpress\/plugins\/seo\/ -->\n<title>Isole - Citta di Rovinj-Rovigno<\/title>\n<meta name=\"robots\" content=\"index, follow, max-snippet:-1, max-image-preview:large, max-video-preview:-1\" \/>\n<link rel=\"canonical\" href=\"https:\/\/www.rovinj-rovigno.hr\/o-rovinju\/prirodne-znamenitosti\/otoci\/\" \/>\n<meta property=\"og:locale\" content=\"it_IT\" \/>\n<meta property=\"og:type\" content=\"article\" \/>\n<meta property=\"og:title\" content=\"Isole - Citta di Rovinj-Rovigno\" \/>\n<meta property=\"og:description\" content=\"Con una Delibera dell&#8217;Assemblea del Comune di Rovigno del 27 giugno 1968, le isole e la fascia costiera rovignesi sono state proclamate riserva di zone naturali &#8220;al fine di tutelare gli ambienti naturali, le bellezze del paesaggio, la ricca vegetazione, le spiagge, l&#8217;aspetto estetico e il valore turistico&#8221;. Erano oggetto della Delibera tutte le isole [&hellip;]\" \/>\n<meta property=\"og:url\" content=\"https:\/\/www.rovinj-rovigno.hr\/o-rovinju\/prirodne-znamenitosti\/otoci\/\" \/>\n<meta property=\"og:site_name\" content=\"Citta di Rovinj-Rovigno\" \/>\n<meta property=\"article:modified_time\" content=\"2017-01-03T10:53:40+00:00\" \/>\n<meta name=\"twitter:card\" content=\"summary_large_image\" \/>\n<meta name=\"twitter:label1\" content=\"Tempo di lettura stimato\" \/>\n\t<meta name=\"twitter:data1\" content=\"5 minuti\" \/>\n<script type=\"application\/ld+json\" class=\"yoast-schema-graph\">{\"@context\":\"https:\/\/schema.org\",\"@graph\":[{\"@type\":\"WebPage\",\"@id\":\"https:\/\/www.rovinj-rovigno.hr\/o-rovinju\/prirodne-znamenitosti\/otoci\/\",\"url\":\"https:\/\/www.rovinj-rovigno.hr\/o-rovinju\/prirodne-znamenitosti\/otoci\/\",\"name\":\"Isole - Citta di Rovinj-Rovigno\",\"isPartOf\":{\"@id\":\"https:\/\/www.rovinj-rovigno.hr\/#website\"},\"datePublished\":\"2016-11-25T10:54:02+00:00\",\"dateModified\":\"2017-01-03T10:53:40+00:00\",\"breadcrumb\":{\"@id\":\"https:\/\/www.rovinj-rovigno.hr\/o-rovinju\/prirodne-znamenitosti\/otoci\/#breadcrumb\"},\"inLanguage\":\"it-IT\",\"potentialAction\":[{\"@type\":\"ReadAction\",\"target\":[\"https:\/\/www.rovinj-rovigno.hr\/o-rovinju\/prirodne-znamenitosti\/otoci\/\"]}]},{\"@type\":\"BreadcrumbList\",\"@id\":\"https:\/\/www.rovinj-rovigno.hr\/o-rovinju\/prirodne-znamenitosti\/otoci\/#breadcrumb\",\"itemListElement\":[{\"@type\":\"ListItem\",\"position\":1,\"name\":\"Po\u010detna stranica\",\"item\":\"https:\/\/www.rovinj-rovigno.hr\/\"},{\"@type\":\"ListItem\",\"position\":2,\"name\":\"O Rovinju\",\"item\":\"https:\/\/www.rovinj-rovigno.hr\/o-rovinju\/\"},{\"@type\":\"ListItem\",\"position\":3,\"name\":\"Prirodne znamenitosti\",\"item\":\"https:\/\/www.rovinj-rovigno.hr\/o-rovinju\/prirodne-znamenitosti\/\"},{\"@type\":\"ListItem\",\"position\":4,\"name\":\"Otoci\"}]},{\"@type\":\"WebSite\",\"@id\":\"https:\/\/www.rovinj-rovigno.hr\/#website\",\"url\":\"https:\/\/www.rovinj-rovigno.hr\/\",\"name\":\"Citta di Rovinj-Rovigno\",\"description\":\"Sito ufficiale della Citta di Rovinj-Rovigno\",\"potentialAction\":[{\"@type\":\"SearchAction\",\"target\":{\"@type\":\"EntryPoint\",\"urlTemplate\":\"https:\/\/www.rovinj-rovigno.hr\/?s={search_term_string}\"},\"query-input\":\"required name=search_term_string\"}],\"inLanguage\":\"it-IT\"}]}<\/script>\n<!-- \/ Yoast SEO plugin. -->","yoast_head_json":{"title":"Isole - Citta di Rovinj-Rovigno","robots":{"index":"index","follow":"follow","max-snippet":"max-snippet:-1","max-image-preview":"max-image-preview:large","max-video-preview":"max-video-preview:-1"},"canonical":"https:\/\/www.rovinj-rovigno.hr\/o-rovinju\/prirodne-znamenitosti\/otoci\/","og_locale":"it_IT","og_type":"article","og_title":"Isole - Citta di Rovinj-Rovigno","og_description":"Con una Delibera dell&#8217;Assemblea del Comune di Rovigno del 27 giugno 1968, le isole e la fascia costiera rovignesi sono state proclamate riserva di zone naturali &#8220;al fine di tutelare gli ambienti naturali, le bellezze del paesaggio, la ricca vegetazione, le spiagge, l&#8217;aspetto estetico e il valore turistico&#8221;. Erano oggetto della Delibera tutte le isole [&hellip;]","og_url":"https:\/\/www.rovinj-rovigno.hr\/o-rovinju\/prirodne-znamenitosti\/otoci\/","og_site_name":"Citta di Rovinj-Rovigno","article_modified_time":"2017-01-03T10:53:40+00:00","twitter_card":"summary_large_image","twitter_misc":{"Tempo di lettura stimato":"5 minuti"},"schema":{"@context":"https:\/\/schema.org","@graph":[{"@type":"WebPage","@id":"https:\/\/www.rovinj-rovigno.hr\/o-rovinju\/prirodne-znamenitosti\/otoci\/","url":"https:\/\/www.rovinj-rovigno.hr\/o-rovinju\/prirodne-znamenitosti\/otoci\/","name":"Isole - Citta di Rovinj-Rovigno","isPartOf":{"@id":"https:\/\/www.rovinj-rovigno.hr\/#website"},"datePublished":"2016-11-25T10:54:02+00:00","dateModified":"2017-01-03T10:53:40+00:00","breadcrumb":{"@id":"https:\/\/www.rovinj-rovigno.hr\/o-rovinju\/prirodne-znamenitosti\/otoci\/#breadcrumb"},"inLanguage":"it-IT","potentialAction":[{"@type":"ReadAction","target":["https:\/\/www.rovinj-rovigno.hr\/o-rovinju\/prirodne-znamenitosti\/otoci\/"]}]},{"@type":"BreadcrumbList","@id":"https:\/\/www.rovinj-rovigno.hr\/o-rovinju\/prirodne-znamenitosti\/otoci\/#breadcrumb","itemListElement":[{"@type":"ListItem","position":1,"name":"Po\u010detna stranica","item":"https:\/\/www.rovinj-rovigno.hr\/"},{"@type":"ListItem","position":2,"name":"O Rovinju","item":"https:\/\/www.rovinj-rovigno.hr\/o-rovinju\/"},{"@type":"ListItem","position":3,"name":"Prirodne znamenitosti","item":"https:\/\/www.rovinj-rovigno.hr\/o-rovinju\/prirodne-znamenitosti\/"},{"@type":"ListItem","position":4,"name":"Otoci"}]},{"@type":"WebSite","@id":"https:\/\/www.rovinj-rovigno.hr\/#website","url":"https:\/\/www.rovinj-rovigno.hr\/","name":"Citta di Rovinj-Rovigno","description":"Sito ufficiale della Citta di Rovinj-Rovigno","potentialAction":[{"@type":"SearchAction","target":{"@type":"EntryPoint","urlTemplate":"https:\/\/www.rovinj-rovigno.hr\/?s={search_term_string}"},"query-input":"required name=search_term_string"}],"inLanguage":"it-IT"}]}},"_links":{"self":[{"href":"https:\/\/www.rovinj-rovigno.hr\/it\/wp-json\/wp\/v2\/pages\/325"}],"collection":[{"href":"https:\/\/www.rovinj-rovigno.hr\/it\/wp-json\/wp\/v2\/pages"}],"about":[{"href":"https:\/\/www.rovinj-rovigno.hr\/it\/wp-json\/wp\/v2\/types\/page"}],"author":[{"embeddable":true,"href":"https:\/\/www.rovinj-rovigno.hr\/it\/wp-json\/wp\/v2\/users\/2"}],"replies":[{"embeddable":true,"href":"https:\/\/www.rovinj-rovigno.hr\/it\/wp-json\/wp\/v2\/comments?post=325"}],"version-history":[{"count":0,"href":"https:\/\/www.rovinj-rovigno.hr\/it\/wp-json\/wp\/v2\/pages\/325\/revisions"}],"up":[{"embeddable":true,"href":"https:\/\/www.rovinj-rovigno.hr\/it\/wp-json\/wp\/v2\/pages\/207"}],"wp:attachment":[{"href":"https:\/\/www.rovinj-rovigno.hr\/it\/wp-json\/wp\/v2\/media?parent=325"}],"curies":[{"name":"wp","href":"https:\/\/api.w.org\/{rel}","templated":true}]}}