{"id":317,"date":"2016-11-25T10:51:14","date_gmt":"2016-11-25T10:51:14","guid":{"rendered":"http:\/\/rovinjhr.lin53.host25.com\/?page_id=317"},"modified":"2017-01-03T10:51:13","modified_gmt":"2017-01-03T10:51:13","slug":"limski-kanal","status":"publish","type":"page","link":"https:\/\/www.rovinj-rovigno.hr\/it\/rovigno\/hrvatski-prirodne-znamenitosti\/hrvatski-limski-kanal\/","title":{"rendered":"Canale di Leme"},"content":{"rendered":"<p>Il Canale di Leme si protende lungo la costa occidentale dell&#8217;Istria e rappresenta un fenomeno naturale particolare, di grande valore scientifico ed estetico. \u00c8 un esempio scolastico di vallata-canyon sommersa, carsica. \u00c8 stato forgiato nella roccia calcarea giurassica e ha un lunghezza di circa 10 km. I &#8220;pendii&#8221; del canyon che fiancheggia il canale raggiungono l&#8217;altezza di 150 m sopra il livello del mare. Il canale va da oriente verso occidente, mentre i suoi lati sono rivolti in direzione nord &#8211; sud.<\/p>\n<p>Il Canale di Leme \u00e8 ai limiti della zona mediterranea con quella submediterranea ed \u00e8 un chiaro esempio dell&#8217;influsso che l&#8217;esposizione ha sullo sviluppo della vegetazione. I suoi pendii settentrionali sono esposti a sud, posizione che favorisce la crescita di macchia sempreverde, del leccio (As. Orno-quercetum ilicis H-ic 1958), mentre i pendii meridionali, esposti a nord, sono ricoperti di vegetazione submediterranea a foglia caduca, tra cui troviamo il rovere e il carpine (Querco-carpinetum orientalis croaticum H-ic 1971).<\/p>\n<p>Il lato rivolto a meridione gode della luce diretta del sole che riscalda il terreno, evapora e lo rende arido. Su terreni del genere \u00e8 molto raro che piante mesofile trovino il loro habitat.<\/p>\n<p>azione dei raggi di sole sul pendio settentrionale e la sua posizione riparata fanno s\u00ec che il calore sia minore e di conseguenza registriamo una minore evaporazione, una tenuta migliore dell&#8217;umidit\u00e0, anche nell&#8217;aria. Questa \u00e8 la ragione per cui il lato settentrionale non permette lo sviluppo di piante termofili.<br \/>\nSe osserviamo le specie animali di qualsiasi territorio notiamo che anch&#8217;esse ne rispecchiano le condizioni e l&#8217;influsso dell&#8217;esposizione al sole del Canale di Leme, quale elemento microclimatico, sono state oggetto di studio di Ilijanic, 1970.<\/p>\n<p>Nella zona orientale del canale, con esposizione a sud, \u00e8 stata trovata la Thelygonum cynocrambe L. Questo luogo \u00e8 il punto pi\u00f9 settentrionale della Croazia in cui \u00e8 stata ritrovata la pianta in questione, come pure il limite estremo settentrionale dell&#8217;areal della stessa. Inoltre, troviamo pure il ginepro verde istriano (Juniperus Oxycedrus &#8220;Rufescens Viriois&#8221;).<\/p>\n<p>Considerato il suo alto valore naturale ed estetico, il Canale di Leme \u00e8 stato proclamato paesaggio protetto, dalla verde vegetazione.<\/p>","protected":false},"excerpt":{"rendered":"<p>Il Canale di Leme si protende lungo la costa occidentale dell&#8217;Istria e rappresenta un fenomeno naturale particolare, di grande valore scientifico ed estetico. \u00c8 un esempio scolastico di vallata-canyon sommersa, carsica. \u00c8 stato forgiato nella roccia calcarea giurassica e ha un lunghezza di circa 10 km. I &#8220;pendii&#8221; del canyon che fiancheggia il canale raggiungono [&hellip;]<\/p>\n","protected":false},"author":2,"featured_media":0,"parent":207,"menu_order":47,"comment_status":"closed","ping_status":"closed","template":"","meta":[],"yoast_head":"<!-- This site is optimized with the Yoast SEO plugin v21.8.1 - https:\/\/yoast.com\/wordpress\/plugins\/seo\/ -->\n<title>Canale di Leme - Citta di Rovinj-Rovigno<\/title>\n<meta name=\"robots\" content=\"index, follow, max-snippet:-1, max-image-preview:large, max-video-preview:-1\" \/>\n<link rel=\"canonical\" href=\"https:\/\/www.rovinj-rovigno.hr\/o-rovinju\/prirodne-znamenitosti\/limski-kanal\/\" \/>\n<meta property=\"og:locale\" content=\"it_IT\" \/>\n<meta property=\"og:type\" content=\"article\" \/>\n<meta property=\"og:title\" content=\"Canale di Leme - Citta di Rovinj-Rovigno\" \/>\n<meta property=\"og:description\" content=\"Il Canale di Leme si protende lungo la costa occidentale dell&#8217;Istria e rappresenta un fenomeno naturale particolare, di grande valore scientifico ed estetico. \u00c8 un esempio scolastico di vallata-canyon sommersa, carsica. \u00c8 stato forgiato nella roccia calcarea giurassica e ha un lunghezza di circa 10 km. I &#8220;pendii&#8221; del canyon che fiancheggia il canale raggiungono [&hellip;]\" \/>\n<meta property=\"og:url\" content=\"https:\/\/www.rovinj-rovigno.hr\/o-rovinju\/prirodne-znamenitosti\/limski-kanal\/\" \/>\n<meta property=\"og:site_name\" content=\"Citta di Rovinj-Rovigno\" \/>\n<meta property=\"article:modified_time\" content=\"2017-01-03T10:51:13+00:00\" \/>\n<meta name=\"twitter:card\" content=\"summary_large_image\" \/>\n<meta name=\"twitter:label1\" content=\"Tempo di lettura stimato\" \/>\n\t<meta name=\"twitter:data1\" content=\"3 minuti\" \/>\n<script type=\"application\/ld+json\" class=\"yoast-schema-graph\">{\"@context\":\"https:\/\/schema.org\",\"@graph\":[{\"@type\":\"WebPage\",\"@id\":\"https:\/\/www.rovinj-rovigno.hr\/o-rovinju\/prirodne-znamenitosti\/limski-kanal\/\",\"url\":\"https:\/\/www.rovinj-rovigno.hr\/o-rovinju\/prirodne-znamenitosti\/limski-kanal\/\",\"name\":\"Canale di Leme - Citta di Rovinj-Rovigno\",\"isPartOf\":{\"@id\":\"https:\/\/www.rovinj-rovigno.hr\/#website\"},\"datePublished\":\"2016-11-25T10:51:14+00:00\",\"dateModified\":\"2017-01-03T10:51:13+00:00\",\"breadcrumb\":{\"@id\":\"https:\/\/www.rovinj-rovigno.hr\/o-rovinju\/prirodne-znamenitosti\/limski-kanal\/#breadcrumb\"},\"inLanguage\":\"it-IT\",\"potentialAction\":[{\"@type\":\"ReadAction\",\"target\":[\"https:\/\/www.rovinj-rovigno.hr\/o-rovinju\/prirodne-znamenitosti\/limski-kanal\/\"]}]},{\"@type\":\"BreadcrumbList\",\"@id\":\"https:\/\/www.rovinj-rovigno.hr\/o-rovinju\/prirodne-znamenitosti\/limski-kanal\/#breadcrumb\",\"itemListElement\":[{\"@type\":\"ListItem\",\"position\":1,\"name\":\"Po\u010detna stranica\",\"item\":\"https:\/\/www.rovinj-rovigno.hr\/\"},{\"@type\":\"ListItem\",\"position\":2,\"name\":\"O Rovinju\",\"item\":\"https:\/\/www.rovinj-rovigno.hr\/o-rovinju\/\"},{\"@type\":\"ListItem\",\"position\":3,\"name\":\"Prirodne znamenitosti\",\"item\":\"https:\/\/www.rovinj-rovigno.hr\/o-rovinju\/prirodne-znamenitosti\/\"},{\"@type\":\"ListItem\",\"position\":4,\"name\":\"Limski kanal\"}]},{\"@type\":\"WebSite\",\"@id\":\"https:\/\/www.rovinj-rovigno.hr\/#website\",\"url\":\"https:\/\/www.rovinj-rovigno.hr\/\",\"name\":\"Citta di Rovinj-Rovigno\",\"description\":\"Sito ufficiale della Citta di Rovinj-Rovigno\",\"potentialAction\":[{\"@type\":\"SearchAction\",\"target\":{\"@type\":\"EntryPoint\",\"urlTemplate\":\"https:\/\/www.rovinj-rovigno.hr\/?s={search_term_string}\"},\"query-input\":\"required name=search_term_string\"}],\"inLanguage\":\"it-IT\"}]}<\/script>\n<!-- \/ Yoast SEO plugin. -->","yoast_head_json":{"title":"Canale di Leme - Citta di Rovinj-Rovigno","robots":{"index":"index","follow":"follow","max-snippet":"max-snippet:-1","max-image-preview":"max-image-preview:large","max-video-preview":"max-video-preview:-1"},"canonical":"https:\/\/www.rovinj-rovigno.hr\/o-rovinju\/prirodne-znamenitosti\/limski-kanal\/","og_locale":"it_IT","og_type":"article","og_title":"Canale di Leme - Citta di Rovinj-Rovigno","og_description":"Il Canale di Leme si protende lungo la costa occidentale dell&#8217;Istria e rappresenta un fenomeno naturale particolare, di grande valore scientifico ed estetico. \u00c8 un esempio scolastico di vallata-canyon sommersa, carsica. \u00c8 stato forgiato nella roccia calcarea giurassica e ha un lunghezza di circa 10 km. I &#8220;pendii&#8221; del canyon che fiancheggia il canale raggiungono [&hellip;]","og_url":"https:\/\/www.rovinj-rovigno.hr\/o-rovinju\/prirodne-znamenitosti\/limski-kanal\/","og_site_name":"Citta di Rovinj-Rovigno","article_modified_time":"2017-01-03T10:51:13+00:00","twitter_card":"summary_large_image","twitter_misc":{"Tempo di lettura stimato":"3 minuti"},"schema":{"@context":"https:\/\/schema.org","@graph":[{"@type":"WebPage","@id":"https:\/\/www.rovinj-rovigno.hr\/o-rovinju\/prirodne-znamenitosti\/limski-kanal\/","url":"https:\/\/www.rovinj-rovigno.hr\/o-rovinju\/prirodne-znamenitosti\/limski-kanal\/","name":"Canale di Leme - Citta di Rovinj-Rovigno","isPartOf":{"@id":"https:\/\/www.rovinj-rovigno.hr\/#website"},"datePublished":"2016-11-25T10:51:14+00:00","dateModified":"2017-01-03T10:51:13+00:00","breadcrumb":{"@id":"https:\/\/www.rovinj-rovigno.hr\/o-rovinju\/prirodne-znamenitosti\/limski-kanal\/#breadcrumb"},"inLanguage":"it-IT","potentialAction":[{"@type":"ReadAction","target":["https:\/\/www.rovinj-rovigno.hr\/o-rovinju\/prirodne-znamenitosti\/limski-kanal\/"]}]},{"@type":"BreadcrumbList","@id":"https:\/\/www.rovinj-rovigno.hr\/o-rovinju\/prirodne-znamenitosti\/limski-kanal\/#breadcrumb","itemListElement":[{"@type":"ListItem","position":1,"name":"Po\u010detna stranica","item":"https:\/\/www.rovinj-rovigno.hr\/"},{"@type":"ListItem","position":2,"name":"O Rovinju","item":"https:\/\/www.rovinj-rovigno.hr\/o-rovinju\/"},{"@type":"ListItem","position":3,"name":"Prirodne znamenitosti","item":"https:\/\/www.rovinj-rovigno.hr\/o-rovinju\/prirodne-znamenitosti\/"},{"@type":"ListItem","position":4,"name":"Limski kanal"}]},{"@type":"WebSite","@id":"https:\/\/www.rovinj-rovigno.hr\/#website","url":"https:\/\/www.rovinj-rovigno.hr\/","name":"Citta di Rovinj-Rovigno","description":"Sito ufficiale della Citta di Rovinj-Rovigno","potentialAction":[{"@type":"SearchAction","target":{"@type":"EntryPoint","urlTemplate":"https:\/\/www.rovinj-rovigno.hr\/?s={search_term_string}"},"query-input":"required name=search_term_string"}],"inLanguage":"it-IT"}]}},"_links":{"self":[{"href":"https:\/\/www.rovinj-rovigno.hr\/it\/wp-json\/wp\/v2\/pages\/317"}],"collection":[{"href":"https:\/\/www.rovinj-rovigno.hr\/it\/wp-json\/wp\/v2\/pages"}],"about":[{"href":"https:\/\/www.rovinj-rovigno.hr\/it\/wp-json\/wp\/v2\/types\/page"}],"author":[{"embeddable":true,"href":"https:\/\/www.rovinj-rovigno.hr\/it\/wp-json\/wp\/v2\/users\/2"}],"replies":[{"embeddable":true,"href":"https:\/\/www.rovinj-rovigno.hr\/it\/wp-json\/wp\/v2\/comments?post=317"}],"version-history":[{"count":0,"href":"https:\/\/www.rovinj-rovigno.hr\/it\/wp-json\/wp\/v2\/pages\/317\/revisions"}],"up":[{"embeddable":true,"href":"https:\/\/www.rovinj-rovigno.hr\/it\/wp-json\/wp\/v2\/pages\/207"}],"wp:attachment":[{"href":"https:\/\/www.rovinj-rovigno.hr\/it\/wp-json\/wp\/v2\/media?parent=317"}],"curies":[{"name":"wp","href":"https:\/\/api.w.org\/{rel}","templated":true}]}}