{"id":315,"date":"2016-11-25T10:50:48","date_gmt":"2016-11-25T10:50:48","guid":{"rendered":"http:\/\/rovinjhr.lin53.host25.com\/?page_id=315"},"modified":"2017-01-03T10:50:50","modified_gmt":"2017-01-03T10:50:50","slug":"park-suma-punta-corrente","status":"publish","type":"page","link":"https:\/\/www.rovinj-rovigno.hr\/it\/rovigno\/hrvatski-prirodne-znamenitosti\/hrvatski-park-suma-punta-corrente\/","title":{"rendered":"Il parco boschivo di Punta Corrente"},"content":{"rendered":"<p>Il parco boschivo di Punta Corrente fu creato tra il 1890 e il 1910 dal conte Georg Hutterott che trasform\u00f2 una zona agricola in un parco in stile paesaggistico libero, mettendovi a dimora moltissime conifere esotiche. Vicinissimo alla conclusione dei lavori nel parco, il conte Hutterott present\u00f2 il suo progetto sul sanatorio climatico &#8220;Cap Aureo&#8221;, la &#8220;Costa del sole dell&#8217;Istria&#8221;, che avrebbe dovuto diventare una localit\u00e0 balneare esclusiva. Prevedeva di costruire le ville per gli ospiti nalla baia di Lone, nel prato presso Scaraba, nella baia presso Punta e a Montravo. L&#8217;organizzazione dello spazio, le vie di comunicazione e il verde seguono il piano, dettagliatamente elaborato, per la costruzione degli alberghi, il che \u00e8 per l&#8217;epoca, per il volume e la tipologia delle costruzioni un rarissimo esempio per un ambiente mediterraneo, specie se consideriamo le forme e la ricchezza delle colture introdotte.<\/p>\n<p>A Punta, infatti, sono stati portati direttamente dai marinai, dal Messico, dall&#8217;America e dal Giappone alberi rarissimi per l&#8217;Europa del tempo, tra cui hanno particolare valore i cedri, piantati in maniera tale da riprodurre una stella ebraica. Grazie a queste opere di rimboschimento Punta Corrente \u00e8 diventata uno dei parchi boschivi pi\u00f9 noti del Mediterraneo, accanto a quello del Lokrum raguseo e del Hamburg di Monaco. Il progetto rimase incompiuto causa la precoce scomparsa di Hutterott, nel 1910.<\/p>\n<p>I conflitti mondiali e gli enormi cambiamenti sociali modificarono le intenzioni iniziali, facendo diventare Punta Corrente un ambiente naturale sotto protezione, ovvero un parco boschivo protetto, rivolto al riposo e alla ricreazione. Punta Corrente fu uno dei generatori dello sviluppo turistico di Rovigno, pur non avendo goduto delle dovute cure e di una manutenzione adatta. L&#8217;intera area \u00e8 stata trascurata per lungo tempo, riversando in uno stato d&#8217;abbandono, \u00e8 stata invasa dalla macchia e si sono persi gli elementi tipici dell&#8217;architettura paesaggistica.<\/p>\n<p>Il Piano territoriale e il Piano urbanistico generale cittadini prevedono di restituire al parco il suo aspetto originario, ampliandolo, inoltre, a sud, nella zona di Cuvi, oggetto anche&#8217;essa di opere di rifacimento. Parchi di questo genere hanno dimostrato di possedere enormi potenziali per il tempo libero, i bagni di sole e la ricreazione su superfici verdi. Un tempo Punta Corrente era il bagno pi\u00f9 frequentato di Rovigno ma considerato che con il passare degli anni, causa l&#8217;incuria, si \u00e8 arrivati ala scomparsa quasi totale dei prati, come \u00e8 successo pure con i limiti del bosco, i preziosi esemplari esotici e le superfici innondate dal sole, i bagnanti lo hanno abbandonato, scegliendo altre zone di balneazione.<\/p>\n<p>Punta Corrente \u00e8 diventata parco boschivo e patrimonio naturale protetto nel 1961, in base al decreto dell&#8217;Ente repubblicano di tutela dell&#8217;ambiente. Vanta una superficie di 52,4 ettari, di cui 12,5 ha sono costituiti da spiagge e 4,5 ha da prati. Si stima che la linea costiera si protenda per ben 5.000 metri, mentre sul lato della terraferma \u00e8 limitata da 800 metri di muro a secco, abbastanza alto. I percorsi con superficie solida coprono una superficie di 20.000 metri quadri, mentre i sentieri di bosco 5.000 metri quadri. Per quanto concerne le costruzioni a Punta Corrente, il parco \u00e8 stato dotato di una casetta per il guardiano e una stalla per i cavalli che successivamente \u00e8 stata adibita a pubblico esercizio. Inoltre, accanto a questo locale \u00e8 stato costruito un molo che permette alle imbarcazioni di ormeggiare. Il parco boschivo di Punta corrente ospita molta selvaggina, specie caprioli, lepri e fagiani per i quali sono state create diverse mangiatoie.<\/p>","protected":false},"excerpt":{"rendered":"<p>Il parco boschivo di Punta Corrente fu creato tra il 1890 e il 1910 dal conte Georg Hutterott che trasform\u00f2 una zona agricola in un parco in stile paesaggistico libero, mettendovi a dimora moltissime conifere esotiche. Vicinissimo alla conclusione dei lavori nel parco, il conte Hutterott present\u00f2 il suo progetto sul sanatorio climatico &#8220;Cap Aureo&#8221;, [&hellip;]<\/p>\n","protected":false},"author":2,"featured_media":0,"parent":207,"menu_order":42,"comment_status":"closed","ping_status":"closed","template":"","meta":[],"yoast_head":"<!-- This site is optimized with the Yoast SEO plugin v21.8.1 - https:\/\/yoast.com\/wordpress\/plugins\/seo\/ -->\n<title>Il parco boschivo di Punta Corrente - Citta di Rovinj-Rovigno<\/title>\n<meta name=\"robots\" content=\"index, follow, max-snippet:-1, max-image-preview:large, max-video-preview:-1\" \/>\n<link rel=\"canonical\" href=\"https:\/\/www.rovinj-rovigno.hr\/o-rovinju\/prirodne-znamenitosti\/park-suma-punta-corrente\/\" \/>\n<meta property=\"og:locale\" content=\"it_IT\" \/>\n<meta property=\"og:type\" content=\"article\" \/>\n<meta property=\"og:title\" content=\"Il parco boschivo di Punta Corrente - Citta di Rovinj-Rovigno\" \/>\n<meta property=\"og:description\" content=\"Il parco boschivo di Punta Corrente fu creato tra il 1890 e il 1910 dal conte Georg Hutterott che trasform\u00f2 una zona agricola in un parco in stile paesaggistico libero, mettendovi a dimora moltissime conifere esotiche. Vicinissimo alla conclusione dei lavori nel parco, il conte Hutterott present\u00f2 il suo progetto sul sanatorio climatico &#8220;Cap Aureo&#8221;, [&hellip;]\" \/>\n<meta property=\"og:url\" content=\"https:\/\/www.rovinj-rovigno.hr\/o-rovinju\/prirodne-znamenitosti\/park-suma-punta-corrente\/\" \/>\n<meta property=\"og:site_name\" content=\"Citta di Rovinj-Rovigno\" \/>\n<meta property=\"article:modified_time\" content=\"2017-01-03T10:50:50+00:00\" \/>\n<meta name=\"twitter:card\" content=\"summary_large_image\" \/>\n<meta name=\"twitter:label1\" content=\"Tempo di lettura stimato\" \/>\n\t<meta name=\"twitter:data1\" content=\"5 minuti\" \/>\n<script type=\"application\/ld+json\" class=\"yoast-schema-graph\">{\"@context\":\"https:\/\/schema.org\",\"@graph\":[{\"@type\":\"WebPage\",\"@id\":\"https:\/\/www.rovinj-rovigno.hr\/o-rovinju\/prirodne-znamenitosti\/park-suma-punta-corrente\/\",\"url\":\"https:\/\/www.rovinj-rovigno.hr\/o-rovinju\/prirodne-znamenitosti\/park-suma-punta-corrente\/\",\"name\":\"Il parco boschivo di Punta Corrente - Citta di Rovinj-Rovigno\",\"isPartOf\":{\"@id\":\"https:\/\/www.rovinj-rovigno.hr\/#website\"},\"datePublished\":\"2016-11-25T10:50:48+00:00\",\"dateModified\":\"2017-01-03T10:50:50+00:00\",\"breadcrumb\":{\"@id\":\"https:\/\/www.rovinj-rovigno.hr\/o-rovinju\/prirodne-znamenitosti\/park-suma-punta-corrente\/#breadcrumb\"},\"inLanguage\":\"it-IT\",\"potentialAction\":[{\"@type\":\"ReadAction\",\"target\":[\"https:\/\/www.rovinj-rovigno.hr\/o-rovinju\/prirodne-znamenitosti\/park-suma-punta-corrente\/\"]}]},{\"@type\":\"BreadcrumbList\",\"@id\":\"https:\/\/www.rovinj-rovigno.hr\/o-rovinju\/prirodne-znamenitosti\/park-suma-punta-corrente\/#breadcrumb\",\"itemListElement\":[{\"@type\":\"ListItem\",\"position\":1,\"name\":\"Po\u010detna stranica\",\"item\":\"https:\/\/www.rovinj-rovigno.hr\/\"},{\"@type\":\"ListItem\",\"position\":2,\"name\":\"O Rovinju\",\"item\":\"https:\/\/www.rovinj-rovigno.hr\/o-rovinju\/\"},{\"@type\":\"ListItem\",\"position\":3,\"name\":\"Prirodne znamenitosti\",\"item\":\"https:\/\/www.rovinj-rovigno.hr\/o-rovinju\/prirodne-znamenitosti\/\"},{\"@type\":\"ListItem\",\"position\":4,\"name\":\"Park \u0161uma Punta corrente\"}]},{\"@type\":\"WebSite\",\"@id\":\"https:\/\/www.rovinj-rovigno.hr\/#website\",\"url\":\"https:\/\/www.rovinj-rovigno.hr\/\",\"name\":\"Citta di Rovinj-Rovigno\",\"description\":\"Sito ufficiale della Citta di Rovinj-Rovigno\",\"potentialAction\":[{\"@type\":\"SearchAction\",\"target\":{\"@type\":\"EntryPoint\",\"urlTemplate\":\"https:\/\/www.rovinj-rovigno.hr\/?s={search_term_string}\"},\"query-input\":\"required name=search_term_string\"}],\"inLanguage\":\"it-IT\"}]}<\/script>\n<!-- \/ Yoast SEO plugin. -->","yoast_head_json":{"title":"Il parco boschivo di Punta Corrente - Citta di Rovinj-Rovigno","robots":{"index":"index","follow":"follow","max-snippet":"max-snippet:-1","max-image-preview":"max-image-preview:large","max-video-preview":"max-video-preview:-1"},"canonical":"https:\/\/www.rovinj-rovigno.hr\/o-rovinju\/prirodne-znamenitosti\/park-suma-punta-corrente\/","og_locale":"it_IT","og_type":"article","og_title":"Il parco boschivo di Punta Corrente - Citta di Rovinj-Rovigno","og_description":"Il parco boschivo di Punta Corrente fu creato tra il 1890 e il 1910 dal conte Georg Hutterott che trasform\u00f2 una zona agricola in un parco in stile paesaggistico libero, mettendovi a dimora moltissime conifere esotiche. Vicinissimo alla conclusione dei lavori nel parco, il conte Hutterott present\u00f2 il suo progetto sul sanatorio climatico &#8220;Cap Aureo&#8221;, [&hellip;]","og_url":"https:\/\/www.rovinj-rovigno.hr\/o-rovinju\/prirodne-znamenitosti\/park-suma-punta-corrente\/","og_site_name":"Citta di Rovinj-Rovigno","article_modified_time":"2017-01-03T10:50:50+00:00","twitter_card":"summary_large_image","twitter_misc":{"Tempo di lettura stimato":"5 minuti"},"schema":{"@context":"https:\/\/schema.org","@graph":[{"@type":"WebPage","@id":"https:\/\/www.rovinj-rovigno.hr\/o-rovinju\/prirodne-znamenitosti\/park-suma-punta-corrente\/","url":"https:\/\/www.rovinj-rovigno.hr\/o-rovinju\/prirodne-znamenitosti\/park-suma-punta-corrente\/","name":"Il parco boschivo di Punta Corrente - Citta di Rovinj-Rovigno","isPartOf":{"@id":"https:\/\/www.rovinj-rovigno.hr\/#website"},"datePublished":"2016-11-25T10:50:48+00:00","dateModified":"2017-01-03T10:50:50+00:00","breadcrumb":{"@id":"https:\/\/www.rovinj-rovigno.hr\/o-rovinju\/prirodne-znamenitosti\/park-suma-punta-corrente\/#breadcrumb"},"inLanguage":"it-IT","potentialAction":[{"@type":"ReadAction","target":["https:\/\/www.rovinj-rovigno.hr\/o-rovinju\/prirodne-znamenitosti\/park-suma-punta-corrente\/"]}]},{"@type":"BreadcrumbList","@id":"https:\/\/www.rovinj-rovigno.hr\/o-rovinju\/prirodne-znamenitosti\/park-suma-punta-corrente\/#breadcrumb","itemListElement":[{"@type":"ListItem","position":1,"name":"Po\u010detna stranica","item":"https:\/\/www.rovinj-rovigno.hr\/"},{"@type":"ListItem","position":2,"name":"O Rovinju","item":"https:\/\/www.rovinj-rovigno.hr\/o-rovinju\/"},{"@type":"ListItem","position":3,"name":"Prirodne znamenitosti","item":"https:\/\/www.rovinj-rovigno.hr\/o-rovinju\/prirodne-znamenitosti\/"},{"@type":"ListItem","position":4,"name":"Park \u0161uma Punta corrente"}]},{"@type":"WebSite","@id":"https:\/\/www.rovinj-rovigno.hr\/#website","url":"https:\/\/www.rovinj-rovigno.hr\/","name":"Citta di Rovinj-Rovigno","description":"Sito ufficiale della Citta di Rovinj-Rovigno","potentialAction":[{"@type":"SearchAction","target":{"@type":"EntryPoint","urlTemplate":"https:\/\/www.rovinj-rovigno.hr\/?s={search_term_string}"},"query-input":"required name=search_term_string"}],"inLanguage":"it-IT"}]}},"_links":{"self":[{"href":"https:\/\/www.rovinj-rovigno.hr\/it\/wp-json\/wp\/v2\/pages\/315"}],"collection":[{"href":"https:\/\/www.rovinj-rovigno.hr\/it\/wp-json\/wp\/v2\/pages"}],"about":[{"href":"https:\/\/www.rovinj-rovigno.hr\/it\/wp-json\/wp\/v2\/types\/page"}],"author":[{"embeddable":true,"href":"https:\/\/www.rovinj-rovigno.hr\/it\/wp-json\/wp\/v2\/users\/2"}],"replies":[{"embeddable":true,"href":"https:\/\/www.rovinj-rovigno.hr\/it\/wp-json\/wp\/v2\/comments?post=315"}],"version-history":[{"count":0,"href":"https:\/\/www.rovinj-rovigno.hr\/it\/wp-json\/wp\/v2\/pages\/315\/revisions"}],"up":[{"embeddable":true,"href":"https:\/\/www.rovinj-rovigno.hr\/it\/wp-json\/wp\/v2\/pages\/207"}],"wp:attachment":[{"href":"https:\/\/www.rovinj-rovigno.hr\/it\/wp-json\/wp\/v2\/media?parent=315"}],"curies":[{"name":"wp","href":"https:\/\/api.w.org\/{rel}","templated":true}]}}