{"id":312,"date":"2016-11-25T10:47:08","date_gmt":"2016-11-25T10:47:08","guid":{"rendered":"http:\/\/rovinjhr.lin53.host25.com\/?page_id=312"},"modified":"2017-01-03T10:49:11","modified_gmt":"2017-01-03T10:49:11","slug":"juzni-dio","status":"publish","type":"page","link":"https:\/\/www.rovinj-rovigno.hr\/it\/rovigno\/hrvatski-kulturne-znamenitosti\/hrvatski-juzni-dio\/","title":{"rendered":"Zona sud"},"content":{"rendered":"<p>Sinuosa si delinea la costa la meridionale che abbraccia con il molo le numerose imbarcazioni del porticciulo tra le quali spicca la tipica batana rovignese. Al di l\u00e0 della diga e del molo del Marina la riva ci conduce nell&#8217;incantevole parco &#8220;Punta Corrente&#8221;. Sul promontorio occidentale del parco (Punta Montravo) c&#8217;\u00e8 una cava di pietra abbandonata dalla quale, un tempo, veniva estratto il famoso biancone impiegato per la costruzione di numerosi palazzi veneziani.<\/p>\n<p>Da sempre i rovignesi erano conosciuti per loro abilit\u00e0 nella costruzione delle batane, delle brazzere e leuti, infatti in citt\u00e0 c&#8217;erano, nel secolo XVIII ben dodici squeri. Nella Piazza dei squeri si trova <a href=\"http:\/\/www.batana.hr\/\" target=\"_blank\">Centro arti visive &#8220;Batana&#8221;<\/a> il quale svolge attivit\u00e0 artistico culturali al livelo nazionale e internazionale nel campo della fotografia e arti visive, tra quali pi\u00f9 conosciuta Mundial fotofestival.<\/p>\n<p>Passeggiando accanto agli edifici della <a href=\"http:\/\/www.tdr.hr\/\" target=\"_blank\">Fabbrica tabacchi<\/a> non possiamo che rimanere affascinati dal restauro che d\u00e0 un&#8217;ulteriore nota di eleganza ai palazzi. La lavorazione del tabacco ha una lunga tradizione, infatti gi\u00e0 nel 1872 vennero costruiti gli impianti della &#8220;Fabbrica tabacchi&#8221;.<\/p>\n<p>Pi\u00f9 in l\u00e0 troviamo la Stazione degli autobus e dei taxi. Vicino si erge il monumento sacro pi\u00f9 antico di Rovigno la chiesetta della SS. Trinit\u00e0.<\/p>\n<p><strong>CHIESETTA ROMANICA DELLA SS. TRINITA<\/strong><\/p>\n<p>Sul piazzale del Laco si erge la chiesetta romanica della SS. Trinit\u00e0. E&#8217;una cappella ettagonale con muratura a vista con all&#8217;interno sette nicchie e soffitto a cupola; la sua struttura circolare mostra elementi di passaggio dal romanico al gotico. I giochi di luce che si creano grazie a tre aperture donano a questo piccolo edificio suggestive armonie. Un vero gioiello di arte locale \u00e8 rappresentato dalla transenna con scene del supplizio del Golgota con la Madonna, Maddalena, S.Pietro, S.Giovanni Battista e S.Giovanni Evangelista. Oggi la chiesetta si trova in ottimo stato di conservazione; recentemente \u00e8 stata adibita a galleria d&#8217;arte.<\/p>\n<p><strong>CHIESA DELLA MADONNA DELLE GRAZIE<\/strong><\/p>\n<p>Sull&#8217;altare si trova una tavola in legno con sfondo e cornice dorati del secolo XVI con la raffigurazione della Madonna con bambino.<br \/>\nParticolarmente preziosi i banchi tardobarocchi e gli ex-voto dei marinai rovignesi documenti insostituibili per la conoscenza e lo studio della storia della marineria della citt\u00e0. Sul pavimento si trova l&#8217;arca sepolcrale della contessa Elisabetta Angelini Califfi, ivi sepolta il 13 dicembre 1762 e conosciuta come &#8220;la madre dei poveri&#8221;.<\/p>\n<p>Nelle vicinanze, circondato dal verde, si erge lo splendido edificio delle cosiddette &#8220;scuole nuove&#8221; costruito nel 1913 e progettato dall&#8217;architetto triestino L.Braidotti; vi hanno sede le scuole medie superiori croata e italiana, e vi sono esposte antiche anfore ed epigrafi romane.<br \/>\nNella stessa zona si concentrano molti istituzioni importanti: il Pronto Soccorso, la polizia, i Vigili del fuoco, l&#8217;ufficio postale, la scuola professionale &#8220;E.Kumicic&#8221; nella quale nel 1850 fu aperto il primo asilo cittadino, immersa nel verde, la casa di riposo per anziani intitolata a &#8220;Domenico Pergolis&#8221; che nel 1899 regal\u00f2 l&#8217;edificio alla citt\u00e0.<br \/>\nNon dobbiamo dimenticare la biblioteca civica &#8220;Mattia Flaccio Illirico&#8221; anch&#8217;essa in via Domenico Pergolis nella villa &#8220;Maria Antonia&#8221;, la quale raccoglie circa 35.000 volumi. Qui vi hanno sede la societ\u00e0 artistico culturale &#8220;Franjo Glavinic&#8221; e la sezione rovignese della Matica Hrvatska.<\/p>\n<p>Nel circondario della citt\u00e0 sono presenti numerose chiesette rilevanti sotto il profilo storico-architettonico, molte delle quali purtroppo si trovano in uno stato deplorevole.<br \/>\nConsigliamo ad ogni visitatore di immergersi nelle bellezze naturali di questo incantevole luogo: gli uliveti, i centenari cipressi, la macchia mediterranea e la fauna locale. Suggestive visite si possono fare pure nei piccoli paesi del circondario: <a href=\"http:\/\/www.bale-valle.hr\/\" target=\"_blank\">Valle<\/a>, <a href=\"http:\/\/www.cel.hr\/kanfanar\/\" target=\"_blank\">Canfanaro<\/a> e <a href=\"http:\/\/www.tzzminj.hr\/\" target=\"_blank\">Gimino<\/a>.<\/p>","protected":false},"excerpt":{"rendered":"<p>Sinuosa si delinea la costa la meridionale che abbraccia con il molo le numerose imbarcazioni del porticciulo tra le quali spicca la tipica batana rovignese. Al di l\u00e0 della diga e del molo del Marina la riva ci conduce nell&#8217;incantevole parco &#8220;Punta Corrente&#8221;. Sul promontorio occidentale del parco (Punta Montravo) c&#8217;\u00e8 una cava di pietra [&hellip;]<\/p>\n","protected":false},"author":2,"featured_media":0,"parent":182,"menu_order":56,"comment_status":"closed","ping_status":"closed","template":"","meta":[],"yoast_head":"<!-- This site is optimized with the Yoast SEO plugin v21.8.1 - https:\/\/yoast.com\/wordpress\/plugins\/seo\/ -->\n<title>Zona sud - Citta di Rovinj-Rovigno<\/title>\n<meta name=\"robots\" content=\"index, follow, max-snippet:-1, max-image-preview:large, max-video-preview:-1\" \/>\n<link rel=\"canonical\" href=\"https:\/\/www.rovinj-rovigno.hr\/o-rovinju\/kulturne-znamenitosti\/juzni-dio\/\" \/>\n<meta property=\"og:locale\" content=\"it_IT\" \/>\n<meta property=\"og:type\" content=\"article\" \/>\n<meta property=\"og:title\" content=\"Zona sud - Citta di Rovinj-Rovigno\" \/>\n<meta property=\"og:description\" content=\"Sinuosa si delinea la costa la meridionale che abbraccia con il molo le numerose imbarcazioni del porticciulo tra le quali spicca la tipica batana rovignese. Al di l\u00e0 della diga e del molo del Marina la riva ci conduce nell&#8217;incantevole parco &#8220;Punta Corrente&#8221;. Sul promontorio occidentale del parco (Punta Montravo) c&#8217;\u00e8 una cava di pietra [&hellip;]\" \/>\n<meta property=\"og:url\" content=\"https:\/\/www.rovinj-rovigno.hr\/o-rovinju\/kulturne-znamenitosti\/juzni-dio\/\" \/>\n<meta property=\"og:site_name\" content=\"Citta di Rovinj-Rovigno\" \/>\n<meta property=\"article:modified_time\" content=\"2017-01-03T10:49:11+00:00\" \/>\n<meta name=\"twitter:card\" content=\"summary_large_image\" \/>\n<meta name=\"twitter:label1\" content=\"Tempo di lettura stimato\" \/>\n\t<meta name=\"twitter:data1\" content=\"6 minuti\" \/>\n<script type=\"application\/ld+json\" class=\"yoast-schema-graph\">{\"@context\":\"https:\/\/schema.org\",\"@graph\":[{\"@type\":\"WebPage\",\"@id\":\"https:\/\/www.rovinj-rovigno.hr\/o-rovinju\/kulturne-znamenitosti\/juzni-dio\/\",\"url\":\"https:\/\/www.rovinj-rovigno.hr\/o-rovinju\/kulturne-znamenitosti\/juzni-dio\/\",\"name\":\"Zona sud - Citta di Rovinj-Rovigno\",\"isPartOf\":{\"@id\":\"https:\/\/www.rovinj-rovigno.hr\/#website\"},\"datePublished\":\"2016-11-25T10:47:08+00:00\",\"dateModified\":\"2017-01-03T10:49:11+00:00\",\"breadcrumb\":{\"@id\":\"https:\/\/www.rovinj-rovigno.hr\/o-rovinju\/kulturne-znamenitosti\/juzni-dio\/#breadcrumb\"},\"inLanguage\":\"it-IT\",\"potentialAction\":[{\"@type\":\"ReadAction\",\"target\":[\"https:\/\/www.rovinj-rovigno.hr\/o-rovinju\/kulturne-znamenitosti\/juzni-dio\/\"]}]},{\"@type\":\"BreadcrumbList\",\"@id\":\"https:\/\/www.rovinj-rovigno.hr\/o-rovinju\/kulturne-znamenitosti\/juzni-dio\/#breadcrumb\",\"itemListElement\":[{\"@type\":\"ListItem\",\"position\":1,\"name\":\"Po\u010detna stranica\",\"item\":\"https:\/\/www.rovinj-rovigno.hr\/\"},{\"@type\":\"ListItem\",\"position\":2,\"name\":\"O Rovinju\",\"item\":\"https:\/\/www.rovinj-rovigno.hr\/o-rovinju\/\"},{\"@type\":\"ListItem\",\"position\":3,\"name\":\"Kulturne znamenitosti\",\"item\":\"https:\/\/www.rovinj-rovigno.hr\/o-rovinju\/kulturne-znamenitosti\/\"},{\"@type\":\"ListItem\",\"position\":4,\"name\":\"Ju\u017eni dio\"}]},{\"@type\":\"WebSite\",\"@id\":\"https:\/\/www.rovinj-rovigno.hr\/#website\",\"url\":\"https:\/\/www.rovinj-rovigno.hr\/\",\"name\":\"Citta di Rovinj-Rovigno\",\"description\":\"Sito ufficiale della Citta di Rovinj-Rovigno\",\"potentialAction\":[{\"@type\":\"SearchAction\",\"target\":{\"@type\":\"EntryPoint\",\"urlTemplate\":\"https:\/\/www.rovinj-rovigno.hr\/?s={search_term_string}\"},\"query-input\":\"required name=search_term_string\"}],\"inLanguage\":\"it-IT\"}]}<\/script>\n<!-- \/ Yoast SEO plugin. -->","yoast_head_json":{"title":"Zona sud - Citta di Rovinj-Rovigno","robots":{"index":"index","follow":"follow","max-snippet":"max-snippet:-1","max-image-preview":"max-image-preview:large","max-video-preview":"max-video-preview:-1"},"canonical":"https:\/\/www.rovinj-rovigno.hr\/o-rovinju\/kulturne-znamenitosti\/juzni-dio\/","og_locale":"it_IT","og_type":"article","og_title":"Zona sud - Citta di Rovinj-Rovigno","og_description":"Sinuosa si delinea la costa la meridionale che abbraccia con il molo le numerose imbarcazioni del porticciulo tra le quali spicca la tipica batana rovignese. Al di l\u00e0 della diga e del molo del Marina la riva ci conduce nell&#8217;incantevole parco &#8220;Punta Corrente&#8221;. Sul promontorio occidentale del parco (Punta Montravo) c&#8217;\u00e8 una cava di pietra [&hellip;]","og_url":"https:\/\/www.rovinj-rovigno.hr\/o-rovinju\/kulturne-znamenitosti\/juzni-dio\/","og_site_name":"Citta di Rovinj-Rovigno","article_modified_time":"2017-01-03T10:49:11+00:00","twitter_card":"summary_large_image","twitter_misc":{"Tempo di lettura stimato":"6 minuti"},"schema":{"@context":"https:\/\/schema.org","@graph":[{"@type":"WebPage","@id":"https:\/\/www.rovinj-rovigno.hr\/o-rovinju\/kulturne-znamenitosti\/juzni-dio\/","url":"https:\/\/www.rovinj-rovigno.hr\/o-rovinju\/kulturne-znamenitosti\/juzni-dio\/","name":"Zona sud - Citta di Rovinj-Rovigno","isPartOf":{"@id":"https:\/\/www.rovinj-rovigno.hr\/#website"},"datePublished":"2016-11-25T10:47:08+00:00","dateModified":"2017-01-03T10:49:11+00:00","breadcrumb":{"@id":"https:\/\/www.rovinj-rovigno.hr\/o-rovinju\/kulturne-znamenitosti\/juzni-dio\/#breadcrumb"},"inLanguage":"it-IT","potentialAction":[{"@type":"ReadAction","target":["https:\/\/www.rovinj-rovigno.hr\/o-rovinju\/kulturne-znamenitosti\/juzni-dio\/"]}]},{"@type":"BreadcrumbList","@id":"https:\/\/www.rovinj-rovigno.hr\/o-rovinju\/kulturne-znamenitosti\/juzni-dio\/#breadcrumb","itemListElement":[{"@type":"ListItem","position":1,"name":"Po\u010detna stranica","item":"https:\/\/www.rovinj-rovigno.hr\/"},{"@type":"ListItem","position":2,"name":"O Rovinju","item":"https:\/\/www.rovinj-rovigno.hr\/o-rovinju\/"},{"@type":"ListItem","position":3,"name":"Kulturne znamenitosti","item":"https:\/\/www.rovinj-rovigno.hr\/o-rovinju\/kulturne-znamenitosti\/"},{"@type":"ListItem","position":4,"name":"Ju\u017eni dio"}]},{"@type":"WebSite","@id":"https:\/\/www.rovinj-rovigno.hr\/#website","url":"https:\/\/www.rovinj-rovigno.hr\/","name":"Citta di Rovinj-Rovigno","description":"Sito ufficiale della Citta di Rovinj-Rovigno","potentialAction":[{"@type":"SearchAction","target":{"@type":"EntryPoint","urlTemplate":"https:\/\/www.rovinj-rovigno.hr\/?s={search_term_string}"},"query-input":"required name=search_term_string"}],"inLanguage":"it-IT"}]}},"_links":{"self":[{"href":"https:\/\/www.rovinj-rovigno.hr\/it\/wp-json\/wp\/v2\/pages\/312"}],"collection":[{"href":"https:\/\/www.rovinj-rovigno.hr\/it\/wp-json\/wp\/v2\/pages"}],"about":[{"href":"https:\/\/www.rovinj-rovigno.hr\/it\/wp-json\/wp\/v2\/types\/page"}],"author":[{"embeddable":true,"href":"https:\/\/www.rovinj-rovigno.hr\/it\/wp-json\/wp\/v2\/users\/2"}],"replies":[{"embeddable":true,"href":"https:\/\/www.rovinj-rovigno.hr\/it\/wp-json\/wp\/v2\/comments?post=312"}],"version-history":[{"count":0,"href":"https:\/\/www.rovinj-rovigno.hr\/it\/wp-json\/wp\/v2\/pages\/312\/revisions"}],"up":[{"embeddable":true,"href":"https:\/\/www.rovinj-rovigno.hr\/it\/wp-json\/wp\/v2\/pages\/182"}],"wp:attachment":[{"href":"https:\/\/www.rovinj-rovigno.hr\/it\/wp-json\/wp\/v2\/media?parent=312"}],"curies":[{"name":"wp","href":"https:\/\/api.w.org\/{rel}","templated":true}]}}