{"id":306,"date":"2016-11-25T10:40:22","date_gmt":"2016-11-25T10:40:22","guid":{"rendered":"http:\/\/rovinjhr.lin53.host25.com\/?page_id=306"},"modified":"2026-01-07T14:11:45","modified_gmt":"2026-01-07T12:11:45","slug":"grisija","status":"publish","type":"page","link":"https:\/\/www.rovinj-rovigno.hr\/it\/rovigno\/hrvatski-kulturne-znamenitosti\/hrvatski-grisija\/","title":{"rendered":"Grisia"},"content":{"rendered":"<p><strong>Grisia:<\/strong> sia nome di via, sia concetto di repubblica artistica d&#8217;un solo giorno nel mondo dell&#8217;arte&#8230;<br \/>\n<strong>Grisia:<\/strong> galleria di strada, via e galleria, il salone espositivo pi\u00f9 democratico dei nostri luoghi e del pi\u00f9 ampio territorio&#8230;<br \/>\n<strong>Grisia:<\/strong> indubbiamente uno dei marchi pi\u00f9 distinguibili della vetusta Rovigno; via pittoresca, lastricata e tortuosa, ornata da una scintillante cascata di gradinate di pietra.<\/p>\n<div class=\"fotoOkvirLeft\"><\/div>\n<p>La manifestazione artistica viene organizzata dall&#8217;estate del 1967, in una domenica d&#8217;agosto. La storia delle opere d&#8217;arte esposte sotto un cielo immenso e sereno &#8211; appese ai muri, sulle porte, sulle imposte, sui portoni &#8211; \u00e8 la storia, non solo contemporanea, della curiosit\u00e0, della testardaggine e della perseveranza di menti creative, \u00e8 la conferma che l&#8217;eros creativo \u00e8 alla costante ricerca di nuove sfide, andando incontro agli uomini, allo spazio con il quale l&#8217;artista e la sua arte possono e vogliono comunicare.<\/p>","protected":false},"excerpt":{"rendered":"<p>Grisia: sia nome di via, sia concetto di repubblica artistica d&#8217;un solo giorno nel mondo dell&#8217;arte&#8230; Grisia: galleria di strada, via e galleria, il salone espositivo pi\u00f9 democratico dei nostri luoghi e del pi\u00f9 ampio territorio&#8230; Grisia: indubbiamente uno dei marchi pi\u00f9 distinguibili della vetusta Rovigno; via pittoresca, lastricata e tortuosa, ornata da una scintillante [&hellip;]<\/p>\n","protected":false},"author":2,"featured_media":0,"parent":182,"menu_order":50,"comment_status":"closed","ping_status":"closed","template":"","meta":[],"yoast_head":"<!-- This site is optimized with the Yoast SEO plugin v21.8.1 - https:\/\/yoast.com\/wordpress\/plugins\/seo\/ -->\n<title>Grisia - Citta di Rovinj-Rovigno<\/title>\n<meta name=\"robots\" content=\"index, follow, max-snippet:-1, max-image-preview:large, max-video-preview:-1\" \/>\n<link rel=\"canonical\" href=\"https:\/\/www.rovinj-rovigno.hr\/o-rovinju\/kulturne-znamenitosti\/grisija\/\" \/>\n<meta property=\"og:locale\" content=\"it_IT\" \/>\n<meta property=\"og:type\" content=\"article\" \/>\n<meta property=\"og:title\" content=\"Grisia - Citta di Rovinj-Rovigno\" \/>\n<meta property=\"og:description\" content=\"Grisia: sia nome di via, sia concetto di repubblica artistica d&#8217;un solo giorno nel mondo dell&#8217;arte&#8230; Grisia: galleria di strada, via e galleria, il salone espositivo pi\u00f9 democratico dei nostri luoghi e del pi\u00f9 ampio territorio&#8230; Grisia: indubbiamente uno dei marchi pi\u00f9 distinguibili della vetusta Rovigno; via pittoresca, lastricata e tortuosa, ornata da una scintillante [&hellip;]\" \/>\n<meta property=\"og:url\" content=\"https:\/\/www.rovinj-rovigno.hr\/o-rovinju\/kulturne-znamenitosti\/grisija\/\" \/>\n<meta property=\"og:site_name\" content=\"Citta di Rovinj-Rovigno\" \/>\n<meta property=\"article:modified_time\" content=\"2026-01-07T12:11:45+00:00\" \/>\n<meta name=\"twitter:card\" content=\"summary_large_image\" \/>\n<meta name=\"twitter:label1\" content=\"Tempo di lettura stimato\" \/>\n\t<meta name=\"twitter:data1\" content=\"1 minuto\" \/>\n<script type=\"application\/ld+json\" class=\"yoast-schema-graph\">{\"@context\":\"https:\/\/schema.org\",\"@graph\":[{\"@type\":\"WebPage\",\"@id\":\"https:\/\/www.rovinj-rovigno.hr\/o-rovinju\/kulturne-znamenitosti\/grisija\/\",\"url\":\"https:\/\/www.rovinj-rovigno.hr\/o-rovinju\/kulturne-znamenitosti\/grisija\/\",\"name\":\"Grisia - Citta di Rovinj-Rovigno\",\"isPartOf\":{\"@id\":\"https:\/\/www.rovinj-rovigno.hr\/#website\"},\"datePublished\":\"2016-11-25T10:40:22+00:00\",\"dateModified\":\"2026-01-07T12:11:45+00:00\",\"breadcrumb\":{\"@id\":\"https:\/\/www.rovinj-rovigno.hr\/o-rovinju\/kulturne-znamenitosti\/grisija\/#breadcrumb\"},\"inLanguage\":\"it-IT\",\"potentialAction\":[{\"@type\":\"ReadAction\",\"target\":[\"https:\/\/www.rovinj-rovigno.hr\/o-rovinju\/kulturne-znamenitosti\/grisija\/\"]}]},{\"@type\":\"BreadcrumbList\",\"@id\":\"https:\/\/www.rovinj-rovigno.hr\/o-rovinju\/kulturne-znamenitosti\/grisija\/#breadcrumb\",\"itemListElement\":[{\"@type\":\"ListItem\",\"position\":1,\"name\":\"Po\u010detna stranica\",\"item\":\"https:\/\/www.rovinj-rovigno.hr\/\"},{\"@type\":\"ListItem\",\"position\":2,\"name\":\"O Rovinju\",\"item\":\"https:\/\/www.rovinj-rovigno.hr\/o-rovinju\/\"},{\"@type\":\"ListItem\",\"position\":3,\"name\":\"Kulturne znamenitosti\",\"item\":\"https:\/\/www.rovinj-rovigno.hr\/o-rovinju\/kulturne-znamenitosti\/\"},{\"@type\":\"ListItem\",\"position\":4,\"name\":\"Grisija\"}]},{\"@type\":\"WebSite\",\"@id\":\"https:\/\/www.rovinj-rovigno.hr\/#website\",\"url\":\"https:\/\/www.rovinj-rovigno.hr\/\",\"name\":\"Citta di Rovinj-Rovigno\",\"description\":\"Sito ufficiale della Citta di Rovinj-Rovigno\",\"potentialAction\":[{\"@type\":\"SearchAction\",\"target\":{\"@type\":\"EntryPoint\",\"urlTemplate\":\"https:\/\/www.rovinj-rovigno.hr\/?s={search_term_string}\"},\"query-input\":\"required name=search_term_string\"}],\"inLanguage\":\"it-IT\"}]}<\/script>\n<!-- \/ Yoast SEO plugin. -->","yoast_head_json":{"title":"Grisia - Citta di Rovinj-Rovigno","robots":{"index":"index","follow":"follow","max-snippet":"max-snippet:-1","max-image-preview":"max-image-preview:large","max-video-preview":"max-video-preview:-1"},"canonical":"https:\/\/www.rovinj-rovigno.hr\/o-rovinju\/kulturne-znamenitosti\/grisija\/","og_locale":"it_IT","og_type":"article","og_title":"Grisia - Citta di Rovinj-Rovigno","og_description":"Grisia: sia nome di via, sia concetto di repubblica artistica d&#8217;un solo giorno nel mondo dell&#8217;arte&#8230; Grisia: galleria di strada, via e galleria, il salone espositivo pi\u00f9 democratico dei nostri luoghi e del pi\u00f9 ampio territorio&#8230; Grisia: indubbiamente uno dei marchi pi\u00f9 distinguibili della vetusta Rovigno; via pittoresca, lastricata e tortuosa, ornata da una scintillante [&hellip;]","og_url":"https:\/\/www.rovinj-rovigno.hr\/o-rovinju\/kulturne-znamenitosti\/grisija\/","og_site_name":"Citta di Rovinj-Rovigno","article_modified_time":"2026-01-07T12:11:45+00:00","twitter_card":"summary_large_image","twitter_misc":{"Tempo di lettura stimato":"1 minuto"},"schema":{"@context":"https:\/\/schema.org","@graph":[{"@type":"WebPage","@id":"https:\/\/www.rovinj-rovigno.hr\/o-rovinju\/kulturne-znamenitosti\/grisija\/","url":"https:\/\/www.rovinj-rovigno.hr\/o-rovinju\/kulturne-znamenitosti\/grisija\/","name":"Grisia - Citta di Rovinj-Rovigno","isPartOf":{"@id":"https:\/\/www.rovinj-rovigno.hr\/#website"},"datePublished":"2016-11-25T10:40:22+00:00","dateModified":"2026-01-07T12:11:45+00:00","breadcrumb":{"@id":"https:\/\/www.rovinj-rovigno.hr\/o-rovinju\/kulturne-znamenitosti\/grisija\/#breadcrumb"},"inLanguage":"it-IT","potentialAction":[{"@type":"ReadAction","target":["https:\/\/www.rovinj-rovigno.hr\/o-rovinju\/kulturne-znamenitosti\/grisija\/"]}]},{"@type":"BreadcrumbList","@id":"https:\/\/www.rovinj-rovigno.hr\/o-rovinju\/kulturne-znamenitosti\/grisija\/#breadcrumb","itemListElement":[{"@type":"ListItem","position":1,"name":"Po\u010detna stranica","item":"https:\/\/www.rovinj-rovigno.hr\/"},{"@type":"ListItem","position":2,"name":"O Rovinju","item":"https:\/\/www.rovinj-rovigno.hr\/o-rovinju\/"},{"@type":"ListItem","position":3,"name":"Kulturne znamenitosti","item":"https:\/\/www.rovinj-rovigno.hr\/o-rovinju\/kulturne-znamenitosti\/"},{"@type":"ListItem","position":4,"name":"Grisija"}]},{"@type":"WebSite","@id":"https:\/\/www.rovinj-rovigno.hr\/#website","url":"https:\/\/www.rovinj-rovigno.hr\/","name":"Citta di Rovinj-Rovigno","description":"Sito ufficiale della Citta di Rovinj-Rovigno","potentialAction":[{"@type":"SearchAction","target":{"@type":"EntryPoint","urlTemplate":"https:\/\/www.rovinj-rovigno.hr\/?s={search_term_string}"},"query-input":"required name=search_term_string"}],"inLanguage":"it-IT"}]}},"_links":{"self":[{"href":"https:\/\/www.rovinj-rovigno.hr\/it\/wp-json\/wp\/v2\/pages\/306"}],"collection":[{"href":"https:\/\/www.rovinj-rovigno.hr\/it\/wp-json\/wp\/v2\/pages"}],"about":[{"href":"https:\/\/www.rovinj-rovigno.hr\/it\/wp-json\/wp\/v2\/types\/page"}],"author":[{"embeddable":true,"href":"https:\/\/www.rovinj-rovigno.hr\/it\/wp-json\/wp\/v2\/users\/2"}],"replies":[{"embeddable":true,"href":"https:\/\/www.rovinj-rovigno.hr\/it\/wp-json\/wp\/v2\/comments?post=306"}],"version-history":[{"count":1,"href":"https:\/\/www.rovinj-rovigno.hr\/it\/wp-json\/wp\/v2\/pages\/306\/revisions"}],"predecessor-version":[{"id":48899,"href":"https:\/\/www.rovinj-rovigno.hr\/it\/wp-json\/wp\/v2\/pages\/306\/revisions\/48899"}],"up":[{"embeddable":true,"href":"https:\/\/www.rovinj-rovigno.hr\/it\/wp-json\/wp\/v2\/pages\/182"}],"wp:attachment":[{"href":"https:\/\/www.rovinj-rovigno.hr\/it\/wp-json\/wp\/v2\/media?parent=306"}],"curies":[{"name":"wp","href":"https:\/\/api.w.org\/{rel}","templated":true}]}}