{"id":304,"date":"2016-11-25T09:45:36","date_gmt":"2016-11-25T09:45:36","guid":{"rendered":"http:\/\/rovinjhr.lin53.host25.com\/?page_id=304"},"modified":"2026-01-07T14:11:13","modified_gmt":"2026-01-07T12:11:13","slug":"crkva-sv-eufemije","status":"publish","type":"page","link":"https:\/\/www.rovinj-rovigno.hr\/it\/rovigno\/hrvatski-kulturne-znamenitosti\/hrvatski-crkva-sv-eufemije\/","title":{"rendered":"Il Duomo di S.Eufemia"},"content":{"rendered":"<p>Il Duomo di S.Eufemia, tipico esempio di barocco veneziano, si innalza, con elegante imponenza alla sommit\u00e0 del nucleo storico. La lunghezza della chiesa \u00e8 di 51 metri la larghezza 30; la nave mediana \u00e8 alta 17 metri le navi laterali sono alte dieci metri. La chiesa primitiva dedicata a S.Giorgio ed eretta in epoca tardo antica venne sostituita verso la met\u00e0 del secolo X da una nuova costruzione a tre navate con cupole sovrapposte ai tre altari maggiori, nella navata laterale destra dietro l&#8217;altare \u00e8 collocato il sarcofago di S.Eufemia in marmo.<\/p>\n<p>La nuova chiesa venne dedicata ai SS.Giorgio e Eufemia patroni della citt\u00e0. Per la chiesa e per la parrocchia da ricordare l&#8217;anno 1178 in quanto, con la bolla del papa Alessandro III la chiesa diventa &#8220;capitolare&#8221;. Ottenuta la delibera del Consiglio cittadino nel 1720, dopo alcuni anni di preparativi e dopo aver demolito le attigue chiesette di S.Orsola, S.Rocco e S.Michele, venne posta la prima pietra del nuovo Duomo. Scartato il progetto iniziale di Giovanni Scalferoto venne assunto l&#8217;architetto Giovanni Dozzi, pure egli di Venezia, che nel 1736 port\u00f2 a compimento l&#8217;opera grazie anche il contributo di altri artisti veneziani, altaristi friulani e mastri locali. I primi ad esser completati furono i cori, gi\u00e0 nel 1728, mentre il sarcofago di S. Eufemia fu collocato dove si trova ancora oggi.<\/p>\n<p>I tre altari principali secondo il progetto di Gerolamo Laureato di Venezia, datano 1741. Il vescovo Mazzoleni consacr\u00f2 le tre grandi sculture dell&#8217;altare principale: S.Giorgio, S.Rocco e S.Marco. Il vescovo parentino Gaspare Negri, nel 1747 assegn\u00f2 alla chiesa il titolo di insigne; come testimonia la lapide epigrafica dietro l&#8217;altare principale. La chiesa fu consacrata nel 1756. Nel 1754, alla vigilia della festivit\u00e0 di S.Eufemia, si sentirono le prime note dell&#8217;organo fabbricato da Antonio Barbini; negli anni ha subito diversi restauri, l&#8217;ultimo nel 1958. Oggi l&#8217;organo \u00e8 considerato monumento storico culturale ed \u00e8 in fase di restauro. Nel 1780 l&#8217;architetto rovignese, Simone Battistella progett\u00f2 il rivestimento in pietra bianca della facciata meridionale della chiesa. Nel 1861, invece, l&#8217;ingegnere Depozzo port\u00f2 a termine il rivestimento del fronte copiando gli elementi architettonico-decorativi del Battistella. Affianco l&#8217;entrata meridionale si trova il bassorilievo gotico raffigurante S.Eufemia; sulla facciata alcuni frammenti paleocristiani e preromanici.<\/p>\n<p>L&#8217;interno della chiesa \u00e8 incantevole. L&#8217;altare maggiore, &#8220;concepito alla romana&#8221; e quelli monumentali laterali del S.Sacramento e di S.Eufemia sono opera ragguardevole dell&#8217;architetto e scultore veneziano Girolamo Laureato e furono eretti nel 1741 con marmi di Carrara da Alvise e Ambrogio Tagliapietra, anch&#8217;essi veneziani. Anche le statue di S.Marco, S.Giorgio e S.Rocco, poste sopra l&#8217;altare maggiore, dai volti somiglianti e idealizzati, sono sculture pregevoli dei suddetti artisti. L&#8217;altare del S.Sacramento \u00e8 riccamente rivestito in marmo, particolarmente belle le sue colonnine e gli angeli, splendido il paliotto sbalzato in argento con la scena centrale in oro del 1777 forgiato nelle officine veneziane. Dietro all&#8217;altare di S.Eufemia, con una statua della Santa, in pietra dorata e dipinta (secolo XVI ), \u00e8 riposta l&#8217;arca, che racchiude il corpo della Santa.<\/p>\n<p>Dietro l&#8217;altare maggiore si potevano, un tempo, ammirare tre grandi quadri con cornici dorate, ora in fase di restauro; la tela maggiore, raffigurante &#8220;L&#8217;ultima cena&#8221;, \u00e8 opera di Giovanni Contarini datata 1574, le altre due, &#8220;I Discepoli dormienti&#8221; e &#8220;Ges\u00f9 nell&#8217;orto&#8221; sono di autore ignoto. Qui si poteva inoltre ammirare la preziosa icona bizantina della B.V.con Bambino, ora custodita in sagrestia. L&#8217;interno della chiesa \u00e8 abbellito da 8 altari laterali, dal battistero e dalle due acquasantiere in marmo, sulle quali si trovavano, fino qualche tempo fa, le statuette di S.Giorgio e S.Eufemia. La pala dell&#8217;altare di S.Sebastiano del 1635. Gli argenti sacri della parrocchiale costituiscono ancor oggi una raccolta di particolare interesse e ricchezza.<\/p>\n<p><strong>SANTA EUFEMIA E IL SUO SARCOFAGO<\/strong><\/p>\n<p>Non ci sono molte documenti storici sulla vita di S.Eufemia. Il pi\u00f9 delle volte viene raffigurata con la palma e la ruota del martirio nonch\u00e9 i leoni si suoi piedi. Nacque a Calcedonia nell&#8217;Asia Minore attorno l&#8217;anno 290 d.C. La sua era un&#8217;illustre famiglia patrizia. Ebbe un&#8217;educazione cristiana tanto che nella sua citt\u00e0 divenne nota sia per la sua bellezza che per le sue virt\u00f9. Al tempo dell&#8217;imperatore Diocleziano, che perseguit\u00f2 i cristiani, la quindicenne Eufemia venne imprigionata e seviziata e, il 16 settembre 304 d.C. fugettata tra i leoni nell&#8217;arena.<\/p>\n<p>Le spoglie della Santa martire rimasero per tre secoli a Calcedonia, in seguito le sue spoglie vennero raccolte in un sarcofago di marmo e trasferite a Costantinopoli dove furono conservate in una chiesa maestosa che l&#8217;imperatore Costantino fece erigere in suo onore . Vi rimasero fino all&#8217;anno 800 d.C. quando, secondo la leggenda, in una notte tempestosa, il sarcofago con il corpo della Santa spar\u00ec da Costantinopoli. All&#8217;alba del 13 luglio dell&#8217;800 il sarcofago arriv\u00f2 alla spiaggia e venne trainato fino alla sommit\u00e0 del colle da un esile ragazzo con i suoi vitellini.<\/p>\n<p>Gli abitanti, allibiti gridarono al miracolo e accolsero la Santa come nuova protettrice della citt\u00e0.<\/p>\n<p>Il sarcofago, proveniente da officine aquileiesi (III d.C.), \u00e8 in marmo del Proconneso. Misura in lunghezza 208 cm , in altezza 195 cm ed \u00e8 largo 95 cm. Nel sarcofago sono custodite le reliquie della Santa coperte da preziosi paramenti con ricami dorati. Una maschera di cera eseguita da Mila Vod zagabrese, ne ricopre il volto. Il 16 settembre si festeggia la Santa patrona della citt\u00e0.<\/p>\n<p><strong>IL CAMPANILE<\/strong><\/p>\n<p>Il campanile di S.Eufemia venne innalzato negli anni 1654-1687 in sostituzione di quello primitivo pi\u00f9 basso e allora cadente. Il campanile si rif\u00e0 a prototipi veneziani risalenti ad epoche precedenti. La costruzione \u00e8 durata per ben ventisei anni. La singolare e splendida statua forgiata nell&#8217;officina dei fratelli Vincenzo e Giovanbattista Vallani da Maniago, \u00e8 stata posta sul campanile nel 1758 in sostituzione della precedente di legno foderata in rame in sostituzione della precedente di legno foderata in rame andata distrutta nel 1756 . La statua, che gira su un perno in direzione del vento, venne, al pari del campanile, pi\u00f9 volte riparata. Nel 1879 sul campanile e chiesa vennero posti i parafulmini. Il campanile assieme alla statua di S.Eufemia (alta 4,70 m) \u00e8 il pi\u00f9 alto dell&#8217;Istria supera i 62 m d&#8217;altezza mentre la larghezza base \u00e8 di 8,66 m.<\/p>\n<p>Appena qui, sulla sommit\u00e0 del colle, ai piedi della chiesa di S.Eufemia, si \u00e8 consapevoli della bellezza che ci circonda: lo sguardo si perde nell&#8217;infinito blu del mare a nord fino allo splendido arcipelago delle Brioni; mentre dal lontano nord-ovest emergono le Prealpi.<\/p>","protected":false},"excerpt":{"rendered":"<p>Il Duomo di S.Eufemia, tipico esempio di barocco veneziano, si innalza, con elegante imponenza alla sommit\u00e0 del nucleo storico. La lunghezza della chiesa \u00e8 di 51 metri la larghezza 30; la nave mediana \u00e8 alta 17 metri le navi laterali sono alte dieci metri. La chiesa primitiva dedicata a S.Giorgio ed eretta in epoca tardo [&hellip;]<\/p>\n","protected":false},"author":2,"featured_media":0,"parent":182,"menu_order":47,"comment_status":"closed","ping_status":"closed","template":"","meta":[],"yoast_head":"<!-- This site is optimized with the Yoast SEO plugin v21.8.1 - https:\/\/yoast.com\/wordpress\/plugins\/seo\/ -->\n<title>Il Duomo di S.Eufemia - Citta di Rovinj-Rovigno<\/title>\n<meta name=\"robots\" content=\"index, follow, max-snippet:-1, max-image-preview:large, max-video-preview:-1\" \/>\n<link rel=\"canonical\" href=\"https:\/\/www.rovinj-rovigno.hr\/o-rovinju\/kulturne-znamenitosti\/crkva-sv-eufemije\/\" \/>\n<meta property=\"og:locale\" content=\"it_IT\" \/>\n<meta property=\"og:type\" content=\"article\" \/>\n<meta property=\"og:title\" content=\"Il Duomo di S.Eufemia - Citta di Rovinj-Rovigno\" \/>\n<meta property=\"og:description\" content=\"Il Duomo di S.Eufemia, tipico esempio di barocco veneziano, si innalza, con elegante imponenza alla sommit\u00e0 del nucleo storico. La lunghezza della chiesa \u00e8 di 51 metri la larghezza 30; la nave mediana \u00e8 alta 17 metri le navi laterali sono alte dieci metri. La chiesa primitiva dedicata a S.Giorgio ed eretta in epoca tardo [&hellip;]\" \/>\n<meta property=\"og:url\" content=\"https:\/\/www.rovinj-rovigno.hr\/o-rovinju\/kulturne-znamenitosti\/crkva-sv-eufemije\/\" \/>\n<meta property=\"og:site_name\" content=\"Citta di Rovinj-Rovigno\" \/>\n<meta property=\"article:modified_time\" content=\"2026-01-07T12:11:13+00:00\" \/>\n<meta name=\"twitter:card\" content=\"summary_large_image\" \/>\n<meta name=\"twitter:label1\" content=\"Tempo di lettura stimato\" \/>\n\t<meta name=\"twitter:data1\" content=\"6 minuti\" \/>\n<script type=\"application\/ld+json\" class=\"yoast-schema-graph\">{\"@context\":\"https:\/\/schema.org\",\"@graph\":[{\"@type\":\"WebPage\",\"@id\":\"https:\/\/www.rovinj-rovigno.hr\/o-rovinju\/kulturne-znamenitosti\/crkva-sv-eufemije\/\",\"url\":\"https:\/\/www.rovinj-rovigno.hr\/o-rovinju\/kulturne-znamenitosti\/crkva-sv-eufemije\/\",\"name\":\"Il Duomo di S.Eufemia - Citta di Rovinj-Rovigno\",\"isPartOf\":{\"@id\":\"https:\/\/www.rovinj-rovigno.hr\/#website\"},\"datePublished\":\"2016-11-25T09:45:36+00:00\",\"dateModified\":\"2026-01-07T12:11:13+00:00\",\"breadcrumb\":{\"@id\":\"https:\/\/www.rovinj-rovigno.hr\/o-rovinju\/kulturne-znamenitosti\/crkva-sv-eufemije\/#breadcrumb\"},\"inLanguage\":\"it-IT\",\"potentialAction\":[{\"@type\":\"ReadAction\",\"target\":[\"https:\/\/www.rovinj-rovigno.hr\/o-rovinju\/kulturne-znamenitosti\/crkva-sv-eufemije\/\"]}]},{\"@type\":\"BreadcrumbList\",\"@id\":\"https:\/\/www.rovinj-rovigno.hr\/o-rovinju\/kulturne-znamenitosti\/crkva-sv-eufemije\/#breadcrumb\",\"itemListElement\":[{\"@type\":\"ListItem\",\"position\":1,\"name\":\"Po\u010detna stranica\",\"item\":\"https:\/\/www.rovinj-rovigno.hr\/\"},{\"@type\":\"ListItem\",\"position\":2,\"name\":\"O Rovinju\",\"item\":\"https:\/\/www.rovinj-rovigno.hr\/o-rovinju\/\"},{\"@type\":\"ListItem\",\"position\":3,\"name\":\"Kulturne znamenitosti\",\"item\":\"https:\/\/www.rovinj-rovigno.hr\/o-rovinju\/kulturne-znamenitosti\/\"},{\"@type\":\"ListItem\",\"position\":4,\"name\":\"Crkva Sv. Eufemije\"}]},{\"@type\":\"WebSite\",\"@id\":\"https:\/\/www.rovinj-rovigno.hr\/#website\",\"url\":\"https:\/\/www.rovinj-rovigno.hr\/\",\"name\":\"Citta di Rovinj-Rovigno\",\"description\":\"Sito ufficiale della Citta di Rovinj-Rovigno\",\"potentialAction\":[{\"@type\":\"SearchAction\",\"target\":{\"@type\":\"EntryPoint\",\"urlTemplate\":\"https:\/\/www.rovinj-rovigno.hr\/?s={search_term_string}\"},\"query-input\":\"required name=search_term_string\"}],\"inLanguage\":\"it-IT\"}]}<\/script>\n<!-- \/ Yoast SEO plugin. -->","yoast_head_json":{"title":"Il Duomo di S.Eufemia - Citta di Rovinj-Rovigno","robots":{"index":"index","follow":"follow","max-snippet":"max-snippet:-1","max-image-preview":"max-image-preview:large","max-video-preview":"max-video-preview:-1"},"canonical":"https:\/\/www.rovinj-rovigno.hr\/o-rovinju\/kulturne-znamenitosti\/crkva-sv-eufemije\/","og_locale":"it_IT","og_type":"article","og_title":"Il Duomo di S.Eufemia - Citta di Rovinj-Rovigno","og_description":"Il Duomo di S.Eufemia, tipico esempio di barocco veneziano, si innalza, con elegante imponenza alla sommit\u00e0 del nucleo storico. La lunghezza della chiesa \u00e8 di 51 metri la larghezza 30; la nave mediana \u00e8 alta 17 metri le navi laterali sono alte dieci metri. La chiesa primitiva dedicata a S.Giorgio ed eretta in epoca tardo [&hellip;]","og_url":"https:\/\/www.rovinj-rovigno.hr\/o-rovinju\/kulturne-znamenitosti\/crkva-sv-eufemije\/","og_site_name":"Citta di Rovinj-Rovigno","article_modified_time":"2026-01-07T12:11:13+00:00","twitter_card":"summary_large_image","twitter_misc":{"Tempo di lettura stimato":"6 minuti"},"schema":{"@context":"https:\/\/schema.org","@graph":[{"@type":"WebPage","@id":"https:\/\/www.rovinj-rovigno.hr\/o-rovinju\/kulturne-znamenitosti\/crkva-sv-eufemije\/","url":"https:\/\/www.rovinj-rovigno.hr\/o-rovinju\/kulturne-znamenitosti\/crkva-sv-eufemije\/","name":"Il Duomo di S.Eufemia - Citta di Rovinj-Rovigno","isPartOf":{"@id":"https:\/\/www.rovinj-rovigno.hr\/#website"},"datePublished":"2016-11-25T09:45:36+00:00","dateModified":"2026-01-07T12:11:13+00:00","breadcrumb":{"@id":"https:\/\/www.rovinj-rovigno.hr\/o-rovinju\/kulturne-znamenitosti\/crkva-sv-eufemije\/#breadcrumb"},"inLanguage":"it-IT","potentialAction":[{"@type":"ReadAction","target":["https:\/\/www.rovinj-rovigno.hr\/o-rovinju\/kulturne-znamenitosti\/crkva-sv-eufemije\/"]}]},{"@type":"BreadcrumbList","@id":"https:\/\/www.rovinj-rovigno.hr\/o-rovinju\/kulturne-znamenitosti\/crkva-sv-eufemije\/#breadcrumb","itemListElement":[{"@type":"ListItem","position":1,"name":"Po\u010detna stranica","item":"https:\/\/www.rovinj-rovigno.hr\/"},{"@type":"ListItem","position":2,"name":"O Rovinju","item":"https:\/\/www.rovinj-rovigno.hr\/o-rovinju\/"},{"@type":"ListItem","position":3,"name":"Kulturne znamenitosti","item":"https:\/\/www.rovinj-rovigno.hr\/o-rovinju\/kulturne-znamenitosti\/"},{"@type":"ListItem","position":4,"name":"Crkva Sv. Eufemije"}]},{"@type":"WebSite","@id":"https:\/\/www.rovinj-rovigno.hr\/#website","url":"https:\/\/www.rovinj-rovigno.hr\/","name":"Citta di Rovinj-Rovigno","description":"Sito ufficiale della Citta di Rovinj-Rovigno","potentialAction":[{"@type":"SearchAction","target":{"@type":"EntryPoint","urlTemplate":"https:\/\/www.rovinj-rovigno.hr\/?s={search_term_string}"},"query-input":"required name=search_term_string"}],"inLanguage":"it-IT"}]}},"_links":{"self":[{"href":"https:\/\/www.rovinj-rovigno.hr\/it\/wp-json\/wp\/v2\/pages\/304"}],"collection":[{"href":"https:\/\/www.rovinj-rovigno.hr\/it\/wp-json\/wp\/v2\/pages"}],"about":[{"href":"https:\/\/www.rovinj-rovigno.hr\/it\/wp-json\/wp\/v2\/types\/page"}],"author":[{"embeddable":true,"href":"https:\/\/www.rovinj-rovigno.hr\/it\/wp-json\/wp\/v2\/users\/2"}],"replies":[{"embeddable":true,"href":"https:\/\/www.rovinj-rovigno.hr\/it\/wp-json\/wp\/v2\/comments?post=304"}],"version-history":[{"count":1,"href":"https:\/\/www.rovinj-rovigno.hr\/it\/wp-json\/wp\/v2\/pages\/304\/revisions"}],"predecessor-version":[{"id":48898,"href":"https:\/\/www.rovinj-rovigno.hr\/it\/wp-json\/wp\/v2\/pages\/304\/revisions\/48898"}],"up":[{"embeddable":true,"href":"https:\/\/www.rovinj-rovigno.hr\/it\/wp-json\/wp\/v2\/pages\/182"}],"wp:attachment":[{"href":"https:\/\/www.rovinj-rovigno.hr\/it\/wp-json\/wp\/v2\/media?parent=304"}],"curies":[{"name":"wp","href":"https:\/\/api.w.org\/{rel}","templated":true}]}}