{"id":28474,"date":"2021-07-19T17:15:10","date_gmt":"2021-07-19T15:15:10","guid":{"rendered":"https:\/\/www.rovinj-rovigno.hr\/?page_id=28474"},"modified":"2025-02-19T09:22:35","modified_gmt":"2025-02-19T07:22:35","slug":"provedbeni-program-grada-rovinja-rovigno-razdoblje-2021-2025","status":"publish","type":"page","link":"https:\/\/www.rovinj-rovigno.hr\/it\/economia\/hrvatski-provedbeni-program-grada-rovinja-rovigno-za-razdoblje-od-2021-2025\/","title":{"rendered":"Programma d\u2019attuazione della Citt\u00e0 di Rovinj-Rovigno per il periodo 2021-2025"},"content":{"rendered":"<p><\/p>\n<ul>\n<li><a href=\"https:\/\/www.rovinj-rovigno.hr\/wp-content\/uploads\/2025\/01\/Odluka-o-izmjenama-i-dopunama-Provedbenog-programa-9.9.2024.pdf\">Odluka o izmjenama i dopunama Provedbenog programa &#8211; 9.9.2024<\/a><\/li>\n<li><a href=\"https:\/\/www.rovinj-rovigno.hr\/wp-content\/uploads\/2025\/01\/Prilog-1-Terminski-plan-izmjene-i-dopune-9.9.2024.pdf\">Prilog 1 &#8211; Terminski plan, izmjene i dopune &#8211; 9.9.2024.<\/a><\/li>\n<li><a href=\"https:\/\/www.rovinj-rovigno.hr\/wp-content\/uploads\/2025\/01\/Odluka-o-izmjenama-i-dopunama-Provedbenog-programa-19.1.2024.pdf\">Odluka o izmjenama i dopunama Provedbenog programa &#8211; 19.1.2024<\/a><\/li>\n<li><a href=\"https:\/\/www.rovinj-rovigno.hr\/wp-content\/uploads\/2025\/01\/Prilog-1-Terminski-plan-izmjene-i-dopune-19.1.2024.pdf\">Prilog 1 &#8211; Terminski plan, izmjene i dopune &#8211; 19.1.2024.<\/a><\/li>\n<li><a href=\"https:\/\/www.rovinj-rovigno.hr\/wp-content\/uploads\/2025\/01\/Odluka-o-izmjenama-i-dopunama-Provedbenog-programa-27.12.2023.pdf\">Odluka o izmjenama i dopunama Provedbenog programa &#8211; 27.12.2023<\/a><\/li>\n<li><a href=\"https:\/\/www.rovinj-rovigno.hr\/wp-content\/uploads\/2025\/01\/Prilog-1-Terminski-plan-izmjene-i-dopune-27.12.2023.pdf\">Prilog 1 &#8211; Terminski plan, izmjene i dopune &#8211; 27.12.2023.<\/a><\/li>\n<li><a href=\"https:\/\/www.rovinj-rovigno.hr\/wp-content\/uploads\/2025\/01\/Odluka-o-izmjenama-i-dopunama-provedbenog-programa-31.7.2023.pdf\">Odluka o izmjenama i dopunama provedbenog programa &#8211; 31.7.2023<\/a><\/li>\n<li><a href=\"https:\/\/www.rovinj-rovigno.hr\/wp-content\/uploads\/2025\/01\/Prilog-1-Terminski-plan-izmjene-i-dopune-31.7.2023.pdf\">Prilog 1 &#8211; Terminski plan, izmjene i dopune &#8211; 31.7.2023.<\/a><\/li>\n<li><a href=\"https:\/\/www.rovinj-rovigno.hr\/wp-content\/uploads\/2024\/01\/Godisnje-izvjesce-o-provedbi-Provedbenog-programa-Grada-Rovinja-Rovigno-za-2022.pdf\">Godi\u0161nje izvje\u0161\u0107e o provedbi Provedbenog programa Grada Rovinja-Rovigno za 2022.<\/a><\/li>\n<li><a href=\"https:\/\/www.rovinj-rovigno.hr\/wp-content\/uploads\/2024\/01\/Prilog-1.-Godisnje-izvjesce-2022.-tablicni-prikaz.pdf\">Prilog 1. &#8211; Godi\u0161nje izvje\u0161\u0107e 2022. &#8211; tabli\u010dni prikaz<\/a><\/li>\n<li><a href=\"https:\/\/www.rovinj-rovigno.hr\/wp-content\/uploads\/2023\/08\/Odluka-o-izmjenama-i-dopunama-Provedbenog-programa-2021-2025-28.12.2022.pdf\">Odluka o izmjenama i dopunama Provedbenog programa 2021-2025 &#8211; 28.12.2022<\/a><\/li>\n<li><a href=\"https:\/\/www.rovinj-rovigno.hr\/wp-content\/uploads\/2023\/08\/Provedbeni-program-Grada-Rovinja-Rovigno-2021-2025-28.12.2022.pdf\">Provedbeni program Grada Rovinja-Rovigno 2021-2025 &#8211; 28.12.2022<\/a><\/li>\n<li><a href=\"https:\/\/www.rovinj-rovigno.hr\/wp-content\/uploads\/2023\/09\/Prilog-1-Terminski-plan-izmjene-i-dopune-28.12.2022.pdf\">Prilog 1 &#8211; Terminski, plan &#8211; izmjene i dopune &#8211; 28.12.2022<\/a><\/li>\n<li><a href=\"https:\/\/www.rovinj-rovigno.hr\/wp-content\/uploads\/2023\/08\/Odluka-o-izmjenama-i-dopunama-Provedbenog-programa-2.11.2022.pdf\">Odluka o izmjenama i dopunama Provedbenog programa &#8211; 2.11.2022<\/a><\/li>\n<li><a href=\"https:\/\/www.rovinj-rovigno.hr\/wp-content\/uploads\/2023\/08\/PROVEDBENI-PROGRAM-GRADA-ROVINJA-2021-2025-izmjene-i-dopune-2.11.2022.pdf\">PROVEDBENI PROGRAM GRADA ROVINJA 2021-2025 &#8211; izmjene i dopune 2.11.2022<\/a><\/li>\n<li><a href=\"https:\/\/www.rovinj-rovigno.hr\/wp-content\/uploads\/2023\/09\/Prilog-1-Terminski-plan-izmjene-i-dopune-2.11.2022.pdf\">Prilog 1 &#8211; Terminski plan &#8211; izmjnene i dopune &#8211; 2.11.2022<\/a><\/li>\n<li><a href=\"https:\/\/www.rovinj-rovigno.hr\/wp-content\/uploads\/2023\/07\/Prilog-1-Terminski-akcijski-i-financijski-plan-provedbe-mjera-izmjnene-i-dopune.pdf\" target=\"_blank\" rel=\"noopener\">Polugodi\u0161nje izvje\u0161\u0107e o provedbi provedbenog programa Grada Rovinja-Rovigno za 2022<\/a><\/li>\n<li><a href=\"https:\/\/www.rovinj-rovigno.hr\/wp-content\/uploads\/2022\/11\/Prilog-1.-polugodi\u0161nje-izvje\u0161\u0107e-2022.-Tabli\u010dni-prikaz.pdf\">Prilog 1. polugodi\u0161nje izvje\u0161\u0107e 2022. &#8211; Tabli\u010dni prikaz<\/a><\/li>\n<li><a href=\"https:\/\/www.rovinj-rovigno.hr\/wp-content\/uploads\/2022\/03\/Provedbeni-Program-Grada-Rovinja-Rovigno-za-razdoblje-2021.-2025..pdf\">Provedbeni Program Grada Rovinja-Rovigno za razdoblje 2021.-2025.<\/a><\/li>\n<li><a href=\"https:\/\/www.rovinj-rovigno.hr\/wp-content\/uploads\/2022\/03\/PRILOG-1-Terminski-akcijski-i-financijski-plan-provedbe-razvojnih-mjera.pdf\">PRILOG 1- Terminski akcijski i financijski plan provedbe razvojnih mjera<\/a><\/li>\n<li><a href=\"https:\/\/www.rovinj-rovigno.hr\/wp-content\/uploads\/2021\/10\/PRILOG-2-Komunikacijska-strategija-i-komunikacijski-akcijski-plan.pdf\">PRILOG 2 &#8211; Komunikacijska strategija i komunikacijski akcijski plan<\/a><\/li>\n<li><a href=\"https:\/\/www.rovinj-rovigno.hr\/wp-content\/uploads\/2021\/10\/Izvje\u0161\u0107e-o-provedenom-savjetovanju-s-javno\u0161\u0107u-Provedbeni-program.pdf\">Izvje\u0161\u0107e o provedenom savjetovanju s javno\u0161\u0107u &#8211; Provedbeni program<\/a><\/li>\n<li><a href=\"https:\/\/www.rovinj-rovigno.hr\/wp-content\/uploads\/2021\/07\/Odluka-za-GV-Provedbeni-Program.doc\" target=\"_blank\" rel=\"noopener\">Odluku o pokretanju postupka izrade Provedbenog programa Grada Rovinj-Rovigno za razdoblje od 2021-2025 (Klasa: 302-01\/21-01\/9; Urbroj:2171-01-01\/1-21-5 od 23.o\u017eujka 2021.)\u00a0<\/a><\/li>\n<li><a href=\"https:\/\/www.rovinj-rovigno.hr\/wp-content\/uploads\/2021\/07\/Odluka-o-imeno.-Radne-skupine.doc\" target=\"_blank\" rel=\"noopener\">Odluku o imenovanju Radne skupine za pripremu i provo\u0111enje Provedbenog programa<\/a><\/li>\n<\/ul>\n<p><\/p>","protected":false},"excerpt":{"rendered":"<p>Odluka o izmjenama i dopunama Provedbenog programa &#8211; 9.9.2024 Prilog 1 &#8211; Terminski plan, izmjene i dopune &#8211; 9.9.2024. Odluka o izmjenama i dopunama Provedbenog programa &#8211; 19.1.2024 Prilog 1 &#8211; Terminski plan, izmjene i dopune &#8211; 19.1.2024. Odluka o izmjenama i dopunama Provedbenog programa &#8211; 27.12.2023 Prilog 1 &#8211; Terminski plan, izmjene i dopune [&hellip;]<\/p>\n","protected":false},"author":2,"featured_media":0,"parent":19,"menu_order":3,"comment_status":"closed","ping_status":"closed","template":"","meta":[],"yoast_head":"<!-- This site is optimized with the Yoast SEO plugin v21.8.1 - https:\/\/yoast.com\/wordpress\/plugins\/seo\/ -->\n<title>Programma d\u2019attuazione della Citt\u00e0 di Rovinj-Rovigno per il periodo 2021-2025 - Citta di Rovinj-Rovigno<\/title>\n<meta name=\"robots\" content=\"index, follow, max-snippet:-1, max-image-preview:large, max-video-preview:-1\" \/>\n<link rel=\"canonical\" href=\"https:\/\/www.rovinj-rovigno.hr\/gospodarstvo\/provedbeni-program-grada-rovinja-rovigno-za-razdoblje-od-2021-2025\/\" \/>\n<meta property=\"og:locale\" content=\"it_IT\" \/>\n<meta property=\"og:type\" content=\"article\" \/>\n<meta property=\"og:title\" content=\"Programma d\u2019attuazione della Citt\u00e0 di Rovinj-Rovigno per il periodo 2021-2025 - Citta di Rovinj-Rovigno\" \/>\n<meta property=\"og:description\" content=\"Odluka o izmjenama i dopunama Provedbenog programa &#8211; 9.9.2024 Prilog 1 &#8211; Terminski plan, izmjene i dopune &#8211; 9.9.2024. Odluka o izmjenama i dopunama Provedbenog programa &#8211; 19.1.2024 Prilog 1 &#8211; Terminski plan, izmjene i dopune &#8211; 19.1.2024. Odluka o izmjenama i dopunama Provedbenog programa &#8211; 27.12.2023 Prilog 1 &#8211; Terminski plan, izmjene i dopune [&hellip;]\" \/>\n<meta property=\"og:url\" content=\"https:\/\/www.rovinj-rovigno.hr\/gospodarstvo\/provedbeni-program-grada-rovinja-rovigno-za-razdoblje-od-2021-2025\/\" \/>\n<meta property=\"og:site_name\" content=\"Citta di Rovinj-Rovigno\" \/>\n<meta property=\"article:modified_time\" content=\"2025-02-19T07:22:35+00:00\" \/>\n<meta name=\"twitter:card\" content=\"summary_large_image\" \/>\n<meta name=\"twitter:label1\" content=\"Tempo di lettura stimato\" \/>\n\t<meta name=\"twitter:data1\" content=\"2 minuti\" \/>\n<script type=\"application\/ld+json\" class=\"yoast-schema-graph\">{\"@context\":\"https:\/\/schema.org\",\"@graph\":[{\"@type\":\"WebPage\",\"@id\":\"https:\/\/www.rovinj-rovigno.hr\/gospodarstvo\/provedbeni-program-grada-rovinja-rovigno-za-razdoblje-od-2021-2025\/\",\"url\":\"https:\/\/www.rovinj-rovigno.hr\/gospodarstvo\/provedbeni-program-grada-rovinja-rovigno-za-razdoblje-od-2021-2025\/\",\"name\":\"Programma d\u2019attuazione della Citt\u00e0 di Rovinj-Rovigno per il periodo 2021-2025 - Citta di Rovinj-Rovigno\",\"isPartOf\":{\"@id\":\"https:\/\/www.rovinj-rovigno.hr\/#website\"},\"datePublished\":\"2021-07-19T15:15:10+00:00\",\"dateModified\":\"2025-02-19T07:22:35+00:00\",\"breadcrumb\":{\"@id\":\"https:\/\/www.rovinj-rovigno.hr\/gospodarstvo\/provedbeni-program-grada-rovinja-rovigno-za-razdoblje-od-2021-2025\/#breadcrumb\"},\"inLanguage\":\"it-IT\",\"potentialAction\":[{\"@type\":\"ReadAction\",\"target\":[\"https:\/\/www.rovinj-rovigno.hr\/gospodarstvo\/provedbeni-program-grada-rovinja-rovigno-za-razdoblje-od-2021-2025\/\"]}]},{\"@type\":\"BreadcrumbList\",\"@id\":\"https:\/\/www.rovinj-rovigno.hr\/gospodarstvo\/provedbeni-program-grada-rovinja-rovigno-za-razdoblje-od-2021-2025\/#breadcrumb\",\"itemListElement\":[{\"@type\":\"ListItem\",\"position\":1,\"name\":\"Po\u010detna stranica\",\"item\":\"https:\/\/www.rovinj-rovigno.hr\/\"},{\"@type\":\"ListItem\",\"position\":2,\"name\":\"Economia\",\"item\":\"https:\/\/www.rovinj-rovigno.hr\/it\/economia\/\"},{\"@type\":\"ListItem\",\"position\":3,\"name\":\"Provedbeni program Grada Rovinja-Rovigno za razdoblje od 2021-2025\"}]},{\"@type\":\"WebSite\",\"@id\":\"https:\/\/www.rovinj-rovigno.hr\/#website\",\"url\":\"https:\/\/www.rovinj-rovigno.hr\/\",\"name\":\"Citta di Rovinj-Rovigno\",\"description\":\"Sito ufficiale della Citta di Rovinj-Rovigno\",\"potentialAction\":[{\"@type\":\"SearchAction\",\"target\":{\"@type\":\"EntryPoint\",\"urlTemplate\":\"https:\/\/www.rovinj-rovigno.hr\/?s={search_term_string}\"},\"query-input\":\"required name=search_term_string\"}],\"inLanguage\":\"it-IT\"}]}<\/script>\n<!-- \/ Yoast SEO plugin. -->","yoast_head_json":{"title":"Programma d\u2019attuazione della Citt\u00e0 di Rovinj-Rovigno per il periodo 2021-2025 - Citta di Rovinj-Rovigno","robots":{"index":"index","follow":"follow","max-snippet":"max-snippet:-1","max-image-preview":"max-image-preview:large","max-video-preview":"max-video-preview:-1"},"canonical":"https:\/\/www.rovinj-rovigno.hr\/gospodarstvo\/provedbeni-program-grada-rovinja-rovigno-za-razdoblje-od-2021-2025\/","og_locale":"it_IT","og_type":"article","og_title":"Programma d\u2019attuazione della Citt\u00e0 di Rovinj-Rovigno per il periodo 2021-2025 - Citta di Rovinj-Rovigno","og_description":"Odluka o izmjenama i dopunama Provedbenog programa &#8211; 9.9.2024 Prilog 1 &#8211; Terminski plan, izmjene i dopune &#8211; 9.9.2024. Odluka o izmjenama i dopunama Provedbenog programa &#8211; 19.1.2024 Prilog 1 &#8211; Terminski plan, izmjene i dopune &#8211; 19.1.2024. Odluka o izmjenama i dopunama Provedbenog programa &#8211; 27.12.2023 Prilog 1 &#8211; Terminski plan, izmjene i dopune [&hellip;]","og_url":"https:\/\/www.rovinj-rovigno.hr\/gospodarstvo\/provedbeni-program-grada-rovinja-rovigno-za-razdoblje-od-2021-2025\/","og_site_name":"Citta di Rovinj-Rovigno","article_modified_time":"2025-02-19T07:22:35+00:00","twitter_card":"summary_large_image","twitter_misc":{"Tempo di lettura stimato":"2 minuti"},"schema":{"@context":"https:\/\/schema.org","@graph":[{"@type":"WebPage","@id":"https:\/\/www.rovinj-rovigno.hr\/gospodarstvo\/provedbeni-program-grada-rovinja-rovigno-za-razdoblje-od-2021-2025\/","url":"https:\/\/www.rovinj-rovigno.hr\/gospodarstvo\/provedbeni-program-grada-rovinja-rovigno-za-razdoblje-od-2021-2025\/","name":"Programma d\u2019attuazione della Citt\u00e0 di Rovinj-Rovigno per il periodo 2021-2025 - Citta di Rovinj-Rovigno","isPartOf":{"@id":"https:\/\/www.rovinj-rovigno.hr\/#website"},"datePublished":"2021-07-19T15:15:10+00:00","dateModified":"2025-02-19T07:22:35+00:00","breadcrumb":{"@id":"https:\/\/www.rovinj-rovigno.hr\/gospodarstvo\/provedbeni-program-grada-rovinja-rovigno-za-razdoblje-od-2021-2025\/#breadcrumb"},"inLanguage":"it-IT","potentialAction":[{"@type":"ReadAction","target":["https:\/\/www.rovinj-rovigno.hr\/gospodarstvo\/provedbeni-program-grada-rovinja-rovigno-za-razdoblje-od-2021-2025\/"]}]},{"@type":"BreadcrumbList","@id":"https:\/\/www.rovinj-rovigno.hr\/gospodarstvo\/provedbeni-program-grada-rovinja-rovigno-za-razdoblje-od-2021-2025\/#breadcrumb","itemListElement":[{"@type":"ListItem","position":1,"name":"Po\u010detna stranica","item":"https:\/\/www.rovinj-rovigno.hr\/"},{"@type":"ListItem","position":2,"name":"Economia","item":"https:\/\/www.rovinj-rovigno.hr\/it\/economia\/"},{"@type":"ListItem","position":3,"name":"Provedbeni program Grada Rovinja-Rovigno za razdoblje od 2021-2025"}]},{"@type":"WebSite","@id":"https:\/\/www.rovinj-rovigno.hr\/#website","url":"https:\/\/www.rovinj-rovigno.hr\/","name":"Citta di Rovinj-Rovigno","description":"Sito ufficiale della Citta di Rovinj-Rovigno","potentialAction":[{"@type":"SearchAction","target":{"@type":"EntryPoint","urlTemplate":"https:\/\/www.rovinj-rovigno.hr\/?s={search_term_string}"},"query-input":"required name=search_term_string"}],"inLanguage":"it-IT"}]}},"_links":{"self":[{"href":"https:\/\/www.rovinj-rovigno.hr\/it\/wp-json\/wp\/v2\/pages\/28474"}],"collection":[{"href":"https:\/\/www.rovinj-rovigno.hr\/it\/wp-json\/wp\/v2\/pages"}],"about":[{"href":"https:\/\/www.rovinj-rovigno.hr\/it\/wp-json\/wp\/v2\/types\/page"}],"author":[{"embeddable":true,"href":"https:\/\/www.rovinj-rovigno.hr\/it\/wp-json\/wp\/v2\/users\/2"}],"replies":[{"embeddable":true,"href":"https:\/\/www.rovinj-rovigno.hr\/it\/wp-json\/wp\/v2\/comments?post=28474"}],"version-history":[{"count":0,"href":"https:\/\/www.rovinj-rovigno.hr\/it\/wp-json\/wp\/v2\/pages\/28474\/revisions"}],"up":[{"embeddable":true,"href":"https:\/\/www.rovinj-rovigno.hr\/it\/wp-json\/wp\/v2\/pages\/19"}],"wp:attachment":[{"href":"https:\/\/www.rovinj-rovigno.hr\/it\/wp-json\/wp\/v2\/media?parent=28474"}],"curies":[{"name":"wp","href":"https:\/\/api.w.org\/{rel}","templated":true}]}}