{"id":239,"date":"2016-11-22T09:30:08","date_gmt":"2016-11-22T09:30:08","guid":{"rendered":"http:\/\/rovinjhr.lin53.host25.com\/?page_id=239"},"modified":"2025-11-03T11:51:19","modified_gmt":"2025-11-03T09:51:19","slug":"gradska-uprava","status":"publish","type":"page","link":"https:\/\/www.rovinj-rovigno.hr\/it\/amministrazione-cittadina-e-organizzazione\/hrvatski-gradska-uprava\/","title":{"rendered":"Amministrazione cittadina"},"content":{"rendered":"<p><strong><a href=\"https:\/\/www.rovinj-rovigno.hr\/wp-content\/uploads\/2016\/11\/organizaciona-shema_it.jpg\">Organismi amministrativi<\/a><br \/>\n<\/strong><\/p>\n<p>Con la Delibera sulla struttura e la competenza dell\u2019ufficio e degli organismi amministrativi della Citt\u00e0 di Rovinj-Rovigno, il lavoro dell&#8217;amministrazione municipale \u00e8 organizzato nei seguenti uffici e servizi:<\/p>\n<ol>\n<li>Ufficio del Consiglio municipale e del sindaco<\/li>\n<li>Settore amministrativo per le finanze, il bilancio e la riscossione di introiti<\/li>\n<li>Settore amministrativo per la pianificazione territoriale, la tutela dell&#8217;ambiente e il rilascio degli atti<\/li>\n<li>Settore amministrativo per la gestione del patrimonio e gli affari geodetici<\/li>\n<li>Settore amministrativo per gli affari sociali<\/li>\n<li>Il Settore amministrativo per gli affari comunali e l&#8217;edilizia<\/li>\n<li>Il Settore amministrativo per l&#8217;economia, gli appalti pubblici e i fondi europei<\/li>\n<\/ol>\n<p><strong>Dati generali della persona giuridica<\/strong><\/p>\n<table width=\"90%\">\n<tbody>\n<tr>\n<td>Denominazione UAL:<\/td>\n<td>CITT\u00c0 DI ROVINJ-ROVIGNO<\/td>\n<\/tr>\n<tr>\n<td>Indirizzo:<\/td>\n<td>Piazza Matteotti 2, 52210 Rovinj-Rovigno<\/td>\n<\/tr>\n<tr>\n<td>OIB<\/td>\n<td>25677819890<\/td>\n<\/tr>\n<tr>\n<td>MB<\/td>\n<td>2545918<\/td>\n<\/tr>\n<tr>\n<td>Cifra dell&#8217;attivit\u00e0<\/td>\n<td>8411 &#8211; affari generali dell&#8217;amministrazione pubblica<\/td>\n<\/tr>\n<tr>\n<td>Giro-conto<\/td>\n<td>2340009-1837400006 Bilancio Citt\u00e0 di Rovinj-Rovigno<\/td>\n<\/tr>\n<tr>\n<td>IBAN<\/td>\n<td>HR93 2340 0091 8374 0000 6<\/td>\n<\/tr>\n<tr>\n<td>SWIFT CODE:<\/td>\n<td>PBZGHR2X<\/td>\n<\/tr>\n<tr>\n<td>PDV ID<\/td>\n<td>HR25677819890<\/td>\n<\/tr>\n<tr>\n<td>Persona responsabile:<\/td>\n<td>Sindaco, Emil Nim\u010devi\u0107, prof.<\/td>\n<\/tr>\n<\/tbody>\n<\/table>\n<p>&nbsp;<\/p>\n<p><strong>Le parti si ricevono:<\/strong><br \/>\nLunedi e mercoledi:<br \/>\n8.30-11.30 e 12.00-14.00<br \/>\nGiovedi e venerdi:<br \/>\n8.30 \u2013 11.30<br \/>\nMartedi le parti non si ricevono.<\/p>\n<p><strong>Nel periodo dal<br \/>\n15.6. al 15.9. le parti si ricevono:<\/strong><br \/>\nLunedi e mercoledi:<br \/>\n8.00-11.00 e 11.30-14.00<br \/>\nGiovedi e venerdi:<br \/>\n8.00 \u2013 11.00<br \/>\nMartedi le parti non si ricevono.<\/p>\n<p>Amministrazione cittadina &#8211; 805 200<br \/>\nConsiglio municipale &#8211; 811 444, 805 206, fax 830 343<\/p>\n<p>&nbsp;<\/p>\n<h4>Ufficio del sindaco<\/h4>\n<p>Caposettore Maria \u010crnac Rocco, tel: 052\/805 230, fax: 052\/830 343<\/p>\n<hr \/>\n<h4>Settore amministrativo per le finanze, il bilancio e la riscossione di introiti<\/h4>\n<p>Caposettore Iva Vuljan Apollonio, tel: 052\/805-270<\/p>\n<hr \/>\n<h4>Settore amministrativo per l\u2019economia, gli appalti pubblici e i fondi europei<\/h4>\n<p>Caposettore Martina \u010ceki\u0107 Hek, tel 805 226<\/p>\n<hr \/>\n<h4>Settore amministrativo per gli affari sociali<\/h4>\n<p>Caposettore Edita So\u0161i\u0107 Bla\u017eevi\u0107, tel: 052\/805 234<\/p>\n<hr \/>\n<h4>Settore amministrativo per la pianificazione territoriale, la tutela dell\u2019ambiente e il rilascio degli atti<\/h4>\n<p>Caposettore Samanta Bari\u0107, tel: 052\/805-217<\/p>\n<hr \/>\n<h4>Settore amministrativo per la gestione del patrimonio e gli affari geodetici<\/h4>\n<p>S.a. Caposettore Nata\u0161a Poropat Paliaga, tel: 052\/805-259<\/p>\n<hr \/>\n<h4>Settore amministrativo per gli affari comunali e per l`edilizia<\/h4>\n<p>Caposettore Tanja Mi\u0161eta, tel: 052\/805-214<\/p>","protected":false},"excerpt":{"rendered":"<p>Organismi amministrativi Con la Delibera sulla struttura e la competenza dell\u2019ufficio e degli organismi amministrativi della Citt\u00e0 di Rovinj-Rovigno, il lavoro dell&#8217;amministrazione municipale \u00e8 organizzato nei seguenti uffici e servizi: Ufficio del Consiglio municipale e del sindaco Settore amministrativo per le finanze, il bilancio e la riscossione di introiti Settore amministrativo per la pianificazione territoriale, [&hellip;]<\/p>\n","protected":false},"author":2,"featured_media":0,"parent":16,"menu_order":54,"comment_status":"closed","ping_status":"closed","template":"","meta":[],"yoast_head":"<!-- This site is optimized with the Yoast SEO plugin v21.8.1 - https:\/\/yoast.com\/wordpress\/plugins\/seo\/ -->\n<title>Amministrazione cittadina - Citta di Rovinj-Rovigno<\/title>\n<meta name=\"robots\" content=\"index, follow, max-snippet:-1, max-image-preview:large, max-video-preview:-1\" \/>\n<link rel=\"canonical\" href=\"https:\/\/www.rovinj-rovigno.hr\/gradska-uprava-i-organizacija\/gradska-uprava\/\" \/>\n<meta property=\"og:locale\" content=\"it_IT\" \/>\n<meta property=\"og:type\" content=\"article\" \/>\n<meta property=\"og:title\" content=\"Amministrazione cittadina - Citta di Rovinj-Rovigno\" \/>\n<meta property=\"og:description\" content=\"Organismi amministrativi Con la Delibera sulla struttura e la competenza dell\u2019ufficio e degli organismi amministrativi della Citt\u00e0 di Rovinj-Rovigno, il lavoro dell&#8217;amministrazione municipale \u00e8 organizzato nei seguenti uffici e servizi: Ufficio del Consiglio municipale e del sindaco Settore amministrativo per le finanze, il bilancio e la riscossione di introiti Settore amministrativo per la pianificazione territoriale, [&hellip;]\" \/>\n<meta property=\"og:url\" content=\"https:\/\/www.rovinj-rovigno.hr\/gradska-uprava-i-organizacija\/gradska-uprava\/\" \/>\n<meta property=\"og:site_name\" content=\"Citta di Rovinj-Rovigno\" \/>\n<meta property=\"article:modified_time\" content=\"2025-11-03T09:51:19+00:00\" \/>\n<meta name=\"twitter:card\" content=\"summary_large_image\" \/>\n<meta name=\"twitter:label1\" content=\"Tempo di lettura stimato\" \/>\n\t<meta name=\"twitter:data1\" content=\"2 minuti\" \/>\n<script type=\"application\/ld+json\" class=\"yoast-schema-graph\">{\"@context\":\"https:\/\/schema.org\",\"@graph\":[{\"@type\":\"WebPage\",\"@id\":\"https:\/\/www.rovinj-rovigno.hr\/gradska-uprava-i-organizacija\/gradska-uprava\/\",\"url\":\"https:\/\/www.rovinj-rovigno.hr\/gradska-uprava-i-organizacija\/gradska-uprava\/\",\"name\":\"Amministrazione cittadina - Citta di Rovinj-Rovigno\",\"isPartOf\":{\"@id\":\"https:\/\/www.rovinj-rovigno.hr\/#website\"},\"datePublished\":\"2016-11-22T09:30:08+00:00\",\"dateModified\":\"2025-11-03T09:51:19+00:00\",\"breadcrumb\":{\"@id\":\"https:\/\/www.rovinj-rovigno.hr\/gradska-uprava-i-organizacija\/gradska-uprava\/#breadcrumb\"},\"inLanguage\":\"it-IT\",\"potentialAction\":[{\"@type\":\"ReadAction\",\"target\":[\"https:\/\/www.rovinj-rovigno.hr\/gradska-uprava-i-organizacija\/gradska-uprava\/\"]}]},{\"@type\":\"BreadcrumbList\",\"@id\":\"https:\/\/www.rovinj-rovigno.hr\/gradska-uprava-i-organizacija\/gradska-uprava\/#breadcrumb\",\"itemListElement\":[{\"@type\":\"ListItem\",\"position\":1,\"name\":\"Po\u010detna stranica\",\"item\":\"https:\/\/www.rovinj-rovigno.hr\/\"},{\"@type\":\"ListItem\",\"position\":2,\"name\":\"Gradska uprava i organizacija\",\"item\":\"https:\/\/www.rovinj-rovigno.hr\/gradska-uprava-i-organizacija\/\"},{\"@type\":\"ListItem\",\"position\":3,\"name\":\"Gradska uprava i organizacija\"}]},{\"@type\":\"WebSite\",\"@id\":\"https:\/\/www.rovinj-rovigno.hr\/#website\",\"url\":\"https:\/\/www.rovinj-rovigno.hr\/\",\"name\":\"Citta di Rovinj-Rovigno\",\"description\":\"Sito ufficiale della Citta di Rovinj-Rovigno\",\"potentialAction\":[{\"@type\":\"SearchAction\",\"target\":{\"@type\":\"EntryPoint\",\"urlTemplate\":\"https:\/\/www.rovinj-rovigno.hr\/?s={search_term_string}\"},\"query-input\":\"required name=search_term_string\"}],\"inLanguage\":\"it-IT\"}]}<\/script>\n<!-- \/ Yoast SEO plugin. -->","yoast_head_json":{"title":"Amministrazione cittadina - Citta di Rovinj-Rovigno","robots":{"index":"index","follow":"follow","max-snippet":"max-snippet:-1","max-image-preview":"max-image-preview:large","max-video-preview":"max-video-preview:-1"},"canonical":"https:\/\/www.rovinj-rovigno.hr\/gradska-uprava-i-organizacija\/gradska-uprava\/","og_locale":"it_IT","og_type":"article","og_title":"Amministrazione cittadina - Citta di Rovinj-Rovigno","og_description":"Organismi amministrativi Con la Delibera sulla struttura e la competenza dell\u2019ufficio e degli organismi amministrativi della Citt\u00e0 di Rovinj-Rovigno, il lavoro dell&#8217;amministrazione municipale \u00e8 organizzato nei seguenti uffici e servizi: Ufficio del Consiglio municipale e del sindaco Settore amministrativo per le finanze, il bilancio e la riscossione di introiti Settore amministrativo per la pianificazione territoriale, [&hellip;]","og_url":"https:\/\/www.rovinj-rovigno.hr\/gradska-uprava-i-organizacija\/gradska-uprava\/","og_site_name":"Citta di Rovinj-Rovigno","article_modified_time":"2025-11-03T09:51:19+00:00","twitter_card":"summary_large_image","twitter_misc":{"Tempo di lettura stimato":"2 minuti"},"schema":{"@context":"https:\/\/schema.org","@graph":[{"@type":"WebPage","@id":"https:\/\/www.rovinj-rovigno.hr\/gradska-uprava-i-organizacija\/gradska-uprava\/","url":"https:\/\/www.rovinj-rovigno.hr\/gradska-uprava-i-organizacija\/gradska-uprava\/","name":"Amministrazione cittadina - Citta di Rovinj-Rovigno","isPartOf":{"@id":"https:\/\/www.rovinj-rovigno.hr\/#website"},"datePublished":"2016-11-22T09:30:08+00:00","dateModified":"2025-11-03T09:51:19+00:00","breadcrumb":{"@id":"https:\/\/www.rovinj-rovigno.hr\/gradska-uprava-i-organizacija\/gradska-uprava\/#breadcrumb"},"inLanguage":"it-IT","potentialAction":[{"@type":"ReadAction","target":["https:\/\/www.rovinj-rovigno.hr\/gradska-uprava-i-organizacija\/gradska-uprava\/"]}]},{"@type":"BreadcrumbList","@id":"https:\/\/www.rovinj-rovigno.hr\/gradska-uprava-i-organizacija\/gradska-uprava\/#breadcrumb","itemListElement":[{"@type":"ListItem","position":1,"name":"Po\u010detna stranica","item":"https:\/\/www.rovinj-rovigno.hr\/"},{"@type":"ListItem","position":2,"name":"Gradska uprava i organizacija","item":"https:\/\/www.rovinj-rovigno.hr\/gradska-uprava-i-organizacija\/"},{"@type":"ListItem","position":3,"name":"Gradska uprava i organizacija"}]},{"@type":"WebSite","@id":"https:\/\/www.rovinj-rovigno.hr\/#website","url":"https:\/\/www.rovinj-rovigno.hr\/","name":"Citta di Rovinj-Rovigno","description":"Sito ufficiale della Citta di Rovinj-Rovigno","potentialAction":[{"@type":"SearchAction","target":{"@type":"EntryPoint","urlTemplate":"https:\/\/www.rovinj-rovigno.hr\/?s={search_term_string}"},"query-input":"required name=search_term_string"}],"inLanguage":"it-IT"}]}},"_links":{"self":[{"href":"https:\/\/www.rovinj-rovigno.hr\/it\/wp-json\/wp\/v2\/pages\/239"}],"collection":[{"href":"https:\/\/www.rovinj-rovigno.hr\/it\/wp-json\/wp\/v2\/pages"}],"about":[{"href":"https:\/\/www.rovinj-rovigno.hr\/it\/wp-json\/wp\/v2\/types\/page"}],"author":[{"embeddable":true,"href":"https:\/\/www.rovinj-rovigno.hr\/it\/wp-json\/wp\/v2\/users\/2"}],"replies":[{"embeddable":true,"href":"https:\/\/www.rovinj-rovigno.hr\/it\/wp-json\/wp\/v2\/comments?post=239"}],"version-history":[{"count":2,"href":"https:\/\/www.rovinj-rovigno.hr\/it\/wp-json\/wp\/v2\/pages\/239\/revisions"}],"predecessor-version":[{"id":48242,"href":"https:\/\/www.rovinj-rovigno.hr\/it\/wp-json\/wp\/v2\/pages\/239\/revisions\/48242"}],"up":[{"embeddable":true,"href":"https:\/\/www.rovinj-rovigno.hr\/it\/wp-json\/wp\/v2\/pages\/16"}],"wp:attachment":[{"href":"https:\/\/www.rovinj-rovigno.hr\/it\/wp-json\/wp\/v2\/media?parent=239"}],"curies":[{"name":"wp","href":"https:\/\/api.w.org\/{rel}","templated":true}]}}