{"id":237,"date":"2016-11-22T09:23:25","date_gmt":"2016-11-22T09:23:25","guid":{"rendered":"http:\/\/rovinjhr.lin53.host25.com\/?page_id=237"},"modified":"2023-06-21T10:44:32","modified_gmt":"2023-06-21T08:44:32","slug":"gradsko-vijece","status":"publish","type":"page","link":"https:\/\/www.rovinj-rovigno.hr\/it\/amministrazione-cittadina-e-organizzazione\/hrvatski-gradsko-vijece\/","title":{"rendered":"Consiglio municipale e i suoi organismi"},"content":{"rendered":"<p><span class=\"crvena\">Scrivete ai vostri consiglieri: <\/span><br \/>\n<a href=\"mailto:gradskovijece-consigliocittadino@rovinj-rovigno.hr\">gradskovijece-consigliocittadino@rovinj-rovigno.hr<\/a><\/p>\n<p>Il Consiglio municipale \u00e8 l\u2019organismo rappresentativo dei cittadini e l\u2019organismo dell\u2019autogoverno locale che, nell\u2019ambito dei propri diritti e doveri, emana gli atti ed espleta anche altri lavori in conformit\u00e0 alla legge e al presente Statuto.<\/p>\n<p>Il Consiglio municipale ha 16 consiglieri. I consiglieri del Consiglio municipale vengono eletti in base alle modalit\u00e0 e al procedimento stabiliti dalla legge. Il Consiglio municipale pu\u00f2 avere pi\u00f9 di 16 consiglieri qualora ci\u00f2 fosse necessario per assicurare un\u2019adeguata rappresentanza della comunit\u00e0 nazionale italiana nel Consiglio municipale in conformit\u00e0 alla legge. La funzione dei consiglieri \u00e8 onoraria e il loro mandato dura quattro anni.<\/p>\n<p>Il Consiglio municipale lavora riunito in seduta ed emana decisioni a maggioranza di voti dei consiglieri, se alla seduta presenzia la maggior parte del numero complessivo dei consiglieri.<\/p>\n<p>Lo Statuto, il bilancio, il conto consuntivo, il Regolamento di procedura del Consiglio municipale, la Delibera sull\u2019elezione del presidente e del vicepresidente del Consiglio municipale, del presidente e del vicepresidente della Giunta municipale e dei suoi membri, la delibera con la quale si esprime la sfiducia a tali organismi, ossia ai membri di tali organismi, vengono emanati dal Consiglio municipale a maggioranza dei voti di tutti i consiglieri. Con il Regolamento di procedura del Consiglio municipale si possono stabilire altre questioni delle quali si decide a maggioranza dei voti di tutti i consiglieri.<\/p>\n<p>Il Consiglio municipale costituisce comitati ed altri organismi di lavoro permanenti e provvisori aventi il compito di preparare e proporre decisioni di sua competenza ovvero di esercitare altri affari che vengono loro affidati.<br \/>\nsulla loro fondazione e dal Regolamento.<\/p>\n<h5>Articolo 65<\/h5>\n<h5>\u00a0\u00a0\u00a0\u00a0\u00a0\u00a0\u00a0\u00a0\u00a0\u00a0\u00a0 Il Consiglio municipale:<\/h5>\n<ol>\n<li>emana lo Statuto della Citt\u00e0 e decide delle sue modifiche, nonche\u2019 fornisce l\u2019interpretazione autentica del medesimo,<\/li>\n<li>emana il bilancio, la delibera sulla realizzazione del bilancio, il conto consuntivo e il resoconto semestrale sulla realizzazione del bilancio,<\/li>\n<li>emana la delibera sul finanziamento provvisorio nei casi previsti dalla legge,<\/li>\n<li>emana il Regolamento relativo al suo lavoro,<\/li>\n<li>emana le decisioni e gli altri atti generali che regolano le questioni inerenti le competenze di autogoverno della Citt\u00e0,<\/li>\n<li>esamina le questioni inerenti le competenze d\u2019autogoverno e stabilisce i programmi di sviluppo delle singole attivit\u00e0,<\/li>\n<li>fonda societ\u00e0 commerciali e istituzioni onde svolgere attivit\u00e0 economiche, sociali, comunali e di altro tipo d\u2019interesse per gli abitanti della Citt\u00e0, nonche\u2019 nomina i membri delle assemblee delle societ\u00e0 commerciali di propriet\u00e0 della Citt\u00e0 di Rovinj-Rovigno,<\/li>\n<li>decide in merito al modo di disporre del patrimonio cittadino e a tale scopo emana la delibera sulle condizioni, le modalit\u00e0 e il procedimento di gestione degli immobili di propriet\u00e0 della Citt\u00e0,<\/li>\n<li>decide sull\u2019ottenimento, la concessione delle garanzie, dei consensi d\u2019indebitamento, il gravamento e l\u2019alienazione dei beni mobili e immobili della Citt\u00e0 di Rovinj-Rovigno il cui valore complessivo supera lo 0,5% dell\u2019importo delle entrate senza introiti realizzati nell\u2019anno che precede l\u2019anno nel quale si decide dell\u2019ottenimento, della concessione delle garanzie, dei consensi d\u2019indebitamento, del gravamento e dell\u2019alienazione dei beni mobili e immobili, come pure dei beni mobili e immobili il cui singolo valore \u00e8 maggiore di 1.000.000 kune,<\/li>\n<li>elegge ed esonera il presidente e il vicepresidente del Consiglio, gli organismi di lavoro del Consiglio e nomina ed esonera anche altre persone previste dalla legge e da questo Statuto,<\/li>\n<li>concede i consensi preliminari agli statuti delle istituzioni, conformemente alle leggi oppure alle delibere sulla costituzione delle istituzioni,<\/li>\n<li>regola l\u2019ordinamento interno e vigila sul lavoro dell\u2019amministrazione municipale,<\/li>\n<li>indice il referendum locale,<\/li>\n<li>emana delibere sulla sottoscrizione di accordi di collaborazione con altre unit\u00e0 d\u2019autogoverno locale, conformemente alla legge,<\/li>\n<li>emana la delibera sui criteri, le modalit\u00e0 e il procedimento per il conferimento dei riconoscimenti pubblici e assegna detti riconoscimenti,<\/li>\n<li>emana altri atti singoli o generali che gli vengono posti in competenza in conformit\u00e0 alla legge, agli atti sublegali oppure al presente Statuto.<\/li>\n<\/ol>\n<p>Il Consiglio municipale pu\u00f2 conferire premi ed altri riconoscimenti pubblici a cittadini e persone giuridiche per meriti particolari in tutti i settori della vita economica e sociale d\u2019importanza per la citt\u00e0.<\/p>\n<p><a href=\"https:\/\/www.rovinj-rovigno.hr\/wp-content\/uploads\/2021\/06\/REGOLAMENTO-CM-2018.pdf\">Regolamento del Consiglio Municipale<\/a><\/p>\n<p><a href=\"https:\/\/www.rovinj-rovigno.hr\/wp-content\/uploads\/2021\/06\/Modifiche-e-integrazioni-al-Regolamento-del-CM.pdf\">Modifiche\u00a0e integrazioni al Regolamento del Consiglio Municipale<\/a><\/p>\n<p><a href=\"http:\/\/www.rovinj-rovigno.hr\/wp-content\/uploads\/2019\/07\/Obrazac-prisustvovanje-sjednici-GV-it.docx\">Richiesta per presenziare alla seduta del Consiglio municipale<\/a><\/p>","protected":false},"excerpt":{"rendered":"<p>Scrivete ai vostri consiglieri: gradskovijece-consigliocittadino@rovinj-rovigno.hr Il Consiglio municipale \u00e8 l\u2019organismo rappresentativo dei cittadini e l\u2019organismo dell\u2019autogoverno locale che, nell\u2019ambito dei propri diritti e doveri, emana gli atti ed espleta anche altri lavori in conformit\u00e0 alla legge e al presente Statuto. Il Consiglio municipale ha 16 consiglieri. I consiglieri del Consiglio municipale vengono eletti in base [&hellip;]<\/p>\n","protected":false},"author":2,"featured_media":0,"parent":16,"menu_order":51,"comment_status":"closed","ping_status":"closed","template":"","meta":[],"yoast_head":"<!-- This site is optimized with the Yoast SEO plugin v21.8.1 - https:\/\/yoast.com\/wordpress\/plugins\/seo\/ -->\n<title>Consiglio municipale e i suoi organismi - Citta di Rovinj-Rovigno<\/title>\n<meta name=\"robots\" content=\"index, follow, max-snippet:-1, max-image-preview:large, max-video-preview:-1\" \/>\n<link rel=\"canonical\" href=\"https:\/\/www.rovinj-rovigno.hr\/gradska-uprava-i-organizacija\/gradsko-vijece\/\" \/>\n<meta property=\"og:locale\" content=\"it_IT\" \/>\n<meta property=\"og:type\" content=\"article\" \/>\n<meta property=\"og:title\" content=\"Consiglio municipale e i suoi organismi - Citta di Rovinj-Rovigno\" \/>\n<meta property=\"og:description\" content=\"Scrivete ai vostri consiglieri: gradskovijece-consigliocittadino@rovinj-rovigno.hr Il Consiglio municipale \u00e8 l\u2019organismo rappresentativo dei cittadini e l\u2019organismo dell\u2019autogoverno locale che, nell\u2019ambito dei propri diritti e doveri, emana gli atti ed espleta anche altri lavori in conformit\u00e0 alla legge e al presente Statuto. Il Consiglio municipale ha 16 consiglieri. I consiglieri del Consiglio municipale vengono eletti in base [&hellip;]\" \/>\n<meta property=\"og:url\" content=\"https:\/\/www.rovinj-rovigno.hr\/gradska-uprava-i-organizacija\/gradsko-vijece\/\" \/>\n<meta property=\"og:site_name\" content=\"Citta di Rovinj-Rovigno\" \/>\n<meta property=\"article:modified_time\" content=\"2023-06-21T08:44:32+00:00\" \/>\n<meta name=\"twitter:card\" content=\"summary_large_image\" \/>\n<meta name=\"twitter:label1\" content=\"Tempo di lettura stimato\" \/>\n\t<meta name=\"twitter:data1\" content=\"3 minuti\" \/>\n<script type=\"application\/ld+json\" class=\"yoast-schema-graph\">{\"@context\":\"https:\/\/schema.org\",\"@graph\":[{\"@type\":\"WebPage\",\"@id\":\"https:\/\/www.rovinj-rovigno.hr\/gradska-uprava-i-organizacija\/gradsko-vijece\/\",\"url\":\"https:\/\/www.rovinj-rovigno.hr\/gradska-uprava-i-organizacija\/gradsko-vijece\/\",\"name\":\"Consiglio municipale e i suoi organismi - Citta di Rovinj-Rovigno\",\"isPartOf\":{\"@id\":\"https:\/\/www.rovinj-rovigno.hr\/#website\"},\"datePublished\":\"2016-11-22T09:23:25+00:00\",\"dateModified\":\"2023-06-21T08:44:32+00:00\",\"breadcrumb\":{\"@id\":\"https:\/\/www.rovinj-rovigno.hr\/gradska-uprava-i-organizacija\/gradsko-vijece\/#breadcrumb\"},\"inLanguage\":\"it-IT\",\"potentialAction\":[{\"@type\":\"ReadAction\",\"target\":[\"https:\/\/www.rovinj-rovigno.hr\/gradska-uprava-i-organizacija\/gradsko-vijece\/\"]}]},{\"@type\":\"BreadcrumbList\",\"@id\":\"https:\/\/www.rovinj-rovigno.hr\/gradska-uprava-i-organizacija\/gradsko-vijece\/#breadcrumb\",\"itemListElement\":[{\"@type\":\"ListItem\",\"position\":1,\"name\":\"Po\u010detna stranica\",\"item\":\"https:\/\/www.rovinj-rovigno.hr\/\"},{\"@type\":\"ListItem\",\"position\":2,\"name\":\"Gradska uprava i organizacija\",\"item\":\"https:\/\/www.rovinj-rovigno.hr\/gradska-uprava-i-organizacija\/\"},{\"@type\":\"ListItem\",\"position\":3,\"name\":\"Gradsko vije\u0107e\"}]},{\"@type\":\"WebSite\",\"@id\":\"https:\/\/www.rovinj-rovigno.hr\/#website\",\"url\":\"https:\/\/www.rovinj-rovigno.hr\/\",\"name\":\"Citta di Rovinj-Rovigno\",\"description\":\"Sito ufficiale della Citta di Rovinj-Rovigno\",\"potentialAction\":[{\"@type\":\"SearchAction\",\"target\":{\"@type\":\"EntryPoint\",\"urlTemplate\":\"https:\/\/www.rovinj-rovigno.hr\/?s={search_term_string}\"},\"query-input\":\"required name=search_term_string\"}],\"inLanguage\":\"it-IT\"}]}<\/script>\n<!-- \/ Yoast SEO plugin. -->","yoast_head_json":{"title":"Consiglio municipale e i suoi organismi - Citta di Rovinj-Rovigno","robots":{"index":"index","follow":"follow","max-snippet":"max-snippet:-1","max-image-preview":"max-image-preview:large","max-video-preview":"max-video-preview:-1"},"canonical":"https:\/\/www.rovinj-rovigno.hr\/gradska-uprava-i-organizacija\/gradsko-vijece\/","og_locale":"it_IT","og_type":"article","og_title":"Consiglio municipale e i suoi organismi - Citta di Rovinj-Rovigno","og_description":"Scrivete ai vostri consiglieri: gradskovijece-consigliocittadino@rovinj-rovigno.hr Il Consiglio municipale \u00e8 l\u2019organismo rappresentativo dei cittadini e l\u2019organismo dell\u2019autogoverno locale che, nell\u2019ambito dei propri diritti e doveri, emana gli atti ed espleta anche altri lavori in conformit\u00e0 alla legge e al presente Statuto. Il Consiglio municipale ha 16 consiglieri. I consiglieri del Consiglio municipale vengono eletti in base [&hellip;]","og_url":"https:\/\/www.rovinj-rovigno.hr\/gradska-uprava-i-organizacija\/gradsko-vijece\/","og_site_name":"Citta di Rovinj-Rovigno","article_modified_time":"2023-06-21T08:44:32+00:00","twitter_card":"summary_large_image","twitter_misc":{"Tempo di lettura stimato":"3 minuti"},"schema":{"@context":"https:\/\/schema.org","@graph":[{"@type":"WebPage","@id":"https:\/\/www.rovinj-rovigno.hr\/gradska-uprava-i-organizacija\/gradsko-vijece\/","url":"https:\/\/www.rovinj-rovigno.hr\/gradska-uprava-i-organizacija\/gradsko-vijece\/","name":"Consiglio municipale e i suoi organismi - Citta di Rovinj-Rovigno","isPartOf":{"@id":"https:\/\/www.rovinj-rovigno.hr\/#website"},"datePublished":"2016-11-22T09:23:25+00:00","dateModified":"2023-06-21T08:44:32+00:00","breadcrumb":{"@id":"https:\/\/www.rovinj-rovigno.hr\/gradska-uprava-i-organizacija\/gradsko-vijece\/#breadcrumb"},"inLanguage":"it-IT","potentialAction":[{"@type":"ReadAction","target":["https:\/\/www.rovinj-rovigno.hr\/gradska-uprava-i-organizacija\/gradsko-vijece\/"]}]},{"@type":"BreadcrumbList","@id":"https:\/\/www.rovinj-rovigno.hr\/gradska-uprava-i-organizacija\/gradsko-vijece\/#breadcrumb","itemListElement":[{"@type":"ListItem","position":1,"name":"Po\u010detna stranica","item":"https:\/\/www.rovinj-rovigno.hr\/"},{"@type":"ListItem","position":2,"name":"Gradska uprava i organizacija","item":"https:\/\/www.rovinj-rovigno.hr\/gradska-uprava-i-organizacija\/"},{"@type":"ListItem","position":3,"name":"Gradsko vije\u0107e"}]},{"@type":"WebSite","@id":"https:\/\/www.rovinj-rovigno.hr\/#website","url":"https:\/\/www.rovinj-rovigno.hr\/","name":"Citta di Rovinj-Rovigno","description":"Sito ufficiale della Citta di Rovinj-Rovigno","potentialAction":[{"@type":"SearchAction","target":{"@type":"EntryPoint","urlTemplate":"https:\/\/www.rovinj-rovigno.hr\/?s={search_term_string}"},"query-input":"required name=search_term_string"}],"inLanguage":"it-IT"}]}},"_links":{"self":[{"href":"https:\/\/www.rovinj-rovigno.hr\/it\/wp-json\/wp\/v2\/pages\/237"}],"collection":[{"href":"https:\/\/www.rovinj-rovigno.hr\/it\/wp-json\/wp\/v2\/pages"}],"about":[{"href":"https:\/\/www.rovinj-rovigno.hr\/it\/wp-json\/wp\/v2\/types\/page"}],"author":[{"embeddable":true,"href":"https:\/\/www.rovinj-rovigno.hr\/it\/wp-json\/wp\/v2\/users\/2"}],"replies":[{"embeddable":true,"href":"https:\/\/www.rovinj-rovigno.hr\/it\/wp-json\/wp\/v2\/comments?post=237"}],"version-history":[{"count":0,"href":"https:\/\/www.rovinj-rovigno.hr\/it\/wp-json\/wp\/v2\/pages\/237\/revisions"}],"up":[{"embeddable":true,"href":"https:\/\/www.rovinj-rovigno.hr\/it\/wp-json\/wp\/v2\/pages\/16"}],"wp:attachment":[{"href":"https:\/\/www.rovinj-rovigno.hr\/it\/wp-json\/wp\/v2\/media?parent=237"}],"curies":[{"name":"wp","href":"https:\/\/api.w.org\/{rel}","templated":true}]}}