{"id":22723,"date":"2020-06-22T23:49:54","date_gmt":"2020-06-22T21:49:54","guid":{"rendered":"https:\/\/www.rovinj-rovigno.hr\/?page_id=22723"},"modified":"2021-10-01T12:13:14","modified_gmt":"2021-10-01T10:13:14","slug":"sanacija-zatvaranje-prvog-polja-odlagalista-komunalnog-otpada-lokva-vidotto","status":"publish","type":"page","link":"https:\/\/www.rovinj-rovigno.hr\/it\/strategie-e-progetti\/bonifica-e-chiusura-del-primo-campo-della-discarica-dei-rifiuti-comunali-laco-vidotto\/","title":{"rendered":"Bonifica e chiusura del primo campo della discarica dei rifiuti comunali Laco Vidotto"},"content":{"rendered":"<p>Al fine di ridurre gli effetti negativi e dannosi dei rifiuti sull&#8217;ambiente e sulla salute umana, la Citt\u00e0 di Rovinj-Rovigno ha avviato la bonifica e la chiusura del primo campo della discarica di rifiuti comunali &#8220;Laco Vidotto&#8221;. La dinamica dell\u2019esecuzione dei lavori si svolge secondo le scadenze concordate, pertanto sono state completate con successo le seguenti attivit\u00e0:<\/p>\n<ul>\n<li>Sono stati effettuati i lavori di sterro<\/li>\n<li>\u00c8 stata effettuata la pulizia del terreno circostante<\/li>\n<li>\u00c8 stato eseguito un ampio scavo dei rifiuti smaltiti<\/li>\n<li>\u00c8 stata eseguita la posa di materiali geo-sintetici sul corpo della discarica, e gli stessi sono stati rivestiti con un primo strato di ricoltivazione dello spessore di 30-50 cm<\/li>\n<li>\u00c8 stata realizzata una rete di idranti, sono stati installati gli idranti e i loro armadietti<\/li>\n<li>\u00c8 stata realizzata la rete di scolo delle acque piovane<\/li>\n<li>\u00c8 stato realizzato uno scarico assorbente<\/li>\n<\/ul>\n<p>Sono attualmente in atto gli studi sulla funzionalit\u00e0 della rete di idranti e della rete di scolo delle acque piovane, nonch\u00e9 la realizzazione della parte restante dello strato di ricoltivazione.<\/p>\n<p>Si tratta di una discarica che \u00e8 stata utilizzata dal 2001, e che \u00e8 stata chiusa in seguito all&#8217;apertura del Centro regionale per la gestione dei rifiuti Ka\u0161tijun, nel quale, attraverso la stazione di trasbordo Laco Vidotto confluivano tutti i rifiuti comunali misti raccolti dall&#8217;area della Citt\u00e0 di Rovinj-Rovigno, Bale-Valle, Canfanaro e Gimino.<\/p>\n<p>In quest\u2019area \u00e8 quindi prevista la costruzione di impianti di gestione dei rifiuti, la cui realizzazione si articola in sette fasi, di cui l&#8217;attuale si riferisce alla chiusura e alla bonifica del primo campo della discarica, il che prevede la formazione dei corpi di discarica, la mitigazione dei dislivelli e la riorganizzazione dei rifiuti in base alle quote di progetto, nonch\u00e9 la copertura della discarica con un sistema di copertura finale, come pure la realizzazione di un canale attorno al corpo della discarica, di un sistema di degasaggio passivo e di una parte della rete di idranti attorno alla discarica, nonch\u00e9 la sistemazione paesaggistica con bonifica e ricoltivazione biologica.<\/p>\n<p>La bonifica della discarica ridurr\u00e0 gli impatti negativi dei rifiuti sulle risorse naturali, in particolar modo quando si tratta di inquinamento delle acque superficiali e sotterranee, del suolo e dell&#8217;aria e dell&#8217;effetto dei gas serra; inoltre ridurr\u00e0 i rischi per la salute umana che potrebbero derivare dallo smaltimento dei rifiuti e dal periodo di attivit\u00e0 della discarica.<\/p>\n<p>Il valore stimato del progetto \u00e8 di 11.819.396,16 kune. I costi totali ammissibili sono al massimo di 10.545.896,16 kune, di cui l&#8217;importo di 8.964.011,74 kune (85%) \u00e8 costituito da sovvenzioni UE a fondo perduto approvate dal Ministero per la tutela dell&#8217;ambiente e l&#8217;energetica e dal Fondo per la tutela dell\u2019ambiente e l&#8217;efficienza energetica. L&#8217;importo rimanente di 1.581.884,42 kune (15%) \u00e8 cofinanziato dalla Citt\u00e0 di Rovinj-Rovigno. Il valore totale di tutti i servizi e i lavori di questa fase del progetto \u00e8 di 7.107.840,13 kune IVA inclusa. Il periodo stimato di durata del progetto \u00e8 dal 22 maggio 2019 al 31 dicembre 2020.<\/p>\n<p>I lavori sono eseguiti dalle ditte \u201cKostak\u201d e \u201cOpera Group\u201d, mentre la supervisione dei lavori \u00e8 stata affidata alla ditta \u201cU\u010dka Konzalting\u201d, il servizio di promozione e visibilit\u00e0 \u00e8 fornito dalla ditta \u201cPeternel grupa s.r.l.\u201d, mentre i servizi di amministrazione del progetto ed assistenza tecnica sono stati affidati alla ditta \u201cPontifex\u201d. Il completamento dei lavori \u00e8 previsto per novembre, mentre nel mese di dicembre verr\u00e0 ottenuto il permesso di utilizzo.<\/p>\n<ul>\n<li><a href=\"https:\/\/www.rovinj-rovigno.hr\/wp-content\/uploads\/2020\/06\/Lokva-logo.pdf\" target=\"_blank\" rel=\"noopener\">Lokva Vidotto &#8211; logo<\/a><\/li>\n<li><a href=\"https:\/\/www.rovinj-rovigno.hr\/wp-content\/uploads\/2020\/06\/lokva-Vidotto.pdf\" target=\"_blank\" rel=\"noopener\"><strong>Lokva Vidotto<\/strong><\/a><\/li>\n<li><a href=\"https:\/\/www.rovinj-rovigno.hr\/wp-content\/uploads\/2020\/06\/Prijava-g..pdf\" target=\"_blank\" rel=\"noopener\">Prijava<\/a><\/li>\n<li><a href=\"https:\/\/www.rovinj-rovigno.hr\/wp-content\/uploads\/2020\/07\/Zapo%C4%8Deli-radovi-na-sanaciji-odlagali%C5%A1ta-Lokva-Vidotto_29-06.docx\">Zapo\u010deli radovi na sanaciji odlagali\u0161ta &#8211; objava<\/a><\/li>\n<li><a href=\"https:\/\/www.rovinj-rovigno.hr\/wp-content\/uploads\/2021\/01\/Zavr\u0161eni-radovi-na-sanaciji-odlagali\u0161ta-Lokva-Vidotto.docx\">Zavr\u0161eni radovi na sanaciji odlagali\u0161ta Lokva Vidotto<\/a><\/li>\n<\/ul>\n<p>&nbsp;<\/p>\n<p><img decoding=\"async\" loading=\"lazy\" class=\"alignnone wp-image-24368\" src=\"https:\/\/www.rovinj-rovigno.hr\/wp-content\/uploads\/2020\/09\/Lokva-Vidotto-4-125x300.jpg\" alt=\"\" width=\"164\" height=\"394\" srcset=\"https:\/\/www.rovinj-rovigno.hr\/wp-content\/uploads\/2020\/09\/Lokva-Vidotto-4-125x300.jpg 125w, https:\/\/www.rovinj-rovigno.hr\/wp-content\/uploads\/2020\/09\/Lokva-Vidotto-4-768x1846.jpg 768w, https:\/\/www.rovinj-rovigno.hr\/wp-content\/uploads\/2020\/09\/Lokva-Vidotto-4-426x1024.jpg 426w, https:\/\/www.rovinj-rovigno.hr\/wp-content\/uploads\/2020\/09\/Lokva-Vidotto-4.jpg 832w\" sizes=\"(max-width: 164px) 100vw, 164px\" \/><\/p>","protected":false},"excerpt":{"rendered":"<p>Al fine di ridurre gli effetti negativi e dannosi dei rifiuti sull&#8217;ambiente e sulla salute umana, la Citt\u00e0 di Rovinj-Rovigno ha avviato la bonifica e la chiusura del primo campo della discarica di rifiuti comunali &#8220;Laco Vidotto&#8221;. La dinamica dell\u2019esecuzione dei lavori si svolge secondo le scadenze concordate, pertanto sono state completate con successo le [&hellip;]<\/p>\n","protected":false},"author":2,"featured_media":24368,"parent":25,"menu_order":17,"comment_status":"closed","ping_status":"closed","template":"","meta":[],"yoast_head":"<!-- This site is optimized with the Yoast SEO plugin v21.8.1 - https:\/\/yoast.com\/wordpress\/plugins\/seo\/ -->\n<title>Bonifica e chiusura del primo campo della discarica dei rifiuti comunali Laco Vidotto - Citta di Rovinj-Rovigno<\/title>\n<meta name=\"robots\" content=\"index, follow, max-snippet:-1, max-image-preview:large, max-video-preview:-1\" \/>\n<link rel=\"canonical\" href=\"https:\/\/www.rovinj-rovigno.hr\/strategije-i-projekti\/sanacija-i-zatvaranje-prvog-polja-odlagalista-komunalnog-otpada-lokva-vidotto\/\" \/>\n<meta property=\"og:locale\" content=\"it_IT\" \/>\n<meta property=\"og:type\" content=\"article\" \/>\n<meta property=\"og:title\" content=\"Bonifica e chiusura del primo campo della discarica dei rifiuti comunali Laco Vidotto - Citta di Rovinj-Rovigno\" \/>\n<meta property=\"og:description\" content=\"Al fine di ridurre gli effetti negativi e dannosi dei rifiuti sull&#8217;ambiente e sulla salute umana, la Citt\u00e0 di Rovinj-Rovigno ha avviato la bonifica e la chiusura del primo campo della discarica di rifiuti comunali &#8220;Laco Vidotto&#8221;. La dinamica dell\u2019esecuzione dei lavori si svolge secondo le scadenze concordate, pertanto sono state completate con successo le [&hellip;]\" \/>\n<meta property=\"og:url\" content=\"https:\/\/www.rovinj-rovigno.hr\/strategije-i-projekti\/sanacija-i-zatvaranje-prvog-polja-odlagalista-komunalnog-otpada-lokva-vidotto\/\" \/>\n<meta property=\"og:site_name\" content=\"Citta di Rovinj-Rovigno\" \/>\n<meta property=\"article:modified_time\" content=\"2021-10-01T10:13:14+00:00\" \/>\n<meta property=\"og:image\" content=\"https:\/\/www.rovinj-rovigno.hr\/wp-content\/uploads\/2020\/09\/Lokva-Vidotto-4.jpg\" \/>\n\t<meta property=\"og:image:width\" content=\"832\" \/>\n\t<meta property=\"og:image:height\" content=\"2000\" \/>\n\t<meta property=\"og:image:type\" content=\"image\/jpeg\" \/>\n<meta name=\"twitter:card\" content=\"summary_large_image\" \/>\n<meta name=\"twitter:label1\" content=\"Tempo di lettura stimato\" \/>\n\t<meta name=\"twitter:data1\" content=\"5 minuti\" \/>\n<script type=\"application\/ld+json\" class=\"yoast-schema-graph\">{\"@context\":\"https:\/\/schema.org\",\"@graph\":[{\"@type\":\"WebPage\",\"@id\":\"https:\/\/www.rovinj-rovigno.hr\/strategije-i-projekti\/sanacija-i-zatvaranje-prvog-polja-odlagalista-komunalnog-otpada-lokva-vidotto\/\",\"url\":\"https:\/\/www.rovinj-rovigno.hr\/strategije-i-projekti\/sanacija-i-zatvaranje-prvog-polja-odlagalista-komunalnog-otpada-lokva-vidotto\/\",\"name\":\"Bonifica e chiusura del primo campo della discarica dei rifiuti comunali Laco Vidotto - Citta di Rovinj-Rovigno\",\"isPartOf\":{\"@id\":\"https:\/\/www.rovinj-rovigno.hr\/#website\"},\"datePublished\":\"2020-06-22T21:49:54+00:00\",\"dateModified\":\"2021-10-01T10:13:14+00:00\",\"breadcrumb\":{\"@id\":\"https:\/\/www.rovinj-rovigno.hr\/strategije-i-projekti\/sanacija-i-zatvaranje-prvog-polja-odlagalista-komunalnog-otpada-lokva-vidotto\/#breadcrumb\"},\"inLanguage\":\"it-IT\",\"potentialAction\":[{\"@type\":\"ReadAction\",\"target\":[\"https:\/\/www.rovinj-rovigno.hr\/strategije-i-projekti\/sanacija-i-zatvaranje-prvog-polja-odlagalista-komunalnog-otpada-lokva-vidotto\/\"]}]},{\"@type\":\"BreadcrumbList\",\"@id\":\"https:\/\/www.rovinj-rovigno.hr\/strategije-i-projekti\/sanacija-i-zatvaranje-prvog-polja-odlagalista-komunalnog-otpada-lokva-vidotto\/#breadcrumb\",\"itemListElement\":[{\"@type\":\"ListItem\",\"position\":1,\"name\":\"Po\u010detna stranica\",\"item\":\"https:\/\/www.rovinj-rovigno.hr\/\"},{\"@type\":\"ListItem\",\"position\":2,\"name\":\"Strategije i projekti\",\"item\":\"https:\/\/www.rovinj-rovigno.hr\/strategije-i-projekti\/\"},{\"@type\":\"ListItem\",\"position\":3,\"name\":\"Sanacija i zatvaranje prvog polja odlagali\u0161ta Komunalnog otpada Lokva Vidotto\"}]},{\"@type\":\"WebSite\",\"@id\":\"https:\/\/www.rovinj-rovigno.hr\/#website\",\"url\":\"https:\/\/www.rovinj-rovigno.hr\/\",\"name\":\"Citta di Rovinj-Rovigno\",\"description\":\"Sito ufficiale della Citta di Rovinj-Rovigno\",\"potentialAction\":[{\"@type\":\"SearchAction\",\"target\":{\"@type\":\"EntryPoint\",\"urlTemplate\":\"https:\/\/www.rovinj-rovigno.hr\/?s={search_term_string}\"},\"query-input\":\"required name=search_term_string\"}],\"inLanguage\":\"it-IT\"}]}<\/script>\n<!-- \/ Yoast SEO plugin. -->","yoast_head_json":{"title":"Bonifica e chiusura del primo campo della discarica dei rifiuti comunali Laco Vidotto - Citta di Rovinj-Rovigno","robots":{"index":"index","follow":"follow","max-snippet":"max-snippet:-1","max-image-preview":"max-image-preview:large","max-video-preview":"max-video-preview:-1"},"canonical":"https:\/\/www.rovinj-rovigno.hr\/strategije-i-projekti\/sanacija-i-zatvaranje-prvog-polja-odlagalista-komunalnog-otpada-lokva-vidotto\/","og_locale":"it_IT","og_type":"article","og_title":"Bonifica e chiusura del primo campo della discarica dei rifiuti comunali Laco Vidotto - Citta di Rovinj-Rovigno","og_description":"Al fine di ridurre gli effetti negativi e dannosi dei rifiuti sull&#8217;ambiente e sulla salute umana, la Citt\u00e0 di Rovinj-Rovigno ha avviato la bonifica e la chiusura del primo campo della discarica di rifiuti comunali &#8220;Laco Vidotto&#8221;. La dinamica dell\u2019esecuzione dei lavori si svolge secondo le scadenze concordate, pertanto sono state completate con successo le [&hellip;]","og_url":"https:\/\/www.rovinj-rovigno.hr\/strategije-i-projekti\/sanacija-i-zatvaranje-prvog-polja-odlagalista-komunalnog-otpada-lokva-vidotto\/","og_site_name":"Citta di Rovinj-Rovigno","article_modified_time":"2021-10-01T10:13:14+00:00","og_image":[{"width":832,"height":2000,"url":"https:\/\/www.rovinj-rovigno.hr\/wp-content\/uploads\/2020\/09\/Lokva-Vidotto-4.jpg","type":"image\/jpeg"}],"twitter_card":"summary_large_image","twitter_misc":{"Tempo di lettura stimato":"5 minuti"},"schema":{"@context":"https:\/\/schema.org","@graph":[{"@type":"WebPage","@id":"https:\/\/www.rovinj-rovigno.hr\/strategije-i-projekti\/sanacija-i-zatvaranje-prvog-polja-odlagalista-komunalnog-otpada-lokva-vidotto\/","url":"https:\/\/www.rovinj-rovigno.hr\/strategije-i-projekti\/sanacija-i-zatvaranje-prvog-polja-odlagalista-komunalnog-otpada-lokva-vidotto\/","name":"Bonifica e chiusura del primo campo della discarica dei rifiuti comunali Laco Vidotto - Citta di Rovinj-Rovigno","isPartOf":{"@id":"https:\/\/www.rovinj-rovigno.hr\/#website"},"datePublished":"2020-06-22T21:49:54+00:00","dateModified":"2021-10-01T10:13:14+00:00","breadcrumb":{"@id":"https:\/\/www.rovinj-rovigno.hr\/strategije-i-projekti\/sanacija-i-zatvaranje-prvog-polja-odlagalista-komunalnog-otpada-lokva-vidotto\/#breadcrumb"},"inLanguage":"it-IT","potentialAction":[{"@type":"ReadAction","target":["https:\/\/www.rovinj-rovigno.hr\/strategije-i-projekti\/sanacija-i-zatvaranje-prvog-polja-odlagalista-komunalnog-otpada-lokva-vidotto\/"]}]},{"@type":"BreadcrumbList","@id":"https:\/\/www.rovinj-rovigno.hr\/strategije-i-projekti\/sanacija-i-zatvaranje-prvog-polja-odlagalista-komunalnog-otpada-lokva-vidotto\/#breadcrumb","itemListElement":[{"@type":"ListItem","position":1,"name":"Po\u010detna stranica","item":"https:\/\/www.rovinj-rovigno.hr\/"},{"@type":"ListItem","position":2,"name":"Strategije i projekti","item":"https:\/\/www.rovinj-rovigno.hr\/strategije-i-projekti\/"},{"@type":"ListItem","position":3,"name":"Sanacija i zatvaranje prvog polja odlagali\u0161ta Komunalnog otpada Lokva Vidotto"}]},{"@type":"WebSite","@id":"https:\/\/www.rovinj-rovigno.hr\/#website","url":"https:\/\/www.rovinj-rovigno.hr\/","name":"Citta di Rovinj-Rovigno","description":"Sito ufficiale della Citta di Rovinj-Rovigno","potentialAction":[{"@type":"SearchAction","target":{"@type":"EntryPoint","urlTemplate":"https:\/\/www.rovinj-rovigno.hr\/?s={search_term_string}"},"query-input":"required name=search_term_string"}],"inLanguage":"it-IT"}]}},"_links":{"self":[{"href":"https:\/\/www.rovinj-rovigno.hr\/it\/wp-json\/wp\/v2\/pages\/22723"}],"collection":[{"href":"https:\/\/www.rovinj-rovigno.hr\/it\/wp-json\/wp\/v2\/pages"}],"about":[{"href":"https:\/\/www.rovinj-rovigno.hr\/it\/wp-json\/wp\/v2\/types\/page"}],"author":[{"embeddable":true,"href":"https:\/\/www.rovinj-rovigno.hr\/it\/wp-json\/wp\/v2\/users\/2"}],"replies":[{"embeddable":true,"href":"https:\/\/www.rovinj-rovigno.hr\/it\/wp-json\/wp\/v2\/comments?post=22723"}],"version-history":[{"count":0,"href":"https:\/\/www.rovinj-rovigno.hr\/it\/wp-json\/wp\/v2\/pages\/22723\/revisions"}],"up":[{"embeddable":true,"href":"https:\/\/www.rovinj-rovigno.hr\/it\/wp-json\/wp\/v2\/pages\/25"}],"wp:featuredmedia":[{"embeddable":true,"href":"https:\/\/www.rovinj-rovigno.hr\/it\/wp-json\/wp\/v2\/media\/24368"}],"wp:attachment":[{"href":"https:\/\/www.rovinj-rovigno.hr\/it\/wp-json\/wp\/v2\/media?parent=22723"}],"curies":[{"name":"wp","href":"https:\/\/api.w.org\/{rel}","templated":true}]}}