{"id":221,"date":"2016-11-22T08:43:32","date_gmt":"2016-11-22T08:43:32","guid":{"rendered":"http:\/\/rovinjhr.lin53.host25.com\/?page_id=221"},"modified":"2017-01-03T17:32:49","modified_gmt":"2017-01-03T17:32:49","slug":"statisticki-podaci","status":"publish","type":"page","link":"https:\/\/www.rovinj-rovigno.hr\/it\/rovigno\/hrvatski-statisticki-podaci\/","title":{"rendered":"Dati statistici"},"content":{"rendered":"<p>La Citt\u00e0 di Rovinj-Rovigno copre la superficie di 77,71 km\u00b2, ossia il 2,76% della superficie totale della Regione Istriana.<br \/>\nIn base ai dati dell&#8217;Istituto statale di statistica nella Citt\u00e0 di Rovinj-Rovigno vivono 14.294 abitanti, la densit\u00e0 media della popolazione ammonta a 180,94 abitanti\/km\u00b2, il che supera di molto la media della Regione Istriana, dove ammonta a 73,4 abitanti\/km\u00b2, ossia della media statale che nel periodo preso in considerazione ammonta a 78,8 abitanti\/km\u00b2. \u00c8 molto importante la Comunit\u00e0 nazionale italiana autoctona che ha diritto alla rappresentanza e al bilinguismo.<\/p>\n<p>Nel territorio della citt\u00e0 esistono 8.963 unit\u00e0 abitative, di cui 6.829 appartamenti per l&#8217;abitazione permanente, mentre 1.280 sono abitati temporaneamente. La media di anzianit\u00e0 degli abitanti \u00e8 di 43 anni.<\/p>\n<p>La Citt\u00e0 di Rovinj-Rovigno fa parte della cosiddetta &#8220;Istria rossa&#8221; caratterizzata dalla fertile terra rossa e dalle pietre calcaree.\u00a0 Attorno alla citt\u00e0 troviamo 22 isolette la cui lunghezza della linea costiera insieme alla terraferma supera i 50 km, il che indica chiaramente la ricchezza d&#8217;insenatura della costa che \u00e8 in maggior parte adatta per la balneazione e lo svolgimento di varie attivit\u00e0 legate al mare.<\/p>\n<p>Il clima di Rovigno \u00e8 mediterraneo con le caratteristiche submediterranee. Le estati sono calde, serene e soleggiate, e gli inverni miti, nuvolosi e umidi. La temperatura media annuale \u00e8 di 13\u00b0C. Il sole splende mediamente 2.437 ore all&#8217;anno, ossia nell&#8217;anno ci sono 134 giorni di sole (Rovigno \u00e8 la 3a citt\u00e0 pi\u00f9 soleggiata nell&#8217;Adriatico, e la citt\u00e0 con il minor numero di giornate nuvolose nell&#8217;Adriatico.<\/p>\n<p>Le ricche risorse naturali, la posizione geografica del territorio e il clima mite\u00a0 sono la base per lo sviluppo quotidiano della citt\u00e0 di Rovigno. Proprio il mare e la costa insieme al verde e custodito entroterra fanno di Rovigno una citt\u00e0 dov&#8217;\u00e8 piacevole vivere e svolgere una serie di attivit\u00e0.<\/p>","protected":false},"excerpt":{"rendered":"<p>La Citt\u00e0 di Rovinj-Rovigno copre la superficie di 77,71 km\u00b2, ossia il 2,76% della superficie totale della Regione Istriana. In base ai dati dell&#8217;Istituto statale di statistica nella Citt\u00e0 di Rovinj-Rovigno vivono 14.294 abitanti, la densit\u00e0 media della popolazione ammonta a 180,94 abitanti\/km\u00b2, il che supera di molto la media della Regione Istriana, dove ammonta [&hellip;]<\/p>\n","protected":false},"author":2,"featured_media":0,"parent":14,"menu_order":63,"comment_status":"closed","ping_status":"closed","template":"","meta":[],"yoast_head":"<!-- This site is optimized with the Yoast SEO plugin v21.8.1 - https:\/\/yoast.com\/wordpress\/plugins\/seo\/ -->\n<title>Dati statistici - Citta di Rovinj-Rovigno<\/title>\n<meta name=\"robots\" content=\"index, follow, max-snippet:-1, max-image-preview:large, max-video-preview:-1\" \/>\n<link rel=\"canonical\" href=\"https:\/\/www.rovinj-rovigno.hr\/o-rovinju\/statisticki-podaci\/\" \/>\n<meta property=\"og:locale\" content=\"it_IT\" \/>\n<meta property=\"og:type\" content=\"article\" \/>\n<meta property=\"og:title\" content=\"Dati statistici - Citta di Rovinj-Rovigno\" \/>\n<meta property=\"og:description\" content=\"La Citt\u00e0 di Rovinj-Rovigno copre la superficie di 77,71 km\u00b2, ossia il 2,76% della superficie totale della Regione Istriana. In base ai dati dell&#8217;Istituto statale di statistica nella Citt\u00e0 di Rovinj-Rovigno vivono 14.294 abitanti, la densit\u00e0 media della popolazione ammonta a 180,94 abitanti\/km\u00b2, il che supera di molto la media della Regione Istriana, dove ammonta [&hellip;]\" \/>\n<meta property=\"og:url\" content=\"https:\/\/www.rovinj-rovigno.hr\/o-rovinju\/statisticki-podaci\/\" \/>\n<meta property=\"og:site_name\" content=\"Citta di Rovinj-Rovigno\" \/>\n<meta property=\"article:modified_time\" content=\"2017-01-03T17:32:49+00:00\" \/>\n<meta name=\"twitter:card\" content=\"summary_large_image\" \/>\n<meta name=\"twitter:label1\" content=\"Tempo di lettura stimato\" \/>\n\t<meta name=\"twitter:data1\" content=\"3 minuti\" \/>\n<script type=\"application\/ld+json\" class=\"yoast-schema-graph\">{\"@context\":\"https:\/\/schema.org\",\"@graph\":[{\"@type\":\"WebPage\",\"@id\":\"https:\/\/www.rovinj-rovigno.hr\/o-rovinju\/statisticki-podaci\/\",\"url\":\"https:\/\/www.rovinj-rovigno.hr\/o-rovinju\/statisticki-podaci\/\",\"name\":\"Dati statistici - Citta di Rovinj-Rovigno\",\"isPartOf\":{\"@id\":\"https:\/\/www.rovinj-rovigno.hr\/#website\"},\"datePublished\":\"2016-11-22T08:43:32+00:00\",\"dateModified\":\"2017-01-03T17:32:49+00:00\",\"breadcrumb\":{\"@id\":\"https:\/\/www.rovinj-rovigno.hr\/o-rovinju\/statisticki-podaci\/#breadcrumb\"},\"inLanguage\":\"it-IT\",\"potentialAction\":[{\"@type\":\"ReadAction\",\"target\":[\"https:\/\/www.rovinj-rovigno.hr\/o-rovinju\/statisticki-podaci\/\"]}]},{\"@type\":\"BreadcrumbList\",\"@id\":\"https:\/\/www.rovinj-rovigno.hr\/o-rovinju\/statisticki-podaci\/#breadcrumb\",\"itemListElement\":[{\"@type\":\"ListItem\",\"position\":1,\"name\":\"Po\u010detna stranica\",\"item\":\"https:\/\/www.rovinj-rovigno.hr\/\"},{\"@type\":\"ListItem\",\"position\":2,\"name\":\"O Rovinju\",\"item\":\"https:\/\/www.rovinj-rovigno.hr\/o-rovinju\/\"},{\"@type\":\"ListItem\",\"position\":3,\"name\":\"Statisti\u010dki podaci\"}]},{\"@type\":\"WebSite\",\"@id\":\"https:\/\/www.rovinj-rovigno.hr\/#website\",\"url\":\"https:\/\/www.rovinj-rovigno.hr\/\",\"name\":\"Citta di Rovinj-Rovigno\",\"description\":\"Sito ufficiale della Citta di Rovinj-Rovigno\",\"potentialAction\":[{\"@type\":\"SearchAction\",\"target\":{\"@type\":\"EntryPoint\",\"urlTemplate\":\"https:\/\/www.rovinj-rovigno.hr\/?s={search_term_string}\"},\"query-input\":\"required name=search_term_string\"}],\"inLanguage\":\"it-IT\"}]}<\/script>\n<!-- \/ Yoast SEO plugin. -->","yoast_head_json":{"title":"Dati statistici - Citta di Rovinj-Rovigno","robots":{"index":"index","follow":"follow","max-snippet":"max-snippet:-1","max-image-preview":"max-image-preview:large","max-video-preview":"max-video-preview:-1"},"canonical":"https:\/\/www.rovinj-rovigno.hr\/o-rovinju\/statisticki-podaci\/","og_locale":"it_IT","og_type":"article","og_title":"Dati statistici - Citta di Rovinj-Rovigno","og_description":"La Citt\u00e0 di Rovinj-Rovigno copre la superficie di 77,71 km\u00b2, ossia il 2,76% della superficie totale della Regione Istriana. In base ai dati dell&#8217;Istituto statale di statistica nella Citt\u00e0 di Rovinj-Rovigno vivono 14.294 abitanti, la densit\u00e0 media della popolazione ammonta a 180,94 abitanti\/km\u00b2, il che supera di molto la media della Regione Istriana, dove ammonta [&hellip;]","og_url":"https:\/\/www.rovinj-rovigno.hr\/o-rovinju\/statisticki-podaci\/","og_site_name":"Citta di Rovinj-Rovigno","article_modified_time":"2017-01-03T17:32:49+00:00","twitter_card":"summary_large_image","twitter_misc":{"Tempo di lettura stimato":"3 minuti"},"schema":{"@context":"https:\/\/schema.org","@graph":[{"@type":"WebPage","@id":"https:\/\/www.rovinj-rovigno.hr\/o-rovinju\/statisticki-podaci\/","url":"https:\/\/www.rovinj-rovigno.hr\/o-rovinju\/statisticki-podaci\/","name":"Dati statistici - Citta di Rovinj-Rovigno","isPartOf":{"@id":"https:\/\/www.rovinj-rovigno.hr\/#website"},"datePublished":"2016-11-22T08:43:32+00:00","dateModified":"2017-01-03T17:32:49+00:00","breadcrumb":{"@id":"https:\/\/www.rovinj-rovigno.hr\/o-rovinju\/statisticki-podaci\/#breadcrumb"},"inLanguage":"it-IT","potentialAction":[{"@type":"ReadAction","target":["https:\/\/www.rovinj-rovigno.hr\/o-rovinju\/statisticki-podaci\/"]}]},{"@type":"BreadcrumbList","@id":"https:\/\/www.rovinj-rovigno.hr\/o-rovinju\/statisticki-podaci\/#breadcrumb","itemListElement":[{"@type":"ListItem","position":1,"name":"Po\u010detna stranica","item":"https:\/\/www.rovinj-rovigno.hr\/"},{"@type":"ListItem","position":2,"name":"O Rovinju","item":"https:\/\/www.rovinj-rovigno.hr\/o-rovinju\/"},{"@type":"ListItem","position":3,"name":"Statisti\u010dki podaci"}]},{"@type":"WebSite","@id":"https:\/\/www.rovinj-rovigno.hr\/#website","url":"https:\/\/www.rovinj-rovigno.hr\/","name":"Citta di Rovinj-Rovigno","description":"Sito ufficiale della Citta di Rovinj-Rovigno","potentialAction":[{"@type":"SearchAction","target":{"@type":"EntryPoint","urlTemplate":"https:\/\/www.rovinj-rovigno.hr\/?s={search_term_string}"},"query-input":"required name=search_term_string"}],"inLanguage":"it-IT"}]}},"_links":{"self":[{"href":"https:\/\/www.rovinj-rovigno.hr\/it\/wp-json\/wp\/v2\/pages\/221"}],"collection":[{"href":"https:\/\/www.rovinj-rovigno.hr\/it\/wp-json\/wp\/v2\/pages"}],"about":[{"href":"https:\/\/www.rovinj-rovigno.hr\/it\/wp-json\/wp\/v2\/types\/page"}],"author":[{"embeddable":true,"href":"https:\/\/www.rovinj-rovigno.hr\/it\/wp-json\/wp\/v2\/users\/2"}],"replies":[{"embeddable":true,"href":"https:\/\/www.rovinj-rovigno.hr\/it\/wp-json\/wp\/v2\/comments?post=221"}],"version-history":[{"count":0,"href":"https:\/\/www.rovinj-rovigno.hr\/it\/wp-json\/wp\/v2\/pages\/221\/revisions"}],"up":[{"embeddable":true,"href":"https:\/\/www.rovinj-rovigno.hr\/it\/wp-json\/wp\/v2\/pages\/14"}],"wp:attachment":[{"href":"https:\/\/www.rovinj-rovigno.hr\/it\/wp-json\/wp\/v2\/media?parent=221"}],"curies":[{"name":"wp","href":"https:\/\/api.w.org\/{rel}","templated":true}]}}